{"id":1130,"date":"2019-11-12T11:05:33","date_gmt":"2019-11-12T10:05:33","guid":{"rendered":"https:\/\/weltlaeden.de\/reutlingen\/?page_id=1130"},"modified":"2019-12-27T23:31:42","modified_gmt":"2019-12-27T22:31:42","slug":"25-jahre-reutlinger-weltladen-1994-2019","status":"publish","type":"page","link":"https:\/\/weltlaeden.de\/reutlingen\/25-jahre-reutlinger-weltladen-1994-2019\/","title":{"rendered":"25 Jahre Reutlinger Weltladen"},"content":{"rendered":"<h1>25 Jahre Reutlinger Weltladen 1994 \u2013 2019<\/h1>\n<h1><img loading=\"lazy\" decoding=\"async\" class=\"size-medium wp-image-969 alignleft\" src=\"https:\/\/weltlaeden.de\/reutlingen\/wp-content\/uploads\/sites\/79\/2019\/10\/2019-09-21-Weltladen-Jubil\u00f1um-WKF_1187-300x200.jpg\" alt=\"\" width=\"300\" height=\"200\" srcset=\"https:\/\/weltlaeden.de\/reutlingen\/wp-content\/uploads\/sites\/79\/2019\/10\/2019-09-21-Weltladen-Jubil\u00f1um-WKF_1187-300x200.jpg 300w, https:\/\/weltlaeden.de\/reutlingen\/wp-content\/uploads\/sites\/79\/2019\/10\/2019-09-21-Weltladen-Jubil\u00f1um-WKF_1187-768x511.jpg 768w, https:\/\/weltlaeden.de\/reutlingen\/wp-content\/uploads\/sites\/79\/2019\/10\/2019-09-21-Weltladen-Jubil\u00f1um-WKF_1187.jpg 1024w\" sizes=\"auto, (max-width: 300px) 100vw, 300px\" \/><\/h1>\n<p>Am <strong>Samstag, 21. September 2019<\/strong>, haben wir gefeiert.<\/p>\n<p>Bei strahlendem Sonnenschein fanden sich am Vormittag zahlreiche G\u00e4ste zum Jubil\u00e4umfest vor dem Laden ein.<br \/>\nDer GEA berichtete:<br \/>\n&#8222;B\u00e4rbel Haug, Vorstandssprecherin des Eine Welt Vereins Reutlingen als Tr\u00e4ger, konnte auch eine Delegation aus Bouak\u00e9 sowie die Bundestagsmitglieder Jessica Tatti und Michael Donth begr\u00fc\u00dfen. F\u00fcr den musikalischen Rahmen sorgte das Trio \u00bbThe Melikas\u00ab von der Musikschule. &#8230;<\/p>\n<p>Mitglieder der ersten Stunde, Gisela Tews und Irmtraud Winterling, berichteten: &#8230; Man habe \u00bbanpacken\u00ab m\u00fcssen, doch das habe immer Spa\u00df gemacht.<br \/>\n\u00bbWir waren ein tolles Team und hatten auch schnell Stammg\u00e4ste\u00ab, so Winterling. &#8230;<br \/>\n2004 erfolgte der Umzug an den Weibermarkt, 2017 in die Rathausstra\u00dfe 10. Hier sorgen heute die hauptamtliche Leiterin Mechthild Ruf und 70 ehrenamtliche Mitglieder f\u00fcr die unterschiedlichsten Aufgaben wie Warennachschub, geregelte \u00d6ffnungszeiten, Deko, Werbung, Homepage und Haustechnik. Beifall gab es, als B\u00e4rbel Haug die stattliche Zahl von 200\u2005000 ehrenamtlichen Stunden seit 2004 nannte. &#8230;<br \/>\n\u00bbMich interessiert eine andere Art Hilfe als die Spende\u00ab, nannte Elvira Meloni-Gekeler den Grund f\u00fcr ihr Engagement. Aus einer zun\u00e4chst interessierten Kundin sei sie zu einer informierten Kundin und Mitarbeiterin geworden.&#8220;<br \/>\nWeiter zum kompletten <a href=\"https:\/\/www.gea.de\/reutlingen_artikel,-weltladen-reutlingen-fairer-umgang-mit-der-sch%C3%B6pfung-_arid,6168982.html\">GEA-Artikel<\/a> (kostenpflichtig)<\/p>\n<p>&nbsp;<\/p>\n<p><em>Weitere Programmpunkte waren:<\/em><\/p>\n<p><strong>Trommeln aus dem Senegal<\/strong> (Papis Dahaba, Abdu Sarr)<\/p>\n<p>Vorstellung des <strong>Projekts \u00bbGlobal Mamas\u00ab<\/strong> durch die beteiligten Frauen Patience Essibu und Barbara Tetteh aus Ghana sowie ihre Projektpartnerin in Deutschland,<br \/>\nGabi Ludwig: Frauen stellen Stoffe und Kleidung unter fairen Bedingungen her. Ihr Fazit: \u00bbEs bedeutet viel, Menschen eine Perspektive zu geben.\u00ab<\/p>\n\n\t\t\t<style type='text\/css'>\n\t\t\t\t#gallery-1 {\n\t\t\t\t\tmargin: auto;\n\t\t\t\t}\n\t\t\t\t#gallery-1 .gallery-item {\n\t\t\t\t\tfloat: left;\n\t\t\t\t\tmargin-top: 10px;\n\t\t\t\t\ttext-align: center;\n\t\t\t\t\twidth: 20%;\n\t\t\t\t}\n\t\t\t\t#gallery-1 img {\n\t\t\t\t\tborder: 2px solid #cfcfcf;\n\t\t\t\t}\n\t\t\t\t#gallery-1 .gallery-caption {\n\t\t\t\t\tmargin-left: 0;\n\t\t\t\t}\n\t\t\t\t\/* see gallery_shortcode() in wp-includes\/media.php *\/\n\t\t\t<\/style>\n\t\t<div id='gallery-1' class='dt-gallery-container gallery galleryid-1130 gallery-columns-5 gallery-size-thumbnail'><dl class='gallery-item'>\n\t\t\t\t<dt class='gallery-icon landscape'>\n\t\t\t\t\t<a class=\"rollover rollover-zoom dt-pswp-item\" title=\"2019-09-21-Weltladen-Jubil+\u00f1um-WKF_1651\" data-dt-img-description=\"\" data-large_image_width=\"1024\" data-large_image_height=\"681\"href='https:\/\/weltlaeden.de\/reutlingen\/wp-content\/uploads\/sites\/79\/2019\/10\/2019-09-21-Weltladen-Jubil\u00f1um-WKF_1651.jpg'><img loading=\"lazy\" decoding=\"async\" width=\"150\" height=\"150\" src=\"https:\/\/weltlaeden.de\/reutlingen\/wp-content\/uploads\/sites\/79\/2019\/10\/2019-09-21-Weltladen-Jubil\u00f1um-WKF_1651-150x150.jpg\" class=\"attachment-thumbnail size-thumbnail\" alt=\"\" \/><\/a>\n\t\t\t\t<\/dt><\/dl><dl class='gallery-item'>\n\t\t\t\t<dt class='gallery-icon landscape'>\n\t\t\t\t\t<a class=\"rollover rollover-zoom dt-pswp-item\" title=\"2019-09-21-Weltladen-Jubil+\u00f1um-WKF_1696\" data-dt-img-description=\"\" data-large_image_width=\"1024\" data-large_image_height=\"681\"href='https:\/\/weltlaeden.de\/reutlingen\/wp-content\/uploads\/sites\/79\/2019\/10\/2019-09-21-Weltladen-Jubil\u00f1um-WKF_1696.jpg'><img loading=\"lazy\" decoding=\"async\" width=\"150\" height=\"150\" src=\"https:\/\/weltlaeden.de\/reutlingen\/wp-content\/uploads\/sites\/79\/2019\/10\/2019-09-21-Weltladen-Jubil\u00f1um-WKF_1696-150x150.jpg\" class=\"attachment-thumbnail size-thumbnail\" alt=\"\" \/><\/a>\n\t\t\t\t<\/dt><\/dl><dl class='gallery-item'>\n\t\t\t\t<dt class='gallery-icon landscape'>\n\t\t\t\t\t<a class=\"rollover rollover-zoom dt-pswp-item\" title=\"2019-09-21-Weltladen-Jubil+\u00f1um-WKF_1740\" data-dt-img-description=\"\" data-large_image_width=\"1024\" data-large_image_height=\"681\"href='https:\/\/weltlaeden.de\/reutlingen\/wp-content\/uploads\/sites\/79\/2019\/10\/2019-09-21-Weltladen-Jubil\u00f1um-WKF_1740.jpg'><img loading=\"lazy\" decoding=\"async\" width=\"150\" height=\"150\" src=\"https:\/\/weltlaeden.de\/reutlingen\/wp-content\/uploads\/sites\/79\/2019\/10\/2019-09-21-Weltladen-Jubil\u00f1um-WKF_1740-150x150.jpg\" class=\"attachment-thumbnail size-thumbnail\" alt=\"\" \/><\/a>\n\t\t\t\t<\/dt><\/dl><dl class='gallery-item'>\n\t\t\t\t<dt class='gallery-icon landscape'>\n\t\t\t\t\t<a class=\"rollover rollover-zoom dt-pswp-item\" title=\"2019-09-21-Weltladen-Jubil+\u00f1um-WKF_1716\" data-dt-img-description=\"\" data-large_image_width=\"1024\" data-large_image_height=\"681\"href='https:\/\/weltlaeden.de\/reutlingen\/wp-content\/uploads\/sites\/79\/2019\/10\/2019-09-21-Weltladen-Jubil\u00f1um-WKF_1716-1.jpg'><img loading=\"lazy\" decoding=\"async\" width=\"150\" height=\"150\" src=\"https:\/\/weltlaeden.de\/reutlingen\/wp-content\/uploads\/sites\/79\/2019\/10\/2019-09-21-Weltladen-Jubil\u00f1um-WKF_1716-1-150x150.jpg\" class=\"attachment-thumbnail size-thumbnail\" alt=\"\" \/><\/a>\n\t\t\t\t<\/dt><\/dl><dl class='gallery-item'>\n\t\t\t\t<dt class='gallery-icon landscape'>\n\t\t\t\t\t<a class=\"rollover rollover-zoom dt-pswp-item\" title=\"2019-09-21-Weltladen-Jubil+\u00f1um-WKF_1721\" data-dt-img-description=\"\" data-large_image_width=\"1024\" data-large_image_height=\"681\"href='https:\/\/weltlaeden.de\/reutlingen\/wp-content\/uploads\/sites\/79\/2019\/10\/2019-09-21-Weltladen-Jubil\u00f1um-WKF_1721-1.jpg'><img loading=\"lazy\" decoding=\"async\" width=\"150\" height=\"150\" src=\"https:\/\/weltlaeden.de\/reutlingen\/wp-content\/uploads\/sites\/79\/2019\/10\/2019-09-21-Weltladen-Jubil\u00f1um-WKF_1721-1-150x150.jpg\" class=\"attachment-thumbnail size-thumbnail\" alt=\"\" \/><\/a>\n\t\t\t\t<\/dt><\/dl><br style=\"clear: both\" \/>\n\t\t\t<\/div>\n\n<p>&nbsp;<\/p>\n<p><strong>M\u00e4rchen aus aller Welt<\/strong><\/p>\n\n\t\t\t<style type='text\/css'>\n\t\t\t\t#gallery-2 {\n\t\t\t\t\tmargin: auto;\n\t\t\t\t}\n\t\t\t\t#gallery-2 .gallery-item {\n\t\t\t\t\tfloat: left;\n\t\t\t\t\tmargin-top: 10px;\n\t\t\t\t\ttext-align: center;\n\t\t\t\t\twidth: 20%;\n\t\t\t\t}\n\t\t\t\t#gallery-2 img {\n\t\t\t\t\tborder: 2px solid #cfcfcf;\n\t\t\t\t}\n\t\t\t\t#gallery-2 .gallery-caption {\n\t\t\t\t\tmargin-left: 0;\n\t\t\t\t}\n\t\t\t\t\/* see gallery_shortcode() in wp-includes\/media.php *\/\n\t\t\t<\/style>\n\t\t<div id='gallery-2' class='dt-gallery-container gallery galleryid-1130 gallery-columns-5 gallery-size-thumbnail'><dl class='gallery-item'>\n\t\t\t\t<dt class='gallery-icon landscape'>\n\t\t\t\t\t<a class=\"rollover rollover-zoom dt-pswp-item\" title=\"2019-09-21-Eckardt-WKF_1997\" data-dt-img-description=\"\" data-large_image_width=\"1024\" data-large_image_height=\"681\"href='https:\/\/weltlaeden.de\/reutlingen\/wp-content\/uploads\/sites\/79\/2019\/10\/2019-09-21-Eckardt-WKF_1997.jpg'><img loading=\"lazy\" decoding=\"async\" width=\"150\" height=\"150\" src=\"https:\/\/weltlaeden.de\/reutlingen\/wp-content\/uploads\/sites\/79\/2019\/10\/2019-09-21-Eckardt-WKF_1997-150x150.jpg\" class=\"attachment-thumbnail size-thumbnail\" alt=\"\" \/><\/a>\n\t\t\t\t<\/dt><\/dl><dl class='gallery-item'>\n\t\t\t\t<dt class='gallery-icon landscape'>\n\t\t\t\t\t<a class=\"rollover rollover-zoom dt-pswp-item\" title=\"2019-09-21-Eckardt-WKF_2008\" data-dt-img-description=\"\" data-large_image_width=\"1024\" data-large_image_height=\"681\"href='https:\/\/weltlaeden.de\/reutlingen\/wp-content\/uploads\/sites\/79\/2019\/10\/2019-09-21-Eckardt-WKF_2008.jpg'><img loading=\"lazy\" decoding=\"async\" width=\"150\" height=\"150\" src=\"https:\/\/weltlaeden.de\/reutlingen\/wp-content\/uploads\/sites\/79\/2019\/10\/2019-09-21-Eckardt-WKF_2008-150x150.jpg\" class=\"attachment-thumbnail size-thumbnail\" alt=\"\" \/><\/a>\n\t\t\t\t<\/dt><\/dl><dl class='gallery-item'>\n\t\t\t\t<dt class='gallery-icon landscape'>\n\t\t\t\t\t<a class=\"rollover rollover-zoom dt-pswp-item\" title=\"2019-09-21-Weltladen-Jubil+\u00f1um-WKF_1986\" data-dt-img-description=\"\" data-large_image_width=\"1024\" data-large_image_height=\"681\"href='https:\/\/weltlaeden.de\/reutlingen\/wp-content\/uploads\/sites\/79\/2019\/10\/2019-09-21-Weltladen-Jubil\u00f1um-WKF_1986.jpg'><img loading=\"lazy\" decoding=\"async\" width=\"150\" height=\"150\" src=\"https:\/\/weltlaeden.de\/reutlingen\/wp-content\/uploads\/sites\/79\/2019\/10\/2019-09-21-Weltladen-Jubil\u00f1um-WKF_1986-150x150.jpg\" class=\"attachment-thumbnail size-thumbnail\" alt=\"\" \/><\/a>\n\t\t\t\t<\/dt><\/dl><dl class='gallery-item'>\n\t\t\t\t<dt class='gallery-icon landscape'>\n\t\t\t\t\t<a class=\"rollover rollover-zoom dt-pswp-item\" title=\"2019-09-21-Eckardt-WKF_1950\" data-dt-img-description=\"\" data-large_image_width=\"1024\" data-large_image_height=\"681\"href='https:\/\/weltlaeden.de\/reutlingen\/wp-content\/uploads\/sites\/79\/2019\/10\/2019-09-21-Eckardt-WKF_1950-1.jpg'><img loading=\"lazy\" decoding=\"async\" width=\"150\" height=\"150\" src=\"https:\/\/weltlaeden.de\/reutlingen\/wp-content\/uploads\/sites\/79\/2019\/10\/2019-09-21-Eckardt-WKF_1950-1-150x150.jpg\" class=\"attachment-thumbnail size-thumbnail\" alt=\"\" \/><\/a>\n\t\t\t\t<\/dt><\/dl>\n\t\t\t\t<br style='clear: both' \/>\n\t\t\t<\/div>\n\n<p>&nbsp;<\/p>\n<p><strong>Internationale Musik<\/strong> im Rahmen der <em>Kulturnacht\u00a0<\/em><\/p>\n\n\t\t\t<style type='text\/css'>\n\t\t\t\t#gallery-3 {\n\t\t\t\t\tmargin: auto;\n\t\t\t\t}\n\t\t\t\t#gallery-3 .gallery-item {\n\t\t\t\t\tfloat: left;\n\t\t\t\t\tmargin-top: 10px;\n\t\t\t\t\ttext-align: center;\n\t\t\t\t\twidth: 20%;\n\t\t\t\t}\n\t\t\t\t#gallery-3 img {\n\t\t\t\t\tborder: 2px solid #cfcfcf;\n\t\t\t\t}\n\t\t\t\t#gallery-3 .gallery-caption {\n\t\t\t\t\tmargin-left: 0;\n\t\t\t\t}\n\t\t\t\t\/* see gallery_shortcode() in wp-includes\/media.php *\/\n\t\t\t<\/style>\n\t\t<div id='gallery-3' class='dt-gallery-container gallery galleryid-1130 gallery-columns-5 gallery-size-thumbnail'><dl class='gallery-item'>\n\t\t\t\t<dt class='gallery-icon landscape'>\n\t\t\t\t\t<a class=\"rollover rollover-zoom dt-pswp-item\" title=\"2019-09-21-Weltladen-Jubil+\u00f1um-WKF_2266\" data-dt-img-description=\"\" data-large_image_width=\"1024\" data-large_image_height=\"681\"href='https:\/\/weltlaeden.de\/reutlingen\/wp-content\/uploads\/sites\/79\/2019\/10\/2019-09-21-Weltladen-Jubil\u00f1um-WKF_2266.jpg'><img loading=\"lazy\" decoding=\"async\" width=\"150\" height=\"150\" src=\"https:\/\/weltlaeden.de\/reutlingen\/wp-content\/uploads\/sites\/79\/2019\/10\/2019-09-21-Weltladen-Jubil\u00f1um-WKF_2266-150x150.jpg\" class=\"attachment-thumbnail size-thumbnail\" alt=\"\" \/><\/a>\n\t\t\t\t<\/dt><\/dl><dl class='gallery-item'>\n\t\t\t\t<dt class='gallery-icon landscape'>\n\t\t\t\t\t<a class=\"rollover rollover-zoom dt-pswp-item\" title=\"2019-09-21-Weltladen-Jubil+\u00f1um-WKF_2260\" data-dt-img-description=\"\" data-large_image_width=\"1024\" data-large_image_height=\"681\"href='https:\/\/weltlaeden.de\/reutlingen\/wp-content\/uploads\/sites\/79\/2019\/10\/2019-09-21-Weltladen-Jubil\u00f1um-WKF_2260.jpg'><img loading=\"lazy\" decoding=\"async\" width=\"150\" height=\"150\" src=\"https:\/\/weltlaeden.de\/reutlingen\/wp-content\/uploads\/sites\/79\/2019\/10\/2019-09-21-Weltladen-Jubil\u00f1um-WKF_2260-150x150.jpg\" class=\"attachment-thumbnail size-thumbnail\" alt=\"\" \/><\/a>\n\t\t\t\t<\/dt><\/dl><dl class='gallery-item'>\n\t\t\t\t<dt class='gallery-icon landscape'>\n\t\t\t\t\t<a class=\"rollover rollover-zoom dt-pswp-item\" title=\"2019-09-21-Weltladen-Jubil+\u00f1um-WKF_2275\" data-dt-img-description=\"\" data-large_image_width=\"1024\" data-large_image_height=\"681\"href='https:\/\/weltlaeden.de\/reutlingen\/wp-content\/uploads\/sites\/79\/2019\/10\/2019-09-21-Weltladen-Jubil\u00f1um-WKF_2275.jpg'><img loading=\"lazy\" decoding=\"async\" width=\"150\" height=\"150\" src=\"https:\/\/weltlaeden.de\/reutlingen\/wp-content\/uploads\/sites\/79\/2019\/10\/2019-09-21-Weltladen-Jubil\u00f1um-WKF_2275-150x150.jpg\" class=\"attachment-thumbnail size-thumbnail\" alt=\"\" \/><\/a>\n\t\t\t\t<\/dt><\/dl>\n\t\t\t\t<br style='clear: both' \/>\n\t\t\t<\/div>\n\n<p>&nbsp;<\/p>\n<p>Hier kommen Sie zur <strong><a href=\"https:\/\/weltlaeden.de\/reutlingen\/?page_id=987\">Bildergalerie<\/a><\/strong> des Jubil\u00e4ums.<\/p>\n<p>Und das war unser <a href=\"https:\/\/weltlaeden.de\/reutlingen\/wp-content\/uploads\/sites\/79\/2019\/10\/Flyer-25-Jahre-DIN-lang-print-wmd.pdf\"><strong>Festprogramm<\/strong>.<\/a><\/p>\n","protected":false},"excerpt":{"rendered":"<p>25 Jahre Reutlinger Weltladen 1994 \u2013 2019 Am Samstag, 21. September 2019, haben wir gefeiert. Bei strahlendem Sonnenschein fanden sich am Vormittag zahlreiche G\u00e4ste zum Jubil\u00e4umfest vor dem Laden ein. Der GEA berichtete: &#8222;B\u00e4rbel Haug, Vorstandssprecherin des Eine Welt Vereins Reutlingen als Tr\u00e4ger, konnte auch eine Delegation aus Bouak\u00e9 sowie die Bundestagsmitglieder Jessica Tatti und&hellip;<\/p>\n","protected":false},"author":121,"featured_media":0,"parent":0,"menu_order":2,"comment_status":"closed","ping_status":"closed","template":"","meta":{"footnotes":""},"class_list":["post-1130","page","type-page","status-publish","hentry","description-off"],"yoast_head":"<!-- This site is optimized with the Yoast SEO plugin v26.8 - https:\/\/yoast.com\/product\/yoast-seo-wordpress\/ -->\n<title>25 Jahre Reutlinger Weltladen - Weltladen Reutlingen<\/title>\n<meta name=\"robots\" content=\"index, follow, max-snippet:-1, max-image-preview:large, max-video-preview:-1\" \/>\n<link rel=\"canonical\" href=\"https:\/\/weltlaeden.de\/reutlingen\/25-jahre-reutlinger-weltladen-1994-2019\/\" \/>\n<meta property=\"og:locale\" content=\"de_DE\" \/>\n<meta property=\"og:type\" content=\"article\" \/>\n<meta property=\"og:title\" content=\"25 Jahre Reutlinger Weltladen - Weltladen Reutlingen\" \/>\n<meta property=\"og:description\" content=\"25 Jahre Reutlinger Weltladen 1994 \u2013 2019 Am Samstag, 21. September 2019, haben wir gefeiert. Bei strahlendem Sonnenschein fanden sich am Vormittag zahlreiche G\u00e4ste zum Jubil\u00e4umfest vor dem Laden ein. Der GEA berichtete: &#8222;B\u00e4rbel Haug, Vorstandssprecherin des Eine Welt Vereins Reutlingen als Tr\u00e4ger, konnte auch eine Delegation aus Bouak\u00e9 sowie die Bundestagsmitglieder Jessica Tatti und&hellip;\" \/>\n<meta property=\"og:url\" content=\"https:\/\/weltlaeden.de\/reutlingen\/25-jahre-reutlinger-weltladen-1994-2019\/\" \/>\n<meta property=\"og:site_name\" content=\"Weltladen Reutlingen\" \/>\n<meta property=\"article:modified_time\" content=\"2019-12-27T22:31:42+00:00\" \/>\n<meta property=\"og:image\" content=\"https:\/\/weltlaeden.de\/reutlingen\/wp-content\/uploads\/sites\/79\/2019\/10\/2019-09-21-Weltladen-Jubil\u00f1um-WKF_1651-150x150.jpg\" \/>\n<meta name=\"twitter:card\" content=\"summary_large_image\" \/>\n<meta name=\"twitter:label1\" content=\"Gesch\u00e4tzte Lesezeit\" \/>\n\t<meta name=\"twitter:data1\" content=\"1\u00a0Minute\" \/>\n<script type=\"application\/ld+json\" class=\"yoast-schema-graph\">{\"@context\":\"https:\/\/schema.org\",\"@graph\":[{\"@type\":\"WebPage\",\"@id\":\"https:\/\/weltlaeden.de\/reutlingen\/25-jahre-reutlinger-weltladen-1994-2019\/\",\"url\":\"https:\/\/weltlaeden.de\/reutlingen\/25-jahre-reutlinger-weltladen-1994-2019\/\",\"name\":\"25 Jahre Reutlinger Weltladen - Weltladen Reutlingen\",\"isPartOf\":{\"@id\":\"https:\/\/weltlaeden.de\/reutlingen\/#website\"},\"datePublished\":\"2019-11-12T10:05:33+00:00\",\"dateModified\":\"2019-12-27T22:31:42+00:00\",\"breadcrumb\":{\"@id\":\"https:\/\/weltlaeden.de\/reutlingen\/25-jahre-reutlinger-weltladen-1994-2019\/#breadcrumb\"},\"inLanguage\":\"de\",\"potentialAction\":[{\"@type\":\"ReadAction\",\"target\":[\"https:\/\/weltlaeden.de\/reutlingen\/25-jahre-reutlinger-weltladen-1994-2019\/\"]}]},{\"@type\":\"BreadcrumbList\",\"@id\":\"https:\/\/weltlaeden.de\/reutlingen\/25-jahre-reutlinger-weltladen-1994-2019\/#breadcrumb\",\"itemListElement\":[{\"@type\":\"ListItem\",\"position\":1,\"name\":\"Startseite\",\"item\":\"https:\/\/weltlaeden.de\/reutlingen\/\"},{\"@type\":\"ListItem\",\"position\":2,\"name\":\"25 Jahre Reutlinger Weltladen\"}]},{\"@type\":\"WebSite\",\"@id\":\"https:\/\/weltlaeden.de\/reutlingen\/#website\",\"url\":\"https:\/\/weltlaeden.de\/reutlingen\/\",\"name\":\"Weltladen Reutlingen\",\"description\":\"Faire Produkte seit 1990\",\"potentialAction\":[{\"@type\":\"SearchAction\",\"target\":{\"@type\":\"EntryPoint\",\"urlTemplate\":\"https:\/\/weltlaeden.de\/reutlingen\/?s={search_term_string}\"},\"query-input\":{\"@type\":\"PropertyValueSpecification\",\"valueRequired\":true,\"valueName\":\"search_term_string\"}}],\"inLanguage\":\"de\"}]}<\/script>\n<!-- \/ Yoast SEO plugin. -->","yoast_head_json":{"title":"25 Jahre Reutlinger Weltladen - Weltladen Reutlingen","robots":{"index":"index","follow":"follow","max-snippet":"max-snippet:-1","max-image-preview":"max-image-preview:large","max-video-preview":"max-video-preview:-1"},"canonical":"https:\/\/weltlaeden.de\/reutlingen\/25-jahre-reutlinger-weltladen-1994-2019\/","og_locale":"de_DE","og_type":"article","og_title":"25 Jahre Reutlinger Weltladen - Weltladen Reutlingen","og_description":"25 Jahre Reutlinger Weltladen 1994 \u2013 2019 Am Samstag, 21. September 2019, haben wir gefeiert. Bei strahlendem Sonnenschein fanden sich am Vormittag zahlreiche G\u00e4ste zum Jubil\u00e4umfest vor dem Laden ein. Der GEA berichtete: &#8222;B\u00e4rbel Haug, Vorstandssprecherin des Eine Welt Vereins Reutlingen als Tr\u00e4ger, konnte auch eine Delegation aus Bouak\u00e9 sowie die Bundestagsmitglieder Jessica Tatti und&hellip;","og_url":"https:\/\/weltlaeden.de\/reutlingen\/25-jahre-reutlinger-weltladen-1994-2019\/","og_site_name":"Weltladen Reutlingen","article_modified_time":"2019-12-27T22:31:42+00:00","og_image":[{"url":"https:\/\/weltlaeden.de\/reutlingen\/wp-content\/uploads\/sites\/79\/2019\/10\/2019-09-21-Weltladen-Jubil\u00f1um-WKF_1651-150x150.jpg","type":"","width":"","height":""}],"twitter_card":"summary_large_image","twitter_misc":{"Gesch\u00e4tzte Lesezeit":"1\u00a0Minute"},"schema":{"@context":"https:\/\/schema.org","@graph":[{"@type":"WebPage","@id":"https:\/\/weltlaeden.de\/reutlingen\/25-jahre-reutlinger-weltladen-1994-2019\/","url":"https:\/\/weltlaeden.de\/reutlingen\/25-jahre-reutlinger-weltladen-1994-2019\/","name":"25 Jahre Reutlinger Weltladen - Weltladen Reutlingen","isPartOf":{"@id":"https:\/\/weltlaeden.de\/reutlingen\/#website"},"datePublished":"2019-11-12T10:05:33+00:00","dateModified":"2019-12-27T22:31:42+00:00","breadcrumb":{"@id":"https:\/\/weltlaeden.de\/reutlingen\/25-jahre-reutlinger-weltladen-1994-2019\/#breadcrumb"},"inLanguage":"de","potentialAction":[{"@type":"ReadAction","target":["https:\/\/weltlaeden.de\/reutlingen\/25-jahre-reutlinger-weltladen-1994-2019\/"]}]},{"@type":"BreadcrumbList","@id":"https:\/\/weltlaeden.de\/reutlingen\/25-jahre-reutlinger-weltladen-1994-2019\/#breadcrumb","itemListElement":[{"@type":"ListItem","position":1,"name":"Startseite","item":"https:\/\/weltlaeden.de\/reutlingen\/"},{"@type":"ListItem","position":2,"name":"25 Jahre Reutlinger Weltladen"}]},{"@type":"WebSite","@id":"https:\/\/weltlaeden.de\/reutlingen\/#website","url":"https:\/\/weltlaeden.de\/reutlingen\/","name":"Weltladen Reutlingen","description":"Faire Produkte seit 1990","potentialAction":[{"@type":"SearchAction","target":{"@type":"EntryPoint","urlTemplate":"https:\/\/weltlaeden.de\/reutlingen\/?s={search_term_string}"},"query-input":{"@type":"PropertyValueSpecification","valueRequired":true,"valueName":"search_term_string"}}],"inLanguage":"de"}]}},"_links":{"self":[{"href":"https:\/\/weltlaeden.de\/reutlingen\/wp-json\/wp\/v2\/pages\/1130","targetHints":{"allow":["GET"]}}],"collection":[{"href":"https:\/\/weltlaeden.de\/reutlingen\/wp-json\/wp\/v2\/pages"}],"about":[{"href":"https:\/\/weltlaeden.de\/reutlingen\/wp-json\/wp\/v2\/types\/page"}],"author":[{"embeddable":true,"href":"https:\/\/weltlaeden.de\/reutlingen\/wp-json\/wp\/v2\/users\/121"}],"replies":[{"embeddable":true,"href":"https:\/\/weltlaeden.de\/reutlingen\/wp-json\/wp\/v2\/comments?post=1130"}],"version-history":[{"count":12,"href":"https:\/\/weltlaeden.de\/reutlingen\/wp-json\/wp\/v2\/pages\/1130\/revisions"}],"predecessor-version":[{"id":1200,"href":"https:\/\/weltlaeden.de\/reutlingen\/wp-json\/wp\/v2\/pages\/1130\/revisions\/1200"}],"wp:attachment":[{"href":"https:\/\/weltlaeden.de\/reutlingen\/wp-json\/wp\/v2\/media?parent=1130"}],"curies":[{"name":"wp","href":"https:\/\/api.w.org\/{rel}","templated":true}]}}