{"id":454,"date":"2020-04-05T21:11:29","date_gmt":"2020-04-05T19:11:29","guid":{"rendered":"https:\/\/weltlaeden.de\/regenstauf\/?page_id=454"},"modified":"2025-01-23T21:20:34","modified_gmt":"2025-01-23T20:20:34","slug":"gewuerze","status":"publish","type":"page","link":"https:\/\/weltlaeden.de\/regenstauf\/gewuerze\/","title":{"rendered":"Gew\u00fcrze"},"content":{"rendered":"<div class=\"wpb-content-wrapper\"><p>[vc_row][vc_column width=&#8220;1\/2&#8243;][vc_custom_heading text=&#8220;Gew\u00fcrze&#8220;][vc_single_image image=&#8220;570&#8243; img_size=&#8220;medium&#8220; alignment=&#8220;center&#8220;][\/vc_column][vc_column width=&#8220;1\/2&#8243;][vc_column_text]Wir f\u00fchren eine Auswahl von Gew\u00fcrzen und Kr\u00e4utern.<\/p>\n<p>Ein Gro\u00dfteil davon wird biologisch angebaut. Alle werden in fair zertifizierten Betrieben produziert und\/oder verarbeitet.[\/vc_column_text][\/vc_column][\/vc_row][vc_row][vc_column][vc_column_text css=&#8220;&#8220;]<strong>Gew\u00fcrzsortiment:\u00a0 \u00a0 \u00a0 \u00a0 \u00a0 \u00a0 \u00a0 \u00a0 \u00a0 \u00a0 \u00a0 \u00a0 \u00a0 \u00a0 \u00a0 \u00a0 \u00a0 \u00a0 \u00a0 \u00a0 Preis:<\/strong><\/p>\n<table>\n<tbody>\n<tr>\n<td><strong>Anis ganz<\/strong><\/td>\n<td><strong>auf Anfrage<\/strong><\/td>\n<\/tr>\n<tr>\n<td><strong>Chili, kbA, gem.<\/strong><\/td>\n<td><strong>auf Anfrage<\/strong><\/td>\n<\/tr>\n<tr>\n<td><strong>Chilischoten ganz Bio<\/strong><\/td>\n<td><strong>auf Anfrage<\/strong><\/td>\n<\/tr>\n<tr>\n<td><strong>Curcuma\/Gelbwurz, gem. im Glas<\/strong><\/td>\n<td><strong>auf Anfrage<\/strong><\/td>\n<\/tr>\n<tr>\n<td><strong>Curry mild, gemahlen<\/strong><\/td>\n<td><strong>auf Anfrage<\/strong><\/td>\n<\/tr>\n<tr>\n<td><strong>Curry mittelscharf, gemahlen<\/strong><\/td>\n<td><strong>auf Anfrage<\/strong><\/td>\n<\/tr>\n<tr>\n<td><strong>Curry scharf, gemahlen<\/strong><\/td>\n<td><strong>auf Anfrage<\/strong><\/td>\n<\/tr>\n<tr>\n<td><strong>Garam Masala Gew\u00fcrzmischung<\/strong><\/td>\n<td><strong>auf Anfrage<\/strong><\/td>\n<\/tr>\n<tr>\n<td><strong>Gew\u00fcrz-Mix f. Gl\u00fchwein<\/strong><\/td>\n<td><strong>auf Anfrage<\/strong><\/td>\n<\/tr>\n<tr>\n<td><strong>Harissa Nachf\u00fcller<\/strong><\/td>\n<td><strong>auf Anfrage<\/strong><\/td>\n<\/tr>\n<tr>\n<td><strong>Ingwer, kbA, gem.<\/strong><\/td>\n<td><strong>auf Anfrage<\/strong><\/td>\n<\/tr>\n<tr>\n<td><strong>ital. Kr\u00e4uter im Beutel<\/strong><\/td>\n<td><strong>auf Anfrage<\/strong><\/td>\n<\/tr>\n<tr>\n<td><strong>Koriander<\/strong><\/td>\n<td><strong>auf Anfrage<\/strong><\/td>\n<\/tr>\n<tr>\n<td><strong>Kr\u00e4utersalz Klassik<\/strong><\/td>\n<td><strong>auf Anfrage<\/strong><\/td>\n<\/tr>\n<tr>\n<td><strong>Kreuzk\u00fcmmel gem.<\/strong><\/td>\n<td><strong>auf Anfrage<\/strong><\/td>\n<\/tr>\n<tr>\n<td><strong>Kreuzk\u00fcmmel ganz<\/strong><\/td>\n<td><strong>auf Anfrage<\/strong><\/td>\n<\/tr>\n<tr>\n<td><strong>K\u00fcmmel ganz<\/strong><\/td>\n<td><strong>auf Anfrage<\/strong><\/td>\n<\/tr>\n<tr>\n<td><strong>K\u00fcmmel gemahlen<\/strong><\/td>\n<td><strong>auf Anfrage<\/strong><\/td>\n<\/tr>\n<tr>\n<td><strong>Kurkuma<\/strong><\/td>\n<td><strong>auf Anfrage<\/strong><\/td>\n<\/tr>\n<tr>\n<td><strong>Schwarzk\u00fcmmel ganz<\/strong><\/td>\n<td><strong>auf Anfrage<\/strong><\/td>\n<\/tr>\n<tr>\n<td><strong>Chiliflocken<\/strong><\/td>\n<td><strong>auf Anfrage<\/strong><\/td>\n<\/tr>\n<tr>\n<td><strong>K\u00fcmmel gem.<\/strong><\/td>\n<td><strong>auf Anfrage<\/strong><\/td>\n<\/tr>\n<tr>\n<td><strong>Koriander Bio, gem. Nachf\u00fcller<\/strong><\/td>\n<td><strong>auf Anfrage<\/strong><\/td>\n<\/tr>\n<tr>\n<td><strong>Kr\u00e4uter der Provence<\/strong><\/td>\n<td><strong>auf Anfrage<\/strong><\/td>\n<\/tr>\n<tr>\n<td><strong>Kreuzk\u00fcmmel, ganz<\/strong><\/td>\n<td><strong>auf Anfrage<\/strong><\/td>\n<\/tr>\n<tr>\n<td><strong>K\u00fcmmel, ganz<\/strong><\/td>\n<td><strong>auf Anfrage<\/strong><\/td>\n<\/tr>\n<tr>\n<td><strong>Lorbeerbl\u00e4tter<\/strong><\/td>\n<td><strong>auf Anfrage<\/strong><\/td>\n<\/tr>\n<tr>\n<td><strong>Majoran<\/strong><\/td>\n<td><strong>auf Anfrage<\/strong><\/td>\n<\/tr>\n<tr>\n<td><strong>Muskatnu\u00df, ganz, 5 Stck<\/strong><\/td>\n<td><strong>auf Anfrage<\/strong><\/td>\n<\/tr>\n<tr>\n<td><strong>Nelken, kbA, ganz<\/strong><\/td>\n<td><strong>auf Anfrage<\/strong><\/td>\n<\/tr>\n<tr>\n<td><strong>Oregano<\/strong><\/td>\n<td><strong>auf Anfrage<\/strong><\/td>\n<\/tr>\n<tr>\n<td><strong>Paprika scharf<\/strong><\/td>\n<td><strong>auf Anfrage<\/strong><\/td>\n<\/tr>\n<tr>\n<td><strong>Paprika s\u00fc\u00df<\/strong><\/td>\n<td><strong>auf Anfrage<\/strong><\/td>\n<\/tr>\n<tr>\n<td><strong>Pfeffer schwarz, kbA, <\/strong><\/td>\n<td><strong>auf Anfrage<\/strong><\/td>\n<\/tr>\n<tr>\n<td><strong>Pfeffer weiss, kbA, <\/strong><\/td>\n<td><strong>auf Anfrage<\/strong><\/td>\n<\/tr>\n<tr>\n<td><strong>Pfefferk\u00f6rner schwarz, kbA, <\/strong><\/td>\n<td><strong>auf Anfrage<\/strong><\/td>\n<\/tr>\n<tr>\n<td><strong>Pfefferk\u00f6rner weiss, kbA, <\/strong><\/td>\n<td><strong>auf Anfrage<\/strong><\/td>\n<\/tr>\n<tr>\n<td><strong>Pfefferk\u00f6rner-Mix<\/strong><\/td>\n<td><strong>auf Anfrage<\/strong><\/td>\n<\/tr>\n<tr>\n<td><strong>Salatkr\u00e4utermischung<\/strong><\/td>\n<td><strong>auf Anfrage<\/strong><\/td>\n<\/tr>\n<tr>\n<td><strong>Sternanis<\/strong><\/td>\n<td><strong>auf Anfrage<\/strong><\/td>\n<\/tr>\n<tr>\n<td><strong>Thymian<\/strong><\/td>\n<td><strong>auf Anfrage<\/strong><\/td>\n<\/tr>\n<tr>\n<td><strong>Vanilleschote Bio im Glas<\/strong><\/td>\n<td><strong>auf Anfrage<\/strong><\/td>\n<\/tr>\n<tr>\n<td><strong>Wacholderbeeren<\/strong><\/td>\n<td><strong>auf Anfrage<\/strong><\/td>\n<\/tr>\n<tr>\n<td><strong>West Coast im Glas\/M\u00fchle<\/strong><\/td>\n<td><strong>auf Anfrage<\/strong><\/td>\n<\/tr>\n<tr>\n<td><strong>Za`atar arabische Gew\u00fcrzmischung E.P.<\/strong><\/td>\n<td><strong>auf Anfrage<\/strong><\/td>\n<\/tr>\n<tr>\n<td><strong>Za`atar arab. Gew\u00fcrzm. Nachf\u00fcller<\/strong><\/td>\n<td><strong>auf Anfrage<\/strong><\/td>\n<\/tr>\n<tr>\n<td><strong>Zimt Ceylon gemahlen<\/strong><\/td>\n<td><strong>auf Anfrage<\/strong><\/td>\n<\/tr>\n<tr>\n<td><strong>Zimt Ceylon gemahlen im Beutel<\/strong><\/td>\n<td><strong>auf Anfrage<\/strong><\/td>\n<\/tr>\n<tr>\n<td><strong>Zimtstangen, kbA, <\/strong><\/td>\n<td><strong>auf Anfrage<\/strong><\/td>\n<\/tr>\n<tr>\n<td><strong>Zitronenschale<\/strong><\/td>\n<td><strong>auf Anfrage<\/strong><\/td>\n<\/tr>\n<\/tbody>\n<\/table>\n<p>[\/vc_column_text][\/vc_column][\/vc_row]<\/p>\n<\/div>","protected":false},"excerpt":{"rendered":"<p>[vc_row][vc_column width=&#8220;1\/2&#8243;][vc_custom_heading text=&#8220;Gew\u00fcrze&#8220;][vc_single_image image=&#8220;570&#8243; img_size=&#8220;medium&#8220; alignment=&#8220;center&#8220;][\/vc_column][vc_column width=&#8220;1\/2&#8243;][vc_column_text]Wir f\u00fchren eine Auswahl von Gew\u00fcrzen und Kr\u00e4utern. Ein Gro\u00dfteil davon wird biologisch angebaut. Alle werden in fair zertifizierten Betrieben produziert und\/oder verarbeitet.[\/vc_column_text][\/vc_column][\/vc_row][vc_row][vc_column][vc_column_text css=&#8220;&#8220;]Gew\u00fcrzsortiment:\u00a0 \u00a0 \u00a0 \u00a0 \u00a0 \u00a0 \u00a0 \u00a0 \u00a0 \u00a0 \u00a0 \u00a0 \u00a0 \u00a0 \u00a0 \u00a0 \u00a0 \u00a0 \u00a0 \u00a0 Preis: Anis ganz auf Anfrage Chili,&hellip;<\/p>\n","protected":false},"author":14,"featured_media":570,"parent":0,"menu_order":5,"comment_status":"closed","ping_status":"closed","template":"","meta":{"footnotes":""},"class_list":["post-454","page","type-page","status-publish","has-post-thumbnail","hentry","description-off"],"yoast_head":"<!-- This site is optimized with the Yoast SEO plugin v26.8 - https:\/\/yoast.com\/product\/yoast-seo-wordpress\/ -->\n<title>Gew\u00fcrze - Weltladen Regenstauf<\/title>\n<meta name=\"description\" content=\"Fair gehandelte Gew\u00fcrze aus dem Weltladen Regenstauf\" \/>\n<meta name=\"robots\" content=\"index, follow, max-snippet:-1, max-image-preview:large, max-video-preview:-1\" \/>\n<link rel=\"canonical\" href=\"https:\/\/weltlaeden.de\/regenstauf\/gewuerze\/\" \/>\n<meta property=\"og:locale\" content=\"de_DE\" \/>\n<meta property=\"og:type\" content=\"article\" \/>\n<meta property=\"og:title\" content=\"Gew\u00fcrze - Weltladen Regenstauf\" \/>\n<meta property=\"og:description\" content=\"Fair gehandelte Gew\u00fcrze aus dem Weltladen Regenstauf\" \/>\n<meta property=\"og:url\" content=\"https:\/\/weltlaeden.de\/regenstauf\/gewuerze\/\" \/>\n<meta property=\"og:site_name\" content=\"Weltladen Regenstauf\" \/>\n<meta property=\"article:modified_time\" content=\"2025-01-23T20:20:34+00:00\" \/>\n<meta property=\"og:image\" content=\"https:\/\/weltlaeden.de\/regenstauf\/wp-content\/uploads\/sites\/119\/2020\/03\/Gew\u00fcrze_2-e1585684438296.jpg\" \/>\n\t<meta property=\"og:image:width\" content=\"400\" \/>\n\t<meta property=\"og:image:height\" content=\"600\" \/>\n\t<meta property=\"og:image:type\" content=\"image\/jpeg\" \/>\n<meta name=\"twitter:card\" content=\"summary_large_image\" \/>\n<meta name=\"twitter:label1\" content=\"Gesch\u00e4tzte Lesezeit\" \/>\n\t<meta name=\"twitter:data1\" content=\"2\u00a0Minuten\" \/>\n<script type=\"application\/ld+json\" class=\"yoast-schema-graph\">{\"@context\":\"https:\/\/schema.org\",\"@graph\":[{\"@type\":\"WebPage\",\"@id\":\"https:\/\/weltlaeden.de\/regenstauf\/gewuerze\/\",\"url\":\"https:\/\/weltlaeden.de\/regenstauf\/gewuerze\/\",\"name\":\"Gew\u00fcrze - Weltladen Regenstauf\",\"isPartOf\":{\"@id\":\"https:\/\/weltlaeden.de\/regenstauf\/#website\"},\"primaryImageOfPage\":{\"@id\":\"https:\/\/weltlaeden.de\/regenstauf\/gewuerze\/#primaryimage\"},\"image\":{\"@id\":\"https:\/\/weltlaeden.de\/regenstauf\/gewuerze\/#primaryimage\"},\"thumbnailUrl\":\"https:\/\/weltlaeden.de\/regenstauf\/wp-content\/uploads\/sites\/119\/2020\/03\/Gew\u00fcrze_2-e1585684438296.jpg\",\"datePublished\":\"2020-04-05T19:11:29+00:00\",\"dateModified\":\"2025-01-23T20:20:34+00:00\",\"description\":\"Fair gehandelte Gew\u00fcrze aus dem Weltladen Regenstauf\",\"breadcrumb\":{\"@id\":\"https:\/\/weltlaeden.de\/regenstauf\/gewuerze\/#breadcrumb\"},\"inLanguage\":\"de\",\"potentialAction\":[{\"@type\":\"ReadAction\",\"target\":[\"https:\/\/weltlaeden.de\/regenstauf\/gewuerze\/\"]}]},{\"@type\":\"ImageObject\",\"inLanguage\":\"de\",\"@id\":\"https:\/\/weltlaeden.de\/regenstauf\/gewuerze\/#primaryimage\",\"url\":\"https:\/\/weltlaeden.de\/regenstauf\/wp-content\/uploads\/sites\/119\/2020\/03\/Gew\u00fcrze_2-e1585684438296.jpg\",\"contentUrl\":\"https:\/\/weltlaeden.de\/regenstauf\/wp-content\/uploads\/sites\/119\/2020\/03\/Gew\u00fcrze_2-e1585684438296.jpg\",\"width\":400,\"height\":600},{\"@type\":\"BreadcrumbList\",\"@id\":\"https:\/\/weltlaeden.de\/regenstauf\/gewuerze\/#breadcrumb\",\"itemListElement\":[{\"@type\":\"ListItem\",\"position\":1,\"name\":\"Startseite\",\"item\":\"https:\/\/weltlaeden.de\/regenstauf\/\"},{\"@type\":\"ListItem\",\"position\":2,\"name\":\"Gew\u00fcrze\"}]},{\"@type\":\"WebSite\",\"@id\":\"https:\/\/weltlaeden.de\/regenstauf\/#website\",\"url\":\"https:\/\/weltlaeden.de\/regenstauf\/\",\"name\":\"Weltladen Regenstauf\",\"description\":\"Faire Produkte seit 1970\",\"potentialAction\":[{\"@type\":\"SearchAction\",\"target\":{\"@type\":\"EntryPoint\",\"urlTemplate\":\"https:\/\/weltlaeden.de\/regenstauf\/?s={search_term_string}\"},\"query-input\":{\"@type\":\"PropertyValueSpecification\",\"valueRequired\":true,\"valueName\":\"search_term_string\"}}],\"inLanguage\":\"de\"}]}<\/script>\n<!-- \/ Yoast SEO plugin. -->","yoast_head_json":{"title":"Gew\u00fcrze - Weltladen Regenstauf","description":"Fair gehandelte Gew\u00fcrze aus dem Weltladen Regenstauf","robots":{"index":"index","follow":"follow","max-snippet":"max-snippet:-1","max-image-preview":"max-image-preview:large","max-video-preview":"max-video-preview:-1"},"canonical":"https:\/\/weltlaeden.de\/regenstauf\/gewuerze\/","og_locale":"de_DE","og_type":"article","og_title":"Gew\u00fcrze - Weltladen Regenstauf","og_description":"Fair gehandelte Gew\u00fcrze aus dem Weltladen Regenstauf","og_url":"https:\/\/weltlaeden.de\/regenstauf\/gewuerze\/","og_site_name":"Weltladen Regenstauf","article_modified_time":"2025-01-23T20:20:34+00:00","og_image":[{"width":400,"height":600,"url":"https:\/\/weltlaeden.de\/regenstauf\/wp-content\/uploads\/sites\/119\/2020\/03\/Gew\u00fcrze_2-e1585684438296.jpg","type":"image\/jpeg"}],"twitter_card":"summary_large_image","twitter_misc":{"Gesch\u00e4tzte Lesezeit":"2\u00a0Minuten"},"schema":{"@context":"https:\/\/schema.org","@graph":[{"@type":"WebPage","@id":"https:\/\/weltlaeden.de\/regenstauf\/gewuerze\/","url":"https:\/\/weltlaeden.de\/regenstauf\/gewuerze\/","name":"Gew\u00fcrze - Weltladen Regenstauf","isPartOf":{"@id":"https:\/\/weltlaeden.de\/regenstauf\/#website"},"primaryImageOfPage":{"@id":"https:\/\/weltlaeden.de\/regenstauf\/gewuerze\/#primaryimage"},"image":{"@id":"https:\/\/weltlaeden.de\/regenstauf\/gewuerze\/#primaryimage"},"thumbnailUrl":"https:\/\/weltlaeden.de\/regenstauf\/wp-content\/uploads\/sites\/119\/2020\/03\/Gew\u00fcrze_2-e1585684438296.jpg","datePublished":"2020-04-05T19:11:29+00:00","dateModified":"2025-01-23T20:20:34+00:00","description":"Fair gehandelte Gew\u00fcrze aus dem Weltladen Regenstauf","breadcrumb":{"@id":"https:\/\/weltlaeden.de\/regenstauf\/gewuerze\/#breadcrumb"},"inLanguage":"de","potentialAction":[{"@type":"ReadAction","target":["https:\/\/weltlaeden.de\/regenstauf\/gewuerze\/"]}]},{"@type":"ImageObject","inLanguage":"de","@id":"https:\/\/weltlaeden.de\/regenstauf\/gewuerze\/#primaryimage","url":"https:\/\/weltlaeden.de\/regenstauf\/wp-content\/uploads\/sites\/119\/2020\/03\/Gew\u00fcrze_2-e1585684438296.jpg","contentUrl":"https:\/\/weltlaeden.de\/regenstauf\/wp-content\/uploads\/sites\/119\/2020\/03\/Gew\u00fcrze_2-e1585684438296.jpg","width":400,"height":600},{"@type":"BreadcrumbList","@id":"https:\/\/weltlaeden.de\/regenstauf\/gewuerze\/#breadcrumb","itemListElement":[{"@type":"ListItem","position":1,"name":"Startseite","item":"https:\/\/weltlaeden.de\/regenstauf\/"},{"@type":"ListItem","position":2,"name":"Gew\u00fcrze"}]},{"@type":"WebSite","@id":"https:\/\/weltlaeden.de\/regenstauf\/#website","url":"https:\/\/weltlaeden.de\/regenstauf\/","name":"Weltladen Regenstauf","description":"Faire Produkte seit 1970","potentialAction":[{"@type":"SearchAction","target":{"@type":"EntryPoint","urlTemplate":"https:\/\/weltlaeden.de\/regenstauf\/?s={search_term_string}"},"query-input":{"@type":"PropertyValueSpecification","valueRequired":true,"valueName":"search_term_string"}}],"inLanguage":"de"}]}},"_links":{"self":[{"href":"https:\/\/weltlaeden.de\/regenstauf\/wp-json\/wp\/v2\/pages\/454","targetHints":{"allow":["GET"]}}],"collection":[{"href":"https:\/\/weltlaeden.de\/regenstauf\/wp-json\/wp\/v2\/pages"}],"about":[{"href":"https:\/\/weltlaeden.de\/regenstauf\/wp-json\/wp\/v2\/types\/page"}],"author":[{"embeddable":true,"href":"https:\/\/weltlaeden.de\/regenstauf\/wp-json\/wp\/v2\/users\/14"}],"replies":[{"embeddable":true,"href":"https:\/\/weltlaeden.de\/regenstauf\/wp-json\/wp\/v2\/comments?post=454"}],"version-history":[{"count":10,"href":"https:\/\/weltlaeden.de\/regenstauf\/wp-json\/wp\/v2\/pages\/454\/revisions"}],"predecessor-version":[{"id":742,"href":"https:\/\/weltlaeden.de\/regenstauf\/wp-json\/wp\/v2\/pages\/454\/revisions\/742"}],"wp:featuredmedia":[{"embeddable":true,"href":"https:\/\/weltlaeden.de\/regenstauf\/wp-json\/wp\/v2\/media\/570"}],"wp:attachment":[{"href":"https:\/\/weltlaeden.de\/regenstauf\/wp-json\/wp\/v2\/media?parent=454"}],"curies":[{"name":"wp","href":"https:\/\/api.w.org\/{rel}","templated":true}]}}