{"id":219,"date":"2016-10-28T13:34:47","date_gmt":"2016-10-28T11:34:47","guid":{"rendered":"https:\/\/wl.heimpixel.de\/vorlage\/ueber-uns\/"},"modified":"2024-11-17T20:24:42","modified_gmt":"2024-11-17T19:24:42","slug":"www-weltlaeden-de-regenstauf","status":"publish","type":"page","link":"https:\/\/weltlaeden.de\/regenstauf\/www-weltlaeden-de-regenstauf\/","title":{"rendered":"\u00dcber uns"},"content":{"rendered":"<div class=\"wpb-content-wrapper\"><p>[vc_row][vc_column]<div class=\"wl_einzelbild\"><p><img loading=\"lazy\" decoding=\"async\" class=\"aligncenter size-full wp-image-448\" src=\"https:\/\/weltlaeden.de\/regenstauf\/wp-content\/uploads\/sites\/119\/2019\/04\/board-game-challenge-chess-209728_1200x519-e1555324787982.png\" alt=\"\" width=\"787\" height=\"340\" \/><\/p><\/div>[vc_empty_space][vc_column_text]<\/p>\n<h1>\u00dcber den Weltladen Regenstauf<\/h1>\n<p>[\/vc_column_text][vc_column_text]Seit 1983 werden in Regenstauf fair gehandelte Lebensmittel vertrieben. Angefangen hat alles mit einem Stand in der damaligen Pfarrb\u00fccherei. Schnell ist das Interesse so gestiegen, dass ein eigener Verkaufsraum, zuerst im alten Kindergarten und dann im alten Pfarrhof eingerichtet wurde. Aktuell befindet sich der Laden im Pfarrzentrum.[\/vc_column_text][\/vc_column][\/vc_row][vc_row][vc_column][vc_empty_space][vc_column_text]<\/p>\n<h1>Mitmachen im Weltladen Regenstauf<\/h1>\n<p>[\/vc_column_text][vc_column_text css=&#8220;&#8220;]<strong>Wir suchen<\/strong> Menschen, die Lust haben, sich ehrenamtlich f\u00fcr eine offene, transparente, \u00f6kologische und nachhaltige Form des Wirtschaftens zu engagieren. Ob im Verkauf, der Informations- oder Bildungsarbeit &#8211; die M\u00f6glichkeiten, in unserem Team mitzumachen sind vielf\u00e4ltig und lassen sich bestimmt auch in Deinen Alltag integrieren! Neben regelm\u00e4\u00dfigen Aufgaben gibt es bei uns auch immer wieder einzelne zeitlich befristete Projekte, f\u00fcr die wir Unterst\u00fctzer\/innen suchen. Viele Aufgaben erfordern keine speziellen Vorkenntnisse, sondern nur Deine Bereitschaft, Deine F\u00e4higkeiten einzubringen und eventuell in neuen Bereichen dazuzulernen.<\/p>\n<p><strong>Wir bieten<\/strong> ein nettes Team aus Engagierten mit vielf\u00e4ltigen M\u00f6glichkeiten, sich selbst einzubringen. Eine Gemeinschaft, die Dich herzlich aufnimmt, einarbeitet und bei Fragen zur Verf\u00fcgung steht.<\/p>\n<p><strong>Ansprechpartner\/in:<\/strong><\/p>\n<p>Uschi Danner, 09402\/9484383<\/p>\n<p>&nbsp;<\/p>\n<p><strong>Wir freuen uns auf Dich!<\/strong>[\/vc_column_text][\/vc_column][\/vc_row]<\/p>\n<\/div>","protected":false},"excerpt":{"rendered":"<p>[vc_row][vc_column][vc_empty_space][vc_column_text] \u00dcber den Weltladen Regenstauf [\/vc_column_text][vc_column_text]Seit 1983 werden in Regenstauf fair gehandelte Lebensmittel vertrieben. Angefangen hat alles mit einem Stand in der damaligen Pfarrb\u00fccherei. Schnell ist das Interesse so gestiegen, dass ein eigener Verkaufsraum, zuerst im alten Kindergarten und dann im alten Pfarrhof eingerichtet wurde. Aktuell befindet sich der Laden im Pfarrzentrum.[\/vc_column_text][\/vc_column][\/vc_row][vc_row][vc_column][vc_empty_space][vc_column_text] Mitmachen im Weltladen&hellip;<\/p>\n","protected":false},"author":1,"featured_media":0,"parent":0,"menu_order":6,"comment_status":"closed","ping_status":"closed","template":"","meta":{"footnotes":""},"class_list":["post-219","page","type-page","status-publish","hentry","description-off"],"yoast_head":"<!-- This site is optimized with the Yoast SEO plugin v26.8 - https:\/\/yoast.com\/product\/yoast-seo-wordpress\/ -->\n<title>\u00dcber uns - Weltladen Regenstauf<\/title>\n<meta name=\"description\" content=\"Seit 1983 werden in Regenstauf fair gehandelte Lebensmittel vertrieben. Angefangen hat alles mit einem Stand in der damaligen Pfarrb\u00fccherei. Schnell ist das Interesse so gestiegen, dass ein eigener Verkaufsraum, zuerst im alten Kindergarten und dann im alten Pfarrhof eingerichtet wurde. Aktuell befindet sich der Laden im Pfarrzentrum. %\" \/>\n<meta name=\"robots\" content=\"index, follow, max-snippet:-1, max-image-preview:large, max-video-preview:-1\" \/>\n<link rel=\"canonical\" href=\"https:\/\/weltlaeden.de\/regenstauf\/www-weltlaeden-de-regenstauf\/\" \/>\n<meta property=\"og:locale\" content=\"de_DE\" \/>\n<meta property=\"og:type\" content=\"article\" \/>\n<meta property=\"og:title\" content=\"\u00dcber uns - Weltladen Regenstauf\" \/>\n<meta property=\"og:description\" content=\"Seit 1983 werden in Regenstauf fair gehandelte Lebensmittel vertrieben. Angefangen hat alles mit einem Stand in der damaligen Pfarrb\u00fccherei. Schnell ist das Interesse so gestiegen, dass ein eigener Verkaufsraum, zuerst im alten Kindergarten und dann im alten Pfarrhof eingerichtet wurde. Aktuell befindet sich der Laden im Pfarrzentrum. %\" \/>\n<meta property=\"og:url\" content=\"https:\/\/weltlaeden.de\/regenstauf\/www-weltlaeden-de-regenstauf\/\" \/>\n<meta property=\"og:site_name\" content=\"Weltladen Regenstauf\" \/>\n<meta property=\"article:modified_time\" content=\"2024-11-17T19:24:42+00:00\" \/>\n<meta property=\"og:image\" content=\"https:\/\/weltlaeden.de\/regenstauf\/wp-content\/uploads\/sites\/119\/2019\/04\/board-game-challenge-chess-209728_1200x519-e1555324787982.png\" \/>\n\t<meta property=\"og:image:width\" content=\"787\" \/>\n\t<meta property=\"og:image:height\" content=\"340\" \/>\n\t<meta property=\"og:image:type\" content=\"image\/png\" \/>\n<meta name=\"twitter:card\" content=\"summary_large_image\" \/>\n<meta name=\"twitter:label1\" content=\"Gesch\u00e4tzte Lesezeit\" \/>\n\t<meta name=\"twitter:data1\" content=\"2\u00a0Minuten\" \/>\n<script type=\"application\/ld+json\" class=\"yoast-schema-graph\">{\"@context\":\"https:\/\/schema.org\",\"@graph\":[{\"@type\":\"WebPage\",\"@id\":\"https:\/\/weltlaeden.de\/regenstauf\/www-weltlaeden-de-regenstauf\/\",\"url\":\"https:\/\/weltlaeden.de\/regenstauf\/www-weltlaeden-de-regenstauf\/\",\"name\":\"\u00dcber uns - Weltladen Regenstauf\",\"isPartOf\":{\"@id\":\"https:\/\/weltlaeden.de\/regenstauf\/#website\"},\"primaryImageOfPage\":{\"@id\":\"https:\/\/weltlaeden.de\/regenstauf\/www-weltlaeden-de-regenstauf\/#primaryimage\"},\"image\":{\"@id\":\"https:\/\/weltlaeden.de\/regenstauf\/www-weltlaeden-de-regenstauf\/#primaryimage\"},\"thumbnailUrl\":\"https:\/\/weltlaeden.de\/regenstauf\/wp-content\/uploads\/sites\/119\/2019\/04\/board-game-challenge-chess-209728_1200x519-e1555324787982.png\",\"datePublished\":\"2016-10-28T11:34:47+00:00\",\"dateModified\":\"2024-11-17T19:24:42+00:00\",\"description\":\"Seit 1983 werden in Regenstauf fair gehandelte Lebensmittel vertrieben. Angefangen hat alles mit einem Stand in der damaligen Pfarrb\u00fccherei. Schnell ist das Interesse so gestiegen, dass ein eigener Verkaufsraum, zuerst im alten Kindergarten und dann im alten Pfarrhof eingerichtet wurde. Aktuell befindet sich der Laden im Pfarrzentrum. %\",\"breadcrumb\":{\"@id\":\"https:\/\/weltlaeden.de\/regenstauf\/www-weltlaeden-de-regenstauf\/#breadcrumb\"},\"inLanguage\":\"de\",\"potentialAction\":[{\"@type\":\"ReadAction\",\"target\":[\"https:\/\/weltlaeden.de\/regenstauf\/www-weltlaeden-de-regenstauf\/\"]}]},{\"@type\":\"ImageObject\",\"inLanguage\":\"de\",\"@id\":\"https:\/\/weltlaeden.de\/regenstauf\/www-weltlaeden-de-regenstauf\/#primaryimage\",\"url\":\"https:\/\/weltlaeden.de\/regenstauf\/wp-content\/uploads\/sites\/119\/2019\/04\/board-game-challenge-chess-209728_1200x519-e1555324787982.png\",\"contentUrl\":\"https:\/\/weltlaeden.de\/regenstauf\/wp-content\/uploads\/sites\/119\/2019\/04\/board-game-challenge-chess-209728_1200x519-e1555324787982.png\",\"width\":787,\"height\":340},{\"@type\":\"BreadcrumbList\",\"@id\":\"https:\/\/weltlaeden.de\/regenstauf\/www-weltlaeden-de-regenstauf\/#breadcrumb\",\"itemListElement\":[{\"@type\":\"ListItem\",\"position\":1,\"name\":\"Startseite\",\"item\":\"https:\/\/weltlaeden.de\/regenstauf\/\"},{\"@type\":\"ListItem\",\"position\":2,\"name\":\"\u00dcber uns\"}]},{\"@type\":\"WebSite\",\"@id\":\"https:\/\/weltlaeden.de\/regenstauf\/#website\",\"url\":\"https:\/\/weltlaeden.de\/regenstauf\/\",\"name\":\"Weltladen Regenstauf\",\"description\":\"Faire Produkte seit 1970\",\"potentialAction\":[{\"@type\":\"SearchAction\",\"target\":{\"@type\":\"EntryPoint\",\"urlTemplate\":\"https:\/\/weltlaeden.de\/regenstauf\/?s={search_term_string}\"},\"query-input\":{\"@type\":\"PropertyValueSpecification\",\"valueRequired\":true,\"valueName\":\"search_term_string\"}}],\"inLanguage\":\"de\"}]}<\/script>\n<!-- \/ Yoast SEO plugin. -->","yoast_head_json":{"title":"\u00dcber uns - Weltladen Regenstauf","description":"Seit 1983 werden in Regenstauf fair gehandelte Lebensmittel vertrieben. Angefangen hat alles mit einem Stand in der damaligen Pfarrb\u00fccherei. Schnell ist das Interesse so gestiegen, dass ein eigener Verkaufsraum, zuerst im alten Kindergarten und dann im alten Pfarrhof eingerichtet wurde. Aktuell befindet sich der Laden im Pfarrzentrum. %","robots":{"index":"index","follow":"follow","max-snippet":"max-snippet:-1","max-image-preview":"max-image-preview:large","max-video-preview":"max-video-preview:-1"},"canonical":"https:\/\/weltlaeden.de\/regenstauf\/www-weltlaeden-de-regenstauf\/","og_locale":"de_DE","og_type":"article","og_title":"\u00dcber uns - Weltladen Regenstauf","og_description":"Seit 1983 werden in Regenstauf fair gehandelte Lebensmittel vertrieben. Angefangen hat alles mit einem Stand in der damaligen Pfarrb\u00fccherei. Schnell ist das Interesse so gestiegen, dass ein eigener Verkaufsraum, zuerst im alten Kindergarten und dann im alten Pfarrhof eingerichtet wurde. Aktuell befindet sich der Laden im Pfarrzentrum. %","og_url":"https:\/\/weltlaeden.de\/regenstauf\/www-weltlaeden-de-regenstauf\/","og_site_name":"Weltladen Regenstauf","article_modified_time":"2024-11-17T19:24:42+00:00","og_image":[{"width":787,"height":340,"url":"https:\/\/weltlaeden.de\/regenstauf\/wp-content\/uploads\/sites\/119\/2019\/04\/board-game-challenge-chess-209728_1200x519-e1555324787982.png","type":"image\/png"}],"twitter_card":"summary_large_image","twitter_misc":{"Gesch\u00e4tzte Lesezeit":"2\u00a0Minuten"},"schema":{"@context":"https:\/\/schema.org","@graph":[{"@type":"WebPage","@id":"https:\/\/weltlaeden.de\/regenstauf\/www-weltlaeden-de-regenstauf\/","url":"https:\/\/weltlaeden.de\/regenstauf\/www-weltlaeden-de-regenstauf\/","name":"\u00dcber uns - Weltladen Regenstauf","isPartOf":{"@id":"https:\/\/weltlaeden.de\/regenstauf\/#website"},"primaryImageOfPage":{"@id":"https:\/\/weltlaeden.de\/regenstauf\/www-weltlaeden-de-regenstauf\/#primaryimage"},"image":{"@id":"https:\/\/weltlaeden.de\/regenstauf\/www-weltlaeden-de-regenstauf\/#primaryimage"},"thumbnailUrl":"https:\/\/weltlaeden.de\/regenstauf\/wp-content\/uploads\/sites\/119\/2019\/04\/board-game-challenge-chess-209728_1200x519-e1555324787982.png","datePublished":"2016-10-28T11:34:47+00:00","dateModified":"2024-11-17T19:24:42+00:00","description":"Seit 1983 werden in Regenstauf fair gehandelte Lebensmittel vertrieben. Angefangen hat alles mit einem Stand in der damaligen Pfarrb\u00fccherei. Schnell ist das Interesse so gestiegen, dass ein eigener Verkaufsraum, zuerst im alten Kindergarten und dann im alten Pfarrhof eingerichtet wurde. Aktuell befindet sich der Laden im Pfarrzentrum. %","breadcrumb":{"@id":"https:\/\/weltlaeden.de\/regenstauf\/www-weltlaeden-de-regenstauf\/#breadcrumb"},"inLanguage":"de","potentialAction":[{"@type":"ReadAction","target":["https:\/\/weltlaeden.de\/regenstauf\/www-weltlaeden-de-regenstauf\/"]}]},{"@type":"ImageObject","inLanguage":"de","@id":"https:\/\/weltlaeden.de\/regenstauf\/www-weltlaeden-de-regenstauf\/#primaryimage","url":"https:\/\/weltlaeden.de\/regenstauf\/wp-content\/uploads\/sites\/119\/2019\/04\/board-game-challenge-chess-209728_1200x519-e1555324787982.png","contentUrl":"https:\/\/weltlaeden.de\/regenstauf\/wp-content\/uploads\/sites\/119\/2019\/04\/board-game-challenge-chess-209728_1200x519-e1555324787982.png","width":787,"height":340},{"@type":"BreadcrumbList","@id":"https:\/\/weltlaeden.de\/regenstauf\/www-weltlaeden-de-regenstauf\/#breadcrumb","itemListElement":[{"@type":"ListItem","position":1,"name":"Startseite","item":"https:\/\/weltlaeden.de\/regenstauf\/"},{"@type":"ListItem","position":2,"name":"\u00dcber uns"}]},{"@type":"WebSite","@id":"https:\/\/weltlaeden.de\/regenstauf\/#website","url":"https:\/\/weltlaeden.de\/regenstauf\/","name":"Weltladen Regenstauf","description":"Faire Produkte seit 1970","potentialAction":[{"@type":"SearchAction","target":{"@type":"EntryPoint","urlTemplate":"https:\/\/weltlaeden.de\/regenstauf\/?s={search_term_string}"},"query-input":{"@type":"PropertyValueSpecification","valueRequired":true,"valueName":"search_term_string"}}],"inLanguage":"de"}]}},"_links":{"self":[{"href":"https:\/\/weltlaeden.de\/regenstauf\/wp-json\/wp\/v2\/pages\/219","targetHints":{"allow":["GET"]}}],"collection":[{"href":"https:\/\/weltlaeden.de\/regenstauf\/wp-json\/wp\/v2\/pages"}],"about":[{"href":"https:\/\/weltlaeden.de\/regenstauf\/wp-json\/wp\/v2\/types\/page"}],"author":[{"embeddable":true,"href":"https:\/\/weltlaeden.de\/regenstauf\/wp-json\/wp\/v2\/users\/1"}],"replies":[{"embeddable":true,"href":"https:\/\/weltlaeden.de\/regenstauf\/wp-json\/wp\/v2\/comments?post=219"}],"version-history":[{"count":10,"href":"https:\/\/weltlaeden.de\/regenstauf\/wp-json\/wp\/v2\/pages\/219\/revisions"}],"predecessor-version":[{"id":733,"href":"https:\/\/weltlaeden.de\/regenstauf\/wp-json\/wp\/v2\/pages\/219\/revisions\/733"}],"wp:attachment":[{"href":"https:\/\/weltlaeden.de\/regenstauf\/wp-json\/wp\/v2\/media?parent=219"}],"curies":[{"name":"wp","href":"https:\/\/api.w.org\/{rel}","templated":true}]}}