{"id":217,"date":"2016-10-28T13:34:47","date_gmt":"2016-10-28T11:34:47","guid":{"rendered":"https:\/\/wl.heimpixel.de\/vorlage\/produkte\/"},"modified":"2020-04-22T21:57:44","modified_gmt":"2020-04-22T19:57:44","slug":"produkte","status":"publish","type":"page","link":"https:\/\/weltlaeden.de\/regenstauf\/produkte\/","title":{"rendered":"Produkte"},"content":{"rendered":"<div class=\"wpb-content-wrapper\"><p>[vc_row][vc_column]<div class=\"wl_einzelbild\"><p><\/p><\/div>[vc_empty_space][vc_column_text]<\/p>\n<h1>Unser Sortiment<\/h1>\n<p>[\/vc_column_text][vc_column_text]Wir f\u00fchren Kaffee, Tee, Kakao, Schokolade, S\u00fc\u00dfigkeiten, Reis, H\u00fclsenfr\u00fcchte, Gew\u00fcrze und Wein aus fairem Handel. Unsere Lieferanten sind haupts\u00e4chlich die gro\u00dfen Fair-Handels-Gesellschaften wie El Puente, Gepa, Weltpartner,&#8230;.<\/p>\n<p>Au\u00dferdem bieten wir ein kleines Sortiment an Kunsthandwerk an.<\/p>\n<p>Auf Wunsch besorgen wir aber gerne Artikel aus den aktuellen Katalogen, die bei uns aufliegen[\/vc_column_text][vc_empty_space][vc_row_inner][vc_column_inner width=&#8220;1\/2&#8243;][vc_column_text]<\/p>\n<h2>Lebensmittel<\/h2>\n<p>[\/vc_column_text]<div class=\"wl_einzelbild\"><p><img loading=\"lazy\" decoding=\"async\" class=\"aligncenter size-full wp-image-nsm-3-26\" src=\"https:\/\/weltlaeden.de\/regenstauf\/wp-content\/uploads\/sites\/3\/2018\/05\/Lebensmittel_WL-Bornheim-Christian-Schilling.jpg\" alt=\"\" width=\"600\" height=\"402\" \/><\/p>\n<ul style=\"list-style-type: circle\">\n<li>Hier geht&#8217;s zum <a href=\"https:\/\/weltlaeden.de\/regenstauf\/kaffee\/\">Kaffee<\/a><\/li>\n<li>Faire <a href=\"https:\/\/weltlaeden.de\/regenstauf\/Lebensmittel\">Lebensmittel<\/a><\/li>\n<li>Leckere <a href=\"https:\/\/weltlaeden.de\/regenstauf\/gewuerze\/\">Gew\u00fcrze<\/a><\/li>\n<\/ul>\n<p><\/p><\/div>[vc_column_text][\/vc_column_text][\/vc_column_inner][vc_column_inner width=&#8220;1\/2&#8243;][vc_column_text]<\/p>\n<h2>Kunsthandwerk &amp; Textilien<\/h2>\n<p>[\/vc_column_text]<div class=\"wl_einzelbild\"><p><img loading=\"lazy\" decoding=\"async\" class=\"alignnone wp-image-541\" src=\"https:\/\/weltlaeden.de\/regenstauf\/wp-content\/uploads\/sites\/119\/2020\/02\/03_20200211_100316-e1581428428939-138x300.jpg\" alt=\"\" width=\"204\" height=\"443\" srcset=\"https:\/\/weltlaeden.de\/regenstauf\/wp-content\/uploads\/sites\/119\/2020\/02\/03_20200211_100316-e1581428428939-138x300.jpg 138w, https:\/\/weltlaeden.de\/regenstauf\/wp-content\/uploads\/sites\/119\/2020\/02\/03_20200211_100316-e1581428428939-472x1024.jpg 472w, https:\/\/weltlaeden.de\/regenstauf\/wp-content\/uploads\/sites\/119\/2020\/02\/03_20200211_100316-e1581428428939.jpg 594w\" sizes=\"auto, (max-width: 204px) 100vw, 204px\" \/><\/p><\/div>[vc_column_text][\/vc_column_text][\/vc_column_inner][\/vc_row_inner][\/vc_column][\/vc_row]<\/p>\n<\/div>","protected":false},"excerpt":{"rendered":"<p>[vc_row][vc_column][vc_empty_space][vc_column_text] Unser Sortiment [\/vc_column_text][vc_column_text]Wir f\u00fchren Kaffee, Tee, Kakao, Schokolade, S\u00fc\u00dfigkeiten, Reis, H\u00fclsenfr\u00fcchte, Gew\u00fcrze und Wein aus fairem Handel. Unsere Lieferanten sind haupts\u00e4chlich die gro\u00dfen Fair-Handels-Gesellschaften wie El Puente, Gepa, Weltpartner,&#8230;. Au\u00dferdem bieten wir ein kleines Sortiment an Kunsthandwerk an. Auf Wunsch besorgen wir aber gerne Artikel aus den aktuellen Katalogen, die bei uns aufliegen[\/vc_column_text][vc_empty_space][vc_row_inner][vc_column_inner width=&#8220;1\/2&#8243;][vc_column_text]&hellip;<\/p>\n","protected":false},"author":1,"featured_media":0,"parent":0,"menu_order":4,"comment_status":"closed","ping_status":"closed","template":"","meta":{"footnotes":""},"class_list":["post-217","page","type-page","status-publish","hentry","description-off"],"yoast_head":"<!-- This site is optimized with the Yoast SEO plugin v26.8 - https:\/\/yoast.com\/product\/yoast-seo-wordpress\/ -->\n<title>Produkte - Weltladen Regenstauf<\/title>\n<meta name=\"robots\" content=\"index, follow, max-snippet:-1, max-image-preview:large, max-video-preview:-1\" \/>\n<link rel=\"canonical\" href=\"https:\/\/weltlaeden.de\/regenstauf\/produkte\/\" \/>\n<meta property=\"og:locale\" content=\"de_DE\" \/>\n<meta property=\"og:type\" content=\"article\" \/>\n<meta property=\"og:title\" content=\"Produkte - Weltladen Regenstauf\" \/>\n<meta property=\"og:description\" content=\"[vc_row][vc_column][vc_empty_space][vc_column_text] Unser Sortiment [\/vc_column_text][vc_column_text]Wir f\u00fchren Kaffee, Tee, Kakao, Schokolade, S\u00fc\u00dfigkeiten, Reis, H\u00fclsenfr\u00fcchte, Gew\u00fcrze und Wein aus fairem Handel. Unsere Lieferanten sind haupts\u00e4chlich die gro\u00dfen Fair-Handels-Gesellschaften wie El Puente, Gepa, Weltpartner,&#8230;. Au\u00dferdem bieten wir ein kleines Sortiment an Kunsthandwerk an. Auf Wunsch besorgen wir aber gerne Artikel aus den aktuellen Katalogen, die bei uns aufliegen[\/vc_column_text][vc_empty_space][vc_row_inner][vc_column_inner width=&#8220;1\/2&#8243;][vc_column_text]&hellip;\" \/>\n<meta property=\"og:url\" content=\"https:\/\/weltlaeden.de\/regenstauf\/produkte\/\" \/>\n<meta property=\"og:site_name\" content=\"Weltladen Regenstauf\" \/>\n<meta property=\"article:modified_time\" content=\"2020-04-22T19:57:44+00:00\" \/>\n<meta property=\"og:image\" content=\"https:\/\/weltlaeden.de\/regenstauf\/wp-content\/uploads\/sites\/3\/2018\/05\/Lebensmittel_WL-Bornheim-Christian-Schilling.jpg\" \/>\n<meta name=\"twitter:card\" content=\"summary_large_image\" \/>\n<meta name=\"twitter:label1\" content=\"Gesch\u00e4tzte Lesezeit\" \/>\n\t<meta name=\"twitter:data1\" content=\"1\u00a0Minute\" \/>\n<script type=\"application\/ld+json\" class=\"yoast-schema-graph\">{\"@context\":\"https:\/\/schema.org\",\"@graph\":[{\"@type\":\"WebPage\",\"@id\":\"https:\/\/weltlaeden.de\/regenstauf\/produkte\/\",\"url\":\"https:\/\/weltlaeden.de\/regenstauf\/produkte\/\",\"name\":\"Produkte - Weltladen Regenstauf\",\"isPartOf\":{\"@id\":\"https:\/\/weltlaeden.de\/regenstauf\/#website\"},\"primaryImageOfPage\":{\"@id\":\"https:\/\/weltlaeden.de\/regenstauf\/produkte\/#primaryimage\"},\"image\":{\"@id\":\"https:\/\/weltlaeden.de\/regenstauf\/produkte\/#primaryimage\"},\"thumbnailUrl\":\"https:\/\/weltlaeden.de\/regenstauf\/wp-content\/uploads\/sites\/3\/2018\/05\/Lebensmittel_WL-Bornheim-Christian-Schilling.jpg\",\"datePublished\":\"2016-10-28T11:34:47+00:00\",\"dateModified\":\"2020-04-22T19:57:44+00:00\",\"breadcrumb\":{\"@id\":\"https:\/\/weltlaeden.de\/regenstauf\/produkte\/#breadcrumb\"},\"inLanguage\":\"de\",\"potentialAction\":[{\"@type\":\"ReadAction\",\"target\":[\"https:\/\/weltlaeden.de\/regenstauf\/produkte\/\"]}]},{\"@type\":\"ImageObject\",\"inLanguage\":\"de\",\"@id\":\"https:\/\/weltlaeden.de\/regenstauf\/produkte\/#primaryimage\",\"url\":\"https:\/\/weltlaeden.de\/regenstauf\/wp-content\/uploads\/sites\/3\/2018\/05\/Lebensmittel_WL-Bornheim-Christian-Schilling.jpg\",\"contentUrl\":\"https:\/\/weltlaeden.de\/regenstauf\/wp-content\/uploads\/sites\/3\/2018\/05\/Lebensmittel_WL-Bornheim-Christian-Schilling.jpg\"},{\"@type\":\"BreadcrumbList\",\"@id\":\"https:\/\/weltlaeden.de\/regenstauf\/produkte\/#breadcrumb\",\"itemListElement\":[{\"@type\":\"ListItem\",\"position\":1,\"name\":\"Startseite\",\"item\":\"https:\/\/weltlaeden.de\/regenstauf\/\"},{\"@type\":\"ListItem\",\"position\":2,\"name\":\"Produkte\"}]},{\"@type\":\"WebSite\",\"@id\":\"https:\/\/weltlaeden.de\/regenstauf\/#website\",\"url\":\"https:\/\/weltlaeden.de\/regenstauf\/\",\"name\":\"Weltladen Regenstauf\",\"description\":\"Faire Produkte seit 1970\",\"potentialAction\":[{\"@type\":\"SearchAction\",\"target\":{\"@type\":\"EntryPoint\",\"urlTemplate\":\"https:\/\/weltlaeden.de\/regenstauf\/?s={search_term_string}\"},\"query-input\":{\"@type\":\"PropertyValueSpecification\",\"valueRequired\":true,\"valueName\":\"search_term_string\"}}],\"inLanguage\":\"de\"}]}<\/script>\n<!-- \/ Yoast SEO plugin. -->","yoast_head_json":{"title":"Produkte - Weltladen Regenstauf","robots":{"index":"index","follow":"follow","max-snippet":"max-snippet:-1","max-image-preview":"max-image-preview:large","max-video-preview":"max-video-preview:-1"},"canonical":"https:\/\/weltlaeden.de\/regenstauf\/produkte\/","og_locale":"de_DE","og_type":"article","og_title":"Produkte - Weltladen Regenstauf","og_description":"[vc_row][vc_column][vc_empty_space][vc_column_text] Unser Sortiment [\/vc_column_text][vc_column_text]Wir f\u00fchren Kaffee, Tee, Kakao, Schokolade, S\u00fc\u00dfigkeiten, Reis, H\u00fclsenfr\u00fcchte, Gew\u00fcrze und Wein aus fairem Handel. Unsere Lieferanten sind haupts\u00e4chlich die gro\u00dfen Fair-Handels-Gesellschaften wie El Puente, Gepa, Weltpartner,&#8230;. Au\u00dferdem bieten wir ein kleines Sortiment an Kunsthandwerk an. Auf Wunsch besorgen wir aber gerne Artikel aus den aktuellen Katalogen, die bei uns aufliegen[\/vc_column_text][vc_empty_space][vc_row_inner][vc_column_inner width=&#8220;1\/2&#8243;][vc_column_text]&hellip;","og_url":"https:\/\/weltlaeden.de\/regenstauf\/produkte\/","og_site_name":"Weltladen Regenstauf","article_modified_time":"2020-04-22T19:57:44+00:00","og_image":[{"url":"https:\/\/weltlaeden.de\/regenstauf\/wp-content\/uploads\/sites\/3\/2018\/05\/Lebensmittel_WL-Bornheim-Christian-Schilling.jpg","type":"","width":"","height":""}],"twitter_card":"summary_large_image","twitter_misc":{"Gesch\u00e4tzte Lesezeit":"1\u00a0Minute"},"schema":{"@context":"https:\/\/schema.org","@graph":[{"@type":"WebPage","@id":"https:\/\/weltlaeden.de\/regenstauf\/produkte\/","url":"https:\/\/weltlaeden.de\/regenstauf\/produkte\/","name":"Produkte - Weltladen Regenstauf","isPartOf":{"@id":"https:\/\/weltlaeden.de\/regenstauf\/#website"},"primaryImageOfPage":{"@id":"https:\/\/weltlaeden.de\/regenstauf\/produkte\/#primaryimage"},"image":{"@id":"https:\/\/weltlaeden.de\/regenstauf\/produkte\/#primaryimage"},"thumbnailUrl":"https:\/\/weltlaeden.de\/regenstauf\/wp-content\/uploads\/sites\/3\/2018\/05\/Lebensmittel_WL-Bornheim-Christian-Schilling.jpg","datePublished":"2016-10-28T11:34:47+00:00","dateModified":"2020-04-22T19:57:44+00:00","breadcrumb":{"@id":"https:\/\/weltlaeden.de\/regenstauf\/produkte\/#breadcrumb"},"inLanguage":"de","potentialAction":[{"@type":"ReadAction","target":["https:\/\/weltlaeden.de\/regenstauf\/produkte\/"]}]},{"@type":"ImageObject","inLanguage":"de","@id":"https:\/\/weltlaeden.de\/regenstauf\/produkte\/#primaryimage","url":"https:\/\/weltlaeden.de\/regenstauf\/wp-content\/uploads\/sites\/3\/2018\/05\/Lebensmittel_WL-Bornheim-Christian-Schilling.jpg","contentUrl":"https:\/\/weltlaeden.de\/regenstauf\/wp-content\/uploads\/sites\/3\/2018\/05\/Lebensmittel_WL-Bornheim-Christian-Schilling.jpg"},{"@type":"BreadcrumbList","@id":"https:\/\/weltlaeden.de\/regenstauf\/produkte\/#breadcrumb","itemListElement":[{"@type":"ListItem","position":1,"name":"Startseite","item":"https:\/\/weltlaeden.de\/regenstauf\/"},{"@type":"ListItem","position":2,"name":"Produkte"}]},{"@type":"WebSite","@id":"https:\/\/weltlaeden.de\/regenstauf\/#website","url":"https:\/\/weltlaeden.de\/regenstauf\/","name":"Weltladen Regenstauf","description":"Faire Produkte seit 1970","potentialAction":[{"@type":"SearchAction","target":{"@type":"EntryPoint","urlTemplate":"https:\/\/weltlaeden.de\/regenstauf\/?s={search_term_string}"},"query-input":{"@type":"PropertyValueSpecification","valueRequired":true,"valueName":"search_term_string"}}],"inLanguage":"de"}]}},"_links":{"self":[{"href":"https:\/\/weltlaeden.de\/regenstauf\/wp-json\/wp\/v2\/pages\/217","targetHints":{"allow":["GET"]}}],"collection":[{"href":"https:\/\/weltlaeden.de\/regenstauf\/wp-json\/wp\/v2\/pages"}],"about":[{"href":"https:\/\/weltlaeden.de\/regenstauf\/wp-json\/wp\/v2\/types\/page"}],"author":[{"embeddable":true,"href":"https:\/\/weltlaeden.de\/regenstauf\/wp-json\/wp\/v2\/users\/1"}],"replies":[{"embeddable":true,"href":"https:\/\/weltlaeden.de\/regenstauf\/wp-json\/wp\/v2\/comments?post=217"}],"version-history":[{"count":16,"href":"https:\/\/weltlaeden.de\/regenstauf\/wp-json\/wp\/v2\/pages\/217\/revisions"}],"predecessor-version":[{"id":628,"href":"https:\/\/weltlaeden.de\/regenstauf\/wp-json\/wp\/v2\/pages\/217\/revisions\/628"}],"wp:attachment":[{"href":"https:\/\/weltlaeden.de\/regenstauf\/wp-json\/wp\/v2\/media?parent=217"}],"curies":[{"name":"wp","href":"https:\/\/api.w.org\/{rel}","templated":true}]}}