{"id":20,"date":"2016-10-14T09:05:06","date_gmt":"2016-10-14T07:05:21","guid":{"rendered":"https:\/\/wl.heimpixel.de\/vorlage\/weltladen-musterdorf\/"},"modified":"2024-11-17T20:49:46","modified_gmt":"2024-11-17T19:49:46","slug":"weltladen-musterdorf","status":"publish","type":"page","link":"https:\/\/weltlaeden.de\/regenstauf\/","title":{"rendered":"Weltladen Regenstauf"},"content":{"rendered":"<div class=\"wpb-content-wrapper\"><p>[vc_row][vc_column]<div class=\"wl_einzelbild\"><p><img loading=\"lazy\" decoding=\"async\" class=\"wp-image-498 aligncenter\" src=\"https:\/\/weltlaeden.de\/regenstauf\/wp-content\/uploads\/sites\/119\/2020\/02\/20200207_102407_Vergr-300x138.jpg\" alt=\"\" width=\"733\" height=\"337\" srcset=\"https:\/\/weltlaeden.de\/regenstauf\/wp-content\/uploads\/sites\/119\/2020\/02\/20200207_102407_Vergr-300x138.jpg 300w, https:\/\/weltlaeden.de\/regenstauf\/wp-content\/uploads\/sites\/119\/2020\/02\/20200207_102407_Vergr-768x354.jpg 768w, https:\/\/weltlaeden.de\/regenstauf\/wp-content\/uploads\/sites\/119\/2020\/02\/20200207_102407_Vergr-1024x472.jpg 1024w, https:\/\/weltlaeden.de\/regenstauf\/wp-content\/uploads\/sites\/119\/2020\/02\/20200207_102407_Vergr.jpg 1920w\" sizes=\"auto, (max-width: 733px) 100vw, 733px\" \/><\/p>\n<p><\/p><\/div>[vc_empty_space height=&#8220;20px&#8220;][vc_column_text][\/vc_column_text][\/vc_column][\/vc_row][vc_row][vc_column][vc_column_text][\/vc_column_text][vc_column_text css=&#8220;&#8220;]<\/p>\n<div><\/div>\n<div>\n<p>&nbsp;<\/p>\n<\/div>\n<div>Liebe Freunde des Weltladens Regenstauf,<\/div>\n<div><\/div>\n<div>wir freuen uns, Sie in unserem Laden im Pfarrzentrum Regenstauf begr\u00fc\u00dfen zu d\u00fcrfen und Sie mit fair gehandelten Produkten, h\u00e4ufig auch in Bioqualit\u00e4t, zu verw\u00f6hnen.<\/div>\n<div><\/div>\n<div>\n<p>Neben den Laden\u00f6ffnungszeiten haben Sie auch die M\u00f6glichkeit, \u00fcber folgende Kommunikationswege die Waren zu bestellen.<\/p>\n<hr \/>\n<p><span style=\"color: #0000ff\"><strong>Mail:<\/strong><\/span> \u00a0\u00a0 \u00a0\u00a0 \u00a0\u00a0 \u00a0\u00a0 \u00a0<a href=\"mailto:weltladen@stjakobus-regenstauf.de\">weltladen@stjakobus-regenstauf.de<\/a><\/p>\n<p><span style=\"color: #0000ff\"><strong>Telefonisch<\/strong><\/span>: <strong>Uschi Danner, 09402\/9484383<\/strong><\/p>\n<hr \/>\n<\/div>\n<div>Die Ware kann im Laden abgeholt werden oder in Ausnahmef\u00e4llen kann die Abholung auch telefonisch au\u00dferhalb der Laden\u00f6ffnungszeiten vereinbart werden.<\/div>\n<p>&nbsp;<\/p>\n<p>Wir freuen uns auf Ihren Besuch.<br \/>\nHerzliche Gr\u00fc\u00dfe vom Weltladen-Team !<\/p>\n<div>\n<p>&nbsp;<\/p>\n<\/div>\n<div><\/div>\n<div><\/div>\n<div class=\"vc_empty_space\"><\/div>\n<p>[\/vc_column_text][vc_empty_space height=&#8220;30px&#8220;][\/vc_column][\/vc_row][vc_row][vc_column][vc_column_text]<\/p>\n<h2>Was Sie auf dieser Website finden:<\/h2>\n<p>[\/vc_column_text][vc_empty_space height=&#8220;20px&#8220;][vc_row_inner][vc_column_inner width=&#8220;1\/4&#8243;]<div class=\"wl_einzelbild\"><p><img loading=\"lazy\" decoding=\"async\" class=\"alignleft size-thumbnail wp-image-nsm-3-15\" src=\"https:\/\/weltlaeden.de\/regenstauf\/wp-content\/uploads\/sites\/3\/2016\/11\/FairerHandel_ElPuente_Fingerpuppen_EccoExe_Peru-150x150.jpg\" alt=\"\" width=\"150\" height=\"150\" \/><\/p><\/div>[\/vc_column_inner][vc_column_inner width=&#8220;3\/4&#8243;][vc_column_text]<\/p>\n<h3>Fairer Handel<\/h3>\n<p>Was meint Fairer Handel \u00fcberhaupt? Welche Kriterien m\u00fcssen eingehalten werden und wer \u00fcberpr\u00fcft diese? <a href=\"https:\/\/weltlaeden.de\/regenstauf\/fairer-handel\/\">Erfahren Sie mehr &#8230;<\/a>[\/vc_column_text][\/vc_column_inner][\/vc_row_inner][vc_separator][vc_row_inner][vc_column_inner width=&#8220;1\/4&#8243;]<div class=\"wl_einzelbild\"><p><img loading=\"lazy\" decoding=\"async\" class=\"alignleft size-full wp-image-nsm-3-28\" src=\"https:\/\/weltlaeden.de\/regenstauf\/wp-content\/uploads\/sites\/3\/2018\/05\/Lebensmittel_WL-Bornheim-Christian-Schilling_150x150.jpg\" alt=\"\" width=\"150\" height=\"150\" \/><\/p><\/div>[\/vc_column_inner][vc_column_inner width=&#8220;3\/4&#8243;][vc_column_text]<\/p>\n<h3>Produkte<\/h3>\n<p>Unsere Produkte im Weltladen sind nat\u00fcrlich alle aus Fairem Handel, dennoch kommen sie von unterschiedlichen Fair-Handels-Importeuren. <a href=\"https:\/\/weltlaeden.de\/regenstauf\/produkte\/\">Hier zeigen wir Ihnen unser Sortiment &#8230;<\/a>[\/vc_column_text][\/vc_column_inner][\/vc_row_inner][vc_separator][vc_row_inner][vc_column_inner width=&#8220;1\/4&#8243;]<div class=\"wl_einzelbild\"><p><img loading=\"lazy\" decoding=\"async\" class=\"alignleft size-thumbnail wp-image-nsm-3-16\" src=\"https:\/\/weltlaeden.de\/regenstauf\/wp-content\/uploads\/sites\/3\/2016\/11\/ElPuente_Kakaobohnen_El-Ceibo_Bolivien-150x150.jpg\" alt=\"\" width=\"150\" height=\"150\" \/><\/p><\/div>[\/vc_column_inner][vc_column_inner width=&#8220;3\/4&#8243;][vc_column_text]<\/p>\n<h3>\u00dcber uns<\/h3>\n<p>Wer wir sind, warum wir uns f\u00fcr Fairen Handel engagieren und wie man bei uns mitmachen kann &#8211; <a href=\"https:\/\/weltlaeden.de\/regenstauf\/www-weltlaeden-de-regenstauf\/\">hier stellen wir uns vor &#8230;<\/a>[\/vc_column_text][\/vc_column_inner][\/vc_row_inner][vc_separator][vc_row_inner][vc_column_inner width=&#8220;1\/4&#8243;]<div class=\"wl_einzelbild\"><p><img loading=\"lazy\" decoding=\"async\" class=\"alignleft size-full wp-image-nsm-3-35\" src=\"https:\/\/weltlaeden.de\/regenstauf\/wp-content\/uploads\/sites\/3\/2018\/08\/pocket-watch-1637396_1920_150x150.png\" alt=\"\" width=\"150\" height=\"150\" \/><\/p><\/div>[\/vc_column_inner][vc_column_inner width=&#8220;3\/4&#8243;][vc_column_text]<\/p>\n<h3>Termine<\/h3>\n<p>Bei uns ist immer etwas los! Wir treffen uns regelm\u00e4\u00dfig zu Teamsitzungen und Fortbildungen, organisieren aber auch immer mal wieder eine Veranstaltung zum Fairen Handel und verwandten Themen. <a href=\"https:\/\/weltlaeden.de\/regenstauf\/termine\/\">Hier erfahren Sie was bei uns los ist \u2026<\/a><br \/>\n[\/vc_column_text][\/vc_column_inner][\/vc_row_inner][vc_separator][vc_empty_space][\/vc_column][\/vc_row][vc_row][vc_column][vc_column_text][\/vc_column_text]<a href=\"https:\/\/weltlaeden.de\/regenstauf\/neuigkeiten\" class=\"btn-shortcode dt-btn-s dt-btn default-btn-color default-btn-hover-color default-btn-bg-color default-btn-bg-hover-color\" target=\"_blank\" id=\"dt-btn-1\" rel=\"noopener\"><span>Alle Neuigkeiten<\/span><\/a>[\/vc_column][\/vc_row]<\/p>\n<\/div>","protected":false},"excerpt":{"rendered":"<p>[vc_row][vc_column][vc_empty_space height=&#8220;20px&#8220;][vc_column_text][\/vc_column_text][\/vc_column][\/vc_row][vc_row][vc_column][vc_column_text][\/vc_column_text][vc_column_text css=&#8220;&#8220;] &nbsp; Liebe Freunde des Weltladens Regenstauf, wir freuen uns, Sie in unserem Laden im Pfarrzentrum Regenstauf begr\u00fc\u00dfen zu d\u00fcrfen und Sie mit fair gehandelten Produkten, h\u00e4ufig auch in Bioqualit\u00e4t, zu verw\u00f6hnen. Neben den Laden\u00f6ffnungszeiten haben Sie auch die M\u00f6glichkeit, \u00fcber folgende Kommunikationswege die Waren zu bestellen. Mail: \u00a0\u00a0 \u00a0\u00a0 \u00a0\u00a0 \u00a0\u00a0 \u00a0weltladen@stjakobus-regenstauf.de&hellip;<\/p>\n","protected":false},"author":1,"featured_media":0,"parent":0,"menu_order":0,"comment_status":"closed","ping_status":"closed","template":"","meta":{"footnotes":""},"class_list":["post-20","page","type-page","status-publish","hentry","description-off"],"yoast_head":"<!-- This site is optimized with the Yoast SEO plugin v26.8 - https:\/\/yoast.com\/product\/yoast-seo-wordpress\/ -->\n<title>Weltladen Regenstauf - Weltladen Regenstauf<\/title>\n<meta name=\"robots\" content=\"index, follow, max-snippet:-1, max-image-preview:large, max-video-preview:-1\" \/>\n<link rel=\"canonical\" href=\"https:\/\/weltlaeden.de\/regenstauf\/\" \/>\n<meta property=\"og:locale\" content=\"de_DE\" \/>\n<meta property=\"og:type\" content=\"article\" \/>\n<meta property=\"og:title\" content=\"Weltladen Regenstauf - Weltladen Regenstauf\" \/>\n<meta property=\"og:description\" content=\"[vc_row][vc_column][vc_empty_space height=&#8220;20px&#8220;][vc_column_text][\/vc_column_text][\/vc_column][\/vc_row][vc_row][vc_column][vc_column_text][\/vc_column_text][vc_column_text css=&#8220;&#8220;] &nbsp; Liebe Freunde des Weltladens Regenstauf, wir freuen uns, Sie in unserem Laden im Pfarrzentrum Regenstauf begr\u00fc\u00dfen zu d\u00fcrfen und Sie mit fair gehandelten Produkten, h\u00e4ufig auch in Bioqualit\u00e4t, zu verw\u00f6hnen. Neben den Laden\u00f6ffnungszeiten haben Sie auch die M\u00f6glichkeit, \u00fcber folgende Kommunikationswege die Waren zu bestellen. Mail: \u00a0\u00a0 \u00a0\u00a0 \u00a0\u00a0 \u00a0\u00a0 \u00a0weltladen@stjakobus-regenstauf.de&hellip;\" \/>\n<meta property=\"og:url\" content=\"https:\/\/weltlaeden.de\/regenstauf\/\" \/>\n<meta property=\"og:site_name\" content=\"Weltladen Regenstauf\" \/>\n<meta property=\"article:modified_time\" content=\"2024-11-17T19:49:46+00:00\" \/>\n<meta property=\"og:image\" content=\"https:\/\/weltlaeden.de\/regenstauf\/wp-content\/uploads\/sites\/119\/2020\/02\/20200207_102407_Vergr.jpg\" \/>\n\t<meta property=\"og:image:width\" content=\"1920\" \/>\n\t<meta property=\"og:image:height\" content=\"885\" \/>\n\t<meta property=\"og:image:type\" content=\"image\/jpeg\" \/>\n<meta name=\"twitter:card\" content=\"summary_large_image\" \/>\n<meta name=\"twitter:label1\" content=\"Gesch\u00e4tzte Lesezeit\" \/>\n\t<meta name=\"twitter:data1\" content=\"3\u00a0Minuten\" \/>\n<script type=\"application\/ld+json\" class=\"yoast-schema-graph\">{\"@context\":\"https:\/\/schema.org\",\"@graph\":[{\"@type\":\"WebPage\",\"@id\":\"https:\/\/weltlaeden.de\/regenstauf\/\",\"url\":\"https:\/\/weltlaeden.de\/regenstauf\/\",\"name\":\"Weltladen Regenstauf - Weltladen Regenstauf\",\"isPartOf\":{\"@id\":\"https:\/\/weltlaeden.de\/regenstauf\/#website\"},\"primaryImageOfPage\":{\"@id\":\"https:\/\/weltlaeden.de\/regenstauf\/#primaryimage\"},\"image\":{\"@id\":\"https:\/\/weltlaeden.de\/regenstauf\/#primaryimage\"},\"thumbnailUrl\":\"https:\/\/weltlaeden.de\/regenstauf\/wp-content\/uploads\/sites\/119\/2020\/02\/20200207_102407_Vergr-300x138.jpg\",\"datePublished\":\"2016-10-14T07:05:21+00:00\",\"dateModified\":\"2024-11-17T19:49:46+00:00\",\"breadcrumb\":{\"@id\":\"https:\/\/weltlaeden.de\/regenstauf\/#breadcrumb\"},\"inLanguage\":\"de\",\"potentialAction\":[{\"@type\":\"ReadAction\",\"target\":[\"https:\/\/weltlaeden.de\/regenstauf\/\"]}]},{\"@type\":\"ImageObject\",\"inLanguage\":\"de\",\"@id\":\"https:\/\/weltlaeden.de\/regenstauf\/#primaryimage\",\"url\":\"https:\/\/weltlaeden.de\/regenstauf\/wp-content\/uploads\/sites\/119\/2020\/02\/20200207_102407_Vergr.jpg\",\"contentUrl\":\"https:\/\/weltlaeden.de\/regenstauf\/wp-content\/uploads\/sites\/119\/2020\/02\/20200207_102407_Vergr.jpg\",\"width\":1920,\"height\":885},{\"@type\":\"BreadcrumbList\",\"@id\":\"https:\/\/weltlaeden.de\/regenstauf\/#breadcrumb\",\"itemListElement\":[{\"@type\":\"ListItem\",\"position\":1,\"name\":\"Startseite\",\"item\":\"https:\/\/weltlaeden.de\/regenstauf\/\"},{\"@type\":\"ListItem\",\"position\":2,\"name\":\"Weltladen Regenstauf\"}]},{\"@type\":\"WebSite\",\"@id\":\"https:\/\/weltlaeden.de\/regenstauf\/#website\",\"url\":\"https:\/\/weltlaeden.de\/regenstauf\/\",\"name\":\"Weltladen Regenstauf\",\"description\":\"Faire Produkte seit 1970\",\"potentialAction\":[{\"@type\":\"SearchAction\",\"target\":{\"@type\":\"EntryPoint\",\"urlTemplate\":\"https:\/\/weltlaeden.de\/regenstauf\/?s={search_term_string}\"},\"query-input\":{\"@type\":\"PropertyValueSpecification\",\"valueRequired\":true,\"valueName\":\"search_term_string\"}}],\"inLanguage\":\"de\"}]}<\/script>\n<!-- \/ Yoast SEO plugin. -->","yoast_head_json":{"title":"Weltladen Regenstauf - Weltladen Regenstauf","robots":{"index":"index","follow":"follow","max-snippet":"max-snippet:-1","max-image-preview":"max-image-preview:large","max-video-preview":"max-video-preview:-1"},"canonical":"https:\/\/weltlaeden.de\/regenstauf\/","og_locale":"de_DE","og_type":"article","og_title":"Weltladen Regenstauf - Weltladen Regenstauf","og_description":"[vc_row][vc_column][vc_empty_space height=&#8220;20px&#8220;][vc_column_text][\/vc_column_text][\/vc_column][\/vc_row][vc_row][vc_column][vc_column_text][\/vc_column_text][vc_column_text css=&#8220;&#8220;] &nbsp; Liebe Freunde des Weltladens Regenstauf, wir freuen uns, Sie in unserem Laden im Pfarrzentrum Regenstauf begr\u00fc\u00dfen zu d\u00fcrfen und Sie mit fair gehandelten Produkten, h\u00e4ufig auch in Bioqualit\u00e4t, zu verw\u00f6hnen. Neben den Laden\u00f6ffnungszeiten haben Sie auch die M\u00f6glichkeit, \u00fcber folgende Kommunikationswege die Waren zu bestellen. Mail: \u00a0\u00a0 \u00a0\u00a0 \u00a0\u00a0 \u00a0\u00a0 \u00a0weltladen@stjakobus-regenstauf.de&hellip;","og_url":"https:\/\/weltlaeden.de\/regenstauf\/","og_site_name":"Weltladen Regenstauf","article_modified_time":"2024-11-17T19:49:46+00:00","og_image":[{"width":1920,"height":885,"url":"https:\/\/weltlaeden.de\/regenstauf\/wp-content\/uploads\/sites\/119\/2020\/02\/20200207_102407_Vergr.jpg","type":"image\/jpeg"}],"twitter_card":"summary_large_image","twitter_misc":{"Gesch\u00e4tzte Lesezeit":"3\u00a0Minuten"},"schema":{"@context":"https:\/\/schema.org","@graph":[{"@type":"WebPage","@id":"https:\/\/weltlaeden.de\/regenstauf\/","url":"https:\/\/weltlaeden.de\/regenstauf\/","name":"Weltladen Regenstauf - Weltladen Regenstauf","isPartOf":{"@id":"https:\/\/weltlaeden.de\/regenstauf\/#website"},"primaryImageOfPage":{"@id":"https:\/\/weltlaeden.de\/regenstauf\/#primaryimage"},"image":{"@id":"https:\/\/weltlaeden.de\/regenstauf\/#primaryimage"},"thumbnailUrl":"https:\/\/weltlaeden.de\/regenstauf\/wp-content\/uploads\/sites\/119\/2020\/02\/20200207_102407_Vergr-300x138.jpg","datePublished":"2016-10-14T07:05:21+00:00","dateModified":"2024-11-17T19:49:46+00:00","breadcrumb":{"@id":"https:\/\/weltlaeden.de\/regenstauf\/#breadcrumb"},"inLanguage":"de","potentialAction":[{"@type":"ReadAction","target":["https:\/\/weltlaeden.de\/regenstauf\/"]}]},{"@type":"ImageObject","inLanguage":"de","@id":"https:\/\/weltlaeden.de\/regenstauf\/#primaryimage","url":"https:\/\/weltlaeden.de\/regenstauf\/wp-content\/uploads\/sites\/119\/2020\/02\/20200207_102407_Vergr.jpg","contentUrl":"https:\/\/weltlaeden.de\/regenstauf\/wp-content\/uploads\/sites\/119\/2020\/02\/20200207_102407_Vergr.jpg","width":1920,"height":885},{"@type":"BreadcrumbList","@id":"https:\/\/weltlaeden.de\/regenstauf\/#breadcrumb","itemListElement":[{"@type":"ListItem","position":1,"name":"Startseite","item":"https:\/\/weltlaeden.de\/regenstauf\/"},{"@type":"ListItem","position":2,"name":"Weltladen Regenstauf"}]},{"@type":"WebSite","@id":"https:\/\/weltlaeden.de\/regenstauf\/#website","url":"https:\/\/weltlaeden.de\/regenstauf\/","name":"Weltladen Regenstauf","description":"Faire Produkte seit 1970","potentialAction":[{"@type":"SearchAction","target":{"@type":"EntryPoint","urlTemplate":"https:\/\/weltlaeden.de\/regenstauf\/?s={search_term_string}"},"query-input":{"@type":"PropertyValueSpecification","valueRequired":true,"valueName":"search_term_string"}}],"inLanguage":"de"}]}},"_links":{"self":[{"href":"https:\/\/weltlaeden.de\/regenstauf\/wp-json\/wp\/v2\/pages\/20","targetHints":{"allow":["GET"]}}],"collection":[{"href":"https:\/\/weltlaeden.de\/regenstauf\/wp-json\/wp\/v2\/pages"}],"about":[{"href":"https:\/\/weltlaeden.de\/regenstauf\/wp-json\/wp\/v2\/types\/page"}],"author":[{"embeddable":true,"href":"https:\/\/weltlaeden.de\/regenstauf\/wp-json\/wp\/v2\/users\/1"}],"replies":[{"embeddable":true,"href":"https:\/\/weltlaeden.de\/regenstauf\/wp-json\/wp\/v2\/comments?post=20"}],"version-history":[{"count":101,"href":"https:\/\/weltlaeden.de\/regenstauf\/wp-json\/wp\/v2\/pages\/20\/revisions"}],"predecessor-version":[{"id":734,"href":"https:\/\/weltlaeden.de\/regenstauf\/wp-json\/wp\/v2\/pages\/20\/revisions\/734"}],"wp:attachment":[{"href":"https:\/\/weltlaeden.de\/regenstauf\/wp-json\/wp\/v2\/media?parent=20"}],"curies":[{"name":"wp","href":"https:\/\/api.w.org\/{rel}","templated":true}]}}