{"id":932,"date":"2021-09-15T15:26:06","date_gmt":"2021-09-15T13:26:06","guid":{"rendered":"https:\/\/weltlaeden.de\/ottensen\/?page_id=932"},"modified":"2025-09-16T15:37:50","modified_gmt":"2025-09-16T13:37:50","slug":"honig","status":"publish","type":"page","link":"https:\/\/weltlaeden.de\/ottensen\/produkte\/honig\/","title":{"rendered":"Honig"},"content":{"rendered":"<div class=\"wpb-content-wrapper\"><p>[vc_section][vc_row][vc_column][vc_column_text]<\/p>\n<h4><em>Die neuen Honigsorten der GEPA bei uns &#8211;<br \/>\nbio und fair in Zusammenarbeit mit GEPA-Partnern vor Ort.<\/em><\/h4>\n<p>[\/vc_column_text][\/vc_column][\/vc_row][\/vc_section][vc_row][vc_column width=&#8220;2\/3&#8243;][vc_column_text css=&#8220;&#8220;]<\/p>\n<h3><\/h3>\n<h3>Bio-Gebirgsbl\u00fcten-Honig aus Guatemala<\/h3>\n<p>Der cremige Bio-Gebirgsbl\u00fctenhonig aus Guatemala hat einen herb-w\u00fcrzigen Geschmack.<\/p>\n<p>Die Imkerinnen und Imker leben in der Sierra Madre de Chiapas, einer Bergkette, die sich von Mexiko kommend auch durch Guatemala zieht. Dieser Bio-Honig wurde u.a. vom guatemaltekischen GEPA-Partner Guaya&#8217;b geerntet und eignet sich als s\u00fc\u00dfer Brotaufstrich ebenso wie zum Verfeinern von Getr\u00e4nken, Geb\u00e4ck und Desserts.[\/vc_column_text][\/vc_column][vc_column width=&#8220;1\/3&#8243;]<div class=\"wl_einzelbild\"><p><img loading=\"lazy\" decoding=\"async\" class=\"size-medium wp-image-934\" src=\"https:\/\/weltlaeden.de\/ottensen\/wp-content\/uploads\/sites\/13\/2021\/09\/honig-guatemala-gebirgsbluetenhonig-bio-cremig-glas-200x300.jpg\" alt=\"\" width=\"200\" height=\"300\" srcset=\"https:\/\/weltlaeden.de\/ottensen\/wp-content\/uploads\/sites\/13\/2021\/09\/honig-guatemala-gebirgsbluetenhonig-bio-cremig-glas-200x300.jpg 200w, https:\/\/weltlaeden.de\/ottensen\/wp-content\/uploads\/sites\/13\/2021\/09\/honig-guatemala-gebirgsbluetenhonig-bio-cremig-glas.jpg 400w\" sizes=\"auto, (max-width: 200px) 100vw, 200px\" \/><\/p><\/div>[\/vc_column][\/vc_row][vc_row][vc_column][vc_separator][\/vc_column][\/vc_row][vc_row][vc_column width=&#8220;2\/3&#8243;][vc_column_text]<\/p>\n<h3><\/h3>\n<h3>Bio-Honig aus Mexiko &#8211; fl\u00fcssig oder cremig<\/h3>\n<p>Bei uns gibt es diese beiden feinen und mild-blumigen Bio-Hochlandhonige aus Mexiko an. Die Imkerinnen und Imker leben im Hochland des Landes, u.a. im Bundesstaat Chiapas. Dieser Bio-Honig wurde von verschiedenen mexikanischen GEPA-Partnern geerntet.[\/vc_column_text][\/vc_column][vc_column width=&#8220;1\/3&#8243;]<div class=\"wl_einzelbild\"><p><img loading=\"lazy\" decoding=\"async\" class=\"size-medium wp-image-935\" src=\"https:\/\/weltlaeden.de\/ottensen\/wp-content\/uploads\/sites\/13\/2021\/09\/honig-wildbluete-beide-200x300.jpg\" alt=\"\" width=\"200\" height=\"300\" srcset=\"https:\/\/weltlaeden.de\/ottensen\/wp-content\/uploads\/sites\/13\/2021\/09\/honig-wildbluete-beide-200x300.jpg 200w, https:\/\/weltlaeden.de\/ottensen\/wp-content\/uploads\/sites\/13\/2021\/09\/honig-wildbluete-beide.jpg 400w\" sizes=\"auto, (max-width: 200px) 100vw, 200px\" \/><\/p><\/div>[\/vc_column][\/vc_row][vc_row][vc_column][vc_separator][\/vc_column][\/vc_row][vc_row][vc_column width=&#8220;2\/3&#8243;][vc_column_text]<\/p>\n<h3><\/h3>\n<h3>Wildbl\u00fcten-Honig aus Mittelamerika<\/h3>\n<p>Der fl\u00fcssige Bio-Honig ist eine mild-blumige Mischung aus dem Nektar mittelamerikanischer Wildbl\u00fcten. Seine Farbe variiert je nach Ernte und Mischverh\u00e4ltnis der Bio-Honige unserer Partner. Dieser Bio-Qualit\u00e4tshonig wurde von verschiedenen GEPA-Partnern geerntet und eignet sich als s\u00fc\u00dfer Brotaufstrich ebenso wie zum Verfeinern von Getr\u00e4nken, Geb\u00e4ck und Desserts.[\/vc_column_text][\/vc_column][vc_column width=&#8220;1\/3&#8243;]<div class=\"wl_einzelbild\"><p><img loading=\"lazy\" decoding=\"async\" class=\"size-medium wp-image-937\" src=\"https:\/\/weltlaeden.de\/ottensen\/wp-content\/uploads\/sites\/13\/2021\/09\/honig-wildbluete-bio-fl_ssig-glas-200x300.jpg\" alt=\"\" width=\"200\" height=\"300\" srcset=\"https:\/\/weltlaeden.de\/ottensen\/wp-content\/uploads\/sites\/13\/2021\/09\/honig-wildbluete-bio-fl_ssig-glas-200x300.jpg 200w, https:\/\/weltlaeden.de\/ottensen\/wp-content\/uploads\/sites\/13\/2021\/09\/honig-wildbluete-bio-fl_ssig-glas.jpg 400w\" sizes=\"auto, (max-width: 200px) 100vw, 200px\" \/><\/p><\/div>[\/vc_column][\/vc_row][vc_section][vc_row][vc_column][vc_separator][\/vc_column][\/vc_row][vc_row][vc_column width=&#8220;2\/3&#8243;][vc_column_text]<\/p>\n<h3><\/h3>\n<h3>Acahual-Honig &#8211; mit einem besonderen Aroma<\/h3>\n<p>Der Nektar der Acahual-Bl\u00fcte, einer Wildbl\u00fcte \u00e4hnlich der Sonnenblume, gibt diesem cremigen Bio-Honig sein besonderes Aroma. Der Bio-Bl\u00fctenhonig ist blumig und w\u00fcrzig im Geschmack, mit sanfter Vanillenote. Im Vergleich zu anderen Honigen ist er herb und nicht so s\u00fc\u00df.[\/vc_column_text][\/vc_column][vc_column width=&#8220;1\/3&#8243;]<div class=\"wl_einzelbild\"><p><img loading=\"lazy\" decoding=\"async\" class=\"size-medium wp-image-939\" src=\"https:\/\/weltlaeden.de\/ottensen\/wp-content\/uploads\/sites\/13\/2021\/09\/honig-acahual-blueten-bio-cremig-kleines-glas-200x300.jpg\" alt=\"\" width=\"200\" height=\"300\" srcset=\"https:\/\/weltlaeden.de\/ottensen\/wp-content\/uploads\/sites\/13\/2021\/09\/honig-acahual-blueten-bio-cremig-kleines-glas-200x300.jpg 200w, https:\/\/weltlaeden.de\/ottensen\/wp-content\/uploads\/sites\/13\/2021\/09\/honig-acahual-blueten-bio-cremig-kleines-glas.jpg 400w\" sizes=\"auto, (max-width: 200px) 100vw, 200px\" \/><\/p><\/div>[\/vc_column][\/vc_row][vc_row][vc_column][vc_separator][\/vc_column][\/vc_row][vc_row][vc_column width=&#8220;2\/3&#8243;][vc_column_text]<\/p>\n<h3><\/h3>\n<h3>Eukalyptus-Honig mit feiner Kr\u00e4uternote<\/h3>\n<p>Der Nektar und der Honigtau von Eukalyptus gibt diesem cremigen Bio-Honig seinen besonderen Geschmack. Dieser Bio-Honig ist kr\u00e4ftig und intensiv-w\u00fcrzig, mit einer feinen Kr\u00e4uternote und leicht karamellig. Dieser Qualit\u00e4tshonig wird von den Imkerinnen und Imkern von Pueblo Ap\u00edcola in Uruguay geerntet.[\/vc_column_text][\/vc_column][vc_column width=&#8220;1\/3&#8243;]<div class=\"wl_einzelbild\"><p><img loading=\"lazy\" decoding=\"async\" class=\"size-medium wp-image-940\" src=\"https:\/\/weltlaeden.de\/ottensen\/wp-content\/uploads\/sites\/13\/2021\/09\/honig-eukalyptus-cremig-bio-kleines-glas-200x300.jpg\" alt=\"\" width=\"200\" height=\"300\" srcset=\"https:\/\/weltlaeden.de\/ottensen\/wp-content\/uploads\/sites\/13\/2021\/09\/honig-eukalyptus-cremig-bio-kleines-glas-200x300.jpg 200w, https:\/\/weltlaeden.de\/ottensen\/wp-content\/uploads\/sites\/13\/2021\/09\/honig-eukalyptus-cremig-bio-kleines-glas.jpg 400w\" sizes=\"auto, (max-width: 200px) 100vw, 200px\" \/><\/p><\/div>[\/vc_column][\/vc_row][\/vc_section]<\/p>\n<\/div>","protected":false},"excerpt":{"rendered":"<p>[vc_section][vc_row][vc_column][vc_column_text] Die neuen Honigsorten der GEPA bei uns &#8211; bio und fair in Zusammenarbeit mit GEPA-Partnern vor Ort. [\/vc_column_text][\/vc_column][\/vc_row][\/vc_section][vc_row][vc_column width=&#8220;2\/3&#8243;][vc_column_text css=&#8220;&#8220;] Bio-Gebirgsbl\u00fcten-Honig aus Guatemala Der cremige Bio-Gebirgsbl\u00fctenhonig aus Guatemala hat einen herb-w\u00fcrzigen Geschmack. Die Imkerinnen und Imker leben in der Sierra Madre de Chiapas, einer Bergkette, die sich von Mexiko kommend auch durch Guatemala zieht.&hellip;<\/p>\n","protected":false},"author":141,"featured_media":0,"parent":217,"menu_order":3,"comment_status":"closed","ping_status":"closed","template":"","meta":{"footnotes":""},"class_list":["post-932","page","type-page","status-publish","hentry","description-off"],"_links":{"self":[{"href":"https:\/\/weltlaeden.de\/ottensen\/wp-json\/wp\/v2\/pages\/932","targetHints":{"allow":["GET"]}}],"collection":[{"href":"https:\/\/weltlaeden.de\/ottensen\/wp-json\/wp\/v2\/pages"}],"about":[{"href":"https:\/\/weltlaeden.de\/ottensen\/wp-json\/wp\/v2\/types\/page"}],"author":[{"embeddable":true,"href":"https:\/\/weltlaeden.de\/ottensen\/wp-json\/wp\/v2\/users\/141"}],"replies":[{"embeddable":true,"href":"https:\/\/weltlaeden.de\/ottensen\/wp-json\/wp\/v2\/comments?post=932"}],"version-history":[{"count":12,"href":"https:\/\/weltlaeden.de\/ottensen\/wp-json\/wp\/v2\/pages\/932\/revisions"}],"predecessor-version":[{"id":1082,"href":"https:\/\/weltlaeden.de\/ottensen\/wp-json\/wp\/v2\/pages\/932\/revisions\/1082"}],"up":[{"embeddable":true,"href":"https:\/\/weltlaeden.de\/ottensen\/wp-json\/wp\/v2\/pages\/217"}],"wp:attachment":[{"href":"https:\/\/weltlaeden.de\/ottensen\/wp-json\/wp\/v2\/media?parent=932"}],"curies":[{"name":"wp","href":"https:\/\/api.w.org\/{rel}","templated":true}]}}