{"id":839,"date":"2021-04-14T15:40:03","date_gmt":"2021-04-14T13:40:03","guid":{"rendered":"https:\/\/weltlaeden.de\/ottensen\/?page_id=839"},"modified":"2021-09-16T11:23:17","modified_gmt":"2021-09-16T09:23:17","slug":"korbwaren","status":"publish","type":"page","link":"https:\/\/weltlaeden.de\/ottensen\/produkte\/korbwaren\/","title":{"rendered":"Korbwaren"},"content":{"rendered":"<div class=\"wpb-content-wrapper\"><p>[vc_row][vc_column][vc_column_text]<em>Wir stellen euch hier eine kleine Auswahl an Korbwaren vor &#8211; das Sortiment in unserem Laden wechselt, aber K\u00f6rbe sind immer vorr\u00e4tig in unterschiedlichen Gr\u00f6\u00dfen, Farben und Mustern.<\/em>[\/vc_column_text][vc_separator][\/vc_column][\/vc_row][vc_row][vc_column width=&#8220;2\/3&#8243;][vc_column_text]<strong>W\u00e4schek\u00f6rbe aus Bangladesch<\/strong><\/p>\n<p>Die gro\u00dfen K\u00f6rbe sind sehr dekorativ und eignen sich bestens zur Aufbewahrung und als W\u00e4schek\u00f6rbe..<\/p>\n<p>Herkunft:<\/p>\n<p>Das Handwerksprojekt (EDM Handicrafts) ist seit 1998 unter dem Namen Dhaka Handicrafts wirtschaftlich unabh\u00e4ngig. Heute umfasst das Produktsortiment neben den traditionellen Rohr- und Bambusk\u00f6rben, auch Terrakottaprodukte und andere Handwerksprodukte.<\/p>\n<p>Das Gesamtprogramm EDMs (Enfants du Monde ) umfasst \u00a0u. a. die F\u00f6rderung von Familien am Land, Bildungs- und Hilfsprogramme. Dabei verfolgt \u00a0EDM immer einen emanzipatorischen Entwicklungsansatz. Zahlreiche Kooperativen werden initiiert und soweit begleitet und gef\u00f6rdert, bis diese in der Lage sind, sich selbst zu behaupten. Diese Unterst\u00fctzung umfasst Schulungen, die Vergabe von Krediten, Beratung, Produktentwicklung und Unterst\u00fctzung bei der Vermarktung.<\/p>\n<p>[\/vc_column_text][\/vc_column][vc_column width=&#8220;1\/3&#8243;]<div class=\"wl_einzelbild\"><p><img loading=\"lazy\" decoding=\"async\" class=\"size-medium wp-image-837\" src=\"https:\/\/weltlaeden.de\/ottensen\/wp-content\/uploads\/sites\/13\/2021\/04\/w\u00e4schekorb_zwei-200x300.jpg\" alt=\"\" width=\"200\" height=\"300\" srcset=\"https:\/\/weltlaeden.de\/ottensen\/wp-content\/uploads\/sites\/13\/2021\/04\/w\u00e4schekorb_zwei-200x300.jpg 200w, https:\/\/weltlaeden.de\/ottensen\/wp-content\/uploads\/sites\/13\/2021\/04\/w\u00e4schekorb_zwei.jpg 400w\" sizes=\"auto, (max-width: 200px) 100vw, 200px\" \/><\/p><\/div>[\/vc_column][\/vc_row][vc_row][vc_column width=&#8220;2\/3&#8243;][vc_column_text]<strong>Bolga-K\u00f6rbe aus Ghana<br \/>\n<\/strong><\/p>\n<p>Bolgak\u00f6rbe aus Ghana mit ihren authentischen Mustern eignen sich wunderbar als sch\u00f6ne Aufbewahrungsk\u00f6rbe im Wohnbereich oder wegen ihrer robusten Verarbeitung f\u00fcr den Einkauf. Details: handgeflochten aus Hirsestroh, stabiler Griff aus Ziegenleder, robust und langlebig, in verschiedenen Gr\u00f6\u00dfen und Farben erh\u00e4ltlich.<\/p>\n<p>Herkunft:<\/p>\n<p>SPB-Uni Commerz in Ghana wurde im Jahr 1989 gegr\u00fcndet.<\/p>\n<p>SPB hilft kleinen Handwerkern im pers\u00f6nlichen Kontakt, ihr Wissen und Bewusstsein zu erweitern, z.B. im Bereich Management, Hilfe zur Selbsthilfe, Gesundheit, soziale Verantwortung und Umwelt.<\/p>\n<p>&nbsp;<\/p>\n<p>[\/vc_column_text][\/vc_column][vc_column width=&#8220;1\/3&#8243;]<div class=\"wl_einzelbild\"><p><img loading=\"lazy\" decoding=\"async\" class=\"size-medium wp-image-835\" src=\"https:\/\/weltlaeden.de\/ottensen\/wp-content\/uploads\/sites\/13\/2021\/04\/bolgakorb-zwei-200x300.jpg\" alt=\"\" width=\"200\" height=\"300\" srcset=\"https:\/\/weltlaeden.de\/ottensen\/wp-content\/uploads\/sites\/13\/2021\/04\/bolgakorb-zwei-200x300.jpg 200w, https:\/\/weltlaeden.de\/ottensen\/wp-content\/uploads\/sites\/13\/2021\/04\/bolgakorb-zwei.jpg 400w\" sizes=\"auto, (max-width: 200px) 100vw, 200px\" \/><\/p><\/div>[\/vc_column][\/vc_row][vc_row][vc_column width=&#8220;2\/3&#8243;][vc_column_text]<strong>Zebra-K\u00f6rbe aus Marokko<br \/>\n<\/strong><\/p>\n<p>Diese Einkaufsk\u00f6rbe sind sehr robust und langlebig und noch dazu ein sch\u00f6n anzusehender Shopping-Begleiter. Details: aufw\u00e4ndig handgewebt, stabile Griffe aus Ziegenleder, robust und langlebig, erh\u00e4ltlich in verschiedenen Farben und je zwei Gr\u00f6\u00dfen.<\/p>\n<p>Herkunft:<\/p>\n<p>Beim Handelspartner W\u00fcstensand in Marokko wird jeder Korb handgewebt. Die K\u00f6rbe bestehen aus Seegras. Seegras ist etwas dicker und schwerer biegsam als Stroh, sodass das Weben der K\u00f6rbe eine geschulte Handwerkskunst darstellt. Die Besonderheit bei den Farbverlauf-Korbtaschen ist, dass die Herstellung dieser K\u00f6rbe sehr aufw\u00e4ndig ist, denn jedes Seegrasb\u00fcschel, das zu einem Korb verarbeitet wird, wird separat gef\u00e4rbt. Die Farbverl\u00e4ufe sind daher auch bei jedem Korb anders &#8211; ganz individuell.<\/p>\n<p>&nbsp;<\/p>\n<p>[\/vc_column_text][\/vc_column][vc_column width=&#8220;1\/3&#8243;]<div class=\"wl_einzelbild\"><p><img loading=\"lazy\" decoding=\"async\" class=\"alignnone size-medium wp-image-838\" src=\"https:\/\/weltlaeden.de\/ottensen\/wp-content\/uploads\/sites\/13\/2021\/04\/zebrakorb-beide-200x300.jpg\" alt=\"\" width=\"200\" height=\"300\" srcset=\"https:\/\/weltlaeden.de\/ottensen\/wp-content\/uploads\/sites\/13\/2021\/04\/zebrakorb-beide-200x300.jpg 200w, https:\/\/weltlaeden.de\/ottensen\/wp-content\/uploads\/sites\/13\/2021\/04\/zebrakorb-beide.jpg 400w\" sizes=\"auto, (max-width: 200px) 100vw, 200px\" \/><\/p><\/div>[\/vc_column][\/vc_row][vc_row][vc_column width=&#8220;2\/3&#8243;][vc_column_text]<strong>Trage-\/Lagerk\u00f6rbe aus Vietnam<br \/>\n<\/strong><\/p>\n<p>Besonders f\u00fcr das Aufbewahren von Spielsachen oder Altglas k\u00f6nnen diese K\u00f6rbe aus Vietnam gut verwendet werden. Die K\u00f6rbe sind in der Mitte faltbar, so dass sie auch als gro\u00dfe Korbschalen genutzt werden k\u00f6nnen. Details: aus handgeflochtenem Seegras, in verschiedenen Farbkombinationen und Gr\u00f6\u00dfen erh\u00e4ltlich.<\/p>\n<p>Herkunft:<\/p>\n<p>Mai Vietnamese Handicrafts aus Vietnam &#8211; \u201eMai\u201c bedeutet in Vietnamesisch \u201eMorgen\u201c und \u201eChance\u201c. Durch die faire Vermarktung von Handwerk sollen die Menschen eine bessere Zukunft haben. Der GEPA-Partner unterst\u00fctzt die Handwerksbetriebe insbesondere durch die Beratung in der Gr\u00fcndungsphase, Qualit\u00e4tssicherung und Designentwicklung.<\/p>\n<p>[\/vc_column_text][\/vc_column][vc_column width=&#8220;1\/3&#8243;]<div class=\"wl_einzelbild\"><p><img loading=\"lazy\" decoding=\"async\" class=\"alignnone size-medium wp-image-836\" src=\"https:\/\/weltlaeden.de\/ottensen\/wp-content\/uploads\/sites\/13\/2021\/04\/faltkorb-beide-200x300.jpg\" alt=\"\" width=\"200\" height=\"300\" srcset=\"https:\/\/weltlaeden.de\/ottensen\/wp-content\/uploads\/sites\/13\/2021\/04\/faltkorb-beide-200x300.jpg 200w, https:\/\/weltlaeden.de\/ottensen\/wp-content\/uploads\/sites\/13\/2021\/04\/faltkorb-beide.jpg 400w\" sizes=\"auto, (max-width: 200px) 100vw, 200px\" \/><\/p><\/div>[\/vc_column][\/vc_row][vc_row][vc_column][vc_column_text]<strong>Bei den Fotos handelt es sich um Farbbeispiele. Bunte K\u00f6rbe erhaltet ihr bei uns in verschiedenen Farben und Mustern. Kommt gerne einfach vorbei und lasst euch \u00fcberraschen.<\/strong>[\/vc_column_text][\/vc_column][\/vc_row]<\/p>\n<\/div>","protected":false},"excerpt":{"rendered":"<p>[vc_row][vc_column][vc_column_text]Wir stellen euch hier eine kleine Auswahl an Korbwaren vor &#8211; das Sortiment in unserem Laden wechselt, aber K\u00f6rbe sind immer vorr\u00e4tig in unterschiedlichen Gr\u00f6\u00dfen, Farben und Mustern.[\/vc_column_text][vc_separator][\/vc_column][\/vc_row][vc_row][vc_column width=&#8220;2\/3&#8243;][vc_column_text]W\u00e4schek\u00f6rbe aus Bangladesch Die gro\u00dfen K\u00f6rbe sind sehr dekorativ und eignen sich bestens zur Aufbewahrung und als W\u00e4schek\u00f6rbe.. Herkunft: Das Handwerksprojekt (EDM Handicrafts) ist seit 1998 unter&hellip;<\/p>\n","protected":false},"author":141,"featured_media":0,"parent":217,"menu_order":7,"comment_status":"closed","ping_status":"closed","template":"","meta":{"footnotes":""},"class_list":["post-839","page","type-page","status-publish","hentry","description-off"],"_links":{"self":[{"href":"https:\/\/weltlaeden.de\/ottensen\/wp-json\/wp\/v2\/pages\/839","targetHints":{"allow":["GET"]}}],"collection":[{"href":"https:\/\/weltlaeden.de\/ottensen\/wp-json\/wp\/v2\/pages"}],"about":[{"href":"https:\/\/weltlaeden.de\/ottensen\/wp-json\/wp\/v2\/types\/page"}],"author":[{"embeddable":true,"href":"https:\/\/weltlaeden.de\/ottensen\/wp-json\/wp\/v2\/users\/141"}],"replies":[{"embeddable":true,"href":"https:\/\/weltlaeden.de\/ottensen\/wp-json\/wp\/v2\/comments?post=839"}],"version-history":[{"count":11,"href":"https:\/\/weltlaeden.de\/ottensen\/wp-json\/wp\/v2\/pages\/839\/revisions"}],"predecessor-version":[{"id":864,"href":"https:\/\/weltlaeden.de\/ottensen\/wp-json\/wp\/v2\/pages\/839\/revisions\/864"}],"up":[{"embeddable":true,"href":"https:\/\/weltlaeden.de\/ottensen\/wp-json\/wp\/v2\/pages\/217"}],"wp:attachment":[{"href":"https:\/\/weltlaeden.de\/ottensen\/wp-json\/wp\/v2\/media?parent=839"}],"curies":[{"name":"wp","href":"https:\/\/api.w.org\/{rel}","templated":true}]}}