{"id":751,"date":"2021-03-17T17:33:26","date_gmt":"2021-03-17T16:33:26","guid":{"rendered":"https:\/\/weltlaeden.de\/ottensen\/?page_id=751"},"modified":"2021-09-16T11:23:17","modified_gmt":"2021-09-16T09:23:17","slug":"tee","status":"publish","type":"page","link":"https:\/\/weltlaeden.de\/ottensen\/produkte\/tee\/","title":{"rendered":"Tee"},"content":{"rendered":"<div class=\"wpb-content-wrapper\"><p>[vc_row][vc_column][vc_column_text]<em>Tee ist wie Kaffee eins der Produkte, die seit Beginn des Fairen Handels an Bedeutung gewonnen haben und zahlreiche Kooperativen rund um den Globus haben sich der Nachhaltigkeit und sozialen Bedingungen im Tee-Anbau verpflichtet. Hier einige Tees aus unserem Sortiment:<\/em>[\/vc_column_text][vc_separator][\/vc_column][\/vc_row][vc_row][vc_column width=&#8220;2\/3&#8243;][vc_column_text]DARJEELING SCHWARZTEE &#8211; handgepfl\u00fcckt<\/p>\n<p>Seit Tea Promoters India (TPI) den ersten Teegarten auf Bio umgestellt hat, folgen viele seinem Beispiel. Mit \u00f6kologischem Anbau, sozialen Arbeitsbedingungen und Fairem Handel hat das Familienunternehmen eine sanfte Revolution begonnen, die alte Kolonialstrukturen abl\u00f6st. Das ist gut f\u00fcr die Natur und f\u00fcr die vielen Menschen, die in Anbau, Ernte und Verarbeitung daran teilhaben.<\/p>\n<p>Den klassischen Darjeeling der GEPA gibt es bei uns lose in der 100g und 1.000g &#8211; Packung und als Teebeutel.[\/vc_column_text][vc_separator][\/vc_column][vc_column width=&#8220;1\/3&#8243;]<div class=\"wl_einzelbild\"><p><img loading=\"lazy\" decoding=\"async\" class=\"alignnone size-medium wp-image-766\" src=\"https:\/\/weltlaeden.de\/ottensen\/wp-content\/uploads\/sites\/13\/2021\/03\/darjeeling-200x300.jpg\" alt=\"\" width=\"200\" height=\"300\" srcset=\"https:\/\/weltlaeden.de\/ottensen\/wp-content\/uploads\/sites\/13\/2021\/03\/darjeeling-200x300.jpg 200w, https:\/\/weltlaeden.de\/ottensen\/wp-content\/uploads\/sites\/13\/2021\/03\/darjeeling.jpg 400w\" sizes=\"auto, (max-width: 200px) 100vw, 200px\" \/><\/p><\/div>[\/vc_column][\/vc_row][vc_row][vc_column width=&#8220;2\/3&#8243;][vc_column_text]WEISSTEE DARJEELING &#8211; aus jungen Blattknospen<\/p>\n<p>Wei\u00dfer Tee z\u00e4hlt zu den wertvollsten der Welt. Nur die obersten beiden Bl\u00e4ttchen der Teeknospe werden von Hand gepfl\u00fcckt und schenken dem Bio Wei\u00dftee Darjeeling den besonders feinen Genuss.<\/p>\n<p>Erh\u00e4ltlich als loser Tee oder in Teebeuteln.[\/vc_column_text][vc_separator][\/vc_column][vc_column width=&#8220;1\/3&#8243;]<div class=\"wl_einzelbild\"><p><img loading=\"lazy\" decoding=\"async\" class=\"alignnone size-medium wp-image-765\" src=\"https:\/\/weltlaeden.de\/ottensen\/wp-content\/uploads\/sites\/13\/2021\/03\/bio-darjeeling-weisstee-lose-200x300.jpg\" alt=\"\" width=\"200\" height=\"300\" srcset=\"https:\/\/weltlaeden.de\/ottensen\/wp-content\/uploads\/sites\/13\/2021\/03\/bio-darjeeling-weisstee-lose-200x300.jpg 200w, https:\/\/weltlaeden.de\/ottensen\/wp-content\/uploads\/sites\/13\/2021\/03\/bio-darjeeling-weisstee-lose.jpg 400w\" sizes=\"auto, (max-width: 200px) 100vw, 200px\" \/><\/p><\/div>[\/vc_column][\/vc_row][vc_row][vc_column width=&#8220;2\/3&#8243;][vc_column_text]WELLNESS-TEES der GEPA<\/p>\n<p>Rooibostee aus S\u00fcdafrikas Cedarbergen mit Kr\u00e4utern von Kleinbauern der Sekem-Initiative in \u00c4gypten &#8211; der Faire Handel baut Br\u00fccken von S\u00fcd nach Nord.<\/p>\n<p>Die Van Chan Organic Farmers im Hochland Vietnams erreicht man nur \u00fcber schmale Pfade. Durch den Fairen Handel haben die Kleinbauern dennoch Zugang zum Weltmarkt gefunden.<\/p>\n<p>Bei uns erh\u00e4ltlich: Balance (Kr\u00e4utertee mit Sternanis, Fenchel und S\u00fc\u00dfholz), Lively (Fr\u00fcchtetee mit Tulsi, Bukkobl\u00e4ttern und Baobab), Power (Kr\u00e4utertee mit Ingwer, Schwarzem Pfeffer und Zimt), Enjoy (Rooibostee mit Zimt und Hibiskusbl\u00fcte), Relax (Kr\u00e4utertee mit Kamille und Lavendel).[\/vc_column_text][vc_separator][\/vc_column][vc_column width=&#8220;1\/3&#8243;]<div class=\"wl_einzelbild\"><p><img loading=\"lazy\" decoding=\"async\" class=\"alignnone size-medium wp-image-775\" src=\"https:\/\/weltlaeden.de\/ottensen\/wp-content\/uploads\/sites\/13\/2021\/03\/wellness-200x300.jpg\" alt=\"\" width=\"200\" height=\"300\" srcset=\"https:\/\/weltlaeden.de\/ottensen\/wp-content\/uploads\/sites\/13\/2021\/03\/wellness-200x300.jpg 200w, https:\/\/weltlaeden.de\/ottensen\/wp-content\/uploads\/sites\/13\/2021\/03\/wellness.jpg 400w\" sizes=\"auto, (max-width: 200px) 100vw, 200px\" \/><\/p><\/div>[\/vc_column][\/vc_row][vc_row][vc_column width=&#8220;2\/3&#8243;][vc_column_text]MORINGA &#8211; Kr\u00e4utertee von El Puente<\/p>\n<p>&#8222;Der Baum des Lebens&#8220; wird der Moringabaum auch genannt. Bereits seit Jahrtausenden werden seine feinen gr\u00fcnen Bl\u00e4tter zu Tee verarbeitet. Der feinherbe Aufguss kann zu jeder Tageszeit genossen werden. (Produziert und verarbeitet in Sri Lanka).[\/vc_column_text][vc_separator][\/vc_column][vc_column width=&#8220;1\/3&#8243;]<div class=\"wl_einzelbild\"><p><img loading=\"lazy\" decoding=\"async\" class=\"alignnone size-medium wp-image-778\" src=\"https:\/\/weltlaeden.de\/ottensen\/wp-content\/uploads\/sites\/13\/2021\/03\/moringa-200x300.jpg\" alt=\"\" width=\"200\" height=\"300\" srcset=\"https:\/\/weltlaeden.de\/ottensen\/wp-content\/uploads\/sites\/13\/2021\/03\/moringa-200x300.jpg 200w, https:\/\/weltlaeden.de\/ottensen\/wp-content\/uploads\/sites\/13\/2021\/03\/moringa.jpg 400w\" sizes=\"auto, (max-width: 200px) 100vw, 200px\" \/><\/p><\/div>[\/vc_column][\/vc_row][vc_row][vc_column width=&#8220;2\/3&#8243;][vc_column_text]INGWER LEMONGRAS &#8211; aus Nordafrika und Asien<\/p>\n<p>Die Zutaten f\u00fcr diesen Tee stammen von Kleinbauernfamilien, die sich zu Genossenschaften zusammengeschlossen haben &#8211; so wie auch die Bauern von Kanjikuzhi im s\u00fcdindischen Bundesstaat Kerala.<\/p>\n<p>Bei uns erh\u00e4ltlich: Kr\u00e4utertee Ingwer Lemongrass mit Minze lose und in Teebeuteln.[\/vc_column_text][\/vc_column][vc_column width=&#8220;1\/3&#8243;]<div class=\"wl_einzelbild\"><p><img loading=\"lazy\" decoding=\"async\" class=\"alignnone size-medium wp-image-781\" src=\"https:\/\/weltlaeden.de\/ottensen\/wp-content\/uploads\/sites\/13\/2021\/03\/ingwer-lemongras-200x300.jpg\" alt=\"\" width=\"200\" height=\"300\" srcset=\"https:\/\/weltlaeden.de\/ottensen\/wp-content\/uploads\/sites\/13\/2021\/03\/ingwer-lemongras-200x300.jpg 200w, https:\/\/weltlaeden.de\/ottensen\/wp-content\/uploads\/sites\/13\/2021\/03\/ingwer-lemongras.jpg 400w\" sizes=\"auto, (max-width: 200px) 100vw, 200px\" \/><\/p><\/div>[\/vc_column][\/vc_row][vc_row][vc_column][\/vc_column][\/vc_row]<\/p>\n<\/div>","protected":false},"excerpt":{"rendered":"<p>[vc_row][vc_column][vc_column_text]Tee ist wie Kaffee eins der Produkte, die seit Beginn des Fairen Handels an Bedeutung gewonnen haben und zahlreiche Kooperativen rund um den Globus haben sich der Nachhaltigkeit und sozialen Bedingungen im Tee-Anbau verpflichtet. Hier einige Tees aus unserem Sortiment:[\/vc_column_text][vc_separator][\/vc_column][\/vc_row][vc_row][vc_column width=&#8220;2\/3&#8243;][vc_column_text]DARJEELING SCHWARZTEE &#8211; handgepfl\u00fcckt Seit Tea Promoters India (TPI) den ersten Teegarten auf Bio umgestellt&hellip;<\/p>\n","protected":false},"author":141,"featured_media":0,"parent":217,"menu_order":10,"comment_status":"closed","ping_status":"closed","template":"","meta":{"footnotes":""},"class_list":["post-751","page","type-page","status-publish","hentry","description-off"],"_links":{"self":[{"href":"https:\/\/weltlaeden.de\/ottensen\/wp-json\/wp\/v2\/pages\/751","targetHints":{"allow":["GET"]}}],"collection":[{"href":"https:\/\/weltlaeden.de\/ottensen\/wp-json\/wp\/v2\/pages"}],"about":[{"href":"https:\/\/weltlaeden.de\/ottensen\/wp-json\/wp\/v2\/types\/page"}],"author":[{"embeddable":true,"href":"https:\/\/weltlaeden.de\/ottensen\/wp-json\/wp\/v2\/users\/141"}],"replies":[{"embeddable":true,"href":"https:\/\/weltlaeden.de\/ottensen\/wp-json\/wp\/v2\/comments?post=751"}],"version-history":[{"count":23,"href":"https:\/\/weltlaeden.de\/ottensen\/wp-json\/wp\/v2\/pages\/751\/revisions"}],"predecessor-version":[{"id":866,"href":"https:\/\/weltlaeden.de\/ottensen\/wp-json\/wp\/v2\/pages\/751\/revisions\/866"}],"up":[{"embeddable":true,"href":"https:\/\/weltlaeden.de\/ottensen\/wp-json\/wp\/v2\/pages\/217"}],"wp:attachment":[{"href":"https:\/\/weltlaeden.de\/ottensen\/wp-json\/wp\/v2\/media?parent=751"}],"curies":[{"name":"wp","href":"https:\/\/api.w.org\/{rel}","templated":true}]}}