{"id":722,"date":"2021-03-17T15:42:01","date_gmt":"2021-03-17T14:42:01","guid":{"rendered":"https:\/\/weltlaeden.de\/ottensen\/?page_id=722"},"modified":"2021-09-16T11:23:17","modified_gmt":"2021-09-16T09:23:17","slug":"kaffee","status":"publish","type":"page","link":"https:\/\/weltlaeden.de\/ottensen\/produkte\/kaffee\/","title":{"rendered":"Kaffee"},"content":{"rendered":"<div class=\"wpb-content-wrapper\"><p>[vc_row][vc_column][vc_column_text]<em>Wir stellen hier eine Auswahl unseres Kaffee-Sortiments vor &#8211;<\/em><br \/>\n<em>weitere Sorten und Spezialit\u00e4ten findet ihr bei uns im Laden.<\/em><\/p>\n<p>[\/vc_column_text][\/vc_column][\/vc_row][vc_row][vc_column][vc_separator][\/vc_column][\/vc_row][vc_row][vc_column width=&#8220;2\/3&#8243;][vc_column_text]SEGELKAFFEE &#8211; Cafe Chavalo<\/p>\n<p>Rund 250 Kleinbauern des Kooperativenverbands Tierra Nueva kultivieren in Mischkulturen im Umland der Stadt Boaco Arabica-Kaffee. Mit dem Geld aus den Sozialfonds des Fairen Handels kauft Tierra Nueva zum Beispiel Schulmaterial, verbessert die Infrastruktur und vergibt Stipendien.<\/p>\n<p>Der Kaffee wird mit dem Frachtsegler Avontuur von Mittelamerika nach Europa transportiert. So werden ca. 90% weniger CO2 freigesetzt als beim konventionellen Transport per Containerschiff.<\/p>\n<p>Erh\u00e4ltlich als Kaffee ganze Bohne, Kaffee gemahlen und Espresso ganze Bohne[\/vc_column_text][vc_separator][\/vc_column][vc_column width=&#8220;1\/3&#8243;]<div class=\"wl_einzelbild\"><p><img loading=\"lazy\" decoding=\"async\" class=\"alignnone size-medium wp-image-770\" src=\"https:\/\/weltlaeden.de\/ottensen\/wp-content\/uploads\/sites\/13\/2021\/03\/segelkaffee-200x300.jpg\" alt=\"\" width=\"200\" height=\"300\" srcset=\"https:\/\/weltlaeden.de\/ottensen\/wp-content\/uploads\/sites\/13\/2021\/03\/segelkaffee-200x300.jpg 200w, https:\/\/weltlaeden.de\/ottensen\/wp-content\/uploads\/sites\/13\/2021\/03\/segelkaffee.jpg 400w\" sizes=\"auto, (max-width: 200px) 100vw, 200px\" \/><\/p><\/div>[\/vc_column][\/vc_row][vc_row][vc_column width=&#8220;2\/3&#8243;][vc_column_text]CHIAPAS &#8211; Mexiko Bio Espresso<\/p>\n<p>Eine Kaffee-Rarit\u00e4t aus dem Hochland Mexikos im s\u00fcdlichen Bundesstaat Chiapas. Dies ist eine der artenreichsten Regionen der Welt, die optimale Anbaubedingungen f\u00fcr Kaffee bietet. Der \u201eBio Espresso Chiapas\u201c stammt aus der Sierra Madre de Chiapas, wo er in einer H\u00f6he von 1.400 &#8211; 1.500 m reift und anschlie\u00dfend geerntet wird.<\/p>\n<p>Der handgepfl\u00fcckte und sonnengereifte Kaffee eignet sich ideal f\u00fcr Siebtr\u00e4germaschinen und Kaffee-Vollautomaten.<\/p>\n<p>Erh\u00e4ltlich bei uns als Espresso gemahlen und Espresso Bohne.[\/vc_column_text][vc_separator][\/vc_column][vc_column width=&#8220;1\/3&#8243;]<div class=\"wl_einzelbild\"><p><img loading=\"lazy\" decoding=\"async\" class=\"alignnone size-medium wp-image-768\" src=\"https:\/\/weltlaeden.de\/ottensen\/wp-content\/uploads\/sites\/13\/2021\/03\/chiapas-200x300.jpeg\" alt=\"\" width=\"200\" height=\"300\" srcset=\"https:\/\/weltlaeden.de\/ottensen\/wp-content\/uploads\/sites\/13\/2021\/03\/chiapas-200x300.jpeg 200w, https:\/\/weltlaeden.de\/ottensen\/wp-content\/uploads\/sites\/13\/2021\/03\/chiapas.jpeg 400w\" sizes=\"auto, (max-width: 200px) 100vw, 200px\" \/><\/p><\/div>[\/vc_column][\/vc_row][vc_row][vc_column width=&#8220;2\/3&#8243;][vc_column_text]WILDKAFFEE &#8211; aus der Region Kaffa, \u00c4thiopien<\/p>\n<p>In der \u00e4thiopischen Provinz Kaffa, der Urheimat des Kaffees, wachsen heute noch urspr\u00fcngliche, wilde Kaffeestr\u00e4ucher in ungeahnter Sortenvielfalt. Im Bonga Forest werden diese kostbaren Bohnen dieses wilden Kaffees handgepfl\u00fcckt. Ernte, Verarbeitung und Handel erfolgen nach den Prinzipien der Nachhaltigkeit.<\/p>\n<p>Bei uns erh\u00e4ltlich: Wildkaffee aus 100% Arabica, gemahlen, mild und medium<\/p>\n<p>&nbsp;<\/p>\n<p>[\/vc_column_text][vc_separator][\/vc_column][vc_column width=&#8220;1\/3&#8243;]<div class=\"wl_einzelbild\"><p><img loading=\"lazy\" decoding=\"async\" class=\"alignnone size-medium wp-image-769\" src=\"https:\/\/weltlaeden.de\/ottensen\/wp-content\/uploads\/sites\/13\/2021\/03\/kaffa-189x300.jpeg\" alt=\"\" width=\"189\" height=\"300\" srcset=\"https:\/\/weltlaeden.de\/ottensen\/wp-content\/uploads\/sites\/13\/2021\/03\/kaffa-189x300.jpeg 189w, https:\/\/weltlaeden.de\/ottensen\/wp-content\/uploads\/sites\/13\/2021\/03\/kaffa-768x1220.jpeg 768w, https:\/\/weltlaeden.de\/ottensen\/wp-content\/uploads\/sites\/13\/2021\/03\/kaffa-645x1024.jpeg 645w, https:\/\/weltlaeden.de\/ottensen\/wp-content\/uploads\/sites\/13\/2021\/03\/kaffa.jpeg 806w\" sizes=\"auto, (max-width: 189px) 100vw, 189px\" \/><\/p><\/div>[\/vc_column][\/vc_row][vc_row][vc_column width=&#8220;2\/3&#8243;][vc_column_text]UTAMTSI &#8211; Kaffee und Espresso aus dem<br \/>\nHochland Kameruns und Ugandas<\/p>\n<p>Utamtsi bezieht seinen Rohkaffee direkt von Kleinbauern der Kooperative Sondason aus Bafoussam in Kamerun und Bukonzo in Uganda. Die Bauern erhalten einen f\u00fcr zwei Jahre festgelegten Agenda-21-Preis, der 40% \u00fcber dem Weltmarktpreis f\u00fcr Rohkaffee liegt. Vor Ort werden soziale Projekte unterst\u00fctzt, wie Gesundheitszentren und Bibliotheken. Au\u00dferdem werden den Bauern jedes Jahr Kredite mit einem niedrigen Zinssatz gew\u00e4hrt, um ihnen Investitionen zu erm\u00f6glichen.<\/p>\n<p>Bei uns erh\u00e4ltlich: Bio-Kaffee, Bio-Espresso Siziliana und Bio-Espresso Tedesca &#8211; jeweils gemahlen oder als ganze Bohne[\/vc_column_text][vc_separator][\/vc_column][vc_column width=&#8220;1\/3&#8243;]<div class=\"wl_einzelbild\"><p><img loading=\"lazy\" decoding=\"async\" class=\"alignnone size-medium wp-image-771\" src=\"https:\/\/weltlaeden.de\/ottensen\/wp-content\/uploads\/sites\/13\/2021\/03\/utamtsi-200x300.jpg\" alt=\"\" width=\"200\" height=\"300\" srcset=\"https:\/\/weltlaeden.de\/ottensen\/wp-content\/uploads\/sites\/13\/2021\/03\/utamtsi-200x300.jpg 200w, https:\/\/weltlaeden.de\/ottensen\/wp-content\/uploads\/sites\/13\/2021\/03\/utamtsi.jpg 400w\" sizes=\"auto, (max-width: 200px) 100vw, 200px\" \/><\/p><\/div>[\/vc_column][\/vc_row][vc_row][vc_column width=&#8220;2\/3&#8243;][vc_column_text]CAF\u00c9 DE MARABA &#8211; Ruanda\u00b4s Finest<\/p>\n<p>Dieser Kaffee aus Premium Bourbon Arabica Bohnen wird lokal ger\u00f6stet, verpackt und vertrieben von der R\u00f6sterei der Kooperative RWASHOSCCO in Ruanda. Alle Gewinne gehen an Mitglieder der Kooperative und sichern damit den Lebensunterhalt vieler Familien in Ruanda.<\/p>\n<p>Bei uns erh\u00e4ltlich ist der Espresso in ganzer Bohne und der Kaffee gemahlen.[\/vc_column_text][\/vc_column][vc_column width=&#8220;1\/3&#8243;]<div class=\"wl_einzelbild\"><p><img loading=\"lazy\" decoding=\"async\" class=\"alignnone size-medium wp-image-767\" src=\"https:\/\/weltlaeden.de\/ottensen\/wp-content\/uploads\/sites\/13\/2021\/03\/cafe-de-maraba-medium-200x300.jpg\" alt=\"\" width=\"200\" height=\"300\" srcset=\"https:\/\/weltlaeden.de\/ottensen\/wp-content\/uploads\/sites\/13\/2021\/03\/cafe-de-maraba-medium-200x300.jpg 200w, https:\/\/weltlaeden.de\/ottensen\/wp-content\/uploads\/sites\/13\/2021\/03\/cafe-de-maraba-medium.jpg 400w\" sizes=\"auto, (max-width: 200px) 100vw, 200px\" \/><\/p><\/div>[\/vc_column][\/vc_row]<\/p>\n<\/div>","protected":false},"excerpt":{"rendered":"<p>[vc_row][vc_column][vc_column_text]Wir stellen hier eine Auswahl unseres Kaffee-Sortiments vor &#8211; weitere Sorten und Spezialit\u00e4ten findet ihr bei uns im Laden. [\/vc_column_text][\/vc_column][\/vc_row][vc_row][vc_column][vc_separator][\/vc_column][\/vc_row][vc_row][vc_column width=&#8220;2\/3&#8243;][vc_column_text]SEGELKAFFEE &#8211; Cafe Chavalo Rund 250 Kleinbauern des Kooperativenverbands Tierra Nueva kultivieren in Mischkulturen im Umland der Stadt Boaco Arabica-Kaffee. Mit dem Geld aus den Sozialfonds des Fairen Handels kauft Tierra Nueva zum Beispiel Schulmaterial,&hellip;<\/p>\n","protected":false},"author":141,"featured_media":0,"parent":217,"menu_order":6,"comment_status":"closed","ping_status":"closed","template":"","meta":{"footnotes":""},"class_list":["post-722","page","type-page","status-publish","hentry","description-off"],"_links":{"self":[{"href":"https:\/\/weltlaeden.de\/ottensen\/wp-json\/wp\/v2\/pages\/722","targetHints":{"allow":["GET"]}}],"collection":[{"href":"https:\/\/weltlaeden.de\/ottensen\/wp-json\/wp\/v2\/pages"}],"about":[{"href":"https:\/\/weltlaeden.de\/ottensen\/wp-json\/wp\/v2\/types\/page"}],"author":[{"embeddable":true,"href":"https:\/\/weltlaeden.de\/ottensen\/wp-json\/wp\/v2\/users\/141"}],"replies":[{"embeddable":true,"href":"https:\/\/weltlaeden.de\/ottensen\/wp-json\/wp\/v2\/comments?post=722"}],"version-history":[{"count":28,"href":"https:\/\/weltlaeden.de\/ottensen\/wp-json\/wp\/v2\/pages\/722\/revisions"}],"predecessor-version":[{"id":853,"href":"https:\/\/weltlaeden.de\/ottensen\/wp-json\/wp\/v2\/pages\/722\/revisions\/853"}],"up":[{"embeddable":true,"href":"https:\/\/weltlaeden.de\/ottensen\/wp-json\/wp\/v2\/pages\/217"}],"wp:attachment":[{"href":"https:\/\/weltlaeden.de\/ottensen\/wp-json\/wp\/v2\/media?parent=722"}],"curies":[{"name":"wp","href":"https:\/\/api.w.org\/{rel}","templated":true}]}}