{"id":415,"date":"2017-06-26T19:46:02","date_gmt":"2017-06-26T17:46:02","guid":{"rendered":"http:\/\/wl.heimpixel.de\/ottensen\/?page_id=415"},"modified":"2021-09-16T11:23:17","modified_gmt":"2021-09-16T09:23:17","slug":"rundgang","status":"publish","type":"page","link":"https:\/\/weltlaeden.de\/ottensen\/rundgang\/","title":{"rendered":"Rundgang"},"content":{"rendered":"<div class=\"wpb-content-wrapper\"><p>[vc_row][vc_column]<div class=\"wl_einzelbild\"><p><\/p><\/div>[vc_raw_html]JTNDcCUzRSUzQ2lmcmFtZSUyMGZyYW1lYm9yZGVyJTNEJTIyMCUyMiUyMGhlaWdodCUzRCUyMjQ1MCUyMiUyMHNyYyUzRCUyMmh0dHBzJTNBJTJGJTJGd3d3Lmdvb2dsZS5jb20lMkZtYXBzJTJGZW1iZWQlM0ZwYiUzRCUyMTFtMCUyMTNtMiUyMTFzZGUlMjEyc2RlJTIxNHYxNDM1MTQ0NTI0ODc1JTIxNm04JTIxMW03JTIxMXNUYm5wSjFGdElMRUFBQVFxZjVGWWxRJTIxMm0yJTIxMWQ1My41NTQxOTUlMjEyZDkuOTI4ODE5JTIxM2Y3NC4zNCUyMTRmMCUyMTVmMC43ODIwODY1OTc0NjI3NDY5JTIyJTIwc3R5bGUlM0QlMjJib3JkZXIlM0ElMjAwJTNCJTIyJTIwd2lkdGglM0QlMjI2MDAlMjIlM0UlM0MlMkZpZnJhbWUlM0UlM0MlMkZwJTNF[\/vc_raw_html][\/vc_column][\/vc_row][vc_row][vc_column][vc_column_text]So sah der Laden im Sommer 2015 aus. Mittlerweile haben wir nat\u00fcrlich ganz viele neue Produkte. Aber den Tresen findet ihr immer noch da, wo er hier auf dem Bild ist. Marlowe nature ist gl\u00fccklicherweise unser &#8222;shop-in-shop&#8220; (und noch viel mehr!). Und f\u00fcr die leckeren Lebensmittel m\u00fcsst ihr immer noch nach hinten rechts durchgehen. Nur die Schokoladen &#8211; die haben wir jetzt sichbarer vorne pr\u00e4sentiert. Na ja, besser ist es ohnehin live. Kommt also einfach dabei. Wir haben schon etwas f\u00fcr euch &#8230;[\/vc_column_text][\/vc_column][\/vc_row]<\/p>\n<\/div>","protected":false},"excerpt":{"rendered":"<p>[vc_row][vc_column][vc_raw_html]JTNDcCUzRSUzQ2lmcmFtZSUyMGZyYW1lYm9yZGVyJTNEJTIyMCUyMiUyMGhlaWdodCUzRCUyMjQ1MCUyMiUyMHNyYyUzRCUyMmh0dHBzJTNBJTJGJTJGd3d3Lmdvb2dsZS5jb20lMkZtYXBzJTJGZW1iZWQlM0ZwYiUzRCUyMTFtMCUyMTNtMiUyMTFzZGUlMjEyc2RlJTIxNHYxNDM1MTQ0NTI0ODc1JTIxNm04JTIxMW03JTIxMXNUYm5wSjFGdElMRUFBQVFxZjVGWWxRJTIxMm0yJTIxMWQ1My41NTQxOTUlMjEyZDkuOTI4ODE5JTIxM2Y3NC4zNCUyMTRmMCUyMTVmMC43ODIwODY1OTc0NjI3NDY5JTIyJTIwc3R5bGUlM0QlMjJib3JkZXIlM0ElMjAwJTNCJTIyJTIwd2lkdGglM0QlMjI2MDAlMjIlM0UlM0MlMkZpZnJhbWUlM0UlM0MlMkZwJTNF[\/vc_raw_html][\/vc_column][\/vc_row][vc_row][vc_column][vc_column_text]So sah der Laden im Sommer 2015 aus. Mittlerweile haben wir nat\u00fcrlich ganz viele neue Produkte. Aber den Tresen findet ihr immer noch da, wo er hier auf dem Bild ist. Marlowe nature ist gl\u00fccklicherweise unser &#8222;shop-in-shop&#8220; (und noch viel mehr!). Und f\u00fcr die leckeren Lebensmittel m\u00fcsst ihr immer noch nach hinten rechts durchgehen. Nur&hellip;<\/p>\n","protected":false},"author":14,"featured_media":0,"parent":0,"menu_order":15,"comment_status":"closed","ping_status":"closed","template":"","meta":{"footnotes":""},"class_list":["post-415","page","type-page","status-publish","hentry","description-off"],"_links":{"self":[{"href":"https:\/\/weltlaeden.de\/ottensen\/wp-json\/wp\/v2\/pages\/415","targetHints":{"allow":["GET"]}}],"collection":[{"href":"https:\/\/weltlaeden.de\/ottensen\/wp-json\/wp\/v2\/pages"}],"about":[{"href":"https:\/\/weltlaeden.de\/ottensen\/wp-json\/wp\/v2\/types\/page"}],"author":[{"embeddable":true,"href":"https:\/\/weltlaeden.de\/ottensen\/wp-json\/wp\/v2\/users\/14"}],"replies":[{"embeddable":true,"href":"https:\/\/weltlaeden.de\/ottensen\/wp-json\/wp\/v2\/comments?post=415"}],"version-history":[{"count":5,"href":"https:\/\/weltlaeden.de\/ottensen\/wp-json\/wp\/v2\/pages\/415\/revisions"}],"predecessor-version":[{"id":896,"href":"https:\/\/weltlaeden.de\/ottensen\/wp-json\/wp\/v2\/pages\/415\/revisions\/896"}],"wp:attachment":[{"href":"https:\/\/weltlaeden.de\/ottensen\/wp-json\/wp\/v2\/media?parent=415"}],"curies":[{"name":"wp","href":"https:\/\/api.w.org\/{rel}","templated":true}]}}