{"id":358,"date":"2017-05-04T12:29:49","date_gmt":"2017-05-04T10:29:49","guid":{"rendered":"http:\/\/wl.heimpixel.de\/ottensen\/ueber-uns\/die-genossenschaft\/"},"modified":"2025-09-16T18:01:00","modified_gmt":"2025-09-16T16:01:00","slug":"die-genossenschaft","status":"publish","type":"page","link":"https:\/\/weltlaeden.de\/ottensen\/ueber-uns\/die-genossenschaft\/","title":{"rendered":"Die Genossenschaft"},"content":{"rendered":"<div class=\"wpb-content-wrapper\"><p>[vc_row][vc_column][vc_column_text css=&#8220;&#8220;]<\/p>\n<h3><strong>Die Genossenschaft<\/strong><\/h3>\n<p>Der Weltladen Ottensen wird getragen von einer Genossenschaft, der <strong>WeltladenCityHamburg eG<\/strong>.<\/p>\n<p><strong><br \/>\nWollen Sie den Fairen Handel in Hamburg f\u00f6rdern? Sowohl weltweit und auch vor Ort?<br \/>\nDann werden Sie MItglied in unserer Genossenschaft.<\/strong><\/p>\n<p>&nbsp;<\/p>\n<p><img loading=\"lazy\" decoding=\"async\" class=\"wp-image-363 alignright\" src=\"https:\/\/weltlaeden.de\/ottensen\/wp-content\/uploads\/sites\/13\/2017\/05\/fairz\u00fcckt-212x300.jpg\" alt=\"\" width=\"160\" height=\"227\" srcset=\"https:\/\/weltlaeden.de\/ottensen\/wp-content\/uploads\/sites\/13\/2017\/05\/fairz\u00fcckt-212x300.jpg 212w, https:\/\/weltlaeden.de\/ottensen\/wp-content\/uploads\/sites\/13\/2017\/05\/fairz\u00fcckt.jpg 470w\" sizes=\"auto, (max-width: 160px) 100vw, 160px\" \/><\/p>\n<p>Genossenschaftseinlagen sind ab 250,- \u20ac plus 25,- \u20ac Eintrittsgeld m\u00f6glich. Jedes Mitglied kann maximal einhundert Anteile \u00e0 250,- \u20ac \u00a0zeichnen.<\/p>\n<p>Allen Genossinnen und Genossen bieten wir beim Einkauf im Weltladen Ottensen einen Rabatt von 5%.<\/p>\n<p>Die Satzung finden Sie <a href=\"https:\/\/weltlaeden.de\/ottensen\/wp-content\/uploads\/sites\/13\/2017\/05\/Satzung-WLCityHH-mai-12.pdf\" target=\"_blank\" rel=\"noopener\"><strong>hier<\/strong><\/a>! Das Beitrittsformular findet Sie <a href=\"https:\/\/weltlaeden.de\/ottensen\/wp-content\/uploads\/sites\/13\/2017\/05\/Beitritt-zur-Genossenschaft.pdf\" target=\"_blank\" rel=\"noopener\"><strong>hier<\/strong><\/a>!<\/p>\n<p>Aktuell (Stand: 31.12.2024) haben 49 Mitglieder zusammen 353 Anteile gezeichnet.<\/p>\n<h4><strong><br \/>\n<\/strong><strong>Warum eine Genossenschaft?<\/strong><\/h4>\n<p><strong>Daf\u00fcr sprechen im Kern zwei Gr\u00fcnde:<\/strong><\/p>\n<ul>\n<li>Die Handelspartner*innen der Weltl\u00e4den in Afrika, Asien, Lateinamerika sind h\u00e4ufig als Genossenschaf\u00adten organisiert.<\/li>\n<li>In Deutschland ist eine Genossenschaft eine demokratische Rechtsform: Jedes Mitglied hat bei Abstimmungen eine Stimme, egal wie viele Genossenschaftsanteile es gezeichnet hat.<\/li>\n<\/ul>\n<p><strong>Eine Genossenschaft hat drei feste Gremien:<\/strong><\/p>\n<p>Die <strong>Generalversammlung<\/strong> <u>aller Mitglieder der Genossenschaft<\/u> tritt mindestens einmal pro Jahr zusammen, zumeist im Juni. Dort wird die finanzielle Bilanz besprochen und entschieden. Au\u00dferdem werden die Mitglieder des <strong>Aufsichtsrat<\/strong>es gew\u00e4hlt. Der Aufsichtsrat beruft den <strong>Vorstand<\/strong>. Unser Vorstand f\u00fchrt die Gesch\u00e4fte des Weltladens Ottensen.<\/p>\n<p><u>Neben der demokratische Mitbestimmung bietet die WeltladenCityHamburg eG ihren Mitgliedern wirtschaftliche Sicherheit durch die regelm\u00e4\u00dfigen Pr\u00fcfungen eines Pr\u00fcfverbands f\u00fcr Genossen\u00adschaften<\/u>. \u00c4nderungen der Mitgliederstruktur und der Genossenschaftseinlagen sind ohne Kosten und aufw\u00e4n\u00addige Verfahren machbar. Bei Austritt erh\u00e4lt das Mitglied seine Einlage (allerdings unverzinst) zur\u00fcck.<\/p>\n<p>Die WeltladenCityHamburg eG ist unter der Nummer GnR 1049 im Hamburger Genossenschaftsregister eingetragen und Mitglied im Pr\u00fcfungsverband deutscher Konsum- und Dienstleistungsgenossenschaften e.V. (Berlin).<\/p>\n<p>&nbsp;<\/p>\n<h3><strong>Kontakt<\/strong>:<\/h3>\n<p>Michael D\u00fcrrw\u00e4chter<br \/>\nWeltladen Ottensen<br \/>\nBahrenfelder Str. 176<br \/>\n22765 Hamburg<br \/>\n<a href=\"mailto:info@weltladen-ottensen.de\" target=\"_blank\" rel=\"noopener\">info@weltladen-ottensen.de<\/a><br \/>\n040\/530 26 26 5[\/vc_column_text][\/vc_column][\/vc_row]<\/p>\n<\/div>","protected":false},"excerpt":{"rendered":"<p>[vc_row][vc_column][vc_column_text css=&#8220;&#8220;] Die Genossenschaft Der Weltladen Ottensen wird getragen von einer Genossenschaft, der WeltladenCityHamburg eG. Wollen Sie den Fairen Handel in Hamburg f\u00f6rdern? Sowohl weltweit und auch vor Ort? Dann werden Sie MItglied in unserer Genossenschaft. &nbsp; Genossenschaftseinlagen sind ab 250,- \u20ac plus 25,- \u20ac Eintrittsgeld m\u00f6glich. Jedes Mitglied kann maximal einhundert Anteile \u00e0 250,-&hellip;<\/p>\n","protected":false},"author":20,"featured_media":0,"parent":219,"menu_order":13,"comment_status":"closed","ping_status":"closed","template":"","meta":{"footnotes":""},"class_list":["post-358","page","type-page","status-publish","hentry","description-off"],"_links":{"self":[{"href":"https:\/\/weltlaeden.de\/ottensen\/wp-json\/wp\/v2\/pages\/358","targetHints":{"allow":["GET"]}}],"collection":[{"href":"https:\/\/weltlaeden.de\/ottensen\/wp-json\/wp\/v2\/pages"}],"about":[{"href":"https:\/\/weltlaeden.de\/ottensen\/wp-json\/wp\/v2\/types\/page"}],"author":[{"embeddable":true,"href":"https:\/\/weltlaeden.de\/ottensen\/wp-json\/wp\/v2\/users\/20"}],"replies":[{"embeddable":true,"href":"https:\/\/weltlaeden.de\/ottensen\/wp-json\/wp\/v2\/comments?post=358"}],"version-history":[{"count":20,"href":"https:\/\/weltlaeden.de\/ottensen\/wp-json\/wp\/v2\/pages\/358\/revisions"}],"predecessor-version":[{"id":1098,"href":"https:\/\/weltlaeden.de\/ottensen\/wp-json\/wp\/v2\/pages\/358\/revisions\/1098"}],"up":[{"embeddable":true,"href":"https:\/\/weltlaeden.de\/ottensen\/wp-json\/wp\/v2\/pages\/219"}],"wp:attachment":[{"href":"https:\/\/weltlaeden.de\/ottensen\/wp-json\/wp\/v2\/media?parent=358"}],"curies":[{"name":"wp","href":"https:\/\/api.w.org\/{rel}","templated":true}]}}