{"id":217,"date":"2016-10-28T13:34:47","date_gmt":"2016-10-28T11:34:47","guid":{"rendered":"https:\/\/wl.heimpixel.de\/ottensen\/produkte\/"},"modified":"2021-09-16T11:23:17","modified_gmt":"2021-09-16T09:23:17","slug":"produkte","status":"publish","type":"page","link":"https:\/\/weltlaeden.de\/ottensen\/produkte\/","title":{"rendered":"Produkte"},"content":{"rendered":"<div class=\"wpb-content-wrapper\"><p>[vc_row][vc_column]<div class=\"wl_einzelbild\"><p><\/p><\/div>[vc_empty_space][vc_column_text]<\/p>\n<h1>Unser Sortiment<\/h1>\n<p>[\/vc_column_text][vc_column_text]Unser Sortiment kommt ausschlie\u00dflich von anerkannten Fair-Handels-Importeuren<a href=\"http:\/\/www.wfto.com\" target=\"_blank\" rel=\"www.wfto.com noopener noreferrer\"><img loading=\"lazy\" decoding=\"async\" class=\"alignright wp-image-387\" src=\"https:\/\/weltlaeden.de\/ottensen\/wp-content\/uploads\/sites\/13\/2016\/10\/WFTO-Logo-Internet.jpg\" alt=\"\" width=\"126\" height=\"124\" \/><\/a> wie z.B. der GEPA, El Puente, WeltPartner, Globo, Contigo, Fairkauf und vielen anderen Lieferanten, die vom Weltladen-Dachverband auf die Einhaltung der Fair-Handels-Kriterien der World Fair Trade Organization \u00fcberpr\u00fcft wurden.[\/vc_column_text][vc_empty_space][vc_row_inner][vc_column_inner width=&#8220;1\/2&#8243;][vc_column_text]<\/p>\n<h2>Lebensmittel<\/h2>\n<p>[\/vc_column_text]<div class=\"wl_einzelbild\"><p><img loading=\"lazy\" decoding=\"async\" class=\"alignnone size-full wp-image-354\" src=\"https:\/\/weltlaeden.de\/ottensen\/wp-content\/uploads\/sites\/13\/2016\/10\/Kaffee-web.jpg\" alt=\"\" width=\"560\" height=\"375\" srcset=\"https:\/\/weltlaeden.de\/ottensen\/wp-content\/uploads\/sites\/13\/2016\/10\/Kaffee-web.jpg 560w, https:\/\/weltlaeden.de\/ottensen\/wp-content\/uploads\/sites\/13\/2016\/10\/Kaffee-web-300x201.jpg 300w\" sizes=\"auto, (max-width: 560px) 100vw, 560px\" \/><\/p><\/div>[vc_column_text]Nat\u00fcrlich gibt es bei uns biofairen <a href=\"https:\/\/weltlaeden.de\/ottensen\/produkte\/kaffee\/\">Kaffee<\/a>. Wir bieten aber auch edlen <a href=\"https:\/\/weltlaeden.de\/ottensen\/produkte\/tee\/\">Tee<\/a>, unterschiedlichsten Honig, zartschmelzende <a href=\"https:\/\/weltlaeden.de\/ottensen\/produkte\/schokolade\/\">Schokolade<\/a>, milde bis ziemlich scharfe Gew\u00fcrze und Gew\u00fcrzmischungen, rote und wei\u00dfe <a href=\"https:\/\/weltlaeden.de\/ottensen\/produkte\/wein\/\">Weine<\/a> und viele weitere Leckereien an.<\/p>\n<p>&nbsp;<\/p>\n<p>[\/vc_column_text][vc_column_text]Einige Produkte aus dem Lebensmittelsegment und<br \/>\ndie dazugeh\u00f6rigen Partner\/Kooperativen stellen wir euch hier gerne vor:<\/p>\n<ul>\n<li><a href=\"https:\/\/weltlaeden.de\/ottensen\/produkte\/kaffee\/\">Kaffee<\/a><\/li>\n<li><a href=\"https:\/\/weltlaeden.de\/ottensen\/produkte\/schokolade\/\">Schokolade<\/a><\/li>\n<li><a href=\"https:\/\/weltlaeden.de\/ottensen\/produkte\/tee\/\">Tee<\/a><\/li>\n<li><a href=\"https:\/\/weltlaeden.de\/ottensen\/produkte\/wein\/\">Wein<\/a><\/li>\n<\/ul>\n<p>[\/vc_column_text][\/vc_column_inner][vc_column_inner width=&#8220;1\/2&#8243;][vc_column_text]<\/p>\n<h2>Kunsthandwerk<\/h2>\n<p>[\/vc_column_text]<div class=\"wl_einzelbild\"><p><img loading=\"lazy\" decoding=\"async\" class=\"aligncenter size-full wp-image-nsm-3-18\" src=\"https:\/\/weltlaeden.de\/ottensen\/wp-content\/uploads\/sites\/3\/2016\/11\/NonFoodweltladen31.jpg\" alt=\"\" width=\"600\" height=\"402\" \/><\/p><\/div>[vc_column_text]Der Fokus unseres Weltladens liegt auf ausgefallenen, hochwertigen Geschenken aus Afrika, Asien und Lateinamerika. Von der Handtasche bis zum Halstuch, vom Schmuck bis zur Lippenstiftbox, von Gl\u00e4sern bis zu Geschirr &#8211; hier findest du Handwerksartikel, mit denen man sich auch selber beschenken kann &#8230;<\/p>\n<p>&nbsp;<\/p>\n<p>[\/vc_column_text][vc_column_text]Weitere Details zu einigen ausgew\u00e4hlten Handwerks-Produkten:<\/p>\n<ul>\n<li><a href=\"https:\/\/weltlaeden.de\/ottensen\/produkte\/biobu-von-ekobo\/\">Biobu von Ekobo<\/a><\/li>\n<li><a href=\"https:\/\/weltlaeden.de\/ottensen\/produkte\/fouta\/\">Fouta &#8211; Hammamt\u00fccher<\/a><\/li>\n<li><a href=\"https:\/\/weltlaeden.de\/ottensen\/produkte\/korbwaren\/\">Korbwaren<\/a><\/li>\n<li><a href=\"https:\/\/weltlaeden.de\/ottensen\/produkte\/sonnenglas\/\">Sonnenglas<\/a><\/li>\n<\/ul>\n<p>[\/vc_column_text][\/vc_column_inner][\/vc_row_inner][\/vc_column][\/vc_row]<\/p>\n<\/div>","protected":false},"excerpt":{"rendered":"<p>[vc_row][vc_column][vc_empty_space][vc_column_text] Unser Sortiment [\/vc_column_text][vc_column_text]Unser Sortiment kommt ausschlie\u00dflich von anerkannten Fair-Handels-Importeuren wie z.B. der GEPA, El Puente, WeltPartner, Globo, Contigo, Fairkauf und vielen anderen Lieferanten, die vom Weltladen-Dachverband auf die Einhaltung der Fair-Handels-Kriterien der World Fair Trade Organization \u00fcberpr\u00fcft wurden.[\/vc_column_text][vc_empty_space][vc_row_inner][vc_column_inner width=&#8220;1\/2&#8243;][vc_column_text] Lebensmittel [\/vc_column_text][vc_column_text]Nat\u00fcrlich gibt es bei uns biofairen Kaffee. Wir bieten aber auch edlen Tee, unterschiedlichsten&hellip;<\/p>\n","protected":false},"author":1,"featured_media":0,"parent":0,"menu_order":2,"comment_status":"closed","ping_status":"closed","template":"","meta":{"footnotes":""},"class_list":["post-217","page","type-page","status-publish","hentry","description-off"],"_links":{"self":[{"href":"https:\/\/weltlaeden.de\/ottensen\/wp-json\/wp\/v2\/pages\/217","targetHints":{"allow":["GET"]}}],"collection":[{"href":"https:\/\/weltlaeden.de\/ottensen\/wp-json\/wp\/v2\/pages"}],"about":[{"href":"https:\/\/weltlaeden.de\/ottensen\/wp-json\/wp\/v2\/types\/page"}],"author":[{"embeddable":true,"href":"https:\/\/weltlaeden.de\/ottensen\/wp-json\/wp\/v2\/users\/1"}],"replies":[{"embeddable":true,"href":"https:\/\/weltlaeden.de\/ottensen\/wp-json\/wp\/v2\/comments?post=217"}],"version-history":[{"count":26,"href":"https:\/\/weltlaeden.de\/ottensen\/wp-json\/wp\/v2\/pages\/217\/revisions"}],"predecessor-version":[{"id":913,"href":"https:\/\/weltlaeden.de\/ottensen\/wp-json\/wp\/v2\/pages\/217\/revisions\/913"}],"wp:attachment":[{"href":"https:\/\/weltlaeden.de\/ottensen\/wp-json\/wp\/v2\/media?parent=217"}],"curies":[{"name":"wp","href":"https:\/\/api.w.org\/{rel}","templated":true}]}}