{"id":20,"date":"2016-10-14T09:05:21","date_gmt":"2016-10-14T07:05:21","guid":{"rendered":"https:\/\/wl.heimpixel.de\/ottensen\/weltladen-musterdorf\/"},"modified":"2023-08-14T12:16:23","modified_gmt":"2023-08-14T10:16:23","slug":"weltladen-musterdorf","status":"publish","type":"page","link":"https:\/\/weltlaeden.de\/ottensen\/","title":{"rendered":"Weltladen Ottensen"},"content":{"rendered":"<div class=\"wpb-content-wrapper\"><p>[vc_row][vc_column][vc_column_text]<\/p>\n<h1 style=\"text-align: left\">Willkommen im Weltladen Ottensen!<\/h1>\n<p>[\/vc_column_text]<!-- This slideshow output is generated with Advanced post slider a multipurpose responsive WordPress slideshow plugin - http:\/\/www.wpcue.com\/wordpress-plugins\/advanced-post-slider\/ -->\r\n<style>\r\n#advps_container4 .bx-wrapper .bx-viewport {\r\n\t\tbackground:#FFFFFF;\r\n}\r\n#advps_container4 .bx-wrapper .bx-pager{\r\n\ttext-align: right;\r\n\tpadding-right:5px;\r\n}\r\n#advps_container4 .bx-wrapper .bx-pager\r\n{\r\n\tbottom:-35px;\r\n\tz-index:999;\r\n}\r\n#advps_container4 .bx-wrapper .bx-controls-auto\r\n{\r\n\tbottom:6px;\r\n}\r\n#advps_container4 .bx-wrapper .bx-controls.bx-has-controls-auto.bx-has-pager .bx-pager {\r\n\ttext-align: right;\r\n}\r\n#advps_container4 .bx-wrapper .bx-controls-auto {\r\n\tz-index:99999;\r\n\ttext-align:center;width:100%;}\r\n\r\n#advps_container4 .bx-wrapper .bx-pager.bx-default-pager a {\r\n\tbackground: #666;\r\n\ttext-indent: -9999px;\r\n\tdisplay: block;\r\n\twidth: 10px;\r\n\theight: 10px;\r\n\tmargin: 0 5px;\r\n\toutline: 0;\r\n\t-moz-border-radius: 5px;\r\n\t-webkit-border-radius: 5px;\r\n\tborder-radius: 5px;\r\n\ttext-align:left;\r\n}\r\n#advps_container4 .bx-wrapper .bx-pager.bx-default-pager a:hover,\r\n#advps_container4 .bx-wrapper .bx-pager.bx-default-pager a.active {\r\n\tbackground: #000;\r\n}\r\n\r\n\/* thumbnail pager*\/\r\n#advps_container4 #bx-pager\r\n{\r\n\twidth:100%;\r\n\tposition:absolute;\r\n\tbottom:-35px;\r\n    text-align: right;\r\n\tz-index: 9999;\r\n}\r\n#advps_container4 #bx-pager a img\r\n{\r\n\tborder: 1px solid #CCCCCC;\r\n    padding: 3px;\r\n}\r\n#advps_container4 #bx-pager a:hover img, #advps_container4 #bx-pager a.active img\r\n{\r\n\tborder: 1px solid #666666;\r\n}\r\n\/* medai queries *\/\r\n#advps_container4 .advs-title,#advps_container4 .advs-title a\r\n{\r\n\tfont-size:20px;\r\n\tline-height:20px;\r\n}\r\n#advps_container4 .advps-slide p\r\n{\r\n\tfont-size:14px;\r\n\tline-height:14px;\r\n}\r\n@media screen and (max-width: 1024px){\r\n\t#advps_container4 .advs-title,#advps_container4 .advs-title a\r\n\t{\r\n\t\tfont-size:18px;\r\n\t\tline-height:18px;\r\n\t}\r\n\t#advps_container4 .advps-slide p\r\n\t{\r\n\t\tfont-size:12px;\r\n\t\tline-height:12px;\r\n\t}\r\n}\r\n@media screen and (max-width: 768px){\r\n\t#advps_container4 h2.advs-title, #advps_container4 h2.advs-title a\r\n\t{\r\n\t\tfont-size:16px;\r\n\t\tline-height:16px;\r\n\t}\r\n\t#advps_container4 .advps-slide p\r\n\t{\r\n\t\tfont-size:12px;\r\n\t\tline-height:12px;\r\n\t}\r\n}\r\n@media screen and (max-width: 650px){\r\n\t#advps_container4 h2.advs-title, #advps_container4 h2.advs-title a\r\n\t{\r\n\t\tfont-size:15px;\r\n\t\tline-height:15px;\r\n\t}\r\n\t#advps_container4 .advps-slide p\r\n\t{\r\n\t\tfont-size:12px;\r\n\t\tline-height:12px;\r\n\t}\r\n}\r\n@media screen and (max-width: 480px){\r\n\t#advps_container4 h2.advs-title, #advps_container4 h2.advs-title a\r\n\t{\r\n\t\tfont-size:15px;\r\n\t\tline-height:15px;\r\n\t}\r\n\t#advps_container4 .advps-slide p\r\n\t{\r\n\t\tfont-size:12px;\r\n\t\tline-height:12px;\r\n\t}\r\n}\r\n@media screen and (max-width: 320px){\r\n\t#advps_container4 h2.advs-title, #advps_container4 h2.advs-title a\r\n\t{\r\n\t\tfont-size:15px;\r\n\t\tline-height:15px;\r\n\t}\r\n\t#advps_container4 .advps-slide p\r\n\t{\r\n\t\tfont-size:12px;\r\n\t\tline-height:12px;\r\n\t}\r\n}\r\n<\/style>\r\n<script type=\"text\/javascript\">\r\n\t\tjQuery(document).ready(function($){\r\n\t\t\t$('#advpsslideshow_4').bxSlider({\r\n\t\t\t\tuseCSS:1,\r\n\t\t\t\tslideMargin: 0,\r\n\t\t\t\tspeed: 2000,\t\t\t\t\r\n\t\t\t\t\t\t\t\tmode: 'fade',\r\n\t\t\t\t\t\t\t\t\t\t\t\tauto: 1,\r\n\t\t\t\tautoHover: 1,\r\n\t\t\t\tpause: 3000,\r\n\t\t\t\teasing: 'linear',\r\n\t\t\t\tcontrols: 1,\r\n\t\t\t\tpager: 1,\r\n  \t\t\t\tautoControls: 0\t\t\t\t\t\t\t});\r\n\t\t\t\t\t\t$(\"#advpsslideshow_4 .advps-slide\").hover(function(){\r\n\t\t\t\t  \t\t\t},function(){\r\n\t\t\t\t\t\t\t});\r\n\t\t});\r\n\t<\/script>\r\n<div id=\"advps_container4\" class=\"advps-slide-container\" style=\"overflow:hidden;max-width:1000px;margin:auto;\">\r\n \r\n  <div id=\"advpsslideshow_4\">\r\n        <div class=\"advps-slide\">\r\n    \t        <img loading=\"lazy\" decoding=\"async\" width=\"640\" height=\"450\" src=\"https:\/\/weltlaeden.de\/ottensen\/wp-content\/uploads\/sites\/13\/2023\/08\/mitarbeit-2023.png\" class=\"attachment-full size-full wp-post-image\" alt=\"\" srcset=\"https:\/\/weltlaeden.de\/ottensen\/wp-content\/uploads\/sites\/13\/2023\/08\/mitarbeit-2023.png 640w, https:\/\/weltlaeden.de\/ottensen\/wp-content\/uploads\/sites\/13\/2023\/08\/mitarbeit-2023-300x211.png 300w\" sizes=\"auto, (max-width: 640px) 100vw, 640px\" \/>            <\/div>\r\n        <div class=\"advps-slide\">\r\n    \t        <img loading=\"lazy\" decoding=\"async\" width=\"640\" height=\"450\" src=\"https:\/\/weltlaeden.de\/ottensen\/wp-content\/uploads\/sites\/13\/2023\/05\/stadtschokolade.jpg\" class=\"attachment-full size-full wp-post-image\" alt=\"\" srcset=\"https:\/\/weltlaeden.de\/ottensen\/wp-content\/uploads\/sites\/13\/2023\/05\/stadtschokolade.jpg 640w, https:\/\/weltlaeden.de\/ottensen\/wp-content\/uploads\/sites\/13\/2023\/05\/stadtschokolade-300x211.jpg 300w\" sizes=\"auto, (max-width: 640px) 100vw, 640px\" \/>            <\/div>\r\n      <\/div>\r\n  <\/div><!-- end advps-slide-container -->\r\n<!-- \/ Advanced post slider a multipurpose responsive slideshow plugin -->\r\n[\/vc_column][\/vc_row][vc_row][vc_column][vc_column_text]<span style=\"color: #ff7300\"><span style=\"font-size: 22px\"><b>Mitarbeit im Weltladen Ottensen<\/b><\/span><\/span><br \/>\nWir suchen freiwillige Mitarbeiter*innen &#8211; gerne f\u00fcr kurzfristige Projekte &#8211; in den Bereichen Verkauf, Sortimentsgestaltung und Dekoration.<\/p>\n<p>Wir bieten<\/p>\n<ul>\n<li>ein Team, das engagiert und vorwiegend ehrenamtlich arbeitet<\/li>\n<li>gr\u00fcndliche Einarbeitung<\/li>\n<li>Sinn und Spa\u00df bei der Arbeit<\/li>\n<\/ul>\n<p><strong>Bei Interesse bitte einfach gerne im Laden vorbeischauen, anrufen oder e-mailen.<\/strong>[\/vc_column_text][vc_empty_space height=&#8220;30px&#8220;][vc_column_text]Wenn ihr wissen m\u00f6chtet, f\u00fcr welche Ziele und Visionen sich die Weltl\u00e4den einsetzen, empfehlen wir folgendes Video:<\/p>\n<p><iframe loading=\"lazy\" title=\"Stimmen zum Fairen Handel\" width=\"1200\" height=\"675\" src=\"https:\/\/www.youtube.com\/embed\/82ibZp3u7hY?feature=oembed\" frameborder=\"0\" allow=\"accelerometer; autoplay; clipboard-write; encrypted-media; gyroscope; picture-in-picture; web-share\" allowfullscreen><\/iframe><\/p>\n<p>[\/vc_column_text][vc_empty_space height=&#8220;30px&#8220;][vc_column_text]<\/p>\n<h2>Was ihr auf dieser Website findet:<\/h2>\n<p>[\/vc_column_text][vc_empty_space height=&#8220;10px&#8220;][vc_row_inner][vc_column_inner width=&#8220;1\/4&#8243;]<div class=\"wl_einzelbild\"><p><img loading=\"lazy\" decoding=\"async\" class=\"alignnone wp-image-350\" src=\"https:\/\/weltlaeden.de\/ottensen\/wp-content\/uploads\/sites\/13\/2016\/10\/Kaffee-Quadrat-web-150x150.jpg\" alt=\"\" width=\"150\" height=\"150\" srcset=\"https:\/\/weltlaeden.de\/ottensen\/wp-content\/uploads\/sites\/13\/2016\/10\/Kaffee-Quadrat-web-150x150.jpg 150w, https:\/\/weltlaeden.de\/ottensen\/wp-content\/uploads\/sites\/13\/2016\/10\/Kaffee-Quadrat-web-300x300.jpg 300w, https:\/\/weltlaeden.de\/ottensen\/wp-content\/uploads\/sites\/13\/2016\/10\/Kaffee-Quadrat-web.jpg 640w\" sizes=\"auto, (max-width: 150px) 100vw, 150px\" \/><\/p><\/div>[\/vc_column_inner][vc_column_inner width=&#8220;3\/4&#8243;][vc_column_text]<\/p>\n<h3>Produkte<\/h3>\n<p>Unsere Produkte im Weltladen sind nat\u00fcrlich alle aus Fairem Handel, dennoch kommen sie von unterschiedlichen Fair-Handels-Importeuren. <a href=\"https:\/\/weltlaeden.de\/ottensen\/produkte\/\">Hier zeigen wir euch unser Sortiment &#8230;<\/a>[\/vc_column_text][\/vc_column_inner][\/vc_row_inner][\/vc_column][\/vc_row][vc_row][vc_column width=&#8220;1\/4&#8243;]<div class=\"wl_einzelbild\"><p><img loading=\"lazy\" decoding=\"async\" class=\"alignleft size-thumbnail wp-image-nsm-3-15\" src=\"https:\/\/weltlaeden.de\/ottensen\/wp-content\/uploads\/sites\/3\/2016\/11\/FairerHandel_ElPuente_Fingerpuppen_EccoExe_Peru-150x150.jpg\" alt=\"\" width=\"150\" height=\"150\" \/><\/p><\/div>[\/vc_column][vc_column width=&#8220;3\/4&#8243;][vc_column_text]<\/p>\n<h3>Fairer Handel<\/h3>\n<p>Was meint Fairer Handel \u00fcberhaupt? Welche Kriterien m\u00fcssen eingehalten werden und wer \u00fcberpr\u00fcft diese? <a href=\"https:\/\/weltlaeden.de\/ottensen\/fairer-handel\/\">Erfahrt mehr &#8230;<\/a>[\/vc_column_text][\/vc_column][\/vc_row][vc_row][vc_column width=&#8220;1\/4&#8243;]<div class=\"wl_einzelbild\"><p><img loading=\"lazy\" decoding=\"async\" class=\"alignleft size-thumbnail wp-image-nsm-3-16\" src=\"https:\/\/weltlaeden.de\/ottensen\/wp-content\/uploads\/sites\/3\/2016\/11\/ElPuente_Kakaobohnen_El-Ceibo_Bolivien-150x150.jpg\" alt=\"\" width=\"150\" height=\"150\" \/><\/p><\/div>[\/vc_column][vc_column width=&#8220;3\/4&#8243;][vc_column_text]<\/p>\n<h3>\u00dcber uns<\/h3>\n<p>Wer wir sind, warum wir uns f\u00fcr Fairen Handel engagieren, wie wir mit Teamsitzungen, Ladendienst, Sortimentsauswahl und vielem mehr daf\u00fcr sorgen, dass der Laden l\u00e4uft &#8211; und wie man bei uns mitmachen kann: <a href=\"https:\/\/weltlaeden.de\/ottensen\/ueber-uns\/\">Hier stellen wir uns vor &#8230;<\/a>[\/vc_column_text][\/vc_column][\/vc_row][vc_row][vc_column width=&#8220;1\/4&#8243;]<div class=\"wl_einzelbild\"><p><a href=\"https:\/\/seu2.cleverreach.com\/f\/118868-283580\/\" target=\"_blank\" rel=\"noopener\"><img loading=\"lazy\" decoding=\"async\" class=\"alignnone wp-image-698 size-thumbnail\" src=\"https:\/\/weltlaeden.de\/ottensen\/wp-content\/uploads\/sites\/13\/2021\/02\/news-634809_640-150x150.jpg\" alt=\"\" width=\"150\" height=\"150\" srcset=\"https:\/\/weltlaeden.de\/ottensen\/wp-content\/uploads\/sites\/13\/2021\/02\/news-634809_640-150x150.jpg 150w, https:\/\/weltlaeden.de\/ottensen\/wp-content\/uploads\/sites\/13\/2021\/02\/news-634809_640-300x300.jpg 300w, https:\/\/weltlaeden.de\/ottensen\/wp-content\/uploads\/sites\/13\/2021\/02\/news-634809_640.jpg 390w\" sizes=\"auto, (max-width: 150px) 100vw, 150px\" \/><\/a><\/p><\/div>[\/vc_column][vc_column width=&#8220;3\/4&#8243;][vc_column_text]<\/p>\n<h3>Newsletter<\/h3>\n<p>Abonniere hier unseren kostenlosen Newsletter und erhalte regelm\u00e4\u00dfig Infos zu unseren Produkten, Aktionen und Neuigkeiten rund um den Fairen Handel. <a href=\"https:\/\/seu2.cleverreach.com\/f\/118868-283580\/\" target=\"_blank\" rel=\"noopener\">Zur Anmeldung &#8230;<\/a>[\/vc_column_text][\/vc_column][\/vc_row][vc_row][vc_column width=&#8220;1\/4&#8243;]<div class=\"wl_einzelbild\"><p><img loading=\"lazy\" decoding=\"async\" class=\"alignleft size-thumbnail wp-image-nsm-3-19\" src=\"https:\/\/weltlaeden.de\/ottensen\/wp-content\/uploads\/sites\/3\/2016\/11\/Termine-150x150.jpg\" alt=\"\" width=\"150\" height=\"150\" \/><\/p><\/div>[\/vc_column][vc_column width=&#8220;3\/4&#8243;][vc_column_text]<\/p>\n<h3>Termine<\/h3>\n<p>Welche Veranstaltungen demn\u00e4chst im und um den Weltladen Ottensen stattfinden, erfahrt ihr hier. Aber auch \u00fcber vergangene Termine k\u00f6nnt ihr noch etwas lesen. <a href=\"https:\/\/weltlaeden.de\/ottensen\/termine\/\">Hier erfahrt ihr, was bei uns los ist \u2026<\/a>[\/vc_column_text][\/vc_column][\/vc_row][vc_row][vc_column][vc_column_text]<\/p>\n<p style=\"text-align: right\">Besuche uns auch auf Facebook!\u00a0\u00a0 <a href=\"https:\/\/www.facebook.com\/weltladenottensen\/\" target=\"_blank\" rel=\"noopener\"><img loading=\"lazy\" decoding=\"async\" class=\"alignnone wp-image-640\" src=\"https:\/\/weltlaeden.de\/ottensen\/wp-content\/uploads\/sites\/13\/2020\/04\/facebook-logo.png\" alt=\"\" width=\"50\" height=\"50\" srcset=\"https:\/\/weltlaeden.de\/ottensen\/wp-content\/uploads\/sites\/13\/2020\/04\/facebook-logo.png 225w, https:\/\/weltlaeden.de\/ottensen\/wp-content\/uploads\/sites\/13\/2020\/04\/facebook-logo-150x150.png 150w\" sizes=\"auto, (max-width: 50px) 100vw, 50px\" \/><\/a><\/p>\n<p>[\/vc_column_text][\/vc_column][\/vc_row]<\/p>\n<\/div>","protected":false},"excerpt":{"rendered":"<p>[vc_row][vc_column][vc_column_text] Willkommen im Weltladen Ottensen! [\/vc_column_text][\/vc_column][\/vc_row][vc_row][vc_column][vc_column_text]Mitarbeit im Weltladen Ottensen Wir suchen freiwillige Mitarbeiter*innen &#8211; gerne f\u00fcr kurzfristige Projekte &#8211; in den Bereichen Verkauf, Sortimentsgestaltung und Dekoration. Wir bieten ein Team, das engagiert und vorwiegend ehrenamtlich arbeitet gr\u00fcndliche Einarbeitung Sinn und Spa\u00df bei der Arbeit Bei Interesse bitte einfach gerne im Laden vorbeischauen, anrufen oder e-mailen.[\/vc_column_text][vc_empty_space&hellip;<\/p>\n","protected":false},"author":1,"featured_media":0,"parent":0,"menu_order":0,"comment_status":"closed","ping_status":"closed","template":"","meta":{"footnotes":""},"class_list":["post-20","page","type-page","status-publish","hentry","description-off"],"_links":{"self":[{"href":"https:\/\/weltlaeden.de\/ottensen\/wp-json\/wp\/v2\/pages\/20","targetHints":{"allow":["GET"]}}],"collection":[{"href":"https:\/\/weltlaeden.de\/ottensen\/wp-json\/wp\/v2\/pages"}],"about":[{"href":"https:\/\/weltlaeden.de\/ottensen\/wp-json\/wp\/v2\/types\/page"}],"author":[{"embeddable":true,"href":"https:\/\/weltlaeden.de\/ottensen\/wp-json\/wp\/v2\/users\/1"}],"replies":[{"embeddable":true,"href":"https:\/\/weltlaeden.de\/ottensen\/wp-json\/wp\/v2\/comments?post=20"}],"version-history":[{"count":166,"href":"https:\/\/weltlaeden.de\/ottensen\/wp-json\/wp\/v2\/pages\/20\/revisions"}],"predecessor-version":[{"id":1046,"href":"https:\/\/weltlaeden.de\/ottensen\/wp-json\/wp\/v2\/pages\/20\/revisions\/1046"}],"wp:attachment":[{"href":"https:\/\/weltlaeden.de\/ottensen\/wp-json\/wp\/v2\/media?parent=20"}],"curies":[{"name":"wp","href":"https:\/\/api.w.org\/{rel}","templated":true}]}}