{"id":4043,"date":"2026-05-08T09:27:46","date_gmt":"2026-05-08T07:27:46","guid":{"rendered":"https:\/\/weltlaeden.de\/osterstrasse\/?page_id=4043"},"modified":"2026-05-08T11:11:31","modified_gmt":"2026-05-08T09:11:31","slug":"wir-trauern","status":"publish","type":"page","link":"https:\/\/weltlaeden.de\/osterstrasse\/ueber-uns\/wir-trauern\/","title":{"rendered":"Wir trauern"},"content":{"rendered":"<h2><img loading=\"lazy\" decoding=\"async\" class=\"alignnone wp-image-4049\" src=\"https:\/\/weltlaeden.de\/osterstrasse\/wp-content\/uploads\/sites\/17\/2026\/05\/Heidburg_col.jpg\" alt=\"\" width=\"444\" height=\"666\" srcset=\"https:\/\/weltlaeden.de\/osterstrasse\/wp-content\/uploads\/sites\/17\/2026\/05\/Heidburg_col.jpg 757w, https:\/\/weltlaeden.de\/osterstrasse\/wp-content\/uploads\/sites\/17\/2026\/05\/Heidburg_col-200x300.jpg 200w, https:\/\/weltlaeden.de\/osterstrasse\/wp-content\/uploads\/sites\/17\/2026\/05\/Heidburg_col-683x1024.jpg 683w\" sizes=\"auto, (max-width: 444px) 100vw, 444px\" \/><\/h2>\n<h2>Wir trauern um unsere Freundin und Mitarbeiterin Heidburg Behling (1939-2026)<\/h2>\n<p>Sie verstarb am 30. April nach kurzer schwerer Krankheit.<\/p>\n<p>Nach ihrer Pensionierung als Lehrerin f\u00fcr Religion und Latein wurde sie aktives Mitglied unseres Ladenteams und setzte sich seit mehr als 20 Jahren sehr verantwortungsvoll und unerm\u00fcdlich f\u00fcr die Interessen des Weltladen Osterstrasse, des Aktionszentrum 3. Welt e.V. und insgesamt des Fairen Handels ein. Bis zuletzt war sie Gesellschafterin und Mitglied der Gesch\u00e4ftsleitung, engagierte sich in der Sortiments-AG, beteiligte sich an der Auswahl und am Einkauf von Waren im S\u00fcd-Nord-Kontor und, bis zu dessen Aufl\u00f6sung, im Weltlager Ellerhoop. W\u00e4hrend ihrer Ladenschichten war sie Ansprechpartnerin f\u00fcr die Kund*innen sowie insgesamt f\u00fcr gr\u00f6\u00dfere Kunden wie Kirchengemeinschaften. Heidburg ging stets vom Besten in anderen Menschen aus. Als ehemalige Lehrerin war es selbstverst\u00e4ndlich f\u00fcr sie, Sch\u00fclerpraktikant*innen w\u00e4hrend deren Zeit im Weltladen zu unterst\u00fctzen und zu f\u00f6rdern.<\/p>\n<p>Im Weltladenteam war sie durch ihre offene und zugewandte Art, ihre klare Haltung und analytische St\u00e4rke eine hochgesch\u00e4tzte Ratgeberin und Partnerin. Ihre lebensbejahende und aktive Art hat uns nachhaltig beeindruckt. Die zunehmenden Einschr\u00e4nkungen durch das Alter akzeptierte sie mit Humor.<\/p>\n<p>Neben dem Fairen Handel lag ihr aber vor allem die Mitarbeit in der KZ-Gedenkst\u00e4tte Neuengamme, die Betreuung ehemaliger H\u00e4ftlinge des KZ Neuengamme und die Begleitung von Freiwilligen der Aktion S\u00fchnezeichen am Herzen. Zu sehr vielen der in Hamburg lebenden ehemaligen NS-Verfolgten hielt sie engen Kontakt, engagierte sich bei Pax Christi in der Menschenrechtsarbeit und begleitete benachteiligte Schulkinder.<\/p>\n<p>F\u00fcr ihr au\u00dferordentliches Engagement erhielt sie 2015 die \u201eMedaille f\u00fcr treue Arbeit im Dienste des Volkes\u201c des Hamburger Senats, 2019 den \u201eOlof-Palme-Friedenspreis\u201c des SPD-Kreises Stormarn und 2024 die Auszeichnung \u201eVerantwortung damals und heute \u2013 In Memoriam Esther Bejarano\u201c der Bezirksversammlung Hamburg-Mitte.<\/p>\n<p>&nbsp;<\/p>\n<p>Mit Heidburg Behling verlieren wir eine engagierte Mitarbeiterin und ein Vorbild f\u00fcr gesellschaftspolitischen Einsatz.<\/p>\n<p>&nbsp;<\/p>\n<p>Wir sind sehr traurig. Wir werden Heidburg in Erinnerung behalten.<\/p>\n","protected":false},"excerpt":{"rendered":"<p>Wir trauern um unsere Freundin und Mitarbeiterin Heidburg Behling (1939-2026) Sie verstarb am 30. April nach kurzer schwerer Krankheit. Nach ihrer Pensionierung als Lehrerin f\u00fcr Religion und Latein wurde sie aktives Mitglied unseres Ladenteams und setzte sich seit mehr als 20 Jahren sehr verantwortungsvoll und unerm\u00fcdlich f\u00fcr die Interessen des Weltladen Osterstrasse, des Aktionszentrum 3.&hellip;<\/p>\n","protected":false},"author":24,"featured_media":0,"parent":219,"menu_order":0,"comment_status":"closed","ping_status":"closed","template":"","meta":{"footnotes":""},"class_list":["post-4043","page","type-page","status-publish","hentry","description-off"],"_links":{"self":[{"href":"https:\/\/weltlaeden.de\/osterstrasse\/wp-json\/wp\/v2\/pages\/4043","targetHints":{"allow":["GET"]}}],"collection":[{"href":"https:\/\/weltlaeden.de\/osterstrasse\/wp-json\/wp\/v2\/pages"}],"about":[{"href":"https:\/\/weltlaeden.de\/osterstrasse\/wp-json\/wp\/v2\/types\/page"}],"author":[{"embeddable":true,"href":"https:\/\/weltlaeden.de\/osterstrasse\/wp-json\/wp\/v2\/users\/24"}],"replies":[{"embeddable":true,"href":"https:\/\/weltlaeden.de\/osterstrasse\/wp-json\/wp\/v2\/comments?post=4043"}],"version-history":[{"count":6,"href":"https:\/\/weltlaeden.de\/osterstrasse\/wp-json\/wp\/v2\/pages\/4043\/revisions"}],"predecessor-version":[{"id":4051,"href":"https:\/\/weltlaeden.de\/osterstrasse\/wp-json\/wp\/v2\/pages\/4043\/revisions\/4051"}],"up":[{"embeddable":true,"href":"https:\/\/weltlaeden.de\/osterstrasse\/wp-json\/wp\/v2\/pages\/219"}],"wp:attachment":[{"href":"https:\/\/weltlaeden.de\/osterstrasse\/wp-json\/wp\/v2\/media?parent=4043"}],"curies":[{"name":"wp","href":"https:\/\/api.w.org\/{rel}","templated":true}]}}