{"id":3765,"date":"2025-01-17T16:54:03","date_gmt":"2025-01-17T15:54:03","guid":{"rendered":"https:\/\/weltlaeden.de\/osterstrasse\/?page_id=3765"},"modified":"2026-01-30T13:14:09","modified_gmt":"2026-01-30T12:14:09","slug":"fairer-handel-in-hamburg","status":"publish","type":"page","link":"https:\/\/weltlaeden.de\/osterstrasse\/fairer-handel\/fairer-handel-in-hamburg\/","title":{"rendered":"Fairer Handel in Hamburg"},"content":{"rendered":"<div class=\"wpb-content-wrapper\"><h1>\u201eFairer Handel in Hamburg\u201c<\/h1>\n<p>Seit Mitte der 1970er Jahre war Hamburg f\u00fchrend beim Aufbau des Fairen Handels in Deutschland: Aktionszentrum 3. Welt e.V. mit gepa-Regionallager, Weltladen Osterstrasse m\u00fcssen hier genannt werden. Heute gibt es die Fair Trade Stadt Hamburg, das S\u00fcd Nord Kontor als Gro\u00df- und Einzelh\u00e4ndler und mehrere Weltl\u00e4den. Die Stadt Hamburg setzt sich bewusst f\u00fcr den Fairen Handel ein. Der Hamburger<\/p>\n<p>[\/dt_quote][\/vc_column][\/vc_row][vc_row][vc_column][vc_empty_space][vc_column_text]<\/p>\n<h2>Fairer Handel in Hamburg<\/h2>\n<p>Seit Mitte der 1970er Jahre war Hamburg f\u00fchrend beim Aufbau des Fairen Handels in Deutschland: <a href=\"http:\/\/az3w.de\/\">Aktionszentrum 3. Welt e.V. <\/a>mit gepa-Regionallager, Weltladen Osterstrasse m\u00fcssen hier genannt werden.<br \/>\nHeute gibt es die Fair Trade Stadt Hamburg, das S\u00fcd Nord Kontor als Gro\u00df- und Einzelh\u00e4ndler und mehrere Weltl\u00e4den. Die Stadt Hamburg setzt sich bewusst f\u00fcr den Fairen Handel ein. Der <span style=\"color: #ff9900\"><a style=\"color: #ff9900\" href=\"https:\/\/www.el-rojito.de\/produkt\/hamburger-fairmaster\/\">Hamburger Fairmaster<\/a><\/span> ist eine speziell auf das Hamburger Wasser abgestimmte Kaffeemischung aus Mittelamerika, exklusiv in Zusammenarbeit mit dem Aktionszentrum 3. Welt e.V. f\u00fcr die Welthandelsstadt Hamburg zusammengestellt. Er wird vom fairen Hamburger Kaffeeimporteur El Rojito ger\u00f6stet und hergestellt. <span style=\"color: #ff9900\"><a style=\"color: #ff9900\" href=\"https:\/\/www.fairtradestadt-hamburg.de\/mitmachen\/hamburgs-stadt-schokolade\/\">Hamburgs Stadt Schokolade<\/a><\/span> (fair und bio) kann im S\u00fcd Nord Kontor und an zahlreichen Verkaufsstellen erworben werden. Bei den <span style=\"color: #ff9900\"><a style=\"color: #ff9900\" href=\"https:\/\/www.fair-o-mat.de\/\">Fair-o-maten<\/a><\/span> in den Bezirks\u00e4mtern Altona und Eimsb\u00fcttel k\u00f6nnen im Vorbeigehen kleine fair gehandelte Snacks gezogen werden.<\/p>\n<p><a href=\"http:\/\/www.az3w.de\/\">Aktionszentrum 3. Welt e.V.<\/a><br \/>\n<a href=\"https:\/\/www.fairtrade.hamburg\/?action=seite&amp;id=96\">S\u00fcd Nord Kontor<\/a><br \/>\n<a href=\"https:\/\/www.fairtradestadt-hamburg.de\/\">Fair Trade Stadt Hamburg<\/a><br \/>\n<a href=\"https:\/\/www.el-rojito.de\/\">El Rojito<\/a><\/p>\n<p>ist eine speziell auf das Hamburger Wasser abgestimmte Kaffeemischung aus Mittelamerika, exklusiv in Zusammenarbeit mit dem Aktionszentrum 3. Welt e.V. f\u00fcr die Welthandelsstadt Hamburg zusammengestellt. Er wird vom fairen Hamburger Kaffeeimporteur El Rojito ger\u00f6stet und hergestellt. Hamburgs Stadt Schokolade (fair und bio) kann im S\u00fcd Nord Kontor und an zahlreichen Verkaufsstellen erworben werden. Bei den Fair-o-maten in den Bezirks\u00e4mtern Altona und Eimsb\u00fcttel k\u00f6nnen im Vorbeigehen kleine fair gehandelte Snacks gezogen werden.<\/p>\n<p><a href=\"http:\/\/az3w.de\/\"><span style=\"color: #ff9900\">Aktionszentrum 3. Welt e.V.<\/span><\/a><\/p>\n<p><a href=\"https:\/\/www.fairtrade.hamburg\/?action=seite&amp;id=96\"><span style=\"color: #ff9900\">S\u00fcd Nord Kontor<\/span><\/a><\/p>\n<p><a href=\"https:\/\/www.fairtradestadt-hamburg.de\/\"><span style=\"color: #ff9900\">Fair Trade Stadt Hamburg<\/span><\/a><\/p>\n<p><a href=\"https:\/\/www.el-rojito.de\/\"><span style=\"color: #ff9900\">El Rojito<\/span><\/a><\/p>\n<p>&nbsp;<\/p>\n<h3>Hamburger Weltl\u00e4den<\/h3>\n<p>Au\u00dfer dem Weltladen Osterstrasse gibt es mehrere Weltl\u00e4den in Hamburg. Sie sind zum Teil unabh\u00e4ngig, teils bei einzelnen Kirchen angesiedelt.<\/p>\n<p>Links zu<\/p>\n<p><span style=\"color: #ff9900\"><a style=\"color: #ff9900\" href=\"https:\/\/weltlaeden.de\/bergedorf\/\">Weltladen Bergedorf<\/a>\/<a style=\"color: #ff9900\" href=\"https:\/\/weltlaeden.de\/ottensen\/\">Ottensen<\/a>\/<a style=\"color: #ff9900\" href=\"https:\/\/weltlaeden.de\/harburg\/\">Harburg<\/a>\/<a style=\"color: #ff9900\" href=\"https:\/\/weltlaeden.de\/norderstedt\/\">Norderstedt<\/a>\/<\/span><a href=\"https:\/\/www.bramfelderlaterne.de\/\"><span style=\"color: #ff9900\">Bramfelder Laterne<\/span><\/a><\/p>\n<p>&nbsp;<\/p>\n<p><a href=\"http:\/\/www.weltladen-und-cafe-sasel.de\/\"><span style=\"color: #ff9900\"><span class=\"SpellE\">Vicelin<\/span>-Kirche Weltladen-Kaffee Sasel <\/span><\/a><\/p>\n<p><span style=\"color: #ff9900\"><a href=\"https:\/\/www.neugraben-fairaendern.de\/neugraben-fairaendern\/faire-produkte-in-neugraben\"><span class=\"SpellE\">Fairkauf<\/span> Neugraben<\/a> <\/span><\/p>\n<p><a href=\"https:\/\/www.johannesgemeinde.de\/erleben\/eine-welt\"><span style=\"color: #ff9900\">Rissen<\/span><\/a><\/p>\n<p>&nbsp;<\/p>\n<p>&nbsp;<\/p>\n<\/div>","protected":false},"excerpt":{"rendered":"<p>\u201eFairer Handel in Hamburg\u201c Seit Mitte der 1970er Jahre war Hamburg f\u00fchrend beim Aufbau des Fairen Handels in Deutschland: Aktionszentrum 3. Welt e.V. mit gepa-Regionallager, Weltladen Osterstrasse m\u00fcssen hier genannt werden. Heute gibt es die Fair Trade Stadt Hamburg, das S\u00fcd Nord Kontor als Gro\u00df- und Einzelh\u00e4ndler und mehrere Weltl\u00e4den. Die Stadt Hamburg setzt sich&hellip;<\/p>\n","protected":false},"author":24,"featured_media":0,"parent":218,"menu_order":4,"comment_status":"closed","ping_status":"closed","template":"","meta":{"footnotes":""},"class_list":["post-3765","page","type-page","status-publish","hentry","description-off"],"_links":{"self":[{"href":"https:\/\/weltlaeden.de\/osterstrasse\/wp-json\/wp\/v2\/pages\/3765","targetHints":{"allow":["GET"]}}],"collection":[{"href":"https:\/\/weltlaeden.de\/osterstrasse\/wp-json\/wp\/v2\/pages"}],"about":[{"href":"https:\/\/weltlaeden.de\/osterstrasse\/wp-json\/wp\/v2\/types\/page"}],"author":[{"embeddable":true,"href":"https:\/\/weltlaeden.de\/osterstrasse\/wp-json\/wp\/v2\/users\/24"}],"replies":[{"embeddable":true,"href":"https:\/\/weltlaeden.de\/osterstrasse\/wp-json\/wp\/v2\/comments?post=3765"}],"version-history":[{"count":21,"href":"https:\/\/weltlaeden.de\/osterstrasse\/wp-json\/wp\/v2\/pages\/3765\/revisions"}],"predecessor-version":[{"id":3795,"href":"https:\/\/weltlaeden.de\/osterstrasse\/wp-json\/wp\/v2\/pages\/3765\/revisions\/3795"}],"up":[{"embeddable":true,"href":"https:\/\/weltlaeden.de\/osterstrasse\/wp-json\/wp\/v2\/pages\/218"}],"wp:attachment":[{"href":"https:\/\/weltlaeden.de\/osterstrasse\/wp-json\/wp\/v2\/media?parent=3765"}],"curies":[{"name":"wp","href":"https:\/\/api.w.org\/{rel}","templated":true}]}}