{"id":3538,"date":"2024-10-14T11:43:24","date_gmt":"2024-10-14T09:43:24","guid":{"rendered":"https:\/\/weltlaeden.de\/osterstrasse\/?page_id=3538"},"modified":"2026-01-30T13:14:09","modified_gmt":"2026-01-30T12:14:09","slug":"fairer-handel-und-umwelt","status":"publish","type":"page","link":"https:\/\/weltlaeden.de\/osterstrasse\/fairer-handel\/fairer-handel-und-umwelt\/","title":{"rendered":"Fairer Handel und Umwelt"},"content":{"rendered":"<h1>Fairer Handel und Umwelt<\/h1>\n<h2><strong>Fairer Handel achtet seit Beginn auf umweltbewusste Produktion.<\/strong><\/h2>\n<p>Und das zu Recht: Denn die immer gravierenderen Folgen des nicht mehr zu leugnenden Klimawandels wirken sich am st\u00e4rksten f\u00fcr diejenigen aus, die am wenigsten zu dessen Entstehung beitragen: Sie m\u00fcssen sich neue Methoden des Anbaus (z.B. von Kaffeeb\u00e4umen) erarbeiten, sie leiden unter extremsten Hitzewellen, unzuverl\u00e4ssigeren Monsunfluten oder dem steigendem Meeresspiegel.<br \/>\nDas 10. Prinzip des Fairen Handels stellt Umweltschutz und Einsatz gegen den Klimawandel in den Mittelpunkt.<\/p>\n<p>Fair-Handels-Organisationen unterst\u00fctzen und praktizieren Produktions-, Landwirtschafts-, Dienstleistungs- und Handelsaktivit\u00e4ten, die nat\u00fcrliche Ressourcen erhalten und emissionsarm, kultursensibel, sozial gerecht und wirtschaftlich tragf\u00e4hig sind. Sie arbeiten daran, sich an den Klimawandel anzupassen und ihre Widerstandsf\u00e4higkeit gegen\u00fcber diesem zu erh\u00f6hen und die Treibhausgasemissionen ihrer T\u00e4tigkeiten zu verringern.<\/p>\n<p>Wo sie mit Gruppen von Kleinb\u00e4uerinnen, Kunsthandwerker*innen und Indigenen zusammenarbeiten, tragen Fair-Handels-Organisationen dazu bei, deren Territorien zu bewahren, deren eigene Systeme der Landnutzung zu st\u00e4rken und die Biodiversit\u00e4t vor Ort zu sch\u00fctzen. Ziel dabei ist die Erhaltung des \u00d6kosystems und die St\u00e4rkung lokal angepasster Ans\u00e4tze von Landwirtschaft und Kunsthandwerk f\u00fcr mehr Widerstandsf\u00e4higkeit gegen\u00fcber dem Klimawandel.<\/p>\n<p>K\u00e4ufer*innen und Importeure fair gehandelter Produkte und Dienstleistungen unterst\u00fctzen ihre Partner*innen in der Lieferkette dabei, Praktiken und Transportm\u00f6glichkeiten zu entwickeln, die eine nachhaltige Entwicklung erm\u00f6glichen und unseren Planeten in diesen Zeiten der Krisen besch\u00fctzen.<\/p>\n<p>Quellen:<br \/>\n\u00a9 2017\/2023 WFTO; https:\/\/wfto.com\/our-fair-trade-system\/our-10-principles-of-fair-trade\/<br \/>\n\u00dcbersetzung aus dem Englischen: Sylvia J\u00f6cker-Sch\u00e4fer (GEPA \u2013 The Fair Trade Company)<\/p>\n","protected":false},"excerpt":{"rendered":"<p>Fairer Handel und Umwelt Fairer Handel achtet seit Beginn auf umweltbewusste Produktion. Und das zu Recht: Denn die immer gravierenderen Folgen des nicht mehr zu leugnenden Klimawandels wirken sich am st\u00e4rksten f\u00fcr diejenigen aus, die am wenigsten zu dessen Entstehung beitragen: Sie m\u00fcssen sich neue Methoden des Anbaus (z.B. von Kaffeeb\u00e4umen) erarbeiten, sie leiden unter&hellip;<\/p>\n","protected":false},"author":24,"featured_media":0,"parent":218,"menu_order":3,"comment_status":"closed","ping_status":"closed","template":"","meta":{"footnotes":""},"class_list":["post-3538","page","type-page","status-publish","hentry","description-off"],"_links":{"self":[{"href":"https:\/\/weltlaeden.de\/osterstrasse\/wp-json\/wp\/v2\/pages\/3538","targetHints":{"allow":["GET"]}}],"collection":[{"href":"https:\/\/weltlaeden.de\/osterstrasse\/wp-json\/wp\/v2\/pages"}],"about":[{"href":"https:\/\/weltlaeden.de\/osterstrasse\/wp-json\/wp\/v2\/types\/page"}],"author":[{"embeddable":true,"href":"https:\/\/weltlaeden.de\/osterstrasse\/wp-json\/wp\/v2\/users\/24"}],"replies":[{"embeddable":true,"href":"https:\/\/weltlaeden.de\/osterstrasse\/wp-json\/wp\/v2\/comments?post=3538"}],"version-history":[{"count":10,"href":"https:\/\/weltlaeden.de\/osterstrasse\/wp-json\/wp\/v2\/pages\/3538\/revisions"}],"predecessor-version":[{"id":3744,"href":"https:\/\/weltlaeden.de\/osterstrasse\/wp-json\/wp\/v2\/pages\/3538\/revisions\/3744"}],"up":[{"embeddable":true,"href":"https:\/\/weltlaeden.de\/osterstrasse\/wp-json\/wp\/v2\/pages\/218"}],"wp:attachment":[{"href":"https:\/\/weltlaeden.de\/osterstrasse\/wp-json\/wp\/v2\/media?parent=3538"}],"curies":[{"name":"wp","href":"https:\/\/api.w.org\/{rel}","templated":true}]}}