{"id":2742,"date":"2022-03-13T16:34:25","date_gmt":"2022-03-13T15:34:25","guid":{"rendered":"https:\/\/weltlaeden.de\/osterstrasse\/?page_id=2742"},"modified":"2026-01-30T13:14:09","modified_gmt":"2026-01-30T12:14:09","slug":"craft-link","status":"publish","type":"page","link":"https:\/\/weltlaeden.de\/osterstrasse\/produkte\/kunsthandwerk\/craft-link\/","title":{"rendered":"Kokosnussschalen von Craft Link aus Vietnam"},"content":{"rendered":"<p>[vc_column]<div class=\"wl_einzelbild\"><p><\/p>\n<div id=\"attachment_1593\" style=\"width: 1930px\" class=\"wp-caption alignleft\"><img loading=\"lazy\" decoding=\"async\" aria-describedby=\"caption-attachment-1593\" class=\"size-full wp-image-1593\" src=\"https:\/\/weltlaeden.de\/osterstrasse\/wp-content\/uploads\/sites\/17\/2020\/12\/IMG_3096_6798-HDR.jpg\" alt=\"\" width=\"1920\" height=\"1280\" srcset=\"https:\/\/weltlaeden.de\/osterstrasse\/wp-content\/uploads\/sites\/17\/2020\/12\/IMG_3096_6798-HDR.jpg 1920w, https:\/\/weltlaeden.de\/osterstrasse\/wp-content\/uploads\/sites\/17\/2020\/12\/IMG_3096_6798-HDR-300x200.jpg 300w, https:\/\/weltlaeden.de\/osterstrasse\/wp-content\/uploads\/sites\/17\/2020\/12\/IMG_3096_6798-HDR-768x512.jpg 768w, https:\/\/weltlaeden.de\/osterstrasse\/wp-content\/uploads\/sites\/17\/2020\/12\/IMG_3096_6798-HDR-1024x683.jpg 1024w\" sizes=\"auto, (max-width: 1920px) 100vw, 1920px\" \/><p id=\"caption-attachment-1593\" class=\"wp-caption-text\">Kokosnussschalen von Craft Link aus Vietnam (Foto: Bernd Willeke)<\/p><\/div>\n<p><\/p><\/div>[vc_empty_space][vc_column_text]<\/p>\n<h1>Kunstvolle Kokosnussschalen von Craft Link aus Vietnam<\/h1>\n<p>[\/vc_column_text][vc_column_text]Craft Link ist eine vietnamesische Fair-Handels-Organisation, deren prim\u00e4re Aufgabe darin liegt, benachteiligte Gruppen von Kunsthandwerker*innen in Vietnam zu f\u00f6rdern und zu unterst\u00fctzen und somit das kulturelle Erbe zu erhalten. Craft Link arbeitet mit 63 Kunsthandwerksgruppen zusammen, die wichtige Kriterien wie eine faire Entlohnung, \u00f6kologische Anliegen und Sicherheit am Arbeitsplatz erf\u00fcllen m\u00fcssen. Bevorzugt werden dabei Kunsthandwerkerinnen aus sozialen Randgruppen. Craft Link unterst\u00fctzt vor allem ethnische Minderheiten, Menschen mit Behinderung und Familienbetriebe in D\u00f6rfern mit traditionellem Handwerk.<\/p>\n<p>Als Grundlage f\u00fcr der Schalen dienen ausgeh\u00f6hlte Kokosn\u00fcsse, die mit einer aufwendigen Technik edlen Glanz erhalten. Daf\u00fcr tragen die vietnamesischen Produzent*innen zun\u00e4chst immer eine schwarze Grundierung auf. Diese besteht aus einer Mischung von Lehm und Farbe, die aus dem Cashewnussbaum gewonnen wird. Um anschlie\u00dfend den typischen Glanz zu erreichen, sind eine Vielzahl an Schichten von Lack und Farbe n\u00f6tig. Die kunstvollen Kokosnussschalen sind nicht f\u00fcr w\u00e4ssrige oder fetthaltige Lebensmittel geeignet.[\/vc_column_text][vc_empty_space]<div class=\"wl_einzelbild\"><p><\/p>\n<div id=\"attachment_1353\" style=\"width: 1034px\" class=\"wp-caption alignleft\"><img loading=\"lazy\" decoding=\"async\" aria-describedby=\"caption-attachment-1353\" class=\"wp-image-1353 size-large\" src=\"https:\/\/weltlaeden.de\/osterstrasse\/wp-content\/uploads\/sites\/17\/2020\/04\/P1030880-1024x768.jpg\" alt=\"Foto: Magdalena Gassner\" width=\"1024\" height=\"768\" srcset=\"https:\/\/weltlaeden.de\/osterstrasse\/wp-content\/uploads\/sites\/17\/2020\/04\/P1030880-1024x768.jpg 1024w, https:\/\/weltlaeden.de\/osterstrasse\/wp-content\/uploads\/sites\/17\/2020\/04\/P1030880-300x225.jpg 300w, https:\/\/weltlaeden.de\/osterstrasse\/wp-content\/uploads\/sites\/17\/2020\/04\/P1030880-768x576.jpg 768w, https:\/\/weltlaeden.de\/osterstrasse\/wp-content\/uploads\/sites\/17\/2020\/04\/P1030880.jpg 1920w\" sizes=\"auto, (max-width: 1024px) 100vw, 1024px\" \/><p id=\"caption-attachment-1353\" class=\"wp-caption-text\">Foto: Magdalena Gassner<\/p><\/div>\n<p><\/p><\/div>[\/vc_column]<\/p>\n","protected":false},"excerpt":{"rendered":"<p>[vc_column][vc_empty_space][vc_column_text] Kunstvolle Kokosnussschalen von Craft Link aus Vietnam [\/vc_column_text][vc_column_text]Craft Link ist eine vietnamesische Fair-Handels-Organisation, deren prim\u00e4re Aufgabe darin liegt, benachteiligte Gruppen von Kunsthandwerker*innen in Vietnam zu f\u00f6rdern und zu unterst\u00fctzen und somit das kulturelle Erbe zu erhalten. Craft Link arbeitet mit 63 Kunsthandwerksgruppen zusammen, die wichtige Kriterien wie eine faire Entlohnung, \u00f6kologische Anliegen und Sicherheit&hellip;<\/p>\n","protected":false},"author":97,"featured_media":1593,"parent":1335,"menu_order":3,"comment_status":"closed","ping_status":"closed","template":"","meta":{"footnotes":""},"class_list":["post-2742","page","type-page","status-publish","has-post-thumbnail","hentry","description-off"],"_links":{"self":[{"href":"https:\/\/weltlaeden.de\/osterstrasse\/wp-json\/wp\/v2\/pages\/2742","targetHints":{"allow":["GET"]}}],"collection":[{"href":"https:\/\/weltlaeden.de\/osterstrasse\/wp-json\/wp\/v2\/pages"}],"about":[{"href":"https:\/\/weltlaeden.de\/osterstrasse\/wp-json\/wp\/v2\/types\/page"}],"author":[{"embeddable":true,"href":"https:\/\/weltlaeden.de\/osterstrasse\/wp-json\/wp\/v2\/users\/97"}],"replies":[{"embeddable":true,"href":"https:\/\/weltlaeden.de\/osterstrasse\/wp-json\/wp\/v2\/comments?post=2742"}],"version-history":[{"count":6,"href":"https:\/\/weltlaeden.de\/osterstrasse\/wp-json\/wp\/v2\/pages\/2742\/revisions"}],"predecessor-version":[{"id":2754,"href":"https:\/\/weltlaeden.de\/osterstrasse\/wp-json\/wp\/v2\/pages\/2742\/revisions\/2754"}],"up":[{"embeddable":true,"href":"https:\/\/weltlaeden.de\/osterstrasse\/wp-json\/wp\/v2\/pages\/1335"}],"wp:featuredmedia":[{"embeddable":true,"href":"https:\/\/weltlaeden.de\/osterstrasse\/wp-json\/wp\/v2\/media\/1593"}],"wp:attachment":[{"href":"https:\/\/weltlaeden.de\/osterstrasse\/wp-json\/wp\/v2\/media?parent=2742"}],"curies":[{"name":"wp","href":"https:\/\/api.w.org\/{rel}","templated":true}]}}