{"id":2735,"date":"2022-03-13T16:21:03","date_gmt":"2022-03-13T15:21:03","guid":{"rendered":"https:\/\/weltlaeden.de\/osterstrasse\/?page_id=2735"},"modified":"2026-01-30T13:14:09","modified_gmt":"2026-01-30T12:14:09","slug":"wax-industri","status":"publish","type":"page","link":"https:\/\/weltlaeden.de\/osterstrasse\/produkte\/kunsthandwerk\/wax-industri\/","title":{"rendered":"Kerzen von Wax Industri aus Indonesien"},"content":{"rendered":"<div class=\"wpb-content-wrapper\"><p>[vc_row][vc_column]<div class=\"wl_einzelbild\"><p><\/p>\n<div style=\"width: 1210px\" class=\"wp-caption aligncenter\"><img loading=\"lazy\" decoding=\"async\" src=\"https:\/\/trello-attachments.s3.amazonaws.com\/5fd8dc6c58acc4609f03695f\/1200x675\/8b4be6cf3b55aa96a803a3f5e9d44b62\/image.png\" alt=\"Sumiati (Foto: GEPA - The Fair Trade Company\/C. Nusch)\" width=\"1200\" height=\"675\" \/><p class=\"wp-caption-text\">Sumiati, Besch\u00e4ftigte bei Wax Industri (Foto: GEPA &#8211; The Fair Trade Company\/C. Nusch)<\/p><\/div>\n<p><\/p><\/div>[vc_column_text]<\/p>\n<h1>Kerzen von Wax Industri aus Indonesien<\/h1>\n<p>[\/vc_column_text][vc_column_text]In der indonesischen Kerzenmanufaktur Wax Industri wird ausgezeichnete Arbeit geleistet. Daher k\u00f6nnen wir Ihnen vegane, handgegossene und durchgef\u00e4rbte Kerzen aus nachhaltigem, zertifiziertem Palmwachs pr\u00e4sentieren. Sie finden sie bei uns in unterschiedlichen Farben, diversen Formen und Gr\u00f6\u00dfen sowie in glatter oder marmorierter Optik.[\/vc_column_text][vc_empty_space][vc_media_grid element_width=&#8220;6&#8243; grid_id=&#8220;vc_gid:1647184411182-e2bc5394-7384-9&#8243; include=&#8220;1599,1598&#8243;][vc_empty_space][vc_column_text]Alle Kerzen werden in Handarbeit gegossen, poliert und verpackt. Die Kerzenmanufaktur hat so f\u00fcr ein kleines Jobwunder in der Region gesorgt. \u201eIch bin seit neun Jahren bei Wax Industri und habe in dieser Zeit viel gelernt. Ich bin stolz darauf, dass ich es so weit gebracht habe, dass ich neue Modelle entwickeln kann\u201c, sagt Sumiati Besch\u00e4ftigte bei Wax Industri. Die besonderen handwerklichen F\u00e4higkeiten der Menschen zu nutzen und ihnen Arbeitspl\u00e4tze auf dem Land anzubieten, ist den beiden Besitzern Ong Wen Ping und Prananto Nugroho sehr wichtig. Sie kehrten wieder in die Stadt Ngawi zur\u00fcck, in der sie aufgewachsen waren und bauten dort eine Kerzenmanufaktur auf, die Ende 2001 in Betrieb ging. Vor allem Frauen eine Einkommensm\u00f6glichkeit zu geben und gute Arbeitsbedingungen zu schaffen, ist f\u00fcr die sozial engagierten Eigent\u00fcmer von gro\u00dfer Bedeutung. Fair und nachhaltig soll ihr Produkt sein. Sie legen gro\u00dfen Wert auf die Verwendung von nachhaltigen Materialien. Das Palmwachs wird \u00fcberwiegend aus den Fr\u00fcchten nachhaltig angebauter \u00d6lpalmen gewonnen. Bei Wax Industri wird f\u00fcr die Kerzenproduktion Regenwasser aufgefangen und gespeichert sowie Solarenergie zum Schmelzen des Wachses eingesetzt.<\/p>\n<p>[\/vc_column_text][vc_empty_space][vc_video link=&#8220;https:\/\/youtu.be\/Glxk3rY5oUw&#8220;][\/vc_column][\/vc_row]<\/p>\n<\/div>","protected":false},"excerpt":{"rendered":"<p>[vc_row][vc_column][vc_column_text] Kerzen von Wax Industri aus Indonesien [\/vc_column_text][vc_column_text]In der indonesischen Kerzenmanufaktur Wax Industri wird ausgezeichnete Arbeit geleistet. Daher k\u00f6nnen wir Ihnen vegane, handgegossene und durchgef\u00e4rbte Kerzen aus nachhaltigem, zertifiziertem Palmwachs pr\u00e4sentieren. Sie finden sie bei uns in unterschiedlichen Farben, diversen Formen und Gr\u00f6\u00dfen sowie in glatter oder marmorierter Optik.[\/vc_column_text][vc_empty_space][vc_media_grid element_width=&#8220;6&#8243; grid_id=&#8220;vc_gid:1647184411182-e2bc5394-7384-9&#8243; include=&#8220;1599,1598&#8243;][vc_empty_space][vc_column_text]Alle Kerzen werden in&hellip;<\/p>\n","protected":false},"author":97,"featured_media":0,"parent":1335,"menu_order":37,"comment_status":"closed","ping_status":"closed","template":"","meta":{"footnotes":""},"class_list":["post-2735","page","type-page","status-publish","hentry","description-off"],"_links":{"self":[{"href":"https:\/\/weltlaeden.de\/osterstrasse\/wp-json\/wp\/v2\/pages\/2735","targetHints":{"allow":["GET"]}}],"collection":[{"href":"https:\/\/weltlaeden.de\/osterstrasse\/wp-json\/wp\/v2\/pages"}],"about":[{"href":"https:\/\/weltlaeden.de\/osterstrasse\/wp-json\/wp\/v2\/types\/page"}],"author":[{"embeddable":true,"href":"https:\/\/weltlaeden.de\/osterstrasse\/wp-json\/wp\/v2\/users\/97"}],"replies":[{"embeddable":true,"href":"https:\/\/weltlaeden.de\/osterstrasse\/wp-json\/wp\/v2\/comments?post=2735"}],"version-history":[{"count":4,"href":"https:\/\/weltlaeden.de\/osterstrasse\/wp-json\/wp\/v2\/pages\/2735\/revisions"}],"predecessor-version":[{"id":2741,"href":"https:\/\/weltlaeden.de\/osterstrasse\/wp-json\/wp\/v2\/pages\/2735\/revisions\/2741"}],"up":[{"embeddable":true,"href":"https:\/\/weltlaeden.de\/osterstrasse\/wp-json\/wp\/v2\/pages\/1335"}],"wp:attachment":[{"href":"https:\/\/weltlaeden.de\/osterstrasse\/wp-json\/wp\/v2\/media?parent=2735"}],"curies":[{"name":"wp","href":"https:\/\/api.w.org\/{rel}","templated":true}]}}