{"id":2727,"date":"2022-03-13T16:06:26","date_gmt":"2022-03-13T15:06:26","guid":{"rendered":"https:\/\/weltlaeden.de\/osterstrasse\/?page_id=2727"},"modified":"2026-01-30T13:14:09","modified_gmt":"2026-01-30T12:14:09","slug":"isuna","status":"publish","type":"page","link":"https:\/\/weltlaeden.de\/osterstrasse\/produkte\/kunsthandwerk\/isuna\/","title":{"rendered":"Keramik von ISUNA aus S\u00fcdafrika"},"content":{"rendered":"<div class=\"wpb-content-wrapper\"><p>[vc_row][vc_column]<div class=\"wl_einzelbild\"><p><img loading=\"lazy\" decoding=\"async\" class=\"wp-image-1346 size-large\" src=\"https:\/\/weltlaeden.de\/osterstrasse\/wp-content\/uploads\/sites\/17\/2020\/04\/P1030737-1024x576.jpg\" alt=\"\" width=\"1024\" height=\"576\" srcset=\"https:\/\/weltlaeden.de\/osterstrasse\/wp-content\/uploads\/sites\/17\/2020\/04\/P1030737-1024x576.jpg 1024w, https:\/\/weltlaeden.de\/osterstrasse\/wp-content\/uploads\/sites\/17\/2020\/04\/P1030737-300x169.jpg 300w, https:\/\/weltlaeden.de\/osterstrasse\/wp-content\/uploads\/sites\/17\/2020\/04\/P1030737-768x432.jpg 768w, https:\/\/weltlaeden.de\/osterstrasse\/wp-content\/uploads\/sites\/17\/2020\/04\/P1030737.jpg 1920w\" sizes=\"auto, (max-width: 1024px) 100vw, 1024px\" \/><\/p>\n<p><\/p><\/div>[vc_column_text]<\/p>\n<p style=\"text-align: right\"><span style=\"color: #999999\">Produktfotos: Magdalena Gassner<\/span><\/p>\n<p>[\/vc_column_text][vc_empty_space][vc_column_text]<\/p>\n<h1>Farbenfrohe Keramik von ISUNA aus S\u00fcdafrika<\/h1>\n<p>[\/vc_column_text][vc_column_text]ISUNA Keramik ist so bunt wie die Regenbogen-Nation S\u00fcdafrika, in der sie entsteht. 2006 fanden sich afrikanische Keramik-K\u00fcnstler*innen in Kapstadt zusammen. Sie wollten ihrem t\u00e4glichen \u00dcberlebenskampf in den Townships ein Ende setzen und mit einem geregelten Einkommen ihren Lebensunterhalt sichern. Ihr Erfolgsgeheimnis ist hochwertige Qualit\u00e4t und k\u00fcnstlerisch wertvolle Manufaktur. Farben und Glasur sind lebensmittelecht und bleifrei. Der Herstellungsprozess beinhaltet mehrere Brenn- und Glasur-Vorg\u00e4nge bis 1200 \u00b0C. Die Keramik ist mikrowellen- wie sp\u00fclmaschinenfest. Vom Rohstoff Ton bis zum fertigen Produkt dauert es bis zu 8 Wochen. Jedes St\u00fcck ist ein Unikat und von der jeweiligen K\u00fcnstlerin oder dem jeweiligen K\u00fcnstler handsigniert. Diese erhalten gerechte, \u00fcberdurchschnittliche Geh\u00e4lter, arbeiten unter fairen Arbeitsbedingungen und zu vertr\u00e4glichen Arbeitszeiten in einer modernen Werkstatt. ISUNA exportiert direkt nach Deutschland und meidet den verteuernden Zwischenhandel.[\/vc_column_text][vc_media_grid element_width=&#8220;6&#8243; grid_id=&#8220;vc_gid:1647182750803-a8c29eb0-62a9-3&#8243; include=&#8220;1521,1345,1344,1343,1342,1341,1340,1523&#8243;][vc_empty_space][\/vc_column][\/vc_row][vc_row][vc_column][vc_column_text]<\/p>\n<h3>Die Keramikkunst von ISUNA ist ein Lieblingsprodukt unserer Gesch\u00e4ftsf\u00fchrerin Christiane Baum:<\/h3>\n<p>[\/vc_column_text]<blockquote class=\"text-big shortcode-blockquote\"><h2><em>&#8222;Die kunstvollen und farbenfrohen Unikate der ISUNA-Keramik erfreuen mich jeden Tag aufs Neue &#8211; besonders seit ich bei meinem Besuch der Manufaktur in Kapstadt ihre Entstehung bewundern konnte. Und ist es nicht wundervoll, dass die K\u00fcnstler*innen unter fairen Bedingungen arbeiten und vom Ertrag ihrer Kunst leben k\u00f6nnen?&#8220;<\/em><\/h2>\n<\/blockquote>[vc_empty_space][vc_column_text]<\/p>\n<h3 style=\"text-align: center\"><strong>Weitere Lieblingsprodukte unserer Mitarbeiter*innen <a href=\"https:\/\/weltlaeden.de\/osterstrasse\/produkte\/lieblingsprodukte\/\">entdecken Sie hier.<\/a><\/strong><\/h3>\n<p>[\/vc_column_text][\/vc_column][\/vc_row]<\/p>\n<\/div>","protected":false},"excerpt":{"rendered":"<p>[vc_row][vc_column][vc_column_text] Produktfotos: Magdalena Gassner [\/vc_column_text][vc_empty_space][vc_column_text] Farbenfrohe Keramik von ISUNA aus S\u00fcdafrika [\/vc_column_text][vc_column_text]ISUNA Keramik ist so bunt wie die Regenbogen-Nation S\u00fcdafrika, in der sie entsteht. 2006 fanden sich afrikanische Keramik-K\u00fcnstler*innen in Kapstadt zusammen. Sie wollten ihrem t\u00e4glichen \u00dcberlebenskampf in den Townships ein Ende setzen und mit einem geregelten Einkommen ihren Lebensunterhalt sichern. Ihr Erfolgsgeheimnis ist hochwertige&hellip;<\/p>\n","protected":false},"author":97,"featured_media":1346,"parent":1335,"menu_order":1,"comment_status":"closed","ping_status":"closed","template":"","meta":{"footnotes":""},"class_list":["post-2727","page","type-page","status-publish","has-post-thumbnail","hentry","description-off"],"_links":{"self":[{"href":"https:\/\/weltlaeden.de\/osterstrasse\/wp-json\/wp\/v2\/pages\/2727","targetHints":{"allow":["GET"]}}],"collection":[{"href":"https:\/\/weltlaeden.de\/osterstrasse\/wp-json\/wp\/v2\/pages"}],"about":[{"href":"https:\/\/weltlaeden.de\/osterstrasse\/wp-json\/wp\/v2\/types\/page"}],"author":[{"embeddable":true,"href":"https:\/\/weltlaeden.de\/osterstrasse\/wp-json\/wp\/v2\/users\/97"}],"replies":[{"embeddable":true,"href":"https:\/\/weltlaeden.de\/osterstrasse\/wp-json\/wp\/v2\/comments?post=2727"}],"version-history":[{"count":6,"href":"https:\/\/weltlaeden.de\/osterstrasse\/wp-json\/wp\/v2\/pages\/2727\/revisions"}],"predecessor-version":[{"id":2733,"href":"https:\/\/weltlaeden.de\/osterstrasse\/wp-json\/wp\/v2\/pages\/2727\/revisions\/2733"}],"up":[{"embeddable":true,"href":"https:\/\/weltlaeden.de\/osterstrasse\/wp-json\/wp\/v2\/pages\/1335"}],"wp:featuredmedia":[{"embeddable":true,"href":"https:\/\/weltlaeden.de\/osterstrasse\/wp-json\/wp\/v2\/media\/1346"}],"wp:attachment":[{"href":"https:\/\/weltlaeden.de\/osterstrasse\/wp-json\/wp\/v2\/media?parent=2727"}],"curies":[{"name":"wp","href":"https:\/\/api.w.org\/{rel}","templated":true}]}}