{"id":2685,"date":"2022-02-24T14:18:47","date_gmt":"2022-02-24T13:18:28","guid":{"rendered":"https:\/\/weltlaeden.de\/osterstrasse\/produkte\/produkte-des-monats-2\/"},"modified":"2026-01-30T13:14:09","modified_gmt":"2026-01-30T12:14:09","slug":"green-net","status":"publish","type":"page","link":"https:\/\/weltlaeden.de\/osterstrasse\/produkte\/lebensmittel\/green-net\/","title":{"rendered":"Duftreis &#8222;Hom Mali&#8220; von Green Net aus Thailand"},"content":{"rendered":"<div class=\"wpb-content-wrapper\"><p>[vc_row][vc_column]<div class=\"wl_einzelbild\"><p><\/p>\n<div id=\"attachment_1418\" style=\"width: 910px\" class=\"wp-caption alignnone\"><img loading=\"lazy\" decoding=\"async\" aria-describedby=\"caption-attachment-1418\" class=\"size-full wp-image-1418 alignleft\" src=\"https:\/\/weltlaeden.de\/osterstrasse\/wp-content\/uploads\/sites\/17\/2020\/06\/IMG_7678_aw.jpg\" alt=\"\" width=\"900\" height=\"600\" srcset=\"https:\/\/weltlaeden.de\/osterstrasse\/wp-content\/uploads\/sites\/17\/2020\/06\/IMG_7678_aw.jpg 900w, https:\/\/weltlaeden.de\/osterstrasse\/wp-content\/uploads\/sites\/17\/2020\/06\/IMG_7678_aw-300x200.jpg 300w, https:\/\/weltlaeden.de\/osterstrasse\/wp-content\/uploads\/sites\/17\/2020\/06\/IMG_7678_aw-768x512.jpg 768w\" sizes=\"auto, (max-width: 900px) 100vw, 900px\" \/><p id=\"caption-attachment-1418\" class=\"wp-caption-text\">Naturbelassener oder geschliffener Langkornreis von Green Net aus Thailand (Foto: GEPA &#8211; The Fair Trade Company \/ A. Welsing)<\/p><\/div>\n<p><\/p><\/div>[vc_empty_space][vc_column_text]<\/p>\n<h1>Duftreis &#8222;Hom Mali&#8220; von Green Net aus Thailand<span style=\"color: #ff9900\"><strong><br \/>\n<\/strong><\/span><\/h1>\n<h3>Naturbelassener und geschliffener Langkornreis<\/h3>\n<p>Green Net Cooperative engagiert sich seit Ende der 1980er Jahre bei der Umsetzung und Verbreitung des Bioanbaus und einer \u00f6kologischen Landwirtschaft, wie sie vor der \u201eGr\u00fcnen Revolution\u201c in Thailand \u00fcblich war. Green Net war Mitbegr\u00fcnderin der dortigen Bio-Zertifizierungsorganisation und ist weltweit aktiv in der Lobby- und Kampagnenarbeit. Ihre B\u00e4uer*innen pflanzen standortgerechte robuste Reissorten wie Hom Mali an, wobei sie bei der Umsetzung neuer Anbaumethoden, die zusammen mit Green Net entwickelt wurden, beraten werden. Der Bio-Duftreis \u201eHom Mali\u201c wird im Nordosten Thailands angebaut.<\/p>\n<p>Green Net arbeitet mit acht Produzent*innengruppen zusammen. Regelm\u00e4\u00dfig werden Zwischenkulturen wie Bohnen ausges\u00e4t, die den Boden mit N\u00e4hrstoffen bereichern. Zudem k\u00f6nnen Enten und Fische in diesen Reisfeldern gehalten werden. Zusammen mit Green Net erforschen die B\u00e4uer*innen das regionale Klima und Anbaumethoden, die auch trotz Klimawandel funktionieren. Verarbeitet und verpackt wird der Bio-Reis vor Ort. Einige Gruppen haben sehr erfolgreich lokale Biom\u00e4rkte aufgebaut.<\/p>\n<p><a href=\"https:\/\/weltlaeden.de\/osterstrasse\/fairer-handel\/wertschoepfung\/\"><span style=\"color: #ff9900\"><strong>FAIR WERT &#8211; 100% Wertsch\u00f6pfung in Thailand<\/strong><\/span><\/a>[\/vc_column_text][\/vc_column][\/vc_row][vc_row][vc_column width=&#8220;1\/2&#8243;][vc_empty_space]<div class=\"wl_einzelbild\"><p><img loading=\"lazy\" decoding=\"async\" class=\"alignnone size-full wp-image-2630\" src=\"https:\/\/weltlaeden.de\/osterstrasse\/wp-content\/uploads\/sites\/17\/2019\/10\/WL_Sprechblase_02_22.jpg\" alt=\"\" width=\"1772\" height=\"1772\" srcset=\"https:\/\/weltlaeden.de\/osterstrasse\/wp-content\/uploads\/sites\/17\/2019\/10\/WL_Sprechblase_02_22.jpg 1772w, https:\/\/weltlaeden.de\/osterstrasse\/wp-content\/uploads\/sites\/17\/2019\/10\/WL_Sprechblase_02_22-300x300.jpg 300w, https:\/\/weltlaeden.de\/osterstrasse\/wp-content\/uploads\/sites\/17\/2019\/10\/WL_Sprechblase_02_22-1024x1024.jpg 1024w, https:\/\/weltlaeden.de\/osterstrasse\/wp-content\/uploads\/sites\/17\/2019\/10\/WL_Sprechblase_02_22-150x150.jpg 150w, https:\/\/weltlaeden.de\/osterstrasse\/wp-content\/uploads\/sites\/17\/2019\/10\/WL_Sprechblase_02_22-768x768.jpg 768w, https:\/\/weltlaeden.de\/osterstrasse\/wp-content\/uploads\/sites\/17\/2019\/10\/WL_Sprechblase_02_22-1536x1536.jpg 1536w\" sizes=\"auto, (max-width: 1772px) 100vw, 1772px\" \/><\/p><\/div>[vc_empty_space][\/vc_column][vc_column width=&#8220;1\/2&#8243;][vc_empty_space]<div class=\"wl_einzelbild\"><p><\/p>\n<p>&nbsp;<\/p>\n<p>&nbsp;<\/p>\n<p><img loading=\"lazy\" decoding=\"async\" class=\"alignnone size-full wp-image-2632\" src=\"https:\/\/weltlaeden.de\/osterstrasse\/wp-content\/uploads\/sites\/17\/2019\/10\/Vitoon_Panyakul_Green_Net.jpg\" alt=\"\" width=\"900\" height=\"600\" srcset=\"https:\/\/weltlaeden.de\/osterstrasse\/wp-content\/uploads\/sites\/17\/2019\/10\/Vitoon_Panyakul_Green_Net.jpg 900w, https:\/\/weltlaeden.de\/osterstrasse\/wp-content\/uploads\/sites\/17\/2019\/10\/Vitoon_Panyakul_Green_Net-300x200.jpg 300w, https:\/\/weltlaeden.de\/osterstrasse\/wp-content\/uploads\/sites\/17\/2019\/10\/Vitoon_Panyakul_Green_Net-768x512.jpg 768w\" sizes=\"auto, (max-width: 900px) 100vw, 900px\" \/><\/p>\n<h6 style=\"text-align: center\">Vitoon Panyakul (links im Bild)<br \/>\n(Foto: GEPA \u2013 The Fair Trade Company \/ A.Welsing)<\/h6>\n<p><\/p><\/div>[vc_empty_space][\/vc_column][\/vc_row][vc_row][vc_column][vc_empty_space][\/vc_column][\/vc_row][vc_column width=&#8220;1\/2&#8243;][\/vc_column][vc_row][vc_column]<blockquote class=\"text-big shortcode-blockquote\"><h2>&#8222;Hom Mali Duftreis aus Thailand steht f\u00fcr mich f\u00fcr grenzenlose Solidarit\u00e4t: Vitoon Panyakul, Mitbegr\u00fcnder der Kleinb\u00e4uer*innengenossenschaft Green Net, spendete 2016 sechs Tonnen Reis f\u00fcr Gefl\u00fcchtete in \u00d6sterreich. Als Weltladen-Aktive verteilte ich den Reis mit Stolz. &#8218;Thailand hilft \u00d6sterreich&#8216; &#8211; eine Geste, die meinen Blick auf die Welt FAIR\u00e4ndert hat.&#8220;<\/h2>\n<h2 style=\"text-align: right\"><em>(Magdalena Gassner, ehrenamtliche Mitarbeiterin im Weltladen Osterstra\u00dfe)<\/em><\/h2>\n<\/blockquote>[vc_column_text]<\/p>\n<h3><strong>Weitere Lieblingsprodukte unserer Mitarbeiter*innen k\u00f6nnen Sie<a href=\"https:\/\/weltlaeden.de\/osterstrasse\/produkte\/lieblingsprodukte\/\"> hier entdecken.<\/a><\/strong><\/h3>\n<p>[\/vc_column_text][\/vc_column][\/vc_row]<\/p>\n<\/div>","protected":false},"excerpt":{"rendered":"<p>[vc_row][vc_column][vc_empty_space][vc_column_text] Duftreis &#8222;Hom Mali&#8220; von Green Net aus Thailand Naturbelassener und geschliffener Langkornreis Green Net Cooperative engagiert sich seit Ende der 1980er Jahre bei der Umsetzung und Verbreitung des Bioanbaus und einer \u00f6kologischen Landwirtschaft, wie sie vor der \u201eGr\u00fcnen Revolution\u201c in Thailand \u00fcblich war. Green Net war Mitbegr\u00fcnderin der dortigen Bio-Zertifizierungsorganisation und ist weltweit aktiv&hellip;<\/p>\n","protected":false},"author":24,"featured_media":1418,"parent":1251,"menu_order":27,"comment_status":"closed","ping_status":"closed","template":"","meta":{"footnotes":""},"class_list":["post-2685","page","type-page","status-publish","has-post-thumbnail","hentry","description-off"],"_links":{"self":[{"href":"https:\/\/weltlaeden.de\/osterstrasse\/wp-json\/wp\/v2\/pages\/2685","targetHints":{"allow":["GET"]}}],"collection":[{"href":"https:\/\/weltlaeden.de\/osterstrasse\/wp-json\/wp\/v2\/pages"}],"about":[{"href":"https:\/\/weltlaeden.de\/osterstrasse\/wp-json\/wp\/v2\/types\/page"}],"author":[{"embeddable":true,"href":"https:\/\/weltlaeden.de\/osterstrasse\/wp-json\/wp\/v2\/users\/24"}],"replies":[{"embeddable":true,"href":"https:\/\/weltlaeden.de\/osterstrasse\/wp-json\/wp\/v2\/comments?post=2685"}],"version-history":[{"count":5,"href":"https:\/\/weltlaeden.de\/osterstrasse\/wp-json\/wp\/v2\/pages\/2685\/revisions"}],"predecessor-version":[{"id":3690,"href":"https:\/\/weltlaeden.de\/osterstrasse\/wp-json\/wp\/v2\/pages\/2685\/revisions\/3690"}],"up":[{"embeddable":true,"href":"https:\/\/weltlaeden.de\/osterstrasse\/wp-json\/wp\/v2\/pages\/1251"}],"wp:featuredmedia":[{"embeddable":true,"href":"https:\/\/weltlaeden.de\/osterstrasse\/wp-json\/wp\/v2\/media\/1418"}],"wp:attachment":[{"href":"https:\/\/weltlaeden.de\/osterstrasse\/wp-json\/wp\/v2\/media?parent=2685"}],"curies":[{"name":"wp","href":"https:\/\/api.w.org\/{rel}","templated":true}]}}