{"id":2446,"date":"2021-09-29T17:23:47","date_gmt":"2021-09-29T15:23:46","guid":{"rendered":"https:\/\/weltlaeden.de\/osterstrasse\/?page_id=2446"},"modified":"2026-01-30T13:14:10","modified_gmt":"2026-01-30T12:14:10","slug":"hamburg","status":"publish","type":"page","link":"https:\/\/weltlaeden.de\/osterstrasse\/neuigkeiten\/hamburg\/","title":{"rendered":"Hamburg, mach dich Fair!"},"content":{"rendered":"<div class=\"wpb-content-wrapper\"><p>[vc_row][vc_column]<div class=\"wl_einzelbild\"><p><img loading=\"lazy\" decoding=\"async\" class=\"alignleft size-full wp-image-2539\" src=\"https:\/\/weltlaeden.de\/osterstrasse\/wp-content\/uploads\/sites\/17\/2021\/11\/Weltl\u00e4den_Hamburg_Querformat_10-2021_1x2.jpeg\" alt=\"\" width=\"1200\" height=\"600\" srcset=\"https:\/\/weltlaeden.de\/osterstrasse\/wp-content\/uploads\/sites\/17\/2021\/11\/Weltl\u00e4den_Hamburg_Querformat_10-2021_1x2.jpeg 1200w, https:\/\/weltlaeden.de\/osterstrasse\/wp-content\/uploads\/sites\/17\/2021\/11\/Weltl\u00e4den_Hamburg_Querformat_10-2021_1x2-300x150.jpeg 300w, https:\/\/weltlaeden.de\/osterstrasse\/wp-content\/uploads\/sites\/17\/2021\/11\/Weltl\u00e4den_Hamburg_Querformat_10-2021_1x2-768x384.jpeg 768w, https:\/\/weltlaeden.de\/osterstrasse\/wp-content\/uploads\/sites\/17\/2021\/11\/Weltl\u00e4den_Hamburg_Querformat_10-2021_1x2-1024x512.jpeg 1024w\" sizes=\"auto, (max-width: 1200px) 100vw, 1200px\" \/><\/p><\/div>[vc_empty_space][\/vc_column][\/vc_row][vc_row][vc_column][vc_column_text]<span style=\"color: #000000\"><strong>Die Fair Trade Kampagne in deiner Stadt<\/strong><\/span><\/p>\n<h1>\u201eHamburg, mach dich Fair!\u201c<\/h1>\n<p><strong>Zum Auftakt der bundesweiten <a href=\"http:\/\/www.faire-woche.de\">Fairen Woche<\/a> im September 2021 ist in Hamburg endlich die Fair Trade Kampagne gestartet. Im Mittelpunkt steht die St\u00e4rkung des Fairen Handels. \u201eBezahle andere immer so, wie du selbst bezahlt werden m\u00f6chtest: Fair!\u201c, fordert Jan Delay alle Hamburger*innen als Kampagnen-Botschafter auf. Als Fair-Handels-Pioniere der ersten Stunde sind die Weltl\u00e4den nat\u00fcrlich von Anfang an dabei.<\/strong>[\/vc_column_text][\/vc_column][\/vc_row][vc_row][vc_column width=&#8220;2\/3&#8243;][vc_empty_space][vc_column_text]Die Kampagne \u201eHamburg, mach dich Fair!\u201c wurde von der <a href=\"https:\/\/www.fairtradestadt-hamburg.de\/\">Fair Trade Stadt Hamburg<\/a> ins Leben gerufen. B\u00fcrger*innen, Unternehmen und Sportvereine stehen dabei im Fokus. Der Wettbewerb \u201eFaires B\u00fcro\u201c, ein Faires Fu\u00dfballturnier, eine fair gehandelte Stadtschokolade und ein fairer Pfeffersack sind Teil der Strategie f\u00fcr ein zukunftsf\u00e4higes Wirtschaften in Hamburg. Dar\u00fcber hinaus bietet die Kampagne Beratung, Qualifizierung und Unterst\u00fctzung bei der Vernetzung von Unternehmen, die sich im Fairen Handel engagieren.[\/vc_column_text][\/vc_column][vc_column width=&#8220;1\/3&#8243;]<div class=\"wl_einzelbild\"><p><\/p>\n<div id=\"attachment_2452\" style=\"width: 770px\" class=\"wp-caption alignleft\"><img loading=\"lazy\" decoding=\"async\" aria-describedby=\"caption-attachment-2452\" class=\"size-full wp-image-2452\" src=\"https:\/\/weltlaeden.de\/osterstrasse\/wp-content\/uploads\/sites\/17\/2021\/09\/20210910_KJ_0273.jpg\" alt=\"\" width=\"760\" height=\"760\" srcset=\"https:\/\/weltlaeden.de\/osterstrasse\/wp-content\/uploads\/sites\/17\/2021\/09\/20210910_KJ_0273.jpg 760w, https:\/\/weltlaeden.de\/osterstrasse\/wp-content\/uploads\/sites\/17\/2021\/09\/20210910_KJ_0273-150x150.jpg 150w, https:\/\/weltlaeden.de\/osterstrasse\/wp-content\/uploads\/sites\/17\/2021\/09\/20210910_KJ_0273-300x300.jpg 300w\" sizes=\"auto, (max-width: 760px) 100vw, 760px\" \/><p id=\"caption-attachment-2452\" class=\"wp-caption-text\">Kampagnenkoordinatorin Sarah Kreuzberg<\/p><\/div>\n<p><\/p><\/div>[\/vc_column][\/vc_row][vc_row][vc_column width=&#8220;2\/3&#8243;][vc_empty_space][vc_column_text]<\/p>\n<h2><span style=\"color: #000000\"><strong>Chance f\u00fcr Gerechtigkeit<\/strong><\/span><\/h2>\n<p>Vor dem Hintergrund der COVID-19-Pandemie geht es der Fair Trade Stadt Hamburg darum, den Fairen Handel weiter zu st\u00e4rken. \u201eWie in jeder Krise, liegt auch in dieser eine Chance \u2013 die Chance, ein gerechteres Handelssystem zu schaffen, das Gesundheit, Umwelt und Arbeitnehmer*innen-Rechte st\u00e4rkt\u201c, erkl\u00e4rt die Projektkoordinatorin der Fair Trade Stadt Hamburg, Christine Prie\u00dfner.[\/vc_column_text][\/vc_column][vc_column width=&#8220;1\/3&#8243;]<div class=\"wl_einzelbild\"><p><\/p>\n<div id=\"attachment_2451\" style=\"width: 770px\" class=\"wp-caption alignleft\"><img loading=\"lazy\" decoding=\"async\" aria-describedby=\"caption-attachment-2451\" class=\"size-full wp-image-2451\" src=\"https:\/\/weltlaeden.de\/osterstrasse\/wp-content\/uploads\/sites\/17\/2021\/09\/20210910_KJ_0253.jpg\" alt=\"\" width=\"760\" height=\"760\" srcset=\"https:\/\/weltlaeden.de\/osterstrasse\/wp-content\/uploads\/sites\/17\/2021\/09\/20210910_KJ_0253.jpg 760w, https:\/\/weltlaeden.de\/osterstrasse\/wp-content\/uploads\/sites\/17\/2021\/09\/20210910_KJ_0253-150x150.jpg 150w, https:\/\/weltlaeden.de\/osterstrasse\/wp-content\/uploads\/sites\/17\/2021\/09\/20210910_KJ_0253-300x300.jpg 300w\" sizes=\"auto, (max-width: 760px) 100vw, 760px\" \/><p id=\"caption-attachment-2451\" class=\"wp-caption-text\">Projektkoordinatorin der Fair Trade Stadt Hamburg Christine Prie\u00dfner<\/p><\/div>\n<p><\/p><\/div>[\/vc_column][\/vc_row][vc_row][vc_column width=&#8220;2\/3&#8243;][vc_column_text]<\/p>\n<h2><span style=\"color: #000000\"><strong>Weltladen als Vorbild<\/strong><\/span><\/h2>\n<p>Weltl\u00e4den sind nat\u00fcrlich mit dabei. Als Fachgesch\u00e4fte und Experten des Fairen Handels gehen sie voran. \u201eWeltl\u00e4den k\u00f6nnen f\u00fcr das Motto <em>\u201eHamburg, mach dich Fair!\u201c <\/em>eine Richtschnur sein. Wir pflegen mit unseren Produzent*innen seit \u00fcber 50 Jahren eine Handelspartner*innenschaft, die auf Dialog, Transparenz und Respekt beruht. Weltl\u00e4den sind Expertinnen daf\u00fcr, was \u201a<em>FAIR\u2018 b<\/em>edeutet\u201c, betont die Fair-Handels-Beraterin und Vertreterin der Hamburger Weltl\u00e4den, Magdalena Gassner. Der Faire Handel soll durch die Kampagne in der Mitte der Handelsmetropole Hamburg ankommen.[\/vc_column_text][\/vc_column][vc_column width=&#8220;1\/3&#8243;]<div class=\"wl_einzelbild\"><p><\/p>\n<div id=\"attachment_2456\" style=\"width: 794px\" class=\"wp-caption alignleft\"><img loading=\"lazy\" decoding=\"async\" aria-describedby=\"caption-attachment-2456\" class=\"size-full wp-image-2456\" src=\"https:\/\/weltlaeden.de\/osterstrasse\/wp-content\/uploads\/sites\/17\/2021\/09\/20210910_KJ_2193.jpg\" alt=\"\" width=\"784\" height=\"784\" srcset=\"https:\/\/weltlaeden.de\/osterstrasse\/wp-content\/uploads\/sites\/17\/2021\/09\/20210910_KJ_2193.jpg 784w, https:\/\/weltlaeden.de\/osterstrasse\/wp-content\/uploads\/sites\/17\/2021\/09\/20210910_KJ_2193-150x150.jpg 150w, https:\/\/weltlaeden.de\/osterstrasse\/wp-content\/uploads\/sites\/17\/2021\/09\/20210910_KJ_2193-300x300.jpg 300w, https:\/\/weltlaeden.de\/osterstrasse\/wp-content\/uploads\/sites\/17\/2021\/09\/20210910_KJ_2193-768x768.jpg 768w\" sizes=\"auto, (max-width: 784px) 100vw, 784px\" \/><p id=\"caption-attachment-2456\" class=\"wp-caption-text\">Fair-Handels-Beraterin und Vertreterin der Hamburger Weltl\u00e4den Magdalena Gassner<\/p><\/div>\n<p><\/p><\/div>[\/vc_column][\/vc_row][vc_row][vc_column][vc_empty_space][vc_column_text]<\/p>\n<h2><span style=\"color: #000000\"><strong>Hamburg \u2013 Tor zur Welt<\/strong><\/span><\/h2>\n<p>Ein wichtiger Treiber f\u00fcr die Kampagne waren und sind die Staatsr\u00e4tinnen. \u201eMit dem Start der Kampagne geht die Fair Trade Stadt Hamburg \u2013 zehn Jahre nach Erwerb dieses Pr\u00e4dikats \u2013 in eine neue Phase der Aktivierung. In unserer Stadt liegt noch viel mehr Potenzial f\u00fcr die F\u00f6rderung von Fairem Handel und fairem Handeln. Staat und Wirtschaft, Vereine und Verb\u00e4nde \u2013 wir alle k\u00f6nnen \u201aInfluencer*innen\u2018 sein und zugleich selbst fair handeln, haupts\u00e4chlich bei unseren Kaufentscheidungen. Der Senat tr\u00e4gt mit seiner Unterst\u00fctzung gern zum Erfolg der Kampagne bei\u201c, betont Almut M\u00f6ller, Staatsr\u00e4tin und Bevollm\u00e4chtigte der Freien und Hansestadt Hamburg beim Bund, der Europ\u00e4ischen Union und f\u00fcr ausw\u00e4rtige Angelegenheiten. Mit der Kampagne bietet die Fair Trade Stadt Hamburg eine Plattform f\u00fcr breite Beteiligung und einen Perspektivwechsel.[\/vc_column_text][vc_empty_space]<div class=\"wl_einzelbild\"><p><\/p>\n<div id=\"attachment_2457\" style=\"width: 1150px\" class=\"wp-caption alignleft\"><img loading=\"lazy\" decoding=\"async\" aria-describedby=\"caption-attachment-2457\" class=\"size-full wp-image-2457\" src=\"https:\/\/weltlaeden.de\/osterstrasse\/wp-content\/uploads\/sites\/17\/2021\/09\/20210910_KJ_0173.jpg\" alt=\"\" width=\"1140\" height=\"570\" srcset=\"https:\/\/weltlaeden.de\/osterstrasse\/wp-content\/uploads\/sites\/17\/2021\/09\/20210910_KJ_0173.jpg 1140w, https:\/\/weltlaeden.de\/osterstrasse\/wp-content\/uploads\/sites\/17\/2021\/09\/20210910_KJ_0173-300x150.jpg 300w, https:\/\/weltlaeden.de\/osterstrasse\/wp-content\/uploads\/sites\/17\/2021\/09\/20210910_KJ_0173-768x384.jpg 768w, https:\/\/weltlaeden.de\/osterstrasse\/wp-content\/uploads\/sites\/17\/2021\/09\/20210910_KJ_0173-1024x512.jpg 1024w\" sizes=\"auto, (max-width: 1140px) 100vw, 1140px\" \/><p id=\"caption-attachment-2457\" class=\"wp-caption-text\">Bei der Presseveranstaltung zum Auftakt der Kampagne \u201eHamburg, mach dich Fair!\u201c v.l.n.r. Arthur Darboven (Benecke Coffee\/RANEP), Christine Prie\u00dfner (Fair Trade Stadt Hamburg), Almut M\u00f6ller (Staatsr\u00e4tin), Wolfgang Gr\u00e4tz (Senatskanzlei), Zohra Mojadeddi (Gr\u00fcne), Sarah Kreuzberg (Fair Trade Stadt Hamburg), Olaf Steinbi\u00df (SPD)<\/p><\/div>\n<p><\/p><\/div>[vc_empty_space][\/vc_column][\/vc_row][vc_row][vc_column width=&#8220;1\/3&#8243;]<div class=\"wl_einzelbild\"><p><img loading=\"lazy\" decoding=\"async\" class=\"alignleft size-full wp-image-2540\" src=\"https:\/\/weltlaeden.de\/osterstrasse\/wp-content\/uploads\/sites\/17\/2021\/11\/Weltl\u00e4den_Hamburg_Hochformat_3x2.jpeg\" alt=\"\" width=\"600\" height=\"900\" srcset=\"https:\/\/weltlaeden.de\/osterstrasse\/wp-content\/uploads\/sites\/17\/2021\/11\/Weltl\u00e4den_Hamburg_Hochformat_3x2.jpeg 600w, https:\/\/weltlaeden.de\/osterstrasse\/wp-content\/uploads\/sites\/17\/2021\/11\/Weltl\u00e4den_Hamburg_Hochformat_3x2-200x300.jpeg 200w\" sizes=\"auto, (max-width: 600px) 100vw, 600px\" \/><\/p><\/div>[\/vc_column][vc_column width=&#8220;2\/3&#8243;][vc_column_text]<\/p>\n<h2><span style=\"color: #000000\"><strong>Perspektivwechsel<\/strong><\/span><\/h2>\n<p>Gemeinsam mit Ihnen, unseren Kund*innen, zeigen wir als Weltl\u00e4den schon lange, dass Fairer Handel selbstverst\u00e4ndlich ist. Im Weltladen steht der Mensch im Mittelpunkt. Lassen Sie uns das f\u00fcr Hamburg weiter umsetzen und gemeinsam f\u00fcr unsere Stadt, dem Tor zur Welt, einen Perspektivwechsel schaffen.<\/p>\n<p>Erz\u00e4hlen Sie es weiter und machen Sie mit!<\/p>\n<p>&nbsp;<\/p>\n<p><strong><span style=\"color: #ff9900\">Hier finden Sie unsere Kolleg*innen, die sich auch an der Kampagne beteiligen.<\/span><\/strong>[\/vc_column_text][vc_btn title=&#8220;Weltladen Bergedorf&#8220; shape=&#8220;square&#8220; color=&#8220;warning&#8220; link=&#8220;url:https%3A%2F%2Fweltlaeden.de%2Fbergedorf%2F|||&#8220;][vc_btn title=&#8220;Weltladen Harburg&#8220; shape=&#8220;square&#8220; color=&#8220;warning&#8220; link=&#8220;url:https%3A%2F%2Fweltlaeden.de%2Fharburg%2F|||&#8220;][vc_btn title=&#8220;Weltladen Ottensen&#8220; shape=&#8220;square&#8220; color=&#8220;warning&#8220; link=&#8220;url:https%3A%2F%2Fweltlaeden.de%2Fottensen%2F|||&#8220;][vc_btn title=&#8220;&#8222;Hamburg, mach dich Fair!&#8222;&#8220; shape=&#8220;square&#8220; color=&#8220;sky&#8220; link=&#8220;url:https%3A%2F%2Fwww.fairtradestadt-hamburg.de%2Fkampagne-hamburg-mach-dich-fair%2F|||&#8220;][\/vc_column][\/vc_row][vc_row][vc_column][vc_empty_space][vc_column_text]<span style=\"color: #808080\"><em>Fotos: Fair Trade Stadt Hamburg; Fair Trade Stadt Hamburg\/Kati Jurischka<\/em><\/span>[\/vc_column_text][\/vc_column][\/vc_row]<\/p>\n<\/div>","protected":false},"excerpt":{"rendered":"<p>[vc_row][vc_column][vc_empty_space][\/vc_column][\/vc_row][vc_row][vc_column][vc_column_text]Die Fair Trade Kampagne in deiner Stadt \u201eHamburg, mach dich Fair!\u201c Zum Auftakt der bundesweiten Fairen Woche im September 2021 ist in Hamburg endlich die Fair Trade Kampagne gestartet. Im Mittelpunkt steht die St\u00e4rkung des Fairen Handels. \u201eBezahle andere immer so, wie du selbst bezahlt werden m\u00f6chtest: Fair!\u201c, fordert Jan Delay alle Hamburger*innen als Kampagnen-Botschafter&hellip;<\/p>\n","protected":false},"author":97,"featured_media":2539,"parent":702,"menu_order":49,"comment_status":"closed","ping_status":"closed","template":"","meta":{"footnotes":""},"class_list":["post-2446","page","type-page","status-publish","has-post-thumbnail","hentry","description-off"],"_links":{"self":[{"href":"https:\/\/weltlaeden.de\/osterstrasse\/wp-json\/wp\/v2\/pages\/2446","targetHints":{"allow":["GET"]}}],"collection":[{"href":"https:\/\/weltlaeden.de\/osterstrasse\/wp-json\/wp\/v2\/pages"}],"about":[{"href":"https:\/\/weltlaeden.de\/osterstrasse\/wp-json\/wp\/v2\/types\/page"}],"author":[{"embeddable":true,"href":"https:\/\/weltlaeden.de\/osterstrasse\/wp-json\/wp\/v2\/users\/97"}],"replies":[{"embeddable":true,"href":"https:\/\/weltlaeden.de\/osterstrasse\/wp-json\/wp\/v2\/comments?post=2446"}],"version-history":[{"count":28,"href":"https:\/\/weltlaeden.de\/osterstrasse\/wp-json\/wp\/v2\/pages\/2446\/revisions"}],"predecessor-version":[{"id":3709,"href":"https:\/\/weltlaeden.de\/osterstrasse\/wp-json\/wp\/v2\/pages\/2446\/revisions\/3709"}],"up":[{"embeddable":true,"href":"https:\/\/weltlaeden.de\/osterstrasse\/wp-json\/wp\/v2\/pages\/702"}],"wp:featuredmedia":[{"embeddable":true,"href":"https:\/\/weltlaeden.de\/osterstrasse\/wp-json\/wp\/v2\/media\/2539"}],"wp:attachment":[{"href":"https:\/\/weltlaeden.de\/osterstrasse\/wp-json\/wp\/v2\/media?parent=2446"}],"curies":[{"name":"wp","href":"https:\/\/api.w.org\/{rel}","templated":true}]}}