{"id":2413,"date":"2021-09-23T18:51:47","date_gmt":"2021-09-23T16:51:24","guid":{"rendered":"https:\/\/weltlaeden.de\/osterstrasse\/?page_id=2413"},"modified":"2026-01-30T13:14:09","modified_gmt":"2026-01-30T12:14:09","slug":"wertschoepfung","status":"publish","type":"page","link":"https:\/\/weltlaeden.de\/osterstrasse\/fairer-handel\/wertschoepfung\/","title":{"rendered":"100% Wertsch\u00f6pfung vor Ort"},"content":{"rendered":"<div class=\"wpb-content-wrapper\"><p>[vc_row][vc_column]<div class=\"wl_einzelbild\"><p><\/p>\n<div id=\"attachment_2418\" style=\"width: 1210px\" class=\"wp-caption alignleft\"><img loading=\"lazy\" decoding=\"async\" aria-describedby=\"caption-attachment-2418\" class=\"size-full wp-image-2418\" src=\"https:\/\/weltlaeden.de\/osterstrasse\/wp-content\/uploads\/sites\/17\/2021\/09\/csm_Samabeong-Teegarten-heute-1_big_bceec2b763.jpg\" alt=\"\" width=\"1200\" height=\"500\" srcset=\"https:\/\/weltlaeden.de\/osterstrasse\/wp-content\/uploads\/sites\/17\/2021\/09\/csm_Samabeong-Teegarten-heute-1_big_bceec2b763.jpg 1200w, https:\/\/weltlaeden.de\/osterstrasse\/wp-content\/uploads\/sites\/17\/2021\/09\/csm_Samabeong-Teegarten-heute-1_big_bceec2b763-300x125.jpg 300w, https:\/\/weltlaeden.de\/osterstrasse\/wp-content\/uploads\/sites\/17\/2021\/09\/csm_Samabeong-Teegarten-heute-1_big_bceec2b763-768x320.jpg 768w, https:\/\/weltlaeden.de\/osterstrasse\/wp-content\/uploads\/sites\/17\/2021\/09\/csm_Samabeong-Teegarten-heute-1_big_bceec2b763-1024x427.jpg 1024w\" sizes=\"auto, (max-width: 1200px) 100vw, 1200px\" \/><p id=\"caption-attachment-2418\" class=\"wp-caption-text\">Der Teegarten Samabeong in Indien. Foto: GEPA \u2013 The Fair Trade Company\/A. Welsing<\/p><\/div>\n<p><\/p><\/div>[\/vc_column][\/vc_row][vc_row][vc_column][vc_empty_space][\/vc_column][\/vc_row][vc_row][vc_column][vc_column_text]<\/p>\n<h1>FAIR WERT: 100% Wertsch\u00f6pfung vor Ort<\/h1>\n<p>Der <a href=\"https:\/\/weltlaeden.de\/osterstrasse\/fairer-handel\/fairer-handel\/\">Faire Handel<\/a> erm\u00f6glicht seit Beginn an gerechtere Preise f\u00fcr Rohware und mehr Wertsch\u00f6pfung in der Produktionskette bei Produzent*innen in L\u00e4ndern Lateinamerikas, Afrikas und Asiens. Je mehr Produktionsschritte die Handelspartner*innen selbst durchf\u00fchren, desto gr\u00f6\u00dfer ist der Gewinn f\u00fcr die Kooperative. Dieser Ertrag kann f\u00fcr soziale Projekte und andere Investitionen verwendet werden. Auch werden neue Arbeitspl\u00e4tze in der Region geschaffen, z.B. durch Marketing und Verpackung.[\/vc_column_text][vc_empty_space][vc_column_text]<\/p>\n<h2><span style=\"color: #000000\"><strong>Fairer Handel ist mehr<\/strong><\/span><\/h2>\n<p>Die Verarbeitung der Rohware zum fertigen Produkt, das Verpacken und das Etikettieren bei unseren Handelspartner*innen vor Ort spiegelt jedoch nur einen Teil dessen wider, was Fairer Handel bedeutet. Wertsch\u00f6pfung entsteht auch dadurch, dass sich die Handelspartner*innen von den Fair-Handels-Importorganisationen beraten lassen k\u00f6nnen. Denn: Kompetenz schafft Wert![\/vc_column_text][vc_empty_space][\/vc_column][\/vc_row][vc_row][vc_column width=&#8220;2\/3&#8243;]<blockquote class=\"text-big shortcode-blockquote\"><p><span style=\"color: #ff9900\"><em>\u201eMit der Verlagerung von Wertsch\u00f6pfung entstehen mehr Arbeitspl\u00e4tze in den Herkunftsl\u00e4ndern und die lokale Wirtschaft wird gest\u00e4rkt. F\u00fcr eine Kaffeeproduktion mit Wertsch\u00f6pfung in Kolumbien sind Arbeitspl\u00e4tze in der Qualit\u00e4tssicherung, der R\u00f6stung und auch im Marketing entstanden. Das ist besonders f\u00fcr nachfolgende Generationen attraktiv. Mit der Ausweitung der lokalen Wertsch\u00f6pfung k\u00f6nnen die Kooperativen auch die j\u00fcngere Generation besser in ihre Arbeit einbinden und erschlie\u00dfen sich durch ihre Kompetenzen auch neue Vermarkungsm\u00f6glichkeiten f\u00fcr ihre Produkte.\u201c<\/em><\/span><\/p>\n<\/blockquote>[\/vc_column][vc_column width=&#8220;1\/3&#8243;]<div class=\"wl_einzelbild\"><p><\/p>\n<div id=\"attachment_2209\" style=\"width: 349px\" class=\"wp-caption alignleft\"><a href=\"https:\/\/weltlaeden.de\/osterstrasse\/fairer-handel\/handelspartnerinnen\/turqle-trading\/\"><img loading=\"lazy\" decoding=\"async\" aria-describedby=\"caption-attachment-2209\" class=\"wp-image-2209 size-full\" src=\"https:\/\/weltlaeden.de\/osterstrasse\/wp-content\/uploads\/sites\/17\/2019\/10\/Rain-Morgan.png\" alt=\"\" width=\"339\" height=\"390\" srcset=\"https:\/\/weltlaeden.de\/osterstrasse\/wp-content\/uploads\/sites\/17\/2019\/10\/Rain-Morgan.png 339w, https:\/\/weltlaeden.de\/osterstrasse\/wp-content\/uploads\/sites\/17\/2019\/10\/Rain-Morgan-261x300.png 261w\" sizes=\"auto, (max-width: 339px) 100vw, 339px\" \/><\/a><p id=\"caption-attachment-2209\" class=\"wp-caption-text\"><span style=\"color: #000000\">Rain Morgan, Gr\u00fcnderin der Fair-Handels-Organisation Turqle Trading in S\u00fcdafrika. Foto: El Puente<\/span><\/p><\/div>\n<p><span style=\"color: #000000\"><\/p><\/div>[\/vc_column][\/vc_row][vc_row][vc_column][vc_column_text]Bei Lebensmitteln im Weltladen bleibt die gesamte Wertsch\u00f6pfung immer \u00f6fter im Herkunftsland. Eine neue Realit\u00e4t, die beim Kunsthandwerk schon lange Normalit\u00e4t ist. So flechten Kunsthandwerker*innen vor Ort K\u00f6rbe, weben Schals, schneidern Ledertaschen, gie\u00dfen Kerzen oder bemalen Keramik in kunstvoller Handarbeit.[\/vc_column_text][vc_empty_space height=&#8220;20px&#8220;][vc_column_text]<\/span><\/p>\n<h2><span style=\"color: #000000\"><strong>Wertsch\u00e4tzung durch mehr Wertsch\u00f6pfung<\/strong><\/span><\/h2>\n<p>Mehr Wertsch\u00f6pfung vor Ort schafft Perspektiven auch abseits der landwirtschaftlichen T\u00e4tigkeiten. Es k\u00f6nnen mehr Menschen vom Fairen Handel profitieren. Neben unseren Handelspartner*innen profitieren auch Sie als Weltladen-Kund*innen: Hochwertige Produkte, hergestellt mit Stolz und in W\u00fcrde. So entsteht durch mehr Wertsch\u00f6pfung auch mehr Wertsch\u00e4tzung f\u00fcr die Arbeit. Im Weltladen steht der Mensch im Mittelpunkt.[\/vc_column_text][vc_empty_space height=&#8220;20px&#8220;][\/vc_column][\/vc_row][vc_row][vc_column][vc_column_text]<\/p>\n<h2>Tea Promoters India (TPI): Darjeeling Tee<\/h2>\n<p>[\/vc_column_text][vc_row_inner][vc_column_inner width=&#8220;1\/3&#8243;]<div class=\"wl_einzelbild\"><p><a href=\"https:\/\/weltlaeden.de\/osterstrasse\/produkte\/lebensmittel\/tpi\/\"><img loading=\"lazy\" decoding=\"async\" class=\"size-full wp-image-1717\" src=\"https:\/\/weltlaeden.de\/osterstrasse\/wp-content\/uploads\/sites\/17\/2021\/01\/csm_Bhawana-Rai-Portraet_big_c0be20a08c.jpg\" alt=\"\" width=\"1100\" height=\"619\" \/><\/a><\/p><\/div>[\/vc_column_inner][vc_column_inner width=&#8220;2\/3&#8243;][vc_column_text css=&#8220;.vc_custom_1647195826586{background-color: #ffffff !important;border-radius: 2px !important;}&#8220;]TPI (Tea Promoters India) ist der Pionier im Bio-Anbau von Tee und bei der Mitbestimmung der Teearbeiter*innen in den Teeg\u00e4rten. Der Teegarten Samabeong in Darjeeling ist wohl der einzige Teegarten Indiens, der von einer Frau geleitet wird. Frauen Aufstiegsm\u00f6glichkeiten zu geben, geh\u00f6rt zur Firmenpolitik bei TPI, ebenso wie die Mitarbeiter*innen ins Management miteinzubeziehen. <a href=\"https:\/\/weltlaeden.de\/osterstrasse\/produkte\/lebensmittel\/tpi\/\">Erfahren Sie mehr &#8230;<\/a>[\/vc_column_text][\/vc_column_inner][\/vc_row_inner][vc_empty_space][vc_column_text]<\/p>\n<h2>SEKEM: Feinste Dattel-Tr\u00fcffel aus \u00c4gypten<\/h2>\n<p>[\/vc_column_text][vc_row_inner][vc_column_inner width=&#8220;1\/3&#8243;]<div class=\"wl_einzelbild\"><p><img loading=\"lazy\" decoding=\"async\" class=\"alignnone size-full wp-image-1093\" src=\"https:\/\/weltlaeden.de\/osterstrasse\/wp-content\/uploads\/sites\/17\/2019\/11\/Datteltr\u00fcffel_Flyer2_ElPuente-e1572623185415.jpg\" alt=\"\" width=\"1253\" height=\"868\" srcset=\"https:\/\/weltlaeden.de\/osterstrasse\/wp-content\/uploads\/sites\/17\/2019\/11\/Datteltr\u00fcffel_Flyer2_ElPuente-e1572623185415.jpg 1253w, https:\/\/weltlaeden.de\/osterstrasse\/wp-content\/uploads\/sites\/17\/2019\/11\/Datteltr\u00fcffel_Flyer2_ElPuente-e1572623185415-300x208.jpg 300w, https:\/\/weltlaeden.de\/osterstrasse\/wp-content\/uploads\/sites\/17\/2019\/11\/Datteltr\u00fcffel_Flyer2_ElPuente-e1572623185415-768x532.jpg 768w, https:\/\/weltlaeden.de\/osterstrasse\/wp-content\/uploads\/sites\/17\/2019\/11\/Datteltr\u00fcffel_Flyer2_ElPuente-e1572623185415-1024x709.jpg 1024w\" sizes=\"auto, (max-width: 1253px) 100vw, 1253px\" \/><\/p><\/div>[\/vc_column_inner][vc_column_inner width=&#8220;2\/3&#8243;][vc_column_text]Als \u00fcberzeugter Verfechter der biologischen Landwirtschaft gr\u00fcndete Ibrahim Abouleish eine Organisation, die auf nachhaltige Landwirtschaft setzt und gleichzeitig einen Ort f\u00fcr gesellschaftliches und kulturelles Leben bietet. Er begann die karge W\u00fcste landwirtschaftlich zu nutzen und SEKEM wurde Dach f\u00fcr viele Produzent*innengruppen. <a href=\"https:\/\/weltlaeden.de\/osterstrasse\/produkte\/lebensmittel\/sekem\/\">Erfahren Sie mehr&#8230;<\/a>[\/vc_column_text][\/vc_column_inner][\/vc_row_inner][vc_empty_space][vc_column_text]<\/p>\n<p>&nbsp;<\/p>\n<h2>Duftreis &#8222;Hom Mali&#8220; von Green Net aus Thailand<\/h2>\n<p>[\/vc_column_text][vc_row_inner][vc_column_inner width=&#8220;1\/3&#8243;]<div class=\"wl_einzelbild\"><p><a href=\"https:\/\/weltlaeden.de\/osterstrasse\/produkte\/lebensmittel\/green-net\/\"><img loading=\"lazy\" decoding=\"async\" class=\"size-medium wp-image-1418\" src=\"https:\/\/weltlaeden.de\/osterstrasse\/wp-content\/uploads\/sites\/17\/2020\/06\/IMG_7678_aw-300x200.jpg\" alt=\"\" width=\"300\" height=\"200\" srcset=\"https:\/\/weltlaeden.de\/osterstrasse\/wp-content\/uploads\/sites\/17\/2020\/06\/IMG_7678_aw-300x200.jpg 300w, https:\/\/weltlaeden.de\/osterstrasse\/wp-content\/uploads\/sites\/17\/2020\/06\/IMG_7678_aw-768x512.jpg 768w, https:\/\/weltlaeden.de\/osterstrasse\/wp-content\/uploads\/sites\/17\/2020\/06\/IMG_7678_aw.jpg 900w\" sizes=\"auto, (max-width: 300px) 100vw, 300px\" \/><\/a><\/p><\/div>[\/vc_column_inner][vc_column_inner width=&#8220;2\/3&#8243;][vc_column_text]\u200bGreen Net ist Mitbegr\u00fcnderin der thail\u00e4ndischen Bio-Zertifizierungsorganisation. Die Kooperative ist weltweit sehr aktiv in der Lobby- und Kampagnenarbeit. Ihre B\u00e4uer*innen pflanzen standortgerechte, robuste Reissorten wie Hom Mali an. <a href=\"https:\/\/weltlaeden.de\/osterstrasse\/produkte\/lebensmittel\/green-net\/\">Erfahren Sie mehr&#8230;<\/a>[\/vc_column_text][\/vc_column_inner][\/vc_row_inner][vc_empty_space][\/vc_column][\/vc_row][vc_column][vc_column_text]<\/p>\n<h2>Oliven\u00f6l und Feinkost von Canaan aus Pal\u00e4stina<\/h2>\n<p>[\/vc_column_text][\/vc_column][vc_row_inner][vc_column_inner width=&#8220;1\/3&#8243;]<div class=\"wl_einzelbild\"><p><a href=\"https:\/\/weltlaeden.de\/osterstrasse\/produkte\/lebensmittel\/canaan\/\"><img loading=\"lazy\" decoding=\"async\" class=\"alignleft\" src=\"https:\/\/weltlaeden.de\/vorlagensammlung\/wp-content\/uploads\/sites\/3\/2021\/08\/Canaan-I_Familie-Jarar_Quelle_WeltPartner-eG_1200x800-300x200.jpg\" alt=\"Die Familie von Abu Mahmoud Jarar in ihrem Olivenhain. \" width=\"300\" height=\"200\" \/><\/a><\/p><\/div>[\/vc_column_inner][vc_column_inner width=&#8220;2\/3&#8243;][vc_column_text]Die knorrigen, widerstandsf\u00e4higen Olivenb\u00e4ume pr\u00e4gen die Landschaft in Pal\u00e4stina. Aus ihren Fr\u00fcchten stellen die Produzent*innen von Canaan Fair Trade k\u00f6stliches Oliven\u00f6l der h\u00f6chsten G\u00fcteklasse her und erschaffen so Perspektiven f\u00fcr ein selbstbestimmtes Leben. <a href=\"https:\/\/weltlaeden.de\/osterstrasse\/produkte\/lebensmittel\/canaan\/\">Erfahren Sie mehr &#8230;<\/a>[\/vc_column_text][\/vc_column_inner][\/vc_row_inner][vc_empty_space]<\/p>\n<h2>Philippinische Mango-Produkte von PREDA<\/h2>\n<p>[vc_row_inner][vc_column_inner width=&#8220;1\/3&#8243;]<div class=\"wl_einzelbild\"><p><\/p>\n<p><a href=\"https:\/\/weltlaeden.de\/osterstrasse\/produkte\/lebensmittel\/preda\/\"><img loading=\"lazy\" decoding=\"async\" class=\"size-medium wp-image-1456\" src=\"https:\/\/weltlaeden.de\/osterstrasse\/wp-content\/uploads\/sites\/17\/2020\/08\/PREDA_Mangoernte-300x200.jpg\" alt=\"\" width=\"300\" height=\"200\" srcset=\"https:\/\/weltlaeden.de\/osterstrasse\/wp-content\/uploads\/sites\/17\/2020\/08\/PREDA_Mangoernte-300x200.jpg 300w, https:\/\/weltlaeden.de\/osterstrasse\/wp-content\/uploads\/sites\/17\/2020\/08\/PREDA_Mangoernte-768x512.jpg 768w, https:\/\/weltlaeden.de\/osterstrasse\/wp-content\/uploads\/sites\/17\/2020\/08\/PREDA_Mangoernte-1024x683.jpg 1024w, https:\/\/weltlaeden.de\/osterstrasse\/wp-content\/uploads\/sites\/17\/2020\/08\/PREDA_Mangoernte.jpg 1920w\" sizes=\"auto, (max-width: 300px) 100vw, 300px\" \/><\/a><\/p><\/div>[\/vc_column_inner][vc_column_inner width=&#8220;2\/3&#8243;][vc_column_text]Das Mango-Projekt von PREDA und WeltPartner bietet \u00fcber 500 Kleinb\u00e4uer*innen und deren Kindern auf den Philippinen eine Perspektive. \u201eVom Erl\u00f6s der Ernte eines gr\u00f6\u00dferen Mangobaumes k\u00f6nnen zwei Kinder ein Jahr zur Schule geschickt werden\u201c, sagt Pater Shay Cullen von PREDA. <a href=\"https:\/\/weltlaeden.de\/osterstrasse\/produkte\/lebensmittel\/preda\/\">Erfahren Sie mehr&#8230;<\/a>[\/vc_column_text][\/vc_column_inner][\/vc_row_inner][vc_empty_space][vc_column][vc_column_text]<\/p>\n<\/div>","protected":false},"excerpt":{"rendered":"<p>[vc_row][vc_column][\/vc_column][\/vc_row][vc_row][vc_column][vc_empty_space][\/vc_column][\/vc_row][vc_row][vc_column][vc_column_text] FAIR WERT: 100% Wertsch\u00f6pfung vor Ort Der Faire Handel erm\u00f6glicht seit Beginn an gerechtere Preise f\u00fcr Rohware und mehr Wertsch\u00f6pfung in der Produktionskette bei Produzent*innen in L\u00e4ndern Lateinamerikas, Afrikas und Asiens. Je mehr Produktionsschritte die Handelspartner*innen selbst durchf\u00fchren, desto gr\u00f6\u00dfer ist der Gewinn f\u00fcr die Kooperative. Dieser Ertrag kann f\u00fcr soziale Projekte und andere&hellip;<\/p>\n","protected":false},"author":97,"featured_media":2418,"parent":218,"menu_order":2,"comment_status":"closed","ping_status":"closed","template":"","meta":{"footnotes":""},"class_list":["post-2413","page","type-page","status-publish","has-post-thumbnail","hentry","description-off"],"_links":{"self":[{"href":"https:\/\/weltlaeden.de\/osterstrasse\/wp-json\/wp\/v2\/pages\/2413","targetHints":{"allow":["GET"]}}],"collection":[{"href":"https:\/\/weltlaeden.de\/osterstrasse\/wp-json\/wp\/v2\/pages"}],"about":[{"href":"https:\/\/weltlaeden.de\/osterstrasse\/wp-json\/wp\/v2\/types\/page"}],"author":[{"embeddable":true,"href":"https:\/\/weltlaeden.de\/osterstrasse\/wp-json\/wp\/v2\/users\/97"}],"replies":[{"embeddable":true,"href":"https:\/\/weltlaeden.de\/osterstrasse\/wp-json\/wp\/v2\/comments?post=2413"}],"version-history":[{"count":21,"href":"https:\/\/weltlaeden.de\/osterstrasse\/wp-json\/wp\/v2\/pages\/2413\/revisions"}],"predecessor-version":[{"id":3742,"href":"https:\/\/weltlaeden.de\/osterstrasse\/wp-json\/wp\/v2\/pages\/2413\/revisions\/3742"}],"up":[{"embeddable":true,"href":"https:\/\/weltlaeden.de\/osterstrasse\/wp-json\/wp\/v2\/pages\/218"}],"wp:featuredmedia":[{"embeddable":true,"href":"https:\/\/weltlaeden.de\/osterstrasse\/wp-json\/wp\/v2\/media\/2418"}],"wp:attachment":[{"href":"https:\/\/weltlaeden.de\/osterstrasse\/wp-json\/wp\/v2\/media?parent=2413"}],"curies":[{"name":"wp","href":"https:\/\/api.w.org\/{rel}","templated":true}]}}