{"id":2282,"date":"2021-07-01T08:53:47","date_gmt":"2021-07-01T06:53:48","guid":{"rendered":"https:\/\/weltlaeden.de\/osterstrasse\/produkte\/produkte-des-monats-2-2\/"},"modified":"2026-04-02T17:31:37","modified_gmt":"2026-04-02T15:31:37","slug":"produkte-des-monats","status":"publish","type":"page","link":"https:\/\/weltlaeden.de\/osterstrasse\/produkte\/produkte-des-monats\/","title":{"rendered":"Produkt des Monats: April"},"content":{"rendered":"<div class=\"wpb-content-wrapper\"><p>[vc_row][vc_column][vc_column_text]<\/p>\n<h1>Produkt des Monats April<strong><br \/>\n<\/strong><\/h1>\n<p>\u201eIn jedem Monat stellen wir ein Lebensmittelprodukt besonders vor: Das Produkt des Monats. Sie k\u00f6nnen es zu einem Kennenlernpreis <span class=\"SpellE\">FAIRkosten<\/span> und erfahren mehr <span class=\"GramE\">\u00fcber die jeweiligen Produzent<\/span>*innen.\u201c<\/p>\n<h2 data-prosemirror-content-type=\"node\" data-prosemirror-node-name=\"paragraph\" data-prosemirror-node-block=\"true\" data-pm-slice=\"1 1 []\"><strong>Schokolade von Chocolatemakers (Creamy Hazelnuts 48%, Coffee &amp; Cacao Nibs 52%, Cocoa Nibs 75%)<\/strong><\/h2>\n<h3 data-prosemirror-content-type=\"node\" data-prosemirror-node-name=\"paragraph\" data-prosemirror-node-block=\"true\" data-pm-slice=\"1 1 []\">Organic &#8211; Ethic &#8211; Sustainable, nachhaltig produziert in Kolumbien, Dominikanische Republik<\/h3>\n<p data-prosemirror-content-type=\"node\" data-prosemirror-node-name=\"paragraph\" data-prosemirror-node-block=\"true\" data-pm-slice=\"1 1 []\">Kennenlernpreis: 3,59 \u20ac<br \/>\nNormalpreis: 3,99 \u20ac\u00a0<br data-prosemirror-content-type=\"node\" data-prosemirror-node-name=\"hardBreak\" data-prosemirror-node-inline=\"true\" \/>Menge: je 80 g<\/p>\n<p data-prosemirror-content-type=\"node\" data-prosemirror-node-name=\"paragraph\" data-prosemirror-node-block=\"true\" data-pm-slice=\"1 1 []\">\n<h2><\/h2>\n<h2><strong><img loading=\"lazy\" decoding=\"async\" class=\"alignnone size-full wp-image-4017\" src=\"https:\/\/weltlaeden.de\/osterstrasse\/wp-content\/uploads\/sites\/17\/2026\/04\/Bildschirmfoto-2026-04-02-um-17.16.47.png\" alt=\"\" width=\"972\" height=\"896\" srcset=\"https:\/\/weltlaeden.de\/osterstrasse\/wp-content\/uploads\/sites\/17\/2026\/04\/Bildschirmfoto-2026-04-02-um-17.16.47.png 972w, https:\/\/weltlaeden.de\/osterstrasse\/wp-content\/uploads\/sites\/17\/2026\/04\/Bildschirmfoto-2026-04-02-um-17.16.47-300x277.png 300w, https:\/\/weltlaeden.de\/osterstrasse\/wp-content\/uploads\/sites\/17\/2026\/04\/Bildschirmfoto-2026-04-02-um-17.16.47-768x708.png 768w\" sizes=\"auto, (max-width: 972px) 100vw, 972px\" \/>Handelspartnerin: <\/strong><strong data-prosemirror-content-type=\"mark\" data-prosemirror-mark-name=\"strong\">Chocolatemakers<\/strong><\/h2>\n<p data-prosemirror-content-type=\"node\" data-prosemirror-node-name=\"paragraph\" data-prosemirror-node-block=\"true\" data-pm-slice=\"1 1 []\">Das Unternehmen der Chocolatemakers mit Sitz in Amsterdam arbeitet mit Kooperativen in Peru (NorAndino), Brasilien (Cabruca), Kolumbien (CooAgroNevada), der Dominikanischen Republik (Conacado), Sierra Leone (Village Hope) und der Demokratischen Republik Kongo (Farmers Cooperative Esco Kivu) zusammen. Gemeinsam stellen sie hochwertige Bio-Schokolade her und zeigen, dass \u00f6konomischer Erfolg und \u00f6kologische Verantwortung kein Widerspruch sein m\u00fcssen. Die B\u00e4uer*innen erhalten ein Existenz sicherndes Einkommen. \u201eFairtransport\u201c bringt neue Wege in den Handel: Ein Teil der Schokolade wird per Segelschiff emissionsfrei und fair transportiert und der Transport durch freiwillige Radfahrer*innen schafft ein Netzwerk engagierter Menschen, die nachhaltige Produkte direkt an die Verkaufsorte bringen: die Schokofahrt. So entstehen eine CO\u2082-freie Lieferkette und ein sozialer Zusammenhalt zwischen Produzent*innen, Transportierenden und Konsument*innen. Chocolatemakers wollen komplett abfallfrei zu arbeiten und langfristig den CO\u2082-Fu\u00dfabdruck auf null zu reduzieren.<\/p>\n<p data-prosemirror-content-type=\"node\" data-prosemirror-node-name=\"paragraph\" data-prosemirror-node-block=\"true\">Das Produkt des Monats gibt es jeden Monat zum Kennenlernen zu einem Sonderpreis: Schokolade von Chocolatemakers (Creamy Hazelnuts 48%, Coffee &amp; Cacao Nibs 52%, Cocoa Nibs 75%), jeweils 80 g, Normalpreis 3,99 \u20ac, Angebotspreis 3,59 \u20ac.<\/p>\n<p>&nbsp;<\/p>\n<\/div>","protected":false},"excerpt":{"rendered":"<p>[vc_row][vc_column][vc_column_text] Produkt des Monats April \u201eIn jedem Monat stellen wir ein Lebensmittelprodukt besonders vor: Das Produkt des Monats. Sie k\u00f6nnen es zu einem Kennenlernpreis FAIRkosten und erfahren mehr \u00fcber die jeweiligen Produzent*innen.\u201c Schokolade von Chocolatemakers (Creamy Hazelnuts 48%, Coffee &amp; Cacao Nibs 52%, Cocoa Nibs 75%) Organic &#8211; Ethic &#8211; Sustainable, nachhaltig produziert in Kolumbien,&hellip;<\/p>\n","protected":false},"author":24,"featured_media":0,"parent":217,"menu_order":41,"comment_status":"closed","ping_status":"closed","template":"","meta":{"footnotes":""},"class_list":["post-2282","page","type-page","status-publish","hentry","description-off"],"_links":{"self":[{"href":"https:\/\/weltlaeden.de\/osterstrasse\/wp-json\/wp\/v2\/pages\/2282","targetHints":{"allow":["GET"]}}],"collection":[{"href":"https:\/\/weltlaeden.de\/osterstrasse\/wp-json\/wp\/v2\/pages"}],"about":[{"href":"https:\/\/weltlaeden.de\/osterstrasse\/wp-json\/wp\/v2\/types\/page"}],"author":[{"embeddable":true,"href":"https:\/\/weltlaeden.de\/osterstrasse\/wp-json\/wp\/v2\/users\/24"}],"replies":[{"embeddable":true,"href":"https:\/\/weltlaeden.de\/osterstrasse\/wp-json\/wp\/v2\/comments?post=2282"}],"version-history":[{"count":178,"href":"https:\/\/weltlaeden.de\/osterstrasse\/wp-json\/wp\/v2\/pages\/2282\/revisions"}],"predecessor-version":[{"id":4022,"href":"https:\/\/weltlaeden.de\/osterstrasse\/wp-json\/wp\/v2\/pages\/2282\/revisions\/4022"}],"up":[{"embeddable":true,"href":"https:\/\/weltlaeden.de\/osterstrasse\/wp-json\/wp\/v2\/pages\/217"}],"wp:attachment":[{"href":"https:\/\/weltlaeden.de\/osterstrasse\/wp-json\/wp\/v2\/media?parent=2282"}],"curies":[{"name":"wp","href":"https:\/\/api.w.org\/{rel}","templated":true}]}}