{"id":2156,"date":"2021-04-09T22:58:47","date_gmt":"2021-04-09T20:58:07","guid":{"rendered":"https:\/\/weltlaeden.de\/osterstrasse\/?page_id=2156"},"modified":"2026-01-30T13:14:09","modified_gmt":"2026-01-30T12:14:09","slug":"brandless","status":"publish","type":"page","link":"https:\/\/weltlaeden.de\/osterstrasse\/fairer-handel\/faire-mode\/brandless\/","title":{"rendered":"Brandless"},"content":{"rendered":"<div class=\"wpb-content-wrapper\"><p>[vc_row][vc_column]<div class=\"wl_einzelbild\"><p><\/p>\n<div id=\"attachment_2158\" style=\"width: 1930px\" class=\"wp-caption alignleft\"><img loading=\"lazy\" decoding=\"async\" aria-describedby=\"caption-attachment-2158\" class=\"wp-image-2158 size-full\" src=\"https:\/\/weltlaeden.de\/osterstrasse\/wp-content\/uploads\/sites\/17\/2021\/04\/Brandless-c-Lukas-Drechsler.jpg\" alt=\"\" width=\"1920\" height=\"960\" srcset=\"https:\/\/weltlaeden.de\/osterstrasse\/wp-content\/uploads\/sites\/17\/2021\/04\/Brandless-c-Lukas-Drechsler.jpg 1920w, https:\/\/weltlaeden.de\/osterstrasse\/wp-content\/uploads\/sites\/17\/2021\/04\/Brandless-c-Lukas-Drechsler-300x150.jpg 300w, https:\/\/weltlaeden.de\/osterstrasse\/wp-content\/uploads\/sites\/17\/2021\/04\/Brandless-c-Lukas-Drechsler-768x384.jpg 768w, https:\/\/weltlaeden.de\/osterstrasse\/wp-content\/uploads\/sites\/17\/2021\/04\/Brandless-c-Lukas-Drechsler-1024x512.jpg 1024w\" sizes=\"auto, (max-width: 1920px) 100vw, 1920px\" \/><p id=\"caption-attachment-2158\" class=\"wp-caption-text\">Foto: Lukas Drechsler<\/p><\/div>\n<p><\/p><\/div>[\/vc_column][\/vc_row][vc_row][vc_column][vc_empty_space][\/vc_column][\/vc_row][vc_row][vc_column][vc_column_text]<\/p>\n<h1>BRANDLESS, Indien \/ \u00d6sterreich<\/h1>\n<p>Das junge und ambitionierte Modelabel <a href=\"https:\/\/brandless-shop.com\/\">Brandless<\/a> aus Wien steht f\u00fcr sozial vertr\u00e4gliche Produktion, R\u00fccksicht auf Umwelt und angenehme Passform. Was macht sie dabei so einzigartig? Sie stellen \u00f6ko-faire Kleidung ohne Logo her.[\/vc_column_text][\/vc_column][\/vc_row][vc_row][vc_column width=&#8220;1\/6&#8243;][vc_empty_space][\/vc_column][vc_column width=&#8220;5\/6&#8243;][vc_empty_space]<blockquote class=\"text-big shortcode-blockquote\"><h2><em><span style=\"color: #000000\">\u201eWir legen besonderen Wert auf Fairness und Nachhaltigkeit und bieten Wohlf\u00fchlkleidung zu angemessenen Preisen. F\u00fcr unsere Textilien verwenden wir ausschlie\u00dflich umweltfreundliche und zertifizierte Materialien.\u201c<\/span><\/em><\/h2>\n<p style=\"text-align: right\"><em>(Brandless)<\/em><\/p>\n<p style=\"text-align: right\"><em>\u00a0<\/em><\/p>\n<\/blockquote>[vc_empty_space][\/vc_column][\/vc_row][vc_row][vc_column][vc_column_text]<\/p>\n<h2><span style=\"color: #000000\"><strong>Ethik und Umwelt im Gleichgewicht<\/strong><\/span><\/h2>\n<p>Der Kodex von Brandless f\u00fcr Ethik und Nachhaltigkeit basiert auf den Inhalten der <a href=\"https:\/\/www.fairwear.org\/\">Fair Wear Foundation<\/a> und <a href=\"https:\/\/www.ilo.org\">International Labour Organization<\/a>: Damit \u00fcbernehmen sie Verantwortung und k\u00e4mpfen gegen ausbeuterische Kinderarbeit, Zwangsarbeit und Diskriminierung. Mit ihrem Konzept stehen sie zudem f\u00fcr existenzsichernde L\u00f6hne, rechtlich bindende Arbeitsvertr\u00e4ge und das Recht auf Versammlungen und Tarifverhandlungen.[\/vc_column_text][vc_empty_space][\/vc_column][\/vc_row][vc_row][vc_column][vc_column_text]<\/p>\n<h2><span style=\"color: #000000\"><strong>Langfristig denken<\/strong><\/span><\/h2>\n<p>F\u00fcr die Kleidung von Brandless wird ausschlie\u00dflich zertifizierte Bio-Baumwolle oder Modal verwendet. Angefangen vom Anbau der Baumwolle bis zur Verarbeitung ist die gesamte Produktionskette <a href=\"https:\/\/global-standard.org\/\">GOTS-zertifiziert<\/a>. \u201eF\u00fcr mich ist Fairtrade das Gleichgewicht zwischen Ethik und Umwelt\u201c, sagt Siddharth Tripathy, Pressesprecher der Kooperative Chetna Organics Farmers Association in Yavatmal, Indien, von denen Brandless seine Bio-Baumwolle bezieht.[\/vc_column_text][\/vc_column][\/vc_row][vc_row][vc_column][vc_empty_space]<div class=\"wl_einzelbild\"><p><img loading=\"lazy\" decoding=\"async\" class=\"alignleft wp-image-2157 size-full\" src=\"https:\/\/weltlaeden.de\/osterstrasse\/wp-content\/uploads\/sites\/17\/2021\/04\/cotton-4649804_1920-pixabay.jpg\" alt=\"\" width=\"1920\" height=\"960\" srcset=\"https:\/\/weltlaeden.de\/osterstrasse\/wp-content\/uploads\/sites\/17\/2021\/04\/cotton-4649804_1920-pixabay.jpg 1920w, https:\/\/weltlaeden.de\/osterstrasse\/wp-content\/uploads\/sites\/17\/2021\/04\/cotton-4649804_1920-pixabay-300x150.jpg 300w, https:\/\/weltlaeden.de\/osterstrasse\/wp-content\/uploads\/sites\/17\/2021\/04\/cotton-4649804_1920-pixabay-768x384.jpg 768w, https:\/\/weltlaeden.de\/osterstrasse\/wp-content\/uploads\/sites\/17\/2021\/04\/cotton-4649804_1920-pixabay-1024x512.jpg 1024w\" sizes=\"auto, (max-width: 1920px) 100vw, 1920px\" \/><\/p>\n<p><\/p><\/div>[vc_empty_space][\/vc_column][\/vc_row][vc_row][vc_column][vc_column_text]\u201eDie benachteiligten Kooperativen profitieren in sozialer, wirtschaftlicher und \u00f6kologischer Hinsicht von Fairtrade. Durch das System werden sie dazu ermutigt, sich demokratisch an allen Entscheidungen der Kooperative zu beteiligen\u201c, so Tripathy weiter. Die Kooperative f\u00f6rdert die Gr\u00fcndung und den Aufbau von Kleinunternehmen als selbstbestimmte Partner*innen innerhalb der textilen Handelskette. Bio-Baumwolle bietet B\u00e4uer*innen h\u00f6here Ertragsm\u00f6glichkeiten und damit eine langfristige Existenzsicherung. \u201eWir bezahlen einen fairen Preis, der eine hohe und kontinuierliche Qualit\u00e4t der Baumwolle gew\u00e4hrleistet. Diese erm\u00f6glicht unserer Spinnerei die Gewinnung eines besonders feinen und strapazierf\u00e4higen Garns, das unseren Shirts eine angenehme, glatte Oberfl\u00e4che verleiht und f\u00fcr maximalen Tragekomfort sorgt\u201c, so Brandless.<\/p>\n<p>Die \u00f6ko-fairen Basics Shirts und Hoodies ohne Branding finden Sie bei uns im Weltladen![\/vc_column_text][vc_empty_space][\/vc_column][\/vc_row][vc_row][vc_column][vc_tta_pageable no_fill_content_area=&#8220;1&#8243; autoplay=&#8220;3&#8243; active_section=&#8220;1&#8243;][vc_tta_section title=&#8220;Inhaltsbereich 1&#8243; tab_id=&#8220;1618001157942-c9d36d61-41be&#8220;][vc_single_image image=&#8220;2161&#8243; img_size=&#8220;full&#8220; css_animation=&#8220;fadeInRight&#8220;][\/vc_tta_section][vc_tta_section title=&#8220;Inhaltsbereich&#8220; tab_id=&#8220;1618001171065-c4b46978-f0ea&#8220;][vc_single_image image=&#8220;2159&#8243; img_size=&#8220;full&#8220; css_animation=&#8220;fadeInRight&#8220;][\/vc_tta_section][vc_tta_section title=&#8220;Inhaltsbereich&#8220; tab_id=&#8220;1618001171982-59c2f4b0-8d98&#8243;][vc_single_image image=&#8220;2160&#8243; img_size=&#8220;full&#8220; css_animation=&#8220;fadeInRight&#8220;][\/vc_tta_section][\/vc_tta_pageable][\/vc_column][\/vc_row][vc_row][vc_column width=&#8220;1\/3&#8243;][vc_empty_space]<div class=\"wl_einzelbild\"><p><img loading=\"lazy\" decoding=\"async\" class=\"alignleft wp-image-2162 size-full\" src=\"https:\/\/weltlaeden.de\/osterstrasse\/wp-content\/uploads\/sites\/17\/2021\/04\/brandless_Logo.jpg\" alt=\"\" width=\"400\" height=\"68\" srcset=\"https:\/\/weltlaeden.de\/osterstrasse\/wp-content\/uploads\/sites\/17\/2021\/04\/brandless_Logo.jpg 400w, https:\/\/weltlaeden.de\/osterstrasse\/wp-content\/uploads\/sites\/17\/2021\/04\/brandless_Logo-300x51.jpg 300w\" sizes=\"auto, (max-width: 400px) 100vw, 400px\" \/><\/p><\/div>[vc_empty_space][\/vc_column][vc_column width=&#8220;2\/3&#8243;][vc_empty_space]<div class=\"wl_einzelbild\"><p><\/p><\/div>[vc_empty_space][\/vc_column][\/vc_row][vc_row][vc_column][vc_empty_space][vc_column_text]<\/p>\n<p style=\"text-align: right\"><span style=\"color: #808080\"><em>Verfasserin: Magdalena Gassner<\/em><\/span><\/p>\n<p>[\/vc_column_text][vc_separator][vc_column_text]<span style=\"color: #808080\"><em>Quellen: <\/em><\/span><em><a href=\"http:\/\/www.brand-less.eu\/\">Brandless<\/a>, <a href=\"https:\/\/www.fairtrade-deutschland.de\/produkte\/produzentenfinder\/produzent\/chetna-organic-farmers-association-cofa\">Fairtrade<\/a>, <a href=\"http:\/\/www.fairtradecenter.info\/hersteller-pdf\/chetna-organic.pdf\">FairTradeCenter<\/a><\/em>[\/vc_column_text][\/vc_column][\/vc_row]<\/p>\n<\/div>","protected":false},"excerpt":{"rendered":"<p>[vc_row][vc_column][\/vc_column][\/vc_row][vc_row][vc_column][vc_empty_space][\/vc_column][\/vc_row][vc_row][vc_column][vc_column_text] BRANDLESS, Indien \/ \u00d6sterreich Das junge und ambitionierte Modelabel Brandless aus Wien steht f\u00fcr sozial vertr\u00e4gliche Produktion, R\u00fccksicht auf Umwelt und angenehme Passform. Was macht sie dabei so einzigartig? Sie stellen \u00f6ko-faire Kleidung ohne Logo her.[\/vc_column_text][\/vc_column][\/vc_row][vc_row][vc_column width=&#8220;1\/6&#8243;][vc_empty_space][\/vc_column][vc_column width=&#8220;5\/6&#8243;][vc_empty_space][vc_empty_space][\/vc_column][\/vc_row][vc_row][vc_column][vc_column_text] Ethik und Umwelt im Gleichgewicht Der Kodex von Brandless f\u00fcr Ethik und Nachhaltigkeit basiert auf den&hellip;<\/p>\n","protected":false},"author":97,"featured_media":2158,"parent":2072,"menu_order":4,"comment_status":"closed","ping_status":"closed","template":"","meta":{"footnotes":""},"class_list":["post-2156","page","type-page","status-publish","has-post-thumbnail","hentry","description-off"],"_links":{"self":[{"href":"https:\/\/weltlaeden.de\/osterstrasse\/wp-json\/wp\/v2\/pages\/2156","targetHints":{"allow":["GET"]}}],"collection":[{"href":"https:\/\/weltlaeden.de\/osterstrasse\/wp-json\/wp\/v2\/pages"}],"about":[{"href":"https:\/\/weltlaeden.de\/osterstrasse\/wp-json\/wp\/v2\/types\/page"}],"author":[{"embeddable":true,"href":"https:\/\/weltlaeden.de\/osterstrasse\/wp-json\/wp\/v2\/users\/97"}],"replies":[{"embeddable":true,"href":"https:\/\/weltlaeden.de\/osterstrasse\/wp-json\/wp\/v2\/comments?post=2156"}],"version-history":[{"count":7,"href":"https:\/\/weltlaeden.de\/osterstrasse\/wp-json\/wp\/v2\/pages\/2156\/revisions"}],"predecessor-version":[{"id":3675,"href":"https:\/\/weltlaeden.de\/osterstrasse\/wp-json\/wp\/v2\/pages\/2156\/revisions\/3675"}],"up":[{"embeddable":true,"href":"https:\/\/weltlaeden.de\/osterstrasse\/wp-json\/wp\/v2\/pages\/2072"}],"wp:featuredmedia":[{"embeddable":true,"href":"https:\/\/weltlaeden.de\/osterstrasse\/wp-json\/wp\/v2\/media\/2158"}],"wp:attachment":[{"href":"https:\/\/weltlaeden.de\/osterstrasse\/wp-json\/wp\/v2\/media?parent=2156"}],"curies":[{"name":"wp","href":"https:\/\/api.w.org\/{rel}","templated":true}]}}