{"id":2091,"date":"2021-04-01T23:27:20","date_gmt":"2021-04-01T21:27:20","guid":{"rendered":"https:\/\/weltlaeden.de\/osterstrasse\/?page_id=2091"},"modified":"2026-01-30T13:14:09","modified_gmt":"2026-01-30T12:14:09","slug":"fairytale","status":"publish","type":"page","link":"https:\/\/weltlaeden.de\/osterstrasse\/fairer-handel\/faire-mode\/fairytale\/","title":{"rendered":"Fairytale"},"content":{"rendered":"<div class=\"wpb-content-wrapper\"><p>[vc_row][vc_column]<div class=\"wl_einzelbild\"><p><\/p>\n<div id=\"attachment_2092\" style=\"width: 1768px\" class=\"wp-caption alignleft\"><img loading=\"lazy\" decoding=\"async\" aria-describedby=\"caption-attachment-2092\" class=\"wp-image-2092 size-full\" src=\"https:\/\/weltlaeden.de\/osterstrasse\/wp-content\/uploads\/sites\/17\/2021\/04\/story_wirueberuns-bearbeitet.jpg\" alt=\"\" width=\"1758\" height=\"879\" srcset=\"https:\/\/weltlaeden.de\/osterstrasse\/wp-content\/uploads\/sites\/17\/2021\/04\/story_wirueberuns-bearbeitet.jpg 1758w, https:\/\/weltlaeden.de\/osterstrasse\/wp-content\/uploads\/sites\/17\/2021\/04\/story_wirueberuns-bearbeitet-300x150.jpg 300w, https:\/\/weltlaeden.de\/osterstrasse\/wp-content\/uploads\/sites\/17\/2021\/04\/story_wirueberuns-bearbeitet-768x384.jpg 768w, https:\/\/weltlaeden.de\/osterstrasse\/wp-content\/uploads\/sites\/17\/2021\/04\/story_wirueberuns-bearbeitet-1024x512.jpg 1024w\" sizes=\"auto, (max-width: 1758px) 100vw, 1758px\" \/><p id=\"caption-attachment-2092\" class=\"wp-caption-text\">Das Team von FAIRytale bei der Arbeit in Kathmandu, Nepal (Foto: FAIRytale Fair Fashion)<\/p><\/div>\n<p><\/p><\/div>[\/vc_column][\/vc_row][vc_row][vc_column][vc_empty_space][\/vc_column][\/vc_row][vc_row][vc_column][vc_column_text]<\/p>\n<h1>FAIRYTALE, Nepal \/ \u00d6sterreich<\/h1>\n<p>Die Geschichte von <a href=\"https:\/\/www.fairytale-fashion.at\/\">FAIRytale<\/a> begann auf einer Reise nach Nepal. Dort entstanden die ersten Pl\u00e4ne f\u00fcr ein Textilprojekt mit der Familienschneiderei von Hari Gautam in Kathmandu. Die gemeinsame Vision: mit ihrer Mode die Welt <em>FAIR<\/em>\u00e4ndern.[\/vc_column_text][\/vc_column][\/vc_row][vc_row][vc_column width=&#8220;1\/6&#8243;][vc_empty_space][\/vc_column][vc_column width=&#8220;5\/6&#8243;][vc_empty_space]<blockquote class=\"text-big shortcode-blockquote\"><h2><span style=\"color: #000000\"><em>\u201eDie Entscheidung Mode zu machen, haben wir sehr bewusst getroffen. Es ist Zeit f\u00fcr Alternativen in der Textilbranche, wir sind \u00fcberzeugt, dass wir unsere Vision mit Kreativit\u00e4t, vollem Einsatz und guten Strategien FAIRwirklichen k\u00f6nnen!\u201c<\/em><\/span><\/h2>\n<p style=\"text-align: right\"><em>(Ingrid Gumpelmaier-Grandl, Gr\u00fcnderin von FAIRytale)<\/em><\/p>\n<\/blockquote>[vc_empty_space][\/vc_column][\/vc_row][vc_row][vc_column][vc_column_text]<\/p>\n<h2><span style=\"color: #000000\"><strong>Mode mit Herz<\/strong><\/span><\/h2>\n<p>Die Designerin Ingrid Gumpelmaier-Grandl aus Eferding in \u00d6sterreich arbeitet seit \u00fcber zehn Jahren mit kleinen Manufakturen in Kathmandu zusammen. Gemeinsam stellen sie \u00f6ko-faire Mode f\u00fcr Individualist*innen her. Mal farbenfroh, mal klassisch hinterfragen sie mit Modellen von XS bis 3XL Sch\u00f6nheitsideale und zelebrieren Vielfalt. Die Stoffe werden aus fair gehandelter Bio-Baumwolle in Indien gewebt und in Nepal weiterverarbeitet.[\/vc_column_text][\/vc_column][\/vc_row][vc_row][vc_column][vc_empty_space]<div class=\"wl_einzelbild\"><p><\/p>\n<div id=\"attachment_2093\" style=\"width: 932px\" class=\"wp-caption alignleft\"><img loading=\"lazy\" decoding=\"async\" aria-describedby=\"caption-attachment-2093\" class=\"wp-image-2093 size-full\" src=\"https:\/\/weltlaeden.de\/osterstrasse\/wp-content\/uploads\/sites\/17\/2021\/04\/team8-bearbeitet.jpg\" alt=\"\" width=\"922\" height=\"461\" srcset=\"https:\/\/weltlaeden.de\/osterstrasse\/wp-content\/uploads\/sites\/17\/2021\/04\/team8-bearbeitet.jpg 922w, https:\/\/weltlaeden.de\/osterstrasse\/wp-content\/uploads\/sites\/17\/2021\/04\/team8-bearbeitet-300x150.jpg 300w, https:\/\/weltlaeden.de\/osterstrasse\/wp-content\/uploads\/sites\/17\/2021\/04\/team8-bearbeitet-768x384.jpg 768w\" sizes=\"auto, (max-width: 922px) 100vw, 922px\" \/><p id=\"caption-attachment-2093\" class=\"wp-caption-text\">Mitarbeiterinnen von FAIRytale in Nepal (Foto: FAIRytale Fair Fashion)<\/p><\/div>\n<p><\/p><\/div>[vc_empty_space][\/vc_column][\/vc_row][vc_row][vc_column][vc_column_text]Die fair bezahlten Produzent*innen sind f\u00fcr FAIRytale Handelspartner*innen auf Augenh\u00f6he. Seite an Seite wird an der gemeinsamen Kollektion vor Ort gearbeitet. FAIRytale kennt die Hoffnungen, Tr\u00e4ume und Probleme der Menschen in der Schneiderei, Filzerei und Druckerei. Arbeits- und Umweltstandards werden entlang des gesamten Produktionsprozesses st\u00e4ndig weiterentwickelt. So wurden in der Schneiderei die erste bezahlte Elternzeit eingef\u00fchrt und auf dem Dach eine Photovoltaikanlage gebaut. Damit wird nun v\u00f6llig eigenst\u00e4ndig mit 100% \u00d6kostrom produziert.<\/p>\n<p>&nbsp;<\/p>\n<h2><span style=\"color: #000000\"><strong>Zusammen stark<\/strong><\/span><\/h2>\n<p>Sowohl nach dem schweren Erdbeben 2015 als auch im Zuge der Covid19-Pandemie hat FAIRytale jeweils einen Hilfsfond ins Leben gerufen. Denn der Faire Handel ist nicht nur eine Wirtschaftsbeziehung, sondern auch Krisenbew\u00e4ltigung. \u201eGerade in schwierigen Zeiten zeigt sich, ob es nur um die Bed\u00fcrfnisse der Modelabels geht oder auch um das \u00dcberleben der Produzent*innen\u201c, so die Designerin Ingrid Gumpelmaier-Grandl von FAIRytale, \u201eZusammenhalt <em>FAIR<\/em>bindet!\u201c Die Mode mit Herz von FAIRytale finden Sie bei uns im Weltladen![\/vc_column_text][\/vc_column][\/vc_row][vc_row][vc_column][vc_empty_space][vc_tta_pageable no_fill_content_area=&#8220;1&#8243; autoplay=&#8220;3&#8243; active_section=&#8220;1&#8243;][vc_tta_section title=&#8220;Inhaltsbereich&#8220; tab_id=&#8220;1617983832836-0da65425-5555&#8243;]<div class=\"wl_einzelbild\"><p><img loading=\"lazy\" decoding=\"async\" class=\"wp-image-2094 size-full\" src=\"https:\/\/weltlaeden.de\/osterstrasse\/wp-content\/uploads\/sites\/17\/2021\/04\/header-SS21-gro\u00df-frame.jpg\" alt=\"\" width=\"1920\" height=\"779\" srcset=\"https:\/\/weltlaeden.de\/osterstrasse\/wp-content\/uploads\/sites\/17\/2021\/04\/header-SS21-gro\u00df-frame.jpg 1920w, https:\/\/weltlaeden.de\/osterstrasse\/wp-content\/uploads\/sites\/17\/2021\/04\/header-SS21-gro\u00df-frame-300x122.jpg 300w, https:\/\/weltlaeden.de\/osterstrasse\/wp-content\/uploads\/sites\/17\/2021\/04\/header-SS21-gro\u00df-frame-768x311.jpg 768w, https:\/\/weltlaeden.de\/osterstrasse\/wp-content\/uploads\/sites\/17\/2021\/04\/header-SS21-gro\u00df-frame-1024x415.jpg 1024w\" sizes=\"auto, (max-width: 1920px) 100vw, 1920px\" \/><\/p>\n<p><\/p><\/div>[\/vc_tta_section][vc_tta_section title=&#8220;Inhaltsbereich 1&#8243; tab_id=&#8220;1617983199717-8c0d65aa-1f82&#8243;][vc_single_image image=&#8220;2136&#8243; img_size=&#8220;full&#8220; css_animation=&#8220;fadeInRight&#8220;][\/vc_tta_section][vc_tta_section title=&#8220;Inhaltsbereich&#8220; tab_id=&#8220;1617983297679-27d9966e-cb9f&#8220;][vc_single_image image=&#8220;2137&#8243; img_size=&#8220;full&#8220; css_animation=&#8220;fadeInRight&#8220;][\/vc_tta_section][vc_tta_section title=&#8220;Inhaltsbereich&#8220; tab_id=&#8220;1617983369859-e6232328-6eba&#8220;][vc_single_image image=&#8220;2138&#8243; img_size=&#8220;full&#8220; css_animation=&#8220;fadeInRight&#8220;][\/vc_tta_section][vc_tta_section title=&#8220;Inhaltsbereich&#8220; tab_id=&#8220;1617983401314-703e7484-9cdc&#8220;][vc_single_image image=&#8220;2139&#8243; img_size=&#8220;full&#8220; css_animation=&#8220;fadeInRight&#8220;][\/vc_tta_section][\/vc_tta_pageable][\/vc_column][\/vc_row][vc_row][vc_column][vc_column_text]<\/p>\n<p style=\"text-align: right\"><span style=\"color: #808080\">Fotos: FAIRytale Fair Fashion<\/span><\/p>\n<p>[\/vc_column_text][\/vc_column][\/vc_row][vc_row][vc_column width=&#8220;1\/3&#8243;][vc_empty_space]<div class=\"wl_einzelbild\"><p><img loading=\"lazy\" decoding=\"async\" class=\"alignleft wp-image-2095 size-full\" src=\"https:\/\/weltlaeden.de\/osterstrasse\/wp-content\/uploads\/sites\/17\/2021\/04\/fff_logo-4C-blau.png\" alt=\"\" width=\"2386\" height=\"950\" srcset=\"https:\/\/weltlaeden.de\/osterstrasse\/wp-content\/uploads\/sites\/17\/2021\/04\/fff_logo-4C-blau.png 2386w, https:\/\/weltlaeden.de\/osterstrasse\/wp-content\/uploads\/sites\/17\/2021\/04\/fff_logo-4C-blau-300x119.png 300w, https:\/\/weltlaeden.de\/osterstrasse\/wp-content\/uploads\/sites\/17\/2021\/04\/fff_logo-4C-blau-768x306.png 768w, https:\/\/weltlaeden.de\/osterstrasse\/wp-content\/uploads\/sites\/17\/2021\/04\/fff_logo-4C-blau-1024x408.png 1024w\" sizes=\"auto, (max-width: 2386px) 100vw, 2386px\" \/><\/p><\/div>[vc_empty_space][\/vc_column][vc_column width=&#8220;2\/3&#8243;][vc_empty_space]<div class=\"wl_einzelbild\"><p><img loading=\"lazy\" decoding=\"async\" class=\"alignleft wp-image-2096 size-full\" src=\"https:\/\/weltlaeden.de\/osterstrasse\/wp-content\/uploads\/sites\/17\/2021\/04\/Nepal-\u00d6sterreich.jpg\" alt=\"\" width=\"1280\" height=\"720\" srcset=\"https:\/\/weltlaeden.de\/osterstrasse\/wp-content\/uploads\/sites\/17\/2021\/04\/Nepal-\u00d6sterreich.jpg 1280w, https:\/\/weltlaeden.de\/osterstrasse\/wp-content\/uploads\/sites\/17\/2021\/04\/Nepal-\u00d6sterreich-300x169.jpg 300w, https:\/\/weltlaeden.de\/osterstrasse\/wp-content\/uploads\/sites\/17\/2021\/04\/Nepal-\u00d6sterreich-768x432.jpg 768w, https:\/\/weltlaeden.de\/osterstrasse\/wp-content\/uploads\/sites\/17\/2021\/04\/Nepal-\u00d6sterreich-1024x576.jpg 1024w\" sizes=\"auto, (max-width: 1280px) 100vw, 1280px\" \/><\/p><\/div>[vc_empty_space][\/vc_column][\/vc_row][vc_row][vc_column][vc_empty_space][vc_column_text]<\/p>\n<p style=\"text-align: right\"><span style=\"color: #808080\"><em>Verfasserin: Magdalena Gassner<\/em><\/span><\/p>\n<p>[\/vc_column_text][vc_separator][vc_column_text]<span style=\"color: #808080\"><em>Quellen: <\/em><\/span><em><a href=\"https:\/\/www.fairytale-fashion.at\/\">FAIRytale<\/a><\/em>[\/vc_column_text][\/vc_column][\/vc_row]<\/p>\n<\/div>","protected":false},"excerpt":{"rendered":"<p>[vc_row][vc_column][\/vc_column][\/vc_row][vc_row][vc_column][vc_empty_space][\/vc_column][\/vc_row][vc_row][vc_column][vc_column_text] FAIRYTALE, Nepal \/ \u00d6sterreich Die Geschichte von FAIRytale begann auf einer Reise nach Nepal. Dort entstanden die ersten Pl\u00e4ne f\u00fcr ein Textilprojekt mit der Familienschneiderei von Hari Gautam in Kathmandu. Die gemeinsame Vision: mit ihrer Mode die Welt FAIR\u00e4ndern.[\/vc_column_text][\/vc_column][\/vc_row][vc_row][vc_column width=&#8220;1\/6&#8243;][vc_empty_space][\/vc_column][vc_column width=&#8220;5\/6&#8243;][vc_empty_space][vc_empty_space][\/vc_column][\/vc_row][vc_row][vc_column][vc_column_text] Mode mit Herz Die Designerin Ingrid Gumpelmaier-Grandl aus Eferding in \u00d6sterreich arbeitet seit&hellip;<\/p>\n","protected":false},"author":97,"featured_media":2092,"parent":2072,"menu_order":2,"comment_status":"closed","ping_status":"closed","template":"","meta":{"footnotes":""},"class_list":["post-2091","page","type-page","status-publish","has-post-thumbnail","hentry","description-off"],"_links":{"self":[{"href":"https:\/\/weltlaeden.de\/osterstrasse\/wp-json\/wp\/v2\/pages\/2091","targetHints":{"allow":["GET"]}}],"collection":[{"href":"https:\/\/weltlaeden.de\/osterstrasse\/wp-json\/wp\/v2\/pages"}],"about":[{"href":"https:\/\/weltlaeden.de\/osterstrasse\/wp-json\/wp\/v2\/types\/page"}],"author":[{"embeddable":true,"href":"https:\/\/weltlaeden.de\/osterstrasse\/wp-json\/wp\/v2\/users\/97"}],"replies":[{"embeddable":true,"href":"https:\/\/weltlaeden.de\/osterstrasse\/wp-json\/wp\/v2\/comments?post=2091"}],"version-history":[{"count":5,"href":"https:\/\/weltlaeden.de\/osterstrasse\/wp-json\/wp\/v2\/pages\/2091\/revisions"}],"predecessor-version":[{"id":3673,"href":"https:\/\/weltlaeden.de\/osterstrasse\/wp-json\/wp\/v2\/pages\/2091\/revisions\/3673"}],"up":[{"embeddable":true,"href":"https:\/\/weltlaeden.de\/osterstrasse\/wp-json\/wp\/v2\/pages\/2072"}],"wp:featuredmedia":[{"embeddable":true,"href":"https:\/\/weltlaeden.de\/osterstrasse\/wp-json\/wp\/v2\/media\/2092"}],"wp:attachment":[{"href":"https:\/\/weltlaeden.de\/osterstrasse\/wp-json\/wp\/v2\/media?parent=2091"}],"curies":[{"name":"wp","href":"https:\/\/api.w.org\/{rel}","templated":true}]}}