{"id":2072,"date":"2021-04-01T23:17:05","date_gmt":"2021-04-01T21:17:39","guid":{"rendered":"https:\/\/weltlaeden.de\/osterstrasse\/?page_id=2072"},"modified":"2026-01-30T13:14:09","modified_gmt":"2026-01-30T12:14:09","slug":"faire-mode","status":"publish","type":"page","link":"https:\/\/weltlaeden.de\/osterstrasse\/fairer-handel\/faire-mode\/","title":{"rendered":"Faire Mode"},"content":{"rendered":"<div class=\"wpb-content-wrapper\"><p>[vc_row][vc_column]<div class=\"wl_einzelbild\"><p><\/p>\n<div id=\"attachment_2060\" style=\"width: 1034px\" class=\"wp-caption alignleft\"><img loading=\"lazy\" decoding=\"async\" aria-describedby=\"caption-attachment-2060\" class=\"wp-image-2060 size-large\" src=\"https:\/\/weltlaeden.de\/osterstrasse\/wp-content\/uploads\/sites\/17\/2021\/04\/FAIRE-MODE-hei\u00dft-VERANTWORTUNG_3-1024x512.jpg\" alt=\"\" width=\"1024\" height=\"512\" srcset=\"https:\/\/weltlaeden.de\/osterstrasse\/wp-content\/uploads\/sites\/17\/2021\/04\/FAIRE-MODE-hei\u00dft-VERANTWORTUNG_3-1024x512.jpg 1024w, https:\/\/weltlaeden.de\/osterstrasse\/wp-content\/uploads\/sites\/17\/2021\/04\/FAIRE-MODE-hei\u00dft-VERANTWORTUNG_3-300x150.jpg 300w, https:\/\/weltlaeden.de\/osterstrasse\/wp-content\/uploads\/sites\/17\/2021\/04\/FAIRE-MODE-hei\u00dft-VERANTWORTUNG_3-768x384.jpg 768w, https:\/\/weltlaeden.de\/osterstrasse\/wp-content\/uploads\/sites\/17\/2021\/04\/FAIRE-MODE-hei\u00dft-VERANTWORTUNG_3.jpg 1280w\" sizes=\"auto, (max-width: 1024px) 100vw, 1024px\" \/><p id=\"caption-attachment-2060\" class=\"wp-caption-text\">Schneiderinnen von \u201eThousand Dreams\u201c in Delhi, Indien (Foto: Florian Lang)<\/p><\/div>\n<p><\/p><\/div>[\/vc_column][\/vc_row][vc_row][vc_column][vc_empty_space][\/vc_column][\/vc_row][vc_row][vc_column][vc_column_text]<\/p>\n<h1>Faire Mode hei\u00dft Verantwortung<\/h1>\n<p>Ausbeutung von Mensch und Umwelt, davon ist die Herstellung von Kleidung in der konventionellen Modeindustrie gepr\u00e4gt: sei es ausbeuterische Kinderarbeit auf Baumwollfeldern, Zwangsarbeit in Spinnereien oder physische Misshandlungen und sexualisierte Gewalt in N\u00e4hereien. W\u00e4hrend der COVID-19-Pandemie haben zus\u00e4tzlich Millionen von Arbeiter*innen in der globalen Bekleidungsindustrie ihren Arbeitsplatz verloren oder nicht ihren vollen Lohn erhalten. Als Fachgesch\u00e4ft f\u00fcr Fairen Handel zeigen wir, dass eine andere Mode m\u00f6glich ist.<\/p>\n<p><strong>\u00a0<\/strong><\/p>\n<h2><span style=\"color: #000000\"><strong>Der konventionelle Weg der Kleidung<\/strong><\/span><\/h2>\n<p>Weltweit ist jeder sechste werkt\u00e4tige Mensch in der Textil- und Bekleidungsbranche besch\u00e4ftigt. Die Lieferkette erstreckt sich \u00fcber viele Regionen der Welt. Im Schnitt legt ein Kleidungsst\u00fcck 30.000 Kilometer zur\u00fcck: vom Anbau der Rohstoffe \u00fcber die Herstellung des Garns bis zur Veredelung und Konfektionierung. Bei konventionell hergestellter Kleidung werden an jeder dieser Stationen Menschenrechte verletzt und die Umwelt verschmutzt. Am Beispiel einer Jeans zeigt diese interaktive Karte der <a href=\"https:\/\/www.fairtradestadt-hamburg.de\/\">Fair Trade Stadt Hamburg<\/a>, welche Stationen ein Kleidungsst\u00fcck auf seiner Reise zu uns durchl\u00e4uft.[\/vc_column_text][\/vc_column][\/vc_row][vc_row][vc_column][vc_empty_space]<div class=\"wl_einzelbild\"><p><a href=\"https:\/\/www.fairtradestadt-hamburg.de\/fairer-handel\/\"><img loading=\"lazy\" decoding=\"async\" class=\"alignleft wp-image-2061 size-full\" src=\"https:\/\/weltlaeden.de\/osterstrasse\/wp-content\/uploads\/sites\/17\/2021\/04\/Die-Reise-einer-Jeans.png\" alt=\"\" width=\"949\" height=\"583\" srcset=\"https:\/\/weltlaeden.de\/osterstrasse\/wp-content\/uploads\/sites\/17\/2021\/04\/Die-Reise-einer-Jeans.png 949w, https:\/\/weltlaeden.de\/osterstrasse\/wp-content\/uploads\/sites\/17\/2021\/04\/Die-Reise-einer-Jeans-300x184.png 300w, https:\/\/weltlaeden.de\/osterstrasse\/wp-content\/uploads\/sites\/17\/2021\/04\/Die-Reise-einer-Jeans-768x472.png 768w\" sizes=\"auto, (max-width: 949px) 100vw, 949px\" \/><\/a><\/p><\/div>[\/vc_column][\/vc_row][vc_row][vc_column][vc_empty_space][\/vc_column][\/vc_row][vc_row][vc_column][vc_column_text]<\/p>\n<h2><span style=\"color: #000000\"><strong>Perspektiven aus Indien, Kenia, Tansania und Nepal<\/strong><\/span><\/h2>\n<p>Weltl\u00e4den wertsch\u00e4tzen ihre Handelspartner*innen und arbeiten mit ihnen auf Augenh\u00f6he zusammen. Fair gehandelte Kleidung und Textilien aus Weltl\u00e4den erm\u00f6glichen Produzent*innen aus L\u00e4ndern des Globalen S\u00fcdens ein Leben in W\u00fcrde. So wie die fair und \u00f6kologisch produzierten R\u00fccks\u00e4cke und T-Shirts aus Indien von <a href=\"https:\/\/weltlaeden.de\/osterstrasse\/produkte\/faire-mode\/mela\/\">MELA<\/a>. Mela ist Hindi und steht f\u00fcr \u201eGemeinsam Handeln\u201c. \u201eWir haben uns daf\u00fcr entschieden, die maximale Wertsch\u00f6pfung im Land des Rohstoffursprungs zu belassen\u201c, so unsere Partner*innen von MELA. Daf\u00fcr stehen sie mit ihren Produzent*innen in engem Kontakt. Auch die Poloshirts von <a href=\"https:\/\/weltlaeden.de\/osterstrasse\/produkte\/faire-mode\/levensgaarn\/\">LEVENSGAARN<\/a>, einem kleinen Social Business aus Hamburg, schaffen Perspektiven f\u00fcr die Menschen vor Ort. Die Bio-Baumwolle der Polos stammt aus Tansania, in Kenia werden sie gen\u00e4ht. Genauso innovativ ist die Modelinie <a href=\"https:\/\/weltlaeden.de\/osterstrasse\/produkte\/faire-mode\/azadi\/\">AZADI<\/a>: Sie verbindet junge Menschen aus verschiedenen Kulturen und zeigt, wie Mode befreien kann. \u201eDie Entscheidung Mode zu machen, haben wir sehr bewusst getroffen\u201c, so unsere Partner*innen von <a href=\"https:\/\/weltlaeden.de\/osterstrasse\/produkte\/faire-mode\/fairytale\/\">FAIRYTALE<\/a>, die in Nepal \u00f6ko-faire Mode f\u00fcr Individualist*innen mit Herz herstellen. Der Faire Handel ist nicht nur eine Wirtschaftsbeziehung, sondern auch Krisenbew\u00e4ltigung. \u201eGerade in schwierigen Zeiten zeigt sich, ob es nur um die Bed\u00fcrfnisse der Modelabels geht oder auch um das \u00dcberleben der Produzent*innen\u201c, so die Designerin Ingrid Gumpelmaier-Grandl von FAIRytale, \u201eZusammenhalt FAIRbindet!\u201c[\/vc_column_text][\/vc_column][\/vc_row][vc_row][vc_column][vc_empty_space][vc_column_text]<\/p>\n<h3 style=\"text-align: center\"><span style=\"color: #000000\"><strong>Diese und weitere Geschichten \u00fcber FAIRantwortung lesen Sie hier!<\/strong><\/span><\/h3>\n<p>[\/vc_column_text][vc_empty_space][\/vc_column][\/vc_row][vc_row][vc_column width=&#8220;1\/4&#8243;]<div class=\"wl_einzelbild\"><p><a href=\"https:\/\/weltlaeden.de\/osterstrasse\/produkte\/faire-mode\/azadi\/\"><img loading=\"lazy\" decoding=\"async\" class=\"alignleft wp-image-2065 size-medium\" src=\"https:\/\/weltlaeden.de\/osterstrasse\/wp-content\/uploads\/sites\/17\/2021\/04\/Button_azadi-300x300.png\" alt=\"\" width=\"300\" height=\"300\" srcset=\"https:\/\/weltlaeden.de\/osterstrasse\/wp-content\/uploads\/sites\/17\/2021\/04\/Button_azadi-300x300.png 300w, https:\/\/weltlaeden.de\/osterstrasse\/wp-content\/uploads\/sites\/17\/2021\/04\/Button_azadi-150x150.png 150w, https:\/\/weltlaeden.de\/osterstrasse\/wp-content\/uploads\/sites\/17\/2021\/04\/Button_azadi.png 424w\" sizes=\"auto, (max-width: 300px) 100vw, 300px\" \/><\/a><\/p><\/div>[\/vc_column][vc_column width=&#8220;1\/4&#8243;]<div class=\"wl_einzelbild\"><p><a href=\"https:\/\/weltlaeden.de\/osterstrasse\/produkte\/faire-mode\/levensgaarn\/\"><img loading=\"lazy\" decoding=\"async\" class=\"alignleft wp-image-2066 size-medium\" src=\"https:\/\/weltlaeden.de\/osterstrasse\/wp-content\/uploads\/sites\/17\/2021\/04\/Button_Levensgaarn-300x300.png\" alt=\"\" width=\"300\" height=\"300\" srcset=\"https:\/\/weltlaeden.de\/osterstrasse\/wp-content\/uploads\/sites\/17\/2021\/04\/Button_Levensgaarn-300x300.png 300w, https:\/\/weltlaeden.de\/osterstrasse\/wp-content\/uploads\/sites\/17\/2021\/04\/Button_Levensgaarn-150x150.png 150w, https:\/\/weltlaeden.de\/osterstrasse\/wp-content\/uploads\/sites\/17\/2021\/04\/Button_Levensgaarn.png 424w\" sizes=\"auto, (max-width: 300px) 100vw, 300px\" \/><\/a><\/p><\/div>[\/vc_column][vc_column width=&#8220;1\/4&#8243;]<div class=\"wl_einzelbild\"><p><a href=\"https:\/\/weltlaeden.de\/osterstrasse\/produkte\/faire-mode\/fairytale\/\"><img loading=\"lazy\" decoding=\"async\" class=\"alignleft wp-image-2067 size-medium\" src=\"https:\/\/weltlaeden.de\/osterstrasse\/wp-content\/uploads\/sites\/17\/2021\/04\/Button_Fairytale-297x300.png\" alt=\"\" width=\"297\" height=\"300\" srcset=\"https:\/\/weltlaeden.de\/osterstrasse\/wp-content\/uploads\/sites\/17\/2021\/04\/Button_Fairytale-297x300.png 297w, https:\/\/weltlaeden.de\/osterstrasse\/wp-content\/uploads\/sites\/17\/2021\/04\/Button_Fairytale.png 421w\" sizes=\"auto, (max-width: 297px) 100vw, 297px\" \/><\/a><\/p><\/div>[\/vc_column][vc_column width=&#8220;1\/4&#8243;]<div class=\"wl_einzelbild\"><p><a href=\"https:\/\/weltlaeden.de\/osterstrasse\/produkte\/faire-mode\/mela\/\"><img loading=\"lazy\" decoding=\"async\" class=\"alignnone wp-image-2843 size-medium\" src=\"https:\/\/weltlaeden.de\/osterstrasse\/wp-content\/uploads\/sites\/17\/2022\/06\/Button_Melawear-300x300-1-300x300.png\" alt=\"MELA\" width=\"300\" height=\"300\" \/><\/a><\/p><\/div>[\/vc_column][\/vc_row][vc_row][vc_column width=&#8220;1\/4&#8243;][\/vc_column][vc_column width=&#8220;1\/4&#8243;]<div class=\"wl_einzelbild\"><p><a href=\"https:\/\/weltlaeden.de\/osterstrasse\/produkte\/faire-mode\/brandless\/\"><img loading=\"lazy\" decoding=\"async\" class=\"alignleft wp-image-2172 size-medium\" src=\"https:\/\/weltlaeden.de\/osterstrasse\/wp-content\/uploads\/sites\/17\/2021\/04\/brandless_thumbnail-300x300.jpg\" alt=\"\" width=\"300\" height=\"300\" srcset=\"https:\/\/weltlaeden.de\/osterstrasse\/wp-content\/uploads\/sites\/17\/2021\/04\/brandless_thumbnail-300x300.jpg 300w, https:\/\/weltlaeden.de\/osterstrasse\/wp-content\/uploads\/sites\/17\/2021\/04\/brandless_thumbnail-150x150.jpg 150w, https:\/\/weltlaeden.de\/osterstrasse\/wp-content\/uploads\/sites\/17\/2021\/04\/brandless_thumbnail.jpg 359w\" sizes=\"auto, (max-width: 300px) 100vw, 300px\" \/><\/a><\/p><\/div>[\/vc_column][vc_column width=&#8220;1\/4&#8243;][\/vc_column][vc_column width=&#8220;1\/4&#8243;][\/vc_column][\/vc_row][vc_row][vc_column][vc_empty_space][vc_column_text]<\/p>\n<h3 style=\"text-align: center\"><span style=\"color: #000000\"><strong>Bei uns im Weltladen bekommen Sie Mode aus Fairem Handel\u00a0\u2013 wir freuen uns auf Sie!<\/strong><\/span><\/h3>\n<p>[\/vc_column_text][vc_empty_space][\/vc_column][\/vc_row][vc_row][vc_column][vc_separator][vc_empty_space][\/vc_column][\/vc_row][vc_row][vc_column width=&#8220;2\/3&#8243;][vc_cta h2=&#8220;Du bist die Fashion Revolution!&#8220;]<\/p>\n<ul>\n<li>Kauf im Weltladen deines Vertrauens. Als Fachgesch\u00e4ft stehen wir f\u00fcr fair gehandelte Produkte sowie eine transparente Lieferkette.<\/li>\n<li>Achte beim Kauf von Kleidung auch auf Siegel und Zeichen, wie <a href=\"https:\/\/global-standard.org\/\">GOTS (Global Organic Textile Standard)<\/a>, <a href=\"https:\/\/www.fairtrade-deutschland.de\/produkte\/baumwolle\/hintergrund-fairtrade-baumwolle\">Fairtrade Cotton<\/a> und <a href=\"https:\/\/www.fairwear.org\/\">Fair Wear Foundation<\/a>, <a href=\"https:\/\/wfto.com\/\">WFTO (World Fair Trade Organization)<\/a>.<\/li>\n<li>Unterst\u00fctze <a href=\"https:\/\/weltlaeden.de\/osterstrasse\/lieferkettengesetz\/\">Kampagnen<\/a> und Aktionen, die gesetzliche Rahmenbedingungen zur menschenrechtlichen Sorgfaltspflicht f\u00fcr Unternehmen fordern.<\/li>\n<\/ul>\n<h3><span style=\"color: #000000\">Weil du den Unterschied machst!<\/span><\/h3>\n<p>[\/vc_cta][\/vc_column][vc_column width=&#8220;1\/3&#8243;]<div class=\"wl_einzelbild\"><p><img loading=\"lazy\" decoding=\"async\" class=\"alignleft wp-image-2062 size-full\" src=\"https:\/\/weltlaeden.de\/osterstrasse\/wp-content\/uploads\/sites\/17\/2021\/04\/FairBrief_erste-Seite.jpg-e1617303611794.jpg\" alt=\"\" width=\"498\" height=\"498\" srcset=\"https:\/\/weltlaeden.de\/osterstrasse\/wp-content\/uploads\/sites\/17\/2021\/04\/FairBrief_erste-Seite.jpg-e1617303611794.jpg 498w, https:\/\/weltlaeden.de\/osterstrasse\/wp-content\/uploads\/sites\/17\/2021\/04\/FairBrief_erste-Seite.jpg-e1617303611794-150x150.jpg 150w, https:\/\/weltlaeden.de\/osterstrasse\/wp-content\/uploads\/sites\/17\/2021\/04\/FairBrief_erste-Seite.jpg-e1617303611794-300x300.jpg 300w\" sizes=\"auto, (max-width: 498px) 100vw, 498px\" \/><\/p>\n<p><\/p><\/div>[\/vc_column][\/vc_row][vc_row][vc_column][vc_empty_space][\/vc_column][\/vc_row][vc_row][vc_column][vc_separator][vc_empty_space][vc_column_text]<span style=\"color: #808080\">Weitere Infos zu g\u00e4ngigen Textilsiegeln unter:<\/span><\/p>\n<p><a href=\"http:\/\/www.forum-fairer-handel.de\/fileadmin\/user_upload\/dateien\/publikationen\/materialien_des_ffh\/2020_FFH_fokus-faire-undoekologische-kleidung_web.pdf\">\u201eFokus Faire und \u00d6kologische Kleidung &#8211; \u00dcberblick aus Fair-Handels-Sicht\u201c<\/a><\/p>\n<p><strong>\u00a0<\/strong><\/p>\n<p style=\"text-align: right\"><span style=\"color: #808080\"><em>Verfasserin: Magdalena Gassner<\/em><\/span><\/p>\n<p><em>\u00a0<\/em>[\/vc_column_text][\/vc_column][\/vc_row]<\/p>\n<\/div>","protected":false},"excerpt":{"rendered":"<p>[vc_row][vc_column][\/vc_column][\/vc_row][vc_row][vc_column][vc_empty_space][\/vc_column][\/vc_row][vc_row][vc_column][vc_column_text] Faire Mode hei\u00dft Verantwortung Ausbeutung von Mensch und Umwelt, davon ist die Herstellung von Kleidung in der konventionellen Modeindustrie gepr\u00e4gt: sei es ausbeuterische Kinderarbeit auf Baumwollfeldern, Zwangsarbeit in Spinnereien oder physische Misshandlungen und sexualisierte Gewalt in N\u00e4hereien. W\u00e4hrend der COVID-19-Pandemie haben zus\u00e4tzlich Millionen von Arbeiter*innen in der globalen Bekleidungsindustrie ihren Arbeitsplatz verloren oder nicht&hellip;<\/p>\n","protected":false},"author":97,"featured_media":2060,"parent":218,"menu_order":4,"comment_status":"closed","ping_status":"closed","template":"","meta":{"footnotes":""},"class_list":["post-2072","page","type-page","status-publish","has-post-thumbnail","hentry","description-off"],"_links":{"self":[{"href":"https:\/\/weltlaeden.de\/osterstrasse\/wp-json\/wp\/v2\/pages\/2072","targetHints":{"allow":["GET"]}}],"collection":[{"href":"https:\/\/weltlaeden.de\/osterstrasse\/wp-json\/wp\/v2\/pages"}],"about":[{"href":"https:\/\/weltlaeden.de\/osterstrasse\/wp-json\/wp\/v2\/types\/page"}],"author":[{"embeddable":true,"href":"https:\/\/weltlaeden.de\/osterstrasse\/wp-json\/wp\/v2\/users\/97"}],"replies":[{"embeddable":true,"href":"https:\/\/weltlaeden.de\/osterstrasse\/wp-json\/wp\/v2\/comments?post=2072"}],"version-history":[{"count":18,"href":"https:\/\/weltlaeden.de\/osterstrasse\/wp-json\/wp\/v2\/pages\/2072\/revisions"}],"predecessor-version":[{"id":3666,"href":"https:\/\/weltlaeden.de\/osterstrasse\/wp-json\/wp\/v2\/pages\/2072\/revisions\/3666"}],"up":[{"embeddable":true,"href":"https:\/\/weltlaeden.de\/osterstrasse\/wp-json\/wp\/v2\/pages\/218"}],"wp:featuredmedia":[{"embeddable":true,"href":"https:\/\/weltlaeden.de\/osterstrasse\/wp-json\/wp\/v2\/media\/2060"}],"wp:attachment":[{"href":"https:\/\/weltlaeden.de\/osterstrasse\/wp-json\/wp\/v2\/media?parent=2072"}],"curies":[{"name":"wp","href":"https:\/\/api.w.org\/{rel}","templated":true}]}}