{"id":2059,"date":"2021-04-01T23:26:32","date_gmt":"2021-04-01T21:26:32","guid":{"rendered":"https:\/\/weltlaeden.de\/osterstrasse\/?page_id=2059"},"modified":"2026-01-30T13:14:09","modified_gmt":"2026-01-30T12:14:09","slug":"azadi","status":"publish","type":"page","link":"https:\/\/weltlaeden.de\/osterstrasse\/fairer-handel\/faire-mode\/azadi\/","title":{"rendered":"Azadi"},"content":{"rendered":"<div class=\"wpb-content-wrapper\"><p>[vc_row][vc_column]<div class=\"wl_einzelbild\"><p><\/p>\n<div id=\"attachment_2051\" style=\"width: 1177px\" class=\"wp-caption alignleft\"><img loading=\"lazy\" decoding=\"async\" aria-describedby=\"caption-attachment-2051\" class=\"wp-image-2051 size-full\" src=\"https:\/\/weltlaeden.de\/osterstrasse\/wp-content\/uploads\/sites\/17\/2021\/04\/Beitragsbild_Faire-Mode_azadi_cFlorian-Lang.jpg\" alt=\"\" width=\"1167\" height=\"584\" srcset=\"https:\/\/weltlaeden.de\/osterstrasse\/wp-content\/uploads\/sites\/17\/2021\/04\/Beitragsbild_Faire-Mode_azadi_cFlorian-Lang.jpg 1167w, https:\/\/weltlaeden.de\/osterstrasse\/wp-content\/uploads\/sites\/17\/2021\/04\/Beitragsbild_Faire-Mode_azadi_cFlorian-Lang-300x150.jpg 300w, https:\/\/weltlaeden.de\/osterstrasse\/wp-content\/uploads\/sites\/17\/2021\/04\/Beitragsbild_Faire-Mode_azadi_cFlorian-Lang-768x384.jpg 768w, https:\/\/weltlaeden.de\/osterstrasse\/wp-content\/uploads\/sites\/17\/2021\/04\/Beitragsbild_Faire-Mode_azadi_cFlorian-Lang-1024x512.jpg 1024w\" sizes=\"auto, (max-width: 1167px) 100vw, 1167px\" \/><p id=\"caption-attachment-2051\" class=\"wp-caption-text\">Schneiderinnen in der Werkstatt von \u201eThousand Dreams\u201c in Delhi, Indien (Foto: Florian Lang)<\/p><\/div>\n<p><\/p><\/div>[\/vc_column][\/vc_row][vc_row][vc_column][vc_empty_space][\/vc_column][\/vc_row][vc_row][vc_column][vc_column_text]<\/p>\n<h1>AZADI, Indien \/ Deutschland<\/h1>\n<p>Die Modelinie <a href=\"http:\/\/www.azadi-fashion.com\/\">azadi<\/a> zeigt, wie Mode befreien kann. Die erste Kollektion wurde von jungen Frauen produziert, die nach Gewalterfahrung in der Zwangsprostitution eine Ausbildung zur Schneiderin machten. \u201eAzadi\u201c ist Hindi und bedeutet \u201eFreiheit\u201c.[\/vc_column_text][\/vc_column][\/vc_row][vc_row][vc_column width=&#8220;1\/6&#8243;][vc_empty_space][\/vc_column][vc_column width=&#8220;5\/6&#8243;][vc_empty_space]<blockquote class=\"text-big shortcode-blockquote\"><h2><em><span style=\"color: #000000\">\u201eWir stehen f\u00fcr mehr als nur eine weitere \u00f6ko-faire Modemarke. Als Multi-Stakeholder-Initiative verbinden wir junge Menschen aus verschiedenen Kulturen und unterst\u00fctzen Graswurzelinitiativen in L\u00e4ndern des Globalen S\u00fcdens.\u201c<\/span><\/em><\/h2>\n<p style=\"text-align: right\"><em>(azadi)<\/em><\/p>\n<\/blockquote>[vc_empty_space][\/vc_column][\/vc_row][vc_row][vc_column][vc_column_text]<\/p>\n<h2><span style=\"color: #000000\"><strong>Mode f\u00fcr Freiheit<\/strong><\/span><\/h2>\n<p>Azadi baut Br\u00fccken zwischen Menschen, L\u00e4ndern und Kulturen. Die Multi-Stakeholder-Initiative wurde 2015 von dem Gemeinwohlunternehmen f\u00fcr Faire Mode FARCAP aus F\u00fcrth gegr\u00fcndet. Die indische Frauenrechtsorganisation STOP <em>(\u201eStop Trafficking and Oppression of Children and Women\u201c) <\/em>war die erste Projektpartnerin, mit der ein Jahr sp\u00e4ter die erste Kollektion in Delhi entstand. Mittlerweile setzen die jungen Frauen das Design von Modestudent*innen aus N\u00fcrnberg und Tirupur um. Die Modeschulen aus S\u00fcddeutschland und S\u00fcdindien stehen dazu in engem Austausch und besuchen sich gegenseitig. Gemeinsames Ziel sind faire und \u00f6kologische Produktionswege in der gesamten Lieferkette.[\/vc_column_text][\/vc_column][\/vc_row][vc_row][vc_column][vc_empty_space]<div class=\"wl_einzelbild\"><p><\/p>\n<div id=\"attachment_2074\" style=\"width: 1210px\" class=\"wp-caption alignnone\"><img loading=\"lazy\" decoding=\"async\" aria-describedby=\"caption-attachment-2074\" class=\"wp-image-2074 size-full\" src=\"https:\/\/weltlaeden.de\/osterstrasse\/wp-content\/uploads\/sites\/17\/2021\/04\/STOP_india-81-von-126-5.jpg\" alt=\"\" width=\"1200\" height=\"802\" srcset=\"https:\/\/weltlaeden.de\/osterstrasse\/wp-content\/uploads\/sites\/17\/2021\/04\/STOP_india-81-von-126-5.jpg 1200w, https:\/\/weltlaeden.de\/osterstrasse\/wp-content\/uploads\/sites\/17\/2021\/04\/STOP_india-81-von-126-5-300x201.jpg 300w, https:\/\/weltlaeden.de\/osterstrasse\/wp-content\/uploads\/sites\/17\/2021\/04\/STOP_india-81-von-126-5-768x513.jpg 768w, https:\/\/weltlaeden.de\/osterstrasse\/wp-content\/uploads\/sites\/17\/2021\/04\/STOP_india-81-von-126-5-1024x684.jpg 1024w\" sizes=\"auto, (max-width: 1200px) 100vw, 1200px\" \/><p id=\"caption-attachment-2074\" class=\"wp-caption-text\">Schneiderinnen in der Werkstatt von \u201eThousand Dreams\u201c in Delhi (Foto: Florian Lang)<\/p><\/div>\n<p><\/p><\/div>[vc_empty_space][\/vc_column][\/vc_row][vc_row][vc_column][vc_column_text]<\/p>\n<h2><span style=\"color: #000000\"><strong>Gelebte Tr\u00e4ume<\/strong><\/span><\/h2>\n<p>Azadi steht f\u00fcr \u00d6kologie, Nachhaltigkeit und Qualit\u00e4t. Die Kleidung besteht aus Jersey- oder Khadi-Stoffen. Der weiche und elastische Jerseystoff stammt aus dem <a href=\"https:\/\/global-standard.org\/\">GOTS-zertifizierten<\/a> Unternehmen Gokul Knittfabs Tirupur, S\u00fcdindien \u2013 einem Familienbetrieb mit etwa 400 Mitarbeiter*innen. Die Khadi-Stoffe werden von der Aavran Handloom Society in Kasravad, Mittelindien, hergestellt. Khadi ist Indiens traditioneller handgesponnener und handgewebter Baumwollstoff. Er \u00fcberzeugt durch seine Vielseitigkeit: im Sommer k\u00fchlend und im Winter w\u00e4rmend.<\/p>\n<p>Der gewebte Bio-Baumwollstoff wird von dem Sozialunternehmen \u201eThousand Dreams\u201c in Delhi, Nordindien, weiterverarbeitet, das von der Frauenrechtsorganisation STOP gegr\u00fcndet wurde. Die Frauen haben Gewalt oder Zwangsprostitution erlebt oder haben aufgrund mangelnder Bildungschancen auf dem regul\u00e4ren Arbeitsmarkt keine Chance. Bei \u201eThousand Dreams\u201c machen sie eine Ausbildung zur Schneiderin. Das Handwerk und die Anstellung geben den Frauen die Perspektive, ihre 1000 Tr\u00e4ume zu leben.<\/p>\n<p>F\u00fcr die j\u00e4hrlich wechselnden Kollektionen sind die kreativen Studierenden der B5 Modeschulen N\u00fcrnberg und des NIFT-TEA College of Knitwear Fashion in Tirupur, S\u00fcdindien, verantwortlich. Die Studierenden begleiten die jeweiligen Kollektionen von der ersten Idee \u00fcber die Umsetzung in Schnitt und Prototyp bis zum Vertrieb und Verkauf.\u00a0 Azadi verbindet so junge Menschen aus unterschiedlichen Kulturen und sensibilisiert f\u00fcr faire Handelswege in der Textilbranche.[\/vc_column_text][\/vc_column][\/vc_row][vc_row][vc_column][vc_column_text]\u201eDer Bildungsaspekt von azadi ist uns wichtig\u201c, so die Multi-Stakeholder-Initiative, \u201edie jetzigen Studierenden sind es, die in Zukunft entscheiden werden, WIE die Kleidung, die wir tragen, hergestellt wird.\u201c<\/p>\n<p>Entdecken Sie die Mode der gelebten Tr\u00e4ume von azadi bei uns im Weltladen!<span style=\"color: #ff9900\"><strong>\u00a0<\/strong><\/span>[\/vc_column_text][vc_empty_space][\/vc_column][\/vc_row][vc_row][vc_column][vc_tta_pageable no_fill_content_area=&#8220;1&#8243; autoplay=&#8220;3&#8243; active_section=&#8220;1&#8243;][vc_tta_section title=&#8220;Inhaltsbereich&#8220; tab_id=&#8220;1617988313148-8de805ef-c0bf&#8220;][vc_single_image image=&#8220;2037&#8243; img_size=&#8220;full&#8220;][\/vc_tta_section][vc_tta_section title=&#8220;Inhaltsbereich 1&#8243; tab_id=&#8220;1617987749489-26fb40ec-c7ee&#8220;][vc_single_image image=&#8220;2143&#8243; img_size=&#8220;full&#8220; css_animation=&#8220;fadeInRight&#8220;][\/vc_tta_section][vc_tta_section title=&#8220;Inhaltsbereich&#8220; tab_id=&#8220;1617988071048-59b6c139-1e57&#8243;][vc_single_image image=&#8220;2142&#8243; img_size=&#8220;full&#8220; css_animation=&#8220;fadeInRight&#8220;][\/vc_tta_section][\/vc_tta_pageable][\/vc_column][\/vc_row][vc_row][vc_column][vc_column_text]<\/p>\n<p style=\"text-align: right\"><span style=\"color: #808080\">Fotos: FARCAP<\/span><strong><br \/>\n<\/strong><\/p>\n<p>[\/vc_column_text][vc_empty_space][\/vc_column][\/vc_row][vc_row][vc_column][vc_empty_space][vc_video link=&#8220;https:\/\/vimeo.com\/400216950&#8243;][vc_empty_space][\/vc_column][\/vc_row][vc_row][vc_column width=&#8220;1\/3&#8243;][vc_empty_space]<div class=\"wl_einzelbild\"><p><img loading=\"lazy\" decoding=\"async\" class=\"alignleft wp-image-2075 size-full\" src=\"https:\/\/weltlaeden.de\/osterstrasse\/wp-content\/uploads\/sites\/17\/2021\/04\/azadi-Logo.jpg\" alt=\"\" width=\"400\" height=\"283\" srcset=\"https:\/\/weltlaeden.de\/osterstrasse\/wp-content\/uploads\/sites\/17\/2021\/04\/azadi-Logo.jpg 400w, https:\/\/weltlaeden.de\/osterstrasse\/wp-content\/uploads\/sites\/17\/2021\/04\/azadi-Logo-300x212.jpg 300w\" sizes=\"auto, (max-width: 400px) 100vw, 400px\" \/><\/p><\/div>[vc_empty_space][\/vc_column][vc_column width=&#8220;2\/3&#8243;][vc_empty_space]<div class=\"wl_einzelbild\"><p><img loading=\"lazy\" decoding=\"async\" class=\"alignleft size-full wp-image-2076\" src=\"https:\/\/weltlaeden.de\/osterstrasse\/wp-content\/uploads\/sites\/17\/2021\/04\/Indien-Deutschland.jpg\" alt=\"\" width=\"1280\" height=\"720\" srcset=\"https:\/\/weltlaeden.de\/osterstrasse\/wp-content\/uploads\/sites\/17\/2021\/04\/Indien-Deutschland.jpg 1280w, https:\/\/weltlaeden.de\/osterstrasse\/wp-content\/uploads\/sites\/17\/2021\/04\/Indien-Deutschland-300x169.jpg 300w, https:\/\/weltlaeden.de\/osterstrasse\/wp-content\/uploads\/sites\/17\/2021\/04\/Indien-Deutschland-768x432.jpg 768w, https:\/\/weltlaeden.de\/osterstrasse\/wp-content\/uploads\/sites\/17\/2021\/04\/Indien-Deutschland-1024x576.jpg 1024w\" sizes=\"auto, (max-width: 1280px) 100vw, 1280px\" \/><\/p><\/div>[vc_empty_space][\/vc_column][\/vc_row][vc_row][vc_column][vc_empty_space][vc_column_text]<\/p>\n<p style=\"text-align: right\"><span style=\"color: #808080\"><em>Verfasserin: Magdalena Gassner<\/em><\/span><\/p>\n<p>[\/vc_column_text][vc_separator][vc_column_text]<span style=\"color: #808080\"><em>Quellen: <\/em><\/span><a href=\"http:\/\/www.azadi-fashion.com\/\"><em>azadi<\/em><\/a><em>, <\/em><a href=\"http:\/\/www.farcap.de\/azadi\/\"><em>FARCAP<\/em><\/a>[\/vc_column_text][\/vc_column][\/vc_row]<\/p>\n<\/div>","protected":false},"excerpt":{"rendered":"<p>[vc_row][vc_column][\/vc_column][\/vc_row][vc_row][vc_column][vc_empty_space][\/vc_column][\/vc_row][vc_row][vc_column][vc_column_text] AZADI, Indien \/ Deutschland Die Modelinie azadi zeigt, wie Mode befreien kann. Die erste Kollektion wurde von jungen Frauen produziert, die nach Gewalterfahrung in der Zwangsprostitution eine Ausbildung zur Schneiderin machten. \u201eAzadi\u201c ist Hindi und bedeutet \u201eFreiheit\u201c.[\/vc_column_text][\/vc_column][\/vc_row][vc_row][vc_column width=&#8220;1\/6&#8243;][vc_empty_space][\/vc_column][vc_column width=&#8220;5\/6&#8243;][vc_empty_space][vc_empty_space][\/vc_column][\/vc_row][vc_row][vc_column][vc_column_text] Mode f\u00fcr Freiheit Azadi baut Br\u00fccken zwischen Menschen, L\u00e4ndern und Kulturen. Die Multi-Stakeholder-Initiative wurde 2015&hellip;<\/p>\n","protected":false},"author":97,"featured_media":2051,"parent":2072,"menu_order":6,"comment_status":"closed","ping_status":"closed","template":"","meta":{"footnotes":""},"class_list":["post-2059","page","type-page","status-publish","has-post-thumbnail","hentry","description-off"],"_links":{"self":[{"href":"https:\/\/weltlaeden.de\/osterstrasse\/wp-json\/wp\/v2\/pages\/2059","targetHints":{"allow":["GET"]}}],"collection":[{"href":"https:\/\/weltlaeden.de\/osterstrasse\/wp-json\/wp\/v2\/pages"}],"about":[{"href":"https:\/\/weltlaeden.de\/osterstrasse\/wp-json\/wp\/v2\/types\/page"}],"author":[{"embeddable":true,"href":"https:\/\/weltlaeden.de\/osterstrasse\/wp-json\/wp\/v2\/users\/97"}],"replies":[{"embeddable":true,"href":"https:\/\/weltlaeden.de\/osterstrasse\/wp-json\/wp\/v2\/comments?post=2059"}],"version-history":[{"count":15,"href":"https:\/\/weltlaeden.de\/osterstrasse\/wp-json\/wp\/v2\/pages\/2059\/revisions"}],"predecessor-version":[{"id":3671,"href":"https:\/\/weltlaeden.de\/osterstrasse\/wp-json\/wp\/v2\/pages\/2059\/revisions\/3671"}],"up":[{"embeddable":true,"href":"https:\/\/weltlaeden.de\/osterstrasse\/wp-json\/wp\/v2\/pages\/2072"}],"wp:featuredmedia":[{"embeddable":true,"href":"https:\/\/weltlaeden.de\/osterstrasse\/wp-json\/wp\/v2\/media\/2051"}],"wp:attachment":[{"href":"https:\/\/weltlaeden.de\/osterstrasse\/wp-json\/wp\/v2\/media?parent=2059"}],"curies":[{"name":"wp","href":"https:\/\/api.w.org\/{rel}","templated":true}]}}