{"id":20,"date":"2016-10-14T09:05:21","date_gmt":"2016-10-14T07:05:21","guid":{"rendered":"https:\/\/wl.heimpixel.de\/osterstrasse\/weltladen-musterdorf\/"},"modified":"2024-12-10T13:18:06","modified_gmt":"2024-12-10T12:18:06","slug":"weltladen-musterdorf","status":"publish","type":"page","link":"https:\/\/weltlaeden.de\/osterstrasse\/","title":{"rendered":"Weltladen Osterstra\u00dfe"},"content":{"rendered":"<div class=\"wpb-content-wrapper\"><p>[vc_row][vc_column][\/vc_column][\/vc_row][vc_row][vc_column][vc_column_text css_animation=&#8220;rollIn&#8220; css=&#8220;&#8220;]<\/p>\n<h1><strong>Willkommen im Weltladen Osterstrasse,<br \/>\nHellkamp 16<br \/>\n<\/strong><\/h1>\n<p>[\/vc_column_text]<!-- This slideshow output is generated with Advanced post slider a multipurpose responsive WordPress slideshow plugin - http:\/\/www.wpcue.com\/wordpress-plugins\/advanced-post-slider\/ -->\r\n<style>\r\n#advps_container3 .bx-wrapper .bx-viewport {\r\n\t\tbackground:#ffffff;\r\n}\r\n#advps_container3 .bx-wrapper .bx-pager{\r\n\ttext-align: right;\r\n\tpadding-right:5px;\r\n}\r\n#advps_container3 .bx-wrapper .bx-pager\r\n{\r\n\tbottom:-35px;\r\n\tz-index:999;\r\n}\r\n#advps_container3 .bx-wrapper .bx-controls-auto\r\n{\r\n\tbottom:6px;\r\n}\r\n#advps_container3 .bx-wrapper .bx-controls.bx-has-controls-auto.bx-has-pager .bx-pager {\r\n\ttext-align: right;\r\n}\r\n#advps_container3 .bx-wrapper .bx-controls-auto {\r\n\tz-index:99999;\r\n\ttext-align:center;width:100%;}\r\n\r\n#advps_container3 .bx-wrapper .bx-pager.bx-default-pager a {\r\n\tbackground: #666;\r\n\ttext-indent: -9999px;\r\n\tdisplay: block;\r\n\twidth: 10px;\r\n\theight: 10px;\r\n\tmargin: 0 5px;\r\n\toutline: 0;\r\n\t-moz-border-radius: 5px;\r\n\t-webkit-border-radius: 5px;\r\n\tborder-radius: 5px;\r\n\ttext-align:left;\r\n}\r\n#advps_container3 .bx-wrapper .bx-pager.bx-default-pager a:hover,\r\n#advps_container3 .bx-wrapper .bx-pager.bx-default-pager a.active {\r\n\tbackground: #000;\r\n}\r\n\r\n\/* thumbnail pager*\/\r\n#advps_container3 #bx-pager\r\n{\r\n\twidth:100%;\r\n\tposition:absolute;\r\n\tbottom:-35px;\r\n    text-align: right;\r\n\tz-index: 9999;\r\n}\r\n#advps_container3 #bx-pager a img\r\n{\r\n\tborder: 1px solid #CCCCCC;\r\n    padding: 3px;\r\n}\r\n#advps_container3 #bx-pager a:hover img, #advps_container3 #bx-pager a.active img\r\n{\r\n\tborder: 1px solid #666666;\r\n}\r\n\/* medai queries *\/\r\n#advps_container3 .advs-title,#advps_container3 .advs-title a\r\n{\r\n\tfont-size:20px;\r\n\tline-height:26px;\r\n}\r\n#advps_container3 .advps-slide p\r\n{\r\n\tfont-size:15px;\r\n\tline-height:22px;\r\n}\r\n@media screen and (max-width: 1024px){\r\n\t#advps_container3 .advs-title,#advps_container3 .advs-title a\r\n\t{\r\n\t\tfont-size:16px;\r\n\t\tline-height:26px;\r\n\t}\r\n\t#advps_container3 .advps-slide p\r\n\t{\r\n\t\tfont-size:15px;\r\n\t\tline-height:22px;\r\n\t}\r\n}\r\n@media screen and (max-width: 768px){\r\n\t#advps_container3 h2.advs-title, #advps_container3 h2.advs-title a\r\n\t{\r\n\t\tfont-size:16px;\r\n\t\tline-height:20px;\r\n\t}\r\n\t#advps_container3 .advps-slide p\r\n\t{\r\n\t\tfont-size:14px;\r\n\t\tline-height:18px;\r\n\t}\r\n}\r\n@media screen and (max-width: 650px){\r\n\t#advps_container3 h2.advs-title, #advps_container3 h2.advs-title a\r\n\t{\r\n\t\tfont-size:15px;\r\n\t\tline-height:18px;\r\n\t}\r\n\t#advps_container3 .advps-slide p\r\n\t{\r\n\t\tfont-size:13px;\r\n\t\tline-height:15px;\r\n\t}\r\n}\r\n@media screen and (max-width: 480px){\r\n\t#advps_container3 h2.advs-title, #advps_container3 h2.advs-title a\r\n\t{\r\n\t\tfont-size:13px;\r\n\t\tline-height:14px;\r\n\t}\r\n\t#advps_container3 .advps-slide p\r\n\t{\r\n\t\tfont-size:12px;\r\n\t\tline-height:13px;\r\n\t}\r\n}\r\n@media screen and (max-width: 320px){\r\n\t#advps_container3 h2.advs-title, #advps_container3 h2.advs-title a\r\n\t{\r\n\t\tfont-size:12px;\r\n\t\tline-height:13px;\r\n\t}\r\n\t#advps_container3 .advps-slide p\r\n\t{\r\n\t\tfont-size:11px;\r\n\t\tline-height:12px;\r\n\t}\r\n}\r\n<\/style>\r\n<script type=\"text\/javascript\">\r\n\t\tjQuery(document).ready(function($){\r\n\t\t\t$('#advpsslideshow_3').bxSlider({\r\n\t\t\t\tuseCSS:1,\r\n\t\t\t\tslideMargin: 0,\r\n\t\t\t\tspeed: 2000,\t\t\t\t\r\n\t\t\t\t\t\t\t\tmode: 'fade',\r\n\t\t\t\t\t\t\t\t\t\t\t\tauto: 1,\r\n\t\t\t\tautoHover: 1,\r\n\t\t\t\tpause: 2000,\r\n\t\t\t\teasing: 'linear',\r\n\t\t\t\tcontrols: 0,\r\n\t\t\t\tpager: 1,\r\n  \t\t\t\tautoControls: 0\t\t\t\t\t\t\t});\r\n\t\t\t\t\t\t\t$(\"#advpsslideshow_3 .advs-title a\").hover(function(){\r\n\t\t\t\t\t$(this).css('color','#5e5e5e');\r\n\t\t\t\t},function(){\r\n\t\t\t\t\t$(this).css('color','#ff7c00');\r\n\t\t\t\t});\r\n\t\t\t\t\t\t$(\"#advpsslideshow_3 .advps-slide\").hover(function(){\r\n\t\t\t\t  \t\t\t},function(){\r\n\t\t\t\t\t\t\t});\r\n\t\t});\r\n\t<\/script>\r\n<div id=\"advps_container3\" class=\"advps-slide-container\" style=\"overflow:hidden;max-width:1000px;\">\r\n \r\n  <div id=\"advpsslideshow_3\">\r\n        <div class=\"advps-slide\">\r\n\t<a target=\"_self\" href=\"https:\/\/weltlaeden.de\/osterstrasse\/produkte\/produkte-des-monats\/\" >      <img loading=\"lazy\" decoding=\"async\" width=\"1080\" height=\"720\" src=\"https:\/\/weltlaeden.de\/osterstrasse\/wp-content\/uploads\/sites\/17\/2026\/04\/WL_PDM_4_26_Slider.jpg\" class=\"attachment-full size-full wp-post-image\" alt=\"\" srcset=\"https:\/\/weltlaeden.de\/osterstrasse\/wp-content\/uploads\/sites\/17\/2026\/04\/WL_PDM_4_26_Slider.jpg 1080w, https:\/\/weltlaeden.de\/osterstrasse\/wp-content\/uploads\/sites\/17\/2026\/04\/WL_PDM_4_26_Slider-300x200.jpg 300w, https:\/\/weltlaeden.de\/osterstrasse\/wp-content\/uploads\/sites\/17\/2026\/04\/WL_PDM_4_26_Slider-1024x683.jpg 1024w, https:\/\/weltlaeden.de\/osterstrasse\/wp-content\/uploads\/sites\/17\/2026\/04\/WL_PDM_4_26_Slider-768x512.jpg 768w\" sizes=\"auto, (max-width: 1080px) 100vw, 1080px\" \/>      <\/a>       \r\n      <div class=\"advps-excerpt-one\" style=\"width:27%;height:100%;top:0; right:0;\">\r\n      \t<div class=\"advps-overlay-one\" style=\"background-color:#ffffff; -moz-opacity:0.95;filter:alpha(opacity=95);opacity:0.95;\"><\/div>\r\n        <div class=\"advps-excerpt-block-one\" style=\"text-align:left;color:#383838;-moz-opacity:1;filter:alpha(opacity=100);opacity:1;\">        \r\n        <h2 class=\"advs-title\" style=\"margin:5px 0px 10px 0px;color:#ff7c00\"><a target=\"_self\" href=\"https:\/\/weltlaeden.de\/osterstrasse\/produkte\/produkte-des-monats\/\" style=\"margin:5px 0px 10px 0px;color:#ff7c00\" >Produkt des Monats: April<\/a><\/h2>\r\n          \r\n            <p>Wir empfehlen: Schokolade von Chocolatemakers (Creamy Hazelnuts 48%, Coffee &amp; Cacao Nibs 52%, Cocoa Nibs 75%) Organic &#8211; Ethic &#8211; Sustainable, je 80 g Angebotspreis&hellip;<\/p>\n        <\/div>\r\n      <\/div>\r\n    <\/div>\r\n        <div class=\"advps-slide\">\r\n\t<a target=\"_self\" href=\"https:\/\/weltlaeden.de\/osterstrasse\/fair-wert\/\" >      <img loading=\"lazy\" decoding=\"async\" width=\"1000\" height=\"667\" src=\"https:\/\/weltlaeden.de\/osterstrasse\/wp-content\/uploads\/sites\/17\/2019\/10\/Wertsch\u00f6pfung-vor-Ort_Slider2.jpg\" class=\"attachment-full size-full wp-post-image\" alt=\"\" srcset=\"https:\/\/weltlaeden.de\/osterstrasse\/wp-content\/uploads\/sites\/17\/2019\/10\/Wertsch\u00f6pfung-vor-Ort_Slider2.jpg 1000w, https:\/\/weltlaeden.de\/osterstrasse\/wp-content\/uploads\/sites\/17\/2019\/10\/Wertsch\u00f6pfung-vor-Ort_Slider2-300x200.jpg 300w, https:\/\/weltlaeden.de\/osterstrasse\/wp-content\/uploads\/sites\/17\/2019\/10\/Wertsch\u00f6pfung-vor-Ort_Slider2-768x512.jpg 768w\" sizes=\"auto, (max-width: 1000px) 100vw, 1000px\" \/>      <\/a>       \r\n      <div class=\"advps-excerpt-one\" style=\"width:27%;height:100%;top:0; right:0;\">\r\n      \t<div class=\"advps-overlay-one\" style=\"background-color:#ffffff; -moz-opacity:0.95;filter:alpha(opacity=95);opacity:0.95;\"><\/div>\r\n        <div class=\"advps-excerpt-block-one\" style=\"text-align:left;color:#383838;-moz-opacity:1;filter:alpha(opacity=100);opacity:1;\">        \r\n        <h2 class=\"advs-title\" style=\"margin:5px 0px 10px 0px;color:#ff7c00\"><a target=\"_self\" href=\"https:\/\/weltlaeden.de\/osterstrasse\/fair-wert\/\" style=\"margin:5px 0px 10px 0px;color:#ff7c00\" >FAIR WERT \u2013 100% Wertsch\u00f6pfung vor Ort<\/a><\/h2>\r\n          \r\n            <p>Durch mehr Wertsch\u00f6pfung vor Ort k\u00f6nnen mehr Menschen vom Fairen Handel profitieren. Das gilt f\u00fcr unsere Handelspartner*innen und Sie als Weltladen-Kund*in. Erfahren Sie mehr\u2026<\/p>\n        <\/div>\r\n      <\/div>\r\n    <\/div>\r\n        <div class=\"advps-slide\">\r\n\t<a target=\"_self\" href=\"https:\/\/weltlaeden.de\/osterstrasse\/fairer-handel\/hamburg\/\" >      <img loading=\"lazy\" decoding=\"async\" width=\"1487\" height=\"971\" src=\"https:\/\/weltlaeden.de\/osterstrasse\/wp-content\/uploads\/sites\/17\/2024\/03\/laden-neu_a.jpg\" class=\"attachment-full size-full wp-post-image\" alt=\"\" srcset=\"https:\/\/weltlaeden.de\/osterstrasse\/wp-content\/uploads\/sites\/17\/2024\/03\/laden-neu_a.jpg 1487w, https:\/\/weltlaeden.de\/osterstrasse\/wp-content\/uploads\/sites\/17\/2024\/03\/laden-neu_a-300x196.jpg 300w, https:\/\/weltlaeden.de\/osterstrasse\/wp-content\/uploads\/sites\/17\/2024\/03\/laden-neu_a-1024x669.jpg 1024w, https:\/\/weltlaeden.de\/osterstrasse\/wp-content\/uploads\/sites\/17\/2024\/03\/laden-neu_a-768x501.jpg 768w\" sizes=\"auto, (max-width: 1487px) 100vw, 1487px\" \/>      <\/a>       \r\n      <div class=\"advps-excerpt-one\" style=\"width:27%;height:100%;top:0; right:0;\">\r\n      \t<div class=\"advps-overlay-one\" style=\"background-color:#ffffff; -moz-opacity:0.95;filter:alpha(opacity=95);opacity:0.95;\"><\/div>\r\n        <div class=\"advps-excerpt-block-one\" style=\"text-align:left;color:#383838;-moz-opacity:1;filter:alpha(opacity=100);opacity:1;\">        \r\n        <h2 class=\"advs-title\" style=\"margin:5px 0px 10px 0px;color:#ff7c00\"><a target=\"_self\" href=\"https:\/\/weltlaeden.de\/osterstrasse\/fairer-handel\/hamburg\/\" style=\"margin:5px 0px 10px 0px;color:#ff7c00\" >Hamburg, mach dich Fair!<\/a><\/h2>\r\n          \r\n            <p>Im Weltladen steht der Mensch im Mittelpunkt. Lassen Sie uns gemeinsam f\u00fcr Hamburg einen Perspektivwechsel schaffen. \u201eHamburg, mach dich Fair!\u201c Sind Sie dabei?<\/p>\n        <\/div>\r\n      <\/div>\r\n    <\/div>\r\n        <div class=\"advps-slide\">\r\n\t<a target=\"_self\" href=\"https:\/\/weltlaeden.de\/osterstrasse\/produkte\/lebensmittel\/\" >      <img loading=\"lazy\" decoding=\"async\" width=\"1080\" height=\"720\" src=\"https:\/\/weltlaeden.de\/osterstrasse\/wp-content\/uploads\/sites\/17\/2026\/02\/WL_Slider._Kafferegal.jpg\" class=\"attachment-full size-full wp-post-image\" alt=\"\" srcset=\"https:\/\/weltlaeden.de\/osterstrasse\/wp-content\/uploads\/sites\/17\/2026\/02\/WL_Slider._Kafferegal.jpg 1080w, https:\/\/weltlaeden.de\/osterstrasse\/wp-content\/uploads\/sites\/17\/2026\/02\/WL_Slider._Kafferegal-300x200.jpg 300w, https:\/\/weltlaeden.de\/osterstrasse\/wp-content\/uploads\/sites\/17\/2026\/02\/WL_Slider._Kafferegal-1024x683.jpg 1024w, https:\/\/weltlaeden.de\/osterstrasse\/wp-content\/uploads\/sites\/17\/2026\/02\/WL_Slider._Kafferegal-768x512.jpg 768w\" sizes=\"auto, (max-width: 1080px) 100vw, 1080px\" \/>      <\/a>       \r\n      <div class=\"advps-excerpt-one\" style=\"width:27%;height:100%;top:0; right:0;\">\r\n      \t<div class=\"advps-overlay-one\" style=\"background-color:#ffffff; -moz-opacity:0.95;filter:alpha(opacity=95);opacity:0.95;\"><\/div>\r\n        <div class=\"advps-excerpt-block-one\" style=\"text-align:left;color:#383838;-moz-opacity:1;filter:alpha(opacity=100);opacity:1;\">        \r\n        <h2 class=\"advs-title\" style=\"margin:5px 0px 10px 0px;color:#ff7c00\"><a target=\"_self\" href=\"https:\/\/weltlaeden.de\/osterstrasse\/produkte\/lebensmittel\/\" style=\"margin:5px 0px 10px 0px;color:#ff7c00\" >F\u00fcr Sie ins Regal geschaut:<\/a><\/h2>\r\n          \r\n            <p>W\u00e4hlen Sie aus \u00fcber 50 Espresso- und Kaffeesorten aus aller Welt<\/p>\n        <\/div>\r\n      <\/div>\r\n    <\/div>\r\n        <div class=\"advps-slide\">\r\n\t<a target=\"_self\" href=\"https:\/\/weltlaeden.de\/osterstrasse\/produkte\/fairclusiv\/\" >      <img loading=\"lazy\" decoding=\"async\" width=\"1080\" height=\"720\" src=\"https:\/\/weltlaeden.de\/osterstrasse\/wp-content\/uploads\/sites\/17\/2026\/04\/WL_FC_4_26_Slider.jpg\" class=\"attachment-full size-full wp-post-image\" alt=\"\" srcset=\"https:\/\/weltlaeden.de\/osterstrasse\/wp-content\/uploads\/sites\/17\/2026\/04\/WL_FC_4_26_Slider.jpg 1080w, https:\/\/weltlaeden.de\/osterstrasse\/wp-content\/uploads\/sites\/17\/2026\/04\/WL_FC_4_26_Slider-300x200.jpg 300w, https:\/\/weltlaeden.de\/osterstrasse\/wp-content\/uploads\/sites\/17\/2026\/04\/WL_FC_4_26_Slider-1024x683.jpg 1024w, https:\/\/weltlaeden.de\/osterstrasse\/wp-content\/uploads\/sites\/17\/2026\/04\/WL_FC_4_26_Slider-768x512.jpg 768w\" sizes=\"auto, (max-width: 1080px) 100vw, 1080px\" \/>      <\/a>       \r\n      <div class=\"advps-excerpt-one\" style=\"width:27%;height:100%;top:0; right:0;\">\r\n      \t<div class=\"advps-overlay-one\" style=\"background-color:#ffffff; -moz-opacity:0.95;filter:alpha(opacity=95);opacity:0.95;\"><\/div>\r\n        <div class=\"advps-excerpt-block-one\" style=\"text-align:left;color:#383838;-moz-opacity:1;filter:alpha(opacity=100);opacity:1;\">        \r\n        <h2 class=\"advs-title\" style=\"margin:5px 0px 10px 0px;color:#ff7c00\"><a target=\"_self\" href=\"https:\/\/weltlaeden.de\/osterstrasse\/produkte\/fairclusiv\/\" style=\"margin:5px 0px 10px 0px;color:#ff7c00\" >Fairclusiv April<\/a><\/h2>\r\n          \r\n            <p>Das besondere Produkt M\u00e4rz ist die Laptoptasche aus recyceltem Kunststoff (ca. 35,0 x 27,0 x 3,59 cm) Preis: 27,90 \u20ac &nbsp; &nbsp; &nbsp;<\/p>\n        <\/div>\r\n      <\/div>\r\n    <\/div>\r\n        <div class=\"advps-slide\">\r\n\t<a target=\"_self\" href=\"https:\/\/weltlaeden.de\/osterstrasse\/fairer-handel\/\" >      <img loading=\"lazy\" decoding=\"async\" width=\"1080\" height=\"720\" src=\"https:\/\/weltlaeden.de\/osterstrasse\/wp-content\/uploads\/sites\/17\/2024\/09\/WL_FUmzud_Slider.jpg\" class=\"attachment-full size-full wp-post-image\" alt=\"\" srcset=\"https:\/\/weltlaeden.de\/osterstrasse\/wp-content\/uploads\/sites\/17\/2024\/09\/WL_FUmzud_Slider.jpg 1080w, https:\/\/weltlaeden.de\/osterstrasse\/wp-content\/uploads\/sites\/17\/2024\/09\/WL_FUmzud_Slider-300x200.jpg 300w, https:\/\/weltlaeden.de\/osterstrasse\/wp-content\/uploads\/sites\/17\/2024\/09\/WL_FUmzud_Slider-1024x683.jpg 1024w, https:\/\/weltlaeden.de\/osterstrasse\/wp-content\/uploads\/sites\/17\/2024\/09\/WL_FUmzud_Slider-768x512.jpg 768w\" sizes=\"auto, (max-width: 1080px) 100vw, 1080px\" \/>      <\/a>       \r\n      <div class=\"advps-excerpt-one\" style=\"width:27%;height:100%;top:0; right:0;\">\r\n      \t<div class=\"advps-overlay-one\" style=\"background-color:#ffffff; -moz-opacity:0.95;filter:alpha(opacity=95);opacity:0.95;\"><\/div>\r\n        <div class=\"advps-excerpt-block-one\" style=\"text-align:left;color:#383838;-moz-opacity:1;filter:alpha(opacity=100);opacity:1;\">        \r\n        <h2 class=\"advs-title\" style=\"margin:5px 0px 10px 0px;color:#ff7c00\"><a target=\"_self\" href=\"https:\/\/weltlaeden.de\/osterstrasse\/fairer-handel\/\" style=\"margin:5px 0px 10px 0px;color:#ff7c00\" >Weltladen Osterstrasse im Hellkamp 16<\/a><\/h2>\r\n          \r\n            <p>Der Weltladen Osterstrasse befindet sich seit Anfang 2024 im Hellkamp 16. Wenige Schritte vom alten Standort entfernt. Wir freuen uns auf Ihren Besuch!<\/p>\n        <\/div>\r\n      <\/div>\r\n    <\/div>\r\n      <\/div>\r\n  <\/div><!-- end advps-slide-container -->\r\n<!-- \/ Advanced post slider a multipurpose responsive slideshow plugin -->\r\n[vc_cta h2=&#8220;Fachgesch\u00e4ft f\u00fcr Fairen Handel&#8220; css=&#8220;&#8220;]Als Fachgesch\u00e4ft f\u00fcr Fairen Handel in Eimsb\u00fcttel bieten wir Ihnen eine breite Auswahl an fair gehandelten Produkten. Durch den Verkauf st\u00e4rken wir benachteiligte Produzent*innen vorwiegend aus L\u00e4ndern Asiens, Afrikas und Lateinamerikas. Mit Ihrem Einkauf im Weltladen machen Sie einen Unterschied f\u00fcr mehr als 2,5 Mio. Kleinb\u00e4uer*innen, Arbeiter*innen und Kunsthandwerker*innen sowie deren Familien im Globalen S\u00fcden. Gehen Sie gemeinsam mit unseren ehrenamtlichen Mitarbeiter*innen den Weg zu einer gerechteren Welt.<\/p>\n<p>Aktuelle Informationen \u00fcber den Fairen Handel und unsere Produkte gibt es jeden Monat in unserem <a href=\"http:\/\/fair.weltladen-osterstrasse.de\/attachments\/FairBrief_aktuell.pdf\" target=\"_blank\" rel=\"noopener\">FairBrief<\/a>. Hier k\u00f6nnen Sie ihn abonnieren: <a href=\"http:\/\/fair.weltladen-osterstrasse.de\/anmeldung\/\" target=\"_blank\" rel=\"noopener\">Klicken Sie hier!<\/a><\/p>\n<p>Wir freuen uns auf Ihren Besuch!<\/p>\n<p>&nbsp;<\/p>\n<p><img loading=\"lazy\" decoding=\"async\" class=\"alignnone size-full wp-image-3427\" src=\"https:\/\/weltlaeden.de\/osterstrasse\/wp-content\/uploads\/sites\/17\/2024\/07\/IMG_0718.jpg\" alt=\"\" width=\"607\" height=\"391\" srcset=\"https:\/\/weltlaeden.de\/osterstrasse\/wp-content\/uploads\/sites\/17\/2024\/07\/IMG_0718.jpg 607w, https:\/\/weltlaeden.de\/osterstrasse\/wp-content\/uploads\/sites\/17\/2024\/07\/IMG_0718-300x193.jpg 300w\" sizes=\"auto, (max-width: 607px) 100vw, 607px\" \/><\/p>\n<p><img loading=\"lazy\" decoding=\"async\" class=\"alignnone wp-image-3428\" src=\"https:\/\/weltlaeden.de\/osterstrasse\/wp-content\/uploads\/sites\/17\/2024\/07\/Ladeninneres.jpg\" alt=\"\" width=\"606\" height=\"454\" srcset=\"https:\/\/weltlaeden.de\/osterstrasse\/wp-content\/uploads\/sites\/17\/2024\/07\/Ladeninneres.jpg 640w, https:\/\/weltlaeden.de\/osterstrasse\/wp-content\/uploads\/sites\/17\/2024\/07\/Ladeninneres-300x225.jpg 300w\" sizes=\"auto, (max-width: 606px) 100vw, 606px\" \/>[\/vc_cta][\/vc_column][\/vc_row][vc_row][vc_column width=&#8220;1\/4&#8243;]<div class=\"wl_einzelbild\"><p><img loading=\"lazy\" decoding=\"async\" class=\"alignnone wp-image-3475\" src=\"https:\/\/weltlaeden.de\/osterstrasse\/wp-content\/uploads\/sites\/17\/2024\/09\/mitmachen.jpg\" alt=\"\" width=\"149\" height=\"155\" srcset=\"https:\/\/weltlaeden.de\/osterstrasse\/wp-content\/uploads\/sites\/17\/2024\/09\/mitmachen.jpg 340w, https:\/\/weltlaeden.de\/osterstrasse\/wp-content\/uploads\/sites\/17\/2024\/09\/mitmachen-289x300.jpg 289w\" sizes=\"auto, (max-width: 149px) 100vw, 149px\" \/><\/p><\/div>[\/vc_column][vc_column width=&#8220;3\/4&#8243;][vc_column_text css=&#8220;&#8220;]<\/p>\n<h3>Unterst\u00fctzung gesucht<\/h3>\n<p>Wir suchen Menschen, die Lust haben, sich ehrenamtlich f\u00fcr einen gerechteren Welthandel zu engagieren. <a href=\"https:\/\/weltlaeden.de\/osterstrasse\/liebe-freundinnen-des-fairen-handels-wir-brauchen-ihre-unterstuetzung\/\">Hier erfahren Sie mehr &#8230;<\/a>[\/vc_column_text][\/vc_column][\/vc_row][vc_row][vc_column][vc_row_inner][vc_column_inner width=&#8220;1\/4&#8243;]<div class=\"wl_einzelbild\"><p><a href=\"https:\/\/weltlaeden.de\/osterstrasse\/fairer-handel\/\"><img loading=\"lazy\" decoding=\"async\" class=\"alignleft\" src=\"https:\/\/weltlaeden.de\/osterstrasse\/wp-content\/uploads\/sites\/3\/2016\/11\/FairerHandel_ElPuente_Fingerpuppen_EccoExe_Peru-150x150.jpg\" alt=\"\" width=\"150\" height=\"150\" \/><\/a><\/p><\/div>[\/vc_column_inner][vc_column_inner width=&#8220;3\/4&#8243;][vc_column_text]<\/p>\n<h3>Fairer Handel<\/h3>\n<p>Was meint Fairer Handel \u00fcberhaupt? Welche Kriterien m\u00fcssen eingehalten werden und wer \u00fcberpr\u00fcft diese? <a href=\"https:\/\/weltlaeden.de\/osterstrasse\/fairer-handel\/\">Erfahren Sie mehr &#8230;<\/a>[\/vc_column_text][\/vc_column_inner][\/vc_row_inner][vc_row_inner][vc_column_inner width=&#8220;1\/4&#8243;]<div class=\"wl_einzelbild\"><p><\/p>\n<p style=\"text-align: left\"><a href=\"https:\/\/weltlaeden.de\/osterstrasse\/produkte\/\"><img loading=\"lazy\" decoding=\"async\" class=\"wp-image-1585 size-thumbnail alignnone\" src=\"https:\/\/weltlaeden.de\/osterstrasse\/wp-content\/uploads\/sites\/17\/2020\/12\/P1030918-150x150.jpg\" alt=\"\" width=\"150\" height=\"150\" \/><\/a><\/p>\n<p><\/p><\/div>[\/vc_column_inner][vc_column_inner width=&#8220;3\/4&#8243;][vc_column_text]<\/p>\n<h3>Produkte<\/h3>\n<p>Unsere Produkte im Weltladen sind alle aus Fairem Handel, dennoch kommen sie von unterschiedlichen Fair-Handels-Importeur*innen. <a href=\"https:\/\/weltlaeden.de\/osterstrasse\/produkte\/\">Hier zeigen wir Ihnen unser Sortiment &#8230;<\/a>[\/vc_column_text][\/vc_column_inner][\/vc_row_inner][vc_row_inner][vc_column_inner width=&#8220;1\/4&#8243;]<div class=\"wl_einzelbild\"><p><a href=\"https:\/\/weltlaeden.de\/osterstrasse\/termine\/\"><img loading=\"lazy\" decoding=\"async\" class=\"alignleft\" src=\"https:\/\/weltlaeden.de\/osterstrasse\/wp-content\/uploads\/sites\/3\/2016\/11\/Termine-150x150.jpg\" alt=\"\" width=\"150\" height=\"150\" \/><\/a><\/p><\/div>[\/vc_column_inner][vc_column_inner width=&#8220;3\/4&#8243;][vc_column_text]<\/p>\n<h3>Termine<\/h3>\n<p>Welche Veranstaltungen demn\u00e4chst im und um den Weltladen Osterstra\u00dfe stattfinden, erfahren Sie hier. Auch \u00fcber vergangene Termine k\u00f6nnen Sie noch etwas lesen. <a href=\"https:\/\/weltlaeden.de\/osterstrasse\/termine\/\">Hier erfahren Sie, was bei uns los ist \u2026<\/a>[\/vc_column_text][\/vc_column_inner][\/vc_row_inner][vc_row_inner][vc_column_inner width=&#8220;1\/4&#8243;]<div class=\"wl_einzelbild\"><p><a href=\"https:\/\/weltlaeden.de\/osterstrasse\/ueber-uns\/\"><img loading=\"lazy\" decoding=\"async\" class=\"alignleft size-thumbnail wp-image-2773\" src=\"https:\/\/weltlaeden.de\/osterstrasse\/wp-content\/uploads\/sites\/17\/2022\/03\/FAIRaenderung-ist-unser-Geschaeft-150x150.jpg\" alt=\"\" width=\"150\" height=\"150\" srcset=\"https:\/\/weltlaeden.de\/osterstrasse\/wp-content\/uploads\/sites\/17\/2022\/03\/FAIRaenderung-ist-unser-Geschaeft-150x150.jpg 150w, https:\/\/weltlaeden.de\/osterstrasse\/wp-content\/uploads\/sites\/17\/2022\/03\/FAIRaenderung-ist-unser-Geschaeft-300x300.jpg 300w, https:\/\/weltlaeden.de\/osterstrasse\/wp-content\/uploads\/sites\/17\/2022\/03\/FAIRaenderung-ist-unser-Geschaeft.jpg 412w\" sizes=\"auto, (max-width: 150px) 100vw, 150px\" \/><\/a><\/p><\/div>[\/vc_column_inner][vc_column_inner width=&#8220;3\/4&#8243;][vc_column_text]<\/p>\n<h3>\u00dcber uns<\/h3>\n<p>Wer wir sind, warum wir uns f\u00fcr Fairen Handel engagieren und wie man bei uns mitmachen kann &#8211; <a href=\"https:\/\/weltlaeden.de\/osterstrasse\/ueber-uns\/\">hier stellen wir uns vor &#8230;<\/a>[\/vc_column_text][\/vc_column_inner][\/vc_row_inner][\/vc_column][vc_column][\/vc_column][\/vc_row][vc_row][vc_column][vc_empty_space][vc_row_inner][vc_column_inner][vc_column_text]<\/p>\n<h2>FairBrief (Newsletter) An-\/Abmeldung<\/h2>\n<p>Zur <strong>Anmeldung<\/strong> geht es <a href=\"http:\/\/fair.weltladen-osterstrasse.de\/anmeldung\/\" target=\"_blank\" rel=\"noopener noreferrer\">hier<\/a>.\u00a0Falls Sie sich von unserem Newsletter <strong>ab<\/strong>melden wollen, k\u00f6nnen Sie das <a href=\"http:\/\/fair.weltladen-osterstrasse.de\/abmeldung\/\">hier<\/a> tun.[\/vc_column_text][\/vc_column_inner][\/vc_row_inner][vc_separator][\/vc_column][\/vc_row][vc_row][vc_column][vc_empty_space][\/vc_column][\/vc_row][vc_row][vc_column][\/vc_column][\/vc_row][vc_row][vc_column][\/vc_column][\/vc_row]<\/p>\n<\/div>","protected":false},"excerpt":{"rendered":"<p>[vc_row][vc_column][\/vc_column][\/vc_row][vc_row][vc_column][vc_column_text css_animation=&#8220;rollIn&#8220; css=&#8220;&#8220;] Willkommen im Weltladen Osterstrasse, Hellkamp 16 [\/vc_column_text][vc_cta h2=&#8220;Fachgesch\u00e4ft f\u00fcr Fairen Handel&#8220; css=&#8220;&#8220;]Als Fachgesch\u00e4ft f\u00fcr Fairen Handel in Eimsb\u00fcttel bieten wir Ihnen eine&hellip;<\/p>\n","protected":false},"author":1,"featured_media":0,"parent":0,"menu_order":0,"comment_status":"closed","ping_status":"closed","template":"","meta":{"footnotes":""},"class_list":["post-20","page","type-page","status-publish","hentry","description-off"],"_links":{"self":[{"href":"https:\/\/weltlaeden.de\/osterstrasse\/wp-json\/wp\/v2\/pages\/20","targetHints":{"allow":["GET"]}}],"collection":[{"href":"https:\/\/weltlaeden.de\/osterstrasse\/wp-json\/wp\/v2\/pages"}],"about":[{"href":"https:\/\/weltlaeden.de\/osterstrasse\/wp-json\/wp\/v2\/types\/page"}],"author":[{"embeddable":true,"href":"https:\/\/weltlaeden.de\/osterstrasse\/wp-json\/wp\/v2\/users\/1"}],"replies":[{"embeddable":true,"href":"https:\/\/weltlaeden.de\/osterstrasse\/wp-json\/wp\/v2\/comments?post=20"}],"version-history":[{"count":249,"href":"https:\/\/weltlaeden.de\/osterstrasse\/wp-json\/wp\/v2\/pages\/20\/revisions"}],"predecessor-version":[{"id":3645,"href":"https:\/\/weltlaeden.de\/osterstrasse\/wp-json\/wp\/v2\/pages\/20\/revisions\/3645"}],"wp:attachment":[{"href":"https:\/\/weltlaeden.de\/osterstrasse\/wp-json\/wp\/v2\/media?parent=20"}],"curies":[{"name":"wp","href":"https:\/\/api.w.org\/{rel}","templated":true}]}}