{"id":1986,"date":"2022-02-22T14:48:47","date_gmt":"2022-02-22T13:48:48","guid":{"rendered":"https:\/\/weltlaeden.de\/osterstrasse\/?page_id=1986"},"modified":"2026-01-30T13:14:09","modified_gmt":"2026-01-30T12:14:09","slug":"awr","status":"publish","type":"page","link":"https:\/\/weltlaeden.de\/osterstrasse\/fairer-handel\/fairer-handel-macht-frauen-stark\/awr\/","title":{"rendered":"All Women Recycling, Upcyclingprodukte aus S\u00fcdafrika"},"content":{"rendered":"<div class=\"wpb-content-wrapper\"><p>[vc_row][vc_column]<div class=\"wl_einzelbild\"><p><img loading=\"lazy\" decoding=\"async\" class=\"alignnone size-full wp-image-2002\" src=\"https:\/\/weltlaeden.de\/osterstrasse\/wp-content\/uploads\/sites\/17\/2021\/03\/AWR2.jpg\" alt=\"\" width=\"1772\" height=\"1181\" srcset=\"https:\/\/weltlaeden.de\/osterstrasse\/wp-content\/uploads\/sites\/17\/2021\/03\/AWR2.jpg 1772w, https:\/\/weltlaeden.de\/osterstrasse\/wp-content\/uploads\/sites\/17\/2021\/03\/AWR2-300x200.jpg 300w, https:\/\/weltlaeden.de\/osterstrasse\/wp-content\/uploads\/sites\/17\/2021\/03\/AWR2-768x512.jpg 768w, https:\/\/weltlaeden.de\/osterstrasse\/wp-content\/uploads\/sites\/17\/2021\/03\/AWR2-1024x682.jpg 1024w\" sizes=\"auto, (max-width: 1772px) 100vw, 1772px\" \/><\/p><\/div>[\/vc_column][\/vc_row][vc_row][vc_column][vc_column_text]Kunsthandwerkerin Marielle bei der Arbeit bei All Women Recycling (Foto: H.-C. Bill)[\/vc_column_text][vc_empty_space][\/vc_column][\/vc_row][vc_row][vc_column][vc_column_text]<\/p>\n<h1>Upcyclingprodukte von alleinerziehenden Frauen<\/h1>\n<p>S\u00fcdlich von Kapstadt liegt in einem kleinen Industriegebiet die Manufaktur <em>All Women Recycling<\/em>. Ihre Gr\u00fcnderin Lynn Worsley besch\u00e4ftigt seit 2009 alleinerziehende M\u00fctter aus sozial benachteiligten Milieus \u2013 S\u00fcdafrikanerinnen oder Gefl\u00fcchtete aus anderen afrikanischen L\u00e4ndern, die aus recycelten PET Getr\u00e4nke\ufb02aschen verschiedene kunstvolle Geschenkboxen herstellen.[\/vc_column_text][vc_empty_space]<div class=\"wl_einzelbild\"><p><img loading=\"lazy\" decoding=\"async\" class=\"size-full wp-image-2013 aligncenter\" src=\"https:\/\/weltlaeden.de\/osterstrasse\/wp-content\/uploads\/sites\/17\/2021\/03\/mail.jpg\" alt=\"\" width=\"600\" height=\"313\" srcset=\"https:\/\/weltlaeden.de\/osterstrasse\/wp-content\/uploads\/sites\/17\/2021\/03\/mail.jpg 600w, https:\/\/weltlaeden.de\/osterstrasse\/wp-content\/uploads\/sites\/17\/2021\/03\/mail-300x157.jpg 300w\" sizes=\"auto, (max-width: 600px) 100vw, 600px\" \/><\/p>\n<p style=\"text-align: center\">(Foto: Contigo Fairtrade GmbH)<\/p>\n<p><\/p><\/div>[vc_empty_space][vc_column_text]\u201eKliketyklikbox\u2122\u201c (kurz: Klikbox), \u201ei.pet\u201c \u00a0 (intelligent PET) oder \u201eKeepet\u201c hei\u00dfen die kleinen, farbenpr\u00e4chtigen Geschenkverpackungen oder praktischen Kabelboxen, die die Frauen aus recycelten Plastikflaschen kombiniert mit Serviettentechnik herstellen. Statt auf der M\u00fclldeponie verbrannt zu werden, werden so pro Jahr mehr als 500.000 Flaschen zu kreativen Upcycling-Produkten verarbeitet. In jeder Klikbox befindet sich ein Zettel mit dem Namen der <a href=\"https:\/\/shop.contigo.de\/templates\/contigo\/dateien\/allwomen_portraits.pdf\">Herstellerin<\/a>.[\/vc_column_text][vc_empty_space][\/vc_column][\/vc_row][vc_row][vc_column width=&#8220;1\/3&#8243;]<div class=\"wl_einzelbild\"><p><img loading=\"lazy\" decoding=\"async\" class=\"alignnone wp-image-2001\" src=\"https:\/\/weltlaeden.de\/osterstrasse\/wp-content\/uploads\/sites\/17\/2021\/03\/AWR.jpg\" alt=\"\" width=\"484\" height=\"726\" srcset=\"https:\/\/weltlaeden.de\/osterstrasse\/wp-content\/uploads\/sites\/17\/2021\/03\/AWR.jpg 756w, https:\/\/weltlaeden.de\/osterstrasse\/wp-content\/uploads\/sites\/17\/2021\/03\/AWR-200x300.jpg 200w, https:\/\/weltlaeden.de\/osterstrasse\/wp-content\/uploads\/sites\/17\/2021\/03\/AWR-683x1024.jpg 683w\" sizes=\"auto, (max-width: 484px) 100vw, 484px\" \/><\/p>\n<p>Marielle, Erfinderin des &#8222;i.pets&#8220;<br \/>\nmit Rei\u00dfverschluss (Foto: H-C. Bill)<\/p><\/div>[vc_empty_space][\/vc_column][vc_column width=&#8220;2\/3&#8243;][vc_column_text]<\/p>\n<h2><strong><span style=\"color: #ff9900\"><span style=\"color: #000000\">Empowerment von Frauen<\/span><br \/>\n<\/span><\/strong><\/h2>\n<p>Neben aktivem Umweltschutz ist es in erster Linie das Empowerment von Frauen, das Lynne Worsley antreibt. Bei <em>All Women Recycling<\/em> werden daher nicht nur handwerkliche F\u00e4higkeiten und allgemeine Kompetenzen wie P\u00fcnktlichkeit oder einfache Lebensplanung bis hin zur Erreichung von Zielvorgaben vermittelt, sondern dar\u00fcber hinaus auch betriebswirtschaftliche Kenntnisse. In dem gesch\u00fctzten Raum, den die kleine Fabrik bietet, wird das Selbstvertrauen der jungen Frauen durch das erwirtschaftete Einkommen und die erworbenen F\u00e4higkeiten gest\u00e4rkt \u2013 mit dem Ziel, sie zur Gr\u00fcndung eigener kleiner Unternehmen zu bef\u00e4higen. So wie Marielle, die Erfinderin des &#8222;i.pets&#8220; mit Rei\u00dfverschluss: Sie hat sich als Schneiderin von Heimtextilien selbstst\u00e4ndig gemacht.[\/vc_column_text][\/vc_column][\/vc_row][vc_row][vc_column width=&#8220;1\/3&#8243;]<div class=\"wl_einzelbild\"><p><img loading=\"lazy\" decoding=\"async\" class=\"alignnone size-full wp-image-2004\" src=\"https:\/\/weltlaeden.de\/osterstrasse\/wp-content\/uploads\/sites\/17\/2021\/03\/Francine.jpg\" alt=\"\" width=\"300\" height=\"300\" srcset=\"https:\/\/weltlaeden.de\/osterstrasse\/wp-content\/uploads\/sites\/17\/2021\/03\/Francine.jpg 300w, https:\/\/weltlaeden.de\/osterstrasse\/wp-content\/uploads\/sites\/17\/2021\/03\/Francine-150x150.jpg 150w\" sizes=\"auto, (max-width: 300px) 100vw, 300px\" \/><\/p>\n<p>Francine<br \/>\n(Foto: <span style=\"font-family: Arial\">Contigo Fairtrade GmbH<\/span>)<\/p><\/div>[vc_empty_space][\/vc_column][vc_column width=&#8220;2\/3&#8243;]<blockquote class=\"text-big shortcode-blockquote\"><h2><span style=\"color: #000000\"><em>\u201e<span dir=\"ltr\">Als Teamleiterin habe ich viel \u00fcber mich selbst gelernt und Herausforderungen und Verst\u00e4ndnis in <\/span><span dir=\"ltr\">mein Leben gebracht. Ich lerne immer noch jeden Tag neue Dinge. Ich habe drei Kinder und fahre <\/span><span dir=\"ltr\">jeden Morgen mit zwei Z\u00fcgen zur Arbeit. Ich liebe meine Arbeit.<\/span>\u201c<\/em><\/span><\/h2>\n<p style=\"text-align: right\">(Francine, All Women Recycling)<\/p>\n<\/blockquote>[vc_empty_space][\/vc_column][\/vc_row][vc_row][vc_column width=&#8220;1\/3&#8243;]<div class=\"wl_einzelbild\"><p><img loading=\"lazy\" decoding=\"async\" class=\"alignnone size-full wp-image-2005\" src=\"https:\/\/weltlaeden.de\/osterstrasse\/wp-content\/uploads\/sites\/17\/2021\/03\/Ntombi.jpg\" alt=\"\" width=\"300\" height=\"300\" srcset=\"https:\/\/weltlaeden.de\/osterstrasse\/wp-content\/uploads\/sites\/17\/2021\/03\/Ntombi.jpg 300w, https:\/\/weltlaeden.de\/osterstrasse\/wp-content\/uploads\/sites\/17\/2021\/03\/Ntombi-150x150.jpg 150w\" sizes=\"auto, (max-width: 300px) 100vw, 300px\" \/><\/p>\n<p>Ntombi<br \/>\n(Foto: <span style=\"font-family: Arial\">Contigo Fairtrade GmbH<\/span>)<\/p><\/div>[vc_empty_space][\/vc_column][vc_column width=&#8220;2\/3&#8243;][vc_column_text]Bei All Women Recycling bedeutet der Faire Handel f\u00fcr unsere Handelspartnerinnen:<\/p>\n<ul>\n<li>St\u00e4rkung von alleinerziehenden Frauen und ihren Familien<\/li>\n<li>Verbesserung der Lebensbedingungen<\/li>\n<li>wirtschaftliche St\u00e4rkung &amp; F\u00f6rderung der Selbst\u00e4ndigkeit<\/li>\n<\/ul>\n<p>[\/vc_column_text][vc_column_text]Weitere Informationen zu den Handelspartnerinnen und ihren Produkten finden Sie bei <a href=\"https:\/\/www.allwomenrecycling.com\/\">All Women Recycling<\/a> selbst, bei der Fair-Handels-Importorganisation <a href=\"https:\/\/fairtrade.contigo.de\/?wiki=allwomenrecycling\">Contigo<\/a> und nat\u00fcrlich bei uns im Weltladen.[\/vc_column_text][\/vc_column][\/vc_row][vc_row][vc_column][vc_empty_space][vc_video link=&#8220;https:\/\/youtu.be\/-twkV5Zo38M?list=TLGGtGuC9c1urJAyODAzMjAyMQ&amp;t=44&#8243;][\/vc_column][\/vc_row][vc_row][vc_column][vc_empty_space][vc_separator][vc_column_text]<span style=\"color: #808080\"><em>Quellen: All Women Recycling, Contigo<\/em><\/span><\/p>\n<p><em><span style=\"color: #808080\">\u00a0<\/span><\/em>[\/vc_column_text][\/vc_column][\/vc_row]<\/p>\n<\/div>","protected":false},"excerpt":{"rendered":"<p>[vc_row][vc_column][\/vc_column][\/vc_row][vc_row][vc_column][vc_column_text]Kunsthandwerkerin Marielle bei der Arbeit bei All Women Recycling (Foto: H.-C. Bill)[\/vc_column_text][vc_empty_space][\/vc_column][\/vc_row][vc_row][vc_column][vc_column_text] Upcyclingprodukte von alleinerziehenden Frauen S\u00fcdlich von Kapstadt liegt in einem kleinen Industriegebiet die Manufaktur All Women Recycling. Ihre Gr\u00fcnderin Lynn Worsley besch\u00e4ftigt seit 2009 alleinerziehende M\u00fctter aus sozial benachteiligten Milieus \u2013 S\u00fcdafrikanerinnen oder Gefl\u00fcchtete aus anderen afrikanischen L\u00e4ndern, die aus recycelten PET Getr\u00e4nke\ufb02aschen&hellip;<\/p>\n","protected":false},"author":24,"featured_media":2002,"parent":1834,"menu_order":1,"comment_status":"closed","ping_status":"closed","template":"","meta":{"footnotes":""},"class_list":["post-1986","page","type-page","status-publish","has-post-thumbnail","hentry","description-off"],"_links":{"self":[{"href":"https:\/\/weltlaeden.de\/osterstrasse\/wp-json\/wp\/v2\/pages\/1986","targetHints":{"allow":["GET"]}}],"collection":[{"href":"https:\/\/weltlaeden.de\/osterstrasse\/wp-json\/wp\/v2\/pages"}],"about":[{"href":"https:\/\/weltlaeden.de\/osterstrasse\/wp-json\/wp\/v2\/types\/page"}],"author":[{"embeddable":true,"href":"https:\/\/weltlaeden.de\/osterstrasse\/wp-json\/wp\/v2\/users\/24"}],"replies":[{"embeddable":true,"href":"https:\/\/weltlaeden.de\/osterstrasse\/wp-json\/wp\/v2\/comments?post=1986"}],"version-history":[{"count":22,"href":"https:\/\/weltlaeden.de\/osterstrasse\/wp-json\/wp\/v2\/pages\/1986\/revisions"}],"predecessor-version":[{"id":3677,"href":"https:\/\/weltlaeden.de\/osterstrasse\/wp-json\/wp\/v2\/pages\/1986\/revisions\/3677"}],"up":[{"embeddable":true,"href":"https:\/\/weltlaeden.de\/osterstrasse\/wp-json\/wp\/v2\/pages\/1834"}],"wp:featuredmedia":[{"embeddable":true,"href":"https:\/\/weltlaeden.de\/osterstrasse\/wp-json\/wp\/v2\/media\/2002"}],"wp:attachment":[{"href":"https:\/\/weltlaeden.de\/osterstrasse\/wp-json\/wp\/v2\/media?parent=1986"}],"curies":[{"name":"wp","href":"https:\/\/api.w.org\/{rel}","templated":true}]}}