{"id":1918,"date":"2021-03-18T22:40:26","date_gmt":"2021-03-18T21:40:26","guid":{"rendered":"https:\/\/weltlaeden.de\/osterstrasse\/?page_id=1918"},"modified":"2026-01-30T13:14:09","modified_gmt":"2026-01-30T12:14:09","slug":"wsdo","status":"publish","type":"page","link":"https:\/\/weltlaeden.de\/osterstrasse\/fairer-handel\/fairer-handel-macht-frauen-stark\/wsdo\/","title":{"rendered":"WSDO, Textilien aus Nepal"},"content":{"rendered":"<div class=\"wpb-content-wrapper\"><p>[vc_row][vc_column]<div class=\"wl_einzelbild\"><p><\/p>\n<div id=\"attachment_805\" style=\"width: 1034px\" class=\"wp-caption alignleft\"><img loading=\"lazy\" decoding=\"async\" aria-describedby=\"caption-attachment-805\" class=\"wp-image-805 size-large\" src=\"https:\/\/weltlaeden.de\/osterstrasse\/wp-content\/uploads\/sites\/17\/2019\/04\/Website_WSDO-e1616103496517-1024x561.jpg\" alt=\"\" width=\"1024\" height=\"561\" srcset=\"https:\/\/weltlaeden.de\/osterstrasse\/wp-content\/uploads\/sites\/17\/2019\/04\/Website_WSDO-e1616103496517-1024x561.jpg 1024w, https:\/\/weltlaeden.de\/osterstrasse\/wp-content\/uploads\/sites\/17\/2019\/04\/Website_WSDO-e1616103496517-300x164.jpg 300w, https:\/\/weltlaeden.de\/osterstrasse\/wp-content\/uploads\/sites\/17\/2019\/04\/Website_WSDO-e1616103496517-768x420.jpg 768w, https:\/\/weltlaeden.de\/osterstrasse\/wp-content\/uploads\/sites\/17\/2019\/04\/Website_WSDO-e1616103496517.jpg 1920w\" sizes=\"auto, (max-width: 1024px) 100vw, 1024px\" \/><p id=\"caption-attachment-805\" class=\"wp-caption-text\">Die Kunsthandwerkerinnen von Women\u2019s Skills Development Organization (Fotos: Frida Feeling)<\/p><\/div>\n<p><\/p><\/div>[\/vc_column][\/vc_row][vc_row][vc_column][vc_empty_space][\/vc_column][\/vc_row][vc_row][vc_column][vc_column_text]<\/p>\n<h1>St\u00e4rkung von marginalisierten Frauen seit 1975<\/h1>\n<p>Nepal ist von einer langj\u00e4hrigen sozialen und geschlechtsspezifischen Ungleichheit gepr\u00e4gt. Ein Gruppe von Frauen wollte das \u00e4ndern. Women\u2019s Skills Development Organization (WSDO) spielt eine wichtige Rolle im Leben der Frauen. Die gemeinn\u00fctzige Organisation st\u00e4rkt Frauen, die mit sozialen und wirtschaftlichen Schwierigkeiten konfrontiert sind.[\/vc_column_text]<div class=\"wl_einzelbild\"><p><\/p>\n<div id=\"attachment_806\" style=\"width: 1034px\" class=\"wp-caption alignleft\"><img loading=\"lazy\" decoding=\"async\" aria-describedby=\"caption-attachment-806\" class=\"wp-image-806 size-large\" src=\"https:\/\/weltlaeden.de\/osterstrasse\/wp-content\/uploads\/sites\/17\/2019\/04\/1-P1050695-1024x768.jpg\" alt=\"\" width=\"1024\" height=\"768\" srcset=\"https:\/\/weltlaeden.de\/osterstrasse\/wp-content\/uploads\/sites\/17\/2019\/04\/1-P1050695-1024x768.jpg 1024w, https:\/\/weltlaeden.de\/osterstrasse\/wp-content\/uploads\/sites\/17\/2019\/04\/1-P1050695-300x225.jpg 300w, https:\/\/weltlaeden.de\/osterstrasse\/wp-content\/uploads\/sites\/17\/2019\/04\/1-P1050695-768x576.jpg 768w, https:\/\/weltlaeden.de\/osterstrasse\/wp-content\/uploads\/sites\/17\/2019\/04\/1-P1050695.jpg 1920w\" sizes=\"auto, (max-width: 1024px) 100vw, 1024px\" \/><p id=\"caption-attachment-806\" class=\"wp-caption-text\">Foto: Frida Feeling<\/p><\/div>\n<p><\/p><\/div>[vc_empty_space][vc_column_text]WSDO ist eine seit 1975 existierende Fair-Handels-Organisation, Mitbegr\u00fcnderin der Fair Trade Group in Nepal und seit 2003 Mitglied der\u00a0<a href=\"https:\/\/wfto.com\/\">World Fair Trade Organization<\/a>. Sie ist ein sehr beeindruckendes Beispiel f\u00fcr eine erfolgreiche, nichtstaatliche Organisation, die ohne jegliche lokale oder internationale Zusch\u00fcsse arbeitet. Spezialisiert ist WSDO auf T\u00fccher, verschiedene Taschen, Untersetzer und Dekorationsartikel aus handgewobener Baumwolle, gefertigt aus regionalem Rohmaterial, 100 Prozent Baumwolle und umweltfreundlichen F\u00e4rbemitteln. Gewoben wird ausschlie\u00dflich mit traditionellen Nepali Back Strap Webrahmen.[\/vc_column_text][\/vc_column][\/vc_row][vc_row][vc_column width=&#8220;1\/2&#8243;]<div class=\"wl_einzelbild\"><p><\/p>\n<div id=\"attachment_807\" style=\"width: 774px\" class=\"wp-caption alignleft\"><img loading=\"lazy\" decoding=\"async\" aria-describedby=\"caption-attachment-807\" class=\"wp-image-807 size-full\" src=\"https:\/\/weltlaeden.de\/osterstrasse\/wp-content\/uploads\/sites\/17\/2019\/04\/umhaengetasche-motiv-fahrrad-e1555153822956.jpg\" alt=\"\" width=\"764\" height=\"538\" srcset=\"https:\/\/weltlaeden.de\/osterstrasse\/wp-content\/uploads\/sites\/17\/2019\/04\/umhaengetasche-motiv-fahrrad-e1555153822956.jpg 764w, https:\/\/weltlaeden.de\/osterstrasse\/wp-content\/uploads\/sites\/17\/2019\/04\/umhaengetasche-motiv-fahrrad-e1555153822956-300x211.jpg 300w\" sizes=\"auto, (max-width: 764px) 100vw, 764px\" \/><p id=\"caption-attachment-807\" class=\"wp-caption-text\">Umh\u00e4ngetasche mit Fahrradmotiv (Foto: Frida Feeling)<\/p><\/div>\n<p><\/p><\/div>[\/vc_column][vc_column width=&#8220;1\/2&#8243;]<blockquote class=\"text-big shortcode-blockquote\"><h2><span style=\"color: #ff9900\"><em>\u201eDurch unsere handgefertigten Produkte sind Sie mit Frauen verbunden, die Widrigkeiten \u00fcberwunden haben, um ihre Potenziale zu entdecken.\u201c<\/em><\/span><\/h2>\n<p style=\"text-align: right\">(Ramkali Khadka, Gr\u00fcnderin und Gesch\u00e4ftsf\u00fchrerin von WSDO)<\/p>\n<\/blockquote>[\/vc_column][\/vc_row][vc_row][vc_column][vc_empty_space][vc_column_text]<\/p>\n<h2><span style=\"color: #000000\"><strong>Frauen entfalten ihre Potentiale<\/strong><\/span><\/h2>\n<p>Die Mitarbeiterinnen bekommen die M\u00f6glichkeit einer sorgf\u00e4ltigen Ausbildung rund um den Produktionsprozess mit anschlie\u00dfender Anstellung, um sich ihr Einkommen selbstbestimmt zu erwirtschaften. Zu der Ausbildung geh\u00f6ren die Auswahl und das Schneiden des Materials, N\u00e4hen und Weben genauso wie das F\u00e4rben bis hin zur Betriebsf\u00fchrung und vielen weiteren Aufgabenbereichen. Dar\u00fcber hinaus bietet WSDO viele zus\u00e4tzliche Sozialleistungen wie die gesundheitliche Vorsorge und Versorgung ihrer Mitarbeiterinnen, Schulpl\u00e4tze f\u00fcr deren Kinder, ein Spar- und Kreditprogramm f\u00fcr die Zukunft, 60 Tage Mutterschaftsurlaub, Sprachkurse in Englisch und vieles mehr. Hunderte von Frauen haben inzwischen von dem WSDO Programm profitiert \u2013 und dabei Tausenden von Menschen Freude mit ihren handgefertigten Produkten nach Hause gebracht.<\/p>\n<p>Der Faire Handel bedeutet f\u00fcr sie:<\/p>\n<ul>\n<li>Anerkennung der Arbeit &amp; wirtschaftliche Unabh\u00e4ngigkeit<\/li>\n<li>Weiterbildung &amp; Bildungschancen f\u00fcr ihre Kinder<\/li>\n<li>Gesundheitsf\u00fcrsorge<\/li>\n<\/ul>\n<p>[\/vc_column_text][vc_empty_space][\/vc_column][\/vc_row][vc_row][vc_column][vc_empty_space][vc_column_text]Weitere Informationen zu den Handelspartnerinnen und ihren Produkten finden Sie bei\u00a0<a href=\"https:\/\/wsdonepal.com\/\">WSDO<\/a>\u00a0selbst,\u00a0bei der Fair-Handels-Importorganisation\u00a0<a href=\"https:\/\/www.fridafeeling.de\/WSDO-Nepal\">Frida Feeling<\/a>\u00a0und nat\u00fcrlich bei uns im Weltladen.[\/vc_column_text][vc_empty_space][\/vc_column][\/vc_row][vc_row][vc_column][vc_video link=&#8220;https:\/\/videopress.com\/v\/CRRMK4pj&#8220;][\/vc_column][\/vc_row][vc_row][vc_column][vc_empty_space][vc_separator][vc_column_text]<span style=\"color: #808080\"><em>Quelle: WSDO, Frida Feeling<\/em><\/span><\/p>\n<p><em><span style=\"color: #808080\">\u00a0<\/span><\/em>[\/vc_column_text][\/vc_column][\/vc_row]<\/p>\n<\/div>","protected":false},"excerpt":{"rendered":"<p>[vc_row][vc_column][\/vc_column][\/vc_row][vc_row][vc_column][vc_empty_space][\/vc_column][\/vc_row][vc_row][vc_column][vc_column_text] St\u00e4rkung von marginalisierten Frauen seit 1975 Nepal ist von einer langj\u00e4hrigen sozialen und geschlechtsspezifischen Ungleichheit gepr\u00e4gt. Ein Gruppe von Frauen wollte das \u00e4ndern. Women\u2019s Skills Development Organization (WSDO) spielt eine wichtige Rolle im Leben der Frauen. Die gemeinn\u00fctzige Organisation st\u00e4rkt Frauen, die mit sozialen und wirtschaftlichen Schwierigkeiten konfrontiert sind.[\/vc_column_text][vc_empty_space][vc_column_text]WSDO ist eine seit 1975 existierende&hellip;<\/p>\n","protected":false},"author":97,"featured_media":805,"parent":1834,"menu_order":8,"comment_status":"closed","ping_status":"closed","template":"","meta":{"footnotes":""},"class_list":["post-1918","page","type-page","status-publish","has-post-thumbnail","hentry","description-off"],"_links":{"self":[{"href":"https:\/\/weltlaeden.de\/osterstrasse\/wp-json\/wp\/v2\/pages\/1918","targetHints":{"allow":["GET"]}}],"collection":[{"href":"https:\/\/weltlaeden.de\/osterstrasse\/wp-json\/wp\/v2\/pages"}],"about":[{"href":"https:\/\/weltlaeden.de\/osterstrasse\/wp-json\/wp\/v2\/types\/page"}],"author":[{"embeddable":true,"href":"https:\/\/weltlaeden.de\/osterstrasse\/wp-json\/wp\/v2\/users\/97"}],"replies":[{"embeddable":true,"href":"https:\/\/weltlaeden.de\/osterstrasse\/wp-json\/wp\/v2\/comments?post=1918"}],"version-history":[{"count":3,"href":"https:\/\/weltlaeden.de\/osterstrasse\/wp-json\/wp\/v2\/pages\/1918\/revisions"}],"predecessor-version":[{"id":3686,"href":"https:\/\/weltlaeden.de\/osterstrasse\/wp-json\/wp\/v2\/pages\/1918\/revisions\/3686"}],"up":[{"embeddable":true,"href":"https:\/\/weltlaeden.de\/osterstrasse\/wp-json\/wp\/v2\/pages\/1834"}],"wp:featuredmedia":[{"embeddable":true,"href":"https:\/\/weltlaeden.de\/osterstrasse\/wp-json\/wp\/v2\/media\/805"}],"wp:attachment":[{"href":"https:\/\/weltlaeden.de\/osterstrasse\/wp-json\/wp\/v2\/media?parent=1918"}],"curies":[{"name":"wp","href":"https:\/\/api.w.org\/{rel}","templated":true}]}}