{"id":1910,"date":"2021-03-18T22:04:17","date_gmt":"2021-03-18T21:04:17","guid":{"rendered":"https:\/\/weltlaeden.de\/osterstrasse\/?page_id=1910"},"modified":"2026-01-30T13:14:09","modified_gmt":"2026-01-30T12:14:09","slug":"eswatini","status":"publish","type":"page","link":"https:\/\/weltlaeden.de\/osterstrasse\/fairer-handel\/fairer-handel-macht-frauen-stark\/eswatini\/","title":{"rendered":"Eswatini Kitchen, Chutneys aus Eswatini"},"content":{"rendered":"<div class=\"wpb-content-wrapper\"><p>[vc_row][vc_column]<div class=\"wl_einzelbild\"><p><\/p>\n<div id=\"attachment_931\" style=\"width: 1034px\" class=\"wp-caption alignleft\"><img loading=\"lazy\" decoding=\"async\" aria-describedby=\"caption-attachment-931\" class=\"wp-image-931 size-large\" src=\"https:\/\/weltlaeden.de\/osterstrasse\/wp-content\/uploads\/sites\/17\/2019\/07\/IMG_6011_1-1024x683.jpg\" alt=\"\" width=\"1024\" height=\"683\" srcset=\"https:\/\/weltlaeden.de\/osterstrasse\/wp-content\/uploads\/sites\/17\/2019\/07\/IMG_6011_1-1024x683.jpg 1024w, https:\/\/weltlaeden.de\/osterstrasse\/wp-content\/uploads\/sites\/17\/2019\/07\/IMG_6011_1-300x200.jpg 300w, https:\/\/weltlaeden.de\/osterstrasse\/wp-content\/uploads\/sites\/17\/2019\/07\/IMG_6011_1-768x512.jpg 768w, https:\/\/weltlaeden.de\/osterstrasse\/wp-content\/uploads\/sites\/17\/2019\/07\/IMG_6011_1.jpg 1920w\" sizes=\"auto, (max-width: 1024px) 100vw, 1024px\" \/><p id=\"caption-attachment-931\" class=\"wp-caption-text\">Foto: GEPA &#8211; The Fair Trade Company \/ A.Welsing<\/p><\/div>\n<p><\/p><\/div>[\/vc_column][\/vc_row][vc_row][vc_column][vc_empty_space][\/vc_column][\/vc_row][vc_row][vc_column][vc_column_text]<\/p>\n<h1>St\u00e4rkung von alleinerziehenden Frauen seit 1991<\/h1>\n<p>Die Rechte der Frauen sind in dem kleinen s\u00fcdafrikanischen K\u00f6nigreich Eswatini (ehemals Swasiland) stark eingeschr\u00e4nkt: Banken geben keine Kredite ohne m\u00e4nnlichen B\u00fcrgen. Im Land mit der h\u00f6chsten AIDS-Rate weltweit ist sexuelle Gewalt gegen\u00fcber Frauen und M\u00e4dchen keine Ausnahme. \u00dcber 210.000 Menschen sind mit der Immunschw\u00e4chekrankheit infiziert.[\/vc_column_text][vc_empty_space][\/vc_column][\/vc_row][vc_row][vc_column]<div class=\"wl_einzelbild\"><p><\/p>\n<div id=\"attachment_932\" style=\"width: 1034px\" class=\"wp-caption alignleft\"><img loading=\"lazy\" decoding=\"async\" aria-describedby=\"caption-attachment-932\" class=\"wp-image-932 size-large\" src=\"https:\/\/weltlaeden.de\/osterstrasse\/wp-content\/uploads\/sites\/17\/2019\/07\/IMG_5883_1-1024x683.jpg\" alt=\"\" width=\"1024\" height=\"683\" srcset=\"https:\/\/weltlaeden.de\/osterstrasse\/wp-content\/uploads\/sites\/17\/2019\/07\/IMG_5883_1-1024x683.jpg 1024w, https:\/\/weltlaeden.de\/osterstrasse\/wp-content\/uploads\/sites\/17\/2019\/07\/IMG_5883_1-300x200.jpg 300w, https:\/\/weltlaeden.de\/osterstrasse\/wp-content\/uploads\/sites\/17\/2019\/07\/IMG_5883_1-768x512.jpg 768w, https:\/\/weltlaeden.de\/osterstrasse\/wp-content\/uploads\/sites\/17\/2019\/07\/IMG_5883_1.jpg 1920w\" sizes=\"auto, (max-width: 1024px) 100vw, 1024px\" \/><p id=\"caption-attachment-932\" class=\"wp-caption-text\">Foto: GEPA &#8211; The Fair Trade Company \/ A.Welsing<\/p><\/div>\n<p><\/p><\/div>[vc_column_text]Eswatini Kitchen bietet vor allem alleinerziehenden Frauen eine M\u00f6glichkeit, f\u00fcr sich und ihre Kinder eine neue Existenz aufzubauen. Sie k\u00f6nnen sich f\u00fcr einen Beruf qualifizieren und zugleich ihren Lebensunterhalt selbst bestreiten.\u00a0Durch die Verarbeitung in Gl\u00e4sern in den eigenen Anlagen wird eine maximale Wertsch\u00f6pfung im Ursprungsland erm\u00f6glicht.[\/vc_column_text][vc_empty_space]<blockquote class=\"text-big shortcode-blockquote\"><h2><span style=\"color: #ff9900\"><em>\u201eIrgendwie kamen wir auf die Idee mit lokal produziertem Gem\u00fcse und Obst Marmeladen, Chutneys und Saucen herzustellen und international zu vermarkten. Auf diese Weise unterst\u00fctzt Eswatini lokale Bauern und B\u00e4uerinnen, schafft Arbeit und Einkommen f\u00fcr Frauen und nat\u00fcrlich helfen uns die Gewinne dabei, die Waisen noch besser zu unterst\u00fctzen.\u201c<\/em><\/span><\/h2>\n<p style=\"text-align: right\">(Mildred Henwood, ehemalige Gesch\u00e4ftsf\u00fchrerin von Eswatini Kitchen)<\/p>\n<\/blockquote>[\/vc_column][\/vc_row][vc_row][vc_column][vc_empty_space][vc_column_text]<\/p>\n<h2 class=\"h2-size entry-title\"><span style=\"color: #000000\"><strong>Eswatini Kitchen: Schneiden, Kochen, R\u00fchren, Einf\u00fcllen<\/strong><\/span><\/h2>\n<p>Eswatini hei\u00dft in der Landessprache \u201eSwazi\u201c, damit soll auch auf den Exportm\u00e4rkten die Herkunft der Produkte klar deklariert sein. Nach eigenen Rezepten werden aus den lokalen Obst- und Gem\u00fcsesorten Chutneys und Marmeladen hergestellt. Alles ist Handarbeit \u2013 vom Schneiden, R\u00fchren bis zum Einf\u00fcllen in die Gl\u00e4ser. Ziel ist es mit dem Aufbau einer professionellen Verarbeitungsanlage zum einen w\u00fcrdevolle Verdienstquellen f\u00fcr Frauen und Kleinbauernfamilien zu schaffen, zum anderen Gewinne zugunsten des Stra\u00dfenkinderprogramms von \u201eManzini Youth Care\u201c zu erwirtschaften. Erst der Faire Handel erm\u00f6glichte Eswatini Kitchen den Zugang zum Markt \u2013 auch heute noch werden 95 Prozent ihrer Produkte dar\u00fcber verkauft.[\/vc_column_text]<div class=\"wl_einzelbild\"><p><\/p>\n<div id=\"attachment_933\" style=\"width: 1034px\" class=\"wp-caption alignleft\"><img loading=\"lazy\" decoding=\"async\" aria-describedby=\"caption-attachment-933\" class=\"wp-image-933 size-large\" src=\"https:\/\/weltlaeden.de\/osterstrasse\/wp-content\/uploads\/sites\/17\/2019\/07\/IMG_5810_1-1024x683.jpg\" alt=\"\" width=\"1024\" height=\"683\" srcset=\"https:\/\/weltlaeden.de\/osterstrasse\/wp-content\/uploads\/sites\/17\/2019\/07\/IMG_5810_1-1024x683.jpg 1024w, https:\/\/weltlaeden.de\/osterstrasse\/wp-content\/uploads\/sites\/17\/2019\/07\/IMG_5810_1-300x200.jpg 300w, https:\/\/weltlaeden.de\/osterstrasse\/wp-content\/uploads\/sites\/17\/2019\/07\/IMG_5810_1-768x512.jpg 768w, https:\/\/weltlaeden.de\/osterstrasse\/wp-content\/uploads\/sites\/17\/2019\/07\/IMG_5810_1.jpg 1920w\" sizes=\"auto, (max-width: 1024px) 100vw, 1024px\" \/><p id=\"caption-attachment-933\" class=\"wp-caption-text\">Foto: GEPA &#8211; The Fair Trade Company \/ A.Welsing<\/p><\/div>\n<p><\/p><\/div>[vc_column_text]Frauenf\u00f6rderung hei\u00dft f\u00fcr Eswatini Kitchen auch, die Frauen in anderen neben den produktionstechnischen und finanziellen Bereichen zu unterst\u00fctzen. So k\u00f6nnen die Frauen Verantwortung \u00fcbernehmen, Entscheidungen treffen und aktiv an der F\u00fchrung des Betriebes teilnehmen. Gleichzeitig finden Alphabetisierungskurse und Kampagnen zur AIDS-Verh\u00fctung statt. Ferner k\u00f6nnen die Frauen an einem Sparprogramm teilnehmen, das ihnen z.B. erlaubt, die Schulgeb\u00fchren f\u00fcr ihre Kinder anzusparen, oder aber Bargeld vor dem Zugriff durch m\u00e4nnliche Familienmitglieder zu sch\u00fctzen.[\/vc_column_text][vc_empty_space][\/vc_column][\/vc_row][vc_row][vc_column][vc_column_text]Weitere Informationen zu den Handelspartnerinnen und ihren Produkten finden Sie bei der Fair-Handels-Importorganisation <a href=\"http:\/\/www.gepa.de\/\">GEPA \u2013 The Fair Trade Company<\/a>\u00a0oder\u00a0<a href=\"http:\/\/www.eza.cc\/\">EZA Fairer Handel<\/a>\u00a0und nat\u00fcrlich bei uns im Weltladen.[\/vc_column_text][\/vc_column][\/vc_row][vc_row][vc_column][vc_empty_space][vc_separator][vc_column_text]<em><span style=\"color: #808080\">Quelle:\u00a0GEPA &#8211; The Fair Trade Company, EZA Fairer Handel<\/span><\/em>[\/vc_column_text][\/vc_column][\/vc_row]<\/p>\n<\/div>","protected":false},"excerpt":{"rendered":"<p>[vc_row][vc_column][\/vc_column][\/vc_row][vc_row][vc_column][vc_empty_space][\/vc_column][\/vc_row][vc_row][vc_column][vc_column_text] St\u00e4rkung von alleinerziehenden Frauen seit 1991 Die Rechte der Frauen sind in dem kleinen s\u00fcdafrikanischen K\u00f6nigreich Eswatini (ehemals Swasiland) stark eingeschr\u00e4nkt: Banken geben keine Kredite ohne m\u00e4nnlichen B\u00fcrgen. Im Land mit der h\u00f6chsten AIDS-Rate weltweit ist sexuelle Gewalt gegen\u00fcber Frauen und M\u00e4dchen keine Ausnahme. \u00dcber 210.000 Menschen sind mit der Immunschw\u00e4chekrankheit infiziert.[\/vc_column_text][vc_empty_space][\/vc_column][\/vc_row][vc_row][vc_column][vc_column_text]Eswatini Kitchen bietet&hellip;<\/p>\n","protected":false},"author":97,"featured_media":931,"parent":1834,"menu_order":16,"comment_status":"closed","ping_status":"closed","template":"","meta":{"footnotes":""},"class_list":["post-1910","page","type-page","status-publish","has-post-thumbnail","hentry","description-off"],"_links":{"self":[{"href":"https:\/\/weltlaeden.de\/osterstrasse\/wp-json\/wp\/v2\/pages\/1910","targetHints":{"allow":["GET"]}}],"collection":[{"href":"https:\/\/weltlaeden.de\/osterstrasse\/wp-json\/wp\/v2\/pages"}],"about":[{"href":"https:\/\/weltlaeden.de\/osterstrasse\/wp-json\/wp\/v2\/types\/page"}],"author":[{"embeddable":true,"href":"https:\/\/weltlaeden.de\/osterstrasse\/wp-json\/wp\/v2\/users\/97"}],"replies":[{"embeddable":true,"href":"https:\/\/weltlaeden.de\/osterstrasse\/wp-json\/wp\/v2\/comments?post=1910"}],"version-history":[{"count":4,"href":"https:\/\/weltlaeden.de\/osterstrasse\/wp-json\/wp\/v2\/pages\/1910\/revisions"}],"predecessor-version":[{"id":3681,"href":"https:\/\/weltlaeden.de\/osterstrasse\/wp-json\/wp\/v2\/pages\/1910\/revisions\/3681"}],"up":[{"embeddable":true,"href":"https:\/\/weltlaeden.de\/osterstrasse\/wp-json\/wp\/v2\/pages\/1834"}],"wp:featuredmedia":[{"embeddable":true,"href":"https:\/\/weltlaeden.de\/osterstrasse\/wp-json\/wp\/v2\/media\/931"}],"wp:attachment":[{"href":"https:\/\/weltlaeden.de\/osterstrasse\/wp-json\/wp\/v2\/media?parent=1910"}],"curies":[{"name":"wp","href":"https:\/\/api.w.org\/{rel}","templated":true}]}}