{"id":1895,"date":"2021-03-13T10:57:19","date_gmt":"2021-03-13T09:57:19","guid":{"rendered":"https:\/\/weltlaeden.de\/osterstrasse\/?page_id=1895"},"modified":"2026-01-30T13:14:09","modified_gmt":"2026-01-30T12:14:09","slug":"la-surenita","status":"publish","type":"page","link":"https:\/\/weltlaeden.de\/osterstrasse\/fairer-handel\/fairer-handel-macht-frauen-stark\/la-surenita\/","title":{"rendered":"La Sure\u00f1ita, Cashews aus Honduras"},"content":{"rendered":"<div class=\"wpb-content-wrapper\"><p>[vc_row][vc_column]<div class=\"wl_einzelbild\"><p><\/p>\n<div id=\"attachment_785\" style=\"width: 1034px\" class=\"wp-caption alignleft\"><img loading=\"lazy\" decoding=\"async\" aria-describedby=\"caption-attachment-785\" class=\"wp-image-785 size-large\" src=\"https:\/\/weltlaeden.de\/osterstrasse\/wp-content\/uploads\/sites\/17\/2019\/03\/A008682-R1-16-19A-e1615633520700-1024x617.jpg\" alt=\"\" width=\"1024\" height=\"617\" srcset=\"https:\/\/weltlaeden.de\/osterstrasse\/wp-content\/uploads\/sites\/17\/2019\/03\/A008682-R1-16-19A-e1615633520700-1024x617.jpg 1024w, https:\/\/weltlaeden.de\/osterstrasse\/wp-content\/uploads\/sites\/17\/2019\/03\/A008682-R1-16-19A-e1615633520700-300x181.jpg 300w, https:\/\/weltlaeden.de\/osterstrasse\/wp-content\/uploads\/sites\/17\/2019\/03\/A008682-R1-16-19A-e1615633520700-768x463.jpg 768w, https:\/\/weltlaeden.de\/osterstrasse\/wp-content\/uploads\/sites\/17\/2019\/03\/A008682-R1-16-19A-e1615633520700.jpg 1818w\" sizes=\"auto, (max-width: 1024px) 100vw, 1024px\" \/><p id=\"caption-attachment-785\" class=\"wp-caption-text\">La Sure\u00f1ita vertreibt Cashewprodukte von drei Frauenkooperativen aus der Provinz Choluteca im S\u00fcdosten von Honduras. (Foto: GEPA &#8211; The Fair Trade Company)<\/p><\/div>\n<p><\/p><\/div>[\/vc_column][\/vc_row][vc_row][vc_column][vc_empty_space][\/vc_column][\/vc_row][vc_row][vc_column][vc_column_text]<\/p>\n<h1>Benachteiligte Landfrauen organisieren alles selbst<\/h1>\n<p>Der Cashewanbau spielt eine wichtige Rolle f\u00fcr die \u00f6kologische Stabilit\u00e4t der Provinz Choluteca im S\u00fcdosten von Honduras. Das trockene Klima erlaubt nur geringen Ackerbau. Choluteca z\u00e4hlt zudem zu den \u00e4rmsten Regionen des Landes. Die wenigen Einkommensm\u00f6glichkeiten stehen fast nur M\u00e4nnern offen. Frauen sind in jeder Hinsicht benachteiligt und m\u00fcssen ihre Kinder oft ohne Vater gro\u00dfziehen. Einige von ihnen begannen 1985 mit Unterst\u00fctzung der Friedrich-Ebert-Stiftung mit der Verarbeitung der fr\u00fcher ungenutzten Cashew\u00e4pfel.[\/vc_column_text][vc_empty_space][\/vc_column][\/vc_row][vc_row][vc_column width=&#8220;1\/2&#8243;]<div class=\"wl_einzelbild\"><p><\/p>\n<div id=\"attachment_786\" style=\"width: 957px\" class=\"wp-caption alignleft\"><img loading=\"lazy\" decoding=\"async\" aria-describedby=\"caption-attachment-786\" class=\"wp-image-786 size-large\" src=\"https:\/\/weltlaeden.de\/osterstrasse\/wp-content\/uploads\/sites\/17\/2019\/03\/A008682-R1-14-21A-e1615629571845-947x1024.jpg\" alt=\"\" width=\"947\" height=\"1024\" srcset=\"https:\/\/weltlaeden.de\/osterstrasse\/wp-content\/uploads\/sites\/17\/2019\/03\/A008682-R1-14-21A-e1615629571845-947x1024.jpg 947w, https:\/\/weltlaeden.de\/osterstrasse\/wp-content\/uploads\/sites\/17\/2019\/03\/A008682-R1-14-21A-e1615629571845-277x300.jpg 277w, https:\/\/weltlaeden.de\/osterstrasse\/wp-content\/uploads\/sites\/17\/2019\/03\/A008682-R1-14-21A-e1615629571845-768x831.jpg 768w, https:\/\/weltlaeden.de\/osterstrasse\/wp-content\/uploads\/sites\/17\/2019\/03\/A008682-R1-14-21A-e1615629571845.jpg 1227w\" sizes=\"auto, (max-width: 947px) 100vw, 947px\" \/><p id=\"caption-attachment-786\" class=\"wp-caption-text\">Eine der Frauen der Kooperative (Foto: GEPA &#8211; The Fair Trade Company)<\/p><\/div>\n<p><\/p><\/div>[\/vc_column][vc_column width=&#8220;1\/2&#8243;][vc_column_text]La Sure\u00f1ita, \u201eDie Kleine aus dem S\u00fcden\u201c, ist ein Zusammenschluss aus drei sehr \u00e4hnlich strukturierten Frauenkooperativen. Heute bietet La Sure\u00f1ita eine Vielzahl von Produkten an, zum Beispiel gesch\u00e4lte und getrocknete Cashewn\u00fcsse. Inzwischen haben die Frauen ihre f\u00fcnf Verarbeitungsanlagen renoviert. Und sie werden andere Cashew-Setzlinge pflanzen, die die Trockenheit besser aushalten k\u00f6nnen.[\/vc_column_text][\/vc_column][\/vc_row][vc_row][vc_column][vc_empty_space][vc_column_text]<\/p>\n<h2><span style=\"color: #000000\"><strong>Von der Ernte bis zum Export<\/strong><\/span><\/h2>\n<p>Hauptzielgruppe des Projekts waren besonders benachteiligte Landfrauen ohne Landbesitz und Kleinproduzentinnen, die am Existenzminimum leben und wirtschaften. Vor ihrer Mitgliedschaft bei La Sure\u00f1ita waren die meisten Frauen kaum au\u00dferhalb ihres Haushaltes aktiv. Seit vielen Jahren organisieren sie die Arbeit mit Erfolg selbst \u2013 vom Aufkauf der N\u00fcsse \u00fcber die aufw\u00e4ndige Verarbeitung und Verpackung bis hin zur Vermarktung. Aus ihnen sind erfolgreiche Gesch\u00e4ftsfrauen geworden, die die N\u00fcsse nach der Ernte u.a. von ihren M\u00e4nnern aufkaufen.<\/p>\n<p>[\/vc_column_text]<blockquote class=\"text-big shortcode-blockquote\"><h2><span style=\"color: #ff9900\"><em>\u201eIch bin Mitglied geworden, um Wertsch\u00e4tzung f\u00fcr meine Arbeit zu erhalten und meine Familie ern\u00e4hren zu k\u00f6nnen.\u201c<\/em><\/span><\/h2>\n<p style=\"text-align: right\">(Reyna Suyapa, Vorstandsmitglied von La Sure\u00f1ita)<\/p>\n<\/blockquote>[vc_column_text]Die Verarbeitung und Vermarktung von Cashewprodukten bietet den Frauen die einzigartige Chance, wichtiges Einkommen f\u00fcr ihre Familien zu erwirtschaften, eine aktive Rolle innerhalb der Gemeinschaften zu \u00fcbernehmen und sich in jeder Hinsicht zu emanzipieren. Die Frauen sind sehr stolz auf ihre Unabh\u00e4ngigkeit und auf die Tatsache, dass sie ihren Kindern mittlerweile auch den Besuch von Gymnasium und Universit\u00e4t erm\u00f6glichen k\u00f6nnen.<\/p>\n<p>Durch den Fairen Handel k\u00f6nnen unsere Handelspartnerinnen:<\/p>\n<ul>\n<li>sich fortbilden<\/li>\n<li>eine aktive Rolle innerhalb der Gemeinschaft einnehmen<\/li>\n<li>die Lebensgrundlage ihrer Familie stabilisieren &amp; langfristig sichern<\/li>\n<\/ul>\n<p>[\/vc_column_text][vc_empty_space][\/vc_column][\/vc_row][vc_row][vc_column][vc_column_text]Weitere Informationen zu den Handelspartnerinnen und ihren Produkten finden Sie bei der Fair-Handels-Importorganisation <a href=\"https:\/\/www.gepa.de\/produzenten\/partner\/la-surenita.html\">GEPA &#8211; The Fair Trade Company<\/a> oder <a href=\"https:\/\/www.eza.cc\/la-surenita\">EZA Fairer Handel<\/a> und nat\u00fcrlich bei uns im Weltladen.[\/vc_column_text][\/vc_column][\/vc_row][vc_row][vc_column][vc_empty_space][vc_separator][vc_column_text]<em><span style=\"color: #808080\">Quelle:\u00a0GEPA &#8211; The Fair Trade Company, EZA Fairer Handel, Forum Fairer Handel 2016: 100% FAIR, S. 14f<\/span><\/em>[\/vc_column_text][\/vc_column][\/vc_row]<\/p>\n<\/div>","protected":false},"excerpt":{"rendered":"<p>[vc_row][vc_column][\/vc_column][\/vc_row][vc_row][vc_column][vc_empty_space][\/vc_column][\/vc_row][vc_row][vc_column][vc_column_text] Benachteiligte Landfrauen organisieren alles selbst Der Cashewanbau spielt eine wichtige Rolle f\u00fcr die \u00f6kologische Stabilit\u00e4t der Provinz Choluteca im S\u00fcdosten von Honduras. Das trockene Klima erlaubt nur geringen Ackerbau. Choluteca z\u00e4hlt zudem zu den \u00e4rmsten Regionen des Landes. Die wenigen Einkommensm\u00f6glichkeiten stehen fast nur M\u00e4nnern offen. Frauen sind in jeder Hinsicht benachteiligt und m\u00fcssen&hellip;<\/p>\n","protected":false},"author":97,"featured_media":785,"parent":1834,"menu_order":18,"comment_status":"closed","ping_status":"closed","template":"","meta":{"footnotes":""},"class_list":["post-1895","page","type-page","status-publish","has-post-thumbnail","hentry","description-off"],"_links":{"self":[{"href":"https:\/\/weltlaeden.de\/osterstrasse\/wp-json\/wp\/v2\/pages\/1895","targetHints":{"allow":["GET"]}}],"collection":[{"href":"https:\/\/weltlaeden.de\/osterstrasse\/wp-json\/wp\/v2\/pages"}],"about":[{"href":"https:\/\/weltlaeden.de\/osterstrasse\/wp-json\/wp\/v2\/types\/page"}],"author":[{"embeddable":true,"href":"https:\/\/weltlaeden.de\/osterstrasse\/wp-json\/wp\/v2\/users\/97"}],"replies":[{"embeddable":true,"href":"https:\/\/weltlaeden.de\/osterstrasse\/wp-json\/wp\/v2\/comments?post=1895"}],"version-history":[{"count":5,"href":"https:\/\/weltlaeden.de\/osterstrasse\/wp-json\/wp\/v2\/pages\/1895\/revisions"}],"predecessor-version":[{"id":3683,"href":"https:\/\/weltlaeden.de\/osterstrasse\/wp-json\/wp\/v2\/pages\/1895\/revisions\/3683"}],"up":[{"embeddable":true,"href":"https:\/\/weltlaeden.de\/osterstrasse\/wp-json\/wp\/v2\/pages\/1834"}],"wp:featuredmedia":[{"embeddable":true,"href":"https:\/\/weltlaeden.de\/osterstrasse\/wp-json\/wp\/v2\/media\/785"}],"wp:attachment":[{"href":"https:\/\/weltlaeden.de\/osterstrasse\/wp-json\/wp\/v2\/media?parent=1895"}],"curies":[{"name":"wp","href":"https:\/\/api.w.org\/{rel}","templated":true}]}}