{"id":1889,"date":"2021-03-13T10:25:05","date_gmt":"2021-03-13T09:25:27","guid":{"rendered":"https:\/\/weltlaeden.de\/osterstrasse\/?page_id=1889"},"modified":"2026-01-30T13:14:09","modified_gmt":"2026-01-30T12:14:09","slug":"aprolma","status":"publish","type":"page","link":"https:\/\/weltlaeden.de\/osterstrasse\/fairer-handel\/fairer-handel-macht-frauen-stark\/aprolma\/","title":{"rendered":"APROLMA, Kaffee aus Honduras"},"content":{"rendered":"<div class=\"wpb-content-wrapper\"><p>[vc_row][vc_column]<div class=\"wl_einzelbild\"><p><\/p>\n<div id=\"attachment_747\" style=\"width: 1034px\" class=\"wp-caption alignleft\"><img loading=\"lazy\" decoding=\"async\" aria-describedby=\"caption-attachment-747\" class=\"wp-image-747 size-large\" src=\"https:\/\/weltlaeden.de\/osterstrasse\/wp-content\/uploads\/sites\/17\/2019\/02\/gepa-aprolma-15-6-2018-gruppenbilder-18-1024x576.jpg\" alt=\"\" width=\"1024\" height=\"576\" srcset=\"https:\/\/weltlaeden.de\/osterstrasse\/wp-content\/uploads\/sites\/17\/2019\/02\/gepa-aprolma-15-6-2018-gruppenbilder-18-1024x576.jpg 1024w, https:\/\/weltlaeden.de\/osterstrasse\/wp-content\/uploads\/sites\/17\/2019\/02\/gepa-aprolma-15-6-2018-gruppenbilder-18-300x169.jpg 300w, https:\/\/weltlaeden.de\/osterstrasse\/wp-content\/uploads\/sites\/17\/2019\/02\/gepa-aprolma-15-6-2018-gruppenbilder-18-768x432.jpg 768w, https:\/\/weltlaeden.de\/osterstrasse\/wp-content\/uploads\/sites\/17\/2019\/02\/gepa-aprolma-15-6-2018-gruppenbilder-18.jpg 1920w\" sizes=\"auto, (max-width: 1024px) 100vw, 1024px\" \/><p id=\"caption-attachment-747\" class=\"wp-caption-text\">Stolz auf den selbst ger\u00f6steten Bio-Kaffee. Insgesamt haben sich bei APROLMA zw\u00f6lf Frauen im Rahmen des R\u00f6stereiprojekts weitergebildet. Foto: GEPA \u2013 The Fair Trade Company\/A. Welsing<\/p><\/div>\n<p><\/p><\/div>[\/vc_column][\/vc_row][vc_row][vc_column][vc_empty_space][\/vc_column][\/vc_row][vc_row][vc_column][vc_column_text]<\/p>\n<h1>Hochqualitativer Kaffee, von Frauen produziert<\/h1>\n<div class=\"text_exposed_show\">\n<p>95 Prozent des Kaffees werden am Weltmarkt als Rohkaffee eingekauft. Reine Frauenkooperativen sind im Kaffeesektor \u00e4u\u00dferst selten. APROLMA (Asociacion de Productoras Libres de Marcala) aus M\u00e1rcala, Honduras zeigt, dass es auch anders geht.<\/p>\n<p>Die Mitglieder gr\u00fcndeten den ersten Frauenverband in Honduras, um sich f\u00fcr ihre Rechte einzusetzen. Die Geschichte der Frauen in der Kooperative ist h\u00e4ufig von Problemen wie h\u00e4uslicher Gewalt gepr\u00e4gt. Mit Anbau und Weiterverarbeitung ihres hochwertigen Kaffees erk\u00e4mpfen sie sich mehr Unabh\u00e4ngigkeit und Selbstbestimmung. APROLMA wurde 2013 gegr\u00fcndet und ist eine Organisation von 69 kleinen und mittleren unabh\u00e4ngigen Produzentinnen, die biologisch zertifizierten Kaffee anbauen und mit gro\u00dfem Engagement die Produktion, Verarbeitung und Vermarktung von Kaffee selbst organisieren.<\/p>\n<p>In den Fincas wird eine anspruchsvolle Diversifizierung von Produkten umgesetzt, um neben dem Kaffee auch andere Einkommen erzielen zu k\u00f6nnen. Durch die Kaffeevermarktung wird ein h\u00f6heres Einkommen erzielt, das zur Lebensqualit\u00e4t der Familien beitr\u00e4gt. Mit der Verbesserung ihrer F\u00e4higkeiten durch Aus- und Weiterbildungen werden die Rechte der Frauen gef\u00f6rdert. APROLMA steht f\u00fcr Gleichstellung der Geschlechter und f\u00fcr Menschenrechte. Eine Steigerung der Kaffeeproduktion st\u00e4rkt die Beziehung der Frauen zu Organisationen der Zivilgesellschaft und verschafft ihnen mehr Mitspracherecht. Die F\u00f6rderung der Beteiligung und die f\u00fchrende Rolle in den Entscheidungsprozessen auf kommunaler und regionaler Ebene bewirken einen Einfluss auf die Reduzierung der Gewalt gegen Frauen und M\u00e4dchen in den betroffenen Gemeinschaften.<\/p>\n<\/div>\n<p>[\/vc_column_text][vc_empty_space][\/vc_column][\/vc_row][vc_row][vc_column width=&#8220;1\/2&#8243;]<div class=\"wl_einzelbild\"><p><\/p>\n<div id=\"attachment_748\" style=\"width: 1034px\" class=\"wp-caption alignleft\"><img loading=\"lazy\" decoding=\"async\" aria-describedby=\"caption-attachment-748\" class=\"wp-image-748 size-large\" src=\"https:\/\/weltlaeden.de\/osterstrasse\/wp-content\/uploads\/sites\/17\/2019\/02\/gepa-aprolma-16-6-2018-magali-packung-feld-3-e1615627736438-1024x814.jpg\" alt=\"\" width=\"1024\" height=\"814\" srcset=\"https:\/\/weltlaeden.de\/osterstrasse\/wp-content\/uploads\/sites\/17\/2019\/02\/gepa-aprolma-16-6-2018-magali-packung-feld-3-e1615627736438-1024x814.jpg 1024w, https:\/\/weltlaeden.de\/osterstrasse\/wp-content\/uploads\/sites\/17\/2019\/02\/gepa-aprolma-16-6-2018-magali-packung-feld-3-e1615627736438-300x239.jpg 300w, https:\/\/weltlaeden.de\/osterstrasse\/wp-content\/uploads\/sites\/17\/2019\/02\/gepa-aprolma-16-6-2018-magali-packung-feld-3-e1615627736438-768x611.jpg 768w, https:\/\/weltlaeden.de\/osterstrasse\/wp-content\/uploads\/sites\/17\/2019\/02\/gepa-aprolma-16-6-2018-magali-packung-feld-3-e1615627736438.jpg 1358w\" sizes=\"auto, (max-width: 1024px) 100vw, 1024px\" \/><p id=\"caption-attachment-748\" class=\"wp-caption-text\">Foto: GEPA &#8211; The Fair Trade Company \/ A. Welsing<\/p><\/div>\n<p><\/p><\/div>[\/vc_column][vc_column width=&#8220;1\/2&#8243;]<blockquote class=\"text-big shortcode-blockquote\"><h2><span style=\"color: #000000\"><em>\u201eIch bin sehr gl\u00fccklich mit dem Projekt. Ich denke, das wird f\u00fcr unsere Familien ein Schritt nach vorne sein.\u201c<\/em><\/span><\/h2>\n<p style=\"text-align: right\">(Magali Aguilar, Bio-Kaffeeb\u00e4uerin und R\u00f6stmeisterin von APROLMA)<\/p>\n<\/blockquote>[\/vc_column][\/vc_row][vc_row][vc_column][vc_empty_space][vc_column_text]<\/p>\n<h2><span style=\"color: #000000\"><strong>Von der Kaffeekirsche bis zur Tasse<\/strong><\/span><\/h2>\n<p>Die R\u00f6stung und Verpackung des Kaffees im Ursprungsland f\u00fchrt zu mehr Wertsch\u00f6pfung vor Ort: Mit dem neuen fair gehandelten R\u00f6stkaffee bleibt fast dreimal so viel Geld vor Ort wie bei kommerziellem Kaffee. Wenn alle Schritte der Kaffeeherstellung an Ort und Stelle geschehen, k\u00f6nnen mehr Menschen gut davon leben.<\/p>\n<p>Das bedeutet f\u00fcr unsere Handelspartnerinnen:<\/p>\n<ul>\n<li>mehr Wertsch\u00e4tzung &amp; Wertsch\u00f6pfung<\/li>\n<li>mehr Selbstbestimmung &amp; Unabh\u00e4ngigkeit<\/li>\n<li>Zugang zum Markt &amp; gesicherter Lebensunterhalt<\/li>\n<\/ul>\n<p>[\/vc_column_text][vc_empty_space][\/vc_column][\/vc_row][vc_row][vc_column][vc_video link=&#8220;https:\/\/youtu.be\/elGP0TX1TXo&#8220;][vc_empty_space][\/vc_column][\/vc_row][vc_row][vc_column][vc_column_text]Weitere Informationen zu den Handelspartnerinnen und ihren Produkten finden Sie bei der Fair-Handels-Importorganisation <a href=\"https:\/\/www.gepa.de\/gepa\/themenspecials\/mehr-wertschoepfung\/partner.html#aprolma\">GEPA &#8211; The Fair Trade Company<\/a> und nat\u00fcrlich bei uns im Weltladen.[\/vc_column_text][\/vc_column][\/vc_row][vc_row][vc_column][vc_empty_space][vc_separator][vc_column_text]<span style=\"color: #808080\"><em>Quelle: <\/em><em>GEPA &#8211; The Fair Trade Company<\/em><\/span>[\/vc_column_text][\/vc_column][\/vc_row]<\/p>\n<\/div>","protected":false},"excerpt":{"rendered":"<p>[vc_row][vc_column][\/vc_column][\/vc_row][vc_row][vc_column][vc_empty_space][\/vc_column][\/vc_row][vc_row][vc_column][vc_column_text] Hochqualitativer Kaffee, von Frauen produziert 95 Prozent des Kaffees werden am Weltmarkt als Rohkaffee eingekauft. Reine Frauenkooperativen sind im Kaffeesektor \u00e4u\u00dferst selten. APROLMA (Asociacion de Productoras Libres de Marcala) aus M\u00e1rcala, Honduras zeigt, dass es auch anders geht. Die Mitglieder gr\u00fcndeten den ersten Frauenverband in Honduras, um sich f\u00fcr ihre Rechte einzusetzen. Die Geschichte&hellip;<\/p>\n","protected":false},"author":97,"featured_media":747,"parent":1834,"menu_order":14,"comment_status":"closed","ping_status":"closed","template":"","meta":{"footnotes":""},"class_list":["post-1889","page","type-page","status-publish","has-post-thumbnail","hentry","description-off"],"_links":{"self":[{"href":"https:\/\/weltlaeden.de\/osterstrasse\/wp-json\/wp\/v2\/pages\/1889","targetHints":{"allow":["GET"]}}],"collection":[{"href":"https:\/\/weltlaeden.de\/osterstrasse\/wp-json\/wp\/v2\/pages"}],"about":[{"href":"https:\/\/weltlaeden.de\/osterstrasse\/wp-json\/wp\/v2\/types\/page"}],"author":[{"embeddable":true,"href":"https:\/\/weltlaeden.de\/osterstrasse\/wp-json\/wp\/v2\/users\/97"}],"replies":[{"embeddable":true,"href":"https:\/\/weltlaeden.de\/osterstrasse\/wp-json\/wp\/v2\/comments?post=1889"}],"version-history":[{"count":7,"href":"https:\/\/weltlaeden.de\/osterstrasse\/wp-json\/wp\/v2\/pages\/1889\/revisions"}],"predecessor-version":[{"id":3679,"href":"https:\/\/weltlaeden.de\/osterstrasse\/wp-json\/wp\/v2\/pages\/1889\/revisions\/3679"}],"up":[{"embeddable":true,"href":"https:\/\/weltlaeden.de\/osterstrasse\/wp-json\/wp\/v2\/pages\/1834"}],"wp:featuredmedia":[{"embeddable":true,"href":"https:\/\/weltlaeden.de\/osterstrasse\/wp-json\/wp\/v2\/media\/747"}],"wp:attachment":[{"href":"https:\/\/weltlaeden.de\/osterstrasse\/wp-json\/wp\/v2\/media?parent=1889"}],"curies":[{"name":"wp","href":"https:\/\/api.w.org\/{rel}","templated":true}]}}