{"id":1834,"date":"2021-03-01T19:49:19","date_gmt":"2021-03-01T18:49:19","guid":{"rendered":"https:\/\/weltlaeden.de\/osterstrasse\/?page_id=1834"},"modified":"2026-01-30T13:14:09","modified_gmt":"2026-01-30T12:14:09","slug":"fairer-handel-macht-frauen-stark","status":"publish","type":"page","link":"https:\/\/weltlaeden.de\/osterstrasse\/fairer-handel\/fairer-handel-macht-frauen-stark\/","title":{"rendered":"Fairer Handel. Macht. Frauen. Stark."},"content":{"rendered":"<div class=\"wpb-content-wrapper\"><p>[vc_row][vc_column]<div class=\"wl_einzelbild\"><p><\/p>\n<div id=\"attachment_1001\" style=\"width: 1034px\" class=\"wp-caption alignleft\"><img loading=\"lazy\" decoding=\"async\" aria-describedby=\"caption-attachment-1001\" class=\"wp-image-1001 size-large\" src=\"https:\/\/weltlaeden.de\/osterstrasse\/wp-content\/uploads\/sites\/17\/2019\/10\/16.-September-2019-Faire-Woche-Hamburg-SNK-216-1024x683.jpg\" alt=\"\" width=\"1024\" height=\"683\" srcset=\"https:\/\/weltlaeden.de\/osterstrasse\/wp-content\/uploads\/sites\/17\/2019\/10\/16.-September-2019-Faire-Woche-Hamburg-SNK-216-1024x683.jpg 1024w, https:\/\/weltlaeden.de\/osterstrasse\/wp-content\/uploads\/sites\/17\/2019\/10\/16.-September-2019-Faire-Woche-Hamburg-SNK-216-300x200.jpg 300w, https:\/\/weltlaeden.de\/osterstrasse\/wp-content\/uploads\/sites\/17\/2019\/10\/16.-September-2019-Faire-Woche-Hamburg-SNK-216-768x512.jpg 768w, https:\/\/weltlaeden.de\/osterstrasse\/wp-content\/uploads\/sites\/17\/2019\/10\/16.-September-2019-Faire-Woche-Hamburg-SNK-216.jpg 1134w\" sizes=\"auto, (max-width: 1024px) 100vw, 1024px\" \/><p id=\"caption-attachment-1001\" class=\"wp-caption-text\"><span style=\"color: #808080\"><em>Produzent*innenvertreterinnen zu Besuch im S\u00fcd-Nord-Kontor in Hamburg, Foto: EL PUENTE \/ Michael Sommer<\/em><\/span><\/p><\/div>\n<p><\/p><\/div>[\/vc_column][\/vc_row][vc_row][vc_column][vc_empty_space][\/vc_column][\/vc_row][vc_row][vc_column][vc_column_text]<\/p>\n<h1>FAIRER HANDEL. MACHT. FRAUEN. STARK.<\/h1>\n<p>Der Faire Handel gilt als wegweisend f\u00fcr die Gleichstellung der Geschlechter und das Empowerment von Frauen. Frauen leisten weltweit den Gro\u00dfteil der Erwerbs- und Reproduktionsarbeit. Trotzdem werden sie in vielen Bereichen immer noch strukturell benachteiligt: Sie bekommen f\u00fcr die gleiche Arbeit weniger Lohn als M\u00e4nner. Sie sind seltener in F\u00fchrungspositionen. Zudem haben Frauen und M\u00e4dchen oft keinen Zugang zu wichtigen Ressourcen wie Bildung, Land, Krediten oder einem eigenen Einkommen. Damit sind sie st\u00e4rker von Armut betroffen und k\u00f6nnen ihre Potenziale oft nicht entfalten. Der Faire Handel zeigt, dass es auch anders geht: Er f\u00f6rdert ausdr\u00fccklich die gleichberechtigte Teilhabe aller sozialen Gruppen.<\/p>\n<p>&nbsp;<\/p>\n<h2><span style=\"color: #000000\"><strong>Mehr Wertsch\u00e4tzung, mehr Unabh\u00e4ngigkeit, mehr Selbstbestimmung<\/strong><\/span><\/h2>\n<p>F\u00fcr Fair-Handels-Organisationen<sup>1<\/sup> steht die Gleichstellung der Geschlechter und die wirtschaftliche St\u00e4rkung von Frauen im Mittelpunkt. Frauen in Fair-Handels-Unternehmen erreichen mit einer viermal so hohen Wahrscheinlichkeit eine Position in den obersten F\u00fchrungsebenen, zum Beispiel als Gesch\u00e4ftsf\u00fchrerinnen oder Vorst\u00e4ndinnen, als in konventionellen Unternehmen. Dar\u00fcber hinaus werden ihre Rechte respektiert. Frauen sind sichtbar und werden geh\u00f6rt.<\/p>\n<p>[\/vc_column_text][\/vc_column][\/vc_row][vc_row][vc_column]<div class=\"wl_einzelbild\"><p><\/p>\n<div id=\"attachment_1835\" style=\"width: 1034px\" class=\"wp-caption alignleft\"><img loading=\"lazy\" decoding=\"async\" aria-describedby=\"caption-attachment-1835\" class=\"size-large wp-image-1835\" src=\"https:\/\/weltlaeden.de\/osterstrasse\/wp-content\/uploads\/sites\/17\/2021\/03\/Grafik_Frauen-im-Fairen-Handel-1024x819.jpg\" alt=\"\" width=\"1024\" height=\"819\" srcset=\"https:\/\/weltlaeden.de\/osterstrasse\/wp-content\/uploads\/sites\/17\/2021\/03\/Grafik_Frauen-im-Fairen-Handel-1024x819.jpg 1024w, https:\/\/weltlaeden.de\/osterstrasse\/wp-content\/uploads\/sites\/17\/2021\/03\/Grafik_Frauen-im-Fairen-Handel-300x240.jpg 300w, https:\/\/weltlaeden.de\/osterstrasse\/wp-content\/uploads\/sites\/17\/2021\/03\/Grafik_Frauen-im-Fairen-Handel-768x614.jpg 768w, https:\/\/weltlaeden.de\/osterstrasse\/wp-content\/uploads\/sites\/17\/2021\/03\/Grafik_Frauen-im-Fairen-Handel.jpg 1920w\" sizes=\"auto, (max-width: 1024px) 100vw, 1024px\" \/><p id=\"caption-attachment-1835\" class=\"wp-caption-text\">Kurz\u00fcbersicht: Frauen im Fairen Handel, Quelle: World Fair Trade Organization (WFTO) \/ Forum Fairer Handel<\/p><\/div>\n<p><\/p><\/div>[\/vc_column][\/vc_row][vc_row][vc_column][vc_empty_space][\/vc_column][\/vc_row][vc_row][vc_column][vc_column_text]<\/p>\n<h2><span style=\"color: #000000\"><b>Frauen machen die H\u00e4lfte der Weltbev\u00f6lkerung aus. Dann sollten sie auch mitentscheiden k\u00f6nnen!<\/b><\/span><\/h2>\n<p>Im Mittelpunkt des Fairen Handels stehen der Mensch und eine gleichberechtigte Gesellschaft. In den Grunds\u00e4tzen des Fairen Handels ist die Gleichstellung der Geschlechter, die wirtschaftliche St\u00e4rkung von Frauen und die Nichtdiskriminierung fest verankert. Es wird eine Politik zur F\u00f6rderung der Gleichstellung von M\u00e4nnern und Frauen verfolgt. Diese gew\u00e4hrleistet gleiche Bezahlung f\u00fcr gleiche Arbeit. Frauen erhalten erste oder zus\u00e4tzliche Verdienstm\u00f6glichkeiten. Unbezahlte Arbeit wird in der selbstorganisierten Gruppe zur bezahlten Arbeit. Durch Bildungsma\u00dfnahmen, finanziert \u00fcber die Fair-Handels-Pr\u00e4mien, erhalten Frauen und M\u00e4dchen neue Zukunftschancen. Frauen k\u00f6nnen aktive Mitglieder von Fair-Handels-Organisationen werden. Zudem werden sie best\u00e4rkt, Leitungspositionen innerhalb der Entscheidungsstrukturen einzunehmen.[\/vc_column_text][\/vc_column][\/vc_row][vc_row][vc_column][vc_empty_space][\/vc_column][\/vc_row][vc_row][vc_column width=&#8220;1\/3&#8243;]<div class=\"wl_einzelbild\"><p><\/p>\n<div id=\"attachment_1002\" style=\"width: 730px\" class=\"wp-caption alignleft\"><img loading=\"lazy\" decoding=\"async\" aria-describedby=\"caption-attachment-1002\" class=\"size-full wp-image-1002\" src=\"https:\/\/weltlaeden.de\/osterstrasse\/wp-content\/uploads\/sites\/17\/2019\/10\/16.-September-2019-Faire-Woche-Hamburg-SNK-56-e1570608962598.jpg\" alt=\"\" width=\"720\" height=\"684\" srcset=\"https:\/\/weltlaeden.de\/osterstrasse\/wp-content\/uploads\/sites\/17\/2019\/10\/16.-September-2019-Faire-Woche-Hamburg-SNK-56-e1570608962598.jpg 720w, https:\/\/weltlaeden.de\/osterstrasse\/wp-content\/uploads\/sites\/17\/2019\/10\/16.-September-2019-Faire-Woche-Hamburg-SNK-56-e1570608962598-300x285.jpg 300w\" sizes=\"auto, (max-width: 720px) 100vw, 720px\" \/><p id=\"caption-attachment-1002\" class=\"wp-caption-text\">Dolores Benitez Espinoza von APROLMA aus Honduras zu Besuch in Hamburg (Foto: El Puente \/ Michael Sommer)<\/p><\/div>\n<p><\/p><\/div>[\/vc_column][vc_column width=&#8220;2\/3&#8243;]<blockquote class=\"text-big shortcode-blockquote\"><h2><span style=\"color: #000000\"><em>\u201eEs geht uns darum, unsere Rechte als Frauen einzufordern. Wir haben das Recht, uns zu organisieren, an der Produktion beteiligt zu sein, zum Familieneinkommen beizutragen, einen Zugang zum Markt zu bekommen und dar\u00fcber zu entscheiden, was mit unserem Geld passiert.\u201c<\/em><\/span><\/h2>\n<p style=\"text-align: right\">(Dolores Benitez Espinoza von der Frauenkooperative APROLMA)<\/p>\n<\/blockquote>[\/vc_column][\/vc_row][vc_row][\/vc_row][vc_row][vc_column][vc_empty_space][\/vc_column][\/vc_row][vc_row][vc_column][vc_column_text]Der Faire Handel macht Frauen stark. Er bedeutet f\u00fcr die Produzentinnen in L\u00e4ndern Asiens, Afrikas und Lateinamerikas: mehr Wertsch\u00e4tzung, mehr Unabh\u00e4ngigkeit und mehr Selbstbestimmung.<\/p>\n<p><a href=\"https:\/\/weltlaeden.de\/osterstrasse\/fairer-handel\/fairer-handel-macht-frauen-stark\/aprolma\/\"><strong><span style=\"color: #ff9900\">Lesen Sie hier weiter und erfahren Sie mehr von starken Frauen aus dem Fairen Handel.<\/span><\/strong><\/a><\/p>\n<p>[\/vc_column_text][\/vc_column][\/vc_row][vc_row][vc_column][vc_empty_space][\/vc_column][\/vc_row][vc_row][vc_column][vc_separator][vc_empty_space][vc_column_text]<em>&#8222;FAIRER HANDEL. MACHT. FRAUEN. STARK&#8220; war die Jahreskampagne 2019 des Weltladen Osterstra\u00dfe.<br \/>\nKonzept: Magdalena Gassner<\/em>[\/vc_column_text][vc_empty_space][vc_separator][\/vc_column][\/vc_row][vc_row][vc_column][vc_empty_space][\/vc_column][\/vc_row][vc_row][vc_column][vc_video link=&#8220;https:\/\/www.youtube.com\/watch?v=IG5bg5u0r9U&amp;feature=emb_logo&#8220;][vc_empty_space][vc_column_text]<span style=\"color: #808080\"><em><sup>1<\/sup> \u00a0\u00a0 Fair-Handels-Organisationen \/ -Unternehmen sind gepr\u00fcfte Mitglieder der WFTO.\u00a0Das k\u00f6nnen soziale Unternehmen, Kooperativen, Familienbetriebe und andere soziale Gewerbe sein.<\/em><\/span><\/p>\n<p><span style=\"color: #808080\"><em>___<\/em><\/span><\/p>\n<p><span style=\"color: #808080\"><em>Quelle: Forum Fairer Handel 2019: Gesch\u00e4ftsmodelle, die Frauen st\u00e4rken <\/em><\/span><br \/>\n<span style=\"color: #808080\"><em>(im Original: WFTO-Bericht \u201eBusiness Models that Empower Women\u201d)<\/em><\/span>[\/vc_column_text][\/vc_column][\/vc_row]<\/p>\n<\/div>","protected":false},"excerpt":{"rendered":"<p>[vc_row][vc_column][\/vc_column][\/vc_row][vc_row][vc_column][vc_empty_space][\/vc_column][\/vc_row][vc_row][vc_column][vc_column_text] FAIRER HANDEL. MACHT. FRAUEN. STARK. Der Faire Handel gilt als wegweisend f\u00fcr die Gleichstellung der Geschlechter und das Empowerment von Frauen. Frauen leisten weltweit den Gro\u00dfteil der Erwerbs- und Reproduktionsarbeit. Trotzdem werden sie in vielen Bereichen immer noch strukturell benachteiligt: Sie bekommen f\u00fcr die gleiche Arbeit weniger Lohn als M\u00e4nner. Sie sind seltener in&hellip;<\/p>\n","protected":false},"author":97,"featured_media":1001,"parent":218,"menu_order":11,"comment_status":"closed","ping_status":"closed","template":"","meta":{"footnotes":""},"class_list":["post-1834","page","type-page","status-publish","has-post-thumbnail","hentry","description-off"],"_links":{"self":[{"href":"https:\/\/weltlaeden.de\/osterstrasse\/wp-json\/wp\/v2\/pages\/1834","targetHints":{"allow":["GET"]}}],"collection":[{"href":"https:\/\/weltlaeden.de\/osterstrasse\/wp-json\/wp\/v2\/pages"}],"about":[{"href":"https:\/\/weltlaeden.de\/osterstrasse\/wp-json\/wp\/v2\/types\/page"}],"author":[{"embeddable":true,"href":"https:\/\/weltlaeden.de\/osterstrasse\/wp-json\/wp\/v2\/users\/97"}],"replies":[{"embeddable":true,"href":"https:\/\/weltlaeden.de\/osterstrasse\/wp-json\/wp\/v2\/comments?post=1834"}],"version-history":[{"count":20,"href":"https:\/\/weltlaeden.de\/osterstrasse\/wp-json\/wp\/v2\/pages\/1834\/revisions"}],"predecessor-version":[{"id":3669,"href":"https:\/\/weltlaeden.de\/osterstrasse\/wp-json\/wp\/v2\/pages\/1834\/revisions\/3669"}],"up":[{"embeddable":true,"href":"https:\/\/weltlaeden.de\/osterstrasse\/wp-json\/wp\/v2\/pages\/218"}],"wp:featuredmedia":[{"embeddable":true,"href":"https:\/\/weltlaeden.de\/osterstrasse\/wp-json\/wp\/v2\/media\/1001"}],"wp:attachment":[{"href":"https:\/\/weltlaeden.de\/osterstrasse\/wp-json\/wp\/v2\/media?parent=1834"}],"curies":[{"name":"wp","href":"https:\/\/api.w.org\/{rel}","templated":true}]}}