{"id":1251,"date":"2020-04-03T21:37:28","date_gmt":"2020-04-03T19:37:28","guid":{"rendered":"https:\/\/weltlaeden.de\/osterstrasse\/?page_id=1251"},"modified":"2026-01-30T13:14:09","modified_gmt":"2026-01-30T12:14:09","slug":"lebensmittel","status":"publish","type":"page","link":"https:\/\/weltlaeden.de\/osterstrasse\/produkte\/lebensmittel\/","title":{"rendered":"Lebensmittel"},"content":{"rendered":"<div class=\"wpb-content-wrapper\"><p>[vc_row][vc_column][vc_column_text]<\/p>\n<h1>Ein Einblick in unser Lebensmittelsortiment<\/h1>\n<p>[\/vc_column_text][vc_column_text]Unser Sortiment kommt ausschlie\u00dflich von anerkannten Fair-Handels-Importorganisationen<a href=\"http:\/\/www.wfto.com\" target=\"_blank\" rel=\"www.wfto.com noopener noreferrer\"><img loading=\"lazy\" decoding=\"async\" class=\"alignright wp-image-387\" src=\"https:\/\/weltlaeden.de\/ottensen\/wp-content\/uploads\/sites\/13\/2016\/10\/WFTO-Logo-Internet.jpg\" alt=\"\" width=\"126\" height=\"124\" \/><\/a> wie z.B. GEPA,<br \/>\nEl Puente, WeltPartner, Globo, Contigo, Fairkauf und vielen anderen Lieferant*innen. Alle wurden vom Weltladen-Dachverband auf die Einhaltung der Fair-Handels-Kriterien der World Fair Trade Organization \u00fcberpr\u00fcft.<\/p>\n<p>Unsere <a href=\"https:\/\/weltlaeden.de\/osterstrasse\/produkte\/produkte-des-monats\/\"><strong>Produkte des Monats<\/strong><\/a> zum Kennenlernpreis <a href=\"https:\/\/weltlaeden.de\/osterstrasse\/produkte\/produkte-des-monats\/\">finden Sie hier<\/a>.<\/p>\n<p>&nbsp;<\/p>\n<p><img loading=\"lazy\" decoding=\"async\" class=\"wp-image-3565 alignleft\" src=\"https:\/\/weltlaeden.de\/osterstrasse\/wp-content\/uploads\/sites\/17\/2024\/10\/KaffeeWeb.jpg\" alt=\"\" width=\"283\" height=\"281\" srcset=\"https:\/\/weltlaeden.de\/osterstrasse\/wp-content\/uploads\/sites\/17\/2024\/10\/KaffeeWeb.jpg 567w, https:\/\/weltlaeden.de\/osterstrasse\/wp-content\/uploads\/sites\/17\/2024\/10\/KaffeeWeb-300x297.jpg 300w, https:\/\/weltlaeden.de\/osterstrasse\/wp-content\/uploads\/sites\/17\/2024\/10\/KaffeeWeb-150x150.jpg 150w\" sizes=\"auto, (max-width: 283px) 100vw, 283px\" \/><\/p>\n<p>Wir bieten ein breit gef\u00e4chertes Angebot an <strong>Espresso- und Kaffeesorten,<\/strong> als Bohne und gemahlen, rein Arabica oder Robusta oder gemischt, aus aller Welt.<\/p>\n<p>&nbsp;<\/p>\n<p>&nbsp;<\/p>\n<p>&nbsp;<\/p>\n<p>&nbsp;<\/p>\n<p>&nbsp;<\/p>\n<p>&nbsp;<\/p>\n<p>&nbsp;<\/p>\n<p>&nbsp;<\/p>\n<p>&nbsp;<\/p>\n<p><img loading=\"lazy\" decoding=\"async\" class=\"wp-image-3568 alignleft\" src=\"https:\/\/weltlaeden.de\/osterstrasse\/wp-content\/uploads\/sites\/17\/2024\/10\/TEEWEB.png\" alt=\"\" width=\"284\" height=\"282\" srcset=\"https:\/\/weltlaeden.de\/osterstrasse\/wp-content\/uploads\/sites\/17\/2024\/10\/TEEWEB.png 567w, https:\/\/weltlaeden.de\/osterstrasse\/wp-content\/uploads\/sites\/17\/2024\/10\/TEEWEB-300x297.png 300w, https:\/\/weltlaeden.de\/osterstrasse\/wp-content\/uploads\/sites\/17\/2024\/10\/TEEWEB-150x150.png 150w\" sizes=\"auto, (max-width: 284px) 100vw, 284px\" \/><\/p>\n<p>Es gibt zahlreiche <strong>Teesorten,<\/strong> lose oder als Teebeutel: Schwarztee, Gr\u00fcntee oder Wei\u00dftee, aromatisierte Tees, Kr\u00e4utertees und Matetee.<\/p>\n<p>&nbsp;<\/p>\n<p>&nbsp;<\/p>\n<p>&nbsp;<\/p>\n<p>&nbsp;<\/p>\n<p>&nbsp;<\/p>\n<p>&nbsp;<\/p>\n<p>&nbsp;<\/p>\n<p>&nbsp;<\/p>\n<p>&nbsp;<\/p>\n<p><img loading=\"lazy\" decoding=\"async\" class=\"wp-image-3566 alignleft\" src=\"https:\/\/weltlaeden.de\/osterstrasse\/wp-content\/uploads\/sites\/17\/2024\/10\/MarmeladeWeb.jpg\" alt=\"\" width=\"285\" height=\"282\" srcset=\"https:\/\/weltlaeden.de\/osterstrasse\/wp-content\/uploads\/sites\/17\/2024\/10\/MarmeladeWeb.jpg 567w, https:\/\/weltlaeden.de\/osterstrasse\/wp-content\/uploads\/sites\/17\/2024\/10\/MarmeladeWeb-300x297.jpg 300w\" sizes=\"auto, (max-width: 285px) 100vw, 285px\" \/><\/p>\n<p>Sie finden ein kleines Angebot an <strong>Marmeladen, Schokoaufstrichen und Honigsorten<\/strong> in unterschiedlicher Gr\u00f6\u00dfe f\u00fcr das gem\u00fctliche Fr\u00fchst\u00fcck.<\/p>\n<p>&nbsp;<\/p>\n<p>&nbsp;<\/p>\n<p>&nbsp;<\/p>\n<p>&nbsp;<\/p>\n<p>&nbsp;<\/p>\n<p>&nbsp;<\/p>\n<p>&nbsp;<\/p>\n<p>&nbsp;<\/p>\n<p>&nbsp;<\/p>\n<p><img loading=\"lazy\" decoding=\"async\" class=\"wp-image-3567 alignleft\" src=\"https:\/\/weltlaeden.de\/osterstrasse\/wp-content\/uploads\/sites\/17\/2024\/10\/MittagWeb.jpg\" alt=\"\" width=\"287\" height=\"284\" srcset=\"https:\/\/weltlaeden.de\/osterstrasse\/wp-content\/uploads\/sites\/17\/2024\/10\/MittagWeb.jpg 567w, https:\/\/weltlaeden.de\/osterstrasse\/wp-content\/uploads\/sites\/17\/2024\/10\/MittagWeb-300x297.jpg 300w\" sizes=\"auto, (max-width: 287px) 100vw, 287px\" \/>Verschiedene <strong>Reissorten und H\u00fclsenfr\u00fcchte<\/strong> k\u00f6nnen durch eine <strong>Vielzahl an Gew\u00fcrzen und Gew\u00fcrzmischungen<\/strong> verfeinert werden.<\/p>\n<p>&nbsp;<\/p>\n<p>&nbsp;<\/p>\n<p>&nbsp;<\/p>\n<p>&nbsp;<\/p>\n<p>&nbsp;<\/p>\n<p>&nbsp;<\/p>\n<p>&nbsp;<\/p>\n<p>&nbsp;<\/p>\n<p>&nbsp;<\/p>\n<p><img loading=\"lazy\" decoding=\"async\" class=\" wp-image-3817 alignleft\" src=\"https:\/\/weltlaeden.de\/osterstrasse\/wp-content\/uploads\/sites\/17\/2025\/01\/WL_Naschkatzen_02.png\" alt=\"\" width=\"290\" height=\"287\" srcset=\"https:\/\/weltlaeden.de\/osterstrasse\/wp-content\/uploads\/sites\/17\/2025\/01\/WL_Naschkatzen_02.png 567w, https:\/\/weltlaeden.de\/osterstrasse\/wp-content\/uploads\/sites\/17\/2025\/01\/WL_Naschkatzen_02-300x297.png 300w\" sizes=\"auto, (max-width: 290px) 100vw, 290px\" \/>Unz\u00e4hlige Sorten an <strong>Schokolade<\/strong> (zum Teil vegan), <strong>Kekse, Fruchtgummis <\/strong>und<strong> Riegel<\/strong> warten auf die Naschkatzen.<\/p>\n<p>&nbsp;<\/p>\n<p>&nbsp;<\/p>\n<p>&nbsp;<\/p>\n<p>&nbsp;<\/p>\n<p>&nbsp;<\/p>\n<p>&nbsp;<\/p>\n<p>&nbsp;<\/p>\n<p>&nbsp;<\/p>\n<p>&nbsp;<\/p>\n<p><img loading=\"lazy\" decoding=\"async\" class=\"wp-image-3800 alignleft\" src=\"https:\/\/weltlaeden.de\/osterstrasse\/wp-content\/uploads\/sites\/17\/2025\/01\/WL_Nuesse.png\" alt=\"\" width=\"289\" height=\"286\" srcset=\"https:\/\/weltlaeden.de\/osterstrasse\/wp-content\/uploads\/sites\/17\/2025\/01\/WL_Nuesse.png 567w, https:\/\/weltlaeden.de\/osterstrasse\/wp-content\/uploads\/sites\/17\/2025\/01\/WL_Nuesse-300x297.png 300w\" sizes=\"auto, (max-width: 289px) 100vw, 289px\" \/><strong>Trockenfr\u00fcchte<\/strong> und <strong>N\u00fcsse<\/strong> \u2013 eine gesunde Nascherei.<\/p>\n<p>&nbsp;<\/p>\n<p>&nbsp;<\/p>\n<p>&nbsp;<\/p>\n<p>&nbsp;<\/p>\n<p>&nbsp;<\/p>\n<p>&nbsp;<\/p>\n<p>&nbsp;<\/p>\n<p>&nbsp;<\/p>\n<p>&nbsp;<\/p>\n<p><strong><img loading=\"lazy\" decoding=\"async\" class=\" wp-image-3813 alignleft\" src=\"https:\/\/weltlaeden.de\/osterstrasse\/wp-content\/uploads\/sites\/17\/2025\/01\/WL_KnabbernParty.png\" alt=\"\" width=\"291\" height=\"288\" srcset=\"https:\/\/weltlaeden.de\/osterstrasse\/wp-content\/uploads\/sites\/17\/2025\/01\/WL_KnabbernParty.png 567w, https:\/\/weltlaeden.de\/osterstrasse\/wp-content\/uploads\/sites\/17\/2025\/01\/WL_KnabbernParty-300x297.png 300w\" sizes=\"auto, (max-width: 291px) 100vw, 291px\" \/>Rot-<\/strong> und <strong>Wei\u00dfweine<\/strong> verschiedener Rebsorten, <strong>Rum, Sekt, Limonaden<\/strong> und<strong> S\u00e4fte<\/strong> sowie <strong>Knabbereien<\/strong> versch\u00f6nern jede Party.<\/p>\n<p>&nbsp;<\/p>\n<p>&nbsp;<\/p>\n<p>&nbsp;<\/p>\n<p>&nbsp;<\/p>\n<p>&nbsp;<\/p>\n<p>&nbsp;<\/p>\n<p>&nbsp;<\/p>\n<p>&nbsp;<\/p>\n<p>&nbsp;<\/p>\n<p>&nbsp;<\/p>\n<p>[\/vc_column_text][\/vc_column][\/vc_row][vc_row][vc_column][vc_column_text]Transparenz und langfristige Handelsbeziehungen sind wichtige Merkmale des Fairen Handels. Im globalen Handel ist es etwas Besonderes, die Menschen hinter den Produkten kennenlernen zu k\u00f6nnen. Erfahren Sie, wo, von wem und wie unsere besonderen Lebensmittel hergestellt werden.[\/vc_column_text][\/vc_column][\/vc_row][vc_row][vc_column][vc_empty_space height=&#8220;20px&#8220;][\/vc_column][\/vc_row][vc_row][vc_column][vc_column_text]<\/p>\n<h2>Die Rooibos-Revolution von Heiveld aus S\u00fcdafrika<\/h2>\n<p>[\/vc_column_text][vc_row_inner][vc_column_inner width=&#8220;1\/3&#8243;]<div class=\"wl_einzelbild\"><p><a href=\"https:\/\/weltlaeden.de\/osterstrasse\/produkte\/lebensmittel\/heiveld\/\"><img loading=\"lazy\" decoding=\"async\" class=\"aligncenter\" src=\"https:\/\/weltlaeden.de\/vorlagensammlung\/wp-content\/uploads\/sites\/3\/2020\/11\/Heiveld-1_K.-Kotze_Quelle_Albert-Retief_1200x800-300x200.jpg\" alt=\"\" width=\"300\" height=\"200\" \/><\/a><\/p><\/div>[\/vc_column_inner][vc_column_inner width=&#8220;2\/3&#8243;][vc_column_text]Die Zederberge in S\u00fcdafrika sind hei\u00df und trocken \u2013 diese karge Landschaft ist der einzige Ort auf der Welt, an dem Rooibos w\u00e4chst. Dort haben sich in der Heiveld-Kooperative 70 B\u00e4uerinnen und Bauern zusammengeschlossen, um auf ihrem eigenen Land biologisch angebauten Rooibos-Tee zu produzieren. <a href=\"https:\/\/weltlaeden.de\/osterstrasse\/produkte\/lebensmittel\/heiveld\/\">Erfahren Sie mehr&#8230;<\/a>[\/vc_column_text][\/vc_column_inner][\/vc_row_inner][vc_empty_space][vc_column_text]<\/p>\n<h2>Guter Kaffee von APROLMA aus Honduras<\/h2>\n<p>[\/vc_column_text][vc_row_inner][vc_column_inner width=&#8220;1\/3&#8243;]<div class=\"wl_einzelbild\"><p><a href=\"https:\/\/weltlaeden.de\/osterstrasse\/produkte\/lebensmittel\/aprolma\/\"><img loading=\"lazy\" decoding=\"async\" class=\"aligncenter\" src=\"https:\/\/weltlaeden.de\/vorlage\/wp-content\/uploads\/sites\/3\/2020\/10\/APROLMA-1_R\u00f6stmeisterinnen_Quelle_GEPA-A.-Welsing-300x169.jpg\" alt=\"\" width=\"300\" height=\"169\" \/><\/a><\/p><\/div>[\/vc_column_inner][vc_column_inner width=&#8220;2\/3&#8243;][vc_column_text]Wir k\u00f6nnen auch anders! \u2013 das k\u00f6nnte das Motto von APROLMA sein. Zwei Besonderheiten zeichnen diese Kaffeekooperative in Honduras aus: Nur Frauen k\u00f6nnen Mitglied werden und der Kaffee wird vor Ort von den eigens ausgebildeten R\u00f6stmeisterinnen ger\u00f6stet und verpackt. <a href=\"https:\/\/weltlaeden.de\/osterstrasse\/produkte\/lebensmittel\/aprolma\/\">Erfahren Sie mehr&#8230;<\/a>[\/vc_column_text][\/vc_column_inner][\/vc_row_inner][vc_empty_space][vc_column_text]<\/p>\n<h2>fairafric: Schokolade made in Ghana<\/h2>\n<p>[\/vc_column_text][vc_row_inner][vc_column_inner width=&#8220;1\/3&#8243;]<div class=\"wl_einzelbild\"><p><a href=\"https:\/\/weltlaeden.de\/osterstrasse\/produkte\/lebensmittel\/fairafric\/\"><img loading=\"lazy\" decoding=\"async\" class=\"aligncenter\" src=\"https:\/\/weltlaeden.de\/vorlagensammlung\/wp-content\/uploads\/sites\/3\/2021\/02\/fairafric-1_Team-Schokotisch_Quelle_fairafric_1200x800-300x200.jpg\" alt=\"\" width=\"300\" height=\"200\" \/><\/a><\/p><\/div>[\/vc_column_inner][vc_column_inner width=&#8220;2\/3&#8243;][vc_column_text]Ghana ist eines der f\u00fchrenden Anbau- und Exportl\u00e4nder von Rohkakao, Schokolade wird dort bisher allerdings kaum produziert. Ein Gro\u00dfteil der Wertsch\u00f6pfung geschieht bei der Verarbeitung in Europa, w\u00e4hrend viele Kakaofarmer*innen in Armut leben. Das deutsch-ghanaische Unternehmen fairafric ist angetreten, das zu \u00e4ndern. <a href=\"https:\/\/weltlaeden.de\/osterstrasse\/produkte\/lebensmittel\/fairafric\/\">Erfahren Sie mehr&#8230;<\/a>[\/vc_column_text][\/vc_column_inner][\/vc_row_inner][vc_empty_space][\/vc_column][\/vc_row][vc_row][\/vc_row][vc_column][\/vc_column][vc_column_text]<\/p>\n<h2>Gew\u00fcrzmischungen &amp; Co von Turqle Trading in S\u00fcdafrika<\/h2>\n<p>[\/vc_column_text][vc_row_inner][vc_column_inner width=&#8220;1\/3&#8243;]<div class=\"wl_einzelbild\"><p><a href=\"https:\/\/weltlaeden.de\/osterstrasse\/produkte\/lebensmittel\/turqle-trading\/\"><img loading=\"lazy\" decoding=\"async\" class=\"aligncenter\" src=\"https:\/\/weltlaeden.de\/vorlagensammlung\/wp-content\/uploads\/sites\/3\/2021\/05\/Turqle-Trading-II_Laodicea-Okkers_Quelle_St.-Louis_600x400-300x200.jpg\" alt=\"\" width=\"300\" height=\"200\" \/><\/a><\/p><\/div>[\/vc_column_inner][vc_column_inner width=&#8220;2\/3&#8243;][vc_column_text css=&#8220;.vc_custom_1647179712929{background-color: #ffffff !important;border-radius: 2px !important;}&#8220;]Sonnengereifte Tomaten, feurige Chilis und aromatische Gew\u00fcrze sind das Erfolgsrezept von Turqle Trading. Die Organisation unterst\u00fctzt kleine Betriebe beim Export verarbeiteter Lebensmittel und schafft so zukunftsf\u00e4hige Arbeitspl\u00e4tze und mehr lokale Wertsch\u00f6pfung. <a href=\"https:\/\/weltlaeden.de\/osterstrasse\/produkte\/lebensmittel\/turqle-trading\/\">Erfahren Sie mehr &#8230;<\/a>[\/vc_column_text][\/vc_column_inner][\/vc_row_inner][vc_empty_space][vc_column_text]<\/p>\n<h2>Feinkost von Canaan Fair Trade in Pal\u00e4stina<\/h2>\n<p>[\/vc_column_text][vc_row_inner][vc_column_inner width=&#8220;1\/3&#8243;]<div class=\"wl_einzelbild\"><p><a href=\"https:\/\/weltlaeden.de\/osterstrasse\/produkte\/lebensmittel\/canaan\/\"><img loading=\"lazy\" decoding=\"async\" class=\"alignleft\" src=\"https:\/\/weltlaeden.de\/vorlagensammlung\/wp-content\/uploads\/sites\/3\/2021\/08\/Canaan-I_Familie-Jarar_Quelle_WeltPartner-eG_1200x800-300x200.jpg\" alt=\"Die Familie von Abu Mahmoud Jarar in ihrem Olivenhain. \" width=\"300\" height=\"200\" \/><\/a><\/p><\/div>[\/vc_column_inner][vc_column_inner width=&#8220;2\/3&#8243;][vc_column_text]Die knorrigen, widerstandsf\u00e4higen Olivenb\u00e4ume pr\u00e4gen die Landschaft in Pal\u00e4stina. Aus ihren Fr\u00fcchten stellen die Produzent*innen von Canaan Fair Trade k\u00f6stliches Oliven\u00f6l der h\u00f6chsten G\u00fcteklasse her und erschaffen so Perspektiven f\u00fcr ein selbstbestimmtes Leben. <a href=\"https:\/\/weltlaeden.de\/osterstrasse\/produkte\/lebensmittel\/canaan\/\">Erfahren Sie mehr &#8230;<\/a>[\/vc_column_text][\/vc_column_inner][\/vc_row_inner][vc_empty_space][vc_column_text]<\/p>\n<h2>Darjeeling Tee von Tea Promoters India<\/h2>\n<p>[\/vc_column_text][vc_row_inner][vc_column_inner width=&#8220;1\/3&#8243;]<div class=\"wl_einzelbild\"><p><\/p>\n<p><a href=\"https:\/\/weltlaeden.de\/osterstrasse\/produkte\/lebensmittel\/tpi\/\"><img loading=\"lazy\" decoding=\"async\" class=\"size-full wp-image-1717\" src=\"https:\/\/weltlaeden.de\/osterstrasse\/wp-content\/uploads\/sites\/17\/2021\/01\/csm_Bhawana-Rai-Portraet_big_c0be20a08c.jpg\" alt=\"\" width=\"1100\" height=\"619\" \/><\/a><\/p><\/div>[\/vc_column_inner][vc_column_inner width=&#8220;2\/3&#8243;][vc_column_text]TPI (Tea Promoters India) ist der Pionier im Bio-Anbau von Tee und bei der Mitbestimmung der Teearbeiter*innen in den Teeg\u00e4rten. Der Teegarten Samabeong in Darjeeling ist wohl der einzige Teegarten Indiens, der von einer Frau geleitet wird. Frauen Aufstiegsm\u00f6glichkeiten zu geben, geh\u00f6rt zur Firmenpolitik bei TPI, ebenso wie die Mitarbeiter*innen ins Management miteinzubeziehen. <a href=\"https:\/\/weltlaeden.de\/osterstrasse\/produkte\/lebensmittel\/tpi\/\">Erfahren Sie mehr &#8230;<\/a>[\/vc_column_text][\/vc_column_inner][\/vc_row_inner][vc_empty_space][vc_column_text]<\/p>\n<h2>Feinste Dattel-Tr\u00fcffel von SEKEM aus \u00c4gypten<\/h2>\n<p>[\/vc_column_text][vc_row_inner][vc_column_inner width=&#8220;1\/3&#8243;]<div class=\"wl_einzelbild\"><p><img loading=\"lazy\" decoding=\"async\" class=\"alignnone wp-image-1093\" src=\"https:\/\/weltlaeden.de\/osterstrasse\/wp-content\/uploads\/sites\/17\/2019\/11\/Datteltr\u00fcffel_Flyer2_ElPuente-e1572623185415.jpg\" alt=\"\" width=\"1253\" height=\"868\" srcset=\"https:\/\/weltlaeden.de\/osterstrasse\/wp-content\/uploads\/sites\/17\/2019\/11\/Datteltr\u00fcffel_Flyer2_ElPuente-e1572623185415.jpg 1253w, https:\/\/weltlaeden.de\/osterstrasse\/wp-content\/uploads\/sites\/17\/2019\/11\/Datteltr\u00fcffel_Flyer2_ElPuente-e1572623185415-300x208.jpg 300w, https:\/\/weltlaeden.de\/osterstrasse\/wp-content\/uploads\/sites\/17\/2019\/11\/Datteltr\u00fcffel_Flyer2_ElPuente-e1572623185415-768x532.jpg 768w, https:\/\/weltlaeden.de\/osterstrasse\/wp-content\/uploads\/sites\/17\/2019\/11\/Datteltr\u00fcffel_Flyer2_ElPuente-e1572623185415-1024x709.jpg 1024w\" sizes=\"auto, (max-width: 1253px) 100vw, 1253px\" \/><\/p><\/div>[\/vc_column_inner][vc_column_inner width=&#8220;2\/3&#8243;][vc_column_text]Als \u00fcberzeugter Verfechter der biologischen Landwirtschaft gr\u00fcndete Ibrahim Abouleish eine Organisation, die auf nachhaltige Landwirtschaft setzt und gleichzeitig einen Ort f\u00fcr gesellschaftliches und kulturelles Leben bietet. Er begann die karge W\u00fcste landwirtschaftlich zu nutzen und SEKEM wurde Dach f\u00fcr viele Produzent*innengruppen. <a href=\"https:\/\/weltlaeden.de\/osterstrasse\/produkte\/lebensmittel\/sekem\/\">Erfahren Sie mehr&#8230;<\/a>[\/vc_column_text][\/vc_column_inner][\/vc_row_inner][vc_empty_space][vc_column_text]<\/p>\n<p>&nbsp;<\/p>\n<h2>Duftreis &#8222;Hom Mali&#8220; von Green Net aus Thailand<\/h2>\n<p>[vc_row_inner][vc_column_inner width=&#8220;1\/3&#8243;]<div class=\"wl_einzelbild\"><p><a href=\"https:\/\/weltlaeden.de\/osterstrasse\/produkte\/lebensmittel\/green-net\/\"><img loading=\"lazy\" decoding=\"async\" class=\"size-medium wp-image-1418\" src=\"https:\/\/weltlaeden.de\/osterstrasse\/wp-content\/uploads\/sites\/17\/2020\/06\/IMG_7678_aw-300x200.jpg\" alt=\"\" width=\"300\" height=\"200\" srcset=\"https:\/\/weltlaeden.de\/osterstrasse\/wp-content\/uploads\/sites\/17\/2020\/06\/IMG_7678_aw-300x200.jpg 300w, https:\/\/weltlaeden.de\/osterstrasse\/wp-content\/uploads\/sites\/17\/2020\/06\/IMG_7678_aw-768x512.jpg 768w, https:\/\/weltlaeden.de\/osterstrasse\/wp-content\/uploads\/sites\/17\/2020\/06\/IMG_7678_aw.jpg 900w\" sizes=\"auto, (max-width: 300px) 100vw, 300px\" \/><\/a><\/p><\/div>[\/vc_column_inner][vc_column_inner width=&#8220;2\/3&#8243;][vc_column_text]\u200bGreen Net ist Mitbegr\u00fcnderin der thail\u00e4ndischen Bio-Zertifizierungsorganisation. Die Kooperative ist weltweit sehr aktiv in der Lobby- und Kampagnenarbeit. Ihre B\u00e4uer*innen pflanzen standortgerechte, robuste Reissorten wie Hom Mali an. <a href=\"https:\/\/weltlaeden.de\/osterstrasse\/produkte\/lebensmittel\/green-net\/\">Erfahren Sie mehr&#8230;<\/a>[\/vc_column_text][\/vc_column_inner][\/vc_row_inner][vc_empty_space][vc_column][vc_column_text]<\/p>\n<h2>Philippinische Mango-Produkte von PREDA<\/h2>\n<p>[vc_row_inner][vc_column_inner width=&#8220;1\/3&#8243;]<div class=\"wl_einzelbild\"><p><\/p>\n<p><a href=\"https:\/\/weltlaeden.de\/osterstrasse\/produkte\/lebensmittel\/preda\/\"><img loading=\"lazy\" decoding=\"async\" class=\"size-medium wp-image-1456\" src=\"https:\/\/weltlaeden.de\/osterstrasse\/wp-content\/uploads\/sites\/17\/2020\/08\/PREDA_Mangoernte-300x200.jpg\" alt=\"\" width=\"300\" height=\"200\" srcset=\"https:\/\/weltlaeden.de\/osterstrasse\/wp-content\/uploads\/sites\/17\/2020\/08\/PREDA_Mangoernte-300x200.jpg 300w, https:\/\/weltlaeden.de\/osterstrasse\/wp-content\/uploads\/sites\/17\/2020\/08\/PREDA_Mangoernte-768x512.jpg 768w, https:\/\/weltlaeden.de\/osterstrasse\/wp-content\/uploads\/sites\/17\/2020\/08\/PREDA_Mangoernte-1024x683.jpg 1024w, https:\/\/weltlaeden.de\/osterstrasse\/wp-content\/uploads\/sites\/17\/2020\/08\/PREDA_Mangoernte.jpg 1920w\" sizes=\"auto, (max-width: 300px) 100vw, 300px\" \/><\/a><\/p><\/div>[\/vc_column_inner][vc_column_inner width=&#8220;2\/3&#8243;][vc_column_text]Das Mango-Projekt von PREDA und WeltPartner bietet \u00fcber 500 Kleinb\u00e4uer*innen und deren Kindern auf den Philippinen eine Perspektive. \u201eVom Erl\u00f6s der Ernte eines gr\u00f6\u00dferen Mangobaumes k\u00f6nnen zwei Kinder ein Jahr zur Schule geschickt werden\u201c, sagt Pater Shay Cullen von PREDA. <a href=\"https:\/\/weltlaeden.de\/osterstrasse\/produkte\/lebensmittel\/preda\/\">Erfahren Sie mehr&#8230;<\/a>[\/vc_column_text][vc_empty_space][\/vc_column][vc_column_text]<\/p>\n<\/div>","protected":false},"excerpt":{"rendered":"<p>[vc_row][vc_column][vc_column_text] Ein Einblick in unser Lebensmittelsortiment [\/vc_column_text][vc_column_text]Unser Sortiment kommt ausschlie\u00dflich von anerkannten Fair-Handels-Importorganisationen wie z.B. GEPA, El Puente, WeltPartner, Globo, Contigo, Fairkauf und vielen anderen Lieferant*innen. Alle wurden vom Weltladen-Dachverband auf die Einhaltung der Fair-Handels-Kriterien der World Fair Trade Organization \u00fcberpr\u00fcft. Unsere Produkte des Monats zum Kennenlernpreis finden Sie hier. &nbsp; Wir bieten ein breit&hellip;<\/p>\n","protected":false},"author":97,"featured_media":1585,"parent":217,"menu_order":0,"comment_status":"closed","ping_status":"closed","template":"","meta":{"footnotes":""},"class_list":["post-1251","page","type-page","status-publish","has-post-thumbnail","hentry","description-off"],"_links":{"self":[{"href":"https:\/\/weltlaeden.de\/osterstrasse\/wp-json\/wp\/v2\/pages\/1251","targetHints":{"allow":["GET"]}}],"collection":[{"href":"https:\/\/weltlaeden.de\/osterstrasse\/wp-json\/wp\/v2\/pages"}],"about":[{"href":"https:\/\/weltlaeden.de\/osterstrasse\/wp-json\/wp\/v2\/types\/page"}],"author":[{"embeddable":true,"href":"https:\/\/weltlaeden.de\/osterstrasse\/wp-json\/wp\/v2\/users\/97"}],"replies":[{"embeddable":true,"href":"https:\/\/weltlaeden.de\/osterstrasse\/wp-json\/wp\/v2\/comments?post=1251"}],"version-history":[{"count":53,"href":"https:\/\/weltlaeden.de\/osterstrasse\/wp-json\/wp\/v2\/pages\/1251\/revisions"}],"predecessor-version":[{"id":3818,"href":"https:\/\/weltlaeden.de\/osterstrasse\/wp-json\/wp\/v2\/pages\/1251\/revisions\/3818"}],"up":[{"embeddable":true,"href":"https:\/\/weltlaeden.de\/osterstrasse\/wp-json\/wp\/v2\/pages\/217"}],"wp:featuredmedia":[{"embeddable":true,"href":"https:\/\/weltlaeden.de\/osterstrasse\/wp-json\/wp\/v2\/media\/1585"}],"wp:attachment":[{"href":"https:\/\/weltlaeden.de\/osterstrasse\/wp-json\/wp\/v2\/media?parent=1251"}],"curies":[{"name":"wp","href":"https:\/\/api.w.org\/{rel}","templated":true}]}}