{"id":915,"date":"2022-02-11T13:51:38","date_gmt":"2022-02-11T12:51:38","guid":{"rendered":"https:\/\/weltlaeden.de\/osnabrueck\/?page_id=915"},"modified":"2022-02-14T17:42:53","modified_gmt":"2022-02-14T16:42:53","slug":"petitionen-unterzeichnen","status":"publish","type":"page","link":"https:\/\/weltlaeden.de\/osnabrueck\/aktiv-werden\/petitionen-unterzeichnen\/","title":{"rendered":"Petitionen unterzeichnen"},"content":{"rendered":"<div class=\"wpb-content-wrapper\"><p>[vc_row][vc_column width=&#8220;1\/2&#8243;]<div class=\"wl_einzelbild\"><p><img loading=\"lazy\" decoding=\"async\" class=\"alignnone size-full wp-image-935\" src=\"https:\/\/weltlaeden.de\/osnabrueck\/wp-content\/uploads\/sites\/56\/2022\/02\/Radentscheid_Osnabrueck_.png\" alt=\"\" width=\"266\" height=\"108\" \/><\/p><\/div><style type=\"text\/css\" data-type=\"the7_shortcodes-inline-css\">#default-btn-0fcfac36b137ee05b7aceae92feb6282.ico-right-side > i {\n  margin-right: 0px;\n  margin-left: 8px;\n}\n#default-btn-0fcfac36b137ee05b7aceae92feb6282 > i {\n  margin-right: 8px;\n}<\/style><a href=\"https:\/\/radentscheid-os.de\/\" class=\"default-btn-shortcode dt-btn dt-btn-s link-hover-off btn-inline-left \" id=\"default-btn-0fcfac36b137ee05b7aceae92feb6282\"><span>Zur Petition<\/span><\/a>[\/vc_column][vc_column width=&#8220;1\/2&#8243;][vc_column_text]Das Ziel des Radentscheids ist die Verbesserung der Lebensqualit\u00e4t in Osnabr\u00fcck. Das wird durch<\/p>\n<ul>\n<li>die Ausbauung des Radverkehrsnetzes<\/li>\n<li>die Anlegung sicherer Radwege an Hauptstra\u00dfen<\/li>\n<li>der sicheren Gestaltung an Kreuzungen<\/li>\n<li>der Ausbauung der Fahrradstellpl\u00e4tze<\/li>\n<li>und der konsequenten und transparenten F\u00f6rderung der Mobilit\u00e4tswende geschehen<\/li>\n<\/ul>\n<p>[\/vc_column_text][\/vc_column][\/vc_row][vc_row][vc_column][vc_separator color=&#8220;custom&#8220; accent_color=&#8220;#f39800&#8243;][\/vc_column][\/vc_row][vc_row][vc_column width=&#8220;1\/2&#8243;]<div class=\"wl_einzelbild\"><p><img loading=\"lazy\" decoding=\"async\" class=\"alignnone size-full wp-image-940\" src=\"https:\/\/weltlaeden.de\/osnabrueck\/wp-content\/uploads\/sites\/56\/2022\/02\/amnesty.png\" alt=\"\" width=\"266\" height=\"98\" \/><\/p><\/div><style type=\"text\/css\" data-type=\"the7_shortcodes-inline-css\">#default-btn-ff950117364b0f5e7a5edfc37b710bf9.ico-right-side > i {\n  margin-right: 0px;\n  margin-left: 8px;\n}\n#default-btn-ff950117364b0f5e7a5edfc37b710bf9 > i {\n  margin-right: 8px;\n}<\/style><a href=\"https:\/\/www.amnesty.de\/mitmachen\/petitionen\" class=\"default-btn-shortcode dt-btn dt-btn-s link-hover-off btn-inline-left \" id=\"default-btn-ff950117364b0f5e7a5edfc37b710bf9\"><span>Zur Petition<\/span><\/a>[\/vc_column][vc_column width=&#8220;1\/2&#8243;][vc_column_text]Amnesty International k\u00e4mpft Tag f\u00fcr Tag f\u00fcr mehr Menschenrechte in der Welt. In ihrer neuesten Kampagne fordern sie die Freilassung des investigativen Journalisten Zhang Zhan aus chinesischer Haft. Zhang Zhan gab der Welt aus dem Innersten Chinas beste Einblicke in den Ausbruch des Coronavirus in China. Sie beweiste ihren gro\u00dfen Mut durch die Ver\u00f6ffentlichung ihrer Berichte im Internet, deshalb fordern wir ihre Freiheit.[\/vc_column_text][\/vc_column][\/vc_row][vc_row][vc_column][vc_separator color=&#8220;custom&#8220; accent_color=&#8220;#f39800&#8243;][\/vc_column][\/vc_row][vc_row][vc_column width=&#8220;1\/2&#8243;]<div class=\"wl_einzelbild\"><p><img loading=\"lazy\" decoding=\"async\" class=\"alignnone size-full wp-image-942\" src=\"https:\/\/weltlaeden.de\/osnabrueck\/wp-content\/uploads\/sites\/56\/2022\/02\/gruenefinger.jpg\" alt=\"\" width=\"266\" height=\"189\" \/><\/p><\/div><style type=\"text\/css\" data-type=\"the7_shortcodes-inline-css\">#default-btn-0619fef55287538985d8eac8e80f33a5.ico-right-side > i {\n  margin-right: 0px;\n  margin-left: 8px;\n}\n#default-btn-0619fef55287538985d8eac8e80f33a5 > i {\n  margin-right: 8px;\n}<\/style><a href=\"https:\/\/gruene-finger.de\/\" class=\"default-btn-shortcode dt-btn dt-btn-s link-hover-off btn-inline-left \" id=\"default-btn-0619fef55287538985d8eac8e80f33a5\"><span>Zur Website<\/span><\/a>[\/vc_column][vc_column width=&#8220;1\/2&#8243;][vc_column_text]In den 1920er Jahren wurden die Gr\u00fcnen Finger in Osnabr\u00fcck ins Leben gerufen. Die Gr\u00fcnen Finger sind gro\u00dfe Gr\u00fcnfl\u00e4chen, die wie Finger in unsere Stadt ragen und uns dadurch viel bringen. Sie sind:<\/p>\n<ul>\n<li>Erholungsfl\u00e4chen<\/li>\n<li>Bek\u00e4mpfer von Unwettern<\/li>\n<li>Lebensraum f\u00fcr Tiere<\/li>\n<li>Sauerstoffspender<\/li>\n<\/ul>\n<p>Lasst uns zusammen unsere Natur retten![\/vc_column_text][\/vc_column][\/vc_row][vc_row][vc_column][vc_separator color=&#8220;custom&#8220; accent_color=&#8220;#f39800&#8243;][\/vc_column][\/vc_row][vc_row][vc_column width=&#8220;1\/2&#8243;]<div class=\"wl_einzelbild\"><p><img loading=\"lazy\" decoding=\"async\" class=\"alignnone size-full wp-image-937\" src=\"https:\/\/weltlaeden.de\/osnabrueck\/wp-content\/uploads\/sites\/56\/2022\/02\/eu.jpg\" alt=\"\" width=\"266\" height=\"150\" \/><\/p><\/div><style type=\"text\/css\" data-type=\"the7_shortcodes-inline-css\">#default-btn-8881591bacecc7f831984f598e1b180f.ico-right-side > i {\n  margin-right: 0px;\n  margin-left: 8px;\n}\n#default-btn-8881591bacecc7f831984f598e1b180f > i {\n  margin-right: 8px;\n}<\/style><a href=\"https:\/\/lieferkettengesetz.de\/\" class=\"default-btn-shortcode dt-btn dt-btn-s link-hover-off btn-inline-left \" id=\"default-btn-8881591bacecc7f831984f598e1b180f\"><span>Zur Petition<\/span><\/a>[\/vc_column][vc_column width=&#8220;1\/2&#8243;][vc_column_text]Ein EU-Lieferkettengesetz muss jetzt in Kraft treten, da sind sich fast alle einig. Sogar gro\u00dfe Unternehmen wie IKEA und Jack Wolfskin geh\u00f6ren zu einem Zusammenschluss, der ein Lieferkettengesetz unterst\u00fctzt und auch die neu gew\u00e4hlte Bundesregierung von Deutschland verspricht im Koalitionsvertrag die Einf\u00fchrung eines &#8222;wirksamen&#8220; Lieferkettengesetzes. Eines ist klar: Das Lieferkettengesetz w\u00fcrde Ausbeutung und das verantwortungslosen Benehmen vieler Firmen effektiv unnterbinden.[\/vc_column_text][\/vc_column][\/vc_row][vc_row][vc_column][vc_separator color=&#8220;custom&#8220; accent_color=&#8220;#f39800&#8243;][\/vc_column][\/vc_row]<\/p>\n<\/div>","protected":false},"excerpt":{"rendered":"<p>[vc_row][vc_column width=&#8220;1\/2&#8243;][\/vc_column][vc_column width=&#8220;1\/2&#8243;][vc_column_text]Das Ziel des Radentscheids ist die Verbesserung der Lebensqualit\u00e4t in Osnabr\u00fcck. Das wird durch die Ausbauung des Radverkehrsnetzes die Anlegung sicherer Radwege an Hauptstra\u00dfen der sicheren Gestaltung an Kreuzungen der Ausbauung der Fahrradstellpl\u00e4tze und der konsequenten und transparenten F\u00f6rderung der Mobilit\u00e4tswende geschehen [\/vc_column_text][\/vc_column][\/vc_row][vc_row][vc_column][vc_separator color=&#8220;custom&#8220; accent_color=&#8220;#f39800&#8243;][\/vc_column][\/vc_row][vc_row][vc_column width=&#8220;1\/2&#8243;][\/vc_column][vc_column width=&#8220;1\/2&#8243;][vc_column_text]Amnesty International k\u00e4mpft Tag f\u00fcr Tag f\u00fcr&hellip;<\/p>\n","protected":false},"author":84,"featured_media":0,"parent":913,"menu_order":2,"comment_status":"closed","ping_status":"closed","template":"","meta":{"footnotes":""},"class_list":["post-915","page","type-page","status-publish","hentry","description-off"],"yoast_head":"<!-- This site is optimized with the Yoast SEO plugin v26.8 - https:\/\/yoast.com\/product\/yoast-seo-wordpress\/ -->\n<title>Petitionen unterzeichnen - Weltladen Osnabr\u00fcck<\/title>\n<meta name=\"robots\" content=\"index, follow, max-snippet:-1, max-image-preview:large, max-video-preview:-1\" \/>\n<link rel=\"canonical\" href=\"https:\/\/weltlaeden.de\/osnabrueck\/aktiv-werden\/petitionen-unterzeichnen\/\" \/>\n<meta property=\"og:locale\" content=\"de_DE\" \/>\n<meta property=\"og:type\" content=\"article\" \/>\n<meta property=\"og:title\" content=\"Petitionen unterzeichnen - Weltladen Osnabr\u00fcck\" \/>\n<meta property=\"og:description\" content=\"[vc_row][vc_column width=&#8220;1\/2&#8243;][\/vc_column][vc_column width=&#8220;1\/2&#8243;][vc_column_text]Das Ziel des Radentscheids ist die Verbesserung der Lebensqualit\u00e4t in Osnabr\u00fcck. Das wird durch die Ausbauung des Radverkehrsnetzes die Anlegung sicherer Radwege an Hauptstra\u00dfen der sicheren Gestaltung an Kreuzungen der Ausbauung der Fahrradstellpl\u00e4tze und der konsequenten und transparenten F\u00f6rderung der Mobilit\u00e4tswende geschehen [\/vc_column_text][\/vc_column][\/vc_row][vc_row][vc_column][vc_separator color=&#8220;custom&#8220; accent_color=&#8220;#f39800&#8243;][\/vc_column][\/vc_row][vc_row][vc_column width=&#8220;1\/2&#8243;][\/vc_column][vc_column width=&#8220;1\/2&#8243;][vc_column_text]Amnesty International k\u00e4mpft Tag f\u00fcr Tag f\u00fcr&hellip;\" \/>\n<meta property=\"og:url\" content=\"https:\/\/weltlaeden.de\/osnabrueck\/aktiv-werden\/petitionen-unterzeichnen\/\" \/>\n<meta property=\"og:site_name\" content=\"Weltladen Osnabr\u00fcck\" \/>\n<meta property=\"article:modified_time\" content=\"2022-02-14T16:42:53+00:00\" \/>\n<meta property=\"og:image\" content=\"https:\/\/weltlaeden.de\/osnabrueck\/wp-content\/uploads\/sites\/56\/2022\/02\/Radentscheid_Osnabrueck_.png\" \/>\n<meta name=\"twitter:card\" content=\"summary_large_image\" \/>\n<meta name=\"twitter:label1\" content=\"Gesch\u00e4tzte Lesezeit\" \/>\n\t<meta name=\"twitter:data1\" content=\"1\u00a0Minute\" \/>\n<script type=\"application\/ld+json\" class=\"yoast-schema-graph\">{\"@context\":\"https:\/\/schema.org\",\"@graph\":[{\"@type\":\"WebPage\",\"@id\":\"https:\/\/weltlaeden.de\/osnabrueck\/aktiv-werden\/petitionen-unterzeichnen\/\",\"url\":\"https:\/\/weltlaeden.de\/osnabrueck\/aktiv-werden\/petitionen-unterzeichnen\/\",\"name\":\"Petitionen unterzeichnen - Weltladen Osnabr\u00fcck\",\"isPartOf\":{\"@id\":\"https:\/\/weltlaeden.de\/osnabrueck\/#website\"},\"primaryImageOfPage\":{\"@id\":\"https:\/\/weltlaeden.de\/osnabrueck\/aktiv-werden\/petitionen-unterzeichnen\/#primaryimage\"},\"image\":{\"@id\":\"https:\/\/weltlaeden.de\/osnabrueck\/aktiv-werden\/petitionen-unterzeichnen\/#primaryimage\"},\"thumbnailUrl\":\"https:\/\/weltlaeden.de\/osnabrueck\/wp-content\/uploads\/sites\/56\/2022\/02\/Radentscheid_Osnabrueck_.png\",\"datePublished\":\"2022-02-11T12:51:38+00:00\",\"dateModified\":\"2022-02-14T16:42:53+00:00\",\"breadcrumb\":{\"@id\":\"https:\/\/weltlaeden.de\/osnabrueck\/aktiv-werden\/petitionen-unterzeichnen\/#breadcrumb\"},\"inLanguage\":\"de\",\"potentialAction\":[{\"@type\":\"ReadAction\",\"target\":[\"https:\/\/weltlaeden.de\/osnabrueck\/aktiv-werden\/petitionen-unterzeichnen\/\"]}]},{\"@type\":\"ImageObject\",\"inLanguage\":\"de\",\"@id\":\"https:\/\/weltlaeden.de\/osnabrueck\/aktiv-werden\/petitionen-unterzeichnen\/#primaryimage\",\"url\":\"https:\/\/weltlaeden.de\/osnabrueck\/wp-content\/uploads\/sites\/56\/2022\/02\/Radentscheid_Osnabrueck_.png\",\"contentUrl\":\"https:\/\/weltlaeden.de\/osnabrueck\/wp-content\/uploads\/sites\/56\/2022\/02\/Radentscheid_Osnabrueck_.png\",\"width\":266,\"height\":108},{\"@type\":\"BreadcrumbList\",\"@id\":\"https:\/\/weltlaeden.de\/osnabrueck\/aktiv-werden\/petitionen-unterzeichnen\/#breadcrumb\",\"itemListElement\":[{\"@type\":\"ListItem\",\"position\":1,\"name\":\"Startseite\",\"item\":\"https:\/\/weltlaeden.de\/osnabrueck\/\"},{\"@type\":\"ListItem\",\"position\":2,\"name\":\"Aktiv werden\",\"item\":\"https:\/\/weltlaeden.de\/osnabrueck\/aktiv-werden\/\"},{\"@type\":\"ListItem\",\"position\":3,\"name\":\"Petitionen unterzeichnen\"}]},{\"@type\":\"WebSite\",\"@id\":\"https:\/\/weltlaeden.de\/osnabrueck\/#website\",\"url\":\"https:\/\/weltlaeden.de\/osnabrueck\/\",\"name\":\"Vorlage\",\"description\":\"Faire Produkte seit 1990\",\"potentialAction\":[{\"@type\":\"SearchAction\",\"target\":{\"@type\":\"EntryPoint\",\"urlTemplate\":\"https:\/\/weltlaeden.de\/osnabrueck\/?s={search_term_string}\"},\"query-input\":{\"@type\":\"PropertyValueSpecification\",\"valueRequired\":true,\"valueName\":\"search_term_string\"}}],\"inLanguage\":\"de\"}]}<\/script>\n<!-- \/ Yoast SEO plugin. -->","yoast_head_json":{"title":"Petitionen unterzeichnen - Weltladen Osnabr\u00fcck","robots":{"index":"index","follow":"follow","max-snippet":"max-snippet:-1","max-image-preview":"max-image-preview:large","max-video-preview":"max-video-preview:-1"},"canonical":"https:\/\/weltlaeden.de\/osnabrueck\/aktiv-werden\/petitionen-unterzeichnen\/","og_locale":"de_DE","og_type":"article","og_title":"Petitionen unterzeichnen - Weltladen Osnabr\u00fcck","og_description":"[vc_row][vc_column width=&#8220;1\/2&#8243;][\/vc_column][vc_column width=&#8220;1\/2&#8243;][vc_column_text]Das Ziel des Radentscheids ist die Verbesserung der Lebensqualit\u00e4t in Osnabr\u00fcck. Das wird durch die Ausbauung des Radverkehrsnetzes die Anlegung sicherer Radwege an Hauptstra\u00dfen der sicheren Gestaltung an Kreuzungen der Ausbauung der Fahrradstellpl\u00e4tze und der konsequenten und transparenten F\u00f6rderung der Mobilit\u00e4tswende geschehen [\/vc_column_text][\/vc_column][\/vc_row][vc_row][vc_column][vc_separator color=&#8220;custom&#8220; accent_color=&#8220;#f39800&#8243;][\/vc_column][\/vc_row][vc_row][vc_column width=&#8220;1\/2&#8243;][\/vc_column][vc_column width=&#8220;1\/2&#8243;][vc_column_text]Amnesty International k\u00e4mpft Tag f\u00fcr Tag f\u00fcr&hellip;","og_url":"https:\/\/weltlaeden.de\/osnabrueck\/aktiv-werden\/petitionen-unterzeichnen\/","og_site_name":"Weltladen Osnabr\u00fcck","article_modified_time":"2022-02-14T16:42:53+00:00","og_image":[{"url":"https:\/\/weltlaeden.de\/osnabrueck\/wp-content\/uploads\/sites\/56\/2022\/02\/Radentscheid_Osnabrueck_.png","type":"","width":"","height":""}],"twitter_card":"summary_large_image","twitter_misc":{"Gesch\u00e4tzte Lesezeit":"1\u00a0Minute"},"schema":{"@context":"https:\/\/schema.org","@graph":[{"@type":"WebPage","@id":"https:\/\/weltlaeden.de\/osnabrueck\/aktiv-werden\/petitionen-unterzeichnen\/","url":"https:\/\/weltlaeden.de\/osnabrueck\/aktiv-werden\/petitionen-unterzeichnen\/","name":"Petitionen unterzeichnen - Weltladen Osnabr\u00fcck","isPartOf":{"@id":"https:\/\/weltlaeden.de\/osnabrueck\/#website"},"primaryImageOfPage":{"@id":"https:\/\/weltlaeden.de\/osnabrueck\/aktiv-werden\/petitionen-unterzeichnen\/#primaryimage"},"image":{"@id":"https:\/\/weltlaeden.de\/osnabrueck\/aktiv-werden\/petitionen-unterzeichnen\/#primaryimage"},"thumbnailUrl":"https:\/\/weltlaeden.de\/osnabrueck\/wp-content\/uploads\/sites\/56\/2022\/02\/Radentscheid_Osnabrueck_.png","datePublished":"2022-02-11T12:51:38+00:00","dateModified":"2022-02-14T16:42:53+00:00","breadcrumb":{"@id":"https:\/\/weltlaeden.de\/osnabrueck\/aktiv-werden\/petitionen-unterzeichnen\/#breadcrumb"},"inLanguage":"de","potentialAction":[{"@type":"ReadAction","target":["https:\/\/weltlaeden.de\/osnabrueck\/aktiv-werden\/petitionen-unterzeichnen\/"]}]},{"@type":"ImageObject","inLanguage":"de","@id":"https:\/\/weltlaeden.de\/osnabrueck\/aktiv-werden\/petitionen-unterzeichnen\/#primaryimage","url":"https:\/\/weltlaeden.de\/osnabrueck\/wp-content\/uploads\/sites\/56\/2022\/02\/Radentscheid_Osnabrueck_.png","contentUrl":"https:\/\/weltlaeden.de\/osnabrueck\/wp-content\/uploads\/sites\/56\/2022\/02\/Radentscheid_Osnabrueck_.png","width":266,"height":108},{"@type":"BreadcrumbList","@id":"https:\/\/weltlaeden.de\/osnabrueck\/aktiv-werden\/petitionen-unterzeichnen\/#breadcrumb","itemListElement":[{"@type":"ListItem","position":1,"name":"Startseite","item":"https:\/\/weltlaeden.de\/osnabrueck\/"},{"@type":"ListItem","position":2,"name":"Aktiv werden","item":"https:\/\/weltlaeden.de\/osnabrueck\/aktiv-werden\/"},{"@type":"ListItem","position":3,"name":"Petitionen unterzeichnen"}]},{"@type":"WebSite","@id":"https:\/\/weltlaeden.de\/osnabrueck\/#website","url":"https:\/\/weltlaeden.de\/osnabrueck\/","name":"Vorlage","description":"Faire Produkte seit 1990","potentialAction":[{"@type":"SearchAction","target":{"@type":"EntryPoint","urlTemplate":"https:\/\/weltlaeden.de\/osnabrueck\/?s={search_term_string}"},"query-input":{"@type":"PropertyValueSpecification","valueRequired":true,"valueName":"search_term_string"}}],"inLanguage":"de"}]}},"_links":{"self":[{"href":"https:\/\/weltlaeden.de\/osnabrueck\/wp-json\/wp\/v2\/pages\/915","targetHints":{"allow":["GET"]}}],"collection":[{"href":"https:\/\/weltlaeden.de\/osnabrueck\/wp-json\/wp\/v2\/pages"}],"about":[{"href":"https:\/\/weltlaeden.de\/osnabrueck\/wp-json\/wp\/v2\/types\/page"}],"author":[{"embeddable":true,"href":"https:\/\/weltlaeden.de\/osnabrueck\/wp-json\/wp\/v2\/users\/84"}],"replies":[{"embeddable":true,"href":"https:\/\/weltlaeden.de\/osnabrueck\/wp-json\/wp\/v2\/comments?post=915"}],"version-history":[{"count":24,"href":"https:\/\/weltlaeden.de\/osnabrueck\/wp-json\/wp\/v2\/pages\/915\/revisions"}],"predecessor-version":[{"id":956,"href":"https:\/\/weltlaeden.de\/osnabrueck\/wp-json\/wp\/v2\/pages\/915\/revisions\/956"}],"up":[{"embeddable":true,"href":"https:\/\/weltlaeden.de\/osnabrueck\/wp-json\/wp\/v2\/pages\/913"}],"wp:attachment":[{"href":"https:\/\/weltlaeden.de\/osnabrueck\/wp-json\/wp\/v2\/media?parent=915"}],"curies":[{"name":"wp","href":"https:\/\/api.w.org\/{rel}","templated":true}]}}