{"id":630,"date":"2021-09-03T10:40:51","date_gmt":"2021-09-03T08:40:51","guid":{"rendered":"https:\/\/weltlaeden.de\/osnabrueck\/?page_id=630"},"modified":"2022-07-08T14:26:30","modified_gmt":"2022-07-08T12:26:30","slug":"lieferkettengesetz","status":"publish","type":"page","link":"https:\/\/weltlaeden.de\/osnabrueck\/lieferkettengesetz\/","title":{"rendered":"Lieferkettengesetz"},"content":{"rendered":"<h1><strong>Mensch. Macht. Handel. Fair!<\/strong><\/h1>\n<p>Globale Lieferketten sind aufgrund ihrer komplexen Strukturen mit tausenden beteiligten Arbeiter*innen und Subunternehmer*innen selbst f\u00fcr die Auftraggeber*innen kaum zu durchschauen! Ohne weltweit g\u00fcltige Umwelt- und Sozialstandards kommt es aufgrund einer fehlenden Sorgfaltspflicht daher zu einer st\u00e4ndigen Ausbeutung der beteiligten Menschen und der Umwelt. &#8211;&gt;Wer tr\u00e4gt die Verantwortung f\u00fcr diese wachsenden Herausforderungen der Lieferketten mit ihren fatalen Folgen?<\/p>\n<div id=\"attachment_632\" style=\"width: 696px\" class=\"wp-caption aligncenter\"><img loading=\"lazy\" decoding=\"async\" aria-describedby=\"caption-attachment-632\" class=\"wp-image-632 \" src=\"https:\/\/weltlaeden.de\/osnabrueck\/wp-content\/uploads\/sites\/56\/2020\/05\/Lieferketten-Karte.png\" alt=\"\" width=\"686\" height=\"482\" srcset=\"https:\/\/weltlaeden.de\/osnabrueck\/wp-content\/uploads\/sites\/56\/2020\/05\/Lieferketten-Karte.png 542w, https:\/\/weltlaeden.de\/osnabrueck\/wp-content\/uploads\/sites\/56\/2020\/05\/Lieferketten-Karte-300x211.png 300w\" sizes=\"auto, (max-width: 686px) 100vw, 686px\" \/><p id=\"caption-attachment-632\" class=\"wp-caption-text\">Herausforderungen globaler Lieferketten Quelle: Eigene Darstellung<\/p><\/div>\n<h2><\/h2>\n<h2><strong><u>Menschenrechte und Umweltschutz als marktwirtschaftlicher Standard<\/u>: Lieferkettengesetz \u2013 Jetzt! <\/strong><\/h2>\n<ul>\n<li>Unternehmen m\u00fcssen dazu verpflichtet werden, menschenrechtliche Risiken in ihren Lieferketten zu analysieren und diesen vorzubeugen, sowie transparent dar\u00fcber zu berichten.<\/li>\n<li>Unternehmen, die Sch\u00e4den an Mensch und Umwelt in ihren Lieferketten verursachen oder in Kauf nehmen, m\u00fcssen daf\u00fcr haften. Gesch\u00e4digte m\u00fcssen vor deutschen Gerichten ihre Rechte einklagen k\u00f6nnen.<\/li>\n<\/ul>\n<p>&#8211;&gt; Gebe der Initiative Lieferkettengesetz deine Stimme, um den Schutz der Menschenrechte und unserer Umwelt einzustehen: <a href=\"https:\/\/lieferkettengesetz.de\/mitmachen\/\">https:\/\/lieferkettengesetz.de\/mitmachen\/<\/a><\/p>\n<p><img loading=\"lazy\" decoding=\"async\" class=\"image-preview__image\" src=\"https:\/\/i0.wp.com\/www.kritischeaktionaere.de\/wp-content\/uploads\/2022\/07\/EU-Lieferkettengesetz_SocialMedia_1200x630-1.jpg?w=1200&amp;ssl=1\" alt=\"F\u00fcr ein wirksames EU-Lieferkettengesetz | Dachverband der Kritischen ...\" width=\"1200\" height=\"630\" data-v-5dd8c4e8=\"\" data-test-src=\"https:\/\/i0.wp.com\/www.kritischeaktionaere.de\/wp-content\/uploads\/2022\/07\/EU-Lieferkettengesetz_SocialMedia_1200x630-1.jpg?w=1200&amp;ssl=1\" data-test-id=\"image-preview-image\" data-src=\"https:\/\/i0.wp.com\/www.kritischeaktionaere.de\/wp-content\/uploads\/2022\/07\/EU-Lieferkettengesetz_SocialMedia_1200x630-1.jpg?w=1200&amp;ssl=1\" \/><\/p>\n<p>&nbsp;<\/p>\n<p>&nbsp;<\/p>\n<div class=\"row section--block mb-0\">\n<div class=\"col-lg-10 offset-lg-1\">\n<div class=\"row\">\n<div class=\"col-lg-8 offset-lg-2 heading--block\">\n<h2>Hintergrund<\/h2>\n<\/div>\n<\/div>\n<\/div>\n<\/div>\n<div class=\"row\">\n<div class=\"col-lg-10 offset-lg-1 content--block\">\n<div class=\"wp-container-2 wp-block-group row\">\n<div class=\"wp-block-group__inner-container\">\n<div class=\"wp-container-1 wp-block-group col-lg-8 offset-lg-2\">\n<div class=\"wp-block-group__inner-container\">\n<p class=\"has-text-align-center\">Was fordern wir in unserer Kampagne #yesEUcan? Wann ist ein EU-Lieferkettengesetz wirksam? Und was ist vom Entwurf der EU-Kommission zu halten? Hier gibt es Antworten auf diese Fragen. Au\u00dferdem findest du hier auch unsere wichtigsten bisherigen Ver\u00f6ffentlichungen zum deutschen Lieferkettengesetz.<\/p>\n<\/div>\n<\/div>\n<\/div>\n<\/div>\n<div id=\"Forderungen\" class=\"wp-container-4 wp-block-group section--block--inner\">\n<div class=\"wp-block-group__inner-container\">\n<h2 class=\"has-text-align-center heading--block\">Forderungen<\/h2>\n<div class=\"wp-container-3 wp-block-group col-lg-8 offset-lg-2\">\n<div class=\"wp-block-group__inner-container\">\n<p class=\"has-text-align-center\">Wir haben in Europa jetzt die Chance, Mensch und Umwelt in den Liefer- und Wertsch\u00f6pfungsketten von Unternehmen konsequent und umfassend zu sch\u00fctzen! Um das zu erreichen, m\u00fcssen wir aus den Schw\u00e4chen des deutschen Lieferkettengesetzes lernen und die rechtlichen L\u00fccken mit einem umso st\u00e4rkeren EU-Lieferkettengesetz schlie\u00dfen.<\/p>\n<p class=\"has-text-align-center\">Ein wirksames EU-Lieferkettengesetz muss Unternehmen dazu verpflichten, Menschen und Umwelt <strong>entlang ihrer gesamten Liefer- und Wertsch\u00f6pfungskette<\/strong> zu sch\u00fctzen. Ohne Abstufungen und Schlupfl\u00f6cher. <strong>Liebes Europa, yes EU can!<\/strong><\/p>\n<p>Ein wirksames EU-Lieferkettengesetz muss Unternehmen dazu bringen, ihre <strong>Verantwortung f\u00fcr Umwelt- und Klimaschutz<\/strong> weltweit wahrzunehmen. <strong>Liebes Europa, yes EU can!<\/strong><\/p>\n<p>Ein wirksames EU-Lieferkettengesetz muss Unternehmen, die gegen Menschenrechte versto\u00dfen, in die <strong>Haftung <\/strong>nehmen und Betroffenen endlich die M\u00f6glichkeit geben, erfolgreich auf Entsch\u00e4digung zu klagen. <strong>Liebes Europa, yes EU can!<\/strong><\/p>\n<p>Ein wirksames EU-Lieferkettengesetz muss die <strong>Arbeiter*innen in den Lieferketten umfassend beteiligen<\/strong> und besonders bedrohte Gruppen wie Frauen, Indigene, Kinder und Aktivist*innen st\u00e4rken. <strong>Liebes Europa, yes EU can!<\/strong><\/p>\n<\/div>\n<\/div>\n<\/div>\n<\/div>\n<\/div>\n<\/div>\n<p>&nbsp;<\/p>\n<p>&#8211;&gt;\u00a0Weitere Informationen zu der Initiative und die genauen Forderungen findest du hier: <a href=\"https:\/\/lieferkettengesetz.de\/\">https:\/\/lieferkettengesetz.de\/<\/a><\/p>\n","protected":false},"excerpt":{"rendered":"<p>Mensch. Macht. Handel. Fair! Globale Lieferketten sind aufgrund ihrer komplexen Strukturen mit tausenden beteiligten Arbeiter*innen und Subunternehmer*innen selbst f\u00fcr die Auftraggeber*innen kaum zu durchschauen! Ohne weltweit g\u00fcltige Umwelt- und Sozialstandards kommt es aufgrund einer fehlenden Sorgfaltspflicht daher zu einer st\u00e4ndigen Ausbeutung der beteiligten Menschen und der Umwelt. &#8211;&gt;Wer tr\u00e4gt die Verantwortung f\u00fcr diese wachsenden Herausforderungen&hellip;<\/p>\n","protected":false},"author":84,"featured_media":633,"parent":0,"menu_order":0,"comment_status":"closed","ping_status":"closed","template":"","meta":{"footnotes":""},"class_list":["post-630","page","type-page","status-publish","has-post-thumbnail","hentry","description-off"],"yoast_head":"<!-- This site is optimized with the Yoast SEO plugin v26.8 - https:\/\/yoast.com\/product\/yoast-seo-wordpress\/ -->\n<title>Lieferkettengesetz - Weltladen Osnabr\u00fcck<\/title>\n<meta name=\"robots\" content=\"index, follow, max-snippet:-1, max-image-preview:large, max-video-preview:-1\" \/>\n<link rel=\"canonical\" href=\"https:\/\/weltlaeden.de\/osnabrueck\/lieferkettengesetz\/\" \/>\n<meta property=\"og:locale\" content=\"de_DE\" \/>\n<meta property=\"og:type\" content=\"article\" \/>\n<meta property=\"og:title\" content=\"Lieferkettengesetz - Weltladen Osnabr\u00fcck\" \/>\n<meta property=\"og:description\" content=\"Mensch. Macht. Handel. Fair! Globale Lieferketten sind aufgrund ihrer komplexen Strukturen mit tausenden beteiligten Arbeiter*innen und Subunternehmer*innen selbst f\u00fcr die Auftraggeber*innen kaum zu durchschauen! Ohne weltweit g\u00fcltige Umwelt- und Sozialstandards kommt es aufgrund einer fehlenden Sorgfaltspflicht daher zu einer st\u00e4ndigen Ausbeutung der beteiligten Menschen und der Umwelt. &#8211;&gt;Wer tr\u00e4gt die Verantwortung f\u00fcr diese wachsenden Herausforderungen&hellip;\" \/>\n<meta property=\"og:url\" content=\"https:\/\/weltlaeden.de\/osnabrueck\/lieferkettengesetz\/\" \/>\n<meta property=\"og:site_name\" content=\"Weltladen Osnabr\u00fcck\" \/>\n<meta property=\"article:modified_time\" content=\"2022-07-08T12:26:30+00:00\" \/>\n<meta property=\"og:image\" content=\"https:\/\/weltlaeden.de\/osnabrueck\/wp-content\/uploads\/sites\/56\/2020\/05\/Lieferkette.png\" \/>\n\t<meta property=\"og:image:width\" content=\"820\" \/>\n\t<meta property=\"og:image:height\" content=\"312\" \/>\n\t<meta property=\"og:image:type\" content=\"image\/png\" \/>\n<meta name=\"twitter:card\" content=\"summary_large_image\" \/>\n<meta name=\"twitter:label1\" content=\"Gesch\u00e4tzte Lesezeit\" \/>\n\t<meta name=\"twitter:data1\" content=\"2\u00a0Minuten\" \/>\n<script type=\"application\/ld+json\" class=\"yoast-schema-graph\">{\"@context\":\"https:\/\/schema.org\",\"@graph\":[{\"@type\":\"WebPage\",\"@id\":\"https:\/\/weltlaeden.de\/osnabrueck\/lieferkettengesetz\/\",\"url\":\"https:\/\/weltlaeden.de\/osnabrueck\/lieferkettengesetz\/\",\"name\":\"Lieferkettengesetz - Weltladen Osnabr\u00fcck\",\"isPartOf\":{\"@id\":\"https:\/\/weltlaeden.de\/osnabrueck\/#website\"},\"primaryImageOfPage\":{\"@id\":\"https:\/\/weltlaeden.de\/osnabrueck\/lieferkettengesetz\/#primaryimage\"},\"image\":{\"@id\":\"https:\/\/weltlaeden.de\/osnabrueck\/lieferkettengesetz\/#primaryimage\"},\"thumbnailUrl\":\"https:\/\/weltlaeden.de\/osnabrueck\/wp-content\/uploads\/sites\/56\/2020\/05\/Lieferkette.png\",\"datePublished\":\"2021-09-03T08:40:51+00:00\",\"dateModified\":\"2022-07-08T12:26:30+00:00\",\"breadcrumb\":{\"@id\":\"https:\/\/weltlaeden.de\/osnabrueck\/lieferkettengesetz\/#breadcrumb\"},\"inLanguage\":\"de\",\"potentialAction\":[{\"@type\":\"ReadAction\",\"target\":[\"https:\/\/weltlaeden.de\/osnabrueck\/lieferkettengesetz\/\"]}]},{\"@type\":\"ImageObject\",\"inLanguage\":\"de\",\"@id\":\"https:\/\/weltlaeden.de\/osnabrueck\/lieferkettengesetz\/#primaryimage\",\"url\":\"https:\/\/weltlaeden.de\/osnabrueck\/wp-content\/uploads\/sites\/56\/2020\/05\/Lieferkette.png\",\"contentUrl\":\"https:\/\/weltlaeden.de\/osnabrueck\/wp-content\/uploads\/sites\/56\/2020\/05\/Lieferkette.png\",\"width\":820,\"height\":312},{\"@type\":\"BreadcrumbList\",\"@id\":\"https:\/\/weltlaeden.de\/osnabrueck\/lieferkettengesetz\/#breadcrumb\",\"itemListElement\":[{\"@type\":\"ListItem\",\"position\":1,\"name\":\"Startseite\",\"item\":\"https:\/\/weltlaeden.de\/osnabrueck\/\"},{\"@type\":\"ListItem\",\"position\":2,\"name\":\"Lieferkettengesetz\"}]},{\"@type\":\"WebSite\",\"@id\":\"https:\/\/weltlaeden.de\/osnabrueck\/#website\",\"url\":\"https:\/\/weltlaeden.de\/osnabrueck\/\",\"name\":\"Vorlage\",\"description\":\"Faire Produkte seit 1990\",\"potentialAction\":[{\"@type\":\"SearchAction\",\"target\":{\"@type\":\"EntryPoint\",\"urlTemplate\":\"https:\/\/weltlaeden.de\/osnabrueck\/?s={search_term_string}\"},\"query-input\":{\"@type\":\"PropertyValueSpecification\",\"valueRequired\":true,\"valueName\":\"search_term_string\"}}],\"inLanguage\":\"de\"}]}<\/script>\n<!-- \/ Yoast SEO plugin. -->","yoast_head_json":{"title":"Lieferkettengesetz - Weltladen Osnabr\u00fcck","robots":{"index":"index","follow":"follow","max-snippet":"max-snippet:-1","max-image-preview":"max-image-preview:large","max-video-preview":"max-video-preview:-1"},"canonical":"https:\/\/weltlaeden.de\/osnabrueck\/lieferkettengesetz\/","og_locale":"de_DE","og_type":"article","og_title":"Lieferkettengesetz - Weltladen Osnabr\u00fcck","og_description":"Mensch. Macht. Handel. Fair! Globale Lieferketten sind aufgrund ihrer komplexen Strukturen mit tausenden beteiligten Arbeiter*innen und Subunternehmer*innen selbst f\u00fcr die Auftraggeber*innen kaum zu durchschauen! Ohne weltweit g\u00fcltige Umwelt- und Sozialstandards kommt es aufgrund einer fehlenden Sorgfaltspflicht daher zu einer st\u00e4ndigen Ausbeutung der beteiligten Menschen und der Umwelt. &#8211;&gt;Wer tr\u00e4gt die Verantwortung f\u00fcr diese wachsenden Herausforderungen&hellip;","og_url":"https:\/\/weltlaeden.de\/osnabrueck\/lieferkettengesetz\/","og_site_name":"Weltladen Osnabr\u00fcck","article_modified_time":"2022-07-08T12:26:30+00:00","og_image":[{"width":820,"height":312,"url":"https:\/\/weltlaeden.de\/osnabrueck\/wp-content\/uploads\/sites\/56\/2020\/05\/Lieferkette.png","type":"image\/png"}],"twitter_card":"summary_large_image","twitter_misc":{"Gesch\u00e4tzte Lesezeit":"2\u00a0Minuten"},"schema":{"@context":"https:\/\/schema.org","@graph":[{"@type":"WebPage","@id":"https:\/\/weltlaeden.de\/osnabrueck\/lieferkettengesetz\/","url":"https:\/\/weltlaeden.de\/osnabrueck\/lieferkettengesetz\/","name":"Lieferkettengesetz - Weltladen Osnabr\u00fcck","isPartOf":{"@id":"https:\/\/weltlaeden.de\/osnabrueck\/#website"},"primaryImageOfPage":{"@id":"https:\/\/weltlaeden.de\/osnabrueck\/lieferkettengesetz\/#primaryimage"},"image":{"@id":"https:\/\/weltlaeden.de\/osnabrueck\/lieferkettengesetz\/#primaryimage"},"thumbnailUrl":"https:\/\/weltlaeden.de\/osnabrueck\/wp-content\/uploads\/sites\/56\/2020\/05\/Lieferkette.png","datePublished":"2021-09-03T08:40:51+00:00","dateModified":"2022-07-08T12:26:30+00:00","breadcrumb":{"@id":"https:\/\/weltlaeden.de\/osnabrueck\/lieferkettengesetz\/#breadcrumb"},"inLanguage":"de","potentialAction":[{"@type":"ReadAction","target":["https:\/\/weltlaeden.de\/osnabrueck\/lieferkettengesetz\/"]}]},{"@type":"ImageObject","inLanguage":"de","@id":"https:\/\/weltlaeden.de\/osnabrueck\/lieferkettengesetz\/#primaryimage","url":"https:\/\/weltlaeden.de\/osnabrueck\/wp-content\/uploads\/sites\/56\/2020\/05\/Lieferkette.png","contentUrl":"https:\/\/weltlaeden.de\/osnabrueck\/wp-content\/uploads\/sites\/56\/2020\/05\/Lieferkette.png","width":820,"height":312},{"@type":"BreadcrumbList","@id":"https:\/\/weltlaeden.de\/osnabrueck\/lieferkettengesetz\/#breadcrumb","itemListElement":[{"@type":"ListItem","position":1,"name":"Startseite","item":"https:\/\/weltlaeden.de\/osnabrueck\/"},{"@type":"ListItem","position":2,"name":"Lieferkettengesetz"}]},{"@type":"WebSite","@id":"https:\/\/weltlaeden.de\/osnabrueck\/#website","url":"https:\/\/weltlaeden.de\/osnabrueck\/","name":"Vorlage","description":"Faire Produkte seit 1990","potentialAction":[{"@type":"SearchAction","target":{"@type":"EntryPoint","urlTemplate":"https:\/\/weltlaeden.de\/osnabrueck\/?s={search_term_string}"},"query-input":{"@type":"PropertyValueSpecification","valueRequired":true,"valueName":"search_term_string"}}],"inLanguage":"de"}]}},"_links":{"self":[{"href":"https:\/\/weltlaeden.de\/osnabrueck\/wp-json\/wp\/v2\/pages\/630","targetHints":{"allow":["GET"]}}],"collection":[{"href":"https:\/\/weltlaeden.de\/osnabrueck\/wp-json\/wp\/v2\/pages"}],"about":[{"href":"https:\/\/weltlaeden.de\/osnabrueck\/wp-json\/wp\/v2\/types\/page"}],"author":[{"embeddable":true,"href":"https:\/\/weltlaeden.de\/osnabrueck\/wp-json\/wp\/v2\/users\/84"}],"replies":[{"embeddable":true,"href":"https:\/\/weltlaeden.de\/osnabrueck\/wp-json\/wp\/v2\/comments?post=630"}],"version-history":[{"count":6,"href":"https:\/\/weltlaeden.de\/osnabrueck\/wp-json\/wp\/v2\/pages\/630\/revisions"}],"predecessor-version":[{"id":1050,"href":"https:\/\/weltlaeden.de\/osnabrueck\/wp-json\/wp\/v2\/pages\/630\/revisions\/1050"}],"wp:featuredmedia":[{"embeddable":true,"href":"https:\/\/weltlaeden.de\/osnabrueck\/wp-json\/wp\/v2\/media\/633"}],"wp:attachment":[{"href":"https:\/\/weltlaeden.de\/osnabrueck\/wp-json\/wp\/v2\/media?parent=630"}],"curies":[{"name":"wp","href":"https:\/\/api.w.org\/{rel}","templated":true}]}}