{"id":433,"date":"2018-12-12T14:15:52","date_gmt":"2018-12-12T13:15:52","guid":{"rendered":"https:\/\/weltlaeden.de\/osnabrueck\/?page_id=433"},"modified":"2022-02-22T14:00:07","modified_gmt":"2022-02-22T13:00:07","slug":"mitmachen","status":"publish","type":"page","link":"https:\/\/weltlaeden.de\/osnabrueck\/aktiv-werden\/mitmachen\/","title":{"rendered":"Ehrenamtlich mitgestalten"},"content":{"rendered":"<div class=\"wpb-content-wrapper\"><p>[vc_row][vc_column]<div class=\"wl_einzelbild\"><p><img loading=\"lazy\" decoding=\"async\" class=\"wp-image-494 aligncenter\" src=\"https:\/\/weltlaeden.de\/osnabrueck\/wp-content\/uploads\/sites\/56\/2018\/12\/hands-1950985_1920-4-300x112.jpg\" alt=\"\" width=\"714\" height=\"267\" srcset=\"https:\/\/weltlaeden.de\/osnabrueck\/wp-content\/uploads\/sites\/56\/2018\/12\/hands-1950985_1920-4-300x112.jpg 300w, https:\/\/weltlaeden.de\/osnabrueck\/wp-content\/uploads\/sites\/56\/2018\/12\/hands-1950985_1920-4-768x286.jpg 768w, https:\/\/weltlaeden.de\/osnabrueck\/wp-content\/uploads\/sites\/56\/2018\/12\/hands-1950985_1920-4-1024x382.jpg 1024w, https:\/\/weltlaeden.de\/osnabrueck\/wp-content\/uploads\/sites\/56\/2018\/12\/hands-1950985_1920-4.jpg 1920w\" sizes=\"auto, (max-width: 714px) 100vw, 714px\" \/><\/p><\/div>[vc_column_text]<\/p>\n<h1>Wie kannst Du dich einbringen?<\/h1>\n<p>[\/vc_column_text][vc_column_text]<\/p>\n<h2><strong>Ehrenamtliches Engagement<\/strong><\/h2>\n<p style=\"text-align: justify\"><strong>Wir suchen<\/strong> Menschen, die Lust haben, sich ehrenamtlich f\u00fcr eine offene, transparente, \u00f6kologische und nachhaltige Form des Wirtschaftens zu engagieren. Ob im Verkauf, der Informations- oder Bildungsarbeit &#8211; die M\u00f6glichkeiten, in unserem Team mitzumachen sind vielf\u00e4ltig und lassen sich bestimmt auch in Deinen Alltag integrieren! Neben regelm\u00e4\u00dfigen Aufgaben gibt es bei uns auch immer wieder einzelne zeitlich befristete Projekte, f\u00fcr die wir Unterst\u00fctzer\/innen suchen. Viele Aufgaben erfordern keine speziellen Vorkenntnisse, sondern nur Deine Bereitschaft, Deine F\u00e4higkeiten einzubringen und eventuell in neuen Bereichen dazuzulernen.<\/p>\n<p style=\"text-align: justify\"><strong>Wir bieten<\/strong> ein nettes Team aus Engagierten mit vielf\u00e4ltigen M\u00f6glichkeiten, sich selbst einzubringen. Eine Gemeinschaft, die Dich herzlich aufnimmt, einarbeitet und bei Fragen zur Verf\u00fcgung steht. Fortbildungsm\u00f6glichkeiten nach Deinen Interessen und Aufgaben.<\/p>\n<p>&nbsp;<\/p>\n<p>&nbsp;<\/p>\n<p>[\/vc_column_text][vc_media_grid element_width=&#8220;6&#8243; item=&#8220;mediaGrid_SimpleOverlay&#8220; grid_id=&#8220;vc_gid:1645534779827-07e2abf7-77e0-8&#8243; include=&#8220;765,766&#8243;][\/vc_column][\/vc_row]<\/p>\n<\/div>","protected":false},"excerpt":{"rendered":"<p>[vc_row][vc_column][vc_column_text] Wie kannst Du dich einbringen? [\/vc_column_text][vc_column_text] Ehrenamtliches Engagement Wir suchen Menschen, die Lust haben, sich ehrenamtlich f\u00fcr eine offene, transparente, \u00f6kologische und nachhaltige Form des Wirtschaftens zu engagieren. Ob im Verkauf, der Informations- oder Bildungsarbeit &#8211; die M\u00f6glichkeiten, in unserem Team mitzumachen sind vielf\u00e4ltig und lassen sich bestimmt auch in Deinen Alltag integrieren! Neben&hellip;<\/p>\n","protected":false},"author":84,"featured_media":0,"parent":913,"menu_order":1,"comment_status":"closed","ping_status":"closed","template":"","meta":{"footnotes":""},"class_list":["post-433","page","type-page","status-publish","hentry","description-off"],"yoast_head":"<!-- This site is optimized with the Yoast SEO plugin v26.8 - https:\/\/yoast.com\/product\/yoast-seo-wordpress\/ -->\n<title>Ehrenamtlich mitgestalten - Weltladen Osnabr\u00fcck<\/title>\n<meta name=\"robots\" content=\"index, follow, max-snippet:-1, max-image-preview:large, max-video-preview:-1\" \/>\n<link rel=\"canonical\" href=\"https:\/\/weltlaeden.de\/osnabrueck\/aktiv-werden\/mitmachen\/\" \/>\n<meta property=\"og:locale\" content=\"de_DE\" \/>\n<meta property=\"og:type\" content=\"article\" \/>\n<meta property=\"og:title\" content=\"Ehrenamtlich mitgestalten - Weltladen Osnabr\u00fcck\" \/>\n<meta property=\"og:description\" content=\"[vc_row][vc_column][vc_column_text] Wie kannst Du dich einbringen? [\/vc_column_text][vc_column_text] Ehrenamtliches Engagement Wir suchen Menschen, die Lust haben, sich ehrenamtlich f\u00fcr eine offene, transparente, \u00f6kologische und nachhaltige Form des Wirtschaftens zu engagieren. Ob im Verkauf, der Informations- oder Bildungsarbeit &#8211; die M\u00f6glichkeiten, in unserem Team mitzumachen sind vielf\u00e4ltig und lassen sich bestimmt auch in Deinen Alltag integrieren! Neben&hellip;\" \/>\n<meta property=\"og:url\" content=\"https:\/\/weltlaeden.de\/osnabrueck\/aktiv-werden\/mitmachen\/\" \/>\n<meta property=\"og:site_name\" content=\"Weltladen Osnabr\u00fcck\" \/>\n<meta property=\"article:modified_time\" content=\"2022-02-22T13:00:07+00:00\" \/>\n<meta property=\"og:image\" content=\"https:\/\/weltlaeden.de\/osnabrueck\/wp-content\/uploads\/sites\/56\/2018\/12\/hands-1950985_1920-4-300x112.jpg\" \/>\n<meta name=\"twitter:card\" content=\"summary_large_image\" \/>\n<meta name=\"twitter:label1\" content=\"Gesch\u00e4tzte Lesezeit\" \/>\n\t<meta name=\"twitter:data1\" content=\"3\u00a0Minuten\" \/>\n<script type=\"application\/ld+json\" class=\"yoast-schema-graph\">{\"@context\":\"https:\/\/schema.org\",\"@graph\":[{\"@type\":\"WebPage\",\"@id\":\"https:\/\/weltlaeden.de\/osnabrueck\/aktiv-werden\/mitmachen\/\",\"url\":\"https:\/\/weltlaeden.de\/osnabrueck\/aktiv-werden\/mitmachen\/\",\"name\":\"Ehrenamtlich mitgestalten - Weltladen Osnabr\u00fcck\",\"isPartOf\":{\"@id\":\"https:\/\/weltlaeden.de\/osnabrueck\/#website\"},\"primaryImageOfPage\":{\"@id\":\"https:\/\/weltlaeden.de\/osnabrueck\/aktiv-werden\/mitmachen\/#primaryimage\"},\"image\":{\"@id\":\"https:\/\/weltlaeden.de\/osnabrueck\/aktiv-werden\/mitmachen\/#primaryimage\"},\"thumbnailUrl\":\"https:\/\/weltlaeden.de\/osnabrueck\/wp-content\/uploads\/sites\/56\/2018\/12\/hands-1950985_1920-4-300x112.jpg\",\"datePublished\":\"2018-12-12T13:15:52+00:00\",\"dateModified\":\"2022-02-22T13:00:07+00:00\",\"breadcrumb\":{\"@id\":\"https:\/\/weltlaeden.de\/osnabrueck\/aktiv-werden\/mitmachen\/#breadcrumb\"},\"inLanguage\":\"de\",\"potentialAction\":[{\"@type\":\"ReadAction\",\"target\":[\"https:\/\/weltlaeden.de\/osnabrueck\/aktiv-werden\/mitmachen\/\"]}]},{\"@type\":\"ImageObject\",\"inLanguage\":\"de\",\"@id\":\"https:\/\/weltlaeden.de\/osnabrueck\/aktiv-werden\/mitmachen\/#primaryimage\",\"url\":\"https:\/\/weltlaeden.de\/osnabrueck\/wp-content\/uploads\/sites\/56\/2018\/12\/hands-1950985_1920-4.jpg\",\"contentUrl\":\"https:\/\/weltlaeden.de\/osnabrueck\/wp-content\/uploads\/sites\/56\/2018\/12\/hands-1950985_1920-4.jpg\",\"width\":1920,\"height\":716},{\"@type\":\"BreadcrumbList\",\"@id\":\"https:\/\/weltlaeden.de\/osnabrueck\/aktiv-werden\/mitmachen\/#breadcrumb\",\"itemListElement\":[{\"@type\":\"ListItem\",\"position\":1,\"name\":\"Startseite\",\"item\":\"https:\/\/weltlaeden.de\/osnabrueck\/\"},{\"@type\":\"ListItem\",\"position\":2,\"name\":\"Aktiv werden\",\"item\":\"https:\/\/weltlaeden.de\/osnabrueck\/aktiv-werden\/\"},{\"@type\":\"ListItem\",\"position\":3,\"name\":\"Ehrenamtlich mitgestalten\"}]},{\"@type\":\"WebSite\",\"@id\":\"https:\/\/weltlaeden.de\/osnabrueck\/#website\",\"url\":\"https:\/\/weltlaeden.de\/osnabrueck\/\",\"name\":\"Vorlage\",\"description\":\"Faire Produkte seit 1990\",\"potentialAction\":[{\"@type\":\"SearchAction\",\"target\":{\"@type\":\"EntryPoint\",\"urlTemplate\":\"https:\/\/weltlaeden.de\/osnabrueck\/?s={search_term_string}\"},\"query-input\":{\"@type\":\"PropertyValueSpecification\",\"valueRequired\":true,\"valueName\":\"search_term_string\"}}],\"inLanguage\":\"de\"}]}<\/script>\n<!-- \/ Yoast SEO plugin. -->","yoast_head_json":{"title":"Ehrenamtlich mitgestalten - Weltladen Osnabr\u00fcck","robots":{"index":"index","follow":"follow","max-snippet":"max-snippet:-1","max-image-preview":"max-image-preview:large","max-video-preview":"max-video-preview:-1"},"canonical":"https:\/\/weltlaeden.de\/osnabrueck\/aktiv-werden\/mitmachen\/","og_locale":"de_DE","og_type":"article","og_title":"Ehrenamtlich mitgestalten - Weltladen Osnabr\u00fcck","og_description":"[vc_row][vc_column][vc_column_text] Wie kannst Du dich einbringen? [\/vc_column_text][vc_column_text] Ehrenamtliches Engagement Wir suchen Menschen, die Lust haben, sich ehrenamtlich f\u00fcr eine offene, transparente, \u00f6kologische und nachhaltige Form des Wirtschaftens zu engagieren. Ob im Verkauf, der Informations- oder Bildungsarbeit &#8211; die M\u00f6glichkeiten, in unserem Team mitzumachen sind vielf\u00e4ltig und lassen sich bestimmt auch in Deinen Alltag integrieren! Neben&hellip;","og_url":"https:\/\/weltlaeden.de\/osnabrueck\/aktiv-werden\/mitmachen\/","og_site_name":"Weltladen Osnabr\u00fcck","article_modified_time":"2022-02-22T13:00:07+00:00","og_image":[{"url":"https:\/\/weltlaeden.de\/osnabrueck\/wp-content\/uploads\/sites\/56\/2018\/12\/hands-1950985_1920-4-300x112.jpg","type":"","width":"","height":""}],"twitter_card":"summary_large_image","twitter_misc":{"Gesch\u00e4tzte Lesezeit":"3\u00a0Minuten"},"schema":{"@context":"https:\/\/schema.org","@graph":[{"@type":"WebPage","@id":"https:\/\/weltlaeden.de\/osnabrueck\/aktiv-werden\/mitmachen\/","url":"https:\/\/weltlaeden.de\/osnabrueck\/aktiv-werden\/mitmachen\/","name":"Ehrenamtlich mitgestalten - Weltladen Osnabr\u00fcck","isPartOf":{"@id":"https:\/\/weltlaeden.de\/osnabrueck\/#website"},"primaryImageOfPage":{"@id":"https:\/\/weltlaeden.de\/osnabrueck\/aktiv-werden\/mitmachen\/#primaryimage"},"image":{"@id":"https:\/\/weltlaeden.de\/osnabrueck\/aktiv-werden\/mitmachen\/#primaryimage"},"thumbnailUrl":"https:\/\/weltlaeden.de\/osnabrueck\/wp-content\/uploads\/sites\/56\/2018\/12\/hands-1950985_1920-4-300x112.jpg","datePublished":"2018-12-12T13:15:52+00:00","dateModified":"2022-02-22T13:00:07+00:00","breadcrumb":{"@id":"https:\/\/weltlaeden.de\/osnabrueck\/aktiv-werden\/mitmachen\/#breadcrumb"},"inLanguage":"de","potentialAction":[{"@type":"ReadAction","target":["https:\/\/weltlaeden.de\/osnabrueck\/aktiv-werden\/mitmachen\/"]}]},{"@type":"ImageObject","inLanguage":"de","@id":"https:\/\/weltlaeden.de\/osnabrueck\/aktiv-werden\/mitmachen\/#primaryimage","url":"https:\/\/weltlaeden.de\/osnabrueck\/wp-content\/uploads\/sites\/56\/2018\/12\/hands-1950985_1920-4.jpg","contentUrl":"https:\/\/weltlaeden.de\/osnabrueck\/wp-content\/uploads\/sites\/56\/2018\/12\/hands-1950985_1920-4.jpg","width":1920,"height":716},{"@type":"BreadcrumbList","@id":"https:\/\/weltlaeden.de\/osnabrueck\/aktiv-werden\/mitmachen\/#breadcrumb","itemListElement":[{"@type":"ListItem","position":1,"name":"Startseite","item":"https:\/\/weltlaeden.de\/osnabrueck\/"},{"@type":"ListItem","position":2,"name":"Aktiv werden","item":"https:\/\/weltlaeden.de\/osnabrueck\/aktiv-werden\/"},{"@type":"ListItem","position":3,"name":"Ehrenamtlich mitgestalten"}]},{"@type":"WebSite","@id":"https:\/\/weltlaeden.de\/osnabrueck\/#website","url":"https:\/\/weltlaeden.de\/osnabrueck\/","name":"Vorlage","description":"Faire Produkte seit 1990","potentialAction":[{"@type":"SearchAction","target":{"@type":"EntryPoint","urlTemplate":"https:\/\/weltlaeden.de\/osnabrueck\/?s={search_term_string}"},"query-input":{"@type":"PropertyValueSpecification","valueRequired":true,"valueName":"search_term_string"}}],"inLanguage":"de"}]}},"_links":{"self":[{"href":"https:\/\/weltlaeden.de\/osnabrueck\/wp-json\/wp\/v2\/pages\/433","targetHints":{"allow":["GET"]}}],"collection":[{"href":"https:\/\/weltlaeden.de\/osnabrueck\/wp-json\/wp\/v2\/pages"}],"about":[{"href":"https:\/\/weltlaeden.de\/osnabrueck\/wp-json\/wp\/v2\/types\/page"}],"author":[{"embeddable":true,"href":"https:\/\/weltlaeden.de\/osnabrueck\/wp-json\/wp\/v2\/users\/84"}],"replies":[{"embeddable":true,"href":"https:\/\/weltlaeden.de\/osnabrueck\/wp-json\/wp\/v2\/comments?post=433"}],"version-history":[{"count":23,"href":"https:\/\/weltlaeden.de\/osnabrueck\/wp-json\/wp\/v2\/pages\/433\/revisions"}],"predecessor-version":[{"id":982,"href":"https:\/\/weltlaeden.de\/osnabrueck\/wp-json\/wp\/v2\/pages\/433\/revisions\/982"}],"up":[{"embeddable":true,"href":"https:\/\/weltlaeden.de\/osnabrueck\/wp-json\/wp\/v2\/pages\/913"}],"wp:attachment":[{"href":"https:\/\/weltlaeden.de\/osnabrueck\/wp-json\/wp\/v2\/media?parent=433"}],"curies":[{"name":"wp","href":"https:\/\/api.w.org\/{rel}","templated":true}]}}