{"id":23,"date":"2016-10-14T09:05:21","date_gmt":"2016-10-14T07:05:21","guid":{"rendered":"https:\/\/wl.heimpixel.de\/vorlage\/termine\/"},"modified":"2025-03-17T15:47:57","modified_gmt":"2025-03-17T14:47:57","slug":"termine","status":"publish","type":"page","link":"https:\/\/weltlaeden.de\/osnabrueck\/termine\/","title":{"rendered":"Termine"},"content":{"rendered":"<div class=\"wpb-content-wrapper\"><p>[vc_row][vc_column][vc_column_text]<\/p>\n<h1>Termine<\/h1>\n<h4><\/h4>\n<p>[\/vc_column_text][vc_empty_space height=&#8220;30px&#8220;][\/vc_column][\/vc_row][vc_row][vc_column][vc_column_text]<\/p>\n<h2>Kommende Termine<\/h2>\n<p>[\/vc_column_text]<ul class=\"termine-page current aktuell\"><li><h5 class=\"termine-titel\"><a href=\"https:\/\/weltlaeden.de\/osnabrueck\/termin\/1090\/\">Colloquium: Geld als Waffe. Wie die Wirtschaft \u00fcber Krieg und Frieden entscheidet<\/a><\/h5><p class=\"termine-date\">Di., 19.05.2026, 19:00<\/p><p class=\"termine-auszug\">Wie entstehen Kriege? Und wie Frieden? Ulrike Herrmann untersucht gro\u00dfe internationale Konflikte und analysiert, dass die Gr\u00fcnde nicht nur historisch, psychologisch oder politisch sind. Sondern dass oft \u00f6konomische Faktoren ausschlaggebend sind. Sie zeigt am Beispiel Russlands, wie die wirtschaftliche Entwicklung des Landes permanente Kriege auch in Zukunft wahrscheinlich macht. Und sie beschreibt Chinas Aufstieg zur Supermacht und erkl\u00e4rt, wie Pr\u00e4sident Xi sein Land in eine \u00f6konomische Sackgasse man\u00f6vriert hat, die er mit seinen Aggressionen gegen Taiwan zu kaschieren versucht. Ulrike Herrmann, geboren 1964 in Hamburg, Ausbildung zur Bankkauffrau, Absolventin der Henri-Nannen-Schule, Studium der Philosophie und Geschichte. Seit 2000 Wirtschaftskorrespondentin der taz. Sie ist Autorin zahlreicher SPIEGEL-Bestseller, zuletzt \u201eDas Ende des Kapitalismus\", der in zahlreiche Sprachen \u00fcbersetzt wurde. Vortragssaal Eintritt frei! <strong>Dozent:tin: <\/strong>Ulrike Herrmann <strong>Veranstalter: <\/strong>Volkshochschule Osnabr\u00fcck<p class=termine-ort\"><small>Ort: <i>Volkshochschule Osnabr\u00fcck, Bergstra\u00dfe 8, 49076 Osnabr\u00fcck<\/i><\/small><\/p><\/li><li><h5 class=\"termine-titel\"><a href=\"https:\/\/weltlaeden.de\/osnabrueck\/termin\/colloquium-im-schatten-der-schlagzeilen-klimagerechtigkeit-in-zeiten-des-krieges\/\">Colloquium: Im Schatten der Schlagzeilen: Klimagerechtigkeit in Zeiten des Krieges<\/a><\/h5><p class=\"termine-date\">Di., 16.06.2026, 19:00<\/p><p class=\"termine-auszug\">\u00dcberflutete D\u00f6rfer, ausgetrocknete B\u00f6den, Menschen auf der Flucht vor Wasser oder Hitze \u2013 die Bilder der Klimakrise sind omnipr\u00e4sent und doch droht diese st\u00e4rker denn je in der Flut weltweiter Kriegs- und Krisenberichterstattung unterzugehen. W\u00e4hrend die ausbleibende politische Regulierung die Treibhausgasemissionen fortlaufend ansteigen und das 1,5-Grad-Ziel in weite Ferne r\u00fccken l\u00e4sst, eskalieren die durch die Klimakrise verursachten Sch\u00e4den \u2013 und das besonders in jenen L\u00e4ndern, die kaum zur Erderhitzung beitragen. Karin Zennig ist bei der Hilfs- und Menschenrechtsorganisation medico international in der \u00d6ffentlichkeitsabteilung f\u00fcr die Region S\u00fcdasien und das Thema Klimagerechtigkeit zust\u00e4ndig. Sie wird uns von den Folgen der Klimakrise berichten, die auch hierzulande sp\u00fcrbar sind, aber besonders im globalen S\u00fcden immer verheerendere Ausma\u00dfe erreichen. Vortragssaal Eintritt frei! <strong>Dozent:tin: <\/strong>Karin Zennig <strong>Veranstalter: <\/strong>Volkshochschule Osnabr\u00fcck<p class=termine-ort\"><small>Ort: <i>Volkshochschule Osnabr\u00fcck, Bergstra\u00dfe 8, 49076 Osnabr\u00fcck<\/i><\/small><\/p><\/li><\/ul><div class=\"hr-thin style-dashed accent-border-color\" style=\"width: 100%;border-top-width: 1px;\"><\/div>[vc_empty_space height=&#8220;60px&#8220;][vc_column_text]<\/p>\n<h2>Vergangene Termine<\/h2>\n<p>[\/vc_column_text]<ul class=\"termine-page past vergangen\"><li><h5 class=\"termine-titel\"><a href=\"https:\/\/weltlaeden.de\/osnabrueck\/termin\/lesung-die-weite-welt-mit-lutz-van-dijk\/\">Lesung &#8222;Die weite Welt&#8220; mit Lutz van Dijk<\/a><\/h5><p class=\"termine-date\">Di., 05.05.2026, 19:00<\/p><p class=\"termine-auszug\"><em>In seinem neuen autobiografischen Roman\u00a0<strong>\u201eDie weite Welt \u2013 New York bis Kapstadt\u201c<\/strong>\u00a0erz\u00e4hlt Lutz van Dijk die bewegende Fortsetzung seiner Lebensgeschichte.<\/em>\u00a0Nach dem ersten Band, der seine Kindheit in Westberlin und den Aufbruch nach New York mit nur 50 Dollar schildert, begleitet dieses Buch ihn nun durch die gro\u00dfen Stationen seines au\u00dfergew\u00f6hnlichen Lebens:\u00a0<strong>New York, Hamburg, Jerusalem, Amsterdam und Kapstadt<\/strong>. Der Autor berichtet von pr\u00e4genden Begegnungen, seiner ersten gro\u00dfen Liebe, beruflichen Neuanf\u00e4ngen, politischem Engagement und dem Ringen um ein selbstbestimmtes Leben. Dabei entsteht ein eindrucksvolles Panorama pers\u00f6nlicher und gesellschaftlicher Entwicklungen \u2013 ein\u00a0<strong>Pl\u00e4doyer f\u00fcr Offenheit, Mut und das Recht auf ein Zuhause \u00fcberall auf der Welt<\/strong>. Der Roman verbindet intime Erinnerungen mit weltumspannenden Erfahrungen und zeigt, wie sehr Menschen einander pr\u00e4gen k\u00f6nnen \u2013 \u00fcber Kontinente und Jahrzehnte hinweg. Eine inspirierende Lebensreise, die ber\u00fchrt und Hoffnung macht. Eintritt: 7\u20ac \/ 5\u20ac <strong>Dozent: <\/strong>Lutz van Dijk <strong>Veranstalter: <\/strong>Altst\u00e4dter B\u00fccherstuben<p class=termine-ort\"><small>Ort: <i>Altst\u00e4dter B\u00fccherstuben, Bierstra\u00dfe 37, 49074 Osnabr\u00fcck<\/i><\/small><\/p><\/li><li><h5 class=\"termine-titel\"><a href=\"https:\/\/weltlaeden.de\/osnabrueck\/termin\/1088\/\">Marokko &#8211; mehr als 1001 Nacht<\/a><\/h5><p class=\"termine-date\">Mi., 29.04.2026, 19:00<\/p><p class=\"termine-auszug\"><p style=\"font-weight: 400\">Das\u00a0landschaftlich\u00a0und kulturell reiche Marokko ist ein beliebtes Reiseland. In den Medien wird von dem vor demokratischen Land prim\u00e4r im Zusammenhang mit dem ungel\u00f6sten West-Sahara-Konflikt und der Frage nach politischen Fluchtursachen berichtet. Wirtschaftlich geh\u00f6rt Marokko zu den Schwellenl\u00e4ndern mit einer Vorreiterrolle in Afrika. Das riesige Reichtum-Armutsgef\u00e4lle spiegelt sich im extremen Bildungsgef\u00e4lle. Die Referentin stellt u.a. das Projekt B\u00c4UME F\u00dcR DIE W\u00dcSTE als Beispiel f\u00fcr erfolgreiche Entwicklungsarbeit vor.<\/p> <p style=\"font-weight: 400\">Bestuhlt, freie Platzwahl, Raum 205<\/p> Eintritt frei! <strong>Dozent:tin: <\/strong>Agnes von Helmolt <strong>Veranstalter: <\/strong>LAGERHALLE e. V.<p class=termine-ort\"><small>Ort: <i>LAGERHALLE e. V. Kultur & Kommunikation, Rolandsmauer 26, 49074 Osnabr\u00fcck<\/i><\/small><\/p><\/li><li><h5 class=\"termine-titel\"><a href=\"https:\/\/weltlaeden.de\/osnabrueck\/termin\/afghanistans-taliban-regime-zwischen-isolation-und-normalisierung\/\">Colloquium: Afghanistans Taliban-Regime. Zwischen Isolation und Normalisierung<\/a><\/h5><p class=\"termine-date\">Di., 21.04.2026, 19:00<\/p><p class=\"termine-auszug\"><p style=\"font-weight: 400\">Fast f\u00fcnf Jahre nach seiner erneuten Macht\u00fcbernahme sitzt das Taliban-Regime fest im Sattel. Sein Ziel ist die Errichtung einer ausschlie\u00dflich auf die Scharia gegr\u00fcndeten Staatsordnung. Im Inneren entrechtet es die Bev\u00f6lkerung, vor allem Frauen und M\u00e4dchen, und unterdr\u00fcckt jeglichen \u00f6ffentlichen Dissens. Eine organisierte Opposition ist weder in Afghanistan noch im Exil vorhanden. Nach au\u00dfen setzt es auf\u00a0diplomatische Normalisierung. Wenn es international formal auch immer noch isoliert ist, treten immer mehr Regierungen mit ihm Wenn es international formal auch immer noch isoliert ist, treten immer mehr Regierungen mit ihm ins Gespr\u00e4ch. Dazu geh\u00f6ren viele westliche Staaten, darunter Deutschland. Sie werden vor allem von der selbst gesetzten politischen Priorit\u00e4t getrieben, wieder direkte Abschiebungen nach Afghanistan vornehmen zu k\u00f6nnen. Die Achillesferse des Regimes ist die Wirtschaft.<\/p> Vortragssaal Eintritt frei! <p style=\"font-weight: 400\"><strong>Dozent: <\/strong>Thomas Ruttig<\/p> <strong>Veranstalter: <\/strong>Volkshochschule Osnabr\u00fcck<p class=termine-ort\"><small>Ort: <i>Volkshochschule Osnabr\u00fcck, Bergstra\u00dfe 8, 49076 Osnabr\u00fcck<\/i><\/small><\/p><\/li><li><h5 class=\"termine-titel\"><a href=\"https:\/\/weltlaeden.de\/osnabrueck\/termin\/1085\/\">Vom Mut in der W\u00fcste &#8211; Ein Besuch beim Oikocredit-Partner SEKEM in \u00c4gypten<\/a><\/h5><p class=\"termine-date\">Mo., 20.04.2026, 18:00<\/p><p class=\"termine-auszug\"><p style=\"font-weight: 400\">Die W\u00fcste begr\u00fcnen mit bio-dynamischer Landwirtschaft und ein Umfeld schaffen, in dem Menschen in W\u00fcrde leben und sich entwickeln k\u00f6nnen. Das ist das Ziel der 1977 in \u00c4gypten gegr\u00fcndeten SEKEM-Initiative. Unser Vorstandsmitglied Prof. Dr. Heinz-Christian Fr\u00fcnd hat an einer von Oikocredit veranstalteten Studienreise zum Partner SEKEM teilgenommen und berichtet von seinen Eindr\u00fccken und Begegnungen in \u00c4gypten vom Nildelta bis zur W\u00fcstenoase.<\/p> <p style=\"font-weight: 400\"><em>Wie wird bei SEKEM Nachhaltigkeit mit menschlicher Entwicklung verbunden?<\/em> <em>Wie wird den Herausforderungen von Wasserknappheit und Klimawandel begegnet?<\/em> <em>Welche Rolle spielt die Beteiligung von Oikocredit?<\/em><\/p> Bestuhlt, freie Platzwahl, Spitzboden Eintritt frei! <strong>Dozent: <\/strong>Prof. Dr. Heinz-Christian Fr\u00fcnd <strong>Veranstalter: <\/strong>Oikocredit F\u00f6rderkreis Niedersachsen-Bremen Weitere Infos: www.oikocredit.org\/de<p class=termine-ort\"><small>Ort: <i>LAGERHALLE e. V. Kultur & Kommunikation, Rolandsmauer 26, 49074 Osnabr\u00fcck<\/i><\/small><\/p><\/li><\/ul>[\/vc_column][\/vc_row]<\/p>\n<\/div>","protected":false},"excerpt":{"rendered":"<p>[vc_row][vc_column][vc_column_text] Termine [\/vc_column_text][vc_empty_space height=&#8220;30px&#8220;][\/vc_column][\/vc_row][vc_row][vc_column][vc_column_text] Kommende Termine [\/vc_column_text][vc_empty_space height=&#8220;60px&#8220;][vc_column_text] Vergangene Termine [\/vc_column_text][\/vc_column][\/vc_row]<\/p>\n","protected":false},"author":1,"featured_media":0,"parent":0,"menu_order":8,"comment_status":"closed","ping_status":"closed","template":"","meta":{"footnotes":""},"class_list":["post-23","page","type-page","status-publish","hentry","description-off"],"yoast_head":"<!-- This site is optimized with the Yoast SEO plugin v26.8 - https:\/\/yoast.com\/product\/yoast-seo-wordpress\/ -->\n<title>Termine - Weltladen Osnabr\u00fcck<\/title>\n<meta name=\"robots\" content=\"index, follow, max-snippet:-1, max-image-preview:large, max-video-preview:-1\" \/>\n<link rel=\"canonical\" href=\"https:\/\/weltlaeden.de\/osnabrueck\/termine\/\" \/>\n<meta property=\"og:locale\" content=\"de_DE\" \/>\n<meta property=\"og:type\" content=\"article\" \/>\n<meta property=\"og:title\" content=\"Termine - Weltladen Osnabr\u00fcck\" \/>\n<meta property=\"og:description\" content=\"[vc_row][vc_column][vc_column_text] Termine [\/vc_column_text][vc_empty_space height=&#8220;30px&#8220;][\/vc_column][\/vc_row][vc_row][vc_column][vc_column_text] Kommende Termine [\/vc_column_text][vc_empty_space height=&#8220;60px&#8220;][vc_column_text] Vergangene Termine [\/vc_column_text][\/vc_column][\/vc_row]\" \/>\n<meta property=\"og:url\" content=\"https:\/\/weltlaeden.de\/osnabrueck\/termine\/\" \/>\n<meta property=\"og:site_name\" content=\"Weltladen Osnabr\u00fcck\" \/>\n<meta property=\"article:modified_time\" content=\"2025-03-17T14:47:57+00:00\" \/>\n<meta name=\"twitter:card\" content=\"summary_large_image\" \/>\n<meta name=\"twitter:label1\" content=\"Gesch\u00e4tzte Lesezeit\" \/>\n\t<meta name=\"twitter:data1\" content=\"1\u00a0Minute\" \/>\n<script type=\"application\/ld+json\" class=\"yoast-schema-graph\">{\"@context\":\"https:\/\/schema.org\",\"@graph\":[{\"@type\":\"WebPage\",\"@id\":\"https:\/\/weltlaeden.de\/osnabrueck\/termine\/\",\"url\":\"https:\/\/weltlaeden.de\/osnabrueck\/termine\/\",\"name\":\"Termine - Weltladen Osnabr\u00fcck\",\"isPartOf\":{\"@id\":\"https:\/\/weltlaeden.de\/osnabrueck\/#website\"},\"datePublished\":\"2016-10-14T07:05:21+00:00\",\"dateModified\":\"2025-03-17T14:47:57+00:00\",\"breadcrumb\":{\"@id\":\"https:\/\/weltlaeden.de\/osnabrueck\/termine\/#breadcrumb\"},\"inLanguage\":\"de\",\"potentialAction\":[{\"@type\":\"ReadAction\",\"target\":[\"https:\/\/weltlaeden.de\/osnabrueck\/termine\/\"]}]},{\"@type\":\"BreadcrumbList\",\"@id\":\"https:\/\/weltlaeden.de\/osnabrueck\/termine\/#breadcrumb\",\"itemListElement\":[{\"@type\":\"ListItem\",\"position\":1,\"name\":\"Startseite\",\"item\":\"https:\/\/weltlaeden.de\/osnabrueck\/\"},{\"@type\":\"ListItem\",\"position\":2,\"name\":\"Termine\"}]},{\"@type\":\"WebSite\",\"@id\":\"https:\/\/weltlaeden.de\/osnabrueck\/#website\",\"url\":\"https:\/\/weltlaeden.de\/osnabrueck\/\",\"name\":\"Vorlage\",\"description\":\"Faire Produkte seit 1990\",\"potentialAction\":[{\"@type\":\"SearchAction\",\"target\":{\"@type\":\"EntryPoint\",\"urlTemplate\":\"https:\/\/weltlaeden.de\/osnabrueck\/?s={search_term_string}\"},\"query-input\":{\"@type\":\"PropertyValueSpecification\",\"valueRequired\":true,\"valueName\":\"search_term_string\"}}],\"inLanguage\":\"de\"}]}<\/script>\n<!-- \/ Yoast SEO plugin. -->","yoast_head_json":{"title":"Termine - Weltladen Osnabr\u00fcck","robots":{"index":"index","follow":"follow","max-snippet":"max-snippet:-1","max-image-preview":"max-image-preview:large","max-video-preview":"max-video-preview:-1"},"canonical":"https:\/\/weltlaeden.de\/osnabrueck\/termine\/","og_locale":"de_DE","og_type":"article","og_title":"Termine - Weltladen Osnabr\u00fcck","og_description":"[vc_row][vc_column][vc_column_text] Termine [\/vc_column_text][vc_empty_space height=&#8220;30px&#8220;][\/vc_column][\/vc_row][vc_row][vc_column][vc_column_text] Kommende Termine [\/vc_column_text][vc_empty_space height=&#8220;60px&#8220;][vc_column_text] Vergangene Termine [\/vc_column_text][\/vc_column][\/vc_row]","og_url":"https:\/\/weltlaeden.de\/osnabrueck\/termine\/","og_site_name":"Weltladen Osnabr\u00fcck","article_modified_time":"2025-03-17T14:47:57+00:00","twitter_card":"summary_large_image","twitter_misc":{"Gesch\u00e4tzte Lesezeit":"1\u00a0Minute"},"schema":{"@context":"https:\/\/schema.org","@graph":[{"@type":"WebPage","@id":"https:\/\/weltlaeden.de\/osnabrueck\/termine\/","url":"https:\/\/weltlaeden.de\/osnabrueck\/termine\/","name":"Termine - Weltladen Osnabr\u00fcck","isPartOf":{"@id":"https:\/\/weltlaeden.de\/osnabrueck\/#website"},"datePublished":"2016-10-14T07:05:21+00:00","dateModified":"2025-03-17T14:47:57+00:00","breadcrumb":{"@id":"https:\/\/weltlaeden.de\/osnabrueck\/termine\/#breadcrumb"},"inLanguage":"de","potentialAction":[{"@type":"ReadAction","target":["https:\/\/weltlaeden.de\/osnabrueck\/termine\/"]}]},{"@type":"BreadcrumbList","@id":"https:\/\/weltlaeden.de\/osnabrueck\/termine\/#breadcrumb","itemListElement":[{"@type":"ListItem","position":1,"name":"Startseite","item":"https:\/\/weltlaeden.de\/osnabrueck\/"},{"@type":"ListItem","position":2,"name":"Termine"}]},{"@type":"WebSite","@id":"https:\/\/weltlaeden.de\/osnabrueck\/#website","url":"https:\/\/weltlaeden.de\/osnabrueck\/","name":"Vorlage","description":"Faire Produkte seit 1990","potentialAction":[{"@type":"SearchAction","target":{"@type":"EntryPoint","urlTemplate":"https:\/\/weltlaeden.de\/osnabrueck\/?s={search_term_string}"},"query-input":{"@type":"PropertyValueSpecification","valueRequired":true,"valueName":"search_term_string"}}],"inLanguage":"de"}]}},"_links":{"self":[{"href":"https:\/\/weltlaeden.de\/osnabrueck\/wp-json\/wp\/v2\/pages\/23","targetHints":{"allow":["GET"]}}],"collection":[{"href":"https:\/\/weltlaeden.de\/osnabrueck\/wp-json\/wp\/v2\/pages"}],"about":[{"href":"https:\/\/weltlaeden.de\/osnabrueck\/wp-json\/wp\/v2\/types\/page"}],"author":[{"embeddable":true,"href":"https:\/\/weltlaeden.de\/osnabrueck\/wp-json\/wp\/v2\/users\/1"}],"replies":[{"embeddable":true,"href":"https:\/\/weltlaeden.de\/osnabrueck\/wp-json\/wp\/v2\/comments?post=23"}],"version-history":[{"count":20,"href":"https:\/\/weltlaeden.de\/osnabrueck\/wp-json\/wp\/v2\/pages\/23\/revisions"}],"predecessor-version":[{"id":1077,"href":"https:\/\/weltlaeden.de\/osnabrueck\/wp-json\/wp\/v2\/pages\/23\/revisions\/1077"}],"wp:attachment":[{"href":"https:\/\/weltlaeden.de\/osnabrueck\/wp-json\/wp\/v2\/media?parent=23"}],"curies":[{"name":"wp","href":"https:\/\/api.w.org\/{rel}","templated":true}]}}