{"id":20,"date":"2016-10-14T09:05:21","date_gmt":"2016-10-14T07:05:21","guid":{"rendered":"https:\/\/wl.heimpixel.de\/vorlage\/weltladen-musterdorf\/"},"modified":"2021-12-06T16:34:55","modified_gmt":"2021-12-06T15:34:55","slug":"weltladen-musterdorf","status":"publish","type":"page","link":"https:\/\/weltlaeden.de\/osnabrueck\/","title":{"rendered":"Weltladen Osnabr\u00fcck"},"content":{"rendered":"<div class=\"wpb-content-wrapper\"><p>[vc_row][vc_column][vc_column_text]<\/p>\n<h2><strong><img loading=\"lazy\" decoding=\"async\" class=\"alignnone size-full wp-image-738\" src=\"https:\/\/weltlaeden.de\/osnabrueck\/wp-content\/uploads\/sites\/56\/2021\/06\/Titelbild-Weltladen.jpg\" alt=\"\" width=\"1747\" height=\"1240\" srcset=\"https:\/\/weltlaeden.de\/osnabrueck\/wp-content\/uploads\/sites\/56\/2021\/06\/Titelbild-Weltladen.jpg 1747w, https:\/\/weltlaeden.de\/osnabrueck\/wp-content\/uploads\/sites\/56\/2021\/06\/Titelbild-Weltladen-300x213.jpg 300w, https:\/\/weltlaeden.de\/osnabrueck\/wp-content\/uploads\/sites\/56\/2021\/06\/Titelbild-Weltladen-768x545.jpg 768w, https:\/\/weltlaeden.de\/osnabrueck\/wp-content\/uploads\/sites\/56\/2021\/06\/Titelbild-Weltladen-1024x727.jpg 1024w\" sizes=\"auto, (max-width: 1747px) 100vw, 1747px\" \/><\/strong><\/h2>\n<blockquote class=\"text-big shortcode-blockquote\"><p><strong>Wir haben eine Mission. Wir wollen den Welthandel, angefangen mit unserem allt\u00e4glichen Konsum nachhaltig und fair gestalten.<\/strong><\/p>\n<\/blockquote>\n<p style=\"text-align: justify\"><strong><\/p>\n<div class=\"hr-thin\"><\/div>\n<p><\/strong><\/p>\n<p style=\"text-align: justify\"><strong>Nachhaltig bedeutet, &#8230;<br \/>\n<\/strong>dass die Ressourcen zur Gewinnung und Produktion der Waren regenerativ genutzt werden,<br \/>\ndass die Umwelt nicht verpestet werden darf und<br \/>\ndass der Boden n\u00e4hrstoffreich erhalten wird.<\/p>\n<p style=\"text-align: justify\"><strong>Fair bedeutet, ..<\/strong>.<br \/>\ndass die Produzent*innen, Kunsthandwerker*innen und die Mitglieder der Landwirtschaftsbetriebe den Wert ihrer Ware mitbestimmen,<br \/>\ndass sie einen Lohn erhalten, der nicht nur ihre Existenz so gerade sichert, sondern ein Leben in W\u00fcrde erm\u00f6glicht,<br \/>\ndass Frauen durch sicheres Einkommen und Jobs in F\u00fchrungsebenen unabh\u00e4ngig werden k\u00f6nnen, sich aus toxischen Beziehungen und Gewalt befreien k\u00f6nnen und ihr Land geschlechtergerecht mitgestalten k\u00f6nnen.<br \/>\ndass Kinder in ihrer Entwicklung bestm\u00f6glich unterst\u00fctzt werden k\u00f6nnen, um zur Schule oder zur Universit\u00e4t gehen zu k\u00f6nnen und das Land in die n\u00e4chste Generation bringen k\u00f6nnen.<\/p>\n<p style=\"text-align: justify\"><strong>Fairer Handel ver\u00e4ndert Leben: Deins, Meins und das der Produzent*innen entlang der Lieferkette.<\/strong><\/p>\n<h2 style=\"text-align: justify\"><strong>Setz mit uns ein Zeichen f\u00fcr gerechtes und nachhaltiges Leben. Kauf fair.<\/strong><\/h2>\n<h2><img loading=\"lazy\" decoding=\"async\" class=\"alignnone size-full wp-image-712\" src=\"https:\/\/weltlaeden.de\/osnabrueck\/wp-content\/uploads\/sites\/56\/2021\/05\/ba_startseite_wlt_3000x1000_10_02_21.2500x0.jpg\" alt=\"\" width=\"1920\" height=\"640\" srcset=\"https:\/\/weltlaeden.de\/osnabrueck\/wp-content\/uploads\/sites\/56\/2021\/05\/ba_startseite_wlt_3000x1000_10_02_21.2500x0.jpg 1920w, https:\/\/weltlaeden.de\/osnabrueck\/wp-content\/uploads\/sites\/56\/2021\/05\/ba_startseite_wlt_3000x1000_10_02_21.2500x0-300x100.jpg 300w, https:\/\/weltlaeden.de\/osnabrueck\/wp-content\/uploads\/sites\/56\/2021\/05\/ba_startseite_wlt_3000x1000_10_02_21.2500x0-768x256.jpg 768w, https:\/\/weltlaeden.de\/osnabrueck\/wp-content\/uploads\/sites\/56\/2021\/05\/ba_startseite_wlt_3000x1000_10_02_21.2500x0-1024x341.jpg 1024w\" sizes=\"auto, (max-width: 1920px) 100vw, 1920px\" \/><\/h2>\n<p>&nbsp;<\/p>\n<\/div>","protected":false},"excerpt":{"rendered":"<p>[vc_row][vc_column][vc_column_text] Nachhaltig bedeutet, &#8230; dass die Ressourcen zur Gewinnung und Produktion der Waren regenerativ genutzt werden, dass die Umwelt nicht verpestet werden darf und dass der Boden n\u00e4hrstoffreich erhalten wird. Fair bedeutet, &#8230; dass die Produzent*innen, Kunsthandwerker*innen und die Mitglieder der Landwirtschaftsbetriebe den Wert ihrer Ware mitbestimmen, dass sie einen Lohn erhalten, der nicht nur&hellip;<\/p>\n","protected":false},"author":1,"featured_media":0,"parent":0,"menu_order":0,"comment_status":"closed","ping_status":"closed","template":"","meta":{"footnotes":""},"class_list":["post-20","page","type-page","status-publish","hentry","description-off"],"yoast_head":"<!-- This site is optimized with the Yoast SEO plugin v26.8 - https:\/\/yoast.com\/product\/yoast-seo-wordpress\/ -->\n<title>Weltladen Osnabr\u00fcck - Weltladen Osnabr\u00fcck<\/title>\n<meta name=\"robots\" content=\"index, follow, max-snippet:-1, max-image-preview:large, max-video-preview:-1\" \/>\n<link rel=\"canonical\" href=\"https:\/\/weltlaeden.de\/osnabrueck\/\" \/>\n<meta property=\"og:locale\" content=\"de_DE\" \/>\n<meta property=\"og:type\" content=\"article\" \/>\n<meta property=\"og:title\" content=\"Weltladen Osnabr\u00fcck - Weltladen Osnabr\u00fcck\" \/>\n<meta property=\"og:description\" content=\"[vc_row][vc_column][vc_column_text] Nachhaltig bedeutet, &#8230; dass die Ressourcen zur Gewinnung und Produktion der Waren regenerativ genutzt werden, dass die Umwelt nicht verpestet werden darf und dass der Boden n\u00e4hrstoffreich erhalten wird. Fair bedeutet, ... dass die Produzent*innen, Kunsthandwerker*innen und die Mitglieder der Landwirtschaftsbetriebe den Wert ihrer Ware mitbestimmen, dass sie einen Lohn erhalten, der nicht nur&hellip;\" \/>\n<meta property=\"og:url\" content=\"https:\/\/weltlaeden.de\/osnabrueck\/\" \/>\n<meta property=\"og:site_name\" content=\"Weltladen Osnabr\u00fcck\" \/>\n<meta property=\"article:modified_time\" content=\"2021-12-06T15:34:55+00:00\" \/>\n<meta property=\"og:image\" content=\"https:\/\/weltlaeden.de\/osnabrueck\/wp-content\/uploads\/sites\/56\/2021\/06\/Titelbild-Weltladen.jpg\" \/>\n<meta name=\"twitter:card\" content=\"summary_large_image\" \/>\n<meta name=\"twitter:label1\" content=\"Gesch\u00e4tzte Lesezeit\" \/>\n\t<meta name=\"twitter:data1\" content=\"1\u00a0Minute\" \/>\n<script type=\"application\/ld+json\" class=\"yoast-schema-graph\">{\"@context\":\"https:\/\/schema.org\",\"@graph\":[{\"@type\":\"WebPage\",\"@id\":\"https:\/\/weltlaeden.de\/osnabrueck\/\",\"url\":\"https:\/\/weltlaeden.de\/osnabrueck\/\",\"name\":\"Weltladen Osnabr\u00fcck - Weltladen Osnabr\u00fcck\",\"isPartOf\":{\"@id\":\"https:\/\/weltlaeden.de\/osnabrueck\/#website\"},\"primaryImageOfPage\":{\"@id\":\"https:\/\/weltlaeden.de\/osnabrueck\/#primaryimage\"},\"image\":{\"@id\":\"https:\/\/weltlaeden.de\/osnabrueck\/#primaryimage\"},\"thumbnailUrl\":\"https:\/\/weltlaeden.de\/osnabrueck\/wp-content\/uploads\/sites\/56\/2021\/06\/Titelbild-Weltladen.jpg\",\"datePublished\":\"2016-10-14T07:05:21+00:00\",\"dateModified\":\"2021-12-06T15:34:55+00:00\",\"breadcrumb\":{\"@id\":\"https:\/\/weltlaeden.de\/osnabrueck\/#breadcrumb\"},\"inLanguage\":\"de\",\"potentialAction\":[{\"@type\":\"ReadAction\",\"target\":[\"https:\/\/weltlaeden.de\/osnabrueck\/\"]}]},{\"@type\":\"ImageObject\",\"inLanguage\":\"de\",\"@id\":\"https:\/\/weltlaeden.de\/osnabrueck\/#primaryimage\",\"url\":\"https:\/\/weltlaeden.de\/osnabrueck\/wp-content\/uploads\/sites\/56\/2021\/06\/Titelbild-Weltladen.jpg\",\"contentUrl\":\"https:\/\/weltlaeden.de\/osnabrueck\/wp-content\/uploads\/sites\/56\/2021\/06\/Titelbild-Weltladen.jpg\",\"width\":1747,\"height\":1240},{\"@type\":\"BreadcrumbList\",\"@id\":\"https:\/\/weltlaeden.de\/osnabrueck\/#breadcrumb\",\"itemListElement\":[{\"@type\":\"ListItem\",\"position\":1,\"name\":\"Startseite\",\"item\":\"https:\/\/weltlaeden.de\/osnabrueck\/\"},{\"@type\":\"ListItem\",\"position\":2,\"name\":\"Weltladen Osnabr\u00fcck\"}]},{\"@type\":\"WebSite\",\"@id\":\"https:\/\/weltlaeden.de\/osnabrueck\/#website\",\"url\":\"https:\/\/weltlaeden.de\/osnabrueck\/\",\"name\":\"Vorlage\",\"description\":\"Faire Produkte seit 1990\",\"potentialAction\":[{\"@type\":\"SearchAction\",\"target\":{\"@type\":\"EntryPoint\",\"urlTemplate\":\"https:\/\/weltlaeden.de\/osnabrueck\/?s={search_term_string}\"},\"query-input\":{\"@type\":\"PropertyValueSpecification\",\"valueRequired\":true,\"valueName\":\"search_term_string\"}}],\"inLanguage\":\"de\"}]}<\/script>\n<!-- \/ Yoast SEO plugin. -->","yoast_head_json":{"title":"Weltladen Osnabr\u00fcck - Weltladen Osnabr\u00fcck","robots":{"index":"index","follow":"follow","max-snippet":"max-snippet:-1","max-image-preview":"max-image-preview:large","max-video-preview":"max-video-preview:-1"},"canonical":"https:\/\/weltlaeden.de\/osnabrueck\/","og_locale":"de_DE","og_type":"article","og_title":"Weltladen Osnabr\u00fcck - Weltladen Osnabr\u00fcck","og_description":"[vc_row][vc_column][vc_column_text] Nachhaltig bedeutet, &#8230; dass die Ressourcen zur Gewinnung und Produktion der Waren regenerativ genutzt werden, dass die Umwelt nicht verpestet werden darf und dass der Boden n\u00e4hrstoffreich erhalten wird. Fair bedeutet, ... dass die Produzent*innen, Kunsthandwerker*innen und die Mitglieder der Landwirtschaftsbetriebe den Wert ihrer Ware mitbestimmen, dass sie einen Lohn erhalten, der nicht nur&hellip;","og_url":"https:\/\/weltlaeden.de\/osnabrueck\/","og_site_name":"Weltladen Osnabr\u00fcck","article_modified_time":"2021-12-06T15:34:55+00:00","og_image":[{"url":"https:\/\/weltlaeden.de\/osnabrueck\/wp-content\/uploads\/sites\/56\/2021\/06\/Titelbild-Weltladen.jpg","type":"","width":"","height":""}],"twitter_card":"summary_large_image","twitter_misc":{"Gesch\u00e4tzte Lesezeit":"1\u00a0Minute"},"schema":{"@context":"https:\/\/schema.org","@graph":[{"@type":"WebPage","@id":"https:\/\/weltlaeden.de\/osnabrueck\/","url":"https:\/\/weltlaeden.de\/osnabrueck\/","name":"Weltladen Osnabr\u00fcck - Weltladen Osnabr\u00fcck","isPartOf":{"@id":"https:\/\/weltlaeden.de\/osnabrueck\/#website"},"primaryImageOfPage":{"@id":"https:\/\/weltlaeden.de\/osnabrueck\/#primaryimage"},"image":{"@id":"https:\/\/weltlaeden.de\/osnabrueck\/#primaryimage"},"thumbnailUrl":"https:\/\/weltlaeden.de\/osnabrueck\/wp-content\/uploads\/sites\/56\/2021\/06\/Titelbild-Weltladen.jpg","datePublished":"2016-10-14T07:05:21+00:00","dateModified":"2021-12-06T15:34:55+00:00","breadcrumb":{"@id":"https:\/\/weltlaeden.de\/osnabrueck\/#breadcrumb"},"inLanguage":"de","potentialAction":[{"@type":"ReadAction","target":["https:\/\/weltlaeden.de\/osnabrueck\/"]}]},{"@type":"ImageObject","inLanguage":"de","@id":"https:\/\/weltlaeden.de\/osnabrueck\/#primaryimage","url":"https:\/\/weltlaeden.de\/osnabrueck\/wp-content\/uploads\/sites\/56\/2021\/06\/Titelbild-Weltladen.jpg","contentUrl":"https:\/\/weltlaeden.de\/osnabrueck\/wp-content\/uploads\/sites\/56\/2021\/06\/Titelbild-Weltladen.jpg","width":1747,"height":1240},{"@type":"BreadcrumbList","@id":"https:\/\/weltlaeden.de\/osnabrueck\/#breadcrumb","itemListElement":[{"@type":"ListItem","position":1,"name":"Startseite","item":"https:\/\/weltlaeden.de\/osnabrueck\/"},{"@type":"ListItem","position":2,"name":"Weltladen Osnabr\u00fcck"}]},{"@type":"WebSite","@id":"https:\/\/weltlaeden.de\/osnabrueck\/#website","url":"https:\/\/weltlaeden.de\/osnabrueck\/","name":"Vorlage","description":"Faire Produkte seit 1990","potentialAction":[{"@type":"SearchAction","target":{"@type":"EntryPoint","urlTemplate":"https:\/\/weltlaeden.de\/osnabrueck\/?s={search_term_string}"},"query-input":{"@type":"PropertyValueSpecification","valueRequired":true,"valueName":"search_term_string"}}],"inLanguage":"de"}]}},"_links":{"self":[{"href":"https:\/\/weltlaeden.de\/osnabrueck\/wp-json\/wp\/v2\/pages\/20","targetHints":{"allow":["GET"]}}],"collection":[{"href":"https:\/\/weltlaeden.de\/osnabrueck\/wp-json\/wp\/v2\/pages"}],"about":[{"href":"https:\/\/weltlaeden.de\/osnabrueck\/wp-json\/wp\/v2\/types\/page"}],"author":[{"embeddable":true,"href":"https:\/\/weltlaeden.de\/osnabrueck\/wp-json\/wp\/v2\/users\/1"}],"replies":[{"embeddable":true,"href":"https:\/\/weltlaeden.de\/osnabrueck\/wp-json\/wp\/v2\/comments?post=20"}],"version-history":[{"count":77,"href":"https:\/\/weltlaeden.de\/osnabrueck\/wp-json\/wp\/v2\/pages\/20\/revisions"}],"predecessor-version":[{"id":762,"href":"https:\/\/weltlaeden.de\/osnabrueck\/wp-json\/wp\/v2\/pages\/20\/revisions\/762"}],"wp:attachment":[{"href":"https:\/\/weltlaeden.de\/osnabrueck\/wp-json\/wp\/v2\/media?parent=20"}],"curies":[{"name":"wp","href":"https:\/\/api.w.org\/{rel}","templated":true}]}}