{"id":2691,"date":"2025-02-27T20:23:51","date_gmt":"2025-02-27T19:23:51","guid":{"rendered":"https:\/\/weltlaeden.de\/oranienburg\/?page_id=2691"},"modified":"2025-02-27T20:23:51","modified_gmt":"2025-02-27T19:23:51","slug":"handelspartner-portrait-prokritee","status":"publish","type":"page","link":"https:\/\/weltlaeden.de\/oranienburg\/handelspartner-portrait-prokritee\/","title":{"rendered":"Handelspartner-Portrait: Prokritee"},"content":{"rendered":"<div class=\"wpb-content-wrapper\"><p>[vc_row][vc_column]<div class=\"wl_einzelbild\"><p><img loading=\"lazy\" decoding=\"async\" class=\"alignleft\" src=\"https:\/\/weltlaeden.de\/vorlage\/wp-content\/uploads\/sites\/3\/2020\/10\/Prokritee-1_K.-Khatun_Quelle_Dave-Klassen_1200x500.jpg\" alt=\"\" width=\"1200\" height=\"500\" \/><\/p>\n<p><\/p><\/div>[vc_empty_space][\/vc_column][\/vc_row][vc_row][vc_column][vc_column_text]<span style=\"color: #808080\"><strong><em>Handelspartner-Portrait<\/em><\/strong><\/span><\/p>\n<h1>Handwerkskunst von Prokritee aus Bangladesch<\/h1>\n<p>K\u00f6rbe aus Kaisa-Gras, handgesch\u00f6pftes Papier aus Juteresten, Sessel aus recycelten Sari-Stoffen,\u2026 Prokritee bedeutet auf Bengalisch \u201eNatur\u201c. Alle Produkte werden von Hand und ausschlie\u00dflich aus nat\u00fcrlichen oder recycelten Materialien gefertigt. Genau so bunt und vielf\u00e4ltig wie die Muster und Materialen der Produkte von Prokritee sind die Geschichten der Frauen, die sie herstellen.[\/vc_column_text][\/vc_column][\/vc_row][vc_row][vc_column][vc_empty_space height=&#8220;20px&#8220;][vc_column_text]<\/p>\n<h2><strong><span style=\"color: #f39800\">Chancen f\u00fcr Frauen<\/span><\/strong><\/h2>\n<p>Das Einkommen der Menschen in den abgelegenen l\u00e4ndlichen Regionen Bangladeschs h\u00e4ngt vor allem von der Landwirtschaft ab, viele arbeiten als Saisonkr\u00e4fte bei der Ernte. Die Frauen heiraten oft sehr jung, sie besitzen selten eigenes Land und es gibt f\u00fcr sie kaum M\u00f6glichkeiten bezahlter Besch\u00e4ftigung. Durch die Schaffung sicherer Arbeitspl\u00e4tze f\u00fcr Frauen unterst\u00fctzt Prokritee die Frauen und deren Familien. So k\u00f6nnen sie ihren Lebensstandard verbessern, unabh\u00e4ngiger werden und auch in die Bildung ihrer Kinder investieren &#8211; davon profitiert die gesamte Gemeinschaft.<\/p>\n<p>[\/vc_column_text][\/vc_column][\/vc_row][vc_row][vc_column][vc_empty_space height=&#8220;15px&#8220;][\/vc_column][\/vc_row][vc_row][vc_column width=&#8220;1\/3&#8243;]<div class=\"wl_einzelbild\"><p><img loading=\"lazy\" decoding=\"async\" class=\"size-medium wp-image-nsm-3-80 alignleft\" src=\"https:\/\/weltlaeden.de\/vorlage\/wp-content\/uploads\/sites\/3\/2020\/10\/Prokritee-2_A.-Rani_Quelle_Prokritee-300x219.jpg\" alt=\"\" width=\"300\" height=\"219\" \/><\/p><\/div>[\/vc_column][vc_column width=&#8220;2\/3&#8243;][vc_column_text]Anita Rani lebte mit ihrer Familie in gro\u00dfer Armut. Durch ihr Geschick bei der Herstellung von Papeterie mit einer speziellen Pr\u00e4getechnik erh\u00e4lt sie nicht nur ein gutes Einkommen, sondern hat auch einen h\u00f6heren gesellschaftlichen Status erlangt.[\/vc_column_text][\/vc_column][\/vc_row][vc_row][vc_column][vc_empty_space height=&#8220;20px&#8220;][\/vc_column][\/vc_row][vc_row][vc_column width=&#8220;1\/3&#8243;]<div class=\"wl_einzelbild\"><p><img loading=\"lazy\" decoding=\"async\" class=\"size-medium wp-image-nsm-3-81 alignleft\" src=\"https:\/\/weltlaeden.de\/vorlage\/wp-content\/uploads\/sites\/3\/2020\/10\/Prokritee-3_M.-Halder_Quelle_Prokritee-300x213.jpg\" alt=\"\" width=\"300\" height=\"213\" \/><\/p><\/div>[\/vc_column][vc_column width=&#8220;2\/3&#8243;][vc_column_text]Monimala Halder wurde schon mit 23 Jahren Witwe und musste allein f\u00fcr sich und ihre zwei Kinder sorgen. Bei Prokritee hat sie gelernt, handgesch\u00f6pftes Papier aus Wasserhyazinthen herzustellen. Mit ihrem Einkommen konnte sie ein St\u00fcck Land erwerben und ihre S\u00f6hne zur Schule schicken.[\/vc_column_text][\/vc_column][\/vc_row][vc_row][vc_column][vc_empty_space height=&#8220;20px&#8220;][vc_column_text]<\/p>\n<h2><span style=\"color: #f39800\"><strong>Gemeinwohl statt Profitmaximierung<\/strong><\/span><\/h2>\n<p>Die Organisation Prokritee entstand im Jahr 2001 aus einem Handwerksprojekt der mennonitischen Kirche. Heute unterst\u00fctzt sie zehn Handwerksgruppen in l\u00e4ndlichen Regionen Bangladeschs bei der Gestaltung und Vermarktung ihrer Produkte. 2000 Handwerker*innen, \u00fcberwiegend Frauen, haben so eine M\u00f6glichkeit gefunden, sich fortzubilden und eigenes Einkommen zu erwirtschaften. Darunter sind viele Witwen oder landlose Frauen, die besonders von Armut und Ausgrenzung betroffen sind. Ein fairer St\u00fcckpreis f\u00fcr ihre handgearbeiteten Produkte, Sonderzahlungen und Zusch\u00fcsse zur Gesundheitsvorsorge bieten den Mitarbeiterinnen finanzielle Sicherheit.<\/p>\n<p>Fair statt mehr: Statt Profit stehen bei Prokritee der Umweltschutz und der Blick auf das Gemeinwohl im Mittelpunkt. Wenn es dennoch gelingt, Gewinne zu erwirtschaften, reinvestiert die Organisation diese oder zahlt sie in einen Fonds f\u00fcr die Altersvorsorge der Produzent*innen ein. Ein weiterer Anteil wird direkt an die Produzent*innen ausgezahlt. Ein gutes Leben durch Fairen Handel \u2013 f\u00fcr Swapan Kumar Das, Gesch\u00e4ftsf\u00fchrer von Prokritee, bedeutet das: \u201eWir m\u00f6chten nicht nur sch\u00f6ne Produkte herstellen, sondern der Gemeinschaft helfen.\u201c[\/vc_column_text][\/vc_column][\/vc_row][vc_row][vc_column][vc_empty_space]<blockquote class=\"text-big shortcode-blockquote\"><h2><span style=\"color: #f39800\"><em>\u201eWir m\u00f6chten nicht nur sch\u00f6ne Produkte herstellen, sondern der Gemeinschaft helfen.\u201c<\/em><\/span><\/h2>\n<p style=\"text-align: right\">(Swapan Kumar Das, Gesch\u00e4ftsf\u00fchrer von Prokritee)<\/p>\n<\/blockquote>[\/vc_column][\/vc_row][vc_row][vc_column][vc_empty_space][\/vc_column][\/vc_row][vc_row][vc_column][vc_separator border_width=&#8220;2&#8243;][vc_column_text]<em>Bildnachweise f\u00fcr diese Seite (von oben nach unten): <\/em><em>Dave Klassen, <\/em><em>Prokritee, <\/em><em>Prokritee<\/em><\/p>\n<p>Quellen: <a href=\"http:\/\/www.prokritee.com\" target=\"_blank\" rel=\"noopener\">www.prokritee.com<\/a>, <a href=\"http:\/\/www.gepa.de\/produzenten\/partner\/prokritee.html\" target=\"_blank\" rel=\"noopener\">www.gepa.de\/produzenten\/partner\/prokritee.html<\/a>[\/vc_column_text][\/vc_column][\/vc_row]<\/p>\n<\/div>","protected":false},"excerpt":{"rendered":"<p>[vc_row][vc_column][vc_empty_space][\/vc_column][\/vc_row][vc_row][vc_column][vc_column_text]Handelspartner-Portrait Handwerkskunst von Prokritee aus Bangladesch K\u00f6rbe aus Kaisa-Gras, handgesch\u00f6pftes Papier aus Juteresten, Sessel aus recycelten Sari-Stoffen,\u2026 Prokritee bedeutet auf Bengalisch \u201eNatur\u201c. Alle Produkte werden von Hand und ausschlie\u00dflich aus nat\u00fcrlichen oder recycelten Materialien gefertigt. Genau so bunt und vielf\u00e4ltig wie die Muster und Materialen der Produkte von Prokritee sind die Geschichten der Frauen, die&hellip;<\/p>\n","protected":false},"author":185,"featured_media":0,"parent":0,"menu_order":8,"comment_status":"closed","ping_status":"closed","template":"","meta":{"footnotes":""},"class_list":["post-2691","page","type-page","status-publish","hentry","description-off"],"yoast_head":"<!-- This site is optimized with the Yoast SEO plugin v26.8 - https:\/\/yoast.com\/product\/yoast-seo-wordpress\/ -->\n<title>Handelspartner-Portrait: Prokritee - Weltladen Oranienburg<\/title>\n<meta name=\"robots\" content=\"index, follow, max-snippet:-1, max-image-preview:large, max-video-preview:-1\" \/>\n<link rel=\"canonical\" href=\"https:\/\/weltlaeden.de\/oranienburg\/handelspartner-portrait-prokritee\/\" \/>\n<meta property=\"og:locale\" content=\"de_DE\" \/>\n<meta property=\"og:type\" content=\"article\" \/>\n<meta property=\"og:title\" content=\"Handelspartner-Portrait: Prokritee - Weltladen Oranienburg\" \/>\n<meta property=\"og:description\" content=\"[vc_row][vc_column][vc_empty_space][\/vc_column][\/vc_row][vc_row][vc_column][vc_column_text]Handelspartner-Portrait Handwerkskunst von Prokritee aus Bangladesch K\u00f6rbe aus Kaisa-Gras, handgesch\u00f6pftes Papier aus Juteresten, Sessel aus recycelten Sari-Stoffen,\u2026 Prokritee bedeutet auf Bengalisch \u201eNatur\u201c. Alle Produkte werden von Hand und ausschlie\u00dflich aus nat\u00fcrlichen oder recycelten Materialien gefertigt. Genau so bunt und vielf\u00e4ltig wie die Muster und Materialen der Produkte von Prokritee sind die Geschichten der Frauen, die&hellip;\" \/>\n<meta property=\"og:url\" content=\"https:\/\/weltlaeden.de\/oranienburg\/handelspartner-portrait-prokritee\/\" \/>\n<meta property=\"og:site_name\" content=\"Weltladen Oranienburg\" \/>\n<meta property=\"og:image\" content=\"https:\/\/weltlaeden.de\/vorlage\/wp-content\/uploads\/sites\/3\/2020\/10\/Prokritee-1_K.-Khatun_Quelle_Dave-Klassen_1200x500.jpg\" \/>\n<meta name=\"twitter:card\" content=\"summary_large_image\" \/>\n<meta name=\"twitter:label1\" content=\"Gesch\u00e4tzte Lesezeit\" \/>\n\t<meta name=\"twitter:data1\" content=\"3\u00a0Minuten\" \/>\n<script type=\"application\/ld+json\" class=\"yoast-schema-graph\">{\"@context\":\"https:\/\/schema.org\",\"@graph\":[{\"@type\":\"WebPage\",\"@id\":\"https:\/\/weltlaeden.de\/oranienburg\/handelspartner-portrait-prokritee\/\",\"url\":\"https:\/\/weltlaeden.de\/oranienburg\/handelspartner-portrait-prokritee\/\",\"name\":\"Handelspartner-Portrait: Prokritee - Weltladen Oranienburg\",\"isPartOf\":{\"@id\":\"https:\/\/weltlaeden.de\/oranienburg\/#website\"},\"primaryImageOfPage\":{\"@id\":\"https:\/\/weltlaeden.de\/oranienburg\/handelspartner-portrait-prokritee\/#primaryimage\"},\"image\":{\"@id\":\"https:\/\/weltlaeden.de\/oranienburg\/handelspartner-portrait-prokritee\/#primaryimage\"},\"thumbnailUrl\":\"https:\/\/weltlaeden.de\/vorlage\/wp-content\/uploads\/sites\/3\/2020\/10\/Prokritee-1_K.-Khatun_Quelle_Dave-Klassen_1200x500.jpg\",\"datePublished\":\"2025-02-27T19:23:51+00:00\",\"breadcrumb\":{\"@id\":\"https:\/\/weltlaeden.de\/oranienburg\/handelspartner-portrait-prokritee\/#breadcrumb\"},\"inLanguage\":\"de\",\"potentialAction\":[{\"@type\":\"ReadAction\",\"target\":[\"https:\/\/weltlaeden.de\/oranienburg\/handelspartner-portrait-prokritee\/\"]}]},{\"@type\":\"ImageObject\",\"inLanguage\":\"de\",\"@id\":\"https:\/\/weltlaeden.de\/oranienburg\/handelspartner-portrait-prokritee\/#primaryimage\",\"url\":\"https:\/\/weltlaeden.de\/vorlage\/wp-content\/uploads\/sites\/3\/2020\/10\/Prokritee-1_K.-Khatun_Quelle_Dave-Klassen_1200x500.jpg\",\"contentUrl\":\"https:\/\/weltlaeden.de\/vorlage\/wp-content\/uploads\/sites\/3\/2020\/10\/Prokritee-1_K.-Khatun_Quelle_Dave-Klassen_1200x500.jpg\"},{\"@type\":\"BreadcrumbList\",\"@id\":\"https:\/\/weltlaeden.de\/oranienburg\/handelspartner-portrait-prokritee\/#breadcrumb\",\"itemListElement\":[{\"@type\":\"ListItem\",\"position\":1,\"name\":\"Startseite\",\"item\":\"https:\/\/weltlaeden.de\/oranienburg\/\"},{\"@type\":\"ListItem\",\"position\":2,\"name\":\"Handelspartner-Portrait: Prokritee\"}]},{\"@type\":\"WebSite\",\"@id\":\"https:\/\/weltlaeden.de\/oranienburg\/#website\",\"url\":\"https:\/\/weltlaeden.de\/oranienburg\/\",\"name\":\"Weltladen Oranienburg\",\"description\":\"Faire Produkte seit 1990\",\"potentialAction\":[{\"@type\":\"SearchAction\",\"target\":{\"@type\":\"EntryPoint\",\"urlTemplate\":\"https:\/\/weltlaeden.de\/oranienburg\/?s={search_term_string}\"},\"query-input\":{\"@type\":\"PropertyValueSpecification\",\"valueRequired\":true,\"valueName\":\"search_term_string\"}}],\"inLanguage\":\"de\"}]}<\/script>\n<!-- \/ Yoast SEO plugin. -->","yoast_head_json":{"title":"Handelspartner-Portrait: Prokritee - Weltladen Oranienburg","robots":{"index":"index","follow":"follow","max-snippet":"max-snippet:-1","max-image-preview":"max-image-preview:large","max-video-preview":"max-video-preview:-1"},"canonical":"https:\/\/weltlaeden.de\/oranienburg\/handelspartner-portrait-prokritee\/","og_locale":"de_DE","og_type":"article","og_title":"Handelspartner-Portrait: Prokritee - Weltladen Oranienburg","og_description":"[vc_row][vc_column][vc_empty_space][\/vc_column][\/vc_row][vc_row][vc_column][vc_column_text]Handelspartner-Portrait Handwerkskunst von Prokritee aus Bangladesch K\u00f6rbe aus Kaisa-Gras, handgesch\u00f6pftes Papier aus Juteresten, Sessel aus recycelten Sari-Stoffen,\u2026 Prokritee bedeutet auf Bengalisch \u201eNatur\u201c. Alle Produkte werden von Hand und ausschlie\u00dflich aus nat\u00fcrlichen oder recycelten Materialien gefertigt. Genau so bunt und vielf\u00e4ltig wie die Muster und Materialen der Produkte von Prokritee sind die Geschichten der Frauen, die&hellip;","og_url":"https:\/\/weltlaeden.de\/oranienburg\/handelspartner-portrait-prokritee\/","og_site_name":"Weltladen Oranienburg","og_image":[{"url":"https:\/\/weltlaeden.de\/vorlage\/wp-content\/uploads\/sites\/3\/2020\/10\/Prokritee-1_K.-Khatun_Quelle_Dave-Klassen_1200x500.jpg","type":"","width":"","height":""}],"twitter_card":"summary_large_image","twitter_misc":{"Gesch\u00e4tzte Lesezeit":"3\u00a0Minuten"},"schema":{"@context":"https:\/\/schema.org","@graph":[{"@type":"WebPage","@id":"https:\/\/weltlaeden.de\/oranienburg\/handelspartner-portrait-prokritee\/","url":"https:\/\/weltlaeden.de\/oranienburg\/handelspartner-portrait-prokritee\/","name":"Handelspartner-Portrait: Prokritee - Weltladen Oranienburg","isPartOf":{"@id":"https:\/\/weltlaeden.de\/oranienburg\/#website"},"primaryImageOfPage":{"@id":"https:\/\/weltlaeden.de\/oranienburg\/handelspartner-portrait-prokritee\/#primaryimage"},"image":{"@id":"https:\/\/weltlaeden.de\/oranienburg\/handelspartner-portrait-prokritee\/#primaryimage"},"thumbnailUrl":"https:\/\/weltlaeden.de\/vorlage\/wp-content\/uploads\/sites\/3\/2020\/10\/Prokritee-1_K.-Khatun_Quelle_Dave-Klassen_1200x500.jpg","datePublished":"2025-02-27T19:23:51+00:00","breadcrumb":{"@id":"https:\/\/weltlaeden.de\/oranienburg\/handelspartner-portrait-prokritee\/#breadcrumb"},"inLanguage":"de","potentialAction":[{"@type":"ReadAction","target":["https:\/\/weltlaeden.de\/oranienburg\/handelspartner-portrait-prokritee\/"]}]},{"@type":"ImageObject","inLanguage":"de","@id":"https:\/\/weltlaeden.de\/oranienburg\/handelspartner-portrait-prokritee\/#primaryimage","url":"https:\/\/weltlaeden.de\/vorlage\/wp-content\/uploads\/sites\/3\/2020\/10\/Prokritee-1_K.-Khatun_Quelle_Dave-Klassen_1200x500.jpg","contentUrl":"https:\/\/weltlaeden.de\/vorlage\/wp-content\/uploads\/sites\/3\/2020\/10\/Prokritee-1_K.-Khatun_Quelle_Dave-Klassen_1200x500.jpg"},{"@type":"BreadcrumbList","@id":"https:\/\/weltlaeden.de\/oranienburg\/handelspartner-portrait-prokritee\/#breadcrumb","itemListElement":[{"@type":"ListItem","position":1,"name":"Startseite","item":"https:\/\/weltlaeden.de\/oranienburg\/"},{"@type":"ListItem","position":2,"name":"Handelspartner-Portrait: Prokritee"}]},{"@type":"WebSite","@id":"https:\/\/weltlaeden.de\/oranienburg\/#website","url":"https:\/\/weltlaeden.de\/oranienburg\/","name":"Weltladen Oranienburg","description":"Faire Produkte seit 1990","potentialAction":[{"@type":"SearchAction","target":{"@type":"EntryPoint","urlTemplate":"https:\/\/weltlaeden.de\/oranienburg\/?s={search_term_string}"},"query-input":{"@type":"PropertyValueSpecification","valueRequired":true,"valueName":"search_term_string"}}],"inLanguage":"de"}]}},"_links":{"self":[{"href":"https:\/\/weltlaeden.de\/oranienburg\/wp-json\/wp\/v2\/pages\/2691","targetHints":{"allow":["GET"]}}],"collection":[{"href":"https:\/\/weltlaeden.de\/oranienburg\/wp-json\/wp\/v2\/pages"}],"about":[{"href":"https:\/\/weltlaeden.de\/oranienburg\/wp-json\/wp\/v2\/types\/page"}],"author":[{"embeddable":true,"href":"https:\/\/weltlaeden.de\/oranienburg\/wp-json\/wp\/v2\/users\/185"}],"replies":[{"embeddable":true,"href":"https:\/\/weltlaeden.de\/oranienburg\/wp-json\/wp\/v2\/comments?post=2691"}],"version-history":[{"count":1,"href":"https:\/\/weltlaeden.de\/oranienburg\/wp-json\/wp\/v2\/pages\/2691\/revisions"}],"predecessor-version":[{"id":2692,"href":"https:\/\/weltlaeden.de\/oranienburg\/wp-json\/wp\/v2\/pages\/2691\/revisions\/2692"}],"wp:attachment":[{"href":"https:\/\/weltlaeden.de\/oranienburg\/wp-json\/wp\/v2\/media?parent=2691"}],"curies":[{"name":"wp","href":"https:\/\/api.w.org\/{rel}","templated":true}]}}