{"id":2673,"date":"2025-02-27T20:15:32","date_gmt":"2025-02-27T19:15:32","guid":{"rendered":"https:\/\/weltlaeden.de\/oranienburg\/?page_id=2673"},"modified":"2025-02-27T20:15:32","modified_gmt":"2025-02-27T19:15:32","slug":"handelspartner-portrait-heiveld","status":"publish","type":"page","link":"https:\/\/weltlaeden.de\/oranienburg\/handelspartner-portrait-heiveld\/","title":{"rendered":"Handelspartner-Portrait: Heiveld"},"content":{"rendered":"<div class=\"wpb-content-wrapper\"><p>[vc_row][vc_column]<div class=\"wl_einzelbild\"><p><img loading=\"lazy\" decoding=\"async\" class=\"aligncenter size-full wp-image-nsm-3-88\" src=\"https:\/\/weltlaeden.de\/vorlagensammlung\/wp-content\/uploads\/sites\/3\/2020\/10\/Heiveld-1_K.-Kotze_Quelle_Albert-Retief_1200x500.jpg\" alt=\"\" width=\"1200\" height=\"500\" \/><\/p><\/div>[vc_empty_space][\/vc_column][\/vc_row][vc_row][vc_column][vc_column_text]<span style=\"color: #808080\"><strong><em>Handelspartner-Portrait<\/em><\/strong><\/span><\/p>\n<h1>Die Rooibos-Revolution von Heiveld aus S\u00fcdafrika<\/h1>\n<p>Die Zederberge in S\u00fcdafrika sind hei\u00df und trocken \u2013 diese karge Landschaft ist der einzige Ort auf der Welt, an dem Rooibos w\u00e4chst. Dort haben sich in der Heiveld-Kooperative 70 B\u00e4uerinnen und Bauern zusammengeschlossen, um auf ihrem eigenen Land biologisch angebauten Rooibos-Tee zu produzieren.<\/p>\n<p>Rooibos wird \u00fcberwiegend auf industriell wirtschaftenden Gro\u00dffarmen angebaut, die im Besitz wei\u00dfer Farmer*innen sind. Die als \u201eColoureds\u201c bezeichneten Bev\u00f6lkerungsgruppen werden auch nach dem Ende der Apartheid diskriminiert und haben kaum Zugang zu fruchtbarem Farmland und Absatzm\u00e4rkten f\u00fcr ihre Produkte. Ihren Tee m\u00fcssen sie oft \u00fcber weite Strecken transportieren und ihn dann f\u00fcr wenig Geld an gro\u00dfe Firmen verkaufen.<\/p>\n<p>Um unabh\u00e4ngig zu werden und ihre Lebensverh\u00e4ltnisse nachhaltig zu verbessern, haben die Kleinproduzent*innen die Heiveld-Kooperative gegr\u00fcndet. Ihre Vision: Eine demokratische Organisation, \u00f6kologische Landwirtschaft auf eigenen Feldern, Aufbau eigener Strukturen f\u00fcr Verarbeitung und faire Vermarktung.[\/vc_column_text][\/vc_column][\/vc_row][vc_row][vc_column][vc_empty_space height=&#8220;20px&#8220;]<div class=\"wl_einzelbild\"><p><\/p>\n<div style=\"width: 610px\" class=\"wp-caption aligncenter\"><img loading=\"lazy\" decoding=\"async\" src=\"https:\/\/weltlaeden.de\/vorlagensammlung\/wp-content\/uploads\/sites\/3\/2020\/11\/Heiveld-2_-O.-The_Quelle_Martin-Lang_600x400.jpg\" alt=\"\" width=\"600\" height=\"400\" \/><p class=\"wp-caption-text\">Oompie The, Mitglied der Heiveld-Kooperative<\/p><\/div>\n<p><\/p><\/div>[vc_empty_space]<blockquote class=\"text-big shortcode-blockquote\"><h2>\u201e<em>Der Faire Handel hat das Leben und die Perspektive der Menschen ver\u00e4ndert. Von der Fair-Handels-Pr\u00e4mie konnten wir zum Beispiel die Weiterverarbeitungsanlage bezahlen. Durch den Fairen Handel ist das Selbstvertrauen der Menschen gestiegen<\/em>.\u201c<\/h2>\n<p style=\"text-align: right\">(Pieter Koopman, Vorstandsmitglied von Heiveld)<\/p>\n<\/blockquote>[vc_empty_space height=&#8220;15px&#8220;][vc_column_text]<\/p>\n<h2><strong><span style=\"color: #f39800\">Unabh\u00e4ngigkeit und Naturschutz<br \/>\n<\/span><\/strong><\/h2>\n<p>Um das sensible \u00d6kosystem zu sch\u00fctzen, bauen die Familien den Rooibos-Tee umweltschonend und ohne Einsatz von Maschinen an, auch geerntet wird aufwendig von Hand. Viele Frauen verdienen durch die Bewirtschaftung eigener Felder nun erstmals ein eigenes Einkommen, das sie vor allem in die Ausbildung ihrer Kinder investieren. Durch den Bau einer eigenen Verarbeitungsanlage bleibt mehr Geld bei den B\u00e4uer*innen und es entstanden neue Arbeitspl\u00e4tze.[\/vc_column_text][\/vc_column][\/vc_row][vc_row][vc_column][vc_empty_space height=&#8220;20px&#8220;]<div class=\"wl_einzelbild\"><p><\/p>\n<div style=\"width: 610px\" class=\"wp-caption aligncenter\"><img loading=\"lazy\" decoding=\"async\" src=\"https:\/\/weltlaeden.de\/vorlagensammlung\/wp-content\/uploads\/sites\/3\/2020\/11\/Heiveld-3_Rooibos_Quelle-Martin-Lang_600x400.jpg\" alt=\"\" width=\"600\" height=\"400\" \/><p class=\"wp-caption-text\">Fermentierter Rooibos<\/p><\/div>\n<p><\/p><\/div>[vc_empty_space height=&#8220;20px&#8220;][\/vc_column][\/vc_row][vc_row][vc_column][vc_column_text]<\/p>\n<h2><span style=\"color: #f39800\"><strong>Herausforderung Klimawandel<\/strong><\/span><\/h2>\n<p>Extreme D\u00fcrreperioden f\u00fchrten in den letzten Jahren zu massiven Ernte- und Einkommenseinbu\u00dfen f\u00fcr die Mitglieder. Auch die letzte Regenzeit brachte nur 55% der durchschnittlichen Regenf\u00e4lle. Um den Folgen des Klimawandels durch neue Anbaumethoden und eine systematische Erhebung von Wetterdaten begegnen zu k\u00f6nnen, sind die stabilen und h\u00f6heren Einnahmen durch den Fairen Handel f\u00fcr die Kooperative wichtiger denn je.[\/vc_column_text][\/vc_column][\/vc_row][vc_row][vc_column][vc_empty_space height=&#8220;20px&#8220;][vc_video link=&#8220;https:\/\/www.youtube.com\/watch?v=a_d4r0W6lLA&#8220;][vc_empty_space][vc_separator border_width=&#8220;2&#8243;][\/vc_column][\/vc_row][vc_row][vc_column][vc_column_text]<em>Bildnachweise f\u00fcr diese Seite (von oben nach unten): <\/em><em>Albert Retief, Martin Lang, Martin Lang<br \/>\n<\/em><\/p>\n<p><em>Quellenangaben: <\/em><a href=\"http:\/\/www.heiveld.co.za\/\" target=\"_blank\" rel=\"noopener\">www.heiv<em>eld.co.za\/<\/em><\/a><em>, <\/em><a href=\"http:\/\/www.weltpartner.de\/de\/handelspartner\/afrika\/suedafrika\/heiveld-co-operative\" target=\"_blank\" rel=\"noopener\"><em>www.weltpartner.de\/de\/handelspartner\/afrika\/suedafrika\/heiveld-co-operative<\/em><\/a>[\/vc_column_text][\/vc_column][\/vc_row][vc_row][vc_column][\/vc_column][\/vc_row]<\/p>\n<\/div>","protected":false},"excerpt":{"rendered":"<p>[vc_row][vc_column][vc_empty_space][\/vc_column][\/vc_row][vc_row][vc_column][vc_column_text]Handelspartner-Portrait Die Rooibos-Revolution von Heiveld aus S\u00fcdafrika Die Zederberge in S\u00fcdafrika sind hei\u00df und trocken \u2013 diese karge Landschaft ist der einzige Ort auf der Welt, an dem Rooibos w\u00e4chst. Dort haben sich in der Heiveld-Kooperative 70 B\u00e4uerinnen und Bauern zusammengeschlossen, um auf ihrem eigenen Land biologisch angebauten Rooibos-Tee zu produzieren. Rooibos wird \u00fcberwiegend auf&hellip;<\/p>\n","protected":false},"author":185,"featured_media":0,"parent":0,"menu_order":10,"comment_status":"closed","ping_status":"closed","template":"","meta":{"footnotes":""},"class_list":["post-2673","page","type-page","status-publish","hentry","description-off"],"yoast_head":"<!-- This site is optimized with the Yoast SEO plugin v26.8 - https:\/\/yoast.com\/product\/yoast-seo-wordpress\/ -->\n<title>Handelspartner-Portrait: Heiveld - Weltladen Oranienburg<\/title>\n<meta name=\"robots\" content=\"index, follow, max-snippet:-1, max-image-preview:large, max-video-preview:-1\" \/>\n<link rel=\"canonical\" href=\"https:\/\/weltlaeden.de\/oranienburg\/handelspartner-portrait-heiveld\/\" \/>\n<meta property=\"og:locale\" content=\"de_DE\" \/>\n<meta property=\"og:type\" content=\"article\" \/>\n<meta property=\"og:title\" content=\"Handelspartner-Portrait: Heiveld - Weltladen Oranienburg\" \/>\n<meta property=\"og:description\" content=\"[vc_row][vc_column][vc_empty_space][\/vc_column][\/vc_row][vc_row][vc_column][vc_column_text]Handelspartner-Portrait Die Rooibos-Revolution von Heiveld aus S\u00fcdafrika Die Zederberge in S\u00fcdafrika sind hei\u00df und trocken \u2013 diese karge Landschaft ist der einzige Ort auf der Welt, an dem Rooibos w\u00e4chst. Dort haben sich in der Heiveld-Kooperative 70 B\u00e4uerinnen und Bauern zusammengeschlossen, um auf ihrem eigenen Land biologisch angebauten Rooibos-Tee zu produzieren. Rooibos wird \u00fcberwiegend auf&hellip;\" \/>\n<meta property=\"og:url\" content=\"https:\/\/weltlaeden.de\/oranienburg\/handelspartner-portrait-heiveld\/\" \/>\n<meta property=\"og:site_name\" content=\"Weltladen Oranienburg\" \/>\n<meta property=\"og:image\" content=\"https:\/\/weltlaeden.de\/vorlagensammlung\/wp-content\/uploads\/sites\/3\/2020\/10\/Heiveld-1_K.-Kotze_Quelle_Albert-Retief_1200x500.jpg\" \/>\n<meta name=\"twitter:card\" content=\"summary_large_image\" \/>\n<meta name=\"twitter:label1\" content=\"Gesch\u00e4tzte Lesezeit\" \/>\n\t<meta name=\"twitter:data1\" content=\"3\u00a0Minuten\" \/>\n<script type=\"application\/ld+json\" class=\"yoast-schema-graph\">{\"@context\":\"https:\/\/schema.org\",\"@graph\":[{\"@type\":\"WebPage\",\"@id\":\"https:\/\/weltlaeden.de\/oranienburg\/handelspartner-portrait-heiveld\/\",\"url\":\"https:\/\/weltlaeden.de\/oranienburg\/handelspartner-portrait-heiveld\/\",\"name\":\"Handelspartner-Portrait: Heiveld - Weltladen Oranienburg\",\"isPartOf\":{\"@id\":\"https:\/\/weltlaeden.de\/oranienburg\/#website\"},\"primaryImageOfPage\":{\"@id\":\"https:\/\/weltlaeden.de\/oranienburg\/handelspartner-portrait-heiveld\/#primaryimage\"},\"image\":{\"@id\":\"https:\/\/weltlaeden.de\/oranienburg\/handelspartner-portrait-heiveld\/#primaryimage\"},\"thumbnailUrl\":\"https:\/\/weltlaeden.de\/vorlagensammlung\/wp-content\/uploads\/sites\/3\/2020\/10\/Heiveld-1_K.-Kotze_Quelle_Albert-Retief_1200x500.jpg\",\"datePublished\":\"2025-02-27T19:15:32+00:00\",\"breadcrumb\":{\"@id\":\"https:\/\/weltlaeden.de\/oranienburg\/handelspartner-portrait-heiveld\/#breadcrumb\"},\"inLanguage\":\"de\",\"potentialAction\":[{\"@type\":\"ReadAction\",\"target\":[\"https:\/\/weltlaeden.de\/oranienburg\/handelspartner-portrait-heiveld\/\"]}]},{\"@type\":\"ImageObject\",\"inLanguage\":\"de\",\"@id\":\"https:\/\/weltlaeden.de\/oranienburg\/handelspartner-portrait-heiveld\/#primaryimage\",\"url\":\"https:\/\/weltlaeden.de\/vorlagensammlung\/wp-content\/uploads\/sites\/3\/2020\/10\/Heiveld-1_K.-Kotze_Quelle_Albert-Retief_1200x500.jpg\",\"contentUrl\":\"https:\/\/weltlaeden.de\/vorlagensammlung\/wp-content\/uploads\/sites\/3\/2020\/10\/Heiveld-1_K.-Kotze_Quelle_Albert-Retief_1200x500.jpg\"},{\"@type\":\"BreadcrumbList\",\"@id\":\"https:\/\/weltlaeden.de\/oranienburg\/handelspartner-portrait-heiveld\/#breadcrumb\",\"itemListElement\":[{\"@type\":\"ListItem\",\"position\":1,\"name\":\"Startseite\",\"item\":\"https:\/\/weltlaeden.de\/oranienburg\/\"},{\"@type\":\"ListItem\",\"position\":2,\"name\":\"Handelspartner-Portrait: Heiveld\"}]},{\"@type\":\"WebSite\",\"@id\":\"https:\/\/weltlaeden.de\/oranienburg\/#website\",\"url\":\"https:\/\/weltlaeden.de\/oranienburg\/\",\"name\":\"Weltladen Oranienburg\",\"description\":\"Faire Produkte seit 1990\",\"potentialAction\":[{\"@type\":\"SearchAction\",\"target\":{\"@type\":\"EntryPoint\",\"urlTemplate\":\"https:\/\/weltlaeden.de\/oranienburg\/?s={search_term_string}\"},\"query-input\":{\"@type\":\"PropertyValueSpecification\",\"valueRequired\":true,\"valueName\":\"search_term_string\"}}],\"inLanguage\":\"de\"}]}<\/script>\n<!-- \/ Yoast SEO plugin. -->","yoast_head_json":{"title":"Handelspartner-Portrait: Heiveld - Weltladen Oranienburg","robots":{"index":"index","follow":"follow","max-snippet":"max-snippet:-1","max-image-preview":"max-image-preview:large","max-video-preview":"max-video-preview:-1"},"canonical":"https:\/\/weltlaeden.de\/oranienburg\/handelspartner-portrait-heiveld\/","og_locale":"de_DE","og_type":"article","og_title":"Handelspartner-Portrait: Heiveld - Weltladen Oranienburg","og_description":"[vc_row][vc_column][vc_empty_space][\/vc_column][\/vc_row][vc_row][vc_column][vc_column_text]Handelspartner-Portrait Die Rooibos-Revolution von Heiveld aus S\u00fcdafrika Die Zederberge in S\u00fcdafrika sind hei\u00df und trocken \u2013 diese karge Landschaft ist der einzige Ort auf der Welt, an dem Rooibos w\u00e4chst. Dort haben sich in der Heiveld-Kooperative 70 B\u00e4uerinnen und Bauern zusammengeschlossen, um auf ihrem eigenen Land biologisch angebauten Rooibos-Tee zu produzieren. Rooibos wird \u00fcberwiegend auf&hellip;","og_url":"https:\/\/weltlaeden.de\/oranienburg\/handelspartner-portrait-heiveld\/","og_site_name":"Weltladen Oranienburg","og_image":[{"url":"https:\/\/weltlaeden.de\/vorlagensammlung\/wp-content\/uploads\/sites\/3\/2020\/10\/Heiveld-1_K.-Kotze_Quelle_Albert-Retief_1200x500.jpg","type":"","width":"","height":""}],"twitter_card":"summary_large_image","twitter_misc":{"Gesch\u00e4tzte Lesezeit":"3\u00a0Minuten"},"schema":{"@context":"https:\/\/schema.org","@graph":[{"@type":"WebPage","@id":"https:\/\/weltlaeden.de\/oranienburg\/handelspartner-portrait-heiveld\/","url":"https:\/\/weltlaeden.de\/oranienburg\/handelspartner-portrait-heiveld\/","name":"Handelspartner-Portrait: Heiveld - Weltladen Oranienburg","isPartOf":{"@id":"https:\/\/weltlaeden.de\/oranienburg\/#website"},"primaryImageOfPage":{"@id":"https:\/\/weltlaeden.de\/oranienburg\/handelspartner-portrait-heiveld\/#primaryimage"},"image":{"@id":"https:\/\/weltlaeden.de\/oranienburg\/handelspartner-portrait-heiveld\/#primaryimage"},"thumbnailUrl":"https:\/\/weltlaeden.de\/vorlagensammlung\/wp-content\/uploads\/sites\/3\/2020\/10\/Heiveld-1_K.-Kotze_Quelle_Albert-Retief_1200x500.jpg","datePublished":"2025-02-27T19:15:32+00:00","breadcrumb":{"@id":"https:\/\/weltlaeden.de\/oranienburg\/handelspartner-portrait-heiveld\/#breadcrumb"},"inLanguage":"de","potentialAction":[{"@type":"ReadAction","target":["https:\/\/weltlaeden.de\/oranienburg\/handelspartner-portrait-heiveld\/"]}]},{"@type":"ImageObject","inLanguage":"de","@id":"https:\/\/weltlaeden.de\/oranienburg\/handelspartner-portrait-heiveld\/#primaryimage","url":"https:\/\/weltlaeden.de\/vorlagensammlung\/wp-content\/uploads\/sites\/3\/2020\/10\/Heiveld-1_K.-Kotze_Quelle_Albert-Retief_1200x500.jpg","contentUrl":"https:\/\/weltlaeden.de\/vorlagensammlung\/wp-content\/uploads\/sites\/3\/2020\/10\/Heiveld-1_K.-Kotze_Quelle_Albert-Retief_1200x500.jpg"},{"@type":"BreadcrumbList","@id":"https:\/\/weltlaeden.de\/oranienburg\/handelspartner-portrait-heiveld\/#breadcrumb","itemListElement":[{"@type":"ListItem","position":1,"name":"Startseite","item":"https:\/\/weltlaeden.de\/oranienburg\/"},{"@type":"ListItem","position":2,"name":"Handelspartner-Portrait: Heiveld"}]},{"@type":"WebSite","@id":"https:\/\/weltlaeden.de\/oranienburg\/#website","url":"https:\/\/weltlaeden.de\/oranienburg\/","name":"Weltladen Oranienburg","description":"Faire Produkte seit 1990","potentialAction":[{"@type":"SearchAction","target":{"@type":"EntryPoint","urlTemplate":"https:\/\/weltlaeden.de\/oranienburg\/?s={search_term_string}"},"query-input":{"@type":"PropertyValueSpecification","valueRequired":true,"valueName":"search_term_string"}}],"inLanguage":"de"}]}},"_links":{"self":[{"href":"https:\/\/weltlaeden.de\/oranienburg\/wp-json\/wp\/v2\/pages\/2673","targetHints":{"allow":["GET"]}}],"collection":[{"href":"https:\/\/weltlaeden.de\/oranienburg\/wp-json\/wp\/v2\/pages"}],"about":[{"href":"https:\/\/weltlaeden.de\/oranienburg\/wp-json\/wp\/v2\/types\/page"}],"author":[{"embeddable":true,"href":"https:\/\/weltlaeden.de\/oranienburg\/wp-json\/wp\/v2\/users\/185"}],"replies":[{"embeddable":true,"href":"https:\/\/weltlaeden.de\/oranienburg\/wp-json\/wp\/v2\/comments?post=2673"}],"version-history":[{"count":1,"href":"https:\/\/weltlaeden.de\/oranienburg\/wp-json\/wp\/v2\/pages\/2673\/revisions"}],"predecessor-version":[{"id":2683,"href":"https:\/\/weltlaeden.de\/oranienburg\/wp-json\/wp\/v2\/pages\/2673\/revisions\/2683"}],"wp:attachment":[{"href":"https:\/\/weltlaeden.de\/oranienburg\/wp-json\/wp\/v2\/media?parent=2673"}],"curies":[{"name":"wp","href":"https:\/\/api.w.org\/{rel}","templated":true}]}}