{"id":2665,"date":"2025-02-27T20:01:49","date_gmt":"2025-02-27T19:01:49","guid":{"rendered":"https:\/\/weltlaeden.de\/oranienburg\/?page_id=2665"},"modified":"2025-02-27T20:01:49","modified_gmt":"2025-02-27T19:01:49","slug":"handelspartner-portrait-sekem-2","status":"publish","type":"page","link":"https:\/\/weltlaeden.de\/oranienburg\/handelspartner-portrait-sekem-2\/","title":{"rendered":"Handelspartner-Portrait: Sekem"},"content":{"rendered":"<div class=\"wpb-content-wrapper\"><p>[vc_row][vc_column]<div class=\"wl_einzelbild\"><p><img loading=\"lazy\" decoding=\"async\" class=\"aligncenter size-full wp-image-nsm-3-127\" src=\"https:\/\/weltlaeden.de\/vorlagensammlung\/wp-content\/uploads\/sites\/3\/2022\/10\/Sekem-1-Dattelbauern_Quelle_El-Puente_1200x500.png\" alt=\"\" width=\"1200\" height=\"500\" \/><\/p><\/div>[vc_empty_space][\/vc_column][\/vc_row][vc_row][vc_column][vc_column_text]<span style=\"color: #808080\"><strong><em>Handelspartner-Portrait<\/em><\/strong><\/span><\/p>\n<h1>Ackerland aus W\u00fcstensand: Bio-Lebensmittel und Textilien von Sekem in \u00c4gypten<\/h1>\n<p>Sekem, die \u201eKraft der Sonne\u201c, steht f\u00fcr ein nachhaltiges Zukunftsmodell durch \u00f6kologische Landwirtschaft. Es begann mit der Kultivierung von 70 Hektar W\u00fcstenland; heute vereint das Unternehmen mehrere landwirtschaftliche und verarbeitende Betriebe, die nach \u00f6kologischen und fairen Standards arbeiten.<\/p>\n<p>Auch die beliebten Bio-Dattel-Tr\u00fcffel entstehen in einem der Sekem-Betriebe. Die Verarbeitung der Rohwaren zu exportfertigen Lebensmitteln erh\u00f6ht die Wertsch\u00f6pfung und bietet qualifizierte, fair entlohnte Arbeitspl\u00e4tze f\u00fcr \u00fcber 2.000 Menschen. Sekem f\u00f6rdert besonders die beruflichen Chancen von Frauen. Das Unternehmen versteht sich dabei nicht nur als Arbeitgeber, sondern als Ort der Gemeinschaft und pers\u00f6nlichen Entwicklung. Gesundheitszentren und Bildungseinrichtungen vom Kindergarten bis zur \u201eHeliopolis-Universit\u00e4t f\u00fcr Nachhaltige Entwicklung\u201c stehen auch den Bewohner*innen der Umgebung offen.[\/vc_column_text][vc_empty_space height=&#8220;15px&#8220;][vc_column_text]<\/p>\n<h2><span style=\"color: #f39800\"><strong>Wahat: Das Wunder in der W\u00fcste<\/strong><\/span><\/h2>\n<p>Der Grundstein aller Sekem-Aktivit\u00e4ten ist die Erschlie\u00dfung neuer Anbaufl\u00e4chen in der W\u00fcste, denn nur etwa drei Prozent der Staatsfl\u00e4che \u00c4gyptens sind landwirtschaftlich nutzbar. Mit Kompost, effizienter Bew\u00e4sserung und angepasster Bepflanzung kann jedoch aus Sand lebendiger Boden werden. In Wahat, 400 km s\u00fcdwestlich von Kairo, machte Sekem nach der Entdeckung einer Wasserquelle hunderte Hektar W\u00fcstenland mit \u00f6kologischer Landwirtschaft urbar und leistet so einen wichtigen Beitrag zur Ern\u00e4hrungssicherung. Von der Wahat-Farm stammen auch die Datteln f\u00fcr die Dattel-Tr\u00fcffel. Der Anbau erfolgt biodynamisch nach Demeter-Standards. Diese Methode betrachtet Landwirtschaft und Natur als Einheit und in sich geschlossenes System und ber\u00fccksichtigt spirituelle Aspekte im Anbau.[\/vc_column_text][vc_empty_space height=&#8220;20px&#8220;]<div class=\"wl_einzelbild\"><p><img loading=\"lazy\" decoding=\"async\" class=\"aligncenter size-full wp-image-nsm-3-128\" src=\"https:\/\/weltlaeden.de\/vorlagensammlung\/wp-content\/uploads\/sites\/3\/2022\/10\/Sekem-2_Atif-Aly-Abdlhaleem_Quelle_Sekem_600x400.png\" alt=\"\" width=\"600\" height=\"400\" \/><\/p><\/div>[vc_empty_space height=&#8220;20px&#8220;][vc_column_text]Die B\u00e4uerinnen und Bauern erhalten durch die Zusammenarbeit mit Sekem faire Preise und Zugang zu Bildungsprogrammen sowie Gesundheitsversorgung. So k\u00f6nnen sie ihre sozialen, wirtschaftlichen und \u00f6kologischen Lebensbedingungen verbessern. Die Vereinigung der Erzeuger*innen entscheidet \u00fcber die Verwendung der Fair-Handels-Pr\u00e4mie, z. B. f\u00fcr Alphabetisierungsprogramme, Trinkwasserprojekte und landwirtschaftliche Schulungen.[\/vc_column_text][\/vc_column][\/vc_row][vc_row][vc_column][vc_empty_space height=&#8220;15px&#8220;]<blockquote class=\"text-big shortcode-blockquote\"><h2>\u201eAls ich 2010 auf die Wahat-Farm kam, war es W\u00fcstenland, begrenzt von wenigen kleinen Kasuarinen-B\u00e4umen. Jetzt gibt es viele gr\u00fcne Fl\u00e4chen. Der Bio-Landbau in der W\u00fcste ist eine Herausforderung, die aber auch viel Gl\u00fcck und Hoffnung mit sich bringt.\u201c<\/h2>\n<p style=\"text-align: right\">(El-Shahat Sahri, Bauer)<\/p>\n<\/blockquote>[vc_empty_space height=&#8220;15px&#8220;][vc_column_text][\/vc_column_text][\/vc_column][\/vc_row][vc_row][vc_column][vc_column_text]<\/p>\n<h2><span style=\"color: #f39800\"><strong>Klimapositiv in die Zukunft<\/strong><\/span><\/h2>\n<p>[\/vc_column_text][\/vc_column][\/vc_row][vc_row][vc_column width=&#8220;1\/3&#8243;][vc_empty_space height=&#8220;5px&#8220;]<div class=\"wl_einzelbild\"><p><img loading=\"lazy\" decoding=\"async\" class=\"alignleft size-medium wp-image-nsm-3-129\" src=\"https:\/\/weltlaeden.de\/vorlagensammlung\/wp-content\/uploads\/sites\/3\/2022\/10\/Sekem-3_Bewaesserung_Quelle_Sekem_600x400-300x200.png\" alt=\"\" width=\"300\" height=\"200\" \/><\/p><\/div>[\/vc_column][vc_column width=&#8220;2\/3&#8243;][vc_column_text]Die Produzent*innen in \u00c4gypten sind vom Klimawandel stark betroffen. Sekem erforscht \u00f6kologische Methoden, um Anbau und Pflanzen bestm\u00f6glich an die Ver\u00e4nderungen anzupassen. Aber vor allem unternimmt Sekem konkrete Schritte f\u00fcr den Klimaschutz und die CO2-Reduktion. Das Unternehmen will sp\u00e4testens im Jahr 2027 ausschlie\u00dflich erneuerbare Energien in allen Bereichen einsetzen.[\/vc_column_text][\/vc_column][\/vc_row][vc_row][vc_column][vc_empty_space height=&#8220;15px&#8220;][\/vc_column][\/vc_row][vc_row][vc_column width=&#8220;1\/3&#8243;]<div class=\"wl_einzelbild\"><p><img loading=\"lazy\" decoding=\"async\" class=\"alignleft size-medium wp-image-nsm-3-130\" src=\"https:\/\/weltlaeden.de\/vorlagensammlung\/wp-content\/uploads\/sites\/3\/2022\/10\/Sekem-4_-Solarmodule_Quelle_Sekem_545x363-300x217.jpg\" alt=\"\" width=\"300\" height=\"217\" \/><\/p><\/div>[\/vc_column][vc_column width=&#8220;2\/3&#8243;][vc_column_text]Schon heute liefern Fotovoltaik-Anlagen den Strom f\u00fcr ressourcenschonende Bew\u00e4sserungssysteme. Die neue landwirtschaftliche Fl\u00e4che in der Oase Wahat bindet durch den biologisch-dynamischen Bodenaufbau und die Pflanzung von 10.000 B\u00e4umen j\u00e4hrlich \u00fcber 975 Tonnen CO2. Sekem ist inzwischen klimapositiv, kompensiert also mehr CO2 als es verursacht.[\/vc_column_text][\/vc_column][\/vc_row][vc_row][vc_column][vc_empty_space height=&#8220;15px&#8220;][\/vc_column][\/vc_row][vc_row][vc_column][vc_column_text]F\u00fcr dieses Gesch\u00e4ftsmodell, das Profitabilit\u00e4t mit Respekt vor Mensch und Umwelt kombiniert, wurde der Gr\u00fcnder Ibrahim Abouleish 2003 mit dem \u201eAlternativen Nobelpreis\u201c ausgezeichnet.<\/p>\n<p><strong>Erfahren Sie hier mehr \u00fcber die Philosophie des Unternehmens und das Leben auf der Sekem-Farm: <\/strong>[\/vc_column_text][\/vc_column][\/vc_row][vc_row][vc_column][vc_empty_space height=&#8220;20px&#8220;][vc_video link=&#8220;https:\/\/www.youtube.com\/watch?v=i6qq72YVFcA&amp;t=2s&#8220;][vc_empty_space height=&#8220;20px&#8220;][\/vc_column][\/vc_row][vc_row][vc_column][vc_column_text]<em>Bildnachweise f\u00fcr diese Seite (von oben nach unten): <\/em><em>El Puente, Sekem, Sekem, Sekem<br \/>\n<\/em><\/p>\n<p>Weitere Informationen finden Sie unter <a href=\"http:\/\/www.sekem.com\" target=\"_blank\" rel=\"noopener\">www.sekem.com<\/a>[\/vc_column_text][\/vc_column][\/vc_row]<\/p>\n<\/div>","protected":false},"excerpt":{"rendered":"<p>[vc_row][vc_column][vc_empty_space][\/vc_column][\/vc_row][vc_row][vc_column][vc_column_text]Handelspartner-Portrait Ackerland aus W\u00fcstensand: Bio-Lebensmittel und Textilien von Sekem in \u00c4gypten Sekem, die \u201eKraft der Sonne\u201c, steht f\u00fcr ein nachhaltiges Zukunftsmodell durch \u00f6kologische Landwirtschaft. Es begann mit der Kultivierung von 70 Hektar W\u00fcstenland; heute vereint das Unternehmen mehrere landwirtschaftliche und verarbeitende Betriebe, die nach \u00f6kologischen und fairen Standards arbeiten. Auch die beliebten Bio-Dattel-Tr\u00fcffel entstehen in&hellip;<\/p>\n","protected":false},"author":185,"featured_media":0,"parent":0,"menu_order":14,"comment_status":"closed","ping_status":"closed","template":"","meta":{"footnotes":""},"class_list":["post-2665","page","type-page","status-publish","hentry","description-off"],"yoast_head":"<!-- This site is optimized with the Yoast SEO plugin v26.8 - https:\/\/yoast.com\/product\/yoast-seo-wordpress\/ -->\n<title>Handelspartner-Portrait: Sekem - Weltladen Oranienburg<\/title>\n<meta name=\"robots\" content=\"index, follow, max-snippet:-1, max-image-preview:large, max-video-preview:-1\" \/>\n<link rel=\"canonical\" href=\"https:\/\/weltlaeden.de\/oranienburg\/handelspartner-portrait-sekem-2\/\" \/>\n<meta property=\"og:locale\" content=\"de_DE\" \/>\n<meta property=\"og:type\" content=\"article\" \/>\n<meta property=\"og:title\" content=\"Handelspartner-Portrait: Sekem - Weltladen Oranienburg\" \/>\n<meta property=\"og:description\" content=\"[vc_row][vc_column][vc_empty_space][\/vc_column][\/vc_row][vc_row][vc_column][vc_column_text]Handelspartner-Portrait Ackerland aus W\u00fcstensand: Bio-Lebensmittel und Textilien von Sekem in \u00c4gypten Sekem, die \u201eKraft der Sonne\u201c, steht f\u00fcr ein nachhaltiges Zukunftsmodell durch \u00f6kologische Landwirtschaft. Es begann mit der Kultivierung von 70 Hektar W\u00fcstenland; heute vereint das Unternehmen mehrere landwirtschaftliche und verarbeitende Betriebe, die nach \u00f6kologischen und fairen Standards arbeiten. Auch die beliebten Bio-Dattel-Tr\u00fcffel entstehen in&hellip;\" \/>\n<meta property=\"og:url\" content=\"https:\/\/weltlaeden.de\/oranienburg\/handelspartner-portrait-sekem-2\/\" \/>\n<meta property=\"og:site_name\" content=\"Weltladen Oranienburg\" \/>\n<meta property=\"og:image\" content=\"https:\/\/weltlaeden.de\/vorlagensammlung\/wp-content\/uploads\/sites\/3\/2022\/10\/Sekem-1-Dattelbauern_Quelle_El-Puente_1200x500.png\" \/>\n<meta name=\"twitter:card\" content=\"summary_large_image\" \/>\n<meta name=\"twitter:label1\" content=\"Gesch\u00e4tzte Lesezeit\" \/>\n\t<meta name=\"twitter:data1\" content=\"4\u00a0Minuten\" \/>\n<script type=\"application\/ld+json\" class=\"yoast-schema-graph\">{\"@context\":\"https:\/\/schema.org\",\"@graph\":[{\"@type\":\"WebPage\",\"@id\":\"https:\/\/weltlaeden.de\/oranienburg\/handelspartner-portrait-sekem-2\/\",\"url\":\"https:\/\/weltlaeden.de\/oranienburg\/handelspartner-portrait-sekem-2\/\",\"name\":\"Handelspartner-Portrait: Sekem - Weltladen Oranienburg\",\"isPartOf\":{\"@id\":\"https:\/\/weltlaeden.de\/oranienburg\/#website\"},\"primaryImageOfPage\":{\"@id\":\"https:\/\/weltlaeden.de\/oranienburg\/handelspartner-portrait-sekem-2\/#primaryimage\"},\"image\":{\"@id\":\"https:\/\/weltlaeden.de\/oranienburg\/handelspartner-portrait-sekem-2\/#primaryimage\"},\"thumbnailUrl\":\"https:\/\/weltlaeden.de\/vorlagensammlung\/wp-content\/uploads\/sites\/3\/2022\/10\/Sekem-1-Dattelbauern_Quelle_El-Puente_1200x500.png\",\"datePublished\":\"2025-02-27T19:01:49+00:00\",\"breadcrumb\":{\"@id\":\"https:\/\/weltlaeden.de\/oranienburg\/handelspartner-portrait-sekem-2\/#breadcrumb\"},\"inLanguage\":\"de\",\"potentialAction\":[{\"@type\":\"ReadAction\",\"target\":[\"https:\/\/weltlaeden.de\/oranienburg\/handelspartner-portrait-sekem-2\/\"]}]},{\"@type\":\"ImageObject\",\"inLanguage\":\"de\",\"@id\":\"https:\/\/weltlaeden.de\/oranienburg\/handelspartner-portrait-sekem-2\/#primaryimage\",\"url\":\"https:\/\/weltlaeden.de\/vorlagensammlung\/wp-content\/uploads\/sites\/3\/2022\/10\/Sekem-1-Dattelbauern_Quelle_El-Puente_1200x500.png\",\"contentUrl\":\"https:\/\/weltlaeden.de\/vorlagensammlung\/wp-content\/uploads\/sites\/3\/2022\/10\/Sekem-1-Dattelbauern_Quelle_El-Puente_1200x500.png\"},{\"@type\":\"BreadcrumbList\",\"@id\":\"https:\/\/weltlaeden.de\/oranienburg\/handelspartner-portrait-sekem-2\/#breadcrumb\",\"itemListElement\":[{\"@type\":\"ListItem\",\"position\":1,\"name\":\"Startseite\",\"item\":\"https:\/\/weltlaeden.de\/oranienburg\/\"},{\"@type\":\"ListItem\",\"position\":2,\"name\":\"Handelspartner-Portrait: Sekem\"}]},{\"@type\":\"WebSite\",\"@id\":\"https:\/\/weltlaeden.de\/oranienburg\/#website\",\"url\":\"https:\/\/weltlaeden.de\/oranienburg\/\",\"name\":\"Weltladen Oranienburg\",\"description\":\"Faire Produkte seit 1990\",\"potentialAction\":[{\"@type\":\"SearchAction\",\"target\":{\"@type\":\"EntryPoint\",\"urlTemplate\":\"https:\/\/weltlaeden.de\/oranienburg\/?s={search_term_string}\"},\"query-input\":{\"@type\":\"PropertyValueSpecification\",\"valueRequired\":true,\"valueName\":\"search_term_string\"}}],\"inLanguage\":\"de\"}]}<\/script>\n<!-- \/ Yoast SEO plugin. -->","yoast_head_json":{"title":"Handelspartner-Portrait: Sekem - Weltladen Oranienburg","robots":{"index":"index","follow":"follow","max-snippet":"max-snippet:-1","max-image-preview":"max-image-preview:large","max-video-preview":"max-video-preview:-1"},"canonical":"https:\/\/weltlaeden.de\/oranienburg\/handelspartner-portrait-sekem-2\/","og_locale":"de_DE","og_type":"article","og_title":"Handelspartner-Portrait: Sekem - Weltladen Oranienburg","og_description":"[vc_row][vc_column][vc_empty_space][\/vc_column][\/vc_row][vc_row][vc_column][vc_column_text]Handelspartner-Portrait Ackerland aus W\u00fcstensand: Bio-Lebensmittel und Textilien von Sekem in \u00c4gypten Sekem, die \u201eKraft der Sonne\u201c, steht f\u00fcr ein nachhaltiges Zukunftsmodell durch \u00f6kologische Landwirtschaft. Es begann mit der Kultivierung von 70 Hektar W\u00fcstenland; heute vereint das Unternehmen mehrere landwirtschaftliche und verarbeitende Betriebe, die nach \u00f6kologischen und fairen Standards arbeiten. Auch die beliebten Bio-Dattel-Tr\u00fcffel entstehen in&hellip;","og_url":"https:\/\/weltlaeden.de\/oranienburg\/handelspartner-portrait-sekem-2\/","og_site_name":"Weltladen Oranienburg","og_image":[{"url":"https:\/\/weltlaeden.de\/vorlagensammlung\/wp-content\/uploads\/sites\/3\/2022\/10\/Sekem-1-Dattelbauern_Quelle_El-Puente_1200x500.png","type":"","width":"","height":""}],"twitter_card":"summary_large_image","twitter_misc":{"Gesch\u00e4tzte Lesezeit":"4\u00a0Minuten"},"schema":{"@context":"https:\/\/schema.org","@graph":[{"@type":"WebPage","@id":"https:\/\/weltlaeden.de\/oranienburg\/handelspartner-portrait-sekem-2\/","url":"https:\/\/weltlaeden.de\/oranienburg\/handelspartner-portrait-sekem-2\/","name":"Handelspartner-Portrait: Sekem - Weltladen Oranienburg","isPartOf":{"@id":"https:\/\/weltlaeden.de\/oranienburg\/#website"},"primaryImageOfPage":{"@id":"https:\/\/weltlaeden.de\/oranienburg\/handelspartner-portrait-sekem-2\/#primaryimage"},"image":{"@id":"https:\/\/weltlaeden.de\/oranienburg\/handelspartner-portrait-sekem-2\/#primaryimage"},"thumbnailUrl":"https:\/\/weltlaeden.de\/vorlagensammlung\/wp-content\/uploads\/sites\/3\/2022\/10\/Sekem-1-Dattelbauern_Quelle_El-Puente_1200x500.png","datePublished":"2025-02-27T19:01:49+00:00","breadcrumb":{"@id":"https:\/\/weltlaeden.de\/oranienburg\/handelspartner-portrait-sekem-2\/#breadcrumb"},"inLanguage":"de","potentialAction":[{"@type":"ReadAction","target":["https:\/\/weltlaeden.de\/oranienburg\/handelspartner-portrait-sekem-2\/"]}]},{"@type":"ImageObject","inLanguage":"de","@id":"https:\/\/weltlaeden.de\/oranienburg\/handelspartner-portrait-sekem-2\/#primaryimage","url":"https:\/\/weltlaeden.de\/vorlagensammlung\/wp-content\/uploads\/sites\/3\/2022\/10\/Sekem-1-Dattelbauern_Quelle_El-Puente_1200x500.png","contentUrl":"https:\/\/weltlaeden.de\/vorlagensammlung\/wp-content\/uploads\/sites\/3\/2022\/10\/Sekem-1-Dattelbauern_Quelle_El-Puente_1200x500.png"},{"@type":"BreadcrumbList","@id":"https:\/\/weltlaeden.de\/oranienburg\/handelspartner-portrait-sekem-2\/#breadcrumb","itemListElement":[{"@type":"ListItem","position":1,"name":"Startseite","item":"https:\/\/weltlaeden.de\/oranienburg\/"},{"@type":"ListItem","position":2,"name":"Handelspartner-Portrait: Sekem"}]},{"@type":"WebSite","@id":"https:\/\/weltlaeden.de\/oranienburg\/#website","url":"https:\/\/weltlaeden.de\/oranienburg\/","name":"Weltladen Oranienburg","description":"Faire Produkte seit 1990","potentialAction":[{"@type":"SearchAction","target":{"@type":"EntryPoint","urlTemplate":"https:\/\/weltlaeden.de\/oranienburg\/?s={search_term_string}"},"query-input":{"@type":"PropertyValueSpecification","valueRequired":true,"valueName":"search_term_string"}}],"inLanguage":"de"}]}},"_links":{"self":[{"href":"https:\/\/weltlaeden.de\/oranienburg\/wp-json\/wp\/v2\/pages\/2665","targetHints":{"allow":["GET"]}}],"collection":[{"href":"https:\/\/weltlaeden.de\/oranienburg\/wp-json\/wp\/v2\/pages"}],"about":[{"href":"https:\/\/weltlaeden.de\/oranienburg\/wp-json\/wp\/v2\/types\/page"}],"author":[{"embeddable":true,"href":"https:\/\/weltlaeden.de\/oranienburg\/wp-json\/wp\/v2\/users\/185"}],"replies":[{"embeddable":true,"href":"https:\/\/weltlaeden.de\/oranienburg\/wp-json\/wp\/v2\/comments?post=2665"}],"version-history":[{"count":1,"href":"https:\/\/weltlaeden.de\/oranienburg\/wp-json\/wp\/v2\/pages\/2665\/revisions"}],"predecessor-version":[{"id":2668,"href":"https:\/\/weltlaeden.de\/oranienburg\/wp-json\/wp\/v2\/pages\/2665\/revisions\/2668"}],"wp:attachment":[{"href":"https:\/\/weltlaeden.de\/oranienburg\/wp-json\/wp\/v2\/media?parent=2665"}],"curies":[{"name":"wp","href":"https:\/\/api.w.org\/{rel}","templated":true}]}}