{"id":2660,"date":"2025-02-27T19:58:43","date_gmt":"2025-02-27T18:58:43","guid":{"rendered":"https:\/\/weltlaeden.de\/oranienburg\/?page_id=2660"},"modified":"2025-02-27T19:58:43","modified_gmt":"2025-02-27T18:58:43","slug":"portraits-von-handelspartnern","status":"publish","type":"page","link":"https:\/\/weltlaeden.de\/oranienburg\/portraits-von-handelspartnern\/","title":{"rendered":"Portraits von Handelspartnern: \u00dcbersichtsseite"},"content":{"rendered":"<div class=\"wpb-content-wrapper\"><p>[vc_row][vc_column]<div class=\"wl_einzelbild\"><p><img loading=\"lazy\" decoding=\"async\" class=\"aligncenter size-full wp-image-nsm-3-84\" src=\"https:\/\/weltlaeden.de\/vorlage\/wp-content\/uploads\/sites\/3\/2020\/10\/portraet_hero_prokritee_Quelle_Dave-Klassen_1200x500.jpg\" alt=\"\" width=\"1200\" height=\"500\" \/><\/p><\/div>[\/vc_column][\/vc_row][vc_row][vc_column][vc_empty_space][\/vc_column][\/vc_row][vc_row][vc_column][vc_column_text]<\/p>\n<h1>Portraits von Handelspartnern<\/h1>\n<p>Transparenz und langfristige Handelsbeziehungen sind wichtige Merkmale des Fairen Handels. Im globalen Handel ist es etwas Besonderes, die Menschen hinter den Produkten kennenlernen zu k\u00f6nnen. Erfahren Sie, wo, von wem und wie besondere Lebensmittel oder faszinierendes Kunsthandwerk hergestellt werden.[\/vc_column_text][\/vc_column][\/vc_row][vc_row][vc_column][vc_empty_space height=&#8220;20px&#8220;][\/vc_column][\/vc_row][vc_row][vc_column][vc_column_text]<\/p>\n<h1>Handwerkskunst von Prokritee aus Bangladesch<\/h1>\n<p>[\/vc_column_text][vc_row_inner][vc_column_inner width=&#8220;1\/3&#8243;]<div class=\"wl_einzelbild\"><p><img loading=\"lazy\" decoding=\"async\" class=\"aligncenter size-medium wp-image-nsm-3-83\" src=\"https:\/\/weltlaeden.de\/vorlage\/wp-content\/uploads\/sites\/3\/2020\/10\/Prokritee-1_K.-Khatun_Quelle_Dave-Klassen-1-300x200.jpg\" alt=\"\" width=\"300\" height=\"200\" \/><\/p><\/div>[\/vc_column_inner][vc_column_inner width=&#8220;2\/3&#8243;][vc_column_text css=&#8220;.vc_custom_1604646632054{background-color: #ffffff !important;border-radius: 2px !important;}&#8220;]K\u00f6rbe aus Kaisa-Gras, handgesch\u00f6pftes Papier aus Juteresten, Sessel aus recycelten Sari-Stoffen,\u2026 Prokritee bedeutet auf Bengalisch \u201eNatur\u201c. Alle Produkte werden von Hand und ausschlie\u00dflich aus nat\u00fcrlichen oder recycelten Materialien gefertigt. Genau so bunt und vielf\u00e4ltig wie die Muster und Materialen der Produkte von Prokritee sind die Geschichten der Frauen, die sie herstellen. <a href=\"?pagename=handelspartner-portrait-prokritee\">Erfahren Sie mehr &#8230;<\/a>[\/vc_column_text][\/vc_column_inner][\/vc_row_inner][vc_empty_space][vc_column_text]<\/p>\n<h1>Die Rooibos-Revolution von Heiveld aus S\u00fcdafrika<\/h1>\n<p>[\/vc_column_text][vc_row_inner][vc_column_inner width=&#8220;1\/3&#8243;]<div class=\"wl_einzelbild\"><p><img loading=\"lazy\" decoding=\"async\" class=\"aligncenter size-medium wp-image-nsm-3-94\" src=\"https:\/\/weltlaeden.de\/vorlagensammlung\/wp-content\/uploads\/sites\/3\/2020\/11\/Heiveld-1_K.-Kotze_Quelle_Albert-Retief_1200x800-300x200.jpg\" alt=\"\" width=\"300\" height=\"200\" \/><\/p><\/div>[\/vc_column_inner][vc_column_inner width=&#8220;2\/3&#8243;][vc_column_text]Die Zederberge in S\u00fcdafrika sind hei\u00df und trocken \u2013 diese karge Landschaft ist der einzige Ort auf der Welt, an dem Rooibos w\u00e4chst. Dort haben sich in der Heiveld-Kooperative 70 B\u00e4uerinnen und Bauern zusammengeschlossen, um auf ihrem eigenen Land biologisch angebauten Rooibos-Tee zu produzieren. <a href=\"?pagename=handelspartner-portrait-heiveld\">Erfahren Sie mehr&#8230;<\/a>[\/vc_column_text][\/vc_column_inner][\/vc_row_inner][vc_empty_space][vc_column_text]<\/p>\n<h1>Guter Kaffee von APROLMA aus Honduras<\/h1>\n<p>[\/vc_column_text][vc_row_inner][vc_column_inner width=&#8220;1\/3&#8243;]<div class=\"wl_einzelbild\"><p><img loading=\"lazy\" decoding=\"async\" class=\"aligncenter size-medium wp-image-nsm-3-89\" src=\"https:\/\/weltlaeden.de\/vorlage\/wp-content\/uploads\/sites\/3\/2020\/10\/APROLMA-1_R\u00f6stmeisterinnen_Quelle_GEPA-A.-Welsing-300x169.jpg\" alt=\"\" width=\"300\" height=\"169\" \/><\/p><\/div>[\/vc_column_inner][vc_column_inner width=&#8220;2\/3&#8243;][vc_column_text]Wir k\u00f6nnen auch anders! \u2013 das k\u00f6nnte das Motto von APROLMA sein. Zwei Besonderheiten zeichnen diese Kaffeekooperative in Honduras aus: Nur Frauen k\u00f6nnen Mitglied werden und der Kaffee wird vor Ort von den eigens ausgebildeten R\u00f6stmeisterinnen ger\u00f6stet und verpackt. <a href=\"?pagename=handelspartner-portrait-aprolma\">Erfahren Sie mehr&#8230;<\/a>[\/vc_column_text][\/vc_column_inner][\/vc_row_inner][vc_empty_space][vc_column_text]<\/p>\n<h1>fairafric: Schokolade made in Ghana<\/h1>\n<p>[\/vc_column_text][vc_row_inner][vc_column_inner width=&#8220;1\/3&#8243;]<div class=\"wl_einzelbild\"><p><img loading=\"lazy\" decoding=\"async\" class=\"size-medium wp-image-nsm-3-101 aligncenter\" src=\"https:\/\/weltlaeden.de\/vorlagensammlung\/wp-content\/uploads\/sites\/3\/2021\/02\/fairafric-1_Team-Schokotisch_Quelle_fairafric_1200x800-300x200.jpg\" alt=\"\" width=\"300\" height=\"200\" \/><\/p><\/div>[\/vc_column_inner][vc_column_inner width=&#8220;2\/3&#8243;][vc_column_text]Ghana ist eines der f\u00fchrenden Anbau- und Exportl\u00e4nder von Rohkakao, Schokolade wird dort bisher allerdings kaum produziert. Ein Gro\u00dfteil der Wertsch\u00f6pfung geschieht bei der Verarbeitung in Europa, w\u00e4hrend viele Kakaofarmer*innen in Armut leben. Das deutsch-ghanaische Unternehmen fairafric ist angetreten, das zu \u00e4ndern. <a href=\"?pagename=handelspartner-portrait-fairafric\">Erfahren Sie mehr&#8230;<\/a>[\/vc_column_text][\/vc_column_inner][\/vc_row_inner][vc_empty_space][\/vc_column][\/vc_row][vc_row][vc_column][vc_column_text]<\/p>\n<h1>Seifen von SOAP-n-SCENT aus Thailand<\/h1>\n<p>[\/vc_column_text][vc_row_inner][vc_column_inner width=&#8220;1\/3&#8243;]<div class=\"wl_einzelbild\"><p><img loading=\"lazy\" decoding=\"async\" class=\"size-medium wp-image-563 aligncenter\" src=\"https:\/\/weltlaeden.de\/vorlagensammlung\/wp-content\/uploads\/sites\/153\/2021\/03\/Soap-n-scent-1_Verpacken_Quelle_GEPA_600x400-300x200.jpg\" alt=\"\" width=\"300\" height=\"200\" \/><\/p><\/div>[\/vc_column_inner][vc_column_inner width=&#8220;2\/3&#8243;][vc_column_text css=&#8220;.vc_custom_1616010642960{background-color: #ffffff !important;border-radius: 2px !important;}&#8220;]Die Seifenmanufaktur von SOAP-n-SCENT ist eher eine gro\u00dfe K\u00fcche als eine Produktionshalle. Dort arbeiten mehr Menschen als Maschinen. Die Manufaktur in Chiang Mai ist ein heller, fr\u00f6hlicher Ort, an dem die Mitarbeiter*innen mit gro\u00dfer Sorgfalt die Seifen aus pflanzlichen \u00d6len in Handarbeit herstellen. <a href=\"?pagename=handelspartner-portrait-soap-n-scent\">Erfahren Sie mehr &#8230;<\/a>[\/vc_column_text][\/vc_column_inner][\/vc_row_inner][vc_empty_space][vc_column_text]<\/p>\n<h1>Gew\u00fcrzmischungen &amp; Co von Turqle Trading in S\u00fcdafrika<\/h1>\n<p>[\/vc_column_text][vc_row_inner][vc_column_inner width=&#8220;1\/3&#8243;]<div class=\"wl_einzelbild\"><p><img loading=\"lazy\" decoding=\"async\" class=\"aligncenter size-medium wp-image-nsm-3-109\" src=\"https:\/\/weltlaeden.de\/vorlagensammlung\/wp-content\/uploads\/sites\/3\/2021\/05\/Turqle-Trading-II_Laodicea-Okkers_Quelle_St.-Louis_600x400-300x200.jpg\" alt=\"\" width=\"300\" height=\"200\" \/><\/p><\/div>[\/vc_column_inner][vc_column_inner width=&#8220;2\/3&#8243;][vc_column_text css=&#8220;.vc_custom_1621597662780{background-color: #ffffff !important;border-radius: 2px !important;}&#8220;]Sonnengereifte Tomaten, feurige Chilis und aromatische Gew\u00fcrze sind das Erfolgsrezept von Turqle Trading. Die Organisation unterst\u00fctzt kleine Betriebe beim Export verarbeiteter Lebensmittel und schafft so zukunftsf\u00e4hige Arbeitspl\u00e4tze und mehr lokale Wertsch\u00f6pfung. <a href=\"?pagename=handelspartner-portrait-turqle-trading\">Erfahren Sie mehr &#8230;<\/a>[\/vc_column_text][\/vc_column_inner][\/vc_row_inner][vc_empty_space][vc_column_text]<\/p>\n<h1>Feinkost von Canaan Fair Trade in Pal\u00e4stina<\/h1>\n<p>[\/vc_column_text][vc_row_inner][vc_column_inner width=&#8220;1\/3&#8243;]<div class=\"wl_einzelbild\"><p><img loading=\"lazy\" decoding=\"async\" class=\"alignleft\" src=\"https:\/\/weltlaeden.de\/vorlagensammlung\/wp-content\/uploads\/sites\/3\/2021\/08\/Canaan-I_Familie-Jarar_Quelle_WeltPartner-eG_1200x800-300x200.jpg\" alt=\"Die Familie von Abu Mahmoud Jarar in ihrem Olivenhain. \" width=\"300\" height=\"200\" \/><\/p><\/div>[\/vc_column_inner][vc_column_inner width=&#8220;2\/3&#8243;][vc_column_text]Die knorrigen, widerstandsf\u00e4higen Olivenb\u00e4ume pr\u00e4gen die Landschaft in Pal\u00e4stina. Aus ihren Fr\u00fcchten stellen die Produzent*innen von Canaan Fair Trade k\u00f6stliches Oliven\u00f6l der h\u00f6chsten G\u00fcteklasse her und erschaffen so Perspektiven f\u00fcr ein selbstbestimmtes Leben. <a href=\"?pagename=handelspartner-portrait-canaan\">Erfahren Sie mehr &#8230;<\/a>[\/vc_column_text][\/vc_column_inner][\/vc_row_inner][vc_empty_space][vc_column_text]<\/p>\n<h1>Sonnengl\u00e4ser von Suntoy in S\u00fcdafrika<\/h1>\n<p>[\/vc_column_text][vc_row_inner][vc_column_inner width=&#8220;1\/3&#8243;]<div class=\"wl_einzelbild\"><p><img loading=\"lazy\" decoding=\"async\" class=\"aligncenter size-medium wp-image-nsm-3-116\" src=\"https:\/\/weltlaeden.de\/vorlagensammlung\/wp-content\/uploads\/sites\/3\/2021\/12\/Sonnenglas-I_Sonnengl\u00e4ser_Q_Sonnenglas_600x400-300x200.png\" alt=\"\" width=\"300\" height=\"200\" \/><\/p><\/div>[\/vc_column_inner][vc_column_inner width=&#8220;2\/3&#8243;][vc_column_text css=&#8220;.vc_custom_1639486931660{background-color: #ffffff !important;border-radius: 2px !important;}&#8220;]Die handgefertigte Solarlampe ist nicht nur eine stimmungsvolle Dekoration, sondern dient in S\u00fcdafrika als nachhaltige und sichere Lichtquelle f\u00fcr Gebiete ohne Stromanschluss. Die Produktion sichert 75 Arbeitspl\u00e4tze f\u00fcr zuvor arbeitslose M\u00e4nner und Frauen in Johannesburg. <a href=\"?pagename=handelspartner-portrait-sonnenglas\">Erfahren Sie mehr &#8230;<\/a>[\/vc_column_text][\/vc_column_inner][\/vc_row_inner][vc_empty_space][vc_column_text]<\/p>\n<h1>Bio-Lebensmittel und Textilien von Sekem in \u00c4gypten<\/h1>\n<p>[\/vc_column_text][vc_row_inner][vc_column_inner width=&#8220;1\/3&#8243;]<div class=\"wl_einzelbild\"><p><img loading=\"lazy\" decoding=\"async\" class=\"aligncenter size-medium wp-image-nsm-3-131\" src=\"https:\/\/weltlaeden.de\/vorlagensammlung\/wp-content\/uploads\/sites\/3\/2022\/10\/Sekem-1-Dattelbauern_Quelle_El-Puente_600x400-300x200.png\" alt=\"\" width=\"300\" height=\"200\" \/><\/p><\/div>[\/vc_column_inner][vc_column_inner width=&#8220;2\/3&#8243;][vc_column_text css=&#8220;.vc_custom_1666086336178{background-color: #ffffff !important;border-radius: 2px !important;}&#8220;]Sekem, die \u201eKraft der Sonne\u201c, steht f\u00fcr ein nachhaltiges Zukunftsmodell durch \u00f6kologische Landwirtschaft. Es begann mit der Kultivierung von 70 Hektar W\u00fcstenland; heute vereint das Unternehmen mehrere landwirtschaftliche und verarbeitende Betriebe, die nach \u00f6kologischen und fairen Standards arbeiten. <a href=\"?pagename=handelspartner-portrait-sekem\">Erfahren Sie mehr &#8230;<\/a>[\/vc_column_text][\/vc_column_inner][\/vc_row_inner][vc_empty_space height=&#8220;20px&#8220;][vc_separator border_width=&#8220;2&#8243;][vc_column_text]<em>\u00a0Bildnachweise f\u00fcr diese Seite (von oben nach unten): Dave Klassen, Dave Klassen, Albert Retief, GEPA\/A. Welsing,<\/em> <em>fairafric, GEPA-The Fair Trade Company, St. Louis<\/em>, <em>WeltPartner eG, Sonnenglas, El Puente<br \/>\n<\/em>[\/vc_column_text][\/vc_column][\/vc_row][vc_column][\/vc_column][vc_row][vc_column][\/vc_column][\/vc_row]<\/p>\n<\/div>","protected":false},"excerpt":{"rendered":"<p>[vc_row][vc_column][\/vc_column][\/vc_row][vc_row][vc_column][vc_empty_space][\/vc_column][\/vc_row][vc_row][vc_column][vc_column_text] Portraits von Handelspartnern Transparenz und langfristige Handelsbeziehungen sind wichtige Merkmale des Fairen Handels. Im globalen Handel ist es etwas Besonderes, die Menschen hinter den Produkten kennenlernen zu k\u00f6nnen. Erfahren Sie, wo, von wem und wie besondere Lebensmittel oder faszinierendes Kunsthandwerk hergestellt werden.[\/vc_column_text][\/vc_column][\/vc_row][vc_row][vc_column][vc_empty_space height=&#8220;20px&#8220;][\/vc_column][\/vc_row][vc_row][vc_column][vc_column_text] Handwerkskunst von Prokritee aus Bangladesch [\/vc_column_text][vc_row_inner][vc_column_inner width=&#8220;1\/3&#8243;][\/vc_column_inner][vc_column_inner width=&#8220;2\/3&#8243;][vc_column_text css=&#8220;.vc_custom_1604646632054{background-color: #ffffff !important;border-radius:&hellip;<\/p>\n","protected":false},"author":185,"featured_media":0,"parent":0,"menu_order":2,"comment_status":"closed","ping_status":"closed","template":"","meta":{"footnotes":""},"class_list":["post-2660","page","type-page","status-publish","hentry","description-off"],"yoast_head":"<!-- This site is optimized with the Yoast SEO plugin v26.8 - https:\/\/yoast.com\/product\/yoast-seo-wordpress\/ -->\n<title>Portraits von Handelspartnern: \u00dcbersichtsseite - Weltladen Oranienburg<\/title>\n<meta name=\"robots\" content=\"index, follow, max-snippet:-1, max-image-preview:large, max-video-preview:-1\" \/>\n<link rel=\"canonical\" href=\"https:\/\/weltlaeden.de\/oranienburg\/portraits-von-handelspartnern\/\" \/>\n<meta property=\"og:locale\" content=\"de_DE\" \/>\n<meta property=\"og:type\" content=\"article\" \/>\n<meta property=\"og:title\" content=\"Portraits von Handelspartnern: \u00dcbersichtsseite - Weltladen Oranienburg\" \/>\n<meta property=\"og:description\" content=\"[vc_row][vc_column][\/vc_column][\/vc_row][vc_row][vc_column][vc_empty_space][\/vc_column][\/vc_row][vc_row][vc_column][vc_column_text] Portraits von Handelspartnern Transparenz und langfristige Handelsbeziehungen sind wichtige Merkmale des Fairen Handels. Im globalen Handel ist es etwas Besonderes, die Menschen hinter den Produkten kennenlernen zu k\u00f6nnen. Erfahren Sie, wo, von wem und wie besondere Lebensmittel oder faszinierendes Kunsthandwerk hergestellt werden.[\/vc_column_text][\/vc_column][\/vc_row][vc_row][vc_column][vc_empty_space height=&#8220;20px&#8220;][\/vc_column][\/vc_row][vc_row][vc_column][vc_column_text] Handwerkskunst von Prokritee aus Bangladesch [\/vc_column_text][vc_row_inner][vc_column_inner width=&#8220;1\/3&#8243;][\/vc_column_inner][vc_column_inner width=&#8220;2\/3&#8243;][vc_column_text css=&#8220;.vc_custom_1604646632054{background-color: #ffffff !important;border-radius:&hellip;\" \/>\n<meta property=\"og:url\" content=\"https:\/\/weltlaeden.de\/oranienburg\/portraits-von-handelspartnern\/\" \/>\n<meta property=\"og:site_name\" content=\"Weltladen Oranienburg\" \/>\n<meta property=\"og:image\" content=\"https:\/\/weltlaeden.de\/vorlage\/wp-content\/uploads\/sites\/3\/2020\/10\/portraet_hero_prokritee_Quelle_Dave-Klassen_1200x500.jpg\" \/>\n<meta name=\"twitter:card\" content=\"summary_large_image\" \/>\n<meta name=\"twitter:label1\" content=\"Gesch\u00e4tzte Lesezeit\" \/>\n\t<meta name=\"twitter:data1\" content=\"6\u00a0Minuten\" \/>\n<script type=\"application\/ld+json\" class=\"yoast-schema-graph\">{\"@context\":\"https:\/\/schema.org\",\"@graph\":[{\"@type\":\"WebPage\",\"@id\":\"https:\/\/weltlaeden.de\/oranienburg\/portraits-von-handelspartnern\/\",\"url\":\"https:\/\/weltlaeden.de\/oranienburg\/portraits-von-handelspartnern\/\",\"name\":\"Portraits von Handelspartnern: \u00dcbersichtsseite - Weltladen Oranienburg\",\"isPartOf\":{\"@id\":\"https:\/\/weltlaeden.de\/oranienburg\/#website\"},\"primaryImageOfPage\":{\"@id\":\"https:\/\/weltlaeden.de\/oranienburg\/portraits-von-handelspartnern\/#primaryimage\"},\"image\":{\"@id\":\"https:\/\/weltlaeden.de\/oranienburg\/portraits-von-handelspartnern\/#primaryimage\"},\"thumbnailUrl\":\"https:\/\/weltlaeden.de\/vorlage\/wp-content\/uploads\/sites\/3\/2020\/10\/portraet_hero_prokritee_Quelle_Dave-Klassen_1200x500.jpg\",\"datePublished\":\"2025-02-27T18:58:43+00:00\",\"breadcrumb\":{\"@id\":\"https:\/\/weltlaeden.de\/oranienburg\/portraits-von-handelspartnern\/#breadcrumb\"},\"inLanguage\":\"de\",\"potentialAction\":[{\"@type\":\"ReadAction\",\"target\":[\"https:\/\/weltlaeden.de\/oranienburg\/portraits-von-handelspartnern\/\"]}]},{\"@type\":\"ImageObject\",\"inLanguage\":\"de\",\"@id\":\"https:\/\/weltlaeden.de\/oranienburg\/portraits-von-handelspartnern\/#primaryimage\",\"url\":\"https:\/\/weltlaeden.de\/vorlage\/wp-content\/uploads\/sites\/3\/2020\/10\/portraet_hero_prokritee_Quelle_Dave-Klassen_1200x500.jpg\",\"contentUrl\":\"https:\/\/weltlaeden.de\/vorlage\/wp-content\/uploads\/sites\/3\/2020\/10\/portraet_hero_prokritee_Quelle_Dave-Klassen_1200x500.jpg\"},{\"@type\":\"BreadcrumbList\",\"@id\":\"https:\/\/weltlaeden.de\/oranienburg\/portraits-von-handelspartnern\/#breadcrumb\",\"itemListElement\":[{\"@type\":\"ListItem\",\"position\":1,\"name\":\"Startseite\",\"item\":\"https:\/\/weltlaeden.de\/oranienburg\/\"},{\"@type\":\"ListItem\",\"position\":2,\"name\":\"Portraits von Handelspartnern: \u00dcbersichtsseite\"}]},{\"@type\":\"WebSite\",\"@id\":\"https:\/\/weltlaeden.de\/oranienburg\/#website\",\"url\":\"https:\/\/weltlaeden.de\/oranienburg\/\",\"name\":\"Weltladen Oranienburg\",\"description\":\"Faire Produkte seit 1990\",\"potentialAction\":[{\"@type\":\"SearchAction\",\"target\":{\"@type\":\"EntryPoint\",\"urlTemplate\":\"https:\/\/weltlaeden.de\/oranienburg\/?s={search_term_string}\"},\"query-input\":{\"@type\":\"PropertyValueSpecification\",\"valueRequired\":true,\"valueName\":\"search_term_string\"}}],\"inLanguage\":\"de\"}]}<\/script>\n<!-- \/ Yoast SEO plugin. -->","yoast_head_json":{"title":"Portraits von Handelspartnern: \u00dcbersichtsseite - Weltladen Oranienburg","robots":{"index":"index","follow":"follow","max-snippet":"max-snippet:-1","max-image-preview":"max-image-preview:large","max-video-preview":"max-video-preview:-1"},"canonical":"https:\/\/weltlaeden.de\/oranienburg\/portraits-von-handelspartnern\/","og_locale":"de_DE","og_type":"article","og_title":"Portraits von Handelspartnern: \u00dcbersichtsseite - Weltladen Oranienburg","og_description":"[vc_row][vc_column][\/vc_column][\/vc_row][vc_row][vc_column][vc_empty_space][\/vc_column][\/vc_row][vc_row][vc_column][vc_column_text] Portraits von Handelspartnern Transparenz und langfristige Handelsbeziehungen sind wichtige Merkmale des Fairen Handels. Im globalen Handel ist es etwas Besonderes, die Menschen hinter den Produkten kennenlernen zu k\u00f6nnen. Erfahren Sie, wo, von wem und wie besondere Lebensmittel oder faszinierendes Kunsthandwerk hergestellt werden.[\/vc_column_text][\/vc_column][\/vc_row][vc_row][vc_column][vc_empty_space height=&#8220;20px&#8220;][\/vc_column][\/vc_row][vc_row][vc_column][vc_column_text] Handwerkskunst von Prokritee aus Bangladesch [\/vc_column_text][vc_row_inner][vc_column_inner width=&#8220;1\/3&#8243;][\/vc_column_inner][vc_column_inner width=&#8220;2\/3&#8243;][vc_column_text css=&#8220;.vc_custom_1604646632054{background-color: #ffffff !important;border-radius:&hellip;","og_url":"https:\/\/weltlaeden.de\/oranienburg\/portraits-von-handelspartnern\/","og_site_name":"Weltladen Oranienburg","og_image":[{"url":"https:\/\/weltlaeden.de\/vorlage\/wp-content\/uploads\/sites\/3\/2020\/10\/portraet_hero_prokritee_Quelle_Dave-Klassen_1200x500.jpg","type":"","width":"","height":""}],"twitter_card":"summary_large_image","twitter_misc":{"Gesch\u00e4tzte Lesezeit":"6\u00a0Minuten"},"schema":{"@context":"https:\/\/schema.org","@graph":[{"@type":"WebPage","@id":"https:\/\/weltlaeden.de\/oranienburg\/portraits-von-handelspartnern\/","url":"https:\/\/weltlaeden.de\/oranienburg\/portraits-von-handelspartnern\/","name":"Portraits von Handelspartnern: \u00dcbersichtsseite - Weltladen Oranienburg","isPartOf":{"@id":"https:\/\/weltlaeden.de\/oranienburg\/#website"},"primaryImageOfPage":{"@id":"https:\/\/weltlaeden.de\/oranienburg\/portraits-von-handelspartnern\/#primaryimage"},"image":{"@id":"https:\/\/weltlaeden.de\/oranienburg\/portraits-von-handelspartnern\/#primaryimage"},"thumbnailUrl":"https:\/\/weltlaeden.de\/vorlage\/wp-content\/uploads\/sites\/3\/2020\/10\/portraet_hero_prokritee_Quelle_Dave-Klassen_1200x500.jpg","datePublished":"2025-02-27T18:58:43+00:00","breadcrumb":{"@id":"https:\/\/weltlaeden.de\/oranienburg\/portraits-von-handelspartnern\/#breadcrumb"},"inLanguage":"de","potentialAction":[{"@type":"ReadAction","target":["https:\/\/weltlaeden.de\/oranienburg\/portraits-von-handelspartnern\/"]}]},{"@type":"ImageObject","inLanguage":"de","@id":"https:\/\/weltlaeden.de\/oranienburg\/portraits-von-handelspartnern\/#primaryimage","url":"https:\/\/weltlaeden.de\/vorlage\/wp-content\/uploads\/sites\/3\/2020\/10\/portraet_hero_prokritee_Quelle_Dave-Klassen_1200x500.jpg","contentUrl":"https:\/\/weltlaeden.de\/vorlage\/wp-content\/uploads\/sites\/3\/2020\/10\/portraet_hero_prokritee_Quelle_Dave-Klassen_1200x500.jpg"},{"@type":"BreadcrumbList","@id":"https:\/\/weltlaeden.de\/oranienburg\/portraits-von-handelspartnern\/#breadcrumb","itemListElement":[{"@type":"ListItem","position":1,"name":"Startseite","item":"https:\/\/weltlaeden.de\/oranienburg\/"},{"@type":"ListItem","position":2,"name":"Portraits von Handelspartnern: \u00dcbersichtsseite"}]},{"@type":"WebSite","@id":"https:\/\/weltlaeden.de\/oranienburg\/#website","url":"https:\/\/weltlaeden.de\/oranienburg\/","name":"Weltladen Oranienburg","description":"Faire Produkte seit 1990","potentialAction":[{"@type":"SearchAction","target":{"@type":"EntryPoint","urlTemplate":"https:\/\/weltlaeden.de\/oranienburg\/?s={search_term_string}"},"query-input":{"@type":"PropertyValueSpecification","valueRequired":true,"valueName":"search_term_string"}}],"inLanguage":"de"}]}},"_links":{"self":[{"href":"https:\/\/weltlaeden.de\/oranienburg\/wp-json\/wp\/v2\/pages\/2660","targetHints":{"allow":["GET"]}}],"collection":[{"href":"https:\/\/weltlaeden.de\/oranienburg\/wp-json\/wp\/v2\/pages"}],"about":[{"href":"https:\/\/weltlaeden.de\/oranienburg\/wp-json\/wp\/v2\/types\/page"}],"author":[{"embeddable":true,"href":"https:\/\/weltlaeden.de\/oranienburg\/wp-json\/wp\/v2\/users\/185"}],"replies":[{"embeddable":true,"href":"https:\/\/weltlaeden.de\/oranienburg\/wp-json\/wp\/v2\/comments?post=2660"}],"version-history":[{"count":1,"href":"https:\/\/weltlaeden.de\/oranienburg\/wp-json\/wp\/v2\/pages\/2660\/revisions"}],"predecessor-version":[{"id":2661,"href":"https:\/\/weltlaeden.de\/oranienburg\/wp-json\/wp\/v2\/pages\/2660\/revisions\/2661"}],"wp:attachment":[{"href":"https:\/\/weltlaeden.de\/oranienburg\/wp-json\/wp\/v2\/media?parent=2660"}],"curies":[{"name":"wp","href":"https:\/\/api.w.org\/{rel}","templated":true}]}}