{"id":2189,"date":"2024-03-25T11:06:38","date_gmt":"2024-03-25T10:06:38","guid":{"rendered":"https:\/\/weltlaeden.de\/oranienburg\/?page_id=2189"},"modified":"2024-03-25T11:07:19","modified_gmt":"2024-03-25T10:07:19","slug":"handelspartner-portrait-sonnenglas","status":"publish","type":"page","link":"https:\/\/weltlaeden.de\/oranienburg\/handelspartner-portrait-sonnenglas\/","title":{"rendered":"Handelspartner-Portrait: Sonnenglas"},"content":{"rendered":"<div class=\"wpb-content-wrapper\"><p>[vc_row][vc_column]<div class=\"wl_einzelbild\"><p><img loading=\"lazy\" decoding=\"async\" class=\"aligncenter size-full wp-image-nsm-3-117\" src=\"https:\/\/weltlaeden.de\/vorlagensammlung\/wp-content\/uploads\/sites\/3\/2021\/12\/Sonnenglas-I_Sonnengl\u00e4ser_Q_Sonnenglas_1200x500.png\" alt=\"\" width=\"1200\" height=\"500\" \/><\/p><\/div>[vc_empty_space][\/vc_column][\/vc_row][vc_row][vc_column][vc_column_text]<span style=\"color: #808080\"><strong><em>Handelspartner-Portrait<\/em><\/strong><\/span><\/p>\n<h1>Sonnenglas: Hightech aus dem Township in S\u00fcdafrika<\/h1>\n<p>Die handgefertigte Solarlampe ist nicht nur eine stimmungsvolle Dekoration, sondern dient in S\u00fcdafrika als nachhaltige und sichere Lichtquelle f\u00fcr Gebiete ohne Stromanschluss. Die Produktion sichert 75 Arbeitspl\u00e4tze f\u00fcr zuvor arbeitslose M\u00e4nner und Frauen in Johannesburg.<\/p>\n<p>Weltweit leben 1,2 Milliarden Menschen ohne Zugang zu Elektrizit\u00e4t. Auch in den s\u00fcdafrikanischen Townships ist die Stromversorgung unzureichend und viele Menschen sind auf Kerzen oder Petroleumlampen angewiesen. Diese Lichtquellen sind langfristig gesundheitssch\u00e4dlich und kostenintensiv und verursachen immer wieder Br\u00e4nde. Daher suchte der s\u00fcdafrikanische Glashersteller Consol nach einer erschwinglichen Beleuchtung f\u00fcr Gegenden ohne Elektrizit\u00e4t. Die Firma Suntoy entwickelte aus dem Consol-Einmachglas eine einfache, aber geniale Lampe: das Sonnenglas\u00ae mit Solarmodul, Akku und LEDs. Das Sonnenglas speichert die Sonnenenergie, um sie bei Dunkelheit wieder abzugeben. So sorgt es f\u00fcr sichere Beleuchtung und ersetzt fossile Brennstoffe.[\/vc_column_text][\/vc_column][\/vc_row][vc_row][vc_column][vc_empty_space height=&#8220;20px&#8220;]<div class=\"wl_einzelbild\"><p><\/p>\n<div id=\"attachment_nsm_3_118\" style=\"width: 610px\" class=\"wp-caption aligncenter\"><img loading=\"lazy\" decoding=\"async\" aria-describedby=\"caption-attachment-nsm-3-118\" class=\"size-full wp-image-nsm-3-118\" src=\"https:\/\/weltlaeden.de\/vorlagensammlung\/wp-content\/uploads\/sites\/3\/2021\/12\/Sonnenglas-II_Kinder-Township_Q_Sonnenglas_600x400.png\" alt=\"\" width=\"600\" height=\"400\" \/><p id=\"caption-attachment-nsm-3-118\" class=\"wp-caption-text\">Suntoy spendet Sonnengl\u00e4ser an Schulen und Sch\u00fcler*innen, die keinen Zugang zu Elektrizit\u00e4t haben.<\/p><\/div>\n<p><\/p><\/div>[vc_empty_space]<blockquote class=\"text-big shortcode-blockquote\"><h2><em>\u201eBei meinem Nachbarn hat es wegen Kerzen gebrannt. Der hat alles verloren. Das Sonnenglas rettet hier wirklich Leben, weil es so viele Br\u00e4nde verhindert.\u201c<\/em><\/h2>\n<p style=\"text-align: right\">(Maxwell Jaravazo, Designer und Produktionsleiter bei Suntoy)<\/p>\n<\/blockquote>[vc_empty_space height=&#8220;15px&#8220;][\/vc_column][\/vc_row][vc_row][vc_column width=&#8220;1\/3&#8243;]<div class=\"wl_einzelbild\"><p><\/p>\n<div id=\"attachment_nsm_3_119\" style=\"width: 610px\" class=\"wp-caption aligncenter\"><img loading=\"lazy\" decoding=\"async\" aria-describedby=\"caption-attachment-nsm-3-119\" class=\"size-full wp-image-nsm-3-119\" src=\"https:\/\/weltlaeden.de\/vorlagensammlung\/wp-content\/uploads\/sites\/3\/2021\/12\/Sonnenglas-III_Eugene-Dikobe_Q_Sonnenglas_600x400.png\" alt=\"\" width=\"600\" height=\"400\" \/><p id=\"caption-attachment-nsm-3-119\" class=\"wp-caption-text\">Eugene Dikobe, seit 2015 Mitarbeiter in der Endmontage<\/p><\/div>\n<p><\/p><\/div>[\/vc_column][vc_column width=&#8220;2\/3&#8243;][vc_column_text]Der Fokus des Unternehmens ist eine nachhaltige soziale Entwicklung. So stellt die Firma gezielt junge Menschen aus den Townships ein, die \u00fcber wenig formale Bildung verf\u00fcgen und auf dem Jobmarkt kaum Chancen haben. Alle Mitarbeiter*innen sind fest in Vollzeit angestellt, die Bezahlung liegt deutlich \u00fcber dem s\u00fcdafrikanischen Mindestlohn. Eine besondere Leistung von Suntoy sind die M\u00f6glichkeiten zur Aus- und Fortbildung f\u00fcr alle Angestellten. Die Besch\u00e4ftigten erhalten durch diese Qualifikationen Aufstiegschancen und k\u00f6nnen ihre Lebensumst\u00e4nde deutlich verbessern.[\/vc_column_text][\/vc_column][\/vc_row][vc_row][vc_column][vc_empty_space height=&#8220;10px&#8220;][\/vc_column][\/vc_row][vc_row][vc_column width=&#8220;1\/3&#8243;]<div class=\"wl_einzelbild\"><p><\/p>\n<div id=\"attachment_nsm_3_120\" style=\"width: 610px\" class=\"wp-caption aligncenter\"><img loading=\"lazy\" decoding=\"async\" aria-describedby=\"caption-attachment-nsm-3-120\" class=\"size-full wp-image-nsm-3-120\" src=\"https:\/\/weltlaeden.de\/vorlagensammlung\/wp-content\/uploads\/sites\/3\/2021\/12\/Sonnenglas-IV_Yvonne-Cossa_Q_Sonnenglas_600x400.png\" alt=\"\" width=\"600\" height=\"400\" \/><p id=\"caption-attachment-nsm-3-120\" class=\"wp-caption-text\">Yvonne Cossa mit ihrer Tochter. Sie ist stolz auf das, was sie durch ihre Arbeit leistet.<\/p><\/div>\n<p><\/p><\/div>[\/vc_column][vc_column width=&#8220;2\/3&#8243;][vc_column_text]Yvonne Cossa, eine der ersten Mitarbeiter*innen berichtet: <em>\u201cEs war immer mein Traum, zu studieren. Aber eine Ausbildung ist teuer und meine Familie hatte gerade genug Geld, um Lebensmittel zu kaufen.\u201c <\/em>Die junge Frau lernte alle Schritte der Sonnenglas-Produktion und war nach kurzer Zeit Schichtleiterin in der Herstellung der Solarmodule. Yvonne Cossa nutzte die M\u00f6glichkeit, sich auf Unternehmenskosten weiterzubilden. Sie studierte berufsbegleitend Betriebsf\u00fchrung und wurde Vorarbeiterin f\u00fcr die gesamte Produktionskette. Mittlerweile konnte sie mit ihrer Familie in ein eigenes Haus au\u00dferhalb des Townships Alexandra ziehen.[\/vc_column_text][\/vc_column][\/vc_row][vc_row][vc_column][vc_empty_space height=&#8220;10px&#8220;][vc_column_text]<\/p>\n<h2>Stabilit\u00e4t schafft Perspektiven<\/h2>\n<p>Die Mitarbeiter*innen von Suntoy erwirtschaften f\u00fcr sich und ihre Familien ein stabiles Einkommen. Selbst w\u00e4hrend des strengen Corona-Lockdowns, als die Fabrik f\u00fcr mehrere Wochen schlie\u00dfen musste, wurden die L\u00f6hne weitergezahlt. Um die Lebensumst\u00e4nde der Menschen in den Townships zu verbessern, unterst\u00fctzt Suntoy Schulen und Kinderschutz-Organisationen. Das neueste Projekt ist eine Leihbibliothek f\u00fcr Kinder \u2013 nat\u00fcrlich beleuchtet mit Sonnengl\u00e4sern!<\/p>\n<h2>Zum Weiterlesen<\/h2>\n<p>Bei uns im Weltladen erhalten Sie das Sonnenglas\u00ae Classic und das Sonnenglas\u00ae Mini, mit denen die Produzent*innen in S\u00fcdafrika Lichtblicke f\u00fcr die Zukunft schaffen. Erfahren Sie hier mehr \u00fcber das Produkt und die Menschen bei Suntoy: <a href=\"http:\/\/www.sonnenglas.net\" target=\"_blank\" rel=\"noopener\">www.sonnenglas.net<\/a>, <a href=\"http:\/\/www.suntoy.co.za\" target=\"_blank\" rel=\"noopener\">www.suntoy.co.za<\/a>[\/vc_column_text][\/vc_column][\/vc_row][vc_row][vc_column][vc_separator][\/vc_column][\/vc_row][vc_row][vc_column][vc_column_text]<em>Bildnachweise: <\/em><em>Sonnenglas<br \/>\n<\/em>[\/vc_column_text][\/vc_column][\/vc_row]<\/p>\n<\/div>","protected":false},"excerpt":{"rendered":"<p>[vc_row][vc_column][vc_empty_space][\/vc_column][\/vc_row][vc_row][vc_column][vc_column_text]Handelspartner-Portrait Sonnenglas: Hightech aus dem Township in S\u00fcdafrika Die handgefertigte Solarlampe ist nicht nur eine stimmungsvolle Dekoration, sondern dient in S\u00fcdafrika als nachhaltige und sichere Lichtquelle f\u00fcr Gebiete ohne Stromanschluss. Die Produktion sichert 75 Arbeitspl\u00e4tze f\u00fcr zuvor arbeitslose M\u00e4nner und Frauen in Johannesburg. Weltweit leben 1,2 Milliarden Menschen ohne Zugang zu Elektrizit\u00e4t. Auch in den&hellip;<\/p>\n","protected":false},"author":185,"featured_media":0,"parent":0,"menu_order":15,"comment_status":"closed","ping_status":"closed","template":"","meta":{"footnotes":""},"class_list":["post-2189","page","type-page","status-publish","hentry","description-off"],"yoast_head":"<!-- This site is optimized with the Yoast SEO plugin v26.8 - https:\/\/yoast.com\/product\/yoast-seo-wordpress\/ -->\n<title>Handelspartner-Portrait: Sonnenglas - Weltladen Oranienburg<\/title>\n<meta name=\"robots\" content=\"index, follow, max-snippet:-1, max-image-preview:large, max-video-preview:-1\" \/>\n<link rel=\"canonical\" href=\"https:\/\/weltlaeden.de\/oranienburg\/handelspartner-portrait-sonnenglas\/\" \/>\n<meta property=\"og:locale\" content=\"de_DE\" \/>\n<meta property=\"og:type\" content=\"article\" \/>\n<meta property=\"og:title\" content=\"Handelspartner-Portrait: Sonnenglas - Weltladen Oranienburg\" \/>\n<meta property=\"og:description\" content=\"[vc_row][vc_column][vc_empty_space][\/vc_column][\/vc_row][vc_row][vc_column][vc_column_text]Handelspartner-Portrait Sonnenglas: Hightech aus dem Township in S\u00fcdafrika Die handgefertigte Solarlampe ist nicht nur eine stimmungsvolle Dekoration, sondern dient in S\u00fcdafrika als nachhaltige und sichere Lichtquelle f\u00fcr Gebiete ohne Stromanschluss. Die Produktion sichert 75 Arbeitspl\u00e4tze f\u00fcr zuvor arbeitslose M\u00e4nner und Frauen in Johannesburg. Weltweit leben 1,2 Milliarden Menschen ohne Zugang zu Elektrizit\u00e4t. Auch in den&hellip;\" \/>\n<meta property=\"og:url\" content=\"https:\/\/weltlaeden.de\/oranienburg\/handelspartner-portrait-sonnenglas\/\" \/>\n<meta property=\"og:site_name\" content=\"Weltladen Oranienburg\" \/>\n<meta property=\"article:modified_time\" content=\"2024-03-25T10:07:19+00:00\" \/>\n<meta property=\"og:image\" content=\"https:\/\/weltlaeden.de\/vorlagensammlung\/wp-content\/uploads\/sites\/3\/2021\/12\/Sonnenglas-II_Kinder-Township_Q_Sonnenglas_600x400.png\" \/>\n<meta name=\"twitter:card\" content=\"summary_large_image\" \/>\n<meta name=\"twitter:label1\" content=\"Gesch\u00e4tzte Lesezeit\" \/>\n\t<meta name=\"twitter:data1\" content=\"4\u00a0Minuten\" \/>\n<script type=\"application\/ld+json\" class=\"yoast-schema-graph\">{\"@context\":\"https:\/\/schema.org\",\"@graph\":[{\"@type\":\"WebPage\",\"@id\":\"https:\/\/weltlaeden.de\/oranienburg\/handelspartner-portrait-sonnenglas\/\",\"url\":\"https:\/\/weltlaeden.de\/oranienburg\/handelspartner-portrait-sonnenglas\/\",\"name\":\"Handelspartner-Portrait: Sonnenglas - Weltladen Oranienburg\",\"isPartOf\":{\"@id\":\"https:\/\/weltlaeden.de\/oranienburg\/#website\"},\"primaryImageOfPage\":{\"@id\":\"https:\/\/weltlaeden.de\/oranienburg\/handelspartner-portrait-sonnenglas\/#primaryimage\"},\"image\":{\"@id\":\"https:\/\/weltlaeden.de\/oranienburg\/handelspartner-portrait-sonnenglas\/#primaryimage\"},\"thumbnailUrl\":\"https:\/\/weltlaeden.de\/vorlagensammlung\/wp-content\/uploads\/sites\/3\/2021\/12\/Sonnenglas-II_Kinder-Township_Q_Sonnenglas_600x400.png\",\"datePublished\":\"2024-03-25T10:06:38+00:00\",\"dateModified\":\"2024-03-25T10:07:19+00:00\",\"breadcrumb\":{\"@id\":\"https:\/\/weltlaeden.de\/oranienburg\/handelspartner-portrait-sonnenglas\/#breadcrumb\"},\"inLanguage\":\"de\",\"potentialAction\":[{\"@type\":\"ReadAction\",\"target\":[\"https:\/\/weltlaeden.de\/oranienburg\/handelspartner-portrait-sonnenglas\/\"]}]},{\"@type\":\"ImageObject\",\"inLanguage\":\"de\",\"@id\":\"https:\/\/weltlaeden.de\/oranienburg\/handelspartner-portrait-sonnenglas\/#primaryimage\",\"url\":\"https:\/\/weltlaeden.de\/vorlagensammlung\/wp-content\/uploads\/sites\/3\/2021\/12\/Sonnenglas-II_Kinder-Township_Q_Sonnenglas_600x400.png\",\"contentUrl\":\"https:\/\/weltlaeden.de\/vorlagensammlung\/wp-content\/uploads\/sites\/3\/2021\/12\/Sonnenglas-II_Kinder-Township_Q_Sonnenglas_600x400.png\"},{\"@type\":\"BreadcrumbList\",\"@id\":\"https:\/\/weltlaeden.de\/oranienburg\/handelspartner-portrait-sonnenglas\/#breadcrumb\",\"itemListElement\":[{\"@type\":\"ListItem\",\"position\":1,\"name\":\"Startseite\",\"item\":\"https:\/\/weltlaeden.de\/oranienburg\/\"},{\"@type\":\"ListItem\",\"position\":2,\"name\":\"Handelspartner-Portrait: Sonnenglas\"}]},{\"@type\":\"WebSite\",\"@id\":\"https:\/\/weltlaeden.de\/oranienburg\/#website\",\"url\":\"https:\/\/weltlaeden.de\/oranienburg\/\",\"name\":\"Weltladen Oranienburg\",\"description\":\"Faire Produkte seit 1990\",\"potentialAction\":[{\"@type\":\"SearchAction\",\"target\":{\"@type\":\"EntryPoint\",\"urlTemplate\":\"https:\/\/weltlaeden.de\/oranienburg\/?s={search_term_string}\"},\"query-input\":{\"@type\":\"PropertyValueSpecification\",\"valueRequired\":true,\"valueName\":\"search_term_string\"}}],\"inLanguage\":\"de\"}]}<\/script>\n<!-- \/ Yoast SEO plugin. -->","yoast_head_json":{"title":"Handelspartner-Portrait: Sonnenglas - Weltladen Oranienburg","robots":{"index":"index","follow":"follow","max-snippet":"max-snippet:-1","max-image-preview":"max-image-preview:large","max-video-preview":"max-video-preview:-1"},"canonical":"https:\/\/weltlaeden.de\/oranienburg\/handelspartner-portrait-sonnenglas\/","og_locale":"de_DE","og_type":"article","og_title":"Handelspartner-Portrait: Sonnenglas - Weltladen Oranienburg","og_description":"[vc_row][vc_column][vc_empty_space][\/vc_column][\/vc_row][vc_row][vc_column][vc_column_text]Handelspartner-Portrait Sonnenglas: Hightech aus dem Township in S\u00fcdafrika Die handgefertigte Solarlampe ist nicht nur eine stimmungsvolle Dekoration, sondern dient in S\u00fcdafrika als nachhaltige und sichere Lichtquelle f\u00fcr Gebiete ohne Stromanschluss. Die Produktion sichert 75 Arbeitspl\u00e4tze f\u00fcr zuvor arbeitslose M\u00e4nner und Frauen in Johannesburg. Weltweit leben 1,2 Milliarden Menschen ohne Zugang zu Elektrizit\u00e4t. Auch in den&hellip;","og_url":"https:\/\/weltlaeden.de\/oranienburg\/handelspartner-portrait-sonnenglas\/","og_site_name":"Weltladen Oranienburg","article_modified_time":"2024-03-25T10:07:19+00:00","og_image":[{"url":"https:\/\/weltlaeden.de\/vorlagensammlung\/wp-content\/uploads\/sites\/3\/2021\/12\/Sonnenglas-II_Kinder-Township_Q_Sonnenglas_600x400.png","type":"","width":"","height":""}],"twitter_card":"summary_large_image","twitter_misc":{"Gesch\u00e4tzte Lesezeit":"4\u00a0Minuten"},"schema":{"@context":"https:\/\/schema.org","@graph":[{"@type":"WebPage","@id":"https:\/\/weltlaeden.de\/oranienburg\/handelspartner-portrait-sonnenglas\/","url":"https:\/\/weltlaeden.de\/oranienburg\/handelspartner-portrait-sonnenglas\/","name":"Handelspartner-Portrait: Sonnenglas - Weltladen Oranienburg","isPartOf":{"@id":"https:\/\/weltlaeden.de\/oranienburg\/#website"},"primaryImageOfPage":{"@id":"https:\/\/weltlaeden.de\/oranienburg\/handelspartner-portrait-sonnenglas\/#primaryimage"},"image":{"@id":"https:\/\/weltlaeden.de\/oranienburg\/handelspartner-portrait-sonnenglas\/#primaryimage"},"thumbnailUrl":"https:\/\/weltlaeden.de\/vorlagensammlung\/wp-content\/uploads\/sites\/3\/2021\/12\/Sonnenglas-II_Kinder-Township_Q_Sonnenglas_600x400.png","datePublished":"2024-03-25T10:06:38+00:00","dateModified":"2024-03-25T10:07:19+00:00","breadcrumb":{"@id":"https:\/\/weltlaeden.de\/oranienburg\/handelspartner-portrait-sonnenglas\/#breadcrumb"},"inLanguage":"de","potentialAction":[{"@type":"ReadAction","target":["https:\/\/weltlaeden.de\/oranienburg\/handelspartner-portrait-sonnenglas\/"]}]},{"@type":"ImageObject","inLanguage":"de","@id":"https:\/\/weltlaeden.de\/oranienburg\/handelspartner-portrait-sonnenglas\/#primaryimage","url":"https:\/\/weltlaeden.de\/vorlagensammlung\/wp-content\/uploads\/sites\/3\/2021\/12\/Sonnenglas-II_Kinder-Township_Q_Sonnenglas_600x400.png","contentUrl":"https:\/\/weltlaeden.de\/vorlagensammlung\/wp-content\/uploads\/sites\/3\/2021\/12\/Sonnenglas-II_Kinder-Township_Q_Sonnenglas_600x400.png"},{"@type":"BreadcrumbList","@id":"https:\/\/weltlaeden.de\/oranienburg\/handelspartner-portrait-sonnenglas\/#breadcrumb","itemListElement":[{"@type":"ListItem","position":1,"name":"Startseite","item":"https:\/\/weltlaeden.de\/oranienburg\/"},{"@type":"ListItem","position":2,"name":"Handelspartner-Portrait: Sonnenglas"}]},{"@type":"WebSite","@id":"https:\/\/weltlaeden.de\/oranienburg\/#website","url":"https:\/\/weltlaeden.de\/oranienburg\/","name":"Weltladen Oranienburg","description":"Faire Produkte seit 1990","potentialAction":[{"@type":"SearchAction","target":{"@type":"EntryPoint","urlTemplate":"https:\/\/weltlaeden.de\/oranienburg\/?s={search_term_string}"},"query-input":{"@type":"PropertyValueSpecification","valueRequired":true,"valueName":"search_term_string"}}],"inLanguage":"de"}]}},"_links":{"self":[{"href":"https:\/\/weltlaeden.de\/oranienburg\/wp-json\/wp\/v2\/pages\/2189","targetHints":{"allow":["GET"]}}],"collection":[{"href":"https:\/\/weltlaeden.de\/oranienburg\/wp-json\/wp\/v2\/pages"}],"about":[{"href":"https:\/\/weltlaeden.de\/oranienburg\/wp-json\/wp\/v2\/types\/page"}],"author":[{"embeddable":true,"href":"https:\/\/weltlaeden.de\/oranienburg\/wp-json\/wp\/v2\/users\/185"}],"replies":[{"embeddable":true,"href":"https:\/\/weltlaeden.de\/oranienburg\/wp-json\/wp\/v2\/comments?post=2189"}],"version-history":[{"count":1,"href":"https:\/\/weltlaeden.de\/oranienburg\/wp-json\/wp\/v2\/pages\/2189\/revisions"}],"predecessor-version":[{"id":2190,"href":"https:\/\/weltlaeden.de\/oranienburg\/wp-json\/wp\/v2\/pages\/2189\/revisions\/2190"}],"wp:attachment":[{"href":"https:\/\/weltlaeden.de\/oranienburg\/wp-json\/wp\/v2\/media?parent=2189"}],"curies":[{"name":"wp","href":"https:\/\/api.w.org\/{rel}","templated":true}]}}