{"id":217,"date":"2016-10-28T13:34:47","date_gmt":"2016-10-28T11:34:47","guid":{"rendered":"https:\/\/wl.heimpixel.de\/vorlage\/produkte\/"},"modified":"2025-02-07T14:05:41","modified_gmt":"2025-02-07T13:05:41","slug":"faire-produkte","status":"publish","type":"page","link":"https:\/\/weltlaeden.de\/oranienburg\/faire-produkte\/","title":{"rendered":"Produkte"},"content":{"rendered":"<div class=\"wpb-content-wrapper\"><p>[vc_row][vc_column][vc_column_text css=&#8220;&#8220;]<\/p>\n<p style=\"text-align: center\"><strong><span style=\"color: #ff6600\">Geniesen, Schlemmen und dabei Neues entdecken:<\/span><\/strong><\/p>\n<p style=\"text-align: center\"><strong><span style=\"color: #ff6600\">Kaffee &#8211; und Teespezialit\u00e4ten, Schokoladenvielfalt, Gew\u00fcrze, Weine, Rum, Lik\u00f6re<\/span><\/strong><\/p>\n<p>[\/vc_column_text][\/vc_column][\/vc_row][vc_row][vc_column][vc_media_grid css=&#8220;&#8220; grid_id=&#8220;vc_gid:1738933252081-0b024883-a2f0-0&#8243; include=&#8220;2591,2592,2593,2594,2595,2596,2597,2598,2599&#8243;][\/vc_column][\/vc_row][vc_row][vc_column][vc_column_text css=&#8220;&#8220;]<\/p>\n<p style=\"text-align: center\"><strong><span style=\"color: #ff6600\">Handwerk aus aller Welt<\/span> <\/strong><\/p>\n<p>[\/vc_column_text][\/vc_column][\/vc_row][vc_row][vc_column][vc_media_grid css=&#8220;&#8220; grid_id=&#8220;vc_gid:1738933434811-57ac617c-26f1-10&#8243; include=&#8220;2604,2601,2602,2603,2605,2606,2607,2608,2610&#8243;][\/vc_column][\/vc_row]<\/p>\n<\/div>","protected":false},"excerpt":{"rendered":"<p>[vc_row][vc_column][vc_column_text css=&#8220;&#8220;] Geniesen, Schlemmen und dabei Neues entdecken: Kaffee &#8211; und Teespezialit\u00e4ten, Schokoladenvielfalt, Gew\u00fcrze, Weine, Rum, Lik\u00f6re [\/vc_column_text][\/vc_column][\/vc_row][vc_row][vc_column][vc_media_grid css=&#8220;&#8220; grid_id=&#8220;vc_gid:1738933252081-0b024883-a2f0-0&#8243; include=&#8220;2591,2592,2593,2594,2595,2596,2597,2598,2599&#8243;][\/vc_column][\/vc_row][vc_row][vc_column][vc_column_text css=&#8220;&#8220;] Handwerk aus aller Welt [\/vc_column_text][\/vc_column][\/vc_row][vc_row][vc_column][vc_media_grid css=&#8220;&#8220; grid_id=&#8220;vc_gid:1738933434811-57ac617c-26f1-10&#8243; include=&#8220;2604,2601,2602,2603,2605,2606,2607,2608,2610&#8243;][\/vc_column][\/vc_row]<\/p>\n","protected":false},"author":1,"featured_media":0,"parent":0,"menu_order":24,"comment_status":"closed","ping_status":"closed","template":"","meta":{"footnotes":""},"class_list":["post-217","page","type-page","status-publish","hentry","description-off"],"yoast_head":"<!-- This site is optimized with the Yoast SEO plugin v26.8 - https:\/\/yoast.com\/product\/yoast-seo-wordpress\/ -->\n<title>Produkte % Weltladen Oranienburg<\/title>\n<meta name=\"description\" content=\"Fair trade bio Nachhaltigkeit naturbelassene Handwerksprodukte faire Preise soziale Arbeitsbedingungen Produkte\" \/>\n<meta name=\"robots\" content=\"index, follow, max-snippet:-1, max-image-preview:large, max-video-preview:-1\" \/>\n<link rel=\"canonical\" href=\"https:\/\/weltlaeden.de\/oranienburg\/faire-produkte\/\" \/>\n<meta property=\"og:locale\" content=\"de_DE\" \/>\n<meta property=\"og:type\" content=\"article\" \/>\n<meta property=\"og:title\" content=\"Produkte % Weltladen Oranienburg\" \/>\n<meta property=\"og:description\" content=\"Fair trade bio Nachhaltigkeit naturbelassene Handwerksprodukte faire Preise soziale Arbeitsbedingungen Produkte\" \/>\n<meta property=\"og:url\" content=\"https:\/\/weltlaeden.de\/oranienburg\/faire-produkte\/\" \/>\n<meta property=\"og:site_name\" content=\"Weltladen Oranienburg\" \/>\n<meta property=\"article:modified_time\" content=\"2025-02-07T13:05:41+00:00\" \/>\n<meta name=\"twitter:card\" content=\"summary_large_image\" \/>\n<meta name=\"twitter:label1\" content=\"Gesch\u00e4tzte Lesezeit\" \/>\n\t<meta name=\"twitter:data1\" content=\"1\u00a0Minute\" \/>\n<script type=\"application\/ld+json\" class=\"yoast-schema-graph\">{\"@context\":\"https:\/\/schema.org\",\"@graph\":[{\"@type\":\"WebPage\",\"@id\":\"https:\/\/weltlaeden.de\/oranienburg\/faire-produkte\/\",\"url\":\"https:\/\/weltlaeden.de\/oranienburg\/faire-produkte\/\",\"name\":\"Produkte % Weltladen Oranienburg\",\"isPartOf\":{\"@id\":\"https:\/\/weltlaeden.de\/oranienburg\/#website\"},\"datePublished\":\"2016-10-28T11:34:47+00:00\",\"dateModified\":\"2025-02-07T13:05:41+00:00\",\"description\":\"Fair trade bio Nachhaltigkeit naturbelassene Handwerksprodukte faire Preise soziale Arbeitsbedingungen Produkte\",\"breadcrumb\":{\"@id\":\"https:\/\/weltlaeden.de\/oranienburg\/faire-produkte\/#breadcrumb\"},\"inLanguage\":\"de\",\"potentialAction\":[{\"@type\":\"ReadAction\",\"target\":[\"https:\/\/weltlaeden.de\/oranienburg\/faire-produkte\/\"]}]},{\"@type\":\"BreadcrumbList\",\"@id\":\"https:\/\/weltlaeden.de\/oranienburg\/faire-produkte\/#breadcrumb\",\"itemListElement\":[{\"@type\":\"ListItem\",\"position\":1,\"name\":\"Startseite\",\"item\":\"https:\/\/weltlaeden.de\/oranienburg\/\"},{\"@type\":\"ListItem\",\"position\":2,\"name\":\"Produkte\"}]},{\"@type\":\"WebSite\",\"@id\":\"https:\/\/weltlaeden.de\/oranienburg\/#website\",\"url\":\"https:\/\/weltlaeden.de\/oranienburg\/\",\"name\":\"Weltladen Oranienburg\",\"description\":\"Faire Produkte seit 1990\",\"potentialAction\":[{\"@type\":\"SearchAction\",\"target\":{\"@type\":\"EntryPoint\",\"urlTemplate\":\"https:\/\/weltlaeden.de\/oranienburg\/?s={search_term_string}\"},\"query-input\":{\"@type\":\"PropertyValueSpecification\",\"valueRequired\":true,\"valueName\":\"search_term_string\"}}],\"inLanguage\":\"de\"}]}<\/script>\n<!-- \/ Yoast SEO plugin. -->","yoast_head_json":{"title":"Produkte % Weltladen Oranienburg","description":"Fair trade bio Nachhaltigkeit naturbelassene Handwerksprodukte faire Preise soziale Arbeitsbedingungen Produkte","robots":{"index":"index","follow":"follow","max-snippet":"max-snippet:-1","max-image-preview":"max-image-preview:large","max-video-preview":"max-video-preview:-1"},"canonical":"https:\/\/weltlaeden.de\/oranienburg\/faire-produkte\/","og_locale":"de_DE","og_type":"article","og_title":"Produkte % Weltladen Oranienburg","og_description":"Fair trade bio Nachhaltigkeit naturbelassene Handwerksprodukte faire Preise soziale Arbeitsbedingungen Produkte","og_url":"https:\/\/weltlaeden.de\/oranienburg\/faire-produkte\/","og_site_name":"Weltladen Oranienburg","article_modified_time":"2025-02-07T13:05:41+00:00","twitter_card":"summary_large_image","twitter_misc":{"Gesch\u00e4tzte Lesezeit":"1\u00a0Minute"},"schema":{"@context":"https:\/\/schema.org","@graph":[{"@type":"WebPage","@id":"https:\/\/weltlaeden.de\/oranienburg\/faire-produkte\/","url":"https:\/\/weltlaeden.de\/oranienburg\/faire-produkte\/","name":"Produkte % Weltladen Oranienburg","isPartOf":{"@id":"https:\/\/weltlaeden.de\/oranienburg\/#website"},"datePublished":"2016-10-28T11:34:47+00:00","dateModified":"2025-02-07T13:05:41+00:00","description":"Fair trade bio Nachhaltigkeit naturbelassene Handwerksprodukte faire Preise soziale Arbeitsbedingungen Produkte","breadcrumb":{"@id":"https:\/\/weltlaeden.de\/oranienburg\/faire-produkte\/#breadcrumb"},"inLanguage":"de","potentialAction":[{"@type":"ReadAction","target":["https:\/\/weltlaeden.de\/oranienburg\/faire-produkte\/"]}]},{"@type":"BreadcrumbList","@id":"https:\/\/weltlaeden.de\/oranienburg\/faire-produkte\/#breadcrumb","itemListElement":[{"@type":"ListItem","position":1,"name":"Startseite","item":"https:\/\/weltlaeden.de\/oranienburg\/"},{"@type":"ListItem","position":2,"name":"Produkte"}]},{"@type":"WebSite","@id":"https:\/\/weltlaeden.de\/oranienburg\/#website","url":"https:\/\/weltlaeden.de\/oranienburg\/","name":"Weltladen Oranienburg","description":"Faire Produkte seit 1990","potentialAction":[{"@type":"SearchAction","target":{"@type":"EntryPoint","urlTemplate":"https:\/\/weltlaeden.de\/oranienburg\/?s={search_term_string}"},"query-input":{"@type":"PropertyValueSpecification","valueRequired":true,"valueName":"search_term_string"}}],"inLanguage":"de"}]}},"_links":{"self":[{"href":"https:\/\/weltlaeden.de\/oranienburg\/wp-json\/wp\/v2\/pages\/217","targetHints":{"allow":["GET"]}}],"collection":[{"href":"https:\/\/weltlaeden.de\/oranienburg\/wp-json\/wp\/v2\/pages"}],"about":[{"href":"https:\/\/weltlaeden.de\/oranienburg\/wp-json\/wp\/v2\/types\/page"}],"author":[{"embeddable":true,"href":"https:\/\/weltlaeden.de\/oranienburg\/wp-json\/wp\/v2\/users\/1"}],"replies":[{"embeddable":true,"href":"https:\/\/weltlaeden.de\/oranienburg\/wp-json\/wp\/v2\/comments?post=217"}],"version-history":[{"count":53,"href":"https:\/\/weltlaeden.de\/oranienburg\/wp-json\/wp\/v2\/pages\/217\/revisions"}],"predecessor-version":[{"id":2611,"href":"https:\/\/weltlaeden.de\/oranienburg\/wp-json\/wp\/v2\/pages\/217\/revisions\/2611"}],"wp:attachment":[{"href":"https:\/\/weltlaeden.de\/oranienburg\/wp-json\/wp\/v2\/media?parent=217"}],"curies":[{"name":"wp","href":"https:\/\/api.w.org\/{rel}","templated":true}]}}