{"id":20,"date":"2016-10-14T09:05:21","date_gmt":"2016-10-14T07:05:21","guid":{"rendered":"https:\/\/wl.heimpixel.de\/vorlage\/weltladen-musterdorf\/"},"modified":"2026-04-01T13:51:06","modified_gmt":"2026-04-01T11:51:06","slug":"weltladen-musterdorf","status":"publish","type":"page","link":"https:\/\/weltlaeden.de\/oranienburg\/","title":{"rendered":"Weltladen Oranienburg"},"content":{"rendered":"<div class=\"wpb-content-wrapper\"><p>[vc_row][vc_column][\/vc_column][\/vc_row][vc_row][vc_column][\/vc_column][\/vc_row][vc_row][vc_column][vc_column_text css=&#8220;&#8220;][\/vc_column_text][vc_column_text]<\/p>\n<p style=\"text-align: center\">[\/vc_column_text][\/vc_column][\/vc_row][vc_row][vc_column][vc_empty_space height=&#8220;10px&#8220;][vc_column_text css=&#8220;&#8220;]<\/p>\n<p>[\/vc_column_text][\/vc_column][\/vc_row][vc_row][vc_column][vc_column_text css=&#8220;&#8220;]<\/p>\n<h2 style=\"text-align: center\"><strong><span style=\"color: #ff6600\">Herzlich Willkommen und viel Freude <\/span><\/strong><strong><span style=\"color: #ff6600\">beim St\u00f6bern!<\/span><\/strong><\/h2>\n<h1 style=\"text-align: center\"><span style=\"color: #ff0000\"><strong>20% auf Osterartikel !<\/strong><\/span><\/h1>\n<h3 style=\"text-align: center\"><\/h3>\n<h6 style=\"text-align: right\"><\/h6>\n<p>[\/vc_column_text][\/vc_column][\/vc_row][vc_row][vc_column][vc_media_grid css=&#8220;&#8220; grid_id=&#8220;vc_gid:1775044174837-108c9757-f0a9-7&#8243; include=&#8220;3238,3237,3232,3233,3227,3218,3216,3214,3219,3217,3212,3226&#8243;][\/vc_column][\/vc_row][vc_row][vc_column][vc_column_text css=&#8220;&#8220;][\/vc_column_text][\/vc_column][\/vc_row][vc_row][vc_column][vc_column_text css=&#8220;&#8220;][\/vc_column_text][\/vc_column][\/vc_row][vc_row][vc_column][vc_empty_space height=&#8220;20px&#8220;][vc_row_inner][vc_column_inner width=&#8220;1\/4&#8243;]<div class=\"wl_einzelbild\"><p><img loading=\"lazy\" decoding=\"async\" class=\"alignleft size-thumbnail wp-image-nsm-3-15\" src=\"https:\/\/weltlaeden.de\/oranienburg\/wp-content\/uploads\/sites\/3\/2016\/11\/FairerHandel_ElPuente_Fingerpuppen_EccoExe_Peru-150x150.jpg\" alt=\"\" width=\"150\" height=\"150\" \/><\/p><\/div>[\/vc_column_inner][vc_column_inner width=&#8220;3\/4&#8243;][vc_column_text]<\/p>\n<h3>Fairer Handel<\/h3>\n<p>Was meint Fairer Handel \u00fcberhaupt? Welche Kriterien m\u00fcssen eingehalten werden und wer \u00fcberpr\u00fcft diese? <a href=\"https:\/\/weltlaeden.de\/oranienburg\/fairer-handel\/\">Erfahren Sie mehr &#8230;<\/a>[\/vc_column_text][\/vc_column_inner][\/vc_row_inner][vc_separator][vc_row_inner][vc_column_inner width=&#8220;1\/4&#8243;]<div class=\"wl_einzelbild\"><p><img loading=\"lazy\" decoding=\"async\" class=\"alignleft size-full wp-image-nsm-3-28\" src=\"https:\/\/weltlaeden.de\/oranienburg\/wp-content\/uploads\/sites\/3\/2018\/05\/Lebensmittel_WL-Bornheim-Christian-Schilling_150x150.jpg\" alt=\"\" width=\"150\" height=\"150\" \/><\/p><\/div>[\/vc_column_inner][vc_column_inner width=&#8220;3\/4&#8243;][vc_column_text css=&#8220;&#8220;]<\/p>\n<h3>Unser Sortiment<\/h3>\n<p>Unsere Produkte im Weltladen sind nat\u00fcrlich alle aus Fairem Handel, dennoch kommen sie von unterschiedlichen Fair-Handels-Importeuren. <a href=\"https:\/\/weltlaeden.de\/oranienburg\/faire-produkte\/\">Hier zeigen wir Ihnen unser Sortiment &#8230;<\/a>[\/vc_column_text][\/vc_column_inner][\/vc_row_inner][vc_separator][vc_row_inner][vc_column_inner width=&#8220;1\/4&#8243;]<div class=\"wl_einzelbild\"><p><img loading=\"lazy\" decoding=\"async\" class=\"size-thumbnail wp-image-534 alignleft\" src=\"https:\/\/weltlaeden.de\/oranienburg\/wp-content\/uploads\/sites\/123\/2020\/05\/weltladen_papiertuete_cashew-1-150x150.jpg\" alt=\"\" width=\"150\" height=\"150\" \/><\/p><\/div>[\/vc_column_inner][vc_column_inner width=&#8220;3\/4&#8243;][vc_column_text]<\/p>\n<h3>\u00dcber uns<\/h3>\n<p>Wer wir sind, warum wir uns f\u00fcr Fairen Handel engagieren und wie man bei uns mitmachen kann &#8211; <a href=\"https:\/\/weltlaeden.de\/oranienburg\/ueber-uns\/\">hier stellen wir uns vor &#8230;<\/a>[\/vc_column_text][\/vc_column_inner][\/vc_row_inner][vc_separator][vc_empty_space][\/vc_column][\/vc_row][vc_column][vc_column_text]<\/p>\n<h2><\/h2>\n<h2>Neuigkeiten<\/h2>\n<h1>[\/vc_column_text]<section class=\"items-grid wf-container\"><div class=\"wf-cell wf-1-2\"><article class=\"post-format-standard\"><div class=\"mini-post-img\"><a class=\"alignleft post-rollover layzr-bg\" href=\"https:\/\/weltlaeden.de\/oranienburg\/segelschokolade-kosten\/\" aria-label=\"Post image\"><img decoding=\"async\" class=\"preload-me lazy-load aspect\" src=\"data:image\/svg+xml,%3Csvg%20xmlns%3D&#39;http%3A%2F%2Fwww.w3.org%2F2000%2Fsvg&#39;%20viewBox%3D&#39;0%200%2060%2060&#39;%2F%3E\" data-src=\"https:\/\/weltlaeden.de\/oranienburg\/wp-content\/uploads\/sites\/123\/2026\/02\/WhatsApp-Image-2026-02-24-at-11.43.20-60x60.jpeg\" data-srcset=\"https:\/\/weltlaeden.de\/oranienburg\/wp-content\/uploads\/sites\/123\/2026\/02\/WhatsApp-Image-2026-02-24-at-11.43.20-60x60.jpeg 60w, https:\/\/weltlaeden.de\/oranienburg\/wp-content\/uploads\/sites\/123\/2026\/02\/WhatsApp-Image-2026-02-24-at-11.43.20-120x120.jpeg 120w\" loading=\"eager\" style=\"--ratio: 60 \/ 60\" sizes=\"(max-width: 60px) 100vw, 60px\" width=\"60\" height=\"60\"  alt=\"\" \/><\/a><\/div><div class=\"post-content\"><a href=\"https:\/\/weltlaeden.de\/oranienburg\/segelschokolade-kosten\/\">Segelschokolade kosten !<\/a><br \/><time class=\"text-secondary\" datetime=\"2026-02-24T20:09:38+01:00\">24. Februar 2026<\/time><\/div><\/article><\/div><div class=\"wf-cell wf-1-2\"><article class=\"post-format-standard\"><div class=\"mini-post-img\"><a class=\"alignleft post-rollover layzr-bg\" href=\"https:\/\/weltlaeden.de\/oranienburg\/solawi-infoabend\/\" aria-label=\"Post image\"><img decoding=\"async\" class=\"preload-me lazy-load aspect\" src=\"data:image\/svg+xml,%3Csvg%20xmlns%3D&#39;http%3A%2F%2Fwww.w3.org%2F2000%2Fsvg&#39;%20viewBox%3D&#39;0%200%2060%2060&#39;%2F%3E\" data-src=\"https:\/\/weltlaeden.de\/oranienburg\/wp-content\/uploads\/sites\/123\/2026\/02\/Screenshot-24-60x60.png\" data-srcset=\"https:\/\/weltlaeden.de\/oranienburg\/wp-content\/uploads\/sites\/123\/2026\/02\/Screenshot-24-60x60.png 60w, https:\/\/weltlaeden.de\/oranienburg\/wp-content\/uploads\/sites\/123\/2026\/02\/Screenshot-24-120x120.png 120w\" loading=\"eager\" style=\"--ratio: 60 \/ 60\" sizes=\"(max-width: 60px) 100vw, 60px\" width=\"60\" height=\"60\"  alt=\"\" \/><\/a><\/div><div class=\"post-content\"><a href=\"https:\/\/weltlaeden.de\/oranienburg\/solawi-infoabend\/\">SOLAWI-INFO-ABEND<\/a><br \/><time class=\"text-secondary\" datetime=\"2026-02-23T21:03:34+01:00\">23. Februar 2026<\/time><\/div><\/article><\/div><\/section><a href=\"https:\/\/weltlaeden.de\/oranienburg\/neuigkeiten\" class=\"btn-shortcode dt-btn-s dt-btn default-btn-color default-btn-hover-color default-btn-bg-color default-btn-bg-hover-color\" target=\"_blank\" id=\"dt-btn-1\" rel=\"noopener\"><span>Alle Neuigkeiten<\/span><\/a>[\/vc_column][vc_row][vc_column][\/vc_column][\/vc_row][vc_row][vc_column][vc_column_text]<\/h1>\n<p>[\/vc_column_text][\/vc_column][\/vc_row][vc_row][vc_column][\/vc_column][\/vc_row][vc_row][vc_column][\/vc_column][\/vc_row]<\/p>\n<\/div>","protected":false},"excerpt":{"rendered":"<p>[vc_row][vc_column][\/vc_column][\/vc_row][vc_row][vc_column][\/vc_column][\/vc_row][vc_row][vc_column][vc_column_text css=&#8220;&#8220;][\/vc_column_text][vc_column_text] [\/vc_column_text][\/vc_column][\/vc_row][vc_row][vc_column][vc_empty_space height=&#8220;10px&#8220;][vc_column_text css=&#8220;&#8220;] [\/vc_column_text][\/vc_column][\/vc_row][vc_row][vc_column][vc_column_text css=&#8220;&#8220;] Herzlich Willkommen und viel Freude beim St\u00f6bern! 20% auf Osterartikel ! [\/vc_column_text][\/vc_column][\/vc_row][vc_row][vc_column][vc_media_grid css=&#8220;&#8220; grid_id=&#8220;vc_gid:1775044174837-108c9757-f0a9-7&#8243; include=&#8220;3238,3237,3232,3233,3227,3218,3216,3214,3219,3217,3212,3226&#8243;][\/vc_column][\/vc_row][vc_row][vc_column][vc_column_text css=&#8220;&#8220;][\/vc_column_text][\/vc_column][\/vc_row][vc_row][vc_column][vc_column_text css=&#8220;&#8220;][\/vc_column_text][\/vc_column][\/vc_row][vc_row][vc_column][vc_empty_space height=&#8220;20px&#8220;][vc_row_inner][vc_column_inner width=&#8220;1\/4&#8243;][\/vc_column_inner][vc_column_inner width=&#8220;3\/4&#8243;][vc_column_text] Fairer Handel Was meint Fairer Handel \u00fcberhaupt? Welche Kriterien m\u00fcssen eingehalten werden und wer \u00fcberpr\u00fcft diese? Erfahren Sie mehr &#8230;[\/vc_column_text][\/vc_column_inner][\/vc_row_inner][vc_separator][vc_row_inner][vc_column_inner width=&#8220;1\/4&#8243;][\/vc_column_inner][vc_column_inner width=&#8220;3\/4&#8243;][vc_column_text css=&#8220;&#8220;] Unser Sortiment Unsere Produkte im&hellip;<\/p>\n","protected":false},"author":1,"featured_media":2165,"parent":0,"menu_order":0,"comment_status":"closed","ping_status":"closed","template":"","meta":{"footnotes":""},"class_list":["post-20","page","type-page","status-publish","has-post-thumbnail","hentry","description-off"],"yoast_head":"<!-- This site is optimized with the Yoast SEO plugin v26.8 - https:\/\/yoast.com\/product\/yoast-seo-wordpress\/ -->\n<title>Weltladen Oranienburg - Weltladen Oranienburg<\/title>\n<meta name=\"description\" content=\"Sonnengl\u00e4ser, Kaffee Schokolade Nachhaltigkeit Geschenkideen Handwerksprodukte fair gehandelt Biotee Kokosmilch Klangschalen R\u00e4ucherst\u00e4bchen Lederwaren SchmuckT\u00fccher Schals Rohrzucker\" \/>\n<meta name=\"robots\" content=\"index, follow, max-snippet:-1, max-image-preview:large, max-video-preview:-1\" \/>\n<link rel=\"canonical\" href=\"https:\/\/weltlaeden.de\/oranienburg\/\" \/>\n<meta property=\"og:locale\" content=\"de_DE\" \/>\n<meta property=\"og:type\" content=\"article\" \/>\n<meta property=\"og:title\" content=\"Weltladen Oranienburg - Weltladen Oranienburg\" \/>\n<meta property=\"og:description\" content=\"Sonnengl\u00e4ser, Kaffee Schokolade Nachhaltigkeit Geschenkideen Handwerksprodukte fair gehandelt Biotee Kokosmilch Klangschalen R\u00e4ucherst\u00e4bchen Lederwaren SchmuckT\u00fccher Schals Rohrzucker\" \/>\n<meta property=\"og:url\" content=\"https:\/\/weltlaeden.de\/oranienburg\/\" \/>\n<meta property=\"og:site_name\" content=\"Weltladen Oranienburg\" \/>\n<meta property=\"article:modified_time\" content=\"2026-04-01T11:51:06+00:00\" \/>\n<meta property=\"og:image\" content=\"https:\/\/weltlaeden.de\/oranienburg\/wp-content\/uploads\/sites\/123\/2024\/03\/Filzeier.jpg\" \/>\n\t<meta property=\"og:image:width\" content=\"1920\" \/>\n\t<meta property=\"og:image:height\" content=\"1280\" \/>\n\t<meta property=\"og:image:type\" content=\"image\/jpeg\" \/>\n<meta name=\"twitter:card\" content=\"summary_large_image\" \/>\n<meta name=\"twitter:label1\" content=\"Gesch\u00e4tzte Lesezeit\" \/>\n\t<meta name=\"twitter:data1\" content=\"2\u00a0Minuten\" \/>\n<script type=\"application\/ld+json\" class=\"yoast-schema-graph\">{\"@context\":\"https:\/\/schema.org\",\"@graph\":[{\"@type\":\"WebPage\",\"@id\":\"https:\/\/weltlaeden.de\/oranienburg\/\",\"url\":\"https:\/\/weltlaeden.de\/oranienburg\/\",\"name\":\"Weltladen Oranienburg - Weltladen Oranienburg\",\"isPartOf\":{\"@id\":\"https:\/\/weltlaeden.de\/oranienburg\/#website\"},\"primaryImageOfPage\":{\"@id\":\"https:\/\/weltlaeden.de\/oranienburg\/#primaryimage\"},\"image\":{\"@id\":\"https:\/\/weltlaeden.de\/oranienburg\/#primaryimage\"},\"thumbnailUrl\":\"https:\/\/weltlaeden.de\/oranienburg\/wp-content\/uploads\/sites\/123\/2024\/03\/Filzeier.jpg\",\"datePublished\":\"2016-10-14T07:05:21+00:00\",\"dateModified\":\"2026-04-01T11:51:06+00:00\",\"description\":\"Sonnengl\u00e4ser, Kaffee Schokolade Nachhaltigkeit Geschenkideen Handwerksprodukte fair gehandelt Biotee Kokosmilch Klangschalen R\u00e4ucherst\u00e4bchen Lederwaren SchmuckT\u00fccher Schals Rohrzucker\",\"breadcrumb\":{\"@id\":\"https:\/\/weltlaeden.de\/oranienburg\/#breadcrumb\"},\"inLanguage\":\"de\",\"potentialAction\":[{\"@type\":\"ReadAction\",\"target\":[\"https:\/\/weltlaeden.de\/oranienburg\/\"]}]},{\"@type\":\"ImageObject\",\"inLanguage\":\"de\",\"@id\":\"https:\/\/weltlaeden.de\/oranienburg\/#primaryimage\",\"url\":\"https:\/\/weltlaeden.de\/oranienburg\/wp-content\/uploads\/sites\/123\/2024\/03\/Filzeier.jpg\",\"contentUrl\":\"https:\/\/weltlaeden.de\/oranienburg\/wp-content\/uploads\/sites\/123\/2024\/03\/Filzeier.jpg\",\"width\":1920,\"height\":1280},{\"@type\":\"BreadcrumbList\",\"@id\":\"https:\/\/weltlaeden.de\/oranienburg\/#breadcrumb\",\"itemListElement\":[{\"@type\":\"ListItem\",\"position\":1,\"name\":\"Startseite\",\"item\":\"https:\/\/weltlaeden.de\/oranienburg\/\"},{\"@type\":\"ListItem\",\"position\":2,\"name\":\"Weltladen Oranienburg\"}]},{\"@type\":\"WebSite\",\"@id\":\"https:\/\/weltlaeden.de\/oranienburg\/#website\",\"url\":\"https:\/\/weltlaeden.de\/oranienburg\/\",\"name\":\"Weltladen Oranienburg\",\"description\":\"Faire Produkte seit 1990\",\"potentialAction\":[{\"@type\":\"SearchAction\",\"target\":{\"@type\":\"EntryPoint\",\"urlTemplate\":\"https:\/\/weltlaeden.de\/oranienburg\/?s={search_term_string}\"},\"query-input\":{\"@type\":\"PropertyValueSpecification\",\"valueRequired\":true,\"valueName\":\"search_term_string\"}}],\"inLanguage\":\"de\"}]}<\/script>\n<!-- \/ Yoast SEO plugin. -->","yoast_head_json":{"title":"Weltladen Oranienburg - Weltladen Oranienburg","description":"Sonnengl\u00e4ser, Kaffee Schokolade Nachhaltigkeit Geschenkideen Handwerksprodukte fair gehandelt Biotee Kokosmilch Klangschalen R\u00e4ucherst\u00e4bchen Lederwaren SchmuckT\u00fccher Schals Rohrzucker","robots":{"index":"index","follow":"follow","max-snippet":"max-snippet:-1","max-image-preview":"max-image-preview:large","max-video-preview":"max-video-preview:-1"},"canonical":"https:\/\/weltlaeden.de\/oranienburg\/","og_locale":"de_DE","og_type":"article","og_title":"Weltladen Oranienburg - Weltladen Oranienburg","og_description":"Sonnengl\u00e4ser, Kaffee Schokolade Nachhaltigkeit Geschenkideen Handwerksprodukte fair gehandelt Biotee Kokosmilch Klangschalen R\u00e4ucherst\u00e4bchen Lederwaren SchmuckT\u00fccher Schals Rohrzucker","og_url":"https:\/\/weltlaeden.de\/oranienburg\/","og_site_name":"Weltladen Oranienburg","article_modified_time":"2026-04-01T11:51:06+00:00","og_image":[{"width":1920,"height":1280,"url":"https:\/\/weltlaeden.de\/oranienburg\/wp-content\/uploads\/sites\/123\/2024\/03\/Filzeier.jpg","type":"image\/jpeg"}],"twitter_card":"summary_large_image","twitter_misc":{"Gesch\u00e4tzte Lesezeit":"2\u00a0Minuten"},"schema":{"@context":"https:\/\/schema.org","@graph":[{"@type":"WebPage","@id":"https:\/\/weltlaeden.de\/oranienburg\/","url":"https:\/\/weltlaeden.de\/oranienburg\/","name":"Weltladen Oranienburg - Weltladen Oranienburg","isPartOf":{"@id":"https:\/\/weltlaeden.de\/oranienburg\/#website"},"primaryImageOfPage":{"@id":"https:\/\/weltlaeden.de\/oranienburg\/#primaryimage"},"image":{"@id":"https:\/\/weltlaeden.de\/oranienburg\/#primaryimage"},"thumbnailUrl":"https:\/\/weltlaeden.de\/oranienburg\/wp-content\/uploads\/sites\/123\/2024\/03\/Filzeier.jpg","datePublished":"2016-10-14T07:05:21+00:00","dateModified":"2026-04-01T11:51:06+00:00","description":"Sonnengl\u00e4ser, Kaffee Schokolade Nachhaltigkeit Geschenkideen Handwerksprodukte fair gehandelt Biotee Kokosmilch Klangschalen R\u00e4ucherst\u00e4bchen Lederwaren SchmuckT\u00fccher Schals Rohrzucker","breadcrumb":{"@id":"https:\/\/weltlaeden.de\/oranienburg\/#breadcrumb"},"inLanguage":"de","potentialAction":[{"@type":"ReadAction","target":["https:\/\/weltlaeden.de\/oranienburg\/"]}]},{"@type":"ImageObject","inLanguage":"de","@id":"https:\/\/weltlaeden.de\/oranienburg\/#primaryimage","url":"https:\/\/weltlaeden.de\/oranienburg\/wp-content\/uploads\/sites\/123\/2024\/03\/Filzeier.jpg","contentUrl":"https:\/\/weltlaeden.de\/oranienburg\/wp-content\/uploads\/sites\/123\/2024\/03\/Filzeier.jpg","width":1920,"height":1280},{"@type":"BreadcrumbList","@id":"https:\/\/weltlaeden.de\/oranienburg\/#breadcrumb","itemListElement":[{"@type":"ListItem","position":1,"name":"Startseite","item":"https:\/\/weltlaeden.de\/oranienburg\/"},{"@type":"ListItem","position":2,"name":"Weltladen Oranienburg"}]},{"@type":"WebSite","@id":"https:\/\/weltlaeden.de\/oranienburg\/#website","url":"https:\/\/weltlaeden.de\/oranienburg\/","name":"Weltladen Oranienburg","description":"Faire Produkte seit 1990","potentialAction":[{"@type":"SearchAction","target":{"@type":"EntryPoint","urlTemplate":"https:\/\/weltlaeden.de\/oranienburg\/?s={search_term_string}"},"query-input":{"@type":"PropertyValueSpecification","valueRequired":true,"valueName":"search_term_string"}}],"inLanguage":"de"}]}},"_links":{"self":[{"href":"https:\/\/weltlaeden.de\/oranienburg\/wp-json\/wp\/v2\/pages\/20","targetHints":{"allow":["GET"]}}],"collection":[{"href":"https:\/\/weltlaeden.de\/oranienburg\/wp-json\/wp\/v2\/pages"}],"about":[{"href":"https:\/\/weltlaeden.de\/oranienburg\/wp-json\/wp\/v2\/types\/page"}],"author":[{"embeddable":true,"href":"https:\/\/weltlaeden.de\/oranienburg\/wp-json\/wp\/v2\/users\/1"}],"replies":[{"embeddable":true,"href":"https:\/\/weltlaeden.de\/oranienburg\/wp-json\/wp\/v2\/comments?post=20"}],"version-history":[{"count":681,"href":"https:\/\/weltlaeden.de\/oranienburg\/wp-json\/wp\/v2\/pages\/20\/revisions"}],"predecessor-version":[{"id":3240,"href":"https:\/\/weltlaeden.de\/oranienburg\/wp-json\/wp\/v2\/pages\/20\/revisions\/3240"}],"wp:featuredmedia":[{"embeddable":true,"href":"https:\/\/weltlaeden.de\/oranienburg\/wp-json\/wp\/v2\/media\/2165"}],"wp:attachment":[{"href":"https:\/\/weltlaeden.de\/oranienburg\/wp-json\/wp\/v2\/media?parent=20"}],"curies":[{"name":"wp","href":"https:\/\/api.w.org\/{rel}","templated":true}]}}