{"id":873,"date":"2024-11-11T15:12:00","date_gmt":"2024-11-11T14:12:00","guid":{"rendered":"https:\/\/weltlaeden.de\/offenburg\/?page_id=873"},"modified":"2025-01-01T16:05:40","modified_gmt":"2025-01-01T15:05:40","slug":"873-2","status":"publish","type":"page","link":"https:\/\/weltlaeden.de\/offenburg\/873-2\/","title":{"rendered":"Wof\u00fcr steht der Faire Handel?"},"content":{"rendered":"<div class=\"wpb-content-wrapper\"><div class=\"vc_row wpb_row vc_row-fluid dt-default\">\n<div class=\"wpb_column vc_column_container vc_col-sm-12\">\n<div class=\"vc_column-inner\">\n<div class=\"wpb_wrapper\">\n<div class=\"wpb_text_column wpb_content_element \">\n<div class=\"wpb_wrapper\">\n<h1>Wof\u00fcr steht der Faire Handel?<\/h1>\n<h1><img loading=\"lazy\" decoding=\"async\" class=\"alignnone wp-image-874 aligncenter\" src=\"https:\/\/weltlaeden.de\/offenburg\/wp-content\/uploads\/sites\/198\/2024\/11\/zehn-grundsaetze-300x173.jpg\" alt=\"\" width=\"728\" height=\"420\" srcset=\"https:\/\/weltlaeden.de\/offenburg\/wp-content\/uploads\/sites\/198\/2024\/11\/zehn-grundsaetze-300x173.jpg 300w, https:\/\/weltlaeden.de\/offenburg\/wp-content\/uploads\/sites\/198\/2024\/11\/zehn-grundsaetze-1024x590.jpg 1024w, https:\/\/weltlaeden.de\/offenburg\/wp-content\/uploads\/sites\/198\/2024\/11\/zehn-grundsaetze-768x442.jpg 768w, https:\/\/weltlaeden.de\/offenburg\/wp-content\/uploads\/sites\/198\/2024\/11\/zehn-grundsaetze.jpg 1158w\" sizes=\"auto, (max-width: 728px) 100vw, 728px\" \/>Fairer Handel bedeutet f\u00fcr Weltl\u00e4den..<\/h1>\n<\/div>\n<\/div>\n<div class=\"wpb_text_column wpb_content_element \">\n<div class=\"wpb_wrapper\">\n<div class=\"wpb_text_column wpb_content_element \">\n<div class=\"wpb_wrapper\">\n<p><strong>Verkaufen: <\/strong>Weil der Verkauf fair gehandelter Produkte das Leben f\u00fcr die Produzent\/innen verbessert.<\/p>\n<p><strong>Informieren: <\/strong>Weil politische Kampagnen die Rahmenbedingungen f\u00fcr die Menschen im S\u00fcden ver\u00e4ndern k\u00f6nnen.<\/p>\n<p><strong>Lernen:<\/strong> Weil die Mitarbeiter\/innen und die Kund\/innen viel \u00fcber die globalisierte Welt wissen sollten, um zu verstehen, wie unser Konsum die Welt ver\u00e4ndert \u2013 zum Guten oder zum Schlechten.<\/p>\n<\/div>\n<\/div>\n<\/div>\n<\/div>\n<\/div>\n<\/div>\n<\/div>\n<\/div>\n<div class=\"vc_row wpb_row vc_row-fluid dt-default\">\n<div class=\"wpb_column vc_column_container vc_col-sm-12\">\n<div class=\"vc_column-inner\">\n<div class=\"wpb_wrapper\">\n<div class=\"vc_empty_space\"><\/div>\n<div class=\"wpb_text_column wpb_content_element \">\n<div class=\"wpb_wrapper\">\n<h1>Kriterien des Fairen Handels<\/h1>\n<\/div>\n<\/div>\n<div class=\"wpb_text_column wpb_content_element \">\n<div class=\"wpb_wrapper\">\n<div class=\"wpb_text_column wpb_content_element \">\n<div class=\"wpb_wrapper\">\n<p><span class=\"normal\"><strong>Die Konvention der Weltl\u00e4den<\/strong> ist das Grundsatzpapier f\u00fcr den Fairen Handel der Weltl\u00e4den und Fair-Handels-Gruppen. Sie wurde in einem jahrelangen Dialog gemeinsam entwickelt und erstmals 1997 von der Mitgliederversammlung des Weltladen-Dachverbandes beschlossen. Die Kriterien der Konvention der Weltl\u00e4den in der aktuellen Version decken sich mit den zehn Prinzipien der World Fair Trade Organization (<a href=\"http:\/\/www.wfto.com\">WFTO<\/a>).<br \/>\n<\/span><\/p>\n<p><span class=\"normal\">Fairer Handel, wie ihn die Weltl\u00e4den betreiben, strebt eine gleichberechtigte Partnerschaft des Nordens mit dem S\u00fcden an. Daher wendet die Konvention die Kriterien auf alle wesentlichen Akteure im Fairen Handel an: auf Pr<\/span><span class=\"normal\">oduzent\/innen, Importeure sowie Weltl\u00e4den und Fair-Handels-Gruppen.<\/span><\/p>\n<\/div>\n<\/div>\n<\/div>\n<\/div>\n<div class=\"wpb_text_column wpb_content_element \">\n<div class=\"wpb_wrapper\">\n<p><span class=\"normal\"><strong>Grundkriterien der Konvention:<\/strong><\/span><\/p>\n<ul>\n<li>Handelspraktiken<\/li>\n<li>Arbeitsbedingungen<\/li>\n<li>Transparenz<\/li>\n<li>Bildungs- und Informationsarbeit<\/li>\n<li>\u00d6ffentlichkeitsarbeit<\/li>\n<li>Umweltschutz<\/li>\n<li>Erg\u00e4nzungsprodukte (z.B. regionale Produkte)<\/li>\n<\/ul>\n<p>Lesen Sie auch: <a href=\"https:\/\/weltlaeden.de\/offenburg\/fairer-handel-in-deutschland-was-ist-das\/\">Fairer Handel in Deutschland &#8211; was ist das?<\/a><\/p>\n<\/div>\n<\/div>\n<\/div>\n<\/div>\n<\/div>\n<\/div>\n<\/div>","protected":false},"excerpt":{"rendered":"<p>Wof\u00fcr steht der Faire Handel? Fairer Handel bedeutet f\u00fcr Weltl\u00e4den.. Verkaufen: Weil der Verkauf fair gehandelter Produkte das Leben f\u00fcr die Produzent\/innen verbessert. Informieren: Weil politische Kampagnen die Rahmenbedingungen f\u00fcr die Menschen im S\u00fcden ver\u00e4ndern k\u00f6nnen. Lernen: Weil die Mitarbeiter\/innen und die Kund\/innen viel \u00fcber die globalisierte Welt wissen sollten, um zu verstehen, wie unser&hellip;<\/p>\n","protected":false},"author":287,"featured_media":0,"parent":0,"menu_order":0,"comment_status":"closed","ping_status":"closed","template":"","meta":{"footnotes":""},"class_list":["post-873","page","type-page","status-publish","hentry","description-off"],"yoast_head":"<!-- This site is optimized with the Yoast SEO plugin v26.8 - https:\/\/yoast.com\/product\/yoast-seo-wordpress\/ -->\n<title>Wof\u00fcr steht der Faire Handel? - Weltladen Offenburg<\/title>\n<meta name=\"robots\" content=\"index, follow, max-snippet:-1, max-image-preview:large, max-video-preview:-1\" \/>\n<link rel=\"canonical\" href=\"https:\/\/weltlaeden.de\/offenburg\/873-2\/\" \/>\n<meta property=\"og:locale\" content=\"de_DE\" \/>\n<meta property=\"og:type\" content=\"article\" \/>\n<meta property=\"og:title\" content=\"Wof\u00fcr steht der Faire Handel? - Weltladen Offenburg\" \/>\n<meta property=\"og:description\" content=\"Wof\u00fcr steht der Faire Handel? Fairer Handel bedeutet f\u00fcr Weltl\u00e4den.. Verkaufen: Weil der Verkauf fair gehandelter Produkte das Leben f\u00fcr die Produzent\/innen verbessert. Informieren: Weil politische Kampagnen die Rahmenbedingungen f\u00fcr die Menschen im S\u00fcden ver\u00e4ndern k\u00f6nnen. Lernen: Weil die Mitarbeiter\/innen und die Kund\/innen viel \u00fcber die globalisierte Welt wissen sollten, um zu verstehen, wie unser&hellip;\" \/>\n<meta property=\"og:url\" content=\"https:\/\/weltlaeden.de\/offenburg\/873-2\/\" \/>\n<meta property=\"og:site_name\" content=\"Weltladen Offenburg\" \/>\n<meta property=\"article:modified_time\" content=\"2025-01-01T15:05:40+00:00\" \/>\n<meta property=\"og:image\" content=\"https:\/\/weltlaeden.de\/offenburg\/wp-content\/uploads\/sites\/198\/2024\/11\/zehn-grundsaetze.jpg\" \/>\n\t<meta property=\"og:image:width\" content=\"1158\" \/>\n\t<meta property=\"og:image:height\" content=\"667\" \/>\n\t<meta property=\"og:image:type\" content=\"image\/jpeg\" \/>\n<meta name=\"twitter:card\" content=\"summary_large_image\" \/>\n<meta name=\"twitter:label1\" content=\"Gesch\u00e4tzte Lesezeit\" \/>\n\t<meta name=\"twitter:data1\" content=\"2\u00a0Minuten\" \/>\n<script type=\"application\/ld+json\" class=\"yoast-schema-graph\">{\"@context\":\"https:\/\/schema.org\",\"@graph\":[{\"@type\":\"WebPage\",\"@id\":\"https:\/\/weltlaeden.de\/offenburg\/873-2\/\",\"url\":\"https:\/\/weltlaeden.de\/offenburg\/873-2\/\",\"name\":\"Wof\u00fcr steht der Faire Handel? - Weltladen Offenburg\",\"isPartOf\":{\"@id\":\"https:\/\/weltlaeden.de\/offenburg\/#website\"},\"primaryImageOfPage\":{\"@id\":\"https:\/\/weltlaeden.de\/offenburg\/873-2\/#primaryimage\"},\"image\":{\"@id\":\"https:\/\/weltlaeden.de\/offenburg\/873-2\/#primaryimage\"},\"thumbnailUrl\":\"https:\/\/weltlaeden.de\/offenburg\/wp-content\/uploads\/sites\/198\/2024\/11\/zehn-grundsaetze-300x173.jpg\",\"datePublished\":\"2024-11-11T14:12:00+00:00\",\"dateModified\":\"2025-01-01T15:05:40+00:00\",\"breadcrumb\":{\"@id\":\"https:\/\/weltlaeden.de\/offenburg\/873-2\/#breadcrumb\"},\"inLanguage\":\"de\",\"potentialAction\":[{\"@type\":\"ReadAction\",\"target\":[\"https:\/\/weltlaeden.de\/offenburg\/873-2\/\"]}]},{\"@type\":\"ImageObject\",\"inLanguage\":\"de\",\"@id\":\"https:\/\/weltlaeden.de\/offenburg\/873-2\/#primaryimage\",\"url\":\"https:\/\/weltlaeden.de\/offenburg\/wp-content\/uploads\/sites\/198\/2024\/11\/zehn-grundsaetze.jpg\",\"contentUrl\":\"https:\/\/weltlaeden.de\/offenburg\/wp-content\/uploads\/sites\/198\/2024\/11\/zehn-grundsaetze.jpg\",\"width\":1158,\"height\":667},{\"@type\":\"BreadcrumbList\",\"@id\":\"https:\/\/weltlaeden.de\/offenburg\/873-2\/#breadcrumb\",\"itemListElement\":[{\"@type\":\"ListItem\",\"position\":1,\"name\":\"Startseite\",\"item\":\"https:\/\/weltlaeden.de\/offenburg\/\"},{\"@type\":\"ListItem\",\"position\":2,\"name\":\"Wof\u00fcr steht der Faire Handel?\"}]},{\"@type\":\"WebSite\",\"@id\":\"https:\/\/weltlaeden.de\/offenburg\/#website\",\"url\":\"https:\/\/weltlaeden.de\/offenburg\/\",\"name\":\"Weltladen Offenburg\",\"description\":\"Faire Produkte seit 1990\",\"potentialAction\":[{\"@type\":\"SearchAction\",\"target\":{\"@type\":\"EntryPoint\",\"urlTemplate\":\"https:\/\/weltlaeden.de\/offenburg\/?s={search_term_string}\"},\"query-input\":{\"@type\":\"PropertyValueSpecification\",\"valueRequired\":true,\"valueName\":\"search_term_string\"}}],\"inLanguage\":\"de\"}]}<\/script>\n<!-- \/ Yoast SEO plugin. -->","yoast_head_json":{"title":"Wof\u00fcr steht der Faire Handel? - Weltladen Offenburg","robots":{"index":"index","follow":"follow","max-snippet":"max-snippet:-1","max-image-preview":"max-image-preview:large","max-video-preview":"max-video-preview:-1"},"canonical":"https:\/\/weltlaeden.de\/offenburg\/873-2\/","og_locale":"de_DE","og_type":"article","og_title":"Wof\u00fcr steht der Faire Handel? - Weltladen Offenburg","og_description":"Wof\u00fcr steht der Faire Handel? Fairer Handel bedeutet f\u00fcr Weltl\u00e4den.. Verkaufen: Weil der Verkauf fair gehandelter Produkte das Leben f\u00fcr die Produzent\/innen verbessert. Informieren: Weil politische Kampagnen die Rahmenbedingungen f\u00fcr die Menschen im S\u00fcden ver\u00e4ndern k\u00f6nnen. Lernen: Weil die Mitarbeiter\/innen und die Kund\/innen viel \u00fcber die globalisierte Welt wissen sollten, um zu verstehen, wie unser&hellip;","og_url":"https:\/\/weltlaeden.de\/offenburg\/873-2\/","og_site_name":"Weltladen Offenburg","article_modified_time":"2025-01-01T15:05:40+00:00","og_image":[{"width":1158,"height":667,"url":"https:\/\/weltlaeden.de\/offenburg\/wp-content\/uploads\/sites\/198\/2024\/11\/zehn-grundsaetze.jpg","type":"image\/jpeg"}],"twitter_card":"summary_large_image","twitter_misc":{"Gesch\u00e4tzte Lesezeit":"2\u00a0Minuten"},"schema":{"@context":"https:\/\/schema.org","@graph":[{"@type":"WebPage","@id":"https:\/\/weltlaeden.de\/offenburg\/873-2\/","url":"https:\/\/weltlaeden.de\/offenburg\/873-2\/","name":"Wof\u00fcr steht der Faire Handel? - Weltladen Offenburg","isPartOf":{"@id":"https:\/\/weltlaeden.de\/offenburg\/#website"},"primaryImageOfPage":{"@id":"https:\/\/weltlaeden.de\/offenburg\/873-2\/#primaryimage"},"image":{"@id":"https:\/\/weltlaeden.de\/offenburg\/873-2\/#primaryimage"},"thumbnailUrl":"https:\/\/weltlaeden.de\/offenburg\/wp-content\/uploads\/sites\/198\/2024\/11\/zehn-grundsaetze-300x173.jpg","datePublished":"2024-11-11T14:12:00+00:00","dateModified":"2025-01-01T15:05:40+00:00","breadcrumb":{"@id":"https:\/\/weltlaeden.de\/offenburg\/873-2\/#breadcrumb"},"inLanguage":"de","potentialAction":[{"@type":"ReadAction","target":["https:\/\/weltlaeden.de\/offenburg\/873-2\/"]}]},{"@type":"ImageObject","inLanguage":"de","@id":"https:\/\/weltlaeden.de\/offenburg\/873-2\/#primaryimage","url":"https:\/\/weltlaeden.de\/offenburg\/wp-content\/uploads\/sites\/198\/2024\/11\/zehn-grundsaetze.jpg","contentUrl":"https:\/\/weltlaeden.de\/offenburg\/wp-content\/uploads\/sites\/198\/2024\/11\/zehn-grundsaetze.jpg","width":1158,"height":667},{"@type":"BreadcrumbList","@id":"https:\/\/weltlaeden.de\/offenburg\/873-2\/#breadcrumb","itemListElement":[{"@type":"ListItem","position":1,"name":"Startseite","item":"https:\/\/weltlaeden.de\/offenburg\/"},{"@type":"ListItem","position":2,"name":"Wof\u00fcr steht der Faire Handel?"}]},{"@type":"WebSite","@id":"https:\/\/weltlaeden.de\/offenburg\/#website","url":"https:\/\/weltlaeden.de\/offenburg\/","name":"Weltladen Offenburg","description":"Faire Produkte seit 1990","potentialAction":[{"@type":"SearchAction","target":{"@type":"EntryPoint","urlTemplate":"https:\/\/weltlaeden.de\/offenburg\/?s={search_term_string}"},"query-input":{"@type":"PropertyValueSpecification","valueRequired":true,"valueName":"search_term_string"}}],"inLanguage":"de"}]}},"_links":{"self":[{"href":"https:\/\/weltlaeden.de\/offenburg\/wp-json\/wp\/v2\/pages\/873","targetHints":{"allow":["GET"]}}],"collection":[{"href":"https:\/\/weltlaeden.de\/offenburg\/wp-json\/wp\/v2\/pages"}],"about":[{"href":"https:\/\/weltlaeden.de\/offenburg\/wp-json\/wp\/v2\/types\/page"}],"author":[{"embeddable":true,"href":"https:\/\/weltlaeden.de\/offenburg\/wp-json\/wp\/v2\/users\/287"}],"replies":[{"embeddable":true,"href":"https:\/\/weltlaeden.de\/offenburg\/wp-json\/wp\/v2\/comments?post=873"}],"version-history":[{"count":8,"href":"https:\/\/weltlaeden.de\/offenburg\/wp-json\/wp\/v2\/pages\/873\/revisions"}],"predecessor-version":[{"id":1104,"href":"https:\/\/weltlaeden.de\/offenburg\/wp-json\/wp\/v2\/pages\/873\/revisions\/1104"}],"wp:attachment":[{"href":"https:\/\/weltlaeden.de\/offenburg\/wp-json\/wp\/v2\/media?parent=873"}],"curies":[{"name":"wp","href":"https:\/\/api.w.org\/{rel}","templated":true}]}}