{"id":854,"date":"2024-11-11T13:29:37","date_gmt":"2024-11-11T12:29:37","guid":{"rendered":"https:\/\/weltlaeden.de\/offenburg\/?page_id=854"},"modified":"2025-07-23T09:57:21","modified_gmt":"2025-07-23T07:57:21","slug":"bildung","status":"publish","type":"page","link":"https:\/\/weltlaeden.de\/offenburg\/bildung\/","title":{"rendered":"Bildung"},"content":{"rendered":"<h1 style=\"text-align: center\"><span style=\"color: #ff9900\"><strong>Bildungsangebote im Weltladen Regentropfen<\/strong><\/span><\/h1>\n<h2 style=\"text-align: center\"><\/h2>\n<h2 style=\"text-align: center\"><span style=\"color: #ff9900\"><strong><img loading=\"lazy\" decoding=\"async\" class=\"alignnone wp-image-2031\" src=\"https:\/\/weltlaeden.de\/offenburg\/wp-content\/uploads\/sites\/198\/2025\/03\/wordcloud-Bildung1-300x300.jpg\" alt=\"\" width=\"420\" height=\"420\" srcset=\"https:\/\/weltlaeden.de\/offenburg\/wp-content\/uploads\/sites\/198\/2025\/03\/wordcloud-Bildung1-300x300.jpg 300w, https:\/\/weltlaeden.de\/offenburg\/wp-content\/uploads\/sites\/198\/2025\/03\/wordcloud-Bildung1-150x150.jpg 150w, https:\/\/weltlaeden.de\/offenburg\/wp-content\/uploads\/sites\/198\/2025\/03\/wordcloud-Bildung1-768x768.jpg 768w, https:\/\/weltlaeden.de\/offenburg\/wp-content\/uploads\/sites\/198\/2025\/03\/wordcloud-Bildung1.jpg 1024w\" sizes=\"auto, (max-width: 420px) 100vw, 420px\" \/><\/strong><\/span><\/h2>\n<h1 style=\"text-align: center\"><\/h1>\n<h2 style=\"text-align: left\"><span style=\"color: #ff9900\"><strong>F\u00fchrung durch den Weltladen<\/strong><\/span><\/h2>\n<h3 class=\"wp-block-heading\"><strong>Unsere Produkte haben ein Gesicht und eine Geschichte!<\/strong><\/h3>\n<ul class=\"wp-block-list\">\n<li>Wo w\u00e4chst die Schokolade?<\/li>\n<li>Bananen \u2013 reif f\u00fcr den fairen Handel<\/li>\n<li>Wer n\u00e4ht unsere Kleidung?<\/li>\n<li>Fu\u00dfb\u00e4lle:\u00a0 fair pay \u2013 fair play<\/li>\n<li>Fairer Handel schafft gutes Klima<\/li>\n<li>Weltladen-Rallye f\u00fcr Sch\u00fcler*innen<\/li>\n<li>Fairer Handel und Nachhaltigkeit<\/li>\n<\/ul>\n<p>_________________________________________________________________________<\/p>\n<h2><span style=\"color: #ff9900\"><strong>Sozialpraktikum, BOGY, Konfirmanden- und Firmlingspraktikum<\/strong><\/span><\/h2>\n<p>Wir bieten einen idealen Ort f\u00fcr au\u00dferschulisches Lernen: Berufsorientierung, Sozialkompetenz, Einblick in entwicklungspolitische und kaufm\u00e4nnische Themen.<\/p>\n<p>_________________________________________________________________________<\/p>\n<h2 class=\"wp-block-heading\"><\/h2>\n<h2><span style=\"color: #ff9900\"><strong>Projekte in der Schule &amp; selbst aktiv werden<\/strong><\/span><\/h2>\n<ul class=\"wp-block-list\">\n<li>Projekttage zum Thema, wir unterst\u00fctzen Sie gerne<\/li>\n<li>bei Schulfesten, Elternabenden, evtl. mit Verkauf unserer Produkte<\/li>\n<li>Gr\u00fcndung eines Schul-Weltladens f\u00fcr regelm\u00e4\u00dfigen Verkauf<\/li>\n<li>Wir gew\u00e4hren Rabatte und geben die Ware auf Komission<\/li>\n<\/ul>\n<p>_________________________________________________________________________<mark class=\"has-inline-color has-luminous-vivid-orange-color\"><\/mark><\/p>\n<h2><span style=\"color: #ff9900\"><strong>Fairer Stadtspaziergang<\/strong><\/span><\/h2>\n<h3 class=\"wp-block-heading\"><strong>Was bietet Offenburgs Innenstadt zum Thema Nachhaltigkeit !<\/strong><\/h3>\n<p>Dauer: ca. 90 Minuten! Aufgaben k\u00f6nnen auf dem Smartphone oder auf dem Papier gel\u00f6st werden. Nebenbei bekommt man einige Informationen was in Offenburg zu diesem Thema geboten wird.<\/p>\n<p>Falls gew\u00fcnscht, begleitet Sie eine fachkompetente Mitarbeiterin. <strong>Information und Anmeldung:<\/strong> <strong><a href=\"mailto:info@weltladen-offenburg.de\">info@weltladen-offenburg.de<\/a><\/strong><\/p>\n<p>________________________________________________________________________<\/p>\n<h2><span style=\"color: #ff9900\"><strong>Fairer Kaffee\/Kakao im Lehrerzimmer, bei Veranstaltungen<\/strong><\/span><\/h2>\n<ul class=\"wp-block-list\">\n<li>Fair gehandelter Kaffee z\u00e4hlt zu den Spitzenkaffees<\/li>\n<li>geeignet f\u00fcr Kaffeemaschinen &amp; Getr\u00e4nkeautomaten<\/li>\n<li>Kakao f\u00fcr Getr\u00e4nkeautomaten<\/li>\n<li>mit dem Genuss dieser Produkte erm\u00f6glichen Sie den Projektpartner menschenw\u00fcrdiges Leben<\/li>\n<\/ul>\n<p>________________________________________________________________________<\/p>\n<h2><span style=\"color: #ff9900\"><strong>Suchen Sie Informationen zu unseren Produzenten \/ Lieferanten \/ Importeure?<\/strong><\/span><\/h2>\n<p>Viele Informationen finden Sie auf <a href=\"https:\/\/www.forum-fairer-handel.de\/\" data-type=\"link\" data-id=\"https:\/\/www.forum-fairer-handel.de\/\"><strong><span style=\"color: #ff9900\">www.forum-fairer-handel.de<\/span><\/strong><\/a><\/p>\n<p>&nbsp;<\/p>\n<h1 style=\"text-align: left\"><a href=\"https:\/\/weltlaeden.de\/offenburg\/mediathek\/\">Hier finden Sie unsere\u00a0 MEDIATHEK<\/a><\/h1>\n<h1><a href=\"https:\/\/weltlaeden.de\/offenburg\/material-und-tipps-fuer-schulen\/\">Material und Tipps f\u00fcr Schulen<\/a><\/h1>\n<h1><a href=\"https:\/\/weltlaeden.de\/offenburg\/buchtipps\/\">Buchtipps<\/a><\/h1>\n<h1><a href=\"https:\/\/weltlaeden.de\/offenburg\/actionbound-auf-den-spuren-der-nachhaltigkeit\/\">Stadtspaziergang &#8211; Auf den Spuren der Nachhaltigkeit<\/a><\/h1>\n<p>&nbsp;<\/p>\n<p>&nbsp;<\/p>\n<h2 class=\"wp-block-heading\"><span style=\"color: #ff9900\"><strong>Kontakt<\/strong><\/span><\/h2>\n<p>Otto Meier \/ Christine Junker<\/p>\n<p>Weltladen Regentropfen e.V. gemein. anerkannter Verein<\/p>\n<p>Lange Stra\u00dfe 19<br \/>\n77652 Offenburg<br \/>\nTel. 0781- 77224<br \/>\nMail: info@weltladen-offenburg.de<\/p>\n<p>www.weltladen-offenburg.de<\/p>\n","protected":false},"excerpt":{"rendered":"<p>Bildungsangebote im Weltladen Regentropfen F\u00fchrung durch den Weltladen Unsere Produkte haben ein Gesicht und eine Geschichte! Wo w\u00e4chst die Schokolade? Bananen \u2013 reif f\u00fcr den fairen Handel Wer n\u00e4ht unsere Kleidung? Fu\u00dfb\u00e4lle:\u00a0 fair pay \u2013 fair play Fairer Handel schafft gutes Klima Weltladen-Rallye f\u00fcr Sch\u00fcler*innen Fairer Handel und Nachhaltigkeit _________________________________________________________________________ Sozialpraktikum, BOGY, Konfirmanden- und Firmlingspraktikum&hellip;<\/p>\n","protected":false},"author":287,"featured_media":2031,"parent":0,"menu_order":0,"comment_status":"closed","ping_status":"closed","template":"","meta":{"footnotes":""},"class_list":["post-854","page","type-page","status-publish","has-post-thumbnail","hentry","description-off"],"yoast_head":"<!-- This site is optimized with the Yoast SEO plugin v26.8 - https:\/\/yoast.com\/product\/yoast-seo-wordpress\/ -->\n<title>Bildung - Weltladen Offenburg<\/title>\n<meta name=\"robots\" content=\"index, follow, max-snippet:-1, max-image-preview:large, max-video-preview:-1\" \/>\n<link rel=\"canonical\" href=\"https:\/\/weltlaeden.de\/offenburg\/bildung\/\" \/>\n<meta property=\"og:locale\" content=\"de_DE\" \/>\n<meta property=\"og:type\" content=\"article\" \/>\n<meta property=\"og:title\" content=\"Bildung - Weltladen Offenburg\" \/>\n<meta property=\"og:description\" content=\"Bildungsangebote im Weltladen Regentropfen F\u00fchrung durch den Weltladen Unsere Produkte haben ein Gesicht und eine Geschichte! Wo w\u00e4chst die Schokolade? Bananen \u2013 reif f\u00fcr den fairen Handel Wer n\u00e4ht unsere Kleidung? Fu\u00dfb\u00e4lle:\u00a0 fair pay \u2013 fair play Fairer Handel schafft gutes Klima Weltladen-Rallye f\u00fcr Sch\u00fcler*innen Fairer Handel und Nachhaltigkeit _________________________________________________________________________ Sozialpraktikum, BOGY, Konfirmanden- und Firmlingspraktikum&hellip;\" \/>\n<meta property=\"og:url\" content=\"https:\/\/weltlaeden.de\/offenburg\/bildung\/\" \/>\n<meta property=\"og:site_name\" content=\"Weltladen Offenburg\" \/>\n<meta property=\"article:modified_time\" content=\"2025-07-23T07:57:21+00:00\" \/>\n<meta property=\"og:image\" content=\"https:\/\/weltlaeden.de\/offenburg\/wp-content\/uploads\/sites\/198\/2025\/03\/wordcloud-Bildung1.jpg\" \/>\n\t<meta property=\"og:image:width\" content=\"1024\" \/>\n\t<meta property=\"og:image:height\" content=\"1024\" \/>\n\t<meta property=\"og:image:type\" content=\"image\/jpeg\" \/>\n<meta name=\"twitter:card\" content=\"summary_large_image\" \/>\n<meta name=\"twitter:label1\" content=\"Gesch\u00e4tzte Lesezeit\" \/>\n\t<meta name=\"twitter:data1\" content=\"2\u00a0Minuten\" \/>\n<script type=\"application\/ld+json\" class=\"yoast-schema-graph\">{\"@context\":\"https:\/\/schema.org\",\"@graph\":[{\"@type\":\"WebPage\",\"@id\":\"https:\/\/weltlaeden.de\/offenburg\/bildung\/\",\"url\":\"https:\/\/weltlaeden.de\/offenburg\/bildung\/\",\"name\":\"Bildung - Weltladen Offenburg\",\"isPartOf\":{\"@id\":\"https:\/\/weltlaeden.de\/offenburg\/#website\"},\"primaryImageOfPage\":{\"@id\":\"https:\/\/weltlaeden.de\/offenburg\/bildung\/#primaryimage\"},\"image\":{\"@id\":\"https:\/\/weltlaeden.de\/offenburg\/bildung\/#primaryimage\"},\"thumbnailUrl\":\"https:\/\/weltlaeden.de\/offenburg\/wp-content\/uploads\/sites\/198\/2025\/03\/wordcloud-Bildung1.jpg\",\"datePublished\":\"2024-11-11T12:29:37+00:00\",\"dateModified\":\"2025-07-23T07:57:21+00:00\",\"breadcrumb\":{\"@id\":\"https:\/\/weltlaeden.de\/offenburg\/bildung\/#breadcrumb\"},\"inLanguage\":\"de\",\"potentialAction\":[{\"@type\":\"ReadAction\",\"target\":[\"https:\/\/weltlaeden.de\/offenburg\/bildung\/\"]}]},{\"@type\":\"ImageObject\",\"inLanguage\":\"de\",\"@id\":\"https:\/\/weltlaeden.de\/offenburg\/bildung\/#primaryimage\",\"url\":\"https:\/\/weltlaeden.de\/offenburg\/wp-content\/uploads\/sites\/198\/2025\/03\/wordcloud-Bildung1.jpg\",\"contentUrl\":\"https:\/\/weltlaeden.de\/offenburg\/wp-content\/uploads\/sites\/198\/2025\/03\/wordcloud-Bildung1.jpg\",\"width\":1024,\"height\":1024},{\"@type\":\"BreadcrumbList\",\"@id\":\"https:\/\/weltlaeden.de\/offenburg\/bildung\/#breadcrumb\",\"itemListElement\":[{\"@type\":\"ListItem\",\"position\":1,\"name\":\"Startseite\",\"item\":\"https:\/\/weltlaeden.de\/offenburg\/\"},{\"@type\":\"ListItem\",\"position\":2,\"name\":\"Bildung\"}]},{\"@type\":\"WebSite\",\"@id\":\"https:\/\/weltlaeden.de\/offenburg\/#website\",\"url\":\"https:\/\/weltlaeden.de\/offenburg\/\",\"name\":\"Weltladen Offenburg\",\"description\":\"Faire Produkte seit 1990\",\"potentialAction\":[{\"@type\":\"SearchAction\",\"target\":{\"@type\":\"EntryPoint\",\"urlTemplate\":\"https:\/\/weltlaeden.de\/offenburg\/?s={search_term_string}\"},\"query-input\":{\"@type\":\"PropertyValueSpecification\",\"valueRequired\":true,\"valueName\":\"search_term_string\"}}],\"inLanguage\":\"de\"}]}<\/script>\n<!-- \/ Yoast SEO plugin. -->","yoast_head_json":{"title":"Bildung - Weltladen Offenburg","robots":{"index":"index","follow":"follow","max-snippet":"max-snippet:-1","max-image-preview":"max-image-preview:large","max-video-preview":"max-video-preview:-1"},"canonical":"https:\/\/weltlaeden.de\/offenburg\/bildung\/","og_locale":"de_DE","og_type":"article","og_title":"Bildung - Weltladen Offenburg","og_description":"Bildungsangebote im Weltladen Regentropfen F\u00fchrung durch den Weltladen Unsere Produkte haben ein Gesicht und eine Geschichte! Wo w\u00e4chst die Schokolade? Bananen \u2013 reif f\u00fcr den fairen Handel Wer n\u00e4ht unsere Kleidung? Fu\u00dfb\u00e4lle:\u00a0 fair pay \u2013 fair play Fairer Handel schafft gutes Klima Weltladen-Rallye f\u00fcr Sch\u00fcler*innen Fairer Handel und Nachhaltigkeit _________________________________________________________________________ Sozialpraktikum, BOGY, Konfirmanden- und Firmlingspraktikum&hellip;","og_url":"https:\/\/weltlaeden.de\/offenburg\/bildung\/","og_site_name":"Weltladen Offenburg","article_modified_time":"2025-07-23T07:57:21+00:00","og_image":[{"width":1024,"height":1024,"url":"https:\/\/weltlaeden.de\/offenburg\/wp-content\/uploads\/sites\/198\/2025\/03\/wordcloud-Bildung1.jpg","type":"image\/jpeg"}],"twitter_card":"summary_large_image","twitter_misc":{"Gesch\u00e4tzte Lesezeit":"2\u00a0Minuten"},"schema":{"@context":"https:\/\/schema.org","@graph":[{"@type":"WebPage","@id":"https:\/\/weltlaeden.de\/offenburg\/bildung\/","url":"https:\/\/weltlaeden.de\/offenburg\/bildung\/","name":"Bildung - Weltladen Offenburg","isPartOf":{"@id":"https:\/\/weltlaeden.de\/offenburg\/#website"},"primaryImageOfPage":{"@id":"https:\/\/weltlaeden.de\/offenburg\/bildung\/#primaryimage"},"image":{"@id":"https:\/\/weltlaeden.de\/offenburg\/bildung\/#primaryimage"},"thumbnailUrl":"https:\/\/weltlaeden.de\/offenburg\/wp-content\/uploads\/sites\/198\/2025\/03\/wordcloud-Bildung1.jpg","datePublished":"2024-11-11T12:29:37+00:00","dateModified":"2025-07-23T07:57:21+00:00","breadcrumb":{"@id":"https:\/\/weltlaeden.de\/offenburg\/bildung\/#breadcrumb"},"inLanguage":"de","potentialAction":[{"@type":"ReadAction","target":["https:\/\/weltlaeden.de\/offenburg\/bildung\/"]}]},{"@type":"ImageObject","inLanguage":"de","@id":"https:\/\/weltlaeden.de\/offenburg\/bildung\/#primaryimage","url":"https:\/\/weltlaeden.de\/offenburg\/wp-content\/uploads\/sites\/198\/2025\/03\/wordcloud-Bildung1.jpg","contentUrl":"https:\/\/weltlaeden.de\/offenburg\/wp-content\/uploads\/sites\/198\/2025\/03\/wordcloud-Bildung1.jpg","width":1024,"height":1024},{"@type":"BreadcrumbList","@id":"https:\/\/weltlaeden.de\/offenburg\/bildung\/#breadcrumb","itemListElement":[{"@type":"ListItem","position":1,"name":"Startseite","item":"https:\/\/weltlaeden.de\/offenburg\/"},{"@type":"ListItem","position":2,"name":"Bildung"}]},{"@type":"WebSite","@id":"https:\/\/weltlaeden.de\/offenburg\/#website","url":"https:\/\/weltlaeden.de\/offenburg\/","name":"Weltladen Offenburg","description":"Faire Produkte seit 1990","potentialAction":[{"@type":"SearchAction","target":{"@type":"EntryPoint","urlTemplate":"https:\/\/weltlaeden.de\/offenburg\/?s={search_term_string}"},"query-input":{"@type":"PropertyValueSpecification","valueRequired":true,"valueName":"search_term_string"}}],"inLanguage":"de"}]}},"_links":{"self":[{"href":"https:\/\/weltlaeden.de\/offenburg\/wp-json\/wp\/v2\/pages\/854","targetHints":{"allow":["GET"]}}],"collection":[{"href":"https:\/\/weltlaeden.de\/offenburg\/wp-json\/wp\/v2\/pages"}],"about":[{"href":"https:\/\/weltlaeden.de\/offenburg\/wp-json\/wp\/v2\/types\/page"}],"author":[{"embeddable":true,"href":"https:\/\/weltlaeden.de\/offenburg\/wp-json\/wp\/v2\/users\/287"}],"replies":[{"embeddable":true,"href":"https:\/\/weltlaeden.de\/offenburg\/wp-json\/wp\/v2\/comments?post=854"}],"version-history":[{"count":28,"href":"https:\/\/weltlaeden.de\/offenburg\/wp-json\/wp\/v2\/pages\/854\/revisions"}],"predecessor-version":[{"id":2877,"href":"https:\/\/weltlaeden.de\/offenburg\/wp-json\/wp\/v2\/pages\/854\/revisions\/2877"}],"wp:featuredmedia":[{"embeddable":true,"href":"https:\/\/weltlaeden.de\/offenburg\/wp-json\/wp\/v2\/media\/2031"}],"wp:attachment":[{"href":"https:\/\/weltlaeden.de\/offenburg\/wp-json\/wp\/v2\/media?parent=854"}],"curies":[{"name":"wp","href":"https:\/\/api.w.org\/{rel}","templated":true}]}}