{"id":587,"date":"2022-10-19T11:53:23","date_gmt":"2022-10-19T09:53:23","guid":{"rendered":"https:\/\/weltlaeden.de\/offenburg\/?page_id=587"},"modified":"2025-01-14T16:27:53","modified_gmt":"2025-01-14T15:27:53","slug":"weltladen-gutschein","status":"publish","type":"page","link":"https:\/\/weltlaeden.de\/offenburg\/weltladen-gutschein\/","title":{"rendered":"Geschenk-Gutscheine"},"content":{"rendered":"<div class=\"wpb-content-wrapper\"><p>[vc_row][vc_column][\/vc_column][\/vc_row][vc_row][vc_column]<div class=\"wl_einzelbild\"><p><img loading=\"lazy\" decoding=\"async\" class=\"alignnone size-medium wp-image-1108\" src=\"https:\/\/weltlaeden.de\/offenburg\/wp-content\/uploads\/sites\/198\/2025\/01\/Gutschein-Weltladen-300x300.jpg\" alt=\"\" width=\"300\" height=\"300\" srcset=\"https:\/\/weltlaeden.de\/offenburg\/wp-content\/uploads\/sites\/198\/2025\/01\/Gutschein-Weltladen-300x300.jpg 300w, https:\/\/weltlaeden.de\/offenburg\/wp-content\/uploads\/sites\/198\/2025\/01\/Gutschein-Weltladen-1024x1022.jpg 1024w, https:\/\/weltlaeden.de\/offenburg\/wp-content\/uploads\/sites\/198\/2025\/01\/Gutschein-Weltladen-150x150.jpg 150w, https:\/\/weltlaeden.de\/offenburg\/wp-content\/uploads\/sites\/198\/2025\/01\/Gutschein-Weltladen-768x767.jpg 768w, https:\/\/weltlaeden.de\/offenburg\/wp-content\/uploads\/sites\/198\/2025\/01\/Gutschein-Weltladen.jpg 1080w\" sizes=\"auto, (max-width: 300px) 100vw, 300px\" \/><\/p><\/div>[vc_empty_space height=&#8220;20px&#8220;][vc_column_text]<\/p>\n<h1>Unser Geschenke-Tipp: Der Weltladen-Gutschein<\/h1>\n<p>Schenken macht gl\u00fccklich, vor allem, wenn es Menschen eine Freude bereitet, die uns wichtig sind. Noch gl\u00fccklicher macht es, wenn wir damit etwas bewegen k\u00f6nnen. Mit dem Weltladen-Gutschein fairw\u00f6hnen Sie Ihre Lieben und leisten gleichzeitig einen Beitrag f\u00fcr eine nachhaltige und gerechtere Welt.<\/p>\n<p>Schenken Sie ein pers\u00f6nliches und sinnvolles Geschenk, das eine sch\u00f6ne Auswahl an 100 % fair gehandelten Produkten beinhaltet, eine starke Botschaft vermittelt und gleichzeitig das Leben der Produzent*innen und ihrer Familien verbessert.[\/vc_column_text][vc_empty_space height=&#8220;20px&#8220;][\/vc_column][\/vc_row][vc_row][vc_column width=&#8220;1\/2&#8243;][vc_empty_space height=&#8220;10px&#8220;]<div class=\"wl_einzelbild\"><p><\/p><\/div>[\/vc_column][vc_column width=&#8220;1\/2&#8243;][vc_column_text css=&#8220;&#8220;][\/vc_column_text][\/vc_column][\/vc_row][vc_row][vc_column][vc_column_text]<\/p>\n<h2>F\u00fcr jede*n ist etwas dabei<\/h2>\n<p>Von k\u00f6stlichen Lebensmitteln wie Kaffee, Tee und Schokolade \u00fcber reizvolle Handwerksprodukte und tolle Accessoires &#8211; in unserem Weltladen finden Sie einzigartige und liebevolle Produkte, die mit Sicherheit eine Freude bereiten werden.[\/vc_column_text][\/vc_column][\/vc_row]<\/p>\n<\/div>","protected":false},"excerpt":{"rendered":"<p>[vc_row][vc_column][\/vc_column][\/vc_row][vc_row][vc_column][vc_empty_space height=&#8220;20px&#8220;][vc_column_text] Unser Geschenke-Tipp: Der Weltladen-Gutschein Schenken macht gl\u00fccklich, vor allem, wenn es Menschen eine Freude bereitet, die uns wichtig sind. Noch gl\u00fccklicher macht es, wenn wir damit etwas bewegen k\u00f6nnen. Mit dem Weltladen-Gutschein fairw\u00f6hnen Sie Ihre Lieben und leisten gleichzeitig einen Beitrag f\u00fcr eine nachhaltige und gerechtere Welt. Schenken Sie ein pers\u00f6nliches und sinnvolles&hellip;<\/p>\n","protected":false},"author":14,"featured_media":0,"parent":0,"menu_order":0,"comment_status":"closed","ping_status":"closed","template":"","meta":{"footnotes":""},"class_list":["post-587","page","type-page","status-publish","hentry","description-off"],"yoast_head":"<!-- This site is optimized with the Yoast SEO plugin v26.8 - https:\/\/yoast.com\/product\/yoast-seo-wordpress\/ -->\n<title>Geschenk-Gutscheine - Weltladen Offenburg<\/title>\n<meta name=\"robots\" content=\"index, follow, max-snippet:-1, max-image-preview:large, max-video-preview:-1\" \/>\n<link rel=\"canonical\" href=\"https:\/\/weltlaeden.de\/offenburg\/weltladen-gutschein\/\" \/>\n<meta property=\"og:locale\" content=\"de_DE\" \/>\n<meta property=\"og:type\" content=\"article\" \/>\n<meta property=\"og:title\" content=\"Geschenk-Gutscheine - Weltladen Offenburg\" \/>\n<meta property=\"og:description\" content=\"[vc_row][vc_column][\/vc_column][\/vc_row][vc_row][vc_column][vc_empty_space height=&#8220;20px&#8220;][vc_column_text] Unser Geschenke-Tipp: Der Weltladen-Gutschein Schenken macht gl\u00fccklich, vor allem, wenn es Menschen eine Freude bereitet, die uns wichtig sind. Noch gl\u00fccklicher macht es, wenn wir damit etwas bewegen k\u00f6nnen. Mit dem Weltladen-Gutschein fairw\u00f6hnen Sie Ihre Lieben und leisten gleichzeitig einen Beitrag f\u00fcr eine nachhaltige und gerechtere Welt. Schenken Sie ein pers\u00f6nliches und sinnvolles&hellip;\" \/>\n<meta property=\"og:url\" content=\"https:\/\/weltlaeden.de\/offenburg\/weltladen-gutschein\/\" \/>\n<meta property=\"og:site_name\" content=\"Weltladen Offenburg\" \/>\n<meta property=\"article:modified_time\" content=\"2025-01-14T15:27:53+00:00\" \/>\n<meta property=\"og:image\" content=\"https:\/\/weltlaeden.de\/offenburg\/wp-content\/uploads\/sites\/198\/2025\/01\/Gutschein-Weltladen.jpg\" \/>\n\t<meta property=\"og:image:width\" content=\"1080\" \/>\n\t<meta property=\"og:image:height\" content=\"1078\" \/>\n\t<meta property=\"og:image:type\" content=\"image\/jpeg\" \/>\n<meta name=\"twitter:card\" content=\"summary_large_image\" \/>\n<meta name=\"twitter:label1\" content=\"Gesch\u00e4tzte Lesezeit\" \/>\n\t<meta name=\"twitter:data1\" content=\"1\u00a0Minute\" \/>\n<script type=\"application\/ld+json\" class=\"yoast-schema-graph\">{\"@context\":\"https:\/\/schema.org\",\"@graph\":[{\"@type\":\"WebPage\",\"@id\":\"https:\/\/weltlaeden.de\/offenburg\/weltladen-gutschein\/\",\"url\":\"https:\/\/weltlaeden.de\/offenburg\/weltladen-gutschein\/\",\"name\":\"Geschenk-Gutscheine - Weltladen Offenburg\",\"isPartOf\":{\"@id\":\"https:\/\/weltlaeden.de\/offenburg\/#website\"},\"primaryImageOfPage\":{\"@id\":\"https:\/\/weltlaeden.de\/offenburg\/weltladen-gutschein\/#primaryimage\"},\"image\":{\"@id\":\"https:\/\/weltlaeden.de\/offenburg\/weltladen-gutschein\/#primaryimage\"},\"thumbnailUrl\":\"https:\/\/weltlaeden.de\/offenburg\/wp-content\/uploads\/sites\/198\/2025\/01\/Gutschein-Weltladen-300x300.jpg\",\"datePublished\":\"2022-10-19T09:53:23+00:00\",\"dateModified\":\"2025-01-14T15:27:53+00:00\",\"breadcrumb\":{\"@id\":\"https:\/\/weltlaeden.de\/offenburg\/weltladen-gutschein\/#breadcrumb\"},\"inLanguage\":\"de\",\"potentialAction\":[{\"@type\":\"ReadAction\",\"target\":[\"https:\/\/weltlaeden.de\/offenburg\/weltladen-gutschein\/\"]}]},{\"@type\":\"ImageObject\",\"inLanguage\":\"de\",\"@id\":\"https:\/\/weltlaeden.de\/offenburg\/weltladen-gutschein\/#primaryimage\",\"url\":\"https:\/\/weltlaeden.de\/offenburg\/wp-content\/uploads\/sites\/198\/2025\/01\/Gutschein-Weltladen.jpg\",\"contentUrl\":\"https:\/\/weltlaeden.de\/offenburg\/wp-content\/uploads\/sites\/198\/2025\/01\/Gutschein-Weltladen.jpg\",\"width\":1080,\"height\":1078,\"caption\":\"Unsere Gutscheine gibt es selbstverst\u00e4ndlich weiterhin!\"},{\"@type\":\"BreadcrumbList\",\"@id\":\"https:\/\/weltlaeden.de\/offenburg\/weltladen-gutschein\/#breadcrumb\",\"itemListElement\":[{\"@type\":\"ListItem\",\"position\":1,\"name\":\"Startseite\",\"item\":\"https:\/\/weltlaeden.de\/offenburg\/\"},{\"@type\":\"ListItem\",\"position\":2,\"name\":\"Geschenk-Gutscheine\"}]},{\"@type\":\"WebSite\",\"@id\":\"https:\/\/weltlaeden.de\/offenburg\/#website\",\"url\":\"https:\/\/weltlaeden.de\/offenburg\/\",\"name\":\"Weltladen Offenburg\",\"description\":\"Faire Produkte seit 1990\",\"potentialAction\":[{\"@type\":\"SearchAction\",\"target\":{\"@type\":\"EntryPoint\",\"urlTemplate\":\"https:\/\/weltlaeden.de\/offenburg\/?s={search_term_string}\"},\"query-input\":{\"@type\":\"PropertyValueSpecification\",\"valueRequired\":true,\"valueName\":\"search_term_string\"}}],\"inLanguage\":\"de\"}]}<\/script>\n<!-- \/ Yoast SEO plugin. -->","yoast_head_json":{"title":"Geschenk-Gutscheine - Weltladen Offenburg","robots":{"index":"index","follow":"follow","max-snippet":"max-snippet:-1","max-image-preview":"max-image-preview:large","max-video-preview":"max-video-preview:-1"},"canonical":"https:\/\/weltlaeden.de\/offenburg\/weltladen-gutschein\/","og_locale":"de_DE","og_type":"article","og_title":"Geschenk-Gutscheine - Weltladen Offenburg","og_description":"[vc_row][vc_column][\/vc_column][\/vc_row][vc_row][vc_column][vc_empty_space height=&#8220;20px&#8220;][vc_column_text] Unser Geschenke-Tipp: Der Weltladen-Gutschein Schenken macht gl\u00fccklich, vor allem, wenn es Menschen eine Freude bereitet, die uns wichtig sind. Noch gl\u00fccklicher macht es, wenn wir damit etwas bewegen k\u00f6nnen. Mit dem Weltladen-Gutschein fairw\u00f6hnen Sie Ihre Lieben und leisten gleichzeitig einen Beitrag f\u00fcr eine nachhaltige und gerechtere Welt. Schenken Sie ein pers\u00f6nliches und sinnvolles&hellip;","og_url":"https:\/\/weltlaeden.de\/offenburg\/weltladen-gutschein\/","og_site_name":"Weltladen Offenburg","article_modified_time":"2025-01-14T15:27:53+00:00","og_image":[{"width":1080,"height":1078,"url":"https:\/\/weltlaeden.de\/offenburg\/wp-content\/uploads\/sites\/198\/2025\/01\/Gutschein-Weltladen.jpg","type":"image\/jpeg"}],"twitter_card":"summary_large_image","twitter_misc":{"Gesch\u00e4tzte Lesezeit":"1\u00a0Minute"},"schema":{"@context":"https:\/\/schema.org","@graph":[{"@type":"WebPage","@id":"https:\/\/weltlaeden.de\/offenburg\/weltladen-gutschein\/","url":"https:\/\/weltlaeden.de\/offenburg\/weltladen-gutschein\/","name":"Geschenk-Gutscheine - Weltladen Offenburg","isPartOf":{"@id":"https:\/\/weltlaeden.de\/offenburg\/#website"},"primaryImageOfPage":{"@id":"https:\/\/weltlaeden.de\/offenburg\/weltladen-gutschein\/#primaryimage"},"image":{"@id":"https:\/\/weltlaeden.de\/offenburg\/weltladen-gutschein\/#primaryimage"},"thumbnailUrl":"https:\/\/weltlaeden.de\/offenburg\/wp-content\/uploads\/sites\/198\/2025\/01\/Gutschein-Weltladen-300x300.jpg","datePublished":"2022-10-19T09:53:23+00:00","dateModified":"2025-01-14T15:27:53+00:00","breadcrumb":{"@id":"https:\/\/weltlaeden.de\/offenburg\/weltladen-gutschein\/#breadcrumb"},"inLanguage":"de","potentialAction":[{"@type":"ReadAction","target":["https:\/\/weltlaeden.de\/offenburg\/weltladen-gutschein\/"]}]},{"@type":"ImageObject","inLanguage":"de","@id":"https:\/\/weltlaeden.de\/offenburg\/weltladen-gutschein\/#primaryimage","url":"https:\/\/weltlaeden.de\/offenburg\/wp-content\/uploads\/sites\/198\/2025\/01\/Gutschein-Weltladen.jpg","contentUrl":"https:\/\/weltlaeden.de\/offenburg\/wp-content\/uploads\/sites\/198\/2025\/01\/Gutschein-Weltladen.jpg","width":1080,"height":1078,"caption":"Unsere Gutscheine gibt es selbstverst\u00e4ndlich weiterhin!"},{"@type":"BreadcrumbList","@id":"https:\/\/weltlaeden.de\/offenburg\/weltladen-gutschein\/#breadcrumb","itemListElement":[{"@type":"ListItem","position":1,"name":"Startseite","item":"https:\/\/weltlaeden.de\/offenburg\/"},{"@type":"ListItem","position":2,"name":"Geschenk-Gutscheine"}]},{"@type":"WebSite","@id":"https:\/\/weltlaeden.de\/offenburg\/#website","url":"https:\/\/weltlaeden.de\/offenburg\/","name":"Weltladen Offenburg","description":"Faire Produkte seit 1990","potentialAction":[{"@type":"SearchAction","target":{"@type":"EntryPoint","urlTemplate":"https:\/\/weltlaeden.de\/offenburg\/?s={search_term_string}"},"query-input":{"@type":"PropertyValueSpecification","valueRequired":true,"valueName":"search_term_string"}}],"inLanguage":"de"}]}},"_links":{"self":[{"href":"https:\/\/weltlaeden.de\/offenburg\/wp-json\/wp\/v2\/pages\/587","targetHints":{"allow":["GET"]}}],"collection":[{"href":"https:\/\/weltlaeden.de\/offenburg\/wp-json\/wp\/v2\/pages"}],"about":[{"href":"https:\/\/weltlaeden.de\/offenburg\/wp-json\/wp\/v2\/types\/page"}],"author":[{"embeddable":true,"href":"https:\/\/weltlaeden.de\/offenburg\/wp-json\/wp\/v2\/users\/14"}],"replies":[{"embeddable":true,"href":"https:\/\/weltlaeden.de\/offenburg\/wp-json\/wp\/v2\/comments?post=587"}],"version-history":[{"count":4,"href":"https:\/\/weltlaeden.de\/offenburg\/wp-json\/wp\/v2\/pages\/587\/revisions"}],"predecessor-version":[{"id":1111,"href":"https:\/\/weltlaeden.de\/offenburg\/wp-json\/wp\/v2\/pages\/587\/revisions\/1111"}],"wp:attachment":[{"href":"https:\/\/weltlaeden.de\/offenburg\/wp-json\/wp\/v2\/media?parent=587"}],"curies":[{"name":"wp","href":"https:\/\/api.w.org\/{rel}","templated":true}]}}